{"id":14712,"date":"2019-12-14T15:14:35","date_gmt":"2019-12-14T14:14:35","guid":{"rendered":"https:\/\/isve.com\/sechoirs-bois-em\/sechoirs-modele-em-de-grande-capacite\/"},"modified":"2025-04-15T12:58:52","modified_gmt":"2025-04-15T10:58:52","slug":"sechoirs-modele-em-de-grande-capacite","status":"publish","type":"page","link":"https:\/\/isve.com\/fr\/equipements-traitement-bois\/sechoirs-bois-em\/sechoirs-modele-em-de-grande-capacite\/","title":{"rendered":"S\u00e9choirs modele EM de grande capacit\u00e8"},"content":{"rendered":"<h2><strong>Sechoirs sous vide EM de grande dimension pour menuiseries<br \/>\n<\/strong><\/h2>\n<p>Les\u00a0<strong>s\u00e9choirs \u00e0 vide discontinu<\/strong> de la s\u00e9rie EM avec une <strong>capacit\u00e9 de 6 \u00e0 50 m3<\/strong> sont indiqu\u00e9s pour des <strong>menuiseries de grandes dimensions<\/strong> ou pour des <strong>commer\u00e7ants en bois<\/strong> qui recherchent la qualit\u00e9 du s\u00e9chage unie \u00e0 une haute productivit\u00e9.<\/p>\n<p>L\u2019installation est dot\u00e9e d&#8217;un <strong>ordinateur<\/strong> capable de faciliter la <strong>programmation du processus<\/strong> sans aucune difficult\u00e9 d&#8217;apprentissage de la technologie.\u00a0La variation de chaque param\u00e8tre peut \u00eatre visualis\u00e9e en connectant l&#8217;ordinateur du s\u00e9choir avec un simple micro-ordinateur avec syst\u00e8me d\u2019exploitation Windows. Avec ce syst\u00e8me, en plus d&#8217;avoir le contr\u00f4le \u00e0 distance du cycle, on pourra <strong>archiver<\/strong> toutes les phases du processus.<\/p>\n<p>Ces installations enferment toute la <strong>technologie<\/strong> et l&#8217;<strong>exp\u00e9rience<\/strong> d\u00e9velopp\u00e9e pendant 40 ans de projets et de production d&#8217;installations pour le traitement du bois.<\/p>\n<p>L&#8217;installation, qui fonctionne \u00e0 basse temp\u00e9rature, permet l&#8217;\u00e9vaporation de l&#8217;eau contenue dans le bois \u00e0 traiter sans le soumettre \u00e0 des sauts thermiques qui peuvent causer des <strong>fissures<\/strong> et des <strong>d\u00e9formations<\/strong>.<br \/>\nGr\u00e2ce \u00e0 un g\u00e9n\u00e9rateur de vapeur et \u00e0 l&#8217;eau \u00e9vapor\u00e9e du bois en s\u00e9chage, les surfaces du mat\u00e9riel sont maintenues <strong>humidifi\u00e9es<\/strong>, ce qui \u00e9vite la formation de petites fentes qui a lieu avec d&#8217;autres syst\u00e8mes de s\u00e9chage.<br \/>\nLe gradient d&#8217;<strong>humidit\u00e9<\/strong> n\u00e9cessaire entre le milieu et le mat\u00e9riel est <strong>constamment<\/strong> contr\u00f4l\u00e9 au moyen d&#8217;un condensateur qui fait pr\u00e9cipiter la vapeur en suspension.<\/p>\n<p>Le conditionnement de la chambre de s\u00e9chage est obtenu gr\u00e2ce \u00e0 des ventilateurs \u00e0 flux altern\u00e9 et \u00e0 des d\u00e9flecteurs qui, \u00e0 travers une batterie de tuyaux \u00e0 ailettes chauff\u00e9s avec de l&#8217;eau chaude, \u00e9l\u00e8vent la temp\u00e9rature de l&#8217;air que l&#8217;on fait circuler dans la pile.<br \/>\nCe conditionnement ambiant, suivi du <strong>cycle de vide<\/strong>, met en marche le processus de transmigration de l&#8217;eau \u00e0 travers les parois cellulaires du bois, \u00e0 partir de ses parties internes vers les surfaces dans lesquelles l&#8217;eau est continuellement \u00e9vapor\u00e9e jusqu&#8217;\u00e0 atteindre les conditions de s\u00e9chage souhait\u00e9es.\u00a0L&#8217;<strong>eau de condensation<\/strong> qui se d\u00e9pose sur le fond de l&#8217;autoclave est p\u00e9riodiquement expuls\u00e9e pour maintenir constantes les conditions ambiantes.<\/p>\n<p>&nbsp;<\/p>\n<h2><strong>Les avantages des syst\u00e8mes EM de grande capacit\u00e9<\/strong><\/h2>\n<ul>\n<li><strong>RAPIDITE DE SECHAGE<\/strong>\u00a0gr\u00e2ce \u00e0: proc\u00e9dure dans l&#8217;absence d&#8217;air et \u00e0 basses temp\u00e9ratures qui permet des r\u00e9ductions des temps jamais atteintes avec aucune autre installation.<\/li>\n<li><strong>RESULTATS PARFAITS<\/strong>\u00a0gr\u00e2ce \u00e0: absence des sensibles d\u00e9formations et des fissures; absence d&#8217;alt\u00e9rations de la couleur; absences des tensions internes; r\u00e9sistance inalt\u00e9r\u00e9e du mat\u00e9riel s\u00e9ch\u00e9.<\/li>\n<li><strong>POSSIBILITE DE SECHER<\/strong>: du mat\u00e9riel avec des \u00e9paisseurs \u00e9lev\u00e9es et avec l&#8217;humidit\u00e9 maximale; planches de tous les types et essences; produits semi-ouvr\u00e9s.<\/li>\n<li><strong>FAIBLES COUTS D&#8217;EXERCICE<\/strong>\u00a0gr\u00e2ce \u00e0: des pertes thermiques minimales; une utilisation rationnelle de l&#8217;\u00e9nergie thermique et \u00e9lectrique; aucun besoin d&#8217;interventions manuelles.<\/li>\n<li><strong>FAIBLES COUTS D&#8217;ENTRETIEN<\/strong> gr\u00e2ce \u00e0: une construction simple et rationnelle; des simples dispositifs d&#8217;automation; des mat\u00e9riaux anticorrosion.<\/li>\n<\/ul>\n<p>&nbsp;<\/p>\n<h2>S\u00e9choirs EM de grande capacit\u00e8: caract\u00e9ristiques principales<\/h2>\n<ul>\n<li>Autoclave:<br \/>\n&#8211; en acier peint avec des produits \u00e9poxydiques pour le traitement des essences ligneuses sans tanin;<br \/>\n&#8211; en acier inox AISI 304 pour le s\u00e9chage des bois qui contiennent des agents corrosifs (ch\u00eane, ch\u00e2taignier, etc.);<br \/>\n&#8211; rev\u00eatement isolant en mat\u00e9riel isolant rev\u00eatu de t\u00f4les pr\u00e9-peintes.<\/li>\n<li>Tableau \u00e9lectrique de commande avec microprocesseur pour la gestion en automatique du s\u00e9chage et de son arr\u00eat.<\/li>\n<li>Sondes de contr\u00f4le de l&#8217;humidit\u00e9 du bois en s\u00e9chage.<\/li>\n<li>Sondes de contr\u00f4le de la temp\u00e9rature du bois en s\u00e9chage.<\/li>\n<li>Chariot \u00e0 extraction motoris\u00e9e.<\/li>\n<li>Guide externe pour l&#8217;extraction du chariot.<\/li>\n<li>Circuit de condensation de l&#8217;eau \u00e9vapor\u00e9e du bois, compos\u00e9 de tuyaux \u00e0 ailettes en acier inox.<\/li>\n<li>Batterie de chauffage r\u00e9alis\u00e9e avec des tuyaux \u00e0 ailettes en acier inox.<\/li>\n<li>Pompe \u00e0 vide hydraulique avec syst\u00e8me de condensation.<\/li>\n<li>Pompe de circulation d&#8217;eau chaude.<\/li>\n<li>Syst\u00e8me d&#8217;humidification.<\/li>\n<li>Ventilateurs \u00e0 flux altern\u00e9 pour le conditionnement de la chambre de s\u00e9chage.<\/li>\n<li>Agitateurs command\u00e9s par un motor\u00e9ducteur pour la g\u00e9n\u00e9ration de turbulences d&#8217;air \u00e0 l&#8217;int\u00e9rieur de l&#8217;autoclave.<\/li>\n<\/ul>\n<p><strong>Pour la mise en fonction de l&#8217;installation il suffit de la connecter \u00e0:<\/strong><\/p>\n<ol>\n<li>Une prise de force \u00e9lectromotrice;<\/li>\n<li>Une prise d&#8217;eau froide;<\/li>\n<li>Un puits de d\u00e9charge pour \u00e9vacuer l&#8217;eau condens\u00e9e du bois.<\/li>\n<\/ol>\n","protected":false},"excerpt":{"rendered":"<p>Sechoirs sous vide EM de grande dimension pour menuiseries Les\u00a0s\u00e9choirs \u00e0 vide discontinu de la s\u00e9rie EM avec une capacit\u00e9 de 6 \u00e0 50 m3 sont indiqu\u00e9s pour des menuiseries de grandes dimensions ou pour des commer\u00e7ants en bois qui recherchent la qualit\u00e9 du s\u00e9chage unie \u00e0 une haute productivit\u00e9. L\u2019installation est dot\u00e9e d&#8217;un ordinateur&hellip;<\/p>\n","protected":false},"author":1,"featured_media":14464,"parent":14709,"menu_order":189,"comment_status":"closed","ping_status":"closed","template":"","meta":{"_acf_changed":false,"footnotes":""},"tags":[],"impaginazione":[3692],"divisione":[3690],"categorie_modelli":[3722],"class_list":["post-14712","page","type-page","status-publish","has-post-thumbnail","hentry","impaginazione-modello-prodotto","divisione-isve-wood","categorie_modelli-essiccatoi-legno-em","description-off"],"acf":[],"yoast_head":"<!-- This site is optimized with the Yoast SEO plugin v27.4 - https:\/\/yoast.com\/product\/yoast-seo-wordpress\/ -->\n<title>S\u00e9choirs modele EM de grande capacit\u00e8 - ISVE SpA - Traitement du bois - Recyclage - Broyeurs Granulateurs<\/title>\n<meta name=\"robots\" content=\"index, follow, max-snippet:-1, max-image-preview:large, max-video-preview:-1\" \/>\n<link rel=\"canonical\" href=\"https:\/\/isve.com\/fr\/equipements-traitement-bois\/sechoirs-bois-em\/sechoirs-modele-em-de-grande-capacite\/\" \/>\n<meta property=\"og:locale\" content=\"fr_FR\" \/>\n<meta property=\"og:type\" content=\"article\" \/>\n<meta property=\"og:title\" content=\"S\u00e9choirs modele EM de grande capacit\u00e8 - ISVE SpA - Traitement du bois - Recyclage - Broyeurs Granulateurs\" \/>\n<meta property=\"og:description\" content=\"Sechoirs sous vide EM de grande dimension pour menuiseries Les\u00a0s\u00e9choirs \u00e0 vide discontinu de la s\u00e9rie EM avec une capacit\u00e9 de 6 \u00e0 50 m3 sont indiqu\u00e9s pour des menuiseries de grandes dimensions ou pour des commer\u00e7ants en bois qui recherchent la qualit\u00e9 du s\u00e9chage unie \u00e0 une haute productivit\u00e9. L\u2019installation est dot\u00e9e d&#8217;un ordinateur&hellip;\" \/>\n<meta property=\"og:url\" content=\"https:\/\/isve.com\/fr\/equipements-traitement-bois\/sechoirs-bois-em\/sechoirs-modele-em-de-grande-capacite\/\" \/>\n<meta property=\"og:site_name\" content=\"ISVE SpA - Traitement du bois - Recyclage - Broyeurs Granulateurs\" \/>\n<meta property=\"article:modified_time\" content=\"2025-04-15T10:58:52+00:00\" \/>\n<meta property=\"og:image\" content=\"https:\/\/isve.com\/wp-content\/uploads\/em_t\/be\/em_tabella-misure_1.jpg\" \/>\n\t<meta property=\"og:image:width\" content=\"1920\" \/>\n\t<meta property=\"og:image:height\" content=\"361\" \/>\n\t<meta property=\"og:image:type\" content=\"image\/jpeg\" \/>\n<meta name=\"twitter:card\" content=\"summary_large_image\" \/>\n<meta name=\"twitter:label1\" content=\"Dur\u00e9e de lecture estim\u00e9e\" \/>\n\t<meta name=\"twitter:data1\" content=\"4 minutes\" \/>\n<script type=\"application\/ld+json\" class=\"yoast-schema-graph\">{\"@context\":\"https:\\\/\\\/schema.org\",\"@graph\":[{\"@type\":\"WebPage\",\"@id\":\"https:\\\/\\\/isve.com\\\/fr\\\/equipements-traitement-bois\\\/sechoirs-bois-em\\\/sechoirs-modele-em-de-grande-capacite\\\/\",\"url\":\"https:\\\/\\\/isve.com\\\/fr\\\/equipements-traitement-bois\\\/sechoirs-bois-em\\\/sechoirs-modele-em-de-grande-capacite\\\/\",\"name\":\"S\u00e9choirs modele EM de grande capacit\u00e8 - ISVE SpA - Traitement du bois - Recyclage - Broyeurs Granulateurs\",\"isPartOf\":{\"@id\":\"https:\\\/\\\/isve.com\\\/fr\\\/#website\"},\"primaryImageOfPage\":{\"@id\":\"https:\\\/\\\/isve.com\\\/fr\\\/equipements-traitement-bois\\\/sechoirs-bois-em\\\/sechoirs-modele-em-de-grande-capacite\\\/#primaryimage\"},\"image\":{\"@id\":\"https:\\\/\\\/isve.com\\\/fr\\\/equipements-traitement-bois\\\/sechoirs-bois-em\\\/sechoirs-modele-em-de-grande-capacite\\\/#primaryimage\"},\"thumbnailUrl\":\"https:\\\/\\\/isve.com\\\/wp-content\\\/uploads\\\/em_t\\\/be\\\/em_tabella-misure_1.jpg\",\"datePublished\":\"2019-12-14T14:14:35+00:00\",\"dateModified\":\"2025-04-15T10:58:52+00:00\",\"breadcrumb\":{\"@id\":\"https:\\\/\\\/isve.com\\\/fr\\\/equipements-traitement-bois\\\/sechoirs-bois-em\\\/sechoirs-modele-em-de-grande-capacite\\\/#breadcrumb\"},\"inLanguage\":\"fr-FR\",\"potentialAction\":[{\"@type\":\"ReadAction\",\"target\":[\"https:\\\/\\\/isve.com\\\/fr\\\/equipements-traitement-bois\\\/sechoirs-bois-em\\\/sechoirs-modele-em-de-grande-capacite\\\/\"]}]},{\"@type\":\"ImageObject\",\"inLanguage\":\"fr-FR\",\"@id\":\"https:\\\/\\\/isve.com\\\/fr\\\/equipements-traitement-bois\\\/sechoirs-bois-em\\\/sechoirs-modele-em-de-grande-capacite\\\/#primaryimage\",\"url\":\"https:\\\/\\\/isve.com\\\/wp-content\\\/uploads\\\/em_t\\\/be\\\/em_tabella-misure_1.jpg\",\"contentUrl\":\"https:\\\/\\\/isve.com\\\/wp-content\\\/uploads\\\/em_t\\\/be\\\/em_tabella-misure_1.jpg\",\"width\":1920,\"height\":361},{\"@type\":\"BreadcrumbList\",\"@id\":\"https:\\\/\\\/isve.com\\\/fr\\\/equipements-traitement-bois\\\/sechoirs-bois-em\\\/sechoirs-modele-em-de-grande-capacite\\\/#breadcrumb\",\"itemListElement\":[{\"@type\":\"ListItem\",\"position\":1,\"name\":\"Home\",\"item\":\"https:\\\/\\\/isve.com\\\/fr\\\/\"},{\"@type\":\"ListItem\",\"position\":2,\"name\":\"Produits Wood\",\"item\":\"https:\\\/\\\/isve.com\\\/fr\\\/equipements-traitement-bois\\\/\"},{\"@type\":\"ListItem\",\"position\":3,\"name\":\"Mod\u00e8les \u2013 S\u00e9choirs du bois EM\",\"item\":\"https:\\\/\\\/isve.com\\\/fr\\\/equipements-traitement-bois\\\/sechoirs-bois-em\\\/\"},{\"@type\":\"ListItem\",\"position\":4,\"name\":\"S\u00e9choirs modele EM de grande capacit\u00e8\"}]},{\"@type\":\"WebSite\",\"@id\":\"https:\\\/\\\/isve.com\\\/fr\\\/#website\",\"url\":\"https:\\\/\\\/isve.com\\\/fr\\\/\",\"name\":\"ISVE S.p.A.\",\"description\":\"Syst\u00e8mes de traitement du bois et pour dechiquetage broyage granulation\",\"publisher\":{\"@id\":\"https:\\\/\\\/isve.com\\\/fr\\\/#organization\"},\"potentialAction\":[{\"@type\":\"SearchAction\",\"target\":{\"@type\":\"EntryPoint\",\"urlTemplate\":\"https:\\\/\\\/isve.com\\\/fr\\\/?s={search_term_string}\"},\"query-input\":{\"@type\":\"PropertyValueSpecification\",\"valueRequired\":true,\"valueName\":\"search_term_string\"}}],\"inLanguage\":\"fr-FR\"},{\"@type\":\"Organization\",\"@id\":\"https:\\\/\\\/isve.com\\\/fr\\\/#organization\",\"name\":\"ISVE S.p.A.\",\"url\":\"https:\\\/\\\/isve.com\\\/fr\\\/\",\"logo\":{\"@type\":\"ImageObject\",\"inLanguage\":\"fr-FR\",\"@id\":\"https:\\\/\\\/isve.com\\\/fr\\\/#\\\/schema\\\/logo\\\/image\\\/\",\"url\":\"https:\\\/\\\/isve.com\\\/wp-content\\\/uploads\\\/2026\\\/01\\\/logo-isve-spa.png\",\"contentUrl\":\"https:\\\/\\\/isve.com\\\/wp-content\\\/uploads\\\/2026\\\/01\\\/logo-isve-spa.png\",\"width\":600,\"height\":173,\"caption\":\"ISVE S.p.A.\"},\"image\":{\"@id\":\"https:\\\/\\\/isve.com\\\/fr\\\/#\\\/schema\\\/logo\\\/image\\\/\"},\"sameAs\":[\"https:\\\/\\\/www.linkedin.com\\\/company\\\/69445471\",\"https:\\\/\\\/www.youtube.com\\\/@isves.p.a.8894\"]}]}<\/script>\n<!-- \/ Yoast SEO plugin. -->","yoast_head_json":{"title":"S\u00e9choirs modele EM de grande capacit\u00e8 - ISVE SpA - Traitement du bois - Recyclage - Broyeurs Granulateurs","robots":{"index":"index","follow":"follow","max-snippet":"max-snippet:-1","max-image-preview":"max-image-preview:large","max-video-preview":"max-video-preview:-1"},"canonical":"https:\/\/isve.com\/fr\/equipements-traitement-bois\/sechoirs-bois-em\/sechoirs-modele-em-de-grande-capacite\/","og_locale":"fr_FR","og_type":"article","og_title":"S\u00e9choirs modele EM de grande capacit\u00e8 - ISVE SpA - Traitement du bois - Recyclage - Broyeurs Granulateurs","og_description":"Sechoirs sous vide EM de grande dimension pour menuiseries Les\u00a0s\u00e9choirs \u00e0 vide discontinu de la s\u00e9rie EM avec une capacit\u00e9 de 6 \u00e0 50 m3 sont indiqu\u00e9s pour des menuiseries de grandes dimensions ou pour des commer\u00e7ants en bois qui recherchent la qualit\u00e9 du s\u00e9chage unie \u00e0 une haute productivit\u00e9. L\u2019installation est dot\u00e9e d&#8217;un ordinateur&hellip;","og_url":"https:\/\/isve.com\/fr\/equipements-traitement-bois\/sechoirs-bois-em\/sechoirs-modele-em-de-grande-capacite\/","og_site_name":"ISVE SpA - Traitement du bois - Recyclage - Broyeurs Granulateurs","article_modified_time":"2025-04-15T10:58:52+00:00","og_image":[{"width":1920,"height":361,"url":"https:\/\/isve.com\/wp-content\/uploads\/em_t\/be\/em_tabella-misure_1.jpg","type":"image\/jpeg"}],"twitter_card":"summary_large_image","twitter_misc":{"Dur\u00e9e de lecture estim\u00e9e":"4 minutes"},"schema":{"@context":"https:\/\/schema.org","@graph":[{"@type":"WebPage","@id":"https:\/\/isve.com\/fr\/equipements-traitement-bois\/sechoirs-bois-em\/sechoirs-modele-em-de-grande-capacite\/","url":"https:\/\/isve.com\/fr\/equipements-traitement-bois\/sechoirs-bois-em\/sechoirs-modele-em-de-grande-capacite\/","name":"S\u00e9choirs modele EM de grande capacit\u00e8 - ISVE SpA - Traitement du bois - Recyclage - Broyeurs Granulateurs","isPartOf":{"@id":"https:\/\/isve.com\/fr\/#website"},"primaryImageOfPage":{"@id":"https:\/\/isve.com\/fr\/equipements-traitement-bois\/sechoirs-bois-em\/sechoirs-modele-em-de-grande-capacite\/#primaryimage"},"image":{"@id":"https:\/\/isve.com\/fr\/equipements-traitement-bois\/sechoirs-bois-em\/sechoirs-modele-em-de-grande-capacite\/#primaryimage"},"thumbnailUrl":"https:\/\/isve.com\/wp-content\/uploads\/em_t\/be\/em_tabella-misure_1.jpg","datePublished":"2019-12-14T14:14:35+00:00","dateModified":"2025-04-15T10:58:52+00:00","breadcrumb":{"@id":"https:\/\/isve.com\/fr\/equipements-traitement-bois\/sechoirs-bois-em\/sechoirs-modele-em-de-grande-capacite\/#breadcrumb"},"inLanguage":"fr-FR","potentialAction":[{"@type":"ReadAction","target":["https:\/\/isve.com\/fr\/equipements-traitement-bois\/sechoirs-bois-em\/sechoirs-modele-em-de-grande-capacite\/"]}]},{"@type":"ImageObject","inLanguage":"fr-FR","@id":"https:\/\/isve.com\/fr\/equipements-traitement-bois\/sechoirs-bois-em\/sechoirs-modele-em-de-grande-capacite\/#primaryimage","url":"https:\/\/isve.com\/wp-content\/uploads\/em_t\/be\/em_tabella-misure_1.jpg","contentUrl":"https:\/\/isve.com\/wp-content\/uploads\/em_t\/be\/em_tabella-misure_1.jpg","width":1920,"height":361},{"@type":"BreadcrumbList","@id":"https:\/\/isve.com\/fr\/equipements-traitement-bois\/sechoirs-bois-em\/sechoirs-modele-em-de-grande-capacite\/#breadcrumb","itemListElement":[{"@type":"ListItem","position":1,"name":"Home","item":"https:\/\/isve.com\/fr\/"},{"@type":"ListItem","position":2,"name":"Produits Wood","item":"https:\/\/isve.com\/fr\/equipements-traitement-bois\/"},{"@type":"ListItem","position":3,"name":"Mod\u00e8les \u2013 S\u00e9choirs du bois EM","item":"https:\/\/isve.com\/fr\/equipements-traitement-bois\/sechoirs-bois-em\/"},{"@type":"ListItem","position":4,"name":"S\u00e9choirs modele EM de grande capacit\u00e8"}]},{"@type":"WebSite","@id":"https:\/\/isve.com\/fr\/#website","url":"https:\/\/isve.com\/fr\/","name":"ISVE S.p.A.","description":"Syst\u00e8mes de traitement du bois et pour dechiquetage broyage granulation","publisher":{"@id":"https:\/\/isve.com\/fr\/#organization"},"potentialAction":[{"@type":"SearchAction","target":{"@type":"EntryPoint","urlTemplate":"https:\/\/isve.com\/fr\/?s={search_term_string}"},"query-input":{"@type":"PropertyValueSpecification","valueRequired":true,"valueName":"search_term_string"}}],"inLanguage":"fr-FR"},{"@type":"Organization","@id":"https:\/\/isve.com\/fr\/#organization","name":"ISVE S.p.A.","url":"https:\/\/isve.com\/fr\/","logo":{"@type":"ImageObject","inLanguage":"fr-FR","@id":"https:\/\/isve.com\/fr\/#\/schema\/logo\/image\/","url":"https:\/\/isve.com\/wp-content\/uploads\/2026\/01\/logo-isve-spa.png","contentUrl":"https:\/\/isve.com\/wp-content\/uploads\/2026\/01\/logo-isve-spa.png","width":600,"height":173,"caption":"ISVE S.p.A."},"image":{"@id":"https:\/\/isve.com\/fr\/#\/schema\/logo\/image\/"},"sameAs":["https:\/\/www.linkedin.com\/company\/69445471","https:\/\/www.youtube.com\/@isves.p.a.8894"]}]}},"_links":{"self":[{"href":"https:\/\/isve.com\/fr\/wp-json\/wp\/v2\/pages\/14712","targetHints":{"allow":["GET"]}}],"collection":[{"href":"https:\/\/isve.com\/fr\/wp-json\/wp\/v2\/pages"}],"about":[{"href":"https:\/\/isve.com\/fr\/wp-json\/wp\/v2\/types\/page"}],"author":[{"embeddable":true,"href":"https:\/\/isve.com\/fr\/wp-json\/wp\/v2\/users\/1"}],"replies":[{"embeddable":true,"href":"https:\/\/isve.com\/fr\/wp-json\/wp\/v2\/comments?post=14712"}],"version-history":[{"count":0,"href":"https:\/\/isve.com\/fr\/wp-json\/wp\/v2\/pages\/14712\/revisions"}],"up":[{"embeddable":true,"href":"https:\/\/isve.com\/fr\/wp-json\/wp\/v2\/pages\/14709"}],"wp:featuredmedia":[{"embeddable":true,"href":"https:\/\/isve.com\/fr\/wp-json\/wp\/v2\/media\/14464"}],"wp:attachment":[{"href":"https:\/\/isve.com\/fr\/wp-json\/wp\/v2\/media?parent=14712"}],"wp:term":[{"taxonomy":"post_tag","embeddable":true,"href":"https:\/\/isve.com\/fr\/wp-json\/wp\/v2\/tags?post=14712"},{"taxonomy":"impaginazione","embeddable":true,"href":"https:\/\/isve.com\/fr\/wp-json\/wp\/v2\/impaginazione?post=14712"},{"taxonomy":"divisione","embeddable":true,"href":"https:\/\/isve.com\/fr\/wp-json\/wp\/v2\/divisione?post=14712"},{"taxonomy":"categorie_modelli","embeddable":true,"href":"https:\/\/isve.com\/fr\/wp-json\/wp\/v2\/categorie_modelli?post=14712"}],"curies":[{"name":"wp","href":"https:\/\/api.w.org\/{rel}","templated":true}]}}