{"id":14709,"date":"2019-12-14T11:22:53","date_gmt":"2019-12-14T10:22:53","guid":{"rendered":"https:\/\/isve.com\/sechoirs-bois-em\/"},"modified":"2025-04-15T19:08:29","modified_gmt":"2025-04-15T17:08:29","slug":"sechoirs-bois-em","status":"publish","type":"page","link":"https:\/\/isve.com\/fr\/equipements-traitement-bois\/sechoirs-bois-em\/","title":{"rendered":"Mod\u00e8les \u2013 S\u00e9choirs du bois EM"},"content":{"rendered":"\t\t<div data-elementor-type=\"wp-page\" data-elementor-id=\"14709\" class=\"elementor elementor-14709 elementor-14451\" data-elementor-post-type=\"page\">\n\t\t\t\t\t\t<section class=\"elementor-section elementor-top-section elementor-element elementor-element-27fc986 elementor-section-boxed elementor-section-height-default elementor-section-height-default\" data-id=\"27fc986\" data-element_type=\"section\" data-e-type=\"section\">\n\t\t\t\t\t\t<div class=\"elementor-container elementor-column-gap-default\">\n\t\t\t\t\t<div class=\"elementor-column elementor-col-100 elementor-top-column elementor-element elementor-element-28703ac\" data-id=\"28703ac\" data-element_type=\"column\" data-e-type=\"column\">\n\t\t\t<div class=\"elementor-widget-wrap elementor-element-populated\">\n\t\t\t\t\t\t<div class=\"elementor-element elementor-element-d681ea8 elementor-widget elementor-widget-text-editor\" data-id=\"d681ea8\" data-element_type=\"widget\" data-e-type=\"widget\" data-widget_type=\"text-editor.default\">\n\t\t\t\t<div class=\"elementor-widget-container\">\n\t\t\t\t\t\t\t\t\t<p><strong>S\u00c9CHEURS S\u00c9RIE EM \u00e0 vide discontinu<\/strong>, o\u00f9 un syst\u00e8me sophistiqu\u00e9 de distribution de l\u2019air chaud alternant avec des phases de vide, permet de s\u00e9cher de mani\u00e8re appropri\u00e9e les planches de bois opportun\u00e9ment latt\u00e9 avec des temps de fonctionnement divis\u00e9s par deux par rapport aux syst\u00e8mes \u00e0 air conventionnels.<\/p><p>Les <strong>s\u00e9choirs pour bois ISVE s\u00e9rie EM<\/strong> sont particuli\u00e9rement indiqu\u00e9s pour le s\u00e9chage de tables de bois dans les plus disparates essences. Ces installations de s\u00e9chage sont dites \u201c<strong>a vide continu\/discontinu<\/strong>\u201d parce que la phase du vide peut etre interrompue par des cycles d\u2019air chaud et humide qui permettent un rapide r\u00e9chauffement et s\u00e9chage du bois.<\/p><p>La simplicit\u00e9 de construction, le peu d\u2019organes en mouvement, l\u2019abondant emploi de mat\u00e9riaux inoxydables et l\u2019automaticit\u00e9 du processus rendent, en outre, possible l\u2019emploi de ces s\u00e9choirs avec des <strong>bas couts d\u2019exercise<\/strong> et des <strong>standards qualitatifs \u00e9lev\u00e9s<\/strong>.<\/p>\t\t\t\t\t\t\t\t<\/div>\n\t\t\t\t<\/div>\n\t\t\t\t<div class=\"elementor-element elementor-element-e43bddb elementor-widget elementor-widget-spacer\" data-id=\"e43bddb\" data-element_type=\"widget\" data-e-type=\"widget\" data-widget_type=\"spacer.default\">\n\t\t\t\t<div class=\"elementor-widget-container\">\n\t\t\t\t\t\t\t<div class=\"elementor-spacer\">\n\t\t\t<div class=\"elementor-spacer-inner\"><\/div>\n\t\t<\/div>\n\t\t\t\t\t\t<\/div>\n\t\t\t\t<\/div>\n\t\t\t\t<div class=\"elementor-element elementor-element-636c4ae elementor-widget elementor-widget-heading\" data-id=\"636c4ae\" data-element_type=\"widget\" data-e-type=\"widget\" data-widget_type=\"heading.default\">\n\t\t\t\t<div class=\"elementor-widget-container\">\n\t\t\t\t\t<h2 class=\"elementor-heading-title elementor-size-default\">Mod\u00e8les EM de s\u00e9choirs \u00e0 vide discontinu pour produits semi-finis en bois<\/h2>\t\t\t\t<\/div>\n\t\t\t\t<\/div>\n\t\t\t\t<div class=\"elementor-element elementor-element-6039fea elementor-widget elementor-widget-spacer\" data-id=\"6039fea\" data-element_type=\"widget\" data-e-type=\"widget\" data-widget_type=\"spacer.default\">\n\t\t\t\t<div class=\"elementor-widget-container\">\n\t\t\t\t\t\t\t<div class=\"elementor-spacer\">\n\t\t\t<div class=\"elementor-spacer-inner\"><\/div>\n\t\t<\/div>\n\t\t\t\t\t\t<\/div>\n\t\t\t\t<\/div>\n\t\t\t\t<div class=\"elementor-element elementor-element-896f115 elementor-grid-1 elementor-grid-tablet-1 elementor-posts--thumbnail-left elementor-grid-mobile-1 elementor-widget elementor-widget-posts\" data-id=\"896f115\" data-element_type=\"widget\" data-e-type=\"widget\" data-settings=\"{&quot;classic_columns&quot;:&quot;1&quot;,&quot;classic_columns_tablet&quot;:&quot;1&quot;,&quot;classic_columns_mobile&quot;:&quot;1&quot;,&quot;classic_row_gap&quot;:{&quot;unit&quot;:&quot;px&quot;,&quot;size&quot;:35,&quot;sizes&quot;:[]},&quot;classic_row_gap_tablet&quot;:{&quot;unit&quot;:&quot;px&quot;,&quot;size&quot;:&quot;&quot;,&quot;sizes&quot;:[]},&quot;classic_row_gap_mobile&quot;:{&quot;unit&quot;:&quot;px&quot;,&quot;size&quot;:&quot;&quot;,&quot;sizes&quot;:[]}}\" data-widget_type=\"posts.classic\">\n\t\t\t\t<div class=\"elementor-widget-container\">\n\t\t\t\t\t\t\t<div class=\"elementor-posts-container elementor-posts elementor-posts--skin-classic elementor-grid\" role=\"list\">\n\t\t\t\t<article class=\"elementor-post elementor-grid-item post-14712 page type-page status-publish has-post-thumbnail hentry impaginazione-modello-prodotto divisione-isve-wood categorie_modelli-essiccatoi-legno-em description-off\" role=\"listitem\">\n\t\t\t\t<a class=\"elementor-post__thumbnail__link\" href=\"https:\/\/isve.com\/fr\/equipements-traitement-bois\/sechoirs-bois-em\/sechoirs-modele-em-de-grande-capacite\/\" tabindex=\"-1\" >\n\t\t\t<div class=\"elementor-post__thumbnail\"><img fetchpriority=\"high\" decoding=\"async\" width=\"1024\" height=\"193\" src=\"https:\/\/isve.com\/wp-content\/uploads\/em_t\/be\/em_tabella-misure_1-1024x193.jpg\" class=\"attachment-large size-large wp-image-14464\" alt=\"\" srcset=\"https:\/\/isve.com\/wp-content\/uploads\/em_t\/be\/em_tabella-misure_1-1024x193.jpg 1024w, https:\/\/isve.com\/wp-content\/uploads\/em_t\/be\/em_tabella-misure_1-600x113.jpg 600w, https:\/\/isve.com\/wp-content\/uploads\/em_t\/be\/em_tabella-misure_1-768x144.jpg 768w, https:\/\/isve.com\/wp-content\/uploads\/em_t\/be\/em_tabella-misure_1-1536x289.jpg 1536w, https:\/\/isve.com\/wp-content\/uploads\/em_t\/be\/em_tabella-misure_1-1000x188.jpg 1000w, https:\/\/isve.com\/wp-content\/uploads\/em_t\/be\/em_tabella-misure_1.jpg 1920w\" sizes=\"(max-width: 1024px) 100vw, 1024px\" \/><\/div>\n\t\t<\/a>\n\t\t\t\t<div class=\"elementor-post__text\">\n\t\t\t\t<h3 class=\"elementor-post__title\">\n\t\t\t<a href=\"https:\/\/isve.com\/fr\/equipements-traitement-bois\/sechoirs-bois-em\/sechoirs-modele-em-de-grande-capacite\/\" >\n\t\t\t\tS\u00e9choirs modele EM de grande capacit\u00e8\t\t\t<\/a>\n\t\t<\/h3>\n\t\t\t\t<div class=\"elementor-post__excerpt\">\n\t\t\t<p>Sechoirs sous vide EM de grande dimension pour menuiseries Les\u00a0s\u00e9choirs \u00e0 vide discontinu de la s\u00e9rie EM avec une capacit\u00e9 de 6 \u00e0 50 m3 sont indiqu\u00e9s pour des menuiseries de grandes dimensions ou pour des commer\u00e7ants en bois qui recherchent la qualit\u00e9 du s\u00e9chage unie \u00e0 une haute productivit\u00e9. L\u2019installation est dot\u00e9e d&#8217;un ordinateur capable de faciliter la programmation du processus sans aucune difficult\u00e9 d&#8217;apprentissage de la technologie.\u00a0La variation de chaque param\u00e8tre peut \u00eatre visualis\u00e9e en connectant l&#8217;ordinateur du s\u00e9choir avec un simple micro-ordinateur avec syst\u00e8me d\u2019exploitation Windows. Avec ce syst\u00e8me, en plus d&#8217;avoir le contr\u00f4le \u00e0 distance du cycle, on pourra archiver toutes les phases du processus. Ces installations enferment toute la technologie et l&#8217;exp\u00e9rience d\u00e9velopp\u00e9e pendant 40<\/p>\n\t\t<\/div>\n\t\t\n\t\t<a class=\"elementor-post__read-more\" href=\"https:\/\/isve.com\/fr\/equipements-traitement-bois\/sechoirs-bois-em\/sechoirs-modele-em-de-grande-capacite\/\" aria-label=\"Read more about S\u00e9choirs modele EM de grande capacit\u00e8\" tabindex=\"-1\" >\n\t\t\tPlus \u00bb\t\t<\/a>\n\n\t\t\t\t<\/div>\n\t\t\t\t<\/article>\n\t\t\t\t<article class=\"elementor-post elementor-grid-item post-14715 page type-page status-publish has-post-thumbnail hentry impaginazione-modello-prodotto divisione-isve-wood categorie_modelli-essiccatoi-legno-em description-off\" role=\"listitem\">\n\t\t\t\t<a class=\"elementor-post__thumbnail__link\" href=\"https:\/\/isve.com\/fr\/equipements-traitement-bois\/sechoirs-bois-em\/sechoirs-modele-em2v-et-em5v\/\" tabindex=\"-1\" >\n\t\t\t<div class=\"elementor-post__thumbnail\"><img decoding=\"async\" width=\"874\" height=\"301\" src=\"https:\/\/isve.com\/wp-content\/uploads\/essi\/ca\/essiccatoi_em2v-em5v.png\" class=\"attachment-large size-large wp-image-14455\" alt=\"\" srcset=\"https:\/\/isve.com\/wp-content\/uploads\/essi\/ca\/essiccatoi_em2v-em5v.png 874w, https:\/\/isve.com\/wp-content\/uploads\/essi\/ca\/essiccatoi_em2v-em5v-600x207.png 600w, https:\/\/isve.com\/wp-content\/uploads\/essi\/ca\/essiccatoi_em2v-em5v-768x264.png 768w\" sizes=\"(max-width: 874px) 100vw, 874px\" \/><\/div>\n\t\t<\/a>\n\t\t\t\t<div class=\"elementor-post__text\">\n\t\t\t\t<h3 class=\"elementor-post__title\">\n\t\t\t<a href=\"https:\/\/isve.com\/fr\/equipements-traitement-bois\/sechoirs-bois-em\/sechoirs-modele-em2v-et-em5v\/\" >\n\t\t\t\tS\u00e9choirs mod\u00e8le EM2V et EM5V\t\t\t<\/a>\n\t\t<\/h3>\n\t\t\t\t<div class=\"elementor-post__excerpt\">\n\t\t\t<p>Pour les ateliers de menuiserie de petites et moyennes dimensions Le\u00a0s\u00e9choir sous vide ISVE EM2V et EM5V a \u00e9t\u00e9 con\u00e7u et r\u00e9alis\u00e9 express\u00e9ment pour les ateliers de menuiserie de petites et moyennes dimensions, avec des modestes quantit\u00e9s de bois \u00e0 s\u00e9cher, mais avec des exigences de qualit\u00e9 \u00e9lev\u00e9es et des temps de s\u00e9chage restreints. L\u2019installation est dot\u00e9e d&#8217;un ordinateur de conduction capable de faciliter la programmation du processus sans aucune difficult\u00e9 d&#8217;apprentissage de la technologie. Ce syst\u00e8me(Vacutronic) permet de proc\u00e9der avec trois modalit\u00e9s diff\u00e9rentes: totalement automatique; semi-automatique; manuelle. La variation de chaque param\u00e8tre peut \u00eatre visualis\u00e9e en connectant l&#8217;ordinateur du s\u00e9choir \u00e0 un simple micro-ordinateur avec syst\u00e8me d\u2019exploitation Windows. Avec ce syst\u00e8me, en plus du contr\u00f4le \u00e0 distance du cycle,<\/p>\n\t\t<\/div>\n\t\t\n\t\t<a class=\"elementor-post__read-more\" href=\"https:\/\/isve.com\/fr\/equipements-traitement-bois\/sechoirs-bois-em\/sechoirs-modele-em2v-et-em5v\/\" aria-label=\"Read more about S\u00e9choirs mod\u00e8le EM2V et EM5V\" tabindex=\"-1\" >\n\t\t\tPlus \u00bb\t\t<\/a>\n\n\t\t\t\t<\/div>\n\t\t\t\t<\/article>\n\t\t\t\t<\/div>\n\t\t\n\t\t\t\t\t\t<\/div>\n\t\t\t\t<\/div>\n\t\t\t\t\t<\/div>\n\t\t<\/div>\n\t\t\t\t\t<\/div>\n\t\t<\/section>\n\t\t\t\t<\/div>\n\t\t","protected":false},"excerpt":{"rendered":"<p>S\u00c9CHEURS S\u00c9RIE EM \u00e0 vide discontinu, o\u00f9 un syst\u00e8me sophistiqu\u00e9 de distribution de l\u2019air chaud alternant avec des phases de vide, permet de s\u00e9cher de mani\u00e8re appropri\u00e9e les planches de bois opportun\u00e9ment latt\u00e9 avec des temps de fonctionnement divis\u00e9s par deux par rapport aux syst\u00e8mes \u00e0 air conventionnels. Les s\u00e9choirs pour bois ISVE s\u00e9rie EM&hellip;<\/p>\n","protected":false},"author":1,"featured_media":14447,"parent":15965,"menu_order":266,"comment_status":"closed","ping_status":"closed","template":"","meta":{"_acf_changed":false,"footnotes":""},"tags":[],"impaginazione":[],"divisione":[3690],"categorie_modelli":[],"class_list":["post-14709","page","type-page","status-publish","has-post-thumbnail","hentry","divisione-isve-wood","description-off"],"acf":[],"yoast_head":"<!-- This site is optimized with the Yoast SEO plugin v27.4 - https:\/\/yoast.com\/product\/yoast-seo-wordpress\/ -->\n<title>Mod\u00e8les \u2013 S\u00e9choirs du bois EM - ISVE SpA - Traitement du bois - Recyclage - Broyeurs Granulateurs<\/title>\n<meta name=\"robots\" content=\"index, follow, max-snippet:-1, max-image-preview:large, max-video-preview:-1\" \/>\n<link rel=\"canonical\" href=\"https:\/\/isve.com\/fr\/equipements-traitement-bois\/sechoirs-bois-em\/\" \/>\n<meta property=\"og:locale\" content=\"fr_FR\" \/>\n<meta property=\"og:type\" content=\"article\" \/>\n<meta property=\"og:title\" content=\"Mod\u00e8les \u2013 S\u00e9choirs du bois EM - ISVE SpA - Traitement du bois - Recyclage - Broyeurs Granulateurs\" \/>\n<meta property=\"og:description\" content=\"S\u00c9CHEURS S\u00c9RIE EM \u00e0 vide discontinu, o\u00f9 un syst\u00e8me sophistiqu\u00e9 de distribution de l\u2019air chaud alternant avec des phases de vide, permet de s\u00e9cher de mani\u00e8re appropri\u00e9e les planches de bois opportun\u00e9ment latt\u00e9 avec des temps de fonctionnement divis\u00e9s par deux par rapport aux syst\u00e8mes \u00e0 air conventionnels. Les s\u00e9choirs pour bois ISVE s\u00e9rie EM&hellip;\" \/>\n<meta property=\"og:url\" content=\"https:\/\/isve.com\/fr\/equipements-traitement-bois\/sechoirs-bois-em\/\" \/>\n<meta property=\"og:site_name\" content=\"ISVE SpA - Traitement du bois - Recyclage - Broyeurs Granulateurs\" \/>\n<meta property=\"article:modified_time\" content=\"2025-04-15T17:08:29+00:00\" \/>\n<meta property=\"og:image\" content=\"https:\/\/isve.com\/wp-content\/uploads\/EM_8\/1.\/EM_8_1.jpg\" \/>\n\t<meta property=\"og:image:width\" content=\"1920\" \/>\n\t<meta property=\"og:image:height\" content=\"549\" \/>\n\t<meta property=\"og:image:type\" content=\"image\/jpeg\" \/>\n<meta name=\"twitter:card\" content=\"summary_large_image\" \/>\n<meta name=\"twitter:label1\" content=\"Dur\u00e9e de lecture estim\u00e9e\" \/>\n\t<meta name=\"twitter:data1\" content=\"1 minute\" \/>\n<script type=\"application\/ld+json\" class=\"yoast-schema-graph\">{\"@context\":\"https:\\\/\\\/schema.org\",\"@graph\":[{\"@type\":\"WebPage\",\"@id\":\"https:\\\/\\\/isve.com\\\/fr\\\/equipements-traitement-bois\\\/sechoirs-bois-em\\\/\",\"url\":\"https:\\\/\\\/isve.com\\\/fr\\\/equipements-traitement-bois\\\/sechoirs-bois-em\\\/\",\"name\":\"Mod\u00e8les \u2013 S\u00e9choirs du bois EM - ISVE SpA - Traitement du bois - Recyclage - Broyeurs Granulateurs\",\"isPartOf\":{\"@id\":\"https:\\\/\\\/isve.com\\\/fr\\\/#website\"},\"primaryImageOfPage\":{\"@id\":\"https:\\\/\\\/isve.com\\\/fr\\\/equipements-traitement-bois\\\/sechoirs-bois-em\\\/#primaryimage\"},\"image\":{\"@id\":\"https:\\\/\\\/isve.com\\\/fr\\\/equipements-traitement-bois\\\/sechoirs-bois-em\\\/#primaryimage\"},\"thumbnailUrl\":\"https:\\\/\\\/isve.com\\\/wp-content\\\/uploads\\\/EM_8\\\/1.\\\/EM_8_1.jpg\",\"datePublished\":\"2019-12-14T10:22:53+00:00\",\"dateModified\":\"2025-04-15T17:08:29+00:00\",\"breadcrumb\":{\"@id\":\"https:\\\/\\\/isve.com\\\/fr\\\/equipements-traitement-bois\\\/sechoirs-bois-em\\\/#breadcrumb\"},\"inLanguage\":\"fr-FR\",\"potentialAction\":[{\"@type\":\"ReadAction\",\"target\":[\"https:\\\/\\\/isve.com\\\/fr\\\/equipements-traitement-bois\\\/sechoirs-bois-em\\\/\"]}]},{\"@type\":\"ImageObject\",\"inLanguage\":\"fr-FR\",\"@id\":\"https:\\\/\\\/isve.com\\\/fr\\\/equipements-traitement-bois\\\/sechoirs-bois-em\\\/#primaryimage\",\"url\":\"https:\\\/\\\/isve.com\\\/wp-content\\\/uploads\\\/EM_8\\\/1.\\\/EM_8_1.jpg\",\"contentUrl\":\"https:\\\/\\\/isve.com\\\/wp-content\\\/uploads\\\/EM_8\\\/1.\\\/EM_8_1.jpg\",\"width\":1920,\"height\":549},{\"@type\":\"BreadcrumbList\",\"@id\":\"https:\\\/\\\/isve.com\\\/fr\\\/equipements-traitement-bois\\\/sechoirs-bois-em\\\/#breadcrumb\",\"itemListElement\":[{\"@type\":\"ListItem\",\"position\":1,\"name\":\"Home\",\"item\":\"https:\\\/\\\/isve.com\\\/fr\\\/\"},{\"@type\":\"ListItem\",\"position\":2,\"name\":\"Produits Wood\",\"item\":\"https:\\\/\\\/isve.com\\\/fr\\\/equipements-traitement-bois\\\/\"},{\"@type\":\"ListItem\",\"position\":3,\"name\":\"Mod\u00e8les \u2013 S\u00e9choirs du bois EM\"}]},{\"@type\":\"WebSite\",\"@id\":\"https:\\\/\\\/isve.com\\\/fr\\\/#website\",\"url\":\"https:\\\/\\\/isve.com\\\/fr\\\/\",\"name\":\"ISVE S.p.A.\",\"description\":\"Syst\u00e8mes de traitement du bois et pour dechiquetage broyage granulation\",\"publisher\":{\"@id\":\"https:\\\/\\\/isve.com\\\/fr\\\/#organization\"},\"potentialAction\":[{\"@type\":\"SearchAction\",\"target\":{\"@type\":\"EntryPoint\",\"urlTemplate\":\"https:\\\/\\\/isve.com\\\/fr\\\/?s={search_term_string}\"},\"query-input\":{\"@type\":\"PropertyValueSpecification\",\"valueRequired\":true,\"valueName\":\"search_term_string\"}}],\"inLanguage\":\"fr-FR\"},{\"@type\":\"Organization\",\"@id\":\"https:\\\/\\\/isve.com\\\/fr\\\/#organization\",\"name\":\"ISVE S.p.A.\",\"url\":\"https:\\\/\\\/isve.com\\\/fr\\\/\",\"logo\":{\"@type\":\"ImageObject\",\"inLanguage\":\"fr-FR\",\"@id\":\"https:\\\/\\\/isve.com\\\/fr\\\/#\\\/schema\\\/logo\\\/image\\\/\",\"url\":\"https:\\\/\\\/isve.com\\\/wp-content\\\/uploads\\\/2026\\\/01\\\/logo-isve-spa.png\",\"contentUrl\":\"https:\\\/\\\/isve.com\\\/wp-content\\\/uploads\\\/2026\\\/01\\\/logo-isve-spa.png\",\"width\":600,\"height\":173,\"caption\":\"ISVE S.p.A.\"},\"image\":{\"@id\":\"https:\\\/\\\/isve.com\\\/fr\\\/#\\\/schema\\\/logo\\\/image\\\/\"},\"sameAs\":[\"https:\\\/\\\/www.linkedin.com\\\/company\\\/69445471\",\"https:\\\/\\\/www.youtube.com\\\/@isves.p.a.8894\"]}]}<\/script>\n<!-- \/ Yoast SEO plugin. -->","yoast_head_json":{"title":"Mod\u00e8les \u2013 S\u00e9choirs du bois EM - ISVE SpA - Traitement du bois - Recyclage - Broyeurs Granulateurs","robots":{"index":"index","follow":"follow","max-snippet":"max-snippet:-1","max-image-preview":"max-image-preview:large","max-video-preview":"max-video-preview:-1"},"canonical":"https:\/\/isve.com\/fr\/equipements-traitement-bois\/sechoirs-bois-em\/","og_locale":"fr_FR","og_type":"article","og_title":"Mod\u00e8les \u2013 S\u00e9choirs du bois EM - ISVE SpA - Traitement du bois - Recyclage - Broyeurs Granulateurs","og_description":"S\u00c9CHEURS S\u00c9RIE EM \u00e0 vide discontinu, o\u00f9 un syst\u00e8me sophistiqu\u00e9 de distribution de l\u2019air chaud alternant avec des phases de vide, permet de s\u00e9cher de mani\u00e8re appropri\u00e9e les planches de bois opportun\u00e9ment latt\u00e9 avec des temps de fonctionnement divis\u00e9s par deux par rapport aux syst\u00e8mes \u00e0 air conventionnels. Les s\u00e9choirs pour bois ISVE s\u00e9rie EM&hellip;","og_url":"https:\/\/isve.com\/fr\/equipements-traitement-bois\/sechoirs-bois-em\/","og_site_name":"ISVE SpA - Traitement du bois - Recyclage - Broyeurs Granulateurs","article_modified_time":"2025-04-15T17:08:29+00:00","og_image":[{"width":1920,"height":549,"url":"https:\/\/isve.com\/wp-content\/uploads\/EM_8\/1.\/EM_8_1.jpg","type":"image\/jpeg"}],"twitter_card":"summary_large_image","twitter_misc":{"Dur\u00e9e de lecture estim\u00e9e":"1 minute"},"schema":{"@context":"https:\/\/schema.org","@graph":[{"@type":"WebPage","@id":"https:\/\/isve.com\/fr\/equipements-traitement-bois\/sechoirs-bois-em\/","url":"https:\/\/isve.com\/fr\/equipements-traitement-bois\/sechoirs-bois-em\/","name":"Mod\u00e8les \u2013 S\u00e9choirs du bois EM - ISVE SpA - Traitement du bois - Recyclage - Broyeurs Granulateurs","isPartOf":{"@id":"https:\/\/isve.com\/fr\/#website"},"primaryImageOfPage":{"@id":"https:\/\/isve.com\/fr\/equipements-traitement-bois\/sechoirs-bois-em\/#primaryimage"},"image":{"@id":"https:\/\/isve.com\/fr\/equipements-traitement-bois\/sechoirs-bois-em\/#primaryimage"},"thumbnailUrl":"https:\/\/isve.com\/wp-content\/uploads\/EM_8\/1.\/EM_8_1.jpg","datePublished":"2019-12-14T10:22:53+00:00","dateModified":"2025-04-15T17:08:29+00:00","breadcrumb":{"@id":"https:\/\/isve.com\/fr\/equipements-traitement-bois\/sechoirs-bois-em\/#breadcrumb"},"inLanguage":"fr-FR","potentialAction":[{"@type":"ReadAction","target":["https:\/\/isve.com\/fr\/equipements-traitement-bois\/sechoirs-bois-em\/"]}]},{"@type":"ImageObject","inLanguage":"fr-FR","@id":"https:\/\/isve.com\/fr\/equipements-traitement-bois\/sechoirs-bois-em\/#primaryimage","url":"https:\/\/isve.com\/wp-content\/uploads\/EM_8\/1.\/EM_8_1.jpg","contentUrl":"https:\/\/isve.com\/wp-content\/uploads\/EM_8\/1.\/EM_8_1.jpg","width":1920,"height":549},{"@type":"BreadcrumbList","@id":"https:\/\/isve.com\/fr\/equipements-traitement-bois\/sechoirs-bois-em\/#breadcrumb","itemListElement":[{"@type":"ListItem","position":1,"name":"Home","item":"https:\/\/isve.com\/fr\/"},{"@type":"ListItem","position":2,"name":"Produits Wood","item":"https:\/\/isve.com\/fr\/equipements-traitement-bois\/"},{"@type":"ListItem","position":3,"name":"Mod\u00e8les \u2013 S\u00e9choirs du bois EM"}]},{"@type":"WebSite","@id":"https:\/\/isve.com\/fr\/#website","url":"https:\/\/isve.com\/fr\/","name":"ISVE S.p.A.","description":"Syst\u00e8mes de traitement du bois et pour dechiquetage broyage granulation","publisher":{"@id":"https:\/\/isve.com\/fr\/#organization"},"potentialAction":[{"@type":"SearchAction","target":{"@type":"EntryPoint","urlTemplate":"https:\/\/isve.com\/fr\/?s={search_term_string}"},"query-input":{"@type":"PropertyValueSpecification","valueRequired":true,"valueName":"search_term_string"}}],"inLanguage":"fr-FR"},{"@type":"Organization","@id":"https:\/\/isve.com\/fr\/#organization","name":"ISVE S.p.A.","url":"https:\/\/isve.com\/fr\/","logo":{"@type":"ImageObject","inLanguage":"fr-FR","@id":"https:\/\/isve.com\/fr\/#\/schema\/logo\/image\/","url":"https:\/\/isve.com\/wp-content\/uploads\/2026\/01\/logo-isve-spa.png","contentUrl":"https:\/\/isve.com\/wp-content\/uploads\/2026\/01\/logo-isve-spa.png","width":600,"height":173,"caption":"ISVE S.p.A."},"image":{"@id":"https:\/\/isve.com\/fr\/#\/schema\/logo\/image\/"},"sameAs":["https:\/\/www.linkedin.com\/company\/69445471","https:\/\/www.youtube.com\/@isves.p.a.8894"]}]}},"_links":{"self":[{"href":"https:\/\/isve.com\/fr\/wp-json\/wp\/v2\/pages\/14709","targetHints":{"allow":["GET"]}}],"collection":[{"href":"https:\/\/isve.com\/fr\/wp-json\/wp\/v2\/pages"}],"about":[{"href":"https:\/\/isve.com\/fr\/wp-json\/wp\/v2\/types\/page"}],"author":[{"embeddable":true,"href":"https:\/\/isve.com\/fr\/wp-json\/wp\/v2\/users\/1"}],"replies":[{"embeddable":true,"href":"https:\/\/isve.com\/fr\/wp-json\/wp\/v2\/comments?post=14709"}],"version-history":[{"count":0,"href":"https:\/\/isve.com\/fr\/wp-json\/wp\/v2\/pages\/14709\/revisions"}],"up":[{"embeddable":true,"href":"https:\/\/isve.com\/fr\/wp-json\/wp\/v2\/pages\/15965"}],"wp:featuredmedia":[{"embeddable":true,"href":"https:\/\/isve.com\/fr\/wp-json\/wp\/v2\/media\/14447"}],"wp:attachment":[{"href":"https:\/\/isve.com\/fr\/wp-json\/wp\/v2\/media?parent=14709"}],"wp:term":[{"taxonomy":"post_tag","embeddable":true,"href":"https:\/\/isve.com\/fr\/wp-json\/wp\/v2\/tags?post=14709"},{"taxonomy":"impaginazione","embeddable":true,"href":"https:\/\/isve.com\/fr\/wp-json\/wp\/v2\/impaginazione?post=14709"},{"taxonomy":"divisione","embeddable":true,"href":"https:\/\/isve.com\/fr\/wp-json\/wp\/v2\/divisione?post=14709"},{"taxonomy":"categorie_modelli","embeddable":true,"href":"https:\/\/isve.com\/fr\/wp-json\/wp\/v2\/categorie_modelli?post=14709"}],"curies":[{"name":"wp","href":"https:\/\/api.w.org\/{rel}","templated":true}]}}