{"id":14703,"date":"2019-12-14T10:54:38","date_gmt":"2019-12-14T09:54:38","guid":{"rendered":"https:\/\/isve.com\/sechoirs-modele-em-introduction\/"},"modified":"2026-02-03T16:02:13","modified_gmt":"2026-02-03T15:02:13","slug":"sechoirs-modele-em-introduction","status":"publish","type":"page","link":"https:\/\/isve.com\/fr\/equipements-traitement-bois\/sechoirs-modele-em-introduction\/","title":{"rendered":"S\u00e9choirs mod\u00e8le EM: introduction"},"content":{"rendered":"<h2>S\u00e9choirs EM: s\u00e9choirs rapide du bois<strong>.<\/strong><\/h2>\n<p>Les technologies modernes appliqu\u00e9es dans les laboratoires de travail du bois ont permis d&#8217;optimiser l&#8217;utilisation et les temps de travail de la mati\u00e8re premi\u00e8re.<br \/>\nCependant, en t\u00e2chant de gagner 0,5 mm sur l&#8217;\u00e9paisseur d&#8217;une planche, ou 1 m par seconde sur la vitesse d&#8217;une machine op\u00e9rante sans r\u00e9server la m\u00eame attention \u00e0 la &#8220;<strong>non qualit\u00e9<\/strong>&#8221; de l&#8217;op\u00e9ration de <strong>s\u00e9chage<\/strong>, on peut causer des <strong>pertes de rendement du 5-10%<\/strong> aux machines ci-dessus.<\/p>\n<p>Le <strong>s\u00e9choir<\/strong> doit donc \u00eatre consid\u00e9r\u00e9 comme une <strong>machine de production<\/strong>, avec la garantie d&#8217;une <strong>\u00e9conomie r\u00e9elle sur la mati\u00e8re premi\u00e8re<\/strong> et sur la <strong>qualit\u00e9 du produit fini.<\/strong><\/p>\n<p>&nbsp;<\/p>\n<h3><strong>S\u00e9choirs a vide continu\/discontinu pour planches:<br \/>\ndimensions limit\u00e8es, grande productivit\u00e8<br \/>\n<\/strong><\/h3>\n<p>Les s\u00e9choirs ISVE de la s\u00e9rie EM sont particuli\u00e8rement indiqu\u00e9s <strong>pour le s\u00e9chage de planches des plus diverses essences ligneuses<\/strong>.<\/p>\n<p>Ces installations sont appel\u00e9es \u00e0 &#8220;<strong>vide continu\/discontinu<\/strong>&#8221; car la phase de vide peut \u00eatre interrompue par des cycles d&#8217;air chaud et humide qui assurent un r\u00e9chauffement rapide du bois.<\/p>\n<p>Dans les installations EM, la pile est compos\u00e9e de <strong>planches convenablement latt\u00e9es<\/strong> qui sont plac\u00e9es sur le plan du chariot de l&#8217;autoclave. Une fois l&#8217;installation ferm\u00e9e et les param\u00e8tres programm\u00e9s sur l&#8217;ordinateur de contr\u00f4le, le<strong> cycle de s\u00e9chage<\/strong> peut commencer.<\/p>\n<p>&nbsp;<\/p>\n<h3><strong>Pourquoi choisir un s\u00e9choir EM?<\/strong><\/h3>\n<p>Les <strong>dimensions limit\u00e9es<\/strong> de ces installations par rapport \u00e0 leur productivit\u00e9 permettent une \u00e9conomie d&#8217;espace consid\u00e9rable et leur placement facile \u00e0 l&#8217;int\u00e9rieur de l&#8217;entreprise sans devoir effectuer de travaux de ma\u00e7onnerie ou de connexion sp\u00e9ciaux.<\/p>\n<p>Les <strong>mat\u00e9riaux de qualit\u00e9<\/strong> employ\u00e9s dans la construction de l&#8217;autoclave, tels l&#8217;acier inox et l&#8217;aluminium, garantissent sa durabilit\u00e9 contre la corrosion, tandis que les composants qui proviennent de importantes entreprises italiennes et \u00e9trang\u00e8res permettent d&#8217;atteindre une haute fiabilit\u00e9.<\/p>\n<p>Cette caract\u00e9ristique, commune \u00e0 tous les s\u00e9choirs ISVE, se refl\u00e8te sur la haute qualit\u00e9 du s\u00e9chage r\u00e9alis\u00e9 dans des temps brefs et avec des <strong>co\u00fbts d&#8217;exercice extr\u00eamement limit\u00e9s<\/strong>.<\/p>\n<table border=\"1\">\n<tbody>\n<tr>\n<td><\/td>\n<td style=\"text-align: center;\">FROM<\/td>\n<td style=\"text-align: center;\">\u00a0TO<\/td>\n<\/tr>\n<tr>\n<td>Stack sizes m3<\/td>\n<td style=\"text-align: center;\">2<\/td>\n<td style=\"text-align: center;\">75<\/td>\n<\/tr>\n<tr>\n<td>Internal lenght m.<\/td>\n<td style=\"text-align: center;\">5<\/td>\n<td style=\"text-align: center;\">18<\/td>\n<\/tr>\n<tr>\n<td>Power kW<\/td>\n<td style=\"text-align: center;\">10<\/td>\n<td style=\"text-align: center;\">65<\/td>\n<\/tr>\n<tr>\n<td>Weight Kg<\/td>\n<td>1.100<\/td>\n<td>15.200<\/td>\n<\/tr>\n<\/tbody>\n<\/table>\n<p><a class=\"btn btn-lg btn-block pulsante-giallo\" href=\"https:\/\/isve.com\/fr\/equipements-traitement-bois\/sechoirs-bois-em\/\">VOIR TOUS LES MOD\u00c8LES<\/a><\/p>\n<hr \/>\n<p><img fetchpriority=\"high\" decoding=\"async\" class=\"wp-image-6016 size-medium aligncenter\" src=\"https:\/\/isve.com\/wp-content\/uploads\/\/EM8V-funzionamento3D-600x355.jpg\" alt=\"\" width=\"600\" height=\"355\" \/><\/p>\n<p>&nbsp;<\/p>\n<p style=\"text-align: left;\"><strong>Syst\u00e8me de diffusion de chaleur dans les s\u00e9cheurs de la s\u00e9rie EM<\/strong><\/p>\n<ol>\n<li>Panneau \u00e9lectrique<\/li>\n<li>R\u00e9sistances chauffantes<\/li>\n<li>Espace de chargement des pieux en bois<\/li>\n<li>Ventilateurs \u00e0 double flux<\/li>\n<li>Tourmente<\/li>\n<li>Sondes de temp\u00e9rature, d&#8217;humidit\u00e9 du bois et d&#8217;humidit\u00e9 ambiante<\/li>\n<li>Chariot de chargement motoris\u00e9<\/li>\n<li>condensateurs<\/li>\n<\/ol>\n<h3><strong>Syst\u00e8mes EM: comment ils fonctionnent<\/strong><\/h3>\n<p>Dans un premier temps, on fait circuler dans l&#8217;<strong>autoclave<\/strong> l&#8217;<strong>air chaud<\/strong> caract\u00e9ris\u00e9 par un<strong> taux d&#8217;humidit\u00e9 \u00e9lev\u00e9<\/strong>. Au d\u00e9but du cycle, il est important d&#8217;augmenter graduellement la temp\u00e9rature du bois en \u00e9vitant que le s\u00e9chage commence par la partie la plus superficielle des planches. La <strong>haute valeur d&#8217;humidit\u00e9<\/strong>, contr\u00f4l\u00e9e \u00e9lectroniquement au moyen des sondes, emp\u00eache la g\u00e9n\u00e9ration de <strong>dangereuses tensions<\/strong> tout au long de la section du bois.<\/p>\n<p>Une fois la temp\u00e9rature de la pile \u00e9lev\u00e9e au niveau souhait\u00e9, la pompe \u00e0 vide <strong>\u00e9vacue tout l&#8217;air<\/strong> de l&#8217;autoclave. Une fois que la valeur de vide \u00e9tabli est atteinte, la chaleur assimil\u00e9e par le bois fait <strong>\u00e9vaporer l&#8217;eau<\/strong> des planches en provoquant leur s\u00e9chage.<\/p>\n<p>Ces phases, r\u00e9sum\u00e9es de fa\u00e7on tr\u00e8s simple, <strong>se r\u00e9p\u00e8tent plusieurs fois<\/strong> pendant le processus, en alliant de fa\u00e7on optimale l&#8217;utilisation de l&#8217;air chaud et humide avec le <strong>vide<\/strong>, \u00e9l\u00e9ment indispensable pour un <strong>s\u00e9chage rapide et de qualit\u00e9<\/strong>.<\/p>\n<p><img decoding=\"async\" class=\"wp-image-6009 size-medium aligncenter\" src=\"https:\/\/isve.com\/wp-content\/uploads\/\/EM8V-Scont_WEB-600x235.jpg\" alt=\"\" width=\"600\" height=\"235\" \/><\/p>\n<p style=\"text-align: center;\"><strong>Chariot de chargement avec pile de planches ray\u00e9es<br \/>\npr\u00eates \u00e0 \u00eatre charg\u00e9es dans l&#8217;autoclave<\/strong><\/p>\n<p>&nbsp;<\/p>\n<hr \/>\n<h3><strong>Comment choisir le mod\u00e9le le plus adequat<\/strong><\/h3>\n<p><strong>Comment choisir un s\u00e9choir sous vide<\/strong>, mais surtout comment le dimensionner sur la base des exigences particuli\u00e8res?<\/p>\n<p>Les param\u00e8tres principaux \u00e0 prendre en consid\u00e9ration sont les suivants:<\/p>\n<ul>\n<li>quantit\u00e9 en m\u00b3 du bois \u00e0 s\u00e9cher par unit\u00e9 de temps;<\/li>\n<li>essence ligneuse (pins, sapins, ch\u00eanes, etc.)<\/li>\n<li>\u00e9paisseur exprim\u00e9e en mm de la planche;<\/li>\n<li>humidit\u00e9 initiale.<\/li>\n<\/ul>\n<p>A partir du graphique on peut obtenir quelques indications sur les <strong>temps de s\u00e9chage sur la base de l&#8217;humidit\u00e9 initiale et de l&#8217;\u00e9paisseur du bois<\/strong>.<\/p>\n\n\t\t<style>\n\t\t\t#gallery-1 {\n\t\t\t\tmargin: auto;\n\t\t\t}\n\t\t\t#gallery-1 .gallery-item {\n\t\t\t\tfloat: left;\n\t\t\t\tmargin-top: 10px;\n\t\t\t\ttext-align: center;\n\t\t\t\twidth: 100%;\n\t\t\t}\n\t\t\t#gallery-1 img {\n\t\t\t\tborder: 2px solid #cfcfcf;\n\t\t\t}\n\t\t\t#gallery-1 .gallery-caption {\n\t\t\t\tmargin-left: 0;\n\t\t\t}\n\t\t\t\/* see gallery_shortcode() in wp-includes\/media.php *\/\n\t\t<\/style>\n\t\t<div id='gallery-1' class='gallery galleryid-14703 gallery-columns-1 gallery-size-large'><dl class='gallery-item'>\n\t\t\t<dt class='gallery-icon landscape'>\n\t\t\t\t<a href='https:\/\/isve.com\/fr\/tempi-di-essiccazione-em-2\/'><img decoding=\"async\" width=\"1024\" height=\"350\" src=\"https:\/\/isve.com\/wp-content\/uploads\/2025\/04\/tempi-di-essiccazione-em-1024x350.png\" class=\"attachment-large size-large\" alt=\"\" srcset=\"https:\/\/isve.com\/wp-content\/uploads\/2025\/04\/tempi-di-essiccazione-em-1024x350.png 1024w, https:\/\/isve.com\/wp-content\/uploads\/2025\/04\/tempi-di-essiccazione-em-600x205.png 600w, https:\/\/isve.com\/wp-content\/uploads\/2025\/04\/tempi-di-essiccazione-em-768x263.png 768w, https:\/\/isve.com\/wp-content\/uploads\/2025\/04\/tempi-di-essiccazione-em-1536x526.png 1536w, https:\/\/isve.com\/wp-content\/uploads\/2025\/04\/tempi-di-essiccazione-em-1000x342.png 1000w, https:\/\/isve.com\/wp-content\/uploads\/2025\/04\/tempi-di-essiccazione-em.png 1920w\" sizes=\"(max-width: 1024px) 100vw, 1024px\" \/><\/a>\n\t\t\t<\/dt><\/dl><br style=\"clear: both\" \/>\n\t\t<\/div>\n\n<p>En accordant l&#8217;humidit\u00e9 initiale du semi-ouvr\u00e9 avec la ligne droite de l&#8217;\u00e9paisseur et en descendant jusqu&#8217;\u00e0 l&#8217;intersection avec les lignes grises-blanches des diff\u00e9rentes essences ligneuses, on arrivera \u00e0 d\u00e9terminer la dur\u00e9e exprim\u00e9e en jours du\u00a0<strong>processus de s\u00e9chage<\/strong>.<\/p>\n<p>A partir de ce r\u00e9sultat il est facile de comprendre comme la\u00a0<strong>r\u00e9duction des temps de s\u00e9chage<\/strong> permet de travailler avec des s\u00e9choirs de capacit\u00e9 limit\u00e9e par rapport au volume complet du produit s\u00e9ch\u00e9.<\/p>\n<p>&nbsp;<\/p>\n<h3>Les avantages sont clairement multiples:<\/h3>\n<p>vont de l&#8217;\u00e9conomie de l&#8217;espace, \u00e0 la plus simple int\u00e9gration du processus de s\u00e9chage dans la logistique de l&#8217;entreprise. En outre, les caract\u00e9ristiques monolithiques des s\u00e9choirs ISVE permettent un placement facile \u00e0 la suite d&#8217;une \u00e9ventuelle r\u00e9organisation des lignes de travail de l&#8217;entreprise.<\/p>\n<p>La qualit\u00e9 du s\u00e9chage et la qualit\u00e9 de la conception se refl\u00e8tent donc dans les s\u00e9choirs ISVE s\u00e9rie EMV dans la simplicit\u00e9 d&#8217;utilisation et dans l&#8217;int\u00e9gration facile dans le cycle de production de l&#8217;entreprise.<\/p>\n<p><img loading=\"lazy\" decoding=\"async\" class=\"wp-image-4325 size-medium aligncenter\" src=\"https:\/\/isve.com\/wp-content\/uploads\/\/isve-EMV-Spagna-600x398.jpg\" alt=\"\" width=\"600\" height=\"398\" \/><\/p>\n<hr \/>\n<h2><strong>Le vide: le secret de la qualit\u00e9 du sechage ISVE<\/strong><\/h2>\n<h3>La technique du vide pour secher le bois<\/h3>\n<p>Le s\u00e9chage du bois obtenu \u00e0 travers de l\u2019exposition au grand air ou dans des s\u00e9choirs traditionnels, se r\u00e9alise toujours sur la base des processus suivants:<\/p>\n<ul>\n<li>enl\u00e8vement de l&#8217;eau de la surface des planches de bois au moyen des courants d&#8217;air chaude (PHASE 1);<\/li>\n<li>migration de l&#8217;humidit\u00e9 du centre des planches plus humide vers la surface plus s\u00e8che (PHASE 2).<\/li>\n<\/ul>\n<p>Si les deux processus ne se r\u00e9alisent pas en parfaite syntonie, il est facile qu&#8217;il se cr\u00e9e des tensions irr\u00e9guli\u00e8res (PHASE 3) qui provoquent la d\u00e9formation et des fissures dans le bois.<br \/>\nLa fiabilit\u00e9 d&#8217;un syst\u00e8me de s\u00e9chage traditionnel est donc li\u00e9e au besoin de proc\u00e9der dans des temps assez longs pour ne pas cr\u00e9er des d\u00e9s\u00e9quilibres faciles d&#8217;humidit\u00e9 dans le milieu de la section \u00e0 s\u00e9cher.<br \/>\nCette proc\u00e9dure est cependant valable pour baisser le haut contenu d&#8217;eau dans le bois vert.<\/p>\n<p>&nbsp;<\/p>\n<p><img loading=\"lazy\" decoding=\"async\" class=\"alignnone wp-image-6924 size-medium\" src=\"https:\/\/isve.com\/wp-content\/uploads\/\/essicazione-sottovuoto_EN-600x241.gif\" alt=\"\" width=\"600\" height=\"241\" \/><\/p>\n<h3><\/h3>\n<h3>S\u00e9chage avec l&#8217;emploi du vide<\/h3>\n<p>Le s\u00e9chage avec l&#8217;emploi du vide permet de profiter de deux principes physiques naturels:<\/p>\n<ol>\n<li>la r\u00e9duction de pression (cr\u00e9ation du vide) d\u00e9termine la transformation de l&#8217;eau contenue dans le bois en vapeur \u00e0 basses temp\u00e9ratures (45\u00b0C \u00e0 \u2013700 mmHg);<\/li>\n<li>la vapeur d&#8217;eau se d\u00e9place toujours \u00e0 partir des zones chaudes vers des zones froides.<\/li>\n<\/ol>\n<p>Le premier principe garantit un enl\u00e8vement de la vapeur d&#8217;eau \u00e0 partir du centre de la masse ligneuse et une r\u00e9duction drastique des besoins en \u00e9nergie thermique, le s\u00e9chage \u00e9tant r\u00e9alis\u00e9 \u00e0 basses temp\u00e9ratures.<br \/>\nLe second principe permet de contr\u00f4ler et de r\u00e9guler, instant par instant, la quantit\u00e9 d&#8217;humidit\u00e9 qui est enlev\u00e9e du bois en op\u00e9rant sur la temp\u00e9rature des condensateurs.<br \/>\nLa synergie des deux processus permet l&#8217;abaissement de l&#8217;humidit\u00e9 du bois de fa\u00e7on uniforme et sans contrainte pour la structure.<\/p>\n<p>Gr\u00e2ce \u00e0 la haute technologie appliqu\u00e9e \u00e0 ces machines et \u00e0 la possibilit\u00e9 de r\u00e9guler avec pr\u00e9cision chaque phase du processus, le s\u00e9chage sous vide se pr\u00eate tr\u00e8s bien pour stabiliser d\u00e9finitivement le pourcentage d&#8217;humidit\u00e9 contenue dans le bois.<br \/>\nCe r\u00e9sultat est d&#8217;une incomparable valeur surtout dans les phases suivantes de finition et d&#8217;assemblage du semi-ouvr\u00e9.<\/p>\n<p>Dans le cas des bois qui pr\u00e9sentent des poches de r\u00e9sine, le s\u00e9chage sous vide garantit enfin la compl\u00e8te \u00e9vaporation des dissolvants v\u00e9g\u00e9taux, provoquant par cons\u00e9quent une cristallisation irr\u00e9versible de la r\u00e9sine m\u00eame.<\/p>\n<p>&nbsp;<\/p>\n<p><img loading=\"lazy\" decoding=\"async\" class=\"wp-image-4305 size-medium aligncenter\" src=\"https:\/\/isve.com\/wp-content\/uploads\/\/isve-EM12V-Toscana-600x451.jpg\" alt=\"\" width=\"600\" height=\"451\" \/><\/p>\n<hr \/>\n<p><a class=\"btn btn-lg btn-block pulsante-giallo\" href=\"https:\/\/isve.com\/fr\/equipements-traitement-bois\/sechoirs-bois-em\/\">VOIR TOUS LES MOD\u00c8LES<\/a><\/p>\n","protected":false},"excerpt":{"rendered":"<p>S\u00e9choirs EM: s\u00e9choirs rapide du bois. Les technologies modernes appliqu\u00e9es dans les laboratoires de travail du bois ont permis d&#8217;optimiser l&#8217;utilisation et les temps de travail de la mati\u00e8re premi\u00e8re. Cependant, en t\u00e2chant de gagner 0,5 mm sur l&#8217;\u00e9paisseur d&#8217;une planche, ou 1 m par seconde sur la vitesse d&#8217;une machine op\u00e9rante sans r\u00e9server la&hellip;<\/p>\n","protected":false},"author":1,"featured_media":14449,"parent":15965,"menu_order":263,"comment_status":"closed","ping_status":"closed","template":"","meta":{"_acf_changed":false,"footnotes":""},"tags":[],"impaginazione":[],"divisione":[3690],"categorie_modelli":[],"class_list":["post-14703","page","type-page","status-publish","has-post-thumbnail","hentry","divisione-isve-wood","description-off"],"acf":[],"yoast_head":"<!-- This site is optimized with the Yoast SEO plugin v27.4 - https:\/\/yoast.com\/product\/yoast-seo-wordpress\/ -->\n<title>S\u00e9choirs mod\u00e8le EM: introduction - ISVE SpA - Traitement du bois - Recyclage - Broyeurs Granulateurs<\/title>\n<meta name=\"robots\" content=\"index, follow, max-snippet:-1, max-image-preview:large, max-video-preview:-1\" \/>\n<link rel=\"canonical\" href=\"https:\/\/isve.com\/fr\/equipements-traitement-bois\/sechoirs-modele-em-introduction\/\" \/>\n<meta property=\"og:locale\" content=\"fr_FR\" \/>\n<meta property=\"og:type\" content=\"article\" \/>\n<meta property=\"og:title\" content=\"S\u00e9choirs mod\u00e8le EM: introduction - ISVE SpA - Traitement du bois - Recyclage - Broyeurs Granulateurs\" \/>\n<meta property=\"og:description\" content=\"S\u00e9choirs EM: s\u00e9choirs rapide du bois. Les technologies modernes appliqu\u00e9es dans les laboratoires de travail du bois ont permis d&#8217;optimiser l&#8217;utilisation et les temps de travail de la mati\u00e8re premi\u00e8re. Cependant, en t\u00e2chant de gagner 0,5 mm sur l&#8217;\u00e9paisseur d&#8217;une planche, ou 1 m par seconde sur la vitesse d&#8217;une machine op\u00e9rante sans r\u00e9server la&hellip;\" \/>\n<meta property=\"og:url\" content=\"https:\/\/isve.com\/fr\/equipements-traitement-bois\/sechoirs-modele-em-introduction\/\" \/>\n<meta property=\"og:site_name\" content=\"ISVE SpA - Traitement du bois - Recyclage - Broyeurs Granulateurs\" \/>\n<meta property=\"article:modified_time\" content=\"2026-02-03T15:02:13+00:00\" \/>\n<meta property=\"og:image\" content=\"https:\/\/isve.com\/wp-content\/uploads\/EM_8\/1.\/EM_8_1.jpg\" \/>\n\t<meta property=\"og:image:width\" content=\"1920\" \/>\n\t<meta property=\"og:image:height\" content=\"549\" \/>\n\t<meta property=\"og:image:type\" content=\"image\/jpeg\" \/>\n<meta name=\"twitter:card\" content=\"summary_large_image\" \/>\n<meta name=\"twitter:label1\" content=\"Dur\u00e9e de lecture estim\u00e9e\" \/>\n\t<meta name=\"twitter:data1\" content=\"7 minutes\" \/>\n<script type=\"application\/ld+json\" class=\"yoast-schema-graph\">{\"@context\":\"https:\\\/\\\/schema.org\",\"@graph\":[{\"@type\":\"WebPage\",\"@id\":\"https:\\\/\\\/isve.com\\\/fr\\\/equipements-traitement-bois\\\/sechoirs-modele-em-introduction\\\/\",\"url\":\"https:\\\/\\\/isve.com\\\/fr\\\/equipements-traitement-bois\\\/sechoirs-modele-em-introduction\\\/\",\"name\":\"S\u00e9choirs mod\u00e8le EM: introduction - ISVE SpA - Traitement du bois - Recyclage - Broyeurs Granulateurs\",\"isPartOf\":{\"@id\":\"https:\\\/\\\/isve.com\\\/fr\\\/#website\"},\"primaryImageOfPage\":{\"@id\":\"https:\\\/\\\/isve.com\\\/fr\\\/equipements-traitement-bois\\\/sechoirs-modele-em-introduction\\\/#primaryimage\"},\"image\":{\"@id\":\"https:\\\/\\\/isve.com\\\/fr\\\/equipements-traitement-bois\\\/sechoirs-modele-em-introduction\\\/#primaryimage\"},\"thumbnailUrl\":\"https:\\\/\\\/isve.com\\\/wp-content\\\/uploads\\\/EM_8\\\/1.\\\/EM_8_1.jpg\",\"datePublished\":\"2019-12-14T09:54:38+00:00\",\"dateModified\":\"2026-02-03T15:02:13+00:00\",\"breadcrumb\":{\"@id\":\"https:\\\/\\\/isve.com\\\/fr\\\/equipements-traitement-bois\\\/sechoirs-modele-em-introduction\\\/#breadcrumb\"},\"inLanguage\":\"fr-FR\",\"potentialAction\":[{\"@type\":\"ReadAction\",\"target\":[\"https:\\\/\\\/isve.com\\\/fr\\\/equipements-traitement-bois\\\/sechoirs-modele-em-introduction\\\/\"]}]},{\"@type\":\"ImageObject\",\"inLanguage\":\"fr-FR\",\"@id\":\"https:\\\/\\\/isve.com\\\/fr\\\/equipements-traitement-bois\\\/sechoirs-modele-em-introduction\\\/#primaryimage\",\"url\":\"https:\\\/\\\/isve.com\\\/wp-content\\\/uploads\\\/EM_8\\\/1.\\\/EM_8_1.jpg\",\"contentUrl\":\"https:\\\/\\\/isve.com\\\/wp-content\\\/uploads\\\/EM_8\\\/1.\\\/EM_8_1.jpg\",\"width\":1920,\"height\":549},{\"@type\":\"BreadcrumbList\",\"@id\":\"https:\\\/\\\/isve.com\\\/fr\\\/equipements-traitement-bois\\\/sechoirs-modele-em-introduction\\\/#breadcrumb\",\"itemListElement\":[{\"@type\":\"ListItem\",\"position\":1,\"name\":\"Home\",\"item\":\"https:\\\/\\\/isve.com\\\/fr\\\/\"},{\"@type\":\"ListItem\",\"position\":2,\"name\":\"Produits Wood\",\"item\":\"https:\\\/\\\/isve.com\\\/fr\\\/equipements-traitement-bois\\\/\"},{\"@type\":\"ListItem\",\"position\":3,\"name\":\"S\u00e9choirs mod\u00e8le EM: introduction\"}]},{\"@type\":\"WebSite\",\"@id\":\"https:\\\/\\\/isve.com\\\/fr\\\/#website\",\"url\":\"https:\\\/\\\/isve.com\\\/fr\\\/\",\"name\":\"ISVE S.p.A.\",\"description\":\"Syst\u00e8mes de traitement du bois et pour dechiquetage broyage granulation\",\"publisher\":{\"@id\":\"https:\\\/\\\/isve.com\\\/fr\\\/#organization\"},\"potentialAction\":[{\"@type\":\"SearchAction\",\"target\":{\"@type\":\"EntryPoint\",\"urlTemplate\":\"https:\\\/\\\/isve.com\\\/fr\\\/?s={search_term_string}\"},\"query-input\":{\"@type\":\"PropertyValueSpecification\",\"valueRequired\":true,\"valueName\":\"search_term_string\"}}],\"inLanguage\":\"fr-FR\"},{\"@type\":\"Organization\",\"@id\":\"https:\\\/\\\/isve.com\\\/fr\\\/#organization\",\"name\":\"ISVE S.p.A.\",\"url\":\"https:\\\/\\\/isve.com\\\/fr\\\/\",\"logo\":{\"@type\":\"ImageObject\",\"inLanguage\":\"fr-FR\",\"@id\":\"https:\\\/\\\/isve.com\\\/fr\\\/#\\\/schema\\\/logo\\\/image\\\/\",\"url\":\"https:\\\/\\\/isve.com\\\/wp-content\\\/uploads\\\/2026\\\/01\\\/logo-isve-spa.png\",\"contentUrl\":\"https:\\\/\\\/isve.com\\\/wp-content\\\/uploads\\\/2026\\\/01\\\/logo-isve-spa.png\",\"width\":600,\"height\":173,\"caption\":\"ISVE S.p.A.\"},\"image\":{\"@id\":\"https:\\\/\\\/isve.com\\\/fr\\\/#\\\/schema\\\/logo\\\/image\\\/\"},\"sameAs\":[\"https:\\\/\\\/www.linkedin.com\\\/company\\\/69445471\",\"https:\\\/\\\/www.youtube.com\\\/@isves.p.a.8894\"]}]}<\/script>\n<!-- \/ Yoast SEO plugin. -->","yoast_head_json":{"title":"S\u00e9choirs mod\u00e8le EM: introduction - ISVE SpA - Traitement du bois - Recyclage - Broyeurs Granulateurs","robots":{"index":"index","follow":"follow","max-snippet":"max-snippet:-1","max-image-preview":"max-image-preview:large","max-video-preview":"max-video-preview:-1"},"canonical":"https:\/\/isve.com\/fr\/equipements-traitement-bois\/sechoirs-modele-em-introduction\/","og_locale":"fr_FR","og_type":"article","og_title":"S\u00e9choirs mod\u00e8le EM: introduction - ISVE SpA - Traitement du bois - Recyclage - Broyeurs Granulateurs","og_description":"S\u00e9choirs EM: s\u00e9choirs rapide du bois. Les technologies modernes appliqu\u00e9es dans les laboratoires de travail du bois ont permis d&#8217;optimiser l&#8217;utilisation et les temps de travail de la mati\u00e8re premi\u00e8re. Cependant, en t\u00e2chant de gagner 0,5 mm sur l&#8217;\u00e9paisseur d&#8217;une planche, ou 1 m par seconde sur la vitesse d&#8217;une machine op\u00e9rante sans r\u00e9server la&hellip;","og_url":"https:\/\/isve.com\/fr\/equipements-traitement-bois\/sechoirs-modele-em-introduction\/","og_site_name":"ISVE SpA - Traitement du bois - Recyclage - Broyeurs Granulateurs","article_modified_time":"2026-02-03T15:02:13+00:00","og_image":[{"width":1920,"height":549,"url":"https:\/\/isve.com\/wp-content\/uploads\/EM_8\/1.\/EM_8_1.jpg","type":"image\/jpeg"}],"twitter_card":"summary_large_image","twitter_misc":{"Dur\u00e9e de lecture estim\u00e9e":"7 minutes"},"schema":{"@context":"https:\/\/schema.org","@graph":[{"@type":"WebPage","@id":"https:\/\/isve.com\/fr\/equipements-traitement-bois\/sechoirs-modele-em-introduction\/","url":"https:\/\/isve.com\/fr\/equipements-traitement-bois\/sechoirs-modele-em-introduction\/","name":"S\u00e9choirs mod\u00e8le EM: introduction - ISVE SpA - Traitement du bois - Recyclage - Broyeurs Granulateurs","isPartOf":{"@id":"https:\/\/isve.com\/fr\/#website"},"primaryImageOfPage":{"@id":"https:\/\/isve.com\/fr\/equipements-traitement-bois\/sechoirs-modele-em-introduction\/#primaryimage"},"image":{"@id":"https:\/\/isve.com\/fr\/equipements-traitement-bois\/sechoirs-modele-em-introduction\/#primaryimage"},"thumbnailUrl":"https:\/\/isve.com\/wp-content\/uploads\/EM_8\/1.\/EM_8_1.jpg","datePublished":"2019-12-14T09:54:38+00:00","dateModified":"2026-02-03T15:02:13+00:00","breadcrumb":{"@id":"https:\/\/isve.com\/fr\/equipements-traitement-bois\/sechoirs-modele-em-introduction\/#breadcrumb"},"inLanguage":"fr-FR","potentialAction":[{"@type":"ReadAction","target":["https:\/\/isve.com\/fr\/equipements-traitement-bois\/sechoirs-modele-em-introduction\/"]}]},{"@type":"ImageObject","inLanguage":"fr-FR","@id":"https:\/\/isve.com\/fr\/equipements-traitement-bois\/sechoirs-modele-em-introduction\/#primaryimage","url":"https:\/\/isve.com\/wp-content\/uploads\/EM_8\/1.\/EM_8_1.jpg","contentUrl":"https:\/\/isve.com\/wp-content\/uploads\/EM_8\/1.\/EM_8_1.jpg","width":1920,"height":549},{"@type":"BreadcrumbList","@id":"https:\/\/isve.com\/fr\/equipements-traitement-bois\/sechoirs-modele-em-introduction\/#breadcrumb","itemListElement":[{"@type":"ListItem","position":1,"name":"Home","item":"https:\/\/isve.com\/fr\/"},{"@type":"ListItem","position":2,"name":"Produits Wood","item":"https:\/\/isve.com\/fr\/equipements-traitement-bois\/"},{"@type":"ListItem","position":3,"name":"S\u00e9choirs mod\u00e8le EM: introduction"}]},{"@type":"WebSite","@id":"https:\/\/isve.com\/fr\/#website","url":"https:\/\/isve.com\/fr\/","name":"ISVE S.p.A.","description":"Syst\u00e8mes de traitement du bois et pour dechiquetage broyage granulation","publisher":{"@id":"https:\/\/isve.com\/fr\/#organization"},"potentialAction":[{"@type":"SearchAction","target":{"@type":"EntryPoint","urlTemplate":"https:\/\/isve.com\/fr\/?s={search_term_string}"},"query-input":{"@type":"PropertyValueSpecification","valueRequired":true,"valueName":"search_term_string"}}],"inLanguage":"fr-FR"},{"@type":"Organization","@id":"https:\/\/isve.com\/fr\/#organization","name":"ISVE S.p.A.","url":"https:\/\/isve.com\/fr\/","logo":{"@type":"ImageObject","inLanguage":"fr-FR","@id":"https:\/\/isve.com\/fr\/#\/schema\/logo\/image\/","url":"https:\/\/isve.com\/wp-content\/uploads\/2026\/01\/logo-isve-spa.png","contentUrl":"https:\/\/isve.com\/wp-content\/uploads\/2026\/01\/logo-isve-spa.png","width":600,"height":173,"caption":"ISVE S.p.A."},"image":{"@id":"https:\/\/isve.com\/fr\/#\/schema\/logo\/image\/"},"sameAs":["https:\/\/www.linkedin.com\/company\/69445471","https:\/\/www.youtube.com\/@isves.p.a.8894"]}]}},"_links":{"self":[{"href":"https:\/\/isve.com\/fr\/wp-json\/wp\/v2\/pages\/14703","targetHints":{"allow":["GET"]}}],"collection":[{"href":"https:\/\/isve.com\/fr\/wp-json\/wp\/v2\/pages"}],"about":[{"href":"https:\/\/isve.com\/fr\/wp-json\/wp\/v2\/types\/page"}],"author":[{"embeddable":true,"href":"https:\/\/isve.com\/fr\/wp-json\/wp\/v2\/users\/1"}],"replies":[{"embeddable":true,"href":"https:\/\/isve.com\/fr\/wp-json\/wp\/v2\/comments?post=14703"}],"version-history":[{"count":1,"href":"https:\/\/isve.com\/fr\/wp-json\/wp\/v2\/pages\/14703\/revisions"}],"predecessor-version":[{"id":27784,"href":"https:\/\/isve.com\/fr\/wp-json\/wp\/v2\/pages\/14703\/revisions\/27784"}],"up":[{"embeddable":true,"href":"https:\/\/isve.com\/fr\/wp-json\/wp\/v2\/pages\/15965"}],"wp:featuredmedia":[{"embeddable":true,"href":"https:\/\/isve.com\/fr\/wp-json\/wp\/v2\/media\/14449"}],"wp:attachment":[{"href":"https:\/\/isve.com\/fr\/wp-json\/wp\/v2\/media?parent=14703"}],"wp:term":[{"taxonomy":"post_tag","embeddable":true,"href":"https:\/\/isve.com\/fr\/wp-json\/wp\/v2\/tags?post=14703"},{"taxonomy":"impaginazione","embeddable":true,"href":"https:\/\/isve.com\/fr\/wp-json\/wp\/v2\/impaginazione?post=14703"},{"taxonomy":"divisione","embeddable":true,"href":"https:\/\/isve.com\/fr\/wp-json\/wp\/v2\/divisione?post=14703"},{"taxonomy":"categorie_modelli","embeddable":true,"href":"https:\/\/isve.com\/fr\/wp-json\/wp\/v2\/categorie_modelli?post=14703"}],"curies":[{"name":"wp","href":"https:\/\/api.w.org\/{rel}","templated":true}]}}