{"id":14697,"date":"2019-12-19T12:29:27","date_gmt":"2019-12-19T11:29:27","guid":{"rendered":"https:\/\/isve.com\/broyeurs-et-granulateurs-du-bois\/"},"modified":"2025-04-23T17:29:46","modified_gmt":"2025-04-23T15:29:46","slug":"broyeurs-et-granulateurs-du-bois","status":"publish","type":"page","link":"https:\/\/isve.com\/fr\/equipements-traitement-bois\/broyeurs-et-granulateurs-du-bois\/","title":{"rendered":"Broyeurs et granulateurs du bois"},"content":{"rendered":"<h2><strong>Syst\u00e8mes de broyage et de valorisation des d\u00e9chets<br \/>\n<\/strong><\/h2>\n<p>Depuis 1997, ISVE s\u2019est consacr\u00e9e au d\u00e9veloppement de la <strong>division Recyclage<\/strong>, avec une <strong>gamme compl\u00e8te<\/strong> de syst\u00e8mes de <strong>broyage<\/strong> et de <strong>valorisation des d\u00e9chets industriels<\/strong>.<br \/>\nNos broyeurs sont appr\u00e9ci\u00e9s dans divers secteurs du march\u00e9 pour leur <strong>grande robustesse<\/strong> et leur <strong>fiabilit\u00e9<\/strong>.<\/p>\n<p>Possibilit\u00e9 de <strong>broyer<\/strong> n\u2019importe quelle <strong>essence de bois<\/strong>, m\u00eame en pr\u00e9sence de<strong> mat\u00e9riaux polluants<\/strong> tels que des clous, du plastique, du carton, etc.<\/p>\n<p>La gamme est divis\u00e9e en trois groupes:<\/p>\n<hr \/>\n<h3><strong>BROYEURS MONOARBRE:<\/strong><\/h3>\n<p>\u00e0 double lame fixe avec tiroir guid\u00e9 sur tous les c\u00f4t\u00e9s, bras amortisseur sur r\u00e9ducteur et automation compl\u00e8te. Ces machines conviennent \u00e0 la fois au petit artisan et au gros recycleur.<\/p>\n<hr \/>\n<h3><strong>TRITURATEURS 4 ARBRES:<\/strong><\/h3>\n<p>machines \u00e0 arbre lent \u00e0 lames circulaires, indiqu\u00e9s pour les \u00e9l\u00e9ments en bois longs. Ces machines se caract\u00e9risent par un couple d\u2019effort de coupe \u00e9lev\u00e9 et sont tr\u00e8s silencieuses. L\u2019entretien est en outre minime.<\/p>\n<hr \/>\n<h3><strong>SYST\u00c8MES DE RAFFINAGE:<\/strong><\/h3>\n<p>moulins raffineurs tant \u00e0 lames qu\u2019\u00e0 marteaux pour r\u00e9duire le bois en particules tr\u00e8s fines.<\/p>\n<hr \/>\n<h3><strong>LIGNES COMPL\u00c8TES: <\/strong><\/h3>\n<p>toutes les machines ISVE peuvent \u00eatre reli\u00e9es entre elles par des courroies de chargement, des syst\u00e8mes de d\u00e9ferrisation et d\u2019aspiration pour former de v\u00e9ritables lignes de transformation.<\/p>\n<hr \/>\n<p>Contr\u00f4le complet au PLC.<\/p>\n<hr \/>\n<p>&nbsp;<\/p>\n<p style=\"text-align: center;\"><a class=\"btn btn-lg btn-block pulsante-giallo\" href=\"https:\/\/isve.com\/fr\/isve-recycling\/conception-et-production-de-machines-pour-le-broyage\/\" rel=\"noopener noreferrer\">D\u00c9COUVREZ LES PRODUITS ISVE RECYCLING<\/a><\/p>\n<p>&nbsp;<\/p>\n<p><img fetchpriority=\"high\" decoding=\"async\" class=\"size-full wp-image-63 aligncenter\" src=\"https:\/\/isve.com\/wp-content\/uploads\/logo_isve_recycling.png\" alt=\"\" width=\"582\" height=\"140\" \/><\/p>\n<p>&nbsp;<\/p>\n<hr \/>\n\n\t\t<style>\n\t\t\t#gallery-1 {\n\t\t\t\tmargin: auto;\n\t\t\t}\n\t\t\t#gallery-1 .gallery-item {\n\t\t\t\tfloat: left;\n\t\t\t\tmargin-top: 10px;\n\t\t\t\ttext-align: center;\n\t\t\t\twidth: 33%;\n\t\t\t}\n\t\t\t#gallery-1 img {\n\t\t\t\tborder: 2px solid #cfcfcf;\n\t\t\t}\n\t\t\t#gallery-1 .gallery-caption {\n\t\t\t\tmargin-left: 0;\n\t\t\t}\n\t\t\t\/* see gallery_shortcode() in wp-includes\/media.php *\/\n\t\t<\/style>\n\t\t<div id='gallery-1' class='gallery galleryid-14697 gallery-columns-3 gallery-size-thumbnail'><dl class='gallery-item'>\n\t\t\t<dt class='gallery-icon landscape'>\n\t\t\t\t<a href='https:\/\/isve.com\/fr\/trituratori-bialbero-img1-2\/'><img decoding=\"async\" width=\"150\" height=\"150\" src=\"https:\/\/isve.com\/wp-content\/uploads\/2025\/04\/trituratori-bialbero-img1-150x150.jpg\" class=\"attachment-thumbnail size-thumbnail\" alt=\"\" srcset=\"https:\/\/isve.com\/wp-content\/uploads\/2025\/04\/trituratori-bialbero-img1-150x150.jpg 150w, https:\/\/isve.com\/wp-content\/uploads\/2025\/04\/trituratori-bialbero-img1-200x200.jpg 200w\" sizes=\"(max-width: 150px) 100vw, 150px\" \/><\/a>\n\t\t\t<\/dt><\/dl><dl class='gallery-item'>\n\t\t\t<dt class='gallery-icon portrait'>\n\t\t\t\t<a href='https:\/\/isve.com\/fr\/trit4alb-8080s-img2-2\/'><img decoding=\"async\" width=\"150\" height=\"150\" src=\"https:\/\/isve.com\/wp-content\/uploads\/2025\/04\/trit4alb-8080s-img2-150x150.jpg\" class=\"attachment-thumbnail size-thumbnail\" alt=\"\" srcset=\"https:\/\/isve.com\/wp-content\/uploads\/2025\/04\/trit4alb-8080s-img2-150x150.jpg 150w, https:\/\/isve.com\/wp-content\/uploads\/2025\/04\/trit4alb-8080s-img2-200x200.jpg 200w\" sizes=\"(max-width: 150px) 100vw, 150px\" \/><\/a>\n\t\t\t<\/dt><\/dl><dl class='gallery-item'>\n\t\t\t<dt class='gallery-icon portrait'>\n\t\t\t\t<a href='https:\/\/isve.com\/fr\/trit4alb-10080s-img2-2\/'><img loading=\"lazy\" decoding=\"async\" width=\"150\" height=\"150\" src=\"https:\/\/isve.com\/wp-content\/uploads\/2025\/04\/trit4alb-10080s-img2-150x150.jpg\" class=\"attachment-thumbnail size-thumbnail\" alt=\"\" srcset=\"https:\/\/isve.com\/wp-content\/uploads\/2025\/04\/trit4alb-10080s-img2-150x150.jpg 150w, https:\/\/isve.com\/wp-content\/uploads\/2025\/04\/trit4alb-10080s-img2-200x200.jpg 200w\" sizes=\"(max-width: 150px) 100vw, 150px\" \/><\/a>\n\t\t\t<\/dt><\/dl><br style=\"clear: both\" \/><dl class='gallery-item'>\n\t\t\t<dt class='gallery-icon landscape'>\n\t\t\t\t<a href='https:\/\/isve.com\/fr\/trituratori-4-alberi-img15-2\/'><img loading=\"lazy\" decoding=\"async\" width=\"150\" height=\"150\" src=\"https:\/\/isve.com\/wp-content\/uploads\/2025\/04\/trituratori-4-alberi-img15-150x150.jpg\" class=\"attachment-thumbnail size-thumbnail\" alt=\"\" srcset=\"https:\/\/isve.com\/wp-content\/uploads\/2025\/04\/trituratori-4-alberi-img15-150x150.jpg 150w, https:\/\/isve.com\/wp-content\/uploads\/2025\/04\/trituratori-4-alberi-img15-200x200.jpg 200w\" sizes=\"(max-width: 150px) 100vw, 150px\" \/><\/a>\n\t\t\t<\/dt><\/dl><dl class='gallery-item'>\n\t\t\t<dt class='gallery-icon landscape'>\n\t\t\t\t<a href='https:\/\/isve.com\/fr\/monoalb-mr4080-img3-2\/'><img loading=\"lazy\" decoding=\"async\" width=\"150\" height=\"150\" src=\"https:\/\/isve.com\/wp-content\/uploads\/2025\/04\/monoalb-mr4080-img3-150x150.jpg\" class=\"attachment-thumbnail size-thumbnail\" alt=\"\" srcset=\"https:\/\/isve.com\/wp-content\/uploads\/2025\/04\/monoalb-mr4080-img3-150x150.jpg 150w, https:\/\/isve.com\/wp-content\/uploads\/2025\/04\/monoalb-mr4080-img3-200x200.jpg 200w\" sizes=\"(max-width: 150px) 100vw, 150px\" \/><\/a>\n\t\t\t<\/dt><\/dl><dl class='gallery-item'>\n\t\t\t<dt class='gallery-icon portrait'>\n\t\t\t\t<a href='https:\/\/isve.com\/fr\/macinatori-monoalbero-img16-2\/'><img loading=\"lazy\" decoding=\"async\" width=\"150\" height=\"150\" src=\"https:\/\/isve.com\/wp-content\/uploads\/2025\/04\/macinatori-monoalbero-img16-150x150.jpg\" class=\"attachment-thumbnail size-thumbnail\" alt=\"\" srcset=\"https:\/\/isve.com\/wp-content\/uploads\/2025\/04\/macinatori-monoalbero-img16-150x150.jpg 150w, https:\/\/isve.com\/wp-content\/uploads\/2025\/04\/macinatori-monoalbero-img16-200x200.jpg 200w\" sizes=\"(max-width: 150px) 100vw, 150px\" \/><\/a>\n\t\t\t<\/dt><\/dl><br style=\"clear: both\" \/><dl class='gallery-item'>\n\t\t\t<dt class='gallery-icon landscape'>\n\t\t\t\t<a href='https:\/\/isve.com\/fr\/combi6080s-gr500-img2-2\/'><img loading=\"lazy\" decoding=\"async\" width=\"150\" height=\"150\" src=\"https:\/\/isve.com\/wp-content\/uploads\/2025\/04\/combi6080s-gr500-img2-150x150.jpg\" class=\"attachment-thumbnail size-thumbnail\" alt=\"\" srcset=\"https:\/\/isve.com\/wp-content\/uploads\/2025\/04\/combi6080s-gr500-img2-150x150.jpg 150w, https:\/\/isve.com\/wp-content\/uploads\/2025\/04\/combi6080s-gr500-img2-1000x1000.jpg 1000w, https:\/\/isve.com\/wp-content\/uploads\/2025\/04\/combi6080s-gr500-img2-200x200.jpg 200w\" sizes=\"(max-width: 150px) 100vw, 150px\" \/><\/a>\n\t\t\t<\/dt><\/dl><dl class='gallery-item'>\n\t\t\t<dt class='gallery-icon landscape'>\n\t\t\t\t<a href='https:\/\/isve.com\/fr\/sistemi-triturazione-2-2\/'><img loading=\"lazy\" decoding=\"async\" width=\"150\" height=\"150\" src=\"https:\/\/isve.com\/wp-content\/uploads\/2025\/04\/sistemi-triturazione-150x150.jpg\" class=\"attachment-thumbnail size-thumbnail\" alt=\"\" srcset=\"https:\/\/isve.com\/wp-content\/uploads\/2025\/04\/sistemi-triturazione-150x150.jpg 150w, https:\/\/isve.com\/wp-content\/uploads\/2025\/04\/sistemi-triturazione-200x200.jpg 200w\" sizes=\"(max-width: 150px) 100vw, 150px\" \/><\/a>\n\t\t\t<\/dt><\/dl>\n\t\t\t<br style='clear: both' \/>\n\t\t<\/div>\n\n","protected":false},"excerpt":{"rendered":"<p>Syst\u00e8mes de broyage et de valorisation des d\u00e9chets Depuis 1997, ISVE s\u2019est consacr\u00e9e au d\u00e9veloppement de la division Recyclage, avec une gamme compl\u00e8te de syst\u00e8mes de broyage et de valorisation des d\u00e9chets industriels. Nos broyeurs sont appr\u00e9ci\u00e9s dans divers secteurs du march\u00e9 pour leur grande robustesse et leur fiabilit\u00e9. Possibilit\u00e9 de broyer n\u2019importe quelle essence&hellip;<\/p>\n","protected":false},"author":1,"featured_media":14658,"parent":15965,"menu_order":340,"comment_status":"closed","ping_status":"closed","template":"","meta":{"_acf_changed":false,"footnotes":""},"tags":[],"impaginazione":[],"divisione":[3690],"categorie_modelli":[],"class_list":["post-14697","page","type-page","status-publish","has-post-thumbnail","hentry","divisione-isve-wood","description-off"],"acf":[],"yoast_head":"<!-- This site is optimized with the Yoast SEO plugin v27.4 - https:\/\/yoast.com\/product\/yoast-seo-wordpress\/ -->\n<title>Broyeurs et granulateurs du bois - ISVE SpA - Traitement du bois - Recyclage - Broyeurs Granulateurs<\/title>\n<meta name=\"robots\" content=\"index, follow, max-snippet:-1, max-image-preview:large, max-video-preview:-1\" \/>\n<link rel=\"canonical\" href=\"https:\/\/isve.com\/fr\/equipements-traitement-bois\/broyeurs-et-granulateurs-du-bois\/\" \/>\n<meta property=\"og:locale\" content=\"fr_FR\" \/>\n<meta property=\"og:type\" content=\"article\" \/>\n<meta property=\"og:title\" content=\"Broyeurs et granulateurs du bois - ISVE SpA - Traitement du bois - Recyclage - Broyeurs Granulateurs\" \/>\n<meta property=\"og:description\" content=\"Syst\u00e8mes de broyage et de valorisation des d\u00e9chets Depuis 1997, ISVE s\u2019est consacr\u00e9e au d\u00e9veloppement de la division Recyclage, avec une gamme compl\u00e8te de syst\u00e8mes de broyage et de valorisation des d\u00e9chets industriels. Nos broyeurs sont appr\u00e9ci\u00e9s dans divers secteurs du march\u00e9 pour leur grande robustesse et leur fiabilit\u00e9. Possibilit\u00e9 de broyer n\u2019importe quelle essence&hellip;\" \/>\n<meta property=\"og:url\" content=\"https:\/\/isve.com\/fr\/equipements-traitement-bois\/broyeurs-et-granulateurs-du-bois\/\" \/>\n<meta property=\"og:site_name\" content=\"ISVE SpA - Traitement du bois - Recyclage - Broyeurs Granulateurs\" \/>\n<meta property=\"article:modified_time\" content=\"2025-04-23T15:29:46+00:00\" \/>\n<meta property=\"og:image\" content=\"https:\/\/isve.com\/wp-content\/uploads\/maci\/at\/macinatori-raffinatori-legno.jpg\" \/>\n\t<meta property=\"og:image:width\" content=\"1400\" \/>\n\t<meta property=\"og:image:height\" content=\"972\" \/>\n\t<meta property=\"og:image:type\" content=\"image\/jpeg\" \/>\n<meta name=\"twitter:card\" content=\"summary_large_image\" \/>\n<meta name=\"twitter:label1\" content=\"Dur\u00e9e de lecture estim\u00e9e\" \/>\n\t<meta name=\"twitter:data1\" content=\"1 minute\" \/>\n<script type=\"application\/ld+json\" class=\"yoast-schema-graph\">{\"@context\":\"https:\\\/\\\/schema.org\",\"@graph\":[{\"@type\":\"WebPage\",\"@id\":\"https:\\\/\\\/isve.com\\\/fr\\\/equipements-traitement-bois\\\/broyeurs-et-granulateurs-du-bois\\\/\",\"url\":\"https:\\\/\\\/isve.com\\\/fr\\\/equipements-traitement-bois\\\/broyeurs-et-granulateurs-du-bois\\\/\",\"name\":\"Broyeurs et granulateurs du bois - ISVE SpA - Traitement du bois - Recyclage - Broyeurs Granulateurs\",\"isPartOf\":{\"@id\":\"https:\\\/\\\/isve.com\\\/fr\\\/#website\"},\"primaryImageOfPage\":{\"@id\":\"https:\\\/\\\/isve.com\\\/fr\\\/equipements-traitement-bois\\\/broyeurs-et-granulateurs-du-bois\\\/#primaryimage\"},\"image\":{\"@id\":\"https:\\\/\\\/isve.com\\\/fr\\\/equipements-traitement-bois\\\/broyeurs-et-granulateurs-du-bois\\\/#primaryimage\"},\"thumbnailUrl\":\"https:\\\/\\\/isve.com\\\/wp-content\\\/uploads\\\/maci\\\/at\\\/macinatori-raffinatori-legno.jpg\",\"datePublished\":\"2019-12-19T11:29:27+00:00\",\"dateModified\":\"2025-04-23T15:29:46+00:00\",\"breadcrumb\":{\"@id\":\"https:\\\/\\\/isve.com\\\/fr\\\/equipements-traitement-bois\\\/broyeurs-et-granulateurs-du-bois\\\/#breadcrumb\"},\"inLanguage\":\"fr-FR\",\"potentialAction\":[{\"@type\":\"ReadAction\",\"target\":[\"https:\\\/\\\/isve.com\\\/fr\\\/equipements-traitement-bois\\\/broyeurs-et-granulateurs-du-bois\\\/\"]}]},{\"@type\":\"ImageObject\",\"inLanguage\":\"fr-FR\",\"@id\":\"https:\\\/\\\/isve.com\\\/fr\\\/equipements-traitement-bois\\\/broyeurs-et-granulateurs-du-bois\\\/#primaryimage\",\"url\":\"https:\\\/\\\/isve.com\\\/wp-content\\\/uploads\\\/maci\\\/at\\\/macinatori-raffinatori-legno.jpg\",\"contentUrl\":\"https:\\\/\\\/isve.com\\\/wp-content\\\/uploads\\\/maci\\\/at\\\/macinatori-raffinatori-legno.jpg\",\"width\":1400,\"height\":972},{\"@type\":\"BreadcrumbList\",\"@id\":\"https:\\\/\\\/isve.com\\\/fr\\\/equipements-traitement-bois\\\/broyeurs-et-granulateurs-du-bois\\\/#breadcrumb\",\"itemListElement\":[{\"@type\":\"ListItem\",\"position\":1,\"name\":\"Home\",\"item\":\"https:\\\/\\\/isve.com\\\/fr\\\/\"},{\"@type\":\"ListItem\",\"position\":2,\"name\":\"Produits Wood\",\"item\":\"https:\\\/\\\/isve.com\\\/fr\\\/equipements-traitement-bois\\\/\"},{\"@type\":\"ListItem\",\"position\":3,\"name\":\"Broyeurs et granulateurs du bois\"}]},{\"@type\":\"WebSite\",\"@id\":\"https:\\\/\\\/isve.com\\\/fr\\\/#website\",\"url\":\"https:\\\/\\\/isve.com\\\/fr\\\/\",\"name\":\"ISVE S.p.A.\",\"description\":\"Syst\u00e8mes de traitement du bois et pour dechiquetage broyage granulation\",\"publisher\":{\"@id\":\"https:\\\/\\\/isve.com\\\/fr\\\/#organization\"},\"potentialAction\":[{\"@type\":\"SearchAction\",\"target\":{\"@type\":\"EntryPoint\",\"urlTemplate\":\"https:\\\/\\\/isve.com\\\/fr\\\/?s={search_term_string}\"},\"query-input\":{\"@type\":\"PropertyValueSpecification\",\"valueRequired\":true,\"valueName\":\"search_term_string\"}}],\"inLanguage\":\"fr-FR\"},{\"@type\":\"Organization\",\"@id\":\"https:\\\/\\\/isve.com\\\/fr\\\/#organization\",\"name\":\"ISVE S.p.A.\",\"url\":\"https:\\\/\\\/isve.com\\\/fr\\\/\",\"logo\":{\"@type\":\"ImageObject\",\"inLanguage\":\"fr-FR\",\"@id\":\"https:\\\/\\\/isve.com\\\/fr\\\/#\\\/schema\\\/logo\\\/image\\\/\",\"url\":\"https:\\\/\\\/isve.com\\\/wp-content\\\/uploads\\\/2026\\\/01\\\/logo-isve-spa.png\",\"contentUrl\":\"https:\\\/\\\/isve.com\\\/wp-content\\\/uploads\\\/2026\\\/01\\\/logo-isve-spa.png\",\"width\":600,\"height\":173,\"caption\":\"ISVE S.p.A.\"},\"image\":{\"@id\":\"https:\\\/\\\/isve.com\\\/fr\\\/#\\\/schema\\\/logo\\\/image\\\/\"},\"sameAs\":[\"https:\\\/\\\/www.linkedin.com\\\/company\\\/69445471\",\"https:\\\/\\\/www.youtube.com\\\/@isves.p.a.8894\"]}]}<\/script>\n<!-- \/ Yoast SEO plugin. -->","yoast_head_json":{"title":"Broyeurs et granulateurs du bois - ISVE SpA - Traitement du bois - Recyclage - Broyeurs Granulateurs","robots":{"index":"index","follow":"follow","max-snippet":"max-snippet:-1","max-image-preview":"max-image-preview:large","max-video-preview":"max-video-preview:-1"},"canonical":"https:\/\/isve.com\/fr\/equipements-traitement-bois\/broyeurs-et-granulateurs-du-bois\/","og_locale":"fr_FR","og_type":"article","og_title":"Broyeurs et granulateurs du bois - ISVE SpA - Traitement du bois - Recyclage - Broyeurs Granulateurs","og_description":"Syst\u00e8mes de broyage et de valorisation des d\u00e9chets Depuis 1997, ISVE s\u2019est consacr\u00e9e au d\u00e9veloppement de la division Recyclage, avec une gamme compl\u00e8te de syst\u00e8mes de broyage et de valorisation des d\u00e9chets industriels. Nos broyeurs sont appr\u00e9ci\u00e9s dans divers secteurs du march\u00e9 pour leur grande robustesse et leur fiabilit\u00e9. Possibilit\u00e9 de broyer n\u2019importe quelle essence&hellip;","og_url":"https:\/\/isve.com\/fr\/equipements-traitement-bois\/broyeurs-et-granulateurs-du-bois\/","og_site_name":"ISVE SpA - Traitement du bois - Recyclage - Broyeurs Granulateurs","article_modified_time":"2025-04-23T15:29:46+00:00","og_image":[{"width":1400,"height":972,"url":"https:\/\/isve.com\/wp-content\/uploads\/maci\/at\/macinatori-raffinatori-legno.jpg","type":"image\/jpeg"}],"twitter_card":"summary_large_image","twitter_misc":{"Dur\u00e9e de lecture estim\u00e9e":"1 minute"},"schema":{"@context":"https:\/\/schema.org","@graph":[{"@type":"WebPage","@id":"https:\/\/isve.com\/fr\/equipements-traitement-bois\/broyeurs-et-granulateurs-du-bois\/","url":"https:\/\/isve.com\/fr\/equipements-traitement-bois\/broyeurs-et-granulateurs-du-bois\/","name":"Broyeurs et granulateurs du bois - ISVE SpA - Traitement du bois - Recyclage - Broyeurs Granulateurs","isPartOf":{"@id":"https:\/\/isve.com\/fr\/#website"},"primaryImageOfPage":{"@id":"https:\/\/isve.com\/fr\/equipements-traitement-bois\/broyeurs-et-granulateurs-du-bois\/#primaryimage"},"image":{"@id":"https:\/\/isve.com\/fr\/equipements-traitement-bois\/broyeurs-et-granulateurs-du-bois\/#primaryimage"},"thumbnailUrl":"https:\/\/isve.com\/wp-content\/uploads\/maci\/at\/macinatori-raffinatori-legno.jpg","datePublished":"2019-12-19T11:29:27+00:00","dateModified":"2025-04-23T15:29:46+00:00","breadcrumb":{"@id":"https:\/\/isve.com\/fr\/equipements-traitement-bois\/broyeurs-et-granulateurs-du-bois\/#breadcrumb"},"inLanguage":"fr-FR","potentialAction":[{"@type":"ReadAction","target":["https:\/\/isve.com\/fr\/equipements-traitement-bois\/broyeurs-et-granulateurs-du-bois\/"]}]},{"@type":"ImageObject","inLanguage":"fr-FR","@id":"https:\/\/isve.com\/fr\/equipements-traitement-bois\/broyeurs-et-granulateurs-du-bois\/#primaryimage","url":"https:\/\/isve.com\/wp-content\/uploads\/maci\/at\/macinatori-raffinatori-legno.jpg","contentUrl":"https:\/\/isve.com\/wp-content\/uploads\/maci\/at\/macinatori-raffinatori-legno.jpg","width":1400,"height":972},{"@type":"BreadcrumbList","@id":"https:\/\/isve.com\/fr\/equipements-traitement-bois\/broyeurs-et-granulateurs-du-bois\/#breadcrumb","itemListElement":[{"@type":"ListItem","position":1,"name":"Home","item":"https:\/\/isve.com\/fr\/"},{"@type":"ListItem","position":2,"name":"Produits Wood","item":"https:\/\/isve.com\/fr\/equipements-traitement-bois\/"},{"@type":"ListItem","position":3,"name":"Broyeurs et granulateurs du bois"}]},{"@type":"WebSite","@id":"https:\/\/isve.com\/fr\/#website","url":"https:\/\/isve.com\/fr\/","name":"ISVE S.p.A.","description":"Syst\u00e8mes de traitement du bois et pour dechiquetage broyage granulation","publisher":{"@id":"https:\/\/isve.com\/fr\/#organization"},"potentialAction":[{"@type":"SearchAction","target":{"@type":"EntryPoint","urlTemplate":"https:\/\/isve.com\/fr\/?s={search_term_string}"},"query-input":{"@type":"PropertyValueSpecification","valueRequired":true,"valueName":"search_term_string"}}],"inLanguage":"fr-FR"},{"@type":"Organization","@id":"https:\/\/isve.com\/fr\/#organization","name":"ISVE S.p.A.","url":"https:\/\/isve.com\/fr\/","logo":{"@type":"ImageObject","inLanguage":"fr-FR","@id":"https:\/\/isve.com\/fr\/#\/schema\/logo\/image\/","url":"https:\/\/isve.com\/wp-content\/uploads\/2026\/01\/logo-isve-spa.png","contentUrl":"https:\/\/isve.com\/wp-content\/uploads\/2026\/01\/logo-isve-spa.png","width":600,"height":173,"caption":"ISVE S.p.A."},"image":{"@id":"https:\/\/isve.com\/fr\/#\/schema\/logo\/image\/"},"sameAs":["https:\/\/www.linkedin.com\/company\/69445471","https:\/\/www.youtube.com\/@isves.p.a.8894"]}]}},"_links":{"self":[{"href":"https:\/\/isve.com\/fr\/wp-json\/wp\/v2\/pages\/14697","targetHints":{"allow":["GET"]}}],"collection":[{"href":"https:\/\/isve.com\/fr\/wp-json\/wp\/v2\/pages"}],"about":[{"href":"https:\/\/isve.com\/fr\/wp-json\/wp\/v2\/types\/page"}],"author":[{"embeddable":true,"href":"https:\/\/isve.com\/fr\/wp-json\/wp\/v2\/users\/1"}],"replies":[{"embeddable":true,"href":"https:\/\/isve.com\/fr\/wp-json\/wp\/v2\/comments?post=14697"}],"version-history":[{"count":0,"href":"https:\/\/isve.com\/fr\/wp-json\/wp\/v2\/pages\/14697\/revisions"}],"up":[{"embeddable":true,"href":"https:\/\/isve.com\/fr\/wp-json\/wp\/v2\/pages\/15965"}],"wp:featuredmedia":[{"embeddable":true,"href":"https:\/\/isve.com\/fr\/wp-json\/wp\/v2\/media\/14658"}],"wp:attachment":[{"href":"https:\/\/isve.com\/fr\/wp-json\/wp\/v2\/media?parent=14697"}],"wp:term":[{"taxonomy":"post_tag","embeddable":true,"href":"https:\/\/isve.com\/fr\/wp-json\/wp\/v2\/tags?post=14697"},{"taxonomy":"impaginazione","embeddable":true,"href":"https:\/\/isve.com\/fr\/wp-json\/wp\/v2\/impaginazione?post=14697"},{"taxonomy":"divisione","embeddable":true,"href":"https:\/\/isve.com\/fr\/wp-json\/wp\/v2\/divisione?post=14697"},{"taxonomy":"categorie_modelli","embeddable":true,"href":"https:\/\/isve.com\/fr\/wp-json\/wp\/v2\/categorie_modelli?post=14697"}],"curies":[{"name":"wp","href":"https:\/\/api.w.org\/{rel}","templated":true}]}}