{"id":14694,"date":"2019-12-19T10:25:23","date_gmt":"2019-12-19T09:25:23","guid":{"rendered":"https:\/\/isve.com\/dispositifs-de-levage-pour-bois-photogallery\/"},"modified":"2025-09-07T12:40:02","modified_gmt":"2025-09-07T10:40:02","slug":"dispositifs-de-levage-pour-bois-photogallery","status":"publish","type":"page","link":"https:\/\/isve.com\/fr\/equipements-traitement-bois\/dispositifs-de-levage-pour-bois-photogallery\/","title":{"rendered":"Dispositifs de levage pour bois &#8211; Photogallery"},"content":{"rendered":"<h3>Avec les manutentionnaires pour bois \u00e0 ventouse ISVE, il est possible de manutentionner de fa\u00e7on rapide et s\u00fbre des tables et autres \u00e9l\u00e9ments en bois.<\/h3>\n<p>Ces installations de manutention exploitent la technologie du <strong>vide<\/strong> pour assurer une <strong>meilleure adh\u00e9rence<\/strong> du <strong>groupe \u00e0 ventouse<\/strong> sur la surface du bois, m\u00eame la plus irr\u00e9guli\u00e8re. Un ult\u00e9rieur point de force des installations de\u00a0<strong>manutention<\/strong>\u00a0pour bois est la possibilit\u00e9 que les bras et le syst\u00e8me de levage soient <strong>filoguid\u00e9s<\/strong> ou <strong>radiocommand\u00e9s<\/strong> pour un contr\u00f4le parfait de toutes les op\u00e9rations de <strong>manutention du bois<\/strong>.<\/p>\n<p>&nbsp;<\/p>\n<p><iframe title=\"HANDLING SYSTEM by ISVE WOOD\" width=\"1200\" height=\"675\" src=\"https:\/\/www.youtube.com\/embed\/0zcRcuvygRw?feature=oembed\" frameborder=\"0\" allow=\"accelerometer; autoplay; clipboard-write; encrypted-media; gyroscope; picture-in-picture; web-share\" referrerpolicy=\"strict-origin-when-cross-origin\" allowfullscreen><\/iframe><\/p>\n<p>&nbsp;<\/p>\n\n\t\t<style>\n\t\t\t#gallery-1 {\n\t\t\t\tmargin: auto;\n\t\t\t}\n\t\t\t#gallery-1 .gallery-item {\n\t\t\t\tfloat: left;\n\t\t\t\tmargin-top: 10px;\n\t\t\t\ttext-align: center;\n\t\t\t\twidth: 33%;\n\t\t\t}\n\t\t\t#gallery-1 img {\n\t\t\t\tborder: 2px solid #cfcfcf;\n\t\t\t}\n\t\t\t#gallery-1 .gallery-caption {\n\t\t\t\tmargin-left: 0;\n\t\t\t}\n\t\t\t\/* see gallery_shortcode() in wp-includes\/media.php *\/\n\t\t<\/style>\n\t\t<div id='gallery-1' class='gallery galleryid-14694 gallery-columns-3 gallery-size-thumbnail'><dl class='gallery-item'>\n\t\t\t<dt class='gallery-icon landscape'>\n\t\t\t\t<a href='https:\/\/isve.com\/fr\/equipements-traitement-bois\/dispositifs-de-levage-a-ventouses-sous-vide-pour-bois\/attachment\/movimentatore-hs2-2\/'><img decoding=\"async\" width=\"150\" height=\"150\" src=\"https:\/\/isve.com\/wp-content\/uploads\/2025\/09\/movimentatore-hs2-150x150.jpg\" class=\"attachment-thumbnail size-thumbnail\" alt=\"\" \/><\/a>\n\t\t\t<\/dt><\/dl><dl class='gallery-item'>\n\t\t\t<dt class='gallery-icon landscape'>\n\t\t\t\t<a href='https:\/\/isve.com\/fr\/equipements-traitement-bois\/dispositifs-de-levage-a-ventouses-sous-vide-pour-bois\/attachment\/movimentatore-hs1-2\/'><img decoding=\"async\" width=\"150\" height=\"150\" src=\"https:\/\/isve.com\/wp-content\/uploads\/2025\/09\/movimentatore-hs1-150x150.jpg\" class=\"attachment-thumbnail size-thumbnail\" alt=\"\" \/><\/a>\n\t\t\t<\/dt><\/dl><dl class='gallery-item'>\n\t\t\t<dt class='gallery-icon landscape'>\n\t\t\t\t<a href='https:\/\/isve.com\/fr\/movimentatori-legno-img02-1-2\/'><img decoding=\"async\" width=\"150\" height=\"150\" src=\"https:\/\/isve.com\/wp-content\/uploads\/2025\/04\/movimentatori-legno-img02-1-150x150.jpg\" class=\"attachment-thumbnail size-thumbnail\" alt=\"\" srcset=\"https:\/\/isve.com\/wp-content\/uploads\/2025\/04\/movimentatori-legno-img02-1-150x150.jpg 150w, https:\/\/isve.com\/wp-content\/uploads\/2025\/04\/movimentatori-legno-img02-1-1000x1000.jpg 1000w, https:\/\/isve.com\/wp-content\/uploads\/2025\/04\/movimentatori-legno-img02-1-200x200.jpg 200w\" sizes=\"(max-width: 150px) 100vw, 150px\" \/><\/a>\n\t\t\t<\/dt><\/dl><br style=\"clear: both\" \/><dl class='gallery-item'>\n\t\t\t<dt class='gallery-icon landscape'>\n\t\t\t\t<a href='https:\/\/isve.com\/fr\/2018-movimentatore-pbm-8-200-03-2\/'><img loading=\"lazy\" decoding=\"async\" width=\"150\" height=\"150\" src=\"https:\/\/isve.com\/wp-content\/uploads\/2025\/04\/2018-movimentatore-pbm-8-200-03-150x150.jpg\" class=\"attachment-thumbnail size-thumbnail\" alt=\"\" srcset=\"https:\/\/isve.com\/wp-content\/uploads\/2025\/04\/2018-movimentatore-pbm-8-200-03-150x150.jpg 150w, https:\/\/isve.com\/wp-content\/uploads\/2025\/04\/2018-movimentatore-pbm-8-200-03-1000x1000.jpg 1000w, https:\/\/isve.com\/wp-content\/uploads\/2025\/04\/2018-movimentatore-pbm-8-200-03-200x200.jpg 200w\" sizes=\"(max-width: 150px) 100vw, 150px\" \/><\/a>\n\t\t\t<\/dt><\/dl><dl class='gallery-item'>\n\t\t\t<dt class='gallery-icon landscape'>\n\t\t\t\t<a href='https:\/\/isve.com\/fr\/2018-movimentatore-pbm-8-200-2\/'><img loading=\"lazy\" decoding=\"async\" width=\"150\" height=\"150\" src=\"https:\/\/isve.com\/wp-content\/uploads\/2025\/04\/2018-movimentatore-pbm-8-200-150x150.jpg\" class=\"attachment-thumbnail size-thumbnail\" alt=\"\" srcset=\"https:\/\/isve.com\/wp-content\/uploads\/2025\/04\/2018-movimentatore-pbm-8-200-150x150.jpg 150w, https:\/\/isve.com\/wp-content\/uploads\/2025\/04\/2018-movimentatore-pbm-8-200-1000x1000.jpg 1000w, https:\/\/isve.com\/wp-content\/uploads\/2025\/04\/2018-movimentatore-pbm-8-200-200x200.jpg 200w\" sizes=\"(max-width: 150px) 100vw, 150px\" \/><\/a>\n\t\t\t<\/dt><\/dl><dl class='gallery-item'>\n\t\t\t<dt class='gallery-icon landscape'>\n\t\t\t\t<a href='https:\/\/isve.com\/fr\/2018-movimentatore-pbm-8-200-02-2\/'><img loading=\"lazy\" decoding=\"async\" width=\"150\" height=\"150\" src=\"https:\/\/isve.com\/wp-content\/uploads\/2025\/04\/2018-movimentatore-pbm-8-200-02-150x150.jpg\" class=\"attachment-thumbnail size-thumbnail\" alt=\"\" srcset=\"https:\/\/isve.com\/wp-content\/uploads\/2025\/04\/2018-movimentatore-pbm-8-200-02-150x150.jpg 150w, https:\/\/isve.com\/wp-content\/uploads\/2025\/04\/2018-movimentatore-pbm-8-200-02-1000x1000.jpg 1000w, https:\/\/isve.com\/wp-content\/uploads\/2025\/04\/2018-movimentatore-pbm-8-200-02-200x200.jpg 200w\" sizes=\"(max-width: 150px) 100vw, 150px\" \/><\/a>\n\t\t\t<\/dt><\/dl><br style=\"clear: both\" \/><dl class='gallery-item'>\n\t\t\t<dt class='gallery-icon portrait'>\n\t\t\t\t<a href='https:\/\/isve.com\/fr\/movimentatori-legno-img01-1-2\/'><img loading=\"lazy\" decoding=\"async\" width=\"150\" height=\"150\" src=\"https:\/\/isve.com\/wp-content\/uploads\/2025\/04\/movimentatori-legno-img01-1-150x150.jpg\" class=\"attachment-thumbnail size-thumbnail\" alt=\"\" srcset=\"https:\/\/isve.com\/wp-content\/uploads\/2025\/04\/movimentatori-legno-img01-1-150x150.jpg 150w, https:\/\/isve.com\/wp-content\/uploads\/2025\/04\/movimentatori-legno-img01-1-200x200.jpg 200w\" sizes=\"(max-width: 150px) 100vw, 150px\" \/><\/a>\n\t\t\t<\/dt><\/dl><dl class='gallery-item'>\n\t\t\t<dt class='gallery-icon landscape'>\n\t\t\t\t<a href='https:\/\/isve.com\/fr\/2018-movimentatore-pbm-8-200-04-2\/'><img loading=\"lazy\" decoding=\"async\" width=\"150\" height=\"150\" src=\"https:\/\/isve.com\/wp-content\/uploads\/2025\/04\/2018-movimentatore-pbm-8-200-04-150x150.jpg\" class=\"attachment-thumbnail size-thumbnail\" alt=\"\" srcset=\"https:\/\/isve.com\/wp-content\/uploads\/2025\/04\/2018-movimentatore-pbm-8-200-04-150x150.jpg 150w, https:\/\/isve.com\/wp-content\/uploads\/2025\/04\/2018-movimentatore-pbm-8-200-04-1000x1000.jpg 1000w, https:\/\/isve.com\/wp-content\/uploads\/2025\/04\/2018-movimentatore-pbm-8-200-04-200x200.jpg 200w\" sizes=\"(max-width: 150px) 100vw, 150px\" \/><\/a>\n\t\t\t<\/dt><\/dl><dl class='gallery-item'>\n\t\t\t<dt class='gallery-icon landscape'>\n\t\t\t\t<a href='https:\/\/isve.com\/fr\/movimentatori-legno-img03-2\/'><img loading=\"lazy\" decoding=\"async\" width=\"150\" height=\"150\" src=\"https:\/\/isve.com\/wp-content\/uploads\/2025\/04\/movimentatori-legno-img03-150x150.jpg\" class=\"attachment-thumbnail size-thumbnail\" alt=\"\" srcset=\"https:\/\/isve.com\/wp-content\/uploads\/2025\/04\/movimentatori-legno-img03-150x150.jpg 150w, https:\/\/isve.com\/wp-content\/uploads\/2025\/04\/movimentatori-legno-img03-200x200.jpg 200w\" sizes=\"(max-width: 150px) 100vw, 150px\" \/><\/a>\n\t\t\t<\/dt><\/dl><br style=\"clear: both\" \/><dl class='gallery-item'>\n\t\t\t<dt class='gallery-icon landscape'>\n\t\t\t\t<a href='https:\/\/isve.com\/fr\/equipements-traitement-bois\/dispositifs-de-levage-a-ventouses-sous-vide-pour-bois\/attachment\/movimentatore-hs3-2\/'><img loading=\"lazy\" decoding=\"async\" width=\"150\" height=\"150\" src=\"https:\/\/isve.com\/wp-content\/uploads\/2025\/09\/movimentatore-hs3-150x150.jpg\" class=\"attachment-thumbnail size-thumbnail\" alt=\"\" \/><\/a>\n\t\t\t<\/dt><\/dl><dl class='gallery-item'>\n\t\t\t<dt class='gallery-icon landscape'>\n\t\t\t\t<a href='https:\/\/isve.com\/fr\/movimentatore-1-2\/'><img loading=\"lazy\" decoding=\"async\" width=\"150\" height=\"150\" src=\"https:\/\/isve.com\/wp-content\/uploads\/2025\/04\/movimentatore-1-150x150.jpg\" class=\"attachment-thumbnail size-thumbnail\" alt=\"\" \/><\/a>\n\t\t\t<\/dt><\/dl><dl class='gallery-item'>\n\t\t\t<dt class='gallery-icon portrait'>\n\t\t\t\t<a href='https:\/\/isve.com\/fr\/movimentatori-automatici-1-1-2\/'><img loading=\"lazy\" decoding=\"async\" width=\"150\" height=\"150\" src=\"https:\/\/isve.com\/wp-content\/uploads\/2025\/04\/movimentatori-automatici-1-1-150x150.jpg\" class=\"attachment-thumbnail size-thumbnail\" alt=\"\" \/><\/a>\n\t\t\t<\/dt><\/dl><br style=\"clear: both\" \/><dl class='gallery-item'>\n\t\t\t<dt class='gallery-icon landscape'>\n\t\t\t\t<a href='https:\/\/isve.com\/fr\/movimentatore-a-ponte-1-2\/'><img loading=\"lazy\" decoding=\"async\" width=\"150\" height=\"150\" src=\"https:\/\/isve.com\/wp-content\/uploads\/2025\/04\/movimentatore-a-ponte-1-150x150.jpg\" class=\"attachment-thumbnail size-thumbnail\" alt=\"\" srcset=\"https:\/\/isve.com\/wp-content\/uploads\/2025\/04\/movimentatore-a-ponte-1-150x150.jpg 150w, https:\/\/isve.com\/wp-content\/uploads\/2025\/04\/movimentatore-a-ponte-1-200x200.jpg 200w\" sizes=\"(max-width: 150px) 100vw, 150px\" \/><\/a>\n\t\t\t<\/dt><\/dl>\n\t\t\t<br style='clear: both' \/>\n\t\t<\/div>\n\n","protected":false},"excerpt":{"rendered":"<p>Avec les manutentionnaires pour bois \u00e0 ventouse ISVE, il est possible de manutentionner de fa\u00e7on rapide et s\u00fbre des tables et autres \u00e9l\u00e9ments en bois. Ces installations de manutention exploitent la technologie du vide pour assurer une meilleure adh\u00e9rence du groupe \u00e0 ventouse sur la surface du bois, m\u00eame la plus irr\u00e9guli\u00e8re. Un ult\u00e9rieur point&hellip;<\/p>\n","protected":false},"author":1,"featured_media":0,"parent":15965,"menu_order":360,"comment_status":"closed","ping_status":"closed","template":"","meta":{"_acf_changed":false,"footnotes":""},"tags":[],"impaginazione":[],"divisione":[3690],"categorie_modelli":[],"class_list":["post-14694","page","type-page","status-publish","hentry","divisione-isve-wood","description-off"],"acf":[],"yoast_head":"<!-- This site is optimized with the Yoast SEO plugin v27.4 - https:\/\/yoast.com\/product\/yoast-seo-wordpress\/ -->\n<title>Dispositifs de levage pour bois - Photogallery - ISVE SpA - Traitement du bois - Recyclage - Broyeurs Granulateurs<\/title>\n<meta name=\"robots\" content=\"index, follow, max-snippet:-1, max-image-preview:large, max-video-preview:-1\" \/>\n<link rel=\"canonical\" href=\"https:\/\/isve.com\/fr\/equipements-traitement-bois\/dispositifs-de-levage-pour-bois-photogallery\/\" \/>\n<meta property=\"og:locale\" content=\"fr_FR\" \/>\n<meta property=\"og:type\" content=\"article\" \/>\n<meta property=\"og:title\" content=\"Dispositifs de levage pour bois - Photogallery - ISVE SpA - Traitement du bois - Recyclage - Broyeurs Granulateurs\" \/>\n<meta property=\"og:description\" content=\"Avec les manutentionnaires pour bois \u00e0 ventouse ISVE, il est possible de manutentionner de fa\u00e7on rapide et s\u00fbre des tables et autres \u00e9l\u00e9ments en bois. Ces installations de manutention exploitent la technologie du vide pour assurer une meilleure adh\u00e9rence du groupe \u00e0 ventouse sur la surface du bois, m\u00eame la plus irr\u00e9guli\u00e8re. Un ult\u00e9rieur point&hellip;\" \/>\n<meta property=\"og:url\" content=\"https:\/\/isve.com\/fr\/equipements-traitement-bois\/dispositifs-de-levage-pour-bois-photogallery\/\" \/>\n<meta property=\"og:site_name\" content=\"ISVE SpA - Traitement du bois - Recyclage - Broyeurs Granulateurs\" \/>\n<meta property=\"article:modified_time\" content=\"2025-09-07T10:40:02+00:00\" \/>\n<meta name=\"twitter:card\" content=\"summary_large_image\" \/>\n<meta name=\"twitter:label1\" content=\"Dur\u00e9e de lecture estim\u00e9e\" \/>\n\t<meta name=\"twitter:data1\" content=\"1 minute\" \/>\n<script type=\"application\/ld+json\" class=\"yoast-schema-graph\">{\"@context\":\"https:\\\/\\\/schema.org\",\"@graph\":[{\"@type\":\"WebPage\",\"@id\":\"https:\\\/\\\/isve.com\\\/fr\\\/equipements-traitement-bois\\\/dispositifs-de-levage-pour-bois-photogallery\\\/\",\"url\":\"https:\\\/\\\/isve.com\\\/fr\\\/equipements-traitement-bois\\\/dispositifs-de-levage-pour-bois-photogallery\\\/\",\"name\":\"Dispositifs de levage pour bois - Photogallery - ISVE SpA - Traitement du bois - Recyclage - Broyeurs Granulateurs\",\"isPartOf\":{\"@id\":\"https:\\\/\\\/isve.com\\\/fr\\\/#website\"},\"datePublished\":\"2019-12-19T09:25:23+00:00\",\"dateModified\":\"2025-09-07T10:40:02+00:00\",\"breadcrumb\":{\"@id\":\"https:\\\/\\\/isve.com\\\/fr\\\/equipements-traitement-bois\\\/dispositifs-de-levage-pour-bois-photogallery\\\/#breadcrumb\"},\"inLanguage\":\"fr-FR\",\"potentialAction\":[{\"@type\":\"ReadAction\",\"target\":[\"https:\\\/\\\/isve.com\\\/fr\\\/equipements-traitement-bois\\\/dispositifs-de-levage-pour-bois-photogallery\\\/\"]}]},{\"@type\":\"BreadcrumbList\",\"@id\":\"https:\\\/\\\/isve.com\\\/fr\\\/equipements-traitement-bois\\\/dispositifs-de-levage-pour-bois-photogallery\\\/#breadcrumb\",\"itemListElement\":[{\"@type\":\"ListItem\",\"position\":1,\"name\":\"Home\",\"item\":\"https:\\\/\\\/isve.com\\\/fr\\\/\"},{\"@type\":\"ListItem\",\"position\":2,\"name\":\"Produits Wood\",\"item\":\"https:\\\/\\\/isve.com\\\/fr\\\/equipements-traitement-bois\\\/\"},{\"@type\":\"ListItem\",\"position\":3,\"name\":\"Dispositifs de levage pour bois &#8211; Photogallery\"}]},{\"@type\":\"WebSite\",\"@id\":\"https:\\\/\\\/isve.com\\\/fr\\\/#website\",\"url\":\"https:\\\/\\\/isve.com\\\/fr\\\/\",\"name\":\"ISVE S.p.A.\",\"description\":\"Syst\u00e8mes de traitement du bois et pour dechiquetage broyage granulation\",\"publisher\":{\"@id\":\"https:\\\/\\\/isve.com\\\/fr\\\/#organization\"},\"potentialAction\":[{\"@type\":\"SearchAction\",\"target\":{\"@type\":\"EntryPoint\",\"urlTemplate\":\"https:\\\/\\\/isve.com\\\/fr\\\/?s={search_term_string}\"},\"query-input\":{\"@type\":\"PropertyValueSpecification\",\"valueRequired\":true,\"valueName\":\"search_term_string\"}}],\"inLanguage\":\"fr-FR\"},{\"@type\":\"Organization\",\"@id\":\"https:\\\/\\\/isve.com\\\/fr\\\/#organization\",\"name\":\"ISVE S.p.A.\",\"url\":\"https:\\\/\\\/isve.com\\\/fr\\\/\",\"logo\":{\"@type\":\"ImageObject\",\"inLanguage\":\"fr-FR\",\"@id\":\"https:\\\/\\\/isve.com\\\/fr\\\/#\\\/schema\\\/logo\\\/image\\\/\",\"url\":\"https:\\\/\\\/isve.com\\\/wp-content\\\/uploads\\\/2026\\\/01\\\/logo-isve-spa.png\",\"contentUrl\":\"https:\\\/\\\/isve.com\\\/wp-content\\\/uploads\\\/2026\\\/01\\\/logo-isve-spa.png\",\"width\":600,\"height\":173,\"caption\":\"ISVE S.p.A.\"},\"image\":{\"@id\":\"https:\\\/\\\/isve.com\\\/fr\\\/#\\\/schema\\\/logo\\\/image\\\/\"},\"sameAs\":[\"https:\\\/\\\/www.linkedin.com\\\/company\\\/69445471\",\"https:\\\/\\\/www.youtube.com\\\/@isves.p.a.8894\"]}]}<\/script>\n<!-- \/ Yoast SEO plugin. -->","yoast_head_json":{"title":"Dispositifs de levage pour bois - Photogallery - ISVE SpA - Traitement du bois - Recyclage - Broyeurs Granulateurs","robots":{"index":"index","follow":"follow","max-snippet":"max-snippet:-1","max-image-preview":"max-image-preview:large","max-video-preview":"max-video-preview:-1"},"canonical":"https:\/\/isve.com\/fr\/equipements-traitement-bois\/dispositifs-de-levage-pour-bois-photogallery\/","og_locale":"fr_FR","og_type":"article","og_title":"Dispositifs de levage pour bois - Photogallery - ISVE SpA - Traitement du bois - Recyclage - Broyeurs Granulateurs","og_description":"Avec les manutentionnaires pour bois \u00e0 ventouse ISVE, il est possible de manutentionner de fa\u00e7on rapide et s\u00fbre des tables et autres \u00e9l\u00e9ments en bois. Ces installations de manutention exploitent la technologie du vide pour assurer une meilleure adh\u00e9rence du groupe \u00e0 ventouse sur la surface du bois, m\u00eame la plus irr\u00e9guli\u00e8re. Un ult\u00e9rieur point&hellip;","og_url":"https:\/\/isve.com\/fr\/equipements-traitement-bois\/dispositifs-de-levage-pour-bois-photogallery\/","og_site_name":"ISVE SpA - Traitement du bois - Recyclage - Broyeurs Granulateurs","article_modified_time":"2025-09-07T10:40:02+00:00","twitter_card":"summary_large_image","twitter_misc":{"Dur\u00e9e de lecture estim\u00e9e":"1 minute"},"schema":{"@context":"https:\/\/schema.org","@graph":[{"@type":"WebPage","@id":"https:\/\/isve.com\/fr\/equipements-traitement-bois\/dispositifs-de-levage-pour-bois-photogallery\/","url":"https:\/\/isve.com\/fr\/equipements-traitement-bois\/dispositifs-de-levage-pour-bois-photogallery\/","name":"Dispositifs de levage pour bois - Photogallery - ISVE SpA - Traitement du bois - Recyclage - Broyeurs Granulateurs","isPartOf":{"@id":"https:\/\/isve.com\/fr\/#website"},"datePublished":"2019-12-19T09:25:23+00:00","dateModified":"2025-09-07T10:40:02+00:00","breadcrumb":{"@id":"https:\/\/isve.com\/fr\/equipements-traitement-bois\/dispositifs-de-levage-pour-bois-photogallery\/#breadcrumb"},"inLanguage":"fr-FR","potentialAction":[{"@type":"ReadAction","target":["https:\/\/isve.com\/fr\/equipements-traitement-bois\/dispositifs-de-levage-pour-bois-photogallery\/"]}]},{"@type":"BreadcrumbList","@id":"https:\/\/isve.com\/fr\/equipements-traitement-bois\/dispositifs-de-levage-pour-bois-photogallery\/#breadcrumb","itemListElement":[{"@type":"ListItem","position":1,"name":"Home","item":"https:\/\/isve.com\/fr\/"},{"@type":"ListItem","position":2,"name":"Produits Wood","item":"https:\/\/isve.com\/fr\/equipements-traitement-bois\/"},{"@type":"ListItem","position":3,"name":"Dispositifs de levage pour bois &#8211; Photogallery"}]},{"@type":"WebSite","@id":"https:\/\/isve.com\/fr\/#website","url":"https:\/\/isve.com\/fr\/","name":"ISVE S.p.A.","description":"Syst\u00e8mes de traitement du bois et pour dechiquetage broyage granulation","publisher":{"@id":"https:\/\/isve.com\/fr\/#organization"},"potentialAction":[{"@type":"SearchAction","target":{"@type":"EntryPoint","urlTemplate":"https:\/\/isve.com\/fr\/?s={search_term_string}"},"query-input":{"@type":"PropertyValueSpecification","valueRequired":true,"valueName":"search_term_string"}}],"inLanguage":"fr-FR"},{"@type":"Organization","@id":"https:\/\/isve.com\/fr\/#organization","name":"ISVE S.p.A.","url":"https:\/\/isve.com\/fr\/","logo":{"@type":"ImageObject","inLanguage":"fr-FR","@id":"https:\/\/isve.com\/fr\/#\/schema\/logo\/image\/","url":"https:\/\/isve.com\/wp-content\/uploads\/2026\/01\/logo-isve-spa.png","contentUrl":"https:\/\/isve.com\/wp-content\/uploads\/2026\/01\/logo-isve-spa.png","width":600,"height":173,"caption":"ISVE S.p.A."},"image":{"@id":"https:\/\/isve.com\/fr\/#\/schema\/logo\/image\/"},"sameAs":["https:\/\/www.linkedin.com\/company\/69445471","https:\/\/www.youtube.com\/@isves.p.a.8894"]}]}},"_links":{"self":[{"href":"https:\/\/isve.com\/fr\/wp-json\/wp\/v2\/pages\/14694","targetHints":{"allow":["GET"]}}],"collection":[{"href":"https:\/\/isve.com\/fr\/wp-json\/wp\/v2\/pages"}],"about":[{"href":"https:\/\/isve.com\/fr\/wp-json\/wp\/v2\/types\/page"}],"author":[{"embeddable":true,"href":"https:\/\/isve.com\/fr\/wp-json\/wp\/v2\/users\/1"}],"replies":[{"embeddable":true,"href":"https:\/\/isve.com\/fr\/wp-json\/wp\/v2\/comments?post=14694"}],"version-history":[{"count":2,"href":"https:\/\/isve.com\/fr\/wp-json\/wp\/v2\/pages\/14694\/revisions"}],"predecessor-version":[{"id":26471,"href":"https:\/\/isve.com\/fr\/wp-json\/wp\/v2\/pages\/14694\/revisions\/26471"}],"up":[{"embeddable":true,"href":"https:\/\/isve.com\/fr\/wp-json\/wp\/v2\/pages\/15965"}],"wp:attachment":[{"href":"https:\/\/isve.com\/fr\/wp-json\/wp\/v2\/media?parent=14694"}],"wp:term":[{"taxonomy":"post_tag","embeddable":true,"href":"https:\/\/isve.com\/fr\/wp-json\/wp\/v2\/tags?post=14694"},{"taxonomy":"impaginazione","embeddable":true,"href":"https:\/\/isve.com\/fr\/wp-json\/wp\/v2\/impaginazione?post=14694"},{"taxonomy":"divisione","embeddable":true,"href":"https:\/\/isve.com\/fr\/wp-json\/wp\/v2\/divisione?post=14694"},{"taxonomy":"categorie_modelli","embeddable":true,"href":"https:\/\/isve.com\/fr\/wp-json\/wp\/v2\/categorie_modelli?post=14694"}],"curies":[{"name":"wp","href":"https:\/\/api.w.org\/{rel}","templated":true}]}}