{"id":14673,"date":"2019-12-12T12:20:25","date_gmt":"2019-12-12T11:20:25","guid":{"rendered":"https:\/\/isve.com\/sechoirs-bois-es-esc\/sechoirs-modele-es-junior-es-2\/"},"modified":"2025-04-15T12:50:57","modified_gmt":"2025-04-15T10:50:57","slug":"sechoirs-modele-es-junior-es-2","status":"publish","type":"page","link":"https:\/\/isve.com\/fr\/equipements-traitement-bois\/sechoirs-bois-es-esc\/sechoirs-modele-es-junior-es-2\/","title":{"rendered":"S\u00e9choirs modele  ES Junior &#8211; ES 2"},"content":{"rendered":"<h2><strong>Mini-sechoir sous vide par le petit artisan<\/strong><\/h2>\n<p>Les <strong>s\u00e9choirs \u00e0 vide continu s\u00e9rie ES Junior et ES2<\/strong> sont les mini-s\u00e9choirs ISVE traditionnellement employ\u00e9s par le petit artisan. Ils enferment toute la technologie et l&#8217;exp\u00e9rience d\u00e9velopp\u00e9es le long de vingt ans de recherche dans le champ de l&#8217;application du vide pour le traitement du bois.<\/p>\n<p>L&#8217;installation, qui fonctionne \u00e0 basses temp\u00e9ratures, permet l&#8217;\u00e9vaporation de l&#8217;eau contenue dans le bois \u00e0 traiter <strong>sans<\/strong> le soumettre \u00e0 des <strong>sauts thermiques<\/strong> qui peuvent causer des fissures et des d\u00e9formations.<\/p>\n<p>L&#8217;eau \u00e9vapor\u00e9e qui reste en suspension dans l&#8217;enceinte maintient continuellement humidifi\u00e9s les surfaces du mat\u00e9riel en s\u00e9chage, en \u00e9vitant ainsi la formation des petites fissures que l&#8217;on trouve fr\u00e9quemment avec d&#8217;autres syst\u00e8mes de s\u00e9chage.<\/p>\n<p>Le gradient d&#8217;humidit\u00e9 n\u00e9cessaire entre ambiance et mat\u00e9riel, est constamment maintenu au moyen d&#8217;un condensateur qui fait pr\u00e9cipiter la vapeur en suspension.<\/p>\n<p>Le <strong>conditionnement<\/strong> de la <strong>chambre de s\u00e9chage<\/strong> est maintenu de fa\u00e7on <strong>constante<\/strong> et pr\u00e9alablement programm\u00e9e au moyen des sondes appliqu\u00e9es sur les circuits de chauffage, de condensation et sur le bois. Ce conditionnement ambiant d\u00e9clenche le processus de transmigration de l&#8217;eau \u00e0 travers les parois cellulaires du bois, de l&#8217;int\u00e9rieur vers la surface, d&#8217;o\u00f9 l&#8217;eau est \u00e9vapor\u00e9e ensuite jusqu&#8217;\u00e0 atteindre les conditions de s\u00e9chage souhait\u00e9es.<\/p>\n<p>L&#8217;eau de condensation qui se d\u00e9pose sur le fond de l&#8217;autoclave est p\u00e9riodiquement expuls\u00e9e pour maintenir constantes les conditions ambiantes.<\/p>\n<h2><strong>Mini s\u00e9choirs ISVE, nombreuses fonctions, avantages importants!<\/strong><\/h2>\n<ul>\n<li><strong>RAPIDITE DE SECHAGE<\/strong>&nbsp;gr\u00e2ce \u00e0: proc\u00e9dure dans l&#8217;absence d&#8217;air et \u00e0 basses temp\u00e9ratures qui permet des r\u00e9ductions des temps jamais atteintes avec aucune autre installation.<\/li>\n<li><strong>RESULTATS PARFAITS<\/strong>&nbsp;gr\u00e2ce \u00e0: absence des sensibles d\u00e9formations et des fissures; absence d&#8217;alt\u00e9rations de la couleur; absences des tensions internes; r\u00e9sistance inalt\u00e9r\u00e9e du mat\u00e9riel s\u00e9ch\u00e9.<\/li>\n<li><strong>POSSIBILITE DE SECHER<\/strong>: du mat\u00e9riel avec des \u00e9paisseurs \u00e9lev\u00e9es et avec l&#8217;humidit\u00e9 maximale; planches de tous les types et essences; produits semi-ouvr\u00e9s.<\/li>\n<li><strong>FAIBLES COUTS D&#8217;EXERCICE<\/strong>&nbsp;gr\u00e2ce \u00e0: des pertes thermiques minimales; une utilisation rationnelle de l&#8217;\u00e9nergie thermique et \u00e9lectrique; aucun besoin d&#8217;interventions manuelles.<\/li>\n<li><strong>FAIBLES COUTS D&#8217;ENTRETIEN<\/strong>&nbsp;gr\u00e2ce \u00e0: une construction simple et rationnelle; des simples dispositifs d&#8217;automation; des mat\u00e9riaux anticorrosion.<\/li>\n<\/ul>\n<h2><strong>Caract\u00e9ristiques principales<\/strong><\/h2>\n<ul>\n<li>Autoclave:<br \/>\n&#8211; en acier peint avec des produits \u00e9poxydiques pour le traitement des essences ligneuses sans tanin.<br \/>\n&#8211; en acier inox AISI 304 pour le s\u00e9chage du bois qui contient des agents corrosifs (ch\u00eane, ch\u00e2taignier, etc.)<\/li>\n<li>Rev\u00eatement isolant en mat\u00e9riel isolant.<\/li>\n<li>Ouverture \u00e0 chariot.<\/li>\n<li>Tableau \u00e9lectrique de commande avec microprocesseur pour la conduction en automatique du s\u00e9chage et de son arr\u00eat.<\/li>\n<li>Sondes sans fil de contr\u00f4le de l&#8217;humidit\u00e9 du bois.<\/li>\n<li>D\u00e9charge automatique de l&#8217;eau de condensation.<\/li>\n<li>Plaques \u00e9lectriques chauffantes en aluminium.<\/li>\n<li>Chevalet porte-plaques.<\/li>\n<li>Pompe \u00e0 vide lubrifi\u00e9e avec de l&#8217;huile.<\/li>\n<\/ul>\n<h2><strong>Accessoires sur demande:<\/strong><\/h2>\n<ul>\n<li>Syst\u00e8me Air-bag pressing<\/li>\n<li>Syst\u00e8me de d\u00e9sinfection contre les xylophages au moyen des pastilles insecticides<\/li>\n<\/ul>\n<p>Pour la mise en marche de la machine, il suffit de pr\u00e9voir une prise \u00e9lectrique et un puits de d\u00e9charge de l&#8217;eau de condensation.<\/p>\n","protected":false},"excerpt":{"rendered":"<p>Mini-sechoir sous vide par le petit artisan Les s\u00e9choirs \u00e0 vide continu s\u00e9rie ES Junior et ES2 sont les mini-s\u00e9choirs ISVE traditionnellement employ\u00e9s par le petit artisan. Ils enferment toute la technologie et l&#8217;exp\u00e9rience d\u00e9velopp\u00e9es le long de vingt ans de recherche dans le champ de l&#8217;application du vide pour le traitement du bois. L&#8217;installation,&hellip;<\/p>\n","protected":false},"author":1,"featured_media":14341,"parent":14670,"menu_order":189,"comment_status":"closed","ping_status":"closed","template":"","meta":{"_acf_changed":false,"footnotes":""},"tags":[],"impaginazione":[3692],"divisione":[3690],"categorie_modelli":[3721],"class_list":["post-14673","page","type-page","status-publish","has-post-thumbnail","hentry","impaginazione-modello-prodotto","divisione-isve-wood","categorie_modelli-essiccatoi-legno-es-esc","description-off"],"acf":[],"yoast_head":"<!-- This site is optimized with the Yoast SEO plugin v27.4 - https:\/\/yoast.com\/product\/yoast-seo-wordpress\/ -->\n<title>S\u00e9choirs modele ES Junior - ES 2 - ISVE SpA - Traitement du bois - Recyclage - Broyeurs Granulateurs<\/title>\n<meta name=\"robots\" content=\"index, follow, max-snippet:-1, max-image-preview:large, max-video-preview:-1\" \/>\n<link rel=\"canonical\" href=\"https:\/\/isve.com\/fr\/equipements-traitement-bois\/sechoirs-bois-es-esc\/sechoirs-modele-es-junior-es-2\/\" \/>\n<meta property=\"og:locale\" content=\"fr_FR\" \/>\n<meta property=\"og:type\" content=\"article\" \/>\n<meta property=\"og:title\" content=\"S\u00e9choirs modele ES Junior - ES 2 - ISVE SpA - Traitement du bois - Recyclage - Broyeurs Granulateurs\" \/>\n<meta property=\"og:description\" content=\"Mini-sechoir sous vide par le petit artisan Les s\u00e9choirs \u00e0 vide continu s\u00e9rie ES Junior et ES2 sont les mini-s\u00e9choirs ISVE traditionnellement employ\u00e9s par le petit artisan. Ils enferment toute la technologie et l&#8217;exp\u00e9rience d\u00e9velopp\u00e9es le long de vingt ans de recherche dans le champ de l&#8217;application du vide pour le traitement du bois. L&#8217;installation,&hellip;\" \/>\n<meta property=\"og:url\" content=\"https:\/\/isve.com\/fr\/equipements-traitement-bois\/sechoirs-bois-es-esc\/sechoirs-modele-es-junior-es-2\/\" \/>\n<meta property=\"og:site_name\" content=\"ISVE SpA - Traitement du bois - Recyclage - Broyeurs Granulateurs\" \/>\n<meta property=\"article:modified_time\" content=\"2025-04-15T10:50:57+00:00\" \/>\n<meta property=\"og:image\" content=\"https:\/\/isve.com\/wp-content\/uploads\/ES2L\/tt\/ES2Lettere.jpg\" \/>\n\t<meta property=\"og:image:width\" content=\"1920\" \/>\n\t<meta property=\"og:image:height\" content=\"579\" \/>\n\t<meta property=\"og:image:type\" content=\"image\/jpeg\" \/>\n<meta name=\"twitter:card\" content=\"summary_large_image\" \/>\n<meta name=\"twitter:label1\" content=\"Dur\u00e9e de lecture estim\u00e9e\" \/>\n\t<meta name=\"twitter:data1\" content=\"3 minutes\" \/>\n<script type=\"application\/ld+json\" class=\"yoast-schema-graph\">{\"@context\":\"https:\\\/\\\/schema.org\",\"@graph\":[{\"@type\":\"WebPage\",\"@id\":\"https:\\\/\\\/isve.com\\\/fr\\\/equipements-traitement-bois\\\/sechoirs-bois-es-esc\\\/sechoirs-modele-es-junior-es-2\\\/\",\"url\":\"https:\\\/\\\/isve.com\\\/fr\\\/equipements-traitement-bois\\\/sechoirs-bois-es-esc\\\/sechoirs-modele-es-junior-es-2\\\/\",\"name\":\"S\u00e9choirs modele ES Junior - ES 2 - ISVE SpA - Traitement du bois - Recyclage - Broyeurs Granulateurs\",\"isPartOf\":{\"@id\":\"https:\\\/\\\/isve.com\\\/fr\\\/#website\"},\"primaryImageOfPage\":{\"@id\":\"https:\\\/\\\/isve.com\\\/fr\\\/equipements-traitement-bois\\\/sechoirs-bois-es-esc\\\/sechoirs-modele-es-junior-es-2\\\/#primaryimage\"},\"image\":{\"@id\":\"https:\\\/\\\/isve.com\\\/fr\\\/equipements-traitement-bois\\\/sechoirs-bois-es-esc\\\/sechoirs-modele-es-junior-es-2\\\/#primaryimage\"},\"thumbnailUrl\":\"https:\\\/\\\/isve.com\\\/wp-content\\\/uploads\\\/ES2L\\\/tt\\\/ES2Lettere.jpg\",\"datePublished\":\"2019-12-12T11:20:25+00:00\",\"dateModified\":\"2025-04-15T10:50:57+00:00\",\"breadcrumb\":{\"@id\":\"https:\\\/\\\/isve.com\\\/fr\\\/equipements-traitement-bois\\\/sechoirs-bois-es-esc\\\/sechoirs-modele-es-junior-es-2\\\/#breadcrumb\"},\"inLanguage\":\"fr-FR\",\"potentialAction\":[{\"@type\":\"ReadAction\",\"target\":[\"https:\\\/\\\/isve.com\\\/fr\\\/equipements-traitement-bois\\\/sechoirs-bois-es-esc\\\/sechoirs-modele-es-junior-es-2\\\/\"]}]},{\"@type\":\"ImageObject\",\"inLanguage\":\"fr-FR\",\"@id\":\"https:\\\/\\\/isve.com\\\/fr\\\/equipements-traitement-bois\\\/sechoirs-bois-es-esc\\\/sechoirs-modele-es-junior-es-2\\\/#primaryimage\",\"url\":\"https:\\\/\\\/isve.com\\\/wp-content\\\/uploads\\\/ES2L\\\/tt\\\/ES2Lettere.jpg\",\"contentUrl\":\"https:\\\/\\\/isve.com\\\/wp-content\\\/uploads\\\/ES2L\\\/tt\\\/ES2Lettere.jpg\",\"width\":1920,\"height\":579},{\"@type\":\"BreadcrumbList\",\"@id\":\"https:\\\/\\\/isve.com\\\/fr\\\/equipements-traitement-bois\\\/sechoirs-bois-es-esc\\\/sechoirs-modele-es-junior-es-2\\\/#breadcrumb\",\"itemListElement\":[{\"@type\":\"ListItem\",\"position\":1,\"name\":\"Home\",\"item\":\"https:\\\/\\\/isve.com\\\/fr\\\/\"},{\"@type\":\"ListItem\",\"position\":2,\"name\":\"Produits Wood\",\"item\":\"https:\\\/\\\/isve.com\\\/fr\\\/equipements-traitement-bois\\\/\"},{\"@type\":\"ListItem\",\"position\":3,\"name\":\"Mod\u00e8les &#8211; S\u00e9choirs du bois ES-ESC\",\"item\":\"https:\\\/\\\/isve.com\\\/fr\\\/equipements-traitement-bois\\\/sechoirs-bois-es-esc\\\/\"},{\"@type\":\"ListItem\",\"position\":4,\"name\":\"S\u00e9choirs modele ES Junior &#8211; ES 2\"}]},{\"@type\":\"WebSite\",\"@id\":\"https:\\\/\\\/isve.com\\\/fr\\\/#website\",\"url\":\"https:\\\/\\\/isve.com\\\/fr\\\/\",\"name\":\"ISVE S.p.A.\",\"description\":\"Syst\u00e8mes de traitement du bois et pour dechiquetage broyage granulation\",\"publisher\":{\"@id\":\"https:\\\/\\\/isve.com\\\/fr\\\/#organization\"},\"potentialAction\":[{\"@type\":\"SearchAction\",\"target\":{\"@type\":\"EntryPoint\",\"urlTemplate\":\"https:\\\/\\\/isve.com\\\/fr\\\/?s={search_term_string}\"},\"query-input\":{\"@type\":\"PropertyValueSpecification\",\"valueRequired\":true,\"valueName\":\"search_term_string\"}}],\"inLanguage\":\"fr-FR\"},{\"@type\":\"Organization\",\"@id\":\"https:\\\/\\\/isve.com\\\/fr\\\/#organization\",\"name\":\"ISVE S.p.A.\",\"url\":\"https:\\\/\\\/isve.com\\\/fr\\\/\",\"logo\":{\"@type\":\"ImageObject\",\"inLanguage\":\"fr-FR\",\"@id\":\"https:\\\/\\\/isve.com\\\/fr\\\/#\\\/schema\\\/logo\\\/image\\\/\",\"url\":\"https:\\\/\\\/isve.com\\\/wp-content\\\/uploads\\\/2026\\\/01\\\/logo-isve-spa.png\",\"contentUrl\":\"https:\\\/\\\/isve.com\\\/wp-content\\\/uploads\\\/2026\\\/01\\\/logo-isve-spa.png\",\"width\":600,\"height\":173,\"caption\":\"ISVE S.p.A.\"},\"image\":{\"@id\":\"https:\\\/\\\/isve.com\\\/fr\\\/#\\\/schema\\\/logo\\\/image\\\/\"},\"sameAs\":[\"https:\\\/\\\/www.linkedin.com\\\/company\\\/69445471\",\"https:\\\/\\\/www.youtube.com\\\/@isves.p.a.8894\"]}]}<\/script>\n<!-- \/ Yoast SEO plugin. -->","yoast_head_json":{"title":"S\u00e9choirs modele ES Junior - ES 2 - ISVE SpA - Traitement du bois - Recyclage - Broyeurs Granulateurs","robots":{"index":"index","follow":"follow","max-snippet":"max-snippet:-1","max-image-preview":"max-image-preview:large","max-video-preview":"max-video-preview:-1"},"canonical":"https:\/\/isve.com\/fr\/equipements-traitement-bois\/sechoirs-bois-es-esc\/sechoirs-modele-es-junior-es-2\/","og_locale":"fr_FR","og_type":"article","og_title":"S\u00e9choirs modele ES Junior - ES 2 - ISVE SpA - Traitement du bois - Recyclage - Broyeurs Granulateurs","og_description":"Mini-sechoir sous vide par le petit artisan Les s\u00e9choirs \u00e0 vide continu s\u00e9rie ES Junior et ES2 sont les mini-s\u00e9choirs ISVE traditionnellement employ\u00e9s par le petit artisan. Ils enferment toute la technologie et l&#8217;exp\u00e9rience d\u00e9velopp\u00e9es le long de vingt ans de recherche dans le champ de l&#8217;application du vide pour le traitement du bois. L&#8217;installation,&hellip;","og_url":"https:\/\/isve.com\/fr\/equipements-traitement-bois\/sechoirs-bois-es-esc\/sechoirs-modele-es-junior-es-2\/","og_site_name":"ISVE SpA - Traitement du bois - Recyclage - Broyeurs Granulateurs","article_modified_time":"2025-04-15T10:50:57+00:00","og_image":[{"width":1920,"height":579,"url":"https:\/\/isve.com\/wp-content\/uploads\/ES2L\/tt\/ES2Lettere.jpg","type":"image\/jpeg"}],"twitter_card":"summary_large_image","twitter_misc":{"Dur\u00e9e de lecture estim\u00e9e":"3 minutes"},"schema":{"@context":"https:\/\/schema.org","@graph":[{"@type":"WebPage","@id":"https:\/\/isve.com\/fr\/equipements-traitement-bois\/sechoirs-bois-es-esc\/sechoirs-modele-es-junior-es-2\/","url":"https:\/\/isve.com\/fr\/equipements-traitement-bois\/sechoirs-bois-es-esc\/sechoirs-modele-es-junior-es-2\/","name":"S\u00e9choirs modele ES Junior - ES 2 - ISVE SpA - Traitement du bois - Recyclage - Broyeurs Granulateurs","isPartOf":{"@id":"https:\/\/isve.com\/fr\/#website"},"primaryImageOfPage":{"@id":"https:\/\/isve.com\/fr\/equipements-traitement-bois\/sechoirs-bois-es-esc\/sechoirs-modele-es-junior-es-2\/#primaryimage"},"image":{"@id":"https:\/\/isve.com\/fr\/equipements-traitement-bois\/sechoirs-bois-es-esc\/sechoirs-modele-es-junior-es-2\/#primaryimage"},"thumbnailUrl":"https:\/\/isve.com\/wp-content\/uploads\/ES2L\/tt\/ES2Lettere.jpg","datePublished":"2019-12-12T11:20:25+00:00","dateModified":"2025-04-15T10:50:57+00:00","breadcrumb":{"@id":"https:\/\/isve.com\/fr\/equipements-traitement-bois\/sechoirs-bois-es-esc\/sechoirs-modele-es-junior-es-2\/#breadcrumb"},"inLanguage":"fr-FR","potentialAction":[{"@type":"ReadAction","target":["https:\/\/isve.com\/fr\/equipements-traitement-bois\/sechoirs-bois-es-esc\/sechoirs-modele-es-junior-es-2\/"]}]},{"@type":"ImageObject","inLanguage":"fr-FR","@id":"https:\/\/isve.com\/fr\/equipements-traitement-bois\/sechoirs-bois-es-esc\/sechoirs-modele-es-junior-es-2\/#primaryimage","url":"https:\/\/isve.com\/wp-content\/uploads\/ES2L\/tt\/ES2Lettere.jpg","contentUrl":"https:\/\/isve.com\/wp-content\/uploads\/ES2L\/tt\/ES2Lettere.jpg","width":1920,"height":579},{"@type":"BreadcrumbList","@id":"https:\/\/isve.com\/fr\/equipements-traitement-bois\/sechoirs-bois-es-esc\/sechoirs-modele-es-junior-es-2\/#breadcrumb","itemListElement":[{"@type":"ListItem","position":1,"name":"Home","item":"https:\/\/isve.com\/fr\/"},{"@type":"ListItem","position":2,"name":"Produits Wood","item":"https:\/\/isve.com\/fr\/equipements-traitement-bois\/"},{"@type":"ListItem","position":3,"name":"Mod\u00e8les &#8211; S\u00e9choirs du bois ES-ESC","item":"https:\/\/isve.com\/fr\/equipements-traitement-bois\/sechoirs-bois-es-esc\/"},{"@type":"ListItem","position":4,"name":"S\u00e9choirs modele ES Junior &#8211; ES 2"}]},{"@type":"WebSite","@id":"https:\/\/isve.com\/fr\/#website","url":"https:\/\/isve.com\/fr\/","name":"ISVE S.p.A.","description":"Syst\u00e8mes de traitement du bois et pour dechiquetage broyage granulation","publisher":{"@id":"https:\/\/isve.com\/fr\/#organization"},"potentialAction":[{"@type":"SearchAction","target":{"@type":"EntryPoint","urlTemplate":"https:\/\/isve.com\/fr\/?s={search_term_string}"},"query-input":{"@type":"PropertyValueSpecification","valueRequired":true,"valueName":"search_term_string"}}],"inLanguage":"fr-FR"},{"@type":"Organization","@id":"https:\/\/isve.com\/fr\/#organization","name":"ISVE S.p.A.","url":"https:\/\/isve.com\/fr\/","logo":{"@type":"ImageObject","inLanguage":"fr-FR","@id":"https:\/\/isve.com\/fr\/#\/schema\/logo\/image\/","url":"https:\/\/isve.com\/wp-content\/uploads\/2026\/01\/logo-isve-spa.png","contentUrl":"https:\/\/isve.com\/wp-content\/uploads\/2026\/01\/logo-isve-spa.png","width":600,"height":173,"caption":"ISVE S.p.A."},"image":{"@id":"https:\/\/isve.com\/fr\/#\/schema\/logo\/image\/"},"sameAs":["https:\/\/www.linkedin.com\/company\/69445471","https:\/\/www.youtube.com\/@isves.p.a.8894"]}]}},"_links":{"self":[{"href":"https:\/\/isve.com\/fr\/wp-json\/wp\/v2\/pages\/14673","targetHints":{"allow":["GET"]}}],"collection":[{"href":"https:\/\/isve.com\/fr\/wp-json\/wp\/v2\/pages"}],"about":[{"href":"https:\/\/isve.com\/fr\/wp-json\/wp\/v2\/types\/page"}],"author":[{"embeddable":true,"href":"https:\/\/isve.com\/fr\/wp-json\/wp\/v2\/users\/1"}],"replies":[{"embeddable":true,"href":"https:\/\/isve.com\/fr\/wp-json\/wp\/v2\/comments?post=14673"}],"version-history":[{"count":0,"href":"https:\/\/isve.com\/fr\/wp-json\/wp\/v2\/pages\/14673\/revisions"}],"up":[{"embeddable":true,"href":"https:\/\/isve.com\/fr\/wp-json\/wp\/v2\/pages\/14670"}],"wp:featuredmedia":[{"embeddable":true,"href":"https:\/\/isve.com\/fr\/wp-json\/wp\/v2\/media\/14341"}],"wp:attachment":[{"href":"https:\/\/isve.com\/fr\/wp-json\/wp\/v2\/media?parent=14673"}],"wp:term":[{"taxonomy":"post_tag","embeddable":true,"href":"https:\/\/isve.com\/fr\/wp-json\/wp\/v2\/tags?post=14673"},{"taxonomy":"impaginazione","embeddable":true,"href":"https:\/\/isve.com\/fr\/wp-json\/wp\/v2\/impaginazione?post=14673"},{"taxonomy":"divisione","embeddable":true,"href":"https:\/\/isve.com\/fr\/wp-json\/wp\/v2\/divisione?post=14673"},{"taxonomy":"categorie_modelli","embeddable":true,"href":"https:\/\/isve.com\/fr\/wp-json\/wp\/v2\/categorie_modelli?post=14673"}],"curies":[{"name":"wp","href":"https:\/\/api.w.org\/{rel}","templated":true}]}}