{"id":14667,"date":"2019-12-11T19:23:30","date_gmt":"2019-12-11T18:23:30","guid":{"rendered":"https:\/\/isve.com\/sechoirs-modele-es-esc-introduction\/"},"modified":"2026-02-03T16:01:20","modified_gmt":"2026-02-03T15:01:20","slug":"sechoirs-modele-es-esc-introduction","status":"publish","type":"page","link":"https:\/\/isve.com\/fr\/equipements-traitement-bois\/sechoirs-modele-es-esc-introduction\/","title":{"rendered":"S\u00e9choirs mod\u00e8le ES-ESC: introduction"},"content":{"rendered":"<h2><strong>Plus grande vitesse du processus de sechage par rapport aux systemes traditionnels.<\/strong><\/h2>\n<p>Les <strong>s\u00e9choirs ISVE s\u00e9rie ES et ESC<\/strong> sont particuli\u00e8rement indiqu\u00e9s pour le\u00a0<strong>s\u00e9chage des semi-ouvr\u00e9s<\/strong>\u00a0des plus diverses essences ligneuses.<br \/>\nPour la r\u00e9ussite optimale du processus il est n\u00e9cessaire que le r\u00e9chauffement du bois ait lieu de fa\u00e7on graduelle et homog\u00e8ne. Ce r\u00e9sultat dans les mod\u00e8les ES et ESC est obtenu gr\u00e2ce \u00e0 une s\u00e9rie de plaques en aluminium qui diffusent la chaleur produite par les r\u00e9sistances \u00e9lectriques ou par l&#8217;eau chaude qui coule dans des serpentins correspondants.<br \/>\nLe processus de s\u00e9chage est enti\u00e8rement contr\u00f4l\u00e9 par PLC, ce qui permet un contr\u00f4le complet de la dispersion de chaleur et ainsi d&#8217;optimiser la consommation d&#8217;\u00e9nergie.<\/p>\n<p>Les <strong>dimensions limit\u00e9es<\/strong> de ces installations par rapport \u00e0 leur productivit\u00e9 permettent une \u00e9conomie d&#8217;espace consid\u00e9rable et leur placement facile \u00e0 l&#8217;int\u00e9rieur de l&#8217;entreprise sans devoir effectuer de travaux de ma\u00e7onnerie ou de connexion sp\u00e9ciaux.<\/p>\n<p>Les <strong>mat\u00e9riaux de qualit\u00e9<\/strong> employ\u00e9s dans la construction de l&#8217;autoclave, tels l&#8217;acier inox et l&#8217;aluminium, garantissent sa durabilit\u00e9 contre la corrosion, tandis que les composants qui proviennent de importantes entreprises italiennes et \u00e9trang\u00e8res permettent d&#8217;atteindre une haute fiabilit\u00e9.<\/p>\n<p>Cette caract\u00e9ristique, commune \u00e0 tous les s\u00e9choirs ISVE, se refl\u00e8te sur la haute qualit\u00e9 du s\u00e9chage r\u00e9alis\u00e9 dans des temps brefs et avec des co\u00fbts d&#8217;exercice extr\u00eamement limit\u00e9s.<\/p>\n<table border=\"1\">\n<tbody>\n<tr>\n<td><\/td>\n<td>FROM<\/td>\n<td>TO<\/td>\n<\/tr>\n<tr>\n<td>Stack sizes m3<\/td>\n<td>0,7<\/td>\n<td>20<\/td>\n<\/tr>\n<tr>\n<td>Internal lenght m<\/td>\n<td>5<\/td>\n<td>10<\/td>\n<\/tr>\n<tr>\n<td>Power KW<\/td>\n<td>3,6<\/td>\n<td>75<\/td>\n<\/tr>\n<tr>\n<td>Weight Kg<\/td>\n<td>800<\/td>\n<td>15.000<\/td>\n<\/tr>\n<tr>\n<td>Heating plates<\/td>\n<td>5<\/td>\n<td>68<\/td>\n<\/tr>\n<\/tbody>\n<\/table>\n<p><a class=\"btn btn-lg btn-block pulsante-giallo\" href=\"https:\/\/isve.com\/fr\/equipements-traitement-bois\/sechoirs-bois-es-esc\/\">VOIR TOUS LES MOD\u00c8LES<\/a><\/p>\n<hr \/>\n<p><img fetchpriority=\"high\" decoding=\"async\" class=\"wp-image-6021 size-medium aligncenter\" src=\"https:\/\/isve.com\/wp-content\/uploads\/\/Riscaldamento-600x282.jpg\" alt=\"\" width=\"600\" height=\"282\" \/><\/p>\n<p style=\"text-align: center;\"><strong>Syst\u00e8me de diffusion de chaleur des s\u00e9ries de s\u00e9cheurs ISVE ES et ESC<\/strong><\/p>\n<p>&nbsp;<\/p>\n<h3><strong>Les points forts de la s\u00e9rie ES-ESC<\/strong><\/h3>\n<p>S\u00e9cher rapidement et sans d\u00e9fauts est l&#8217;objectif que nous poursuivons chez ISVE depuis 40 ans consacr\u00e9s \u00e0 la recherche dans le domaine de l&#8217;application du vide. Les r\u00e9sultats que nous avons obtenu sont de deux ordres:<\/p>\n<blockquote><p><strong>1. QUANTITATIFS:<\/strong><\/p><\/blockquote>\n<p>&#8211; plus grande <strong>vitesse du processus de s\u00e9chage<\/strong> par rapport aux syst\u00e8mes traditionnels;<br \/>\n&#8211; abaissement des co\u00fbts d&#8217;exercice;<br \/>\n&#8211; r\u00e9duction des volumes de stockage du mat\u00e9riel en s\u00e9chage.<\/p>\n<blockquote><p><strong>2. QUALITATIFS:<\/strong><\/p><\/blockquote>\n<p>&#8211; homog\u00e9n\u00e9it\u00e9 maximale de l&#8217;humidit\u00e9 finale;<br \/>\n&#8211; r\u00e9duction maximale des ph\u00e9nom\u00e8nes de fissures et de torsion du mat\u00e9riel;<br \/>\n&#8211; respect des caract\u00e9ristiques naturelles du bois (couleur, noeuds, etc.);<br \/>\n&#8211; \u00e9limination des xylophages et autres parasites animaux.<\/p>\n<p>Investir dans la qualit\u00e9 d&#8217;une installation de s\u00e9chage signifie investir dans la qualit\u00e9 du bois.<\/p>\n<hr \/>\n<h3><strong>Comment choisir le modele ES ou ESC le plus adequat aux exigences particulieres<\/strong><\/h3>\n<p><strong>Comment choisir un s\u00e9choir sous vide<\/strong>, mais surtout comment le dimensionner sur la base des exigences particuli\u00e8res?<\/p>\n<p>Les param\u00e8tres principaux \u00e0 prendre en consid\u00e9ration sont les suivants:<\/p>\n<ul>\n<li>quantit\u00e9 en m\u00b3 du bois \u00e0 s\u00e9cher par unit\u00e9 de temps;<\/li>\n<li>essence ligneuse (pins, sapins, ch\u00eanes, etc.)<\/li>\n<li>\u00e9paisseur exprim\u00e9e en mm de la planche;<\/li>\n<li>humidit\u00e9 initiale.<\/li>\n<\/ul>\n<p>A partir du graphique on peut obtenir quelques indications sur les <strong>temps de s\u00e9chage<\/strong> sur la base de l&#8217;<strong>humidit\u00e9 initiale<\/strong> et de l&#8217;<strong>\u00e9paisseur du bois<\/strong>.<\/p>\n\n\t\t<style>\n\t\t\t#gallery-1 {\n\t\t\t\tmargin: auto;\n\t\t\t}\n\t\t\t#gallery-1 .gallery-item {\n\t\t\t\tfloat: left;\n\t\t\t\tmargin-top: 10px;\n\t\t\t\ttext-align: center;\n\t\t\t\twidth: 100%;\n\t\t\t}\n\t\t\t#gallery-1 img {\n\t\t\t\tborder: 2px solid #cfcfcf;\n\t\t\t}\n\t\t\t#gallery-1 .gallery-caption {\n\t\t\t\tmargin-left: 0;\n\t\t\t}\n\t\t\t\/* see gallery_shortcode() in wp-includes\/media.php *\/\n\t\t<\/style>\n\t\t<div id='gallery-1' class='gallery galleryid-14667 gallery-columns-1 gallery-size-large'><dl class='gallery-item'>\n\t\t\t<dt class='gallery-icon landscape'>\n\t\t\t\t<a href='https:\/\/isve.com\/fr\/tempi-di-essiccazione-es-esc-2\/'><img decoding=\"async\" width=\"1024\" height=\"350\" src=\"https:\/\/isve.com\/wp-content\/uploads\/2025\/04\/tempi-di-essiccazione-es-esc-1024x350.png\" class=\"attachment-large size-large\" alt=\"\" srcset=\"https:\/\/isve.com\/wp-content\/uploads\/2025\/04\/tempi-di-essiccazione-es-esc-1024x350.png 1024w, https:\/\/isve.com\/wp-content\/uploads\/2025\/04\/tempi-di-essiccazione-es-esc-600x205.png 600w, https:\/\/isve.com\/wp-content\/uploads\/2025\/04\/tempi-di-essiccazione-es-esc-768x263.png 768w, https:\/\/isve.com\/wp-content\/uploads\/2025\/04\/tempi-di-essiccazione-es-esc-1536x526.png 1536w, https:\/\/isve.com\/wp-content\/uploads\/2025\/04\/tempi-di-essiccazione-es-esc-1000x342.png 1000w, https:\/\/isve.com\/wp-content\/uploads\/2025\/04\/tempi-di-essiccazione-es-esc.png 1920w\" sizes=\"(max-width: 1024px) 100vw, 1024px\" \/><\/a>\n\t\t\t<\/dt><\/dl><br style=\"clear: both\" \/>\n\t\t<\/div>\n\n<p>En accordant l&#8217;humidit\u00e9 initiale du semi-ouvr\u00e9 avec la ligne droite de l&#8217;\u00e9paisseur et en descendant jusqu&#8217;\u00e0 l&#8217;intersection avec les lignes grises-blanches des diff\u00e9rentes essences ligneuses, on arrivera \u00e0 d\u00e9terminer la dur\u00e9e exprim\u00e9e en jours du processus de s\u00e9chage.<\/p>\n<p>Par exemple, en supposant que l&#8217;on veuille s\u00e9cher 50 m\u00b3 par mois de ch\u00eane avec 30% d&#8217;humidit\u00e9 initiale et avec une \u00e9paisseur de 32 mm, sur la base de la table on peut consid\u00e9rer un temps de s\u00e9chage d&#8217;un peu moins de 3 jours (humidit\u00e9 finale 10%).<br \/>\nDans l&#8217;espace d&#8217;un mois, en consid\u00e9rant la possibilit\u00e9 de l&#8217;installation de travailler en automatique, on pourra effectuer commod\u00e9ment 10 cycles de s\u00e9chage.<br \/>\nLa capacit\u00e9 nette de l&#8217;autoclave sera donc \u00e9gale \u00e0 : 50 m\u00b3\/mois \u00f7 10 cycles mois = 5 m\u00b3<\/p>\n<p>A partir de ce r\u00e9sultat il est facile de comprendre comme la r\u00e9duction des temps de s\u00e9chage permet de travailler avec des <strong>s\u00e9choirs de capacit\u00e9 limit\u00e9e<\/strong> par rapport au volume complet du produit s\u00e9ch\u00e9.<br \/>\nLes avantages sont clairement multiples et vont de l&#8217;<strong>\u00e9conomie de l&#8217;espace<\/strong>, \u00e0 la plus simple int\u00e9gration du processus de s\u00e9chage dans la logistique de l&#8217;entreprise.<br \/>\nEn outre, les caract\u00e9ristiques monolithiques des s\u00e9choirs ISVE permettent un placement facile \u00e0 la suite d&#8217;une \u00e9ventuelle r\u00e9organisation des lignes de travail de l&#8217;entreprise.<\/p>\n<p>La <strong>qualit\u00e9 du s\u00e9chage<\/strong> et la <strong>qualit\u00e9 de la conception<\/strong> se refl\u00e8tent donc dans les s\u00e9choirs ISVE s\u00e9rie ES et ESC dans la <strong>simplicit\u00e9 d&#8217;utilisation<\/strong> et dans l&#8217;<strong>int\u00e9gration facile<\/strong> dans le cycle de production de l&#8217;entreprise.<\/p>\n<hr \/>\n<h3><strong>Air-bag pressing<\/strong><\/h3>\n<h3>Exercer des pressions graduelles sur semi-ouvr\u00e9s de fiable \u00e9paisseur dans des conditions de vide maximum<\/h3>\n<p>S\u00e9cher le bois sans le soumettre \u00e0 des contraintes physiques particuli\u00e8res repr\u00e9sente une garantie en termes de stabilit\u00e9 et de dur\u00e9e du produit manufactur\u00e9. La contrainte des fibres ligneuses de fa\u00e7on irr\u00e9guli\u00e8re en soumettant la pile \u00e0 des forces de pression importantes peut avoir des cons\u00e9quences n\u00e9gatives surtout sur des pi\u00e8ces longues.<br \/>\nDans ce cas, les op\u00e9rations successives d\u00e9stabilisent l&#8217;\u00e9quilibre &#8220;forc\u00e9&#8221; des fibres en d\u00e9chargeant de fa\u00e7on irr\u00e9guli\u00e8re les tensions internes avec les cassures et les distorsions cons\u00e9quentes.<\/p>\n<p><img decoding=\"async\" class=\"wp-image-6396 size-medium aligncenter\" src=\"https:\/\/isve.com\/wp-content\/uploads\/\/AIR-BAG_2020-600x290.jpg\" alt=\"\" width=\"600\" height=\"290\" \/><\/p>\n<p>L&#8217;AIR-BAG PRESSING permet d&#8217;exercer des <strong>pressions graduelles<\/strong> et facilement r\u00e9glables m\u00eame dans des <strong>conditions de vide maximum<\/strong>. Cette technique est utilis\u00e9e pour des <strong>produits semi-ouvr\u00e9s de faible \u00e9paisseur<\/strong> o\u00f9 l&#8217;action de la pression peut \u00e9viter des distorsions ou corriger la courbure superficielle de certaines pi\u00e8ces.<br \/>\nUn avantage essentiel de l&#8217;utilisation de cette technique est que le cycle de travail des semi-ouvr\u00e9s s\u00e9ch\u00e9s ne doit pas pr\u00e9voir de devoir enlever par la suite du mat\u00e9riel.<\/p>\n<h3>Caract\u00e9ristiques principales<\/h3>\n<ul>\n<li>Coussin d&#8217;air \u00e0 double espace pour transf\u00e9rer la pression atmosph\u00e9rique \u00e0 la pile de bois plac\u00e9e \u00e0 l&#8217;int\u00e9rieur de l&#8217;autoclave;<\/li>\n<li>Syst\u00e8me de gonflage automatique pendant la phase de vide;<\/li>\n<li>Possibilit\u00e9 de r\u00e9guler la force d&#8217;action pendant tout le cycle de s\u00e9chage.<\/li>\n<\/ul>\n<hr \/>\n<p><a class=\"btn btn-lg btn-block pulsante-giallo\" href=\"https:\/\/isve.com\/fr\/equipements-traitement-bois\/sechoirs-bois-es-esc\/\">VOIR TOUS LES MOD\u00c8LES<\/a><\/p>\n<p style=\"text-align: center;\"><img loading=\"lazy\" decoding=\"async\" class=\"alignnone wp-image-4217 size-medium\" src=\"https:\/\/isve.com\/wp-content\/uploads\/\/essiccatoi-es-esc-img18-600x338.jpg\" alt=\"\" width=\"600\" height=\"338\" \/><\/p>\n<p>&nbsp;<\/p>\n","protected":false},"excerpt":{"rendered":"<p>Plus grande vitesse du processus de sechage par rapport aux systemes traditionnels. Les s\u00e9choirs ISVE s\u00e9rie ES et ESC sont particuli\u00e8rement indiqu\u00e9s pour le\u00a0s\u00e9chage des semi-ouvr\u00e9s\u00a0des plus diverses essences ligneuses. Pour la r\u00e9ussite optimale du processus il est n\u00e9cessaire que le r\u00e9chauffement du bois ait lieu de fa\u00e7on graduelle et homog\u00e8ne. Ce r\u00e9sultat dans les&hellip;<\/p>\n","protected":false},"author":1,"featured_media":14331,"parent":15965,"menu_order":213,"comment_status":"closed","ping_status":"closed","template":"","meta":{"_acf_changed":false,"footnotes":""},"tags":[],"impaginazione":[],"divisione":[3690],"categorie_modelli":[],"class_list":["post-14667","page","type-page","status-publish","has-post-thumbnail","hentry","divisione-isve-wood","description-off"],"acf":[],"yoast_head":"<!-- This site is optimized with the Yoast SEO plugin v27.4 - https:\/\/yoast.com\/product\/yoast-seo-wordpress\/ -->\n<title>S\u00e9choirs mod\u00e8le ES-ESC: introduction - ISVE SpA - Traitement du bois - Recyclage - Broyeurs Granulateurs<\/title>\n<meta name=\"robots\" content=\"index, follow, max-snippet:-1, max-image-preview:large, max-video-preview:-1\" \/>\n<link rel=\"canonical\" href=\"https:\/\/isve.com\/fr\/equipements-traitement-bois\/sechoirs-modele-es-esc-introduction\/\" \/>\n<meta property=\"og:locale\" content=\"fr_FR\" \/>\n<meta property=\"og:type\" content=\"article\" \/>\n<meta property=\"og:title\" content=\"S\u00e9choirs mod\u00e8le ES-ESC: introduction - ISVE SpA - Traitement du bois - Recyclage - Broyeurs Granulateurs\" \/>\n<meta property=\"og:description\" content=\"Plus grande vitesse du processus de sechage par rapport aux systemes traditionnels. Les s\u00e9choirs ISVE s\u00e9rie ES et ESC sont particuli\u00e8rement indiqu\u00e9s pour le\u00a0s\u00e9chage des semi-ouvr\u00e9s\u00a0des plus diverses essences ligneuses. Pour la r\u00e9ussite optimale du processus il est n\u00e9cessaire que le r\u00e9chauffement du bois ait lieu de fa\u00e7on graduelle et homog\u00e8ne. Ce r\u00e9sultat dans les&hellip;\" \/>\n<meta property=\"og:url\" content=\"https:\/\/isve.com\/fr\/equipements-traitement-bois\/sechoirs-modele-es-esc-introduction\/\" \/>\n<meta property=\"og:site_name\" content=\"ISVE SpA - Traitement du bois - Recyclage - Broyeurs Granulateurs\" \/>\n<meta property=\"article:modified_time\" content=\"2026-02-03T15:01:20+00:00\" \/>\n<meta property=\"og:image\" content=\"https:\/\/isve.com\/wp-content\/uploads\/essi\/ca\/essiccatoi_serie-es-esc_larga.jpg\" \/>\n\t<meta property=\"og:image:width\" content=\"1600\" \/>\n\t<meta property=\"og:image:height\" content=\"607\" \/>\n\t<meta property=\"og:image:type\" content=\"image\/jpeg\" \/>\n<meta name=\"twitter:card\" content=\"summary_large_image\" \/>\n<meta name=\"twitter:label1\" content=\"Dur\u00e9e de lecture estim\u00e9e\" \/>\n\t<meta name=\"twitter:data1\" content=\"5 minutes\" \/>\n<script type=\"application\/ld+json\" class=\"yoast-schema-graph\">{\"@context\":\"https:\\\/\\\/schema.org\",\"@graph\":[{\"@type\":\"WebPage\",\"@id\":\"https:\\\/\\\/isve.com\\\/fr\\\/equipements-traitement-bois\\\/sechoirs-modele-es-esc-introduction\\\/\",\"url\":\"https:\\\/\\\/isve.com\\\/fr\\\/equipements-traitement-bois\\\/sechoirs-modele-es-esc-introduction\\\/\",\"name\":\"S\u00e9choirs mod\u00e8le ES-ESC: introduction - ISVE SpA - Traitement du bois - Recyclage - Broyeurs Granulateurs\",\"isPartOf\":{\"@id\":\"https:\\\/\\\/isve.com\\\/fr\\\/#website\"},\"primaryImageOfPage\":{\"@id\":\"https:\\\/\\\/isve.com\\\/fr\\\/equipements-traitement-bois\\\/sechoirs-modele-es-esc-introduction\\\/#primaryimage\"},\"image\":{\"@id\":\"https:\\\/\\\/isve.com\\\/fr\\\/equipements-traitement-bois\\\/sechoirs-modele-es-esc-introduction\\\/#primaryimage\"},\"thumbnailUrl\":\"https:\\\/\\\/isve.com\\\/wp-content\\\/uploads\\\/essi\\\/ca\\\/essiccatoi_serie-es-esc_larga.jpg\",\"datePublished\":\"2019-12-11T18:23:30+00:00\",\"dateModified\":\"2026-02-03T15:01:20+00:00\",\"breadcrumb\":{\"@id\":\"https:\\\/\\\/isve.com\\\/fr\\\/equipements-traitement-bois\\\/sechoirs-modele-es-esc-introduction\\\/#breadcrumb\"},\"inLanguage\":\"fr-FR\",\"potentialAction\":[{\"@type\":\"ReadAction\",\"target\":[\"https:\\\/\\\/isve.com\\\/fr\\\/equipements-traitement-bois\\\/sechoirs-modele-es-esc-introduction\\\/\"]}]},{\"@type\":\"ImageObject\",\"inLanguage\":\"fr-FR\",\"@id\":\"https:\\\/\\\/isve.com\\\/fr\\\/equipements-traitement-bois\\\/sechoirs-modele-es-esc-introduction\\\/#primaryimage\",\"url\":\"https:\\\/\\\/isve.com\\\/wp-content\\\/uploads\\\/essi\\\/ca\\\/essiccatoi_serie-es-esc_larga.jpg\",\"contentUrl\":\"https:\\\/\\\/isve.com\\\/wp-content\\\/uploads\\\/essi\\\/ca\\\/essiccatoi_serie-es-esc_larga.jpg\",\"width\":1600,\"height\":607},{\"@type\":\"BreadcrumbList\",\"@id\":\"https:\\\/\\\/isve.com\\\/fr\\\/equipements-traitement-bois\\\/sechoirs-modele-es-esc-introduction\\\/#breadcrumb\",\"itemListElement\":[{\"@type\":\"ListItem\",\"position\":1,\"name\":\"Home\",\"item\":\"https:\\\/\\\/isve.com\\\/fr\\\/\"},{\"@type\":\"ListItem\",\"position\":2,\"name\":\"Produits Wood\",\"item\":\"https:\\\/\\\/isve.com\\\/fr\\\/equipements-traitement-bois\\\/\"},{\"@type\":\"ListItem\",\"position\":3,\"name\":\"S\u00e9choirs mod\u00e8le ES-ESC: introduction\"}]},{\"@type\":\"WebSite\",\"@id\":\"https:\\\/\\\/isve.com\\\/fr\\\/#website\",\"url\":\"https:\\\/\\\/isve.com\\\/fr\\\/\",\"name\":\"ISVE S.p.A.\",\"description\":\"Syst\u00e8mes de traitement du bois et pour dechiquetage broyage granulation\",\"publisher\":{\"@id\":\"https:\\\/\\\/isve.com\\\/fr\\\/#organization\"},\"potentialAction\":[{\"@type\":\"SearchAction\",\"target\":{\"@type\":\"EntryPoint\",\"urlTemplate\":\"https:\\\/\\\/isve.com\\\/fr\\\/?s={search_term_string}\"},\"query-input\":{\"@type\":\"PropertyValueSpecification\",\"valueRequired\":true,\"valueName\":\"search_term_string\"}}],\"inLanguage\":\"fr-FR\"},{\"@type\":\"Organization\",\"@id\":\"https:\\\/\\\/isve.com\\\/fr\\\/#organization\",\"name\":\"ISVE S.p.A.\",\"url\":\"https:\\\/\\\/isve.com\\\/fr\\\/\",\"logo\":{\"@type\":\"ImageObject\",\"inLanguage\":\"fr-FR\",\"@id\":\"https:\\\/\\\/isve.com\\\/fr\\\/#\\\/schema\\\/logo\\\/image\\\/\",\"url\":\"https:\\\/\\\/isve.com\\\/wp-content\\\/uploads\\\/2026\\\/01\\\/logo-isve-spa.png\",\"contentUrl\":\"https:\\\/\\\/isve.com\\\/wp-content\\\/uploads\\\/2026\\\/01\\\/logo-isve-spa.png\",\"width\":600,\"height\":173,\"caption\":\"ISVE S.p.A.\"},\"image\":{\"@id\":\"https:\\\/\\\/isve.com\\\/fr\\\/#\\\/schema\\\/logo\\\/image\\\/\"},\"sameAs\":[\"https:\\\/\\\/www.linkedin.com\\\/company\\\/69445471\",\"https:\\\/\\\/www.youtube.com\\\/@isves.p.a.8894\"]}]}<\/script>\n<!-- \/ Yoast SEO plugin. -->","yoast_head_json":{"title":"S\u00e9choirs mod\u00e8le ES-ESC: introduction - ISVE SpA - Traitement du bois - Recyclage - Broyeurs Granulateurs","robots":{"index":"index","follow":"follow","max-snippet":"max-snippet:-1","max-image-preview":"max-image-preview:large","max-video-preview":"max-video-preview:-1"},"canonical":"https:\/\/isve.com\/fr\/equipements-traitement-bois\/sechoirs-modele-es-esc-introduction\/","og_locale":"fr_FR","og_type":"article","og_title":"S\u00e9choirs mod\u00e8le ES-ESC: introduction - ISVE SpA - Traitement du bois - Recyclage - Broyeurs Granulateurs","og_description":"Plus grande vitesse du processus de sechage par rapport aux systemes traditionnels. Les s\u00e9choirs ISVE s\u00e9rie ES et ESC sont particuli\u00e8rement indiqu\u00e9s pour le\u00a0s\u00e9chage des semi-ouvr\u00e9s\u00a0des plus diverses essences ligneuses. Pour la r\u00e9ussite optimale du processus il est n\u00e9cessaire que le r\u00e9chauffement du bois ait lieu de fa\u00e7on graduelle et homog\u00e8ne. Ce r\u00e9sultat dans les&hellip;","og_url":"https:\/\/isve.com\/fr\/equipements-traitement-bois\/sechoirs-modele-es-esc-introduction\/","og_site_name":"ISVE SpA - Traitement du bois - Recyclage - Broyeurs Granulateurs","article_modified_time":"2026-02-03T15:01:20+00:00","og_image":[{"width":1600,"height":607,"url":"https:\/\/isve.com\/wp-content\/uploads\/essi\/ca\/essiccatoi_serie-es-esc_larga.jpg","type":"image\/jpeg"}],"twitter_card":"summary_large_image","twitter_misc":{"Dur\u00e9e de lecture estim\u00e9e":"5 minutes"},"schema":{"@context":"https:\/\/schema.org","@graph":[{"@type":"WebPage","@id":"https:\/\/isve.com\/fr\/equipements-traitement-bois\/sechoirs-modele-es-esc-introduction\/","url":"https:\/\/isve.com\/fr\/equipements-traitement-bois\/sechoirs-modele-es-esc-introduction\/","name":"S\u00e9choirs mod\u00e8le ES-ESC: introduction - ISVE SpA - Traitement du bois - Recyclage - Broyeurs Granulateurs","isPartOf":{"@id":"https:\/\/isve.com\/fr\/#website"},"primaryImageOfPage":{"@id":"https:\/\/isve.com\/fr\/equipements-traitement-bois\/sechoirs-modele-es-esc-introduction\/#primaryimage"},"image":{"@id":"https:\/\/isve.com\/fr\/equipements-traitement-bois\/sechoirs-modele-es-esc-introduction\/#primaryimage"},"thumbnailUrl":"https:\/\/isve.com\/wp-content\/uploads\/essi\/ca\/essiccatoi_serie-es-esc_larga.jpg","datePublished":"2019-12-11T18:23:30+00:00","dateModified":"2026-02-03T15:01:20+00:00","breadcrumb":{"@id":"https:\/\/isve.com\/fr\/equipements-traitement-bois\/sechoirs-modele-es-esc-introduction\/#breadcrumb"},"inLanguage":"fr-FR","potentialAction":[{"@type":"ReadAction","target":["https:\/\/isve.com\/fr\/equipements-traitement-bois\/sechoirs-modele-es-esc-introduction\/"]}]},{"@type":"ImageObject","inLanguage":"fr-FR","@id":"https:\/\/isve.com\/fr\/equipements-traitement-bois\/sechoirs-modele-es-esc-introduction\/#primaryimage","url":"https:\/\/isve.com\/wp-content\/uploads\/essi\/ca\/essiccatoi_serie-es-esc_larga.jpg","contentUrl":"https:\/\/isve.com\/wp-content\/uploads\/essi\/ca\/essiccatoi_serie-es-esc_larga.jpg","width":1600,"height":607},{"@type":"BreadcrumbList","@id":"https:\/\/isve.com\/fr\/equipements-traitement-bois\/sechoirs-modele-es-esc-introduction\/#breadcrumb","itemListElement":[{"@type":"ListItem","position":1,"name":"Home","item":"https:\/\/isve.com\/fr\/"},{"@type":"ListItem","position":2,"name":"Produits Wood","item":"https:\/\/isve.com\/fr\/equipements-traitement-bois\/"},{"@type":"ListItem","position":3,"name":"S\u00e9choirs mod\u00e8le ES-ESC: introduction"}]},{"@type":"WebSite","@id":"https:\/\/isve.com\/fr\/#website","url":"https:\/\/isve.com\/fr\/","name":"ISVE S.p.A.","description":"Syst\u00e8mes de traitement du bois et pour dechiquetage broyage granulation","publisher":{"@id":"https:\/\/isve.com\/fr\/#organization"},"potentialAction":[{"@type":"SearchAction","target":{"@type":"EntryPoint","urlTemplate":"https:\/\/isve.com\/fr\/?s={search_term_string}"},"query-input":{"@type":"PropertyValueSpecification","valueRequired":true,"valueName":"search_term_string"}}],"inLanguage":"fr-FR"},{"@type":"Organization","@id":"https:\/\/isve.com\/fr\/#organization","name":"ISVE S.p.A.","url":"https:\/\/isve.com\/fr\/","logo":{"@type":"ImageObject","inLanguage":"fr-FR","@id":"https:\/\/isve.com\/fr\/#\/schema\/logo\/image\/","url":"https:\/\/isve.com\/wp-content\/uploads\/2026\/01\/logo-isve-spa.png","contentUrl":"https:\/\/isve.com\/wp-content\/uploads\/2026\/01\/logo-isve-spa.png","width":600,"height":173,"caption":"ISVE S.p.A."},"image":{"@id":"https:\/\/isve.com\/fr\/#\/schema\/logo\/image\/"},"sameAs":["https:\/\/www.linkedin.com\/company\/69445471","https:\/\/www.youtube.com\/@isves.p.a.8894"]}]}},"_links":{"self":[{"href":"https:\/\/isve.com\/fr\/wp-json\/wp\/v2\/pages\/14667","targetHints":{"allow":["GET"]}}],"collection":[{"href":"https:\/\/isve.com\/fr\/wp-json\/wp\/v2\/pages"}],"about":[{"href":"https:\/\/isve.com\/fr\/wp-json\/wp\/v2\/types\/page"}],"author":[{"embeddable":true,"href":"https:\/\/isve.com\/fr\/wp-json\/wp\/v2\/users\/1"}],"replies":[{"embeddable":true,"href":"https:\/\/isve.com\/fr\/wp-json\/wp\/v2\/comments?post=14667"}],"version-history":[{"count":1,"href":"https:\/\/isve.com\/fr\/wp-json\/wp\/v2\/pages\/14667\/revisions"}],"predecessor-version":[{"id":27783,"href":"https:\/\/isve.com\/fr\/wp-json\/wp\/v2\/pages\/14667\/revisions\/27783"}],"up":[{"embeddable":true,"href":"https:\/\/isve.com\/fr\/wp-json\/wp\/v2\/pages\/15965"}],"wp:featuredmedia":[{"embeddable":true,"href":"https:\/\/isve.com\/fr\/wp-json\/wp\/v2\/media\/14331"}],"wp:attachment":[{"href":"https:\/\/isve.com\/fr\/wp-json\/wp\/v2\/media?parent=14667"}],"wp:term":[{"taxonomy":"post_tag","embeddable":true,"href":"https:\/\/isve.com\/fr\/wp-json\/wp\/v2\/tags?post=14667"},{"taxonomy":"impaginazione","embeddable":true,"href":"https:\/\/isve.com\/fr\/wp-json\/wp\/v2\/impaginazione?post=14667"},{"taxonomy":"divisione","embeddable":true,"href":"https:\/\/isve.com\/fr\/wp-json\/wp\/v2\/divisione?post=14667"},{"taxonomy":"categorie_modelli","embeddable":true,"href":"https:\/\/isve.com\/fr\/wp-json\/wp\/v2\/categorie_modelli?post=14667"}],"curies":[{"name":"wp","href":"https:\/\/api.w.org\/{rel}","templated":true}]}}