{"id":14664,"date":"2019-12-11T17:59:28","date_gmt":"2019-12-11T16:59:28","guid":{"rendered":"https:\/\/isve.com\/sechoirs-a-vide-continu-pour-bois\/"},"modified":"2026-02-03T16:00:21","modified_gmt":"2026-02-03T15:00:21","slug":"sechoirs-a-vide-continu-pour-bois","status":"publish","type":"page","link":"https:\/\/isve.com\/fr\/equipements-traitement-bois\/sechoirs-a-vide-continu-pour-bois\/","title":{"rendered":"S\u00e9choirs a vide continu pour bois"},"content":{"rendered":"<h2><strong>S\u00e9choirs \u00e0 bois \u00e0 vide continu ISVE<\/strong><\/h2>\n<blockquote>\n<h3><em>&#8220;Chauffer uniquement l\u00e0 o\u00f9 cela est n\u00e9cessaire et avec une efficacit\u00e9 maximale.&#8221;<\/em><\/h3>\n<\/blockquote>\n<p>C&#8217;est l&#8217;objectif que ISVE poursuit depuis d\u00e9sormais 40 ans en se concentrant sur la recherche de machineries qui exploitent le vide.<br \/>\nUn engagement qui a permis \u00e0 l&#8217;entreprise de Brescia de mettre au point des <strong>installations pour le s\u00e9chage de bois<\/strong> de qualit\u00e9 sup\u00e9rieure, qui assurent une plus grande vitesse du processus de s\u00e9chage, un abattement des couts d&#8217;exercice et une sensible r\u00e9duction des volumes de stockage su mat\u00e9riel en s\u00e9chage.<\/p>\n<p><strong>Chauffer uniquement l\u00e0 o\u00f9 cela est n\u00e9cessaire<\/strong> et avec une <strong>efficacit\u00e9 maximale<\/strong>, telle est la philosophie des nouveaux s\u00e9cheurs sous vide ISVE, tant avec <strong>chauffage \u00e0 plaques<\/strong> qu\u2019<strong>\u00e0 vide discontinu<\/strong>. La pile de bois \u00e0 s\u00e9cher n\u2019est jamais uniforme et fournir plus d\u2019\u00e9nergie thermique lorsque le bois est plus humide ou plus froid,<br \/>\nc\u2019est le secret pour obtenir <strong>un degr\u00e9 \u00e9lev\u00e9 d\u2019uniformit\u00e9 et de qualit\u00e9<\/strong> du bois trait\u00e9.<\/p>\n<p><img fetchpriority=\"high\" decoding=\"async\" class=\"wp-image-6095 size-medium aligncenter\" src=\"https:\/\/isve.com\/wp-content\/uploads\/\/Screenshot_20200329-234913_VNC-Viewer-600x284.jpg\" alt=\"\" width=\"600\" height=\"284\" \/><\/p>\n<p>Toutes les installations sont \u00e9quip\u00e9es d\u2019une gestion par PLC avec une <strong>interface utilisateur<\/strong><br \/>\n<strong>simple \u00e0 g\u00e9rer<\/strong>.<\/p>\n<p><strong>Trois niveaux d\u2019op\u00e9ration diff\u00e9rents<\/strong> s\u2019adaptent au type d\u2019op\u00e9rateur et \u00e0 son exp\u00e9rience.<br \/>\nUn premier niveau permet de d\u00e9marrer avec des cycles de fonctionnement d\u00e9j\u00e0 enregistr\u00e9s dans la machine.<br \/>\nPour les utilisateurs les plus exigeants et les experts, il est possible d\u2019<strong>\u00e9crire un programme de s\u00e9chage complet et de le m\u00e9moriser<\/strong> plus tard parmi les cycles personnalis\u00e9s.<\/p>\n<p>Toutes les machines sont configur\u00e9es avec une <strong>assistance \u00e0 distance<\/strong>, sans qu\u2019il soit n\u00e9cessaire de les connecter \u00e0 un terminal interm\u00e9diaire (PC ou Notebook).<\/p>\n<p>Les s\u00e9cheurs ISVE r\u00e9pondent aux <strong>standards d\u2019automatisation les plus \u00e9lev\u00e9s<\/strong>.<\/p>\n<p><img decoding=\"async\" class=\"wp-image-6090 size-medium aligncenter\" src=\"https:\/\/isve.com\/wp-content\/uploads\/\/20191114_155942-600x292.jpg\" alt=\"\" width=\"600\" height=\"292\" \/><\/p>\n<p>&nbsp;<\/p>\n<p>Pour satisfaire les exigences diversifi\u00e9es de ses propres clients, ISVE propose <strong>diff\u00e9rents mod\u00e9les de s\u00e9choirs<\/strong>:<\/p>\n<hr \/>\n<h3><strong>S\u00c9CHEURS<\/strong> <strong>SOUS VIDE S\u00c9RIE ES &#8211; ESC<\/strong><\/h3>\n<p><strong>avec chauffage \u00e0 plaques \u00e9lectriques et \u00e0 eau chaude, adapt\u00e9s au traitement principalement du bois semi-fini, o\u00f9 vous voulez la garantie d\u2019un r\u00e9sultat final parfait avec des temps de s\u00e9chage r\u00e9duits.<\/strong><\/p>\n\n\t\t<style>\n\t\t\t#gallery-1 {\n\t\t\t\tmargin: auto;\n\t\t\t}\n\t\t\t#gallery-1 .gallery-item {\n\t\t\t\tfloat: left;\n\t\t\t\tmargin-top: 10px;\n\t\t\t\ttext-align: center;\n\t\t\t\twidth: 100%;\n\t\t\t}\n\t\t\t#gallery-1 img {\n\t\t\t\tborder: 2px solid #cfcfcf;\n\t\t\t}\n\t\t\t#gallery-1 .gallery-caption {\n\t\t\t\tmargin-left: 0;\n\t\t\t}\n\t\t\t\/* see gallery_shortcode() in wp-includes\/media.php *\/\n\t\t<\/style>\n\t\t<div id='gallery-1' class='gallery galleryid-14664 gallery-columns-1 gallery-size-large'><dl class='gallery-item'>\n\t\t\t<dt class='gallery-icon landscape'>\n\t\t\t\t<a href='https:\/\/isve.com\/fr\/tempi-di-essiccazione-es-esc-2\/'><img decoding=\"async\" width=\"1024\" height=\"350\" src=\"https:\/\/isve.com\/wp-content\/uploads\/2025\/04\/tempi-di-essiccazione-es-esc-1024x350.png\" class=\"attachment-large size-large\" alt=\"\" srcset=\"https:\/\/isve.com\/wp-content\/uploads\/2025\/04\/tempi-di-essiccazione-es-esc-1024x350.png 1024w, https:\/\/isve.com\/wp-content\/uploads\/2025\/04\/tempi-di-essiccazione-es-esc-600x205.png 600w, https:\/\/isve.com\/wp-content\/uploads\/2025\/04\/tempi-di-essiccazione-es-esc-768x263.png 768w, https:\/\/isve.com\/wp-content\/uploads\/2025\/04\/tempi-di-essiccazione-es-esc-1536x526.png 1536w, https:\/\/isve.com\/wp-content\/uploads\/2025\/04\/tempi-di-essiccazione-es-esc-1000x342.png 1000w, https:\/\/isve.com\/wp-content\/uploads\/2025\/04\/tempi-di-essiccazione-es-esc.png 1920w\" sizes=\"(max-width: 1024px) 100vw, 1024px\" \/><\/a>\n\t\t\t<\/dt><\/dl><br style=\"clear: both\" \/>\n\t\t<\/div>\n\n<p>Avec les <strong>s\u00e9choirs sous-vide ESC-ES<\/strong>, qui utilisent des plaques chauffantes control\u00e9es par PC, il est possible de r\u00e9aliser le s\u00e9chage du bois en garantissant un standard qualitatif \u00e9lev\u00e9. La s\u00e9rie comprend tant des mini-s\u00e9choirs que des s\u00e9choirs \u00e0 ouverture verticale et encore des s\u00e9choirs pour grandes menuiseries et commercants de bois.<\/p>\n<p><a class=\"btn btn-lg btn-block pulsante-giallo\" href=\"https:\/\/isve.com\/fr\/equipements-traitement-bois\/sechoirs-modele-es-esc-introduction\/\">D\u00c9COUVREZ<\/a><\/p>\n<hr \/>\n<h3><strong>S\u00c9CHEURS S\u00c9RIE EMV<\/strong><\/h3>\n<p><strong>\u00e0 vide discontinu, o\u00f9 un syst\u00e8me sophistiqu\u00e9 de distribution de l\u2019air chaud alternant avec des phases de vide, permet de s\u00e9cher de mani\u00e8re appropri\u00e9e les planches de bois opportun\u00e9ment latt\u00e9 avec des temps de fonctionnement divis\u00e9s par deux par rapport aux syst\u00e8mes \u00e0 air conventionnels<\/strong><strong>.<\/strong><\/p>\n\n\t\t<style>\n\t\t\t#gallery-2 {\n\t\t\t\tmargin: auto;\n\t\t\t}\n\t\t\t#gallery-2 .gallery-item {\n\t\t\t\tfloat: left;\n\t\t\t\tmargin-top: 10px;\n\t\t\t\ttext-align: center;\n\t\t\t\twidth: 100%;\n\t\t\t}\n\t\t\t#gallery-2 img {\n\t\t\t\tborder: 2px solid #cfcfcf;\n\t\t\t}\n\t\t\t#gallery-2 .gallery-caption {\n\t\t\t\tmargin-left: 0;\n\t\t\t}\n\t\t\t\/* see gallery_shortcode() in wp-includes\/media.php *\/\n\t\t<\/style>\n\t\t<div id='gallery-2' class='gallery galleryid-14664 gallery-columns-1 gallery-size-large'><dl class='gallery-item'>\n\t\t\t<dt class='gallery-icon landscape'>\n\t\t\t\t<a href='https:\/\/isve.com\/fr\/tempi-di-essiccazione-em-2\/'><img loading=\"lazy\" decoding=\"async\" width=\"1024\" height=\"350\" src=\"https:\/\/isve.com\/wp-content\/uploads\/2025\/04\/tempi-di-essiccazione-em-1024x350.png\" class=\"attachment-large size-large\" alt=\"\" srcset=\"https:\/\/isve.com\/wp-content\/uploads\/2025\/04\/tempi-di-essiccazione-em-1024x350.png 1024w, https:\/\/isve.com\/wp-content\/uploads\/2025\/04\/tempi-di-essiccazione-em-600x205.png 600w, https:\/\/isve.com\/wp-content\/uploads\/2025\/04\/tempi-di-essiccazione-em-768x263.png 768w, https:\/\/isve.com\/wp-content\/uploads\/2025\/04\/tempi-di-essiccazione-em-1536x526.png 1536w, https:\/\/isve.com\/wp-content\/uploads\/2025\/04\/tempi-di-essiccazione-em-1000x342.png 1000w, https:\/\/isve.com\/wp-content\/uploads\/2025\/04\/tempi-di-essiccazione-em.png 1920w\" sizes=\"(max-width: 1024px) 100vw, 1024px\" \/><\/a>\n\t\t\t<\/dt><\/dl><br style=\"clear: both\" \/>\n\t\t<\/div>\n\n<p>Les <strong>s\u00e9choirs pour bois ISVE s\u00e9rie EM<\/strong> sont particuli\u00e9rement indiqu\u00e9s pour le s\u00e9chage de tables de bois dans les plus disparates essences. Ces installations de s\u00e9chage sont dites &#8220;<strong>a vide continu\/discontinu<\/strong>&#8221; parce que la phase du vide peut etre interrompue par des cycles d&#8217;air chaud et humide qui permettent un rapide r\u00e9chauffement et s\u00e9chage du bois. La simplicit\u00e9 de construction, le peu d&#8217;organes en mouvement, l&#8217;abondant emploi de mat\u00e9riaux inoxydables et l&#8217;automaticit\u00e9 du processus rendent, en outre, possible l&#8217;emploi de ces s\u00e9choirs avec des bas couts d&#8217;exercise et des standards qualitatifs \u00e9lev\u00e9s.<\/p>\n<p><a class=\"btn btn-lg btn-block pulsante-giallo\" href=\"https:\/\/isve.com\/fr\/equipements-traitement-bois\/sechoirs-modele-em-introduction\/\">D\u00c9COUVREZ<\/a><\/p>\n","protected":false},"excerpt":{"rendered":"<p>S\u00e9choirs \u00e0 bois \u00e0 vide continu ISVE &#8220;Chauffer uniquement l\u00e0 o\u00f9 cela est n\u00e9cessaire et avec une efficacit\u00e9 maximale.&#8221; C&#8217;est l&#8217;objectif que ISVE poursuit depuis d\u00e9sormais 40 ans en se concentrant sur la recherche de machineries qui exploitent le vide. Un engagement qui a permis \u00e0 l&#8217;entreprise de Brescia de mettre au point des installations&hellip;<\/p>\n","protected":false},"author":1,"featured_media":14326,"parent":15965,"menu_order":202,"comment_status":"closed","ping_status":"closed","template":"","meta":{"_acf_changed":false,"footnotes":""},"tags":[],"impaginazione":[],"divisione":[3690],"categorie_modelli":[],"class_list":["post-14664","page","type-page","status-publish","has-post-thumbnail","hentry","divisione-isve-wood","description-off"],"acf":[],"yoast_head":"<!-- This site is optimized with the Yoast SEO plugin v27.4 - https:\/\/yoast.com\/product\/yoast-seo-wordpress\/ -->\n<title>S\u00e9choirs a vide continu pour bois - ISVE SpA - Traitement du bois - Recyclage - Broyeurs Granulateurs<\/title>\n<meta name=\"robots\" content=\"index, follow, max-snippet:-1, max-image-preview:large, max-video-preview:-1\" \/>\n<link rel=\"canonical\" href=\"https:\/\/isve.com\/fr\/equipements-traitement-bois\/sechoirs-a-vide-continu-pour-bois\/\" \/>\n<meta property=\"og:locale\" content=\"fr_FR\" \/>\n<meta property=\"og:type\" content=\"article\" \/>\n<meta property=\"og:title\" content=\"S\u00e9choirs a vide continu pour bois - ISVE SpA - Traitement du bois - Recyclage - Broyeurs Granulateurs\" \/>\n<meta property=\"og:description\" content=\"S\u00e9choirs \u00e0 bois \u00e0 vide continu ISVE &#8220;Chauffer uniquement l\u00e0 o\u00f9 cela est n\u00e9cessaire et avec une efficacit\u00e9 maximale.&#8221; C&#8217;est l&#8217;objectif que ISVE poursuit depuis d\u00e9sormais 40 ans en se concentrant sur la recherche de machineries qui exploitent le vide. Un engagement qui a permis \u00e0 l&#8217;entreprise de Brescia de mettre au point des installations&hellip;\" \/>\n<meta property=\"og:url\" content=\"https:\/\/isve.com\/fr\/equipements-traitement-bois\/sechoirs-a-vide-continu-pour-bois\/\" \/>\n<meta property=\"og:site_name\" content=\"ISVE SpA - Traitement du bois - Recyclage - Broyeurs Granulateurs\" \/>\n<meta property=\"article:modified_time\" content=\"2026-02-03T15:00:21+00:00\" \/>\n<meta property=\"og:image\" content=\"https:\/\/isve.com\/wp-content\/uploads\/2019\/80\/20190806_144601.jpg\" \/>\n\t<meta property=\"og:image:width\" content=\"1920\" \/>\n\t<meta property=\"og:image:height\" content=\"933\" \/>\n\t<meta property=\"og:image:type\" content=\"image\/jpeg\" \/>\n<meta name=\"twitter:card\" content=\"summary_large_image\" \/>\n<meta name=\"twitter:label1\" content=\"Dur\u00e9e de lecture estim\u00e9e\" \/>\n\t<meta name=\"twitter:data1\" content=\"3 minutes\" \/>\n<script type=\"application\/ld+json\" class=\"yoast-schema-graph\">{\"@context\":\"https:\\\/\\\/schema.org\",\"@graph\":[{\"@type\":\"WebPage\",\"@id\":\"https:\\\/\\\/isve.com\\\/fr\\\/equipements-traitement-bois\\\/sechoirs-a-vide-continu-pour-bois\\\/\",\"url\":\"https:\\\/\\\/isve.com\\\/fr\\\/equipements-traitement-bois\\\/sechoirs-a-vide-continu-pour-bois\\\/\",\"name\":\"S\u00e9choirs a vide continu pour bois - ISVE SpA - Traitement du bois - Recyclage - Broyeurs Granulateurs\",\"isPartOf\":{\"@id\":\"https:\\\/\\\/isve.com\\\/fr\\\/#website\"},\"primaryImageOfPage\":{\"@id\":\"https:\\\/\\\/isve.com\\\/fr\\\/equipements-traitement-bois\\\/sechoirs-a-vide-continu-pour-bois\\\/#primaryimage\"},\"image\":{\"@id\":\"https:\\\/\\\/isve.com\\\/fr\\\/equipements-traitement-bois\\\/sechoirs-a-vide-continu-pour-bois\\\/#primaryimage\"},\"thumbnailUrl\":\"https:\\\/\\\/isve.com\\\/wp-content\\\/uploads\\\/2019\\\/80\\\/20190806_144601.jpg\",\"datePublished\":\"2019-12-11T16:59:28+00:00\",\"dateModified\":\"2026-02-03T15:00:21+00:00\",\"breadcrumb\":{\"@id\":\"https:\\\/\\\/isve.com\\\/fr\\\/equipements-traitement-bois\\\/sechoirs-a-vide-continu-pour-bois\\\/#breadcrumb\"},\"inLanguage\":\"fr-FR\",\"potentialAction\":[{\"@type\":\"ReadAction\",\"target\":[\"https:\\\/\\\/isve.com\\\/fr\\\/equipements-traitement-bois\\\/sechoirs-a-vide-continu-pour-bois\\\/\"]}]},{\"@type\":\"ImageObject\",\"inLanguage\":\"fr-FR\",\"@id\":\"https:\\\/\\\/isve.com\\\/fr\\\/equipements-traitement-bois\\\/sechoirs-a-vide-continu-pour-bois\\\/#primaryimage\",\"url\":\"https:\\\/\\\/isve.com\\\/wp-content\\\/uploads\\\/2019\\\/80\\\/20190806_144601.jpg\",\"contentUrl\":\"https:\\\/\\\/isve.com\\\/wp-content\\\/uploads\\\/2019\\\/80\\\/20190806_144601.jpg\",\"width\":1920,\"height\":933},{\"@type\":\"BreadcrumbList\",\"@id\":\"https:\\\/\\\/isve.com\\\/fr\\\/equipements-traitement-bois\\\/sechoirs-a-vide-continu-pour-bois\\\/#breadcrumb\",\"itemListElement\":[{\"@type\":\"ListItem\",\"position\":1,\"name\":\"Home\",\"item\":\"https:\\\/\\\/isve.com\\\/fr\\\/\"},{\"@type\":\"ListItem\",\"position\":2,\"name\":\"Produits Wood\",\"item\":\"https:\\\/\\\/isve.com\\\/fr\\\/equipements-traitement-bois\\\/\"},{\"@type\":\"ListItem\",\"position\":3,\"name\":\"S\u00e9choirs a vide continu pour bois\"}]},{\"@type\":\"WebSite\",\"@id\":\"https:\\\/\\\/isve.com\\\/fr\\\/#website\",\"url\":\"https:\\\/\\\/isve.com\\\/fr\\\/\",\"name\":\"ISVE S.p.A.\",\"description\":\"Syst\u00e8mes de traitement du bois et pour dechiquetage broyage granulation\",\"publisher\":{\"@id\":\"https:\\\/\\\/isve.com\\\/fr\\\/#organization\"},\"potentialAction\":[{\"@type\":\"SearchAction\",\"target\":{\"@type\":\"EntryPoint\",\"urlTemplate\":\"https:\\\/\\\/isve.com\\\/fr\\\/?s={search_term_string}\"},\"query-input\":{\"@type\":\"PropertyValueSpecification\",\"valueRequired\":true,\"valueName\":\"search_term_string\"}}],\"inLanguage\":\"fr-FR\"},{\"@type\":\"Organization\",\"@id\":\"https:\\\/\\\/isve.com\\\/fr\\\/#organization\",\"name\":\"ISVE S.p.A.\",\"url\":\"https:\\\/\\\/isve.com\\\/fr\\\/\",\"logo\":{\"@type\":\"ImageObject\",\"inLanguage\":\"fr-FR\",\"@id\":\"https:\\\/\\\/isve.com\\\/fr\\\/#\\\/schema\\\/logo\\\/image\\\/\",\"url\":\"https:\\\/\\\/isve.com\\\/wp-content\\\/uploads\\\/2026\\\/01\\\/logo-isve-spa.png\",\"contentUrl\":\"https:\\\/\\\/isve.com\\\/wp-content\\\/uploads\\\/2026\\\/01\\\/logo-isve-spa.png\",\"width\":600,\"height\":173,\"caption\":\"ISVE S.p.A.\"},\"image\":{\"@id\":\"https:\\\/\\\/isve.com\\\/fr\\\/#\\\/schema\\\/logo\\\/image\\\/\"},\"sameAs\":[\"https:\\\/\\\/www.linkedin.com\\\/company\\\/69445471\",\"https:\\\/\\\/www.youtube.com\\\/@isves.p.a.8894\"]}]}<\/script>\n<!-- \/ Yoast SEO plugin. -->","yoast_head_json":{"title":"S\u00e9choirs a vide continu pour bois - ISVE SpA - Traitement du bois - Recyclage - Broyeurs Granulateurs","robots":{"index":"index","follow":"follow","max-snippet":"max-snippet:-1","max-image-preview":"max-image-preview:large","max-video-preview":"max-video-preview:-1"},"canonical":"https:\/\/isve.com\/fr\/equipements-traitement-bois\/sechoirs-a-vide-continu-pour-bois\/","og_locale":"fr_FR","og_type":"article","og_title":"S\u00e9choirs a vide continu pour bois - ISVE SpA - Traitement du bois - Recyclage - Broyeurs Granulateurs","og_description":"S\u00e9choirs \u00e0 bois \u00e0 vide continu ISVE &#8220;Chauffer uniquement l\u00e0 o\u00f9 cela est n\u00e9cessaire et avec une efficacit\u00e9 maximale.&#8221; C&#8217;est l&#8217;objectif que ISVE poursuit depuis d\u00e9sormais 40 ans en se concentrant sur la recherche de machineries qui exploitent le vide. Un engagement qui a permis \u00e0 l&#8217;entreprise de Brescia de mettre au point des installations&hellip;","og_url":"https:\/\/isve.com\/fr\/equipements-traitement-bois\/sechoirs-a-vide-continu-pour-bois\/","og_site_name":"ISVE SpA - Traitement du bois - Recyclage - Broyeurs Granulateurs","article_modified_time":"2026-02-03T15:00:21+00:00","og_image":[{"width":1920,"height":933,"url":"https:\/\/isve.com\/wp-content\/uploads\/2019\/80\/20190806_144601.jpg","type":"image\/jpeg"}],"twitter_card":"summary_large_image","twitter_misc":{"Dur\u00e9e de lecture estim\u00e9e":"3 minutes"},"schema":{"@context":"https:\/\/schema.org","@graph":[{"@type":"WebPage","@id":"https:\/\/isve.com\/fr\/equipements-traitement-bois\/sechoirs-a-vide-continu-pour-bois\/","url":"https:\/\/isve.com\/fr\/equipements-traitement-bois\/sechoirs-a-vide-continu-pour-bois\/","name":"S\u00e9choirs a vide continu pour bois - ISVE SpA - Traitement du bois - Recyclage - Broyeurs Granulateurs","isPartOf":{"@id":"https:\/\/isve.com\/fr\/#website"},"primaryImageOfPage":{"@id":"https:\/\/isve.com\/fr\/equipements-traitement-bois\/sechoirs-a-vide-continu-pour-bois\/#primaryimage"},"image":{"@id":"https:\/\/isve.com\/fr\/equipements-traitement-bois\/sechoirs-a-vide-continu-pour-bois\/#primaryimage"},"thumbnailUrl":"https:\/\/isve.com\/wp-content\/uploads\/2019\/80\/20190806_144601.jpg","datePublished":"2019-12-11T16:59:28+00:00","dateModified":"2026-02-03T15:00:21+00:00","breadcrumb":{"@id":"https:\/\/isve.com\/fr\/equipements-traitement-bois\/sechoirs-a-vide-continu-pour-bois\/#breadcrumb"},"inLanguage":"fr-FR","potentialAction":[{"@type":"ReadAction","target":["https:\/\/isve.com\/fr\/equipements-traitement-bois\/sechoirs-a-vide-continu-pour-bois\/"]}]},{"@type":"ImageObject","inLanguage":"fr-FR","@id":"https:\/\/isve.com\/fr\/equipements-traitement-bois\/sechoirs-a-vide-continu-pour-bois\/#primaryimage","url":"https:\/\/isve.com\/wp-content\/uploads\/2019\/80\/20190806_144601.jpg","contentUrl":"https:\/\/isve.com\/wp-content\/uploads\/2019\/80\/20190806_144601.jpg","width":1920,"height":933},{"@type":"BreadcrumbList","@id":"https:\/\/isve.com\/fr\/equipements-traitement-bois\/sechoirs-a-vide-continu-pour-bois\/#breadcrumb","itemListElement":[{"@type":"ListItem","position":1,"name":"Home","item":"https:\/\/isve.com\/fr\/"},{"@type":"ListItem","position":2,"name":"Produits Wood","item":"https:\/\/isve.com\/fr\/equipements-traitement-bois\/"},{"@type":"ListItem","position":3,"name":"S\u00e9choirs a vide continu pour bois"}]},{"@type":"WebSite","@id":"https:\/\/isve.com\/fr\/#website","url":"https:\/\/isve.com\/fr\/","name":"ISVE S.p.A.","description":"Syst\u00e8mes de traitement du bois et pour dechiquetage broyage granulation","publisher":{"@id":"https:\/\/isve.com\/fr\/#organization"},"potentialAction":[{"@type":"SearchAction","target":{"@type":"EntryPoint","urlTemplate":"https:\/\/isve.com\/fr\/?s={search_term_string}"},"query-input":{"@type":"PropertyValueSpecification","valueRequired":true,"valueName":"search_term_string"}}],"inLanguage":"fr-FR"},{"@type":"Organization","@id":"https:\/\/isve.com\/fr\/#organization","name":"ISVE S.p.A.","url":"https:\/\/isve.com\/fr\/","logo":{"@type":"ImageObject","inLanguage":"fr-FR","@id":"https:\/\/isve.com\/fr\/#\/schema\/logo\/image\/","url":"https:\/\/isve.com\/wp-content\/uploads\/2026\/01\/logo-isve-spa.png","contentUrl":"https:\/\/isve.com\/wp-content\/uploads\/2026\/01\/logo-isve-spa.png","width":600,"height":173,"caption":"ISVE S.p.A."},"image":{"@id":"https:\/\/isve.com\/fr\/#\/schema\/logo\/image\/"},"sameAs":["https:\/\/www.linkedin.com\/company\/69445471","https:\/\/www.youtube.com\/@isves.p.a.8894"]}]}},"_links":{"self":[{"href":"https:\/\/isve.com\/fr\/wp-json\/wp\/v2\/pages\/14664","targetHints":{"allow":["GET"]}}],"collection":[{"href":"https:\/\/isve.com\/fr\/wp-json\/wp\/v2\/pages"}],"about":[{"href":"https:\/\/isve.com\/fr\/wp-json\/wp\/v2\/types\/page"}],"author":[{"embeddable":true,"href":"https:\/\/isve.com\/fr\/wp-json\/wp\/v2\/users\/1"}],"replies":[{"embeddable":true,"href":"https:\/\/isve.com\/fr\/wp-json\/wp\/v2\/comments?post=14664"}],"version-history":[{"count":1,"href":"https:\/\/isve.com\/fr\/wp-json\/wp\/v2\/pages\/14664\/revisions"}],"predecessor-version":[{"id":27782,"href":"https:\/\/isve.com\/fr\/wp-json\/wp\/v2\/pages\/14664\/revisions\/27782"}],"up":[{"embeddable":true,"href":"https:\/\/isve.com\/fr\/wp-json\/wp\/v2\/pages\/15965"}],"wp:featuredmedia":[{"embeddable":true,"href":"https:\/\/isve.com\/fr\/wp-json\/wp\/v2\/media\/14326"}],"wp:attachment":[{"href":"https:\/\/isve.com\/fr\/wp-json\/wp\/v2\/media?parent=14664"}],"wp:term":[{"taxonomy":"post_tag","embeddable":true,"href":"https:\/\/isve.com\/fr\/wp-json\/wp\/v2\/tags?post=14664"},{"taxonomy":"impaginazione","embeddable":true,"href":"https:\/\/isve.com\/fr\/wp-json\/wp\/v2\/impaginazione?post=14664"},{"taxonomy":"divisione","embeddable":true,"href":"https:\/\/isve.com\/fr\/wp-json\/wp\/v2\/divisione?post=14664"},{"taxonomy":"categorie_modelli","embeddable":true,"href":"https:\/\/isve.com\/fr\/wp-json\/wp\/v2\/categorie_modelli?post=14664"}],"curies":[{"name":"wp","href":"https:\/\/api.w.org\/{rel}","templated":true}]}}