{"id":11657,"date":"2020-03-26T12:48:25","date_gmt":"2020-03-26T11:48:25","guid":{"rendered":"https:\/\/isve.com\/?page_id=11657"},"modified":"2025-04-08T16:45:27","modified_gmt":"2025-04-08T14:45:27","slug":"dechiquetage-du-bois-videogallery","status":"publish","type":"page","link":"https:\/\/isve.com\/fr\/broyeurs-industriels\/dechiquetage-du-bois-videogallery\/","title":{"rendered":"D\u00e9chiquetage du bois &#8211; Vid\u00e9ogallery"},"content":{"rendered":"<h2>Broyeurs \u00e0 bois<\/h2>\n<p><strong>ISVE Recycling<\/strong> propose une gamme compl\u00e8te de syst\u00e8mes pour le <strong>broyage et la r\u00e9utilisation des d\u00e9chets industriels<\/strong>. Les broyeurs ISVE sont appr\u00e9ci\u00e9s dans divers secteurs pour <strong>leur grande robustesse et leur fiabilit\u00e9<\/strong>.<\/p>\n<p>Ils offrent la possibilit\u00e9 de broyer n&#8217;importe quelle essence de bois, m\u00eame en pr\u00e9sence de mat\u00e9riaux polluants tels que les clous, le plastique, le carton, etc.<\/p>\n<p>&nbsp;<\/p>\n<p><iframe title=\"#ISVE shredder for wood veneer\" width=\"1200\" height=\"675\" src=\"https:\/\/www.youtube.com\/embed\/K3Ul3M25xcw?feature=oembed\" frameborder=\"0\" allow=\"accelerometer; autoplay; clipboard-write; encrypted-media; gyroscope; picture-in-picture; web-share\" referrerpolicy=\"strict-origin-when-cross-origin\" allowfullscreen><\/iframe><\/p>\n<p><iframe title=\"#ISVE Wood recycling line\" width=\"1200\" height=\"675\" src=\"https:\/\/www.youtube.com\/embed\/jGgatDO3jiQ?feature=oembed\" frameborder=\"0\" allow=\"accelerometer; autoplay; clipboard-write; encrypted-media; gyroscope; picture-in-picture; web-share\" referrerpolicy=\"strict-origin-when-cross-origin\" allowfullscreen><\/iframe><\/p>\n<p><iframe title=\"#ISVE shredding process for woodpallets\" width=\"1200\" height=\"675\" src=\"https:\/\/www.youtube.com\/embed\/MaefACpjXRA?feature=oembed\" frameborder=\"0\" allow=\"accelerometer; autoplay; clipboard-write; encrypted-media; gyroscope; picture-in-picture; web-share\" referrerpolicy=\"strict-origin-when-cross-origin\" allowfullscreen><\/iframe><\/p>\n<p><iframe title=\"#ISVE Shredding process for beech wood\" width=\"1200\" height=\"900\" src=\"https:\/\/www.youtube.com\/embed\/KKysIIkJEYs?feature=oembed\" frameborder=\"0\" allow=\"accelerometer; autoplay; clipboard-write; encrypted-media; gyroscope; picture-in-picture; web-share\" referrerpolicy=\"strict-origin-when-cross-origin\" allowfullscreen><\/iframe><\/p>\n<p><iframe title=\"ISVE Single-shaft shredder for wood\" width=\"1200\" height=\"900\" src=\"https:\/\/www.youtube.com\/embed\/RVUrt-GNZY8?feature=oembed\" frameborder=\"0\" allow=\"accelerometer; autoplay; clipboard-write; encrypted-media; gyroscope; picture-in-picture; web-share\" referrerpolicy=\"strict-origin-when-cross-origin\" allowfullscreen><\/iframe><\/p>\n<p>&nbsp;<\/p>\n","protected":false},"excerpt":{"rendered":"<p>Broyeurs \u00e0 bois ISVE Recycling propose une gamme compl\u00e8te de syst\u00e8mes pour le broyage et la r\u00e9utilisation des d\u00e9chets industriels. Les broyeurs ISVE sont appr\u00e9ci\u00e9s dans divers secteurs pour leur grande robustesse et leur fiabilit\u00e9. Ils offrent la possibilit\u00e9 de broyer n&#8217;importe quelle essence de bois, m\u00eame en pr\u00e9sence de mat\u00e9riaux polluants tels que les&hellip;<\/p>\n","protected":false},"author":103,"featured_media":0,"parent":13660,"menu_order":471,"comment_status":"closed","ping_status":"closed","template":"","meta":{"_acf_changed":false,"footnotes":""},"tags":[],"impaginazione":[],"divisione":[3689],"categorie_modelli":[],"class_list":["post-11657","page","type-page","status-publish","hentry","divisione-isve-recycling","description-off"],"acf":[],"yoast_head":"<!-- This site is optimized with the Yoast SEO plugin v27.4 - https:\/\/yoast.com\/product\/yoast-seo-wordpress\/ -->\n<title>D\u00e9chiquetage du bois - Vid\u00e9ogallery - ISVE SpA - Traitement du bois - Recyclage - Broyeurs Granulateurs<\/title>\n<meta name=\"robots\" content=\"index, follow, max-snippet:-1, max-image-preview:large, max-video-preview:-1\" \/>\n<link rel=\"canonical\" href=\"https:\/\/isve.com\/fr\/broyeurs-industriels\/dechiquetage-du-bois-videogallery\/\" \/>\n<meta property=\"og:locale\" content=\"fr_FR\" \/>\n<meta property=\"og:type\" content=\"article\" \/>\n<meta property=\"og:title\" content=\"D\u00e9chiquetage du bois - Vid\u00e9ogallery - ISVE SpA - Traitement du bois - Recyclage - Broyeurs Granulateurs\" \/>\n<meta property=\"og:description\" content=\"Broyeurs \u00e0 bois ISVE Recycling propose une gamme compl\u00e8te de syst\u00e8mes pour le broyage et la r\u00e9utilisation des d\u00e9chets industriels. Les broyeurs ISVE sont appr\u00e9ci\u00e9s dans divers secteurs pour leur grande robustesse et leur fiabilit\u00e9. Ils offrent la possibilit\u00e9 de broyer n&#8217;importe quelle essence de bois, m\u00eame en pr\u00e9sence de mat\u00e9riaux polluants tels que les&hellip;\" \/>\n<meta property=\"og:url\" content=\"https:\/\/isve.com\/fr\/broyeurs-industriels\/dechiquetage-du-bois-videogallery\/\" \/>\n<meta property=\"og:site_name\" content=\"ISVE SpA - Traitement du bois - Recyclage - Broyeurs Granulateurs\" \/>\n<meta property=\"article:modified_time\" content=\"2025-04-08T14:45:27+00:00\" \/>\n<meta name=\"twitter:card\" content=\"summary_large_image\" \/>\n<meta name=\"twitter:label1\" content=\"Dur\u00e9e de lecture estim\u00e9e\" \/>\n\t<meta name=\"twitter:data1\" content=\"1 minute\" \/>\n<script type=\"application\/ld+json\" class=\"yoast-schema-graph\">{\"@context\":\"https:\\\/\\\/schema.org\",\"@graph\":[{\"@type\":\"WebPage\",\"@id\":\"https:\\\/\\\/isve.com\\\/fr\\\/broyeurs-industriels\\\/dechiquetage-du-bois-videogallery\\\/\",\"url\":\"https:\\\/\\\/isve.com\\\/fr\\\/broyeurs-industriels\\\/dechiquetage-du-bois-videogallery\\\/\",\"name\":\"D\u00e9chiquetage du bois - Vid\u00e9ogallery - ISVE SpA - Traitement du bois - Recyclage - Broyeurs Granulateurs\",\"isPartOf\":{\"@id\":\"https:\\\/\\\/isve.com\\\/fr\\\/#website\"},\"datePublished\":\"2020-03-26T11:48:25+00:00\",\"dateModified\":\"2025-04-08T14:45:27+00:00\",\"breadcrumb\":{\"@id\":\"https:\\\/\\\/isve.com\\\/fr\\\/broyeurs-industriels\\\/dechiquetage-du-bois-videogallery\\\/#breadcrumb\"},\"inLanguage\":\"fr-FR\",\"potentialAction\":[{\"@type\":\"ReadAction\",\"target\":[\"https:\\\/\\\/isve.com\\\/fr\\\/broyeurs-industriels\\\/dechiquetage-du-bois-videogallery\\\/\"]}]},{\"@type\":\"BreadcrumbList\",\"@id\":\"https:\\\/\\\/isve.com\\\/fr\\\/broyeurs-industriels\\\/dechiquetage-du-bois-videogallery\\\/#breadcrumb\",\"itemListElement\":[{\"@type\":\"ListItem\",\"position\":1,\"name\":\"Home\",\"item\":\"https:\\\/\\\/isve.com\\\/fr\\\/\"},{\"@type\":\"ListItem\",\"position\":2,\"name\":\"Produits Recycling\",\"item\":\"https:\\\/\\\/isve.com\\\/fr\\\/broyeurs-industriels\\\/\"},{\"@type\":\"ListItem\",\"position\":3,\"name\":\"D\u00e9chiquetage du bois &#8211; Vid\u00e9ogallery\"}]},{\"@type\":\"WebSite\",\"@id\":\"https:\\\/\\\/isve.com\\\/fr\\\/#website\",\"url\":\"https:\\\/\\\/isve.com\\\/fr\\\/\",\"name\":\"ISVE S.p.A.\",\"description\":\"Syst\u00e8mes de traitement du bois et pour dechiquetage broyage granulation\",\"publisher\":{\"@id\":\"https:\\\/\\\/isve.com\\\/fr\\\/#organization\"},\"potentialAction\":[{\"@type\":\"SearchAction\",\"target\":{\"@type\":\"EntryPoint\",\"urlTemplate\":\"https:\\\/\\\/isve.com\\\/fr\\\/?s={search_term_string}\"},\"query-input\":{\"@type\":\"PropertyValueSpecification\",\"valueRequired\":true,\"valueName\":\"search_term_string\"}}],\"inLanguage\":\"fr-FR\"},{\"@type\":\"Organization\",\"@id\":\"https:\\\/\\\/isve.com\\\/fr\\\/#organization\",\"name\":\"ISVE S.p.A.\",\"url\":\"https:\\\/\\\/isve.com\\\/fr\\\/\",\"logo\":{\"@type\":\"ImageObject\",\"inLanguage\":\"fr-FR\",\"@id\":\"https:\\\/\\\/isve.com\\\/fr\\\/#\\\/schema\\\/logo\\\/image\\\/\",\"url\":\"https:\\\/\\\/isve.com\\\/wp-content\\\/uploads\\\/2026\\\/01\\\/logo-isve-spa.png\",\"contentUrl\":\"https:\\\/\\\/isve.com\\\/wp-content\\\/uploads\\\/2026\\\/01\\\/logo-isve-spa.png\",\"width\":600,\"height\":173,\"caption\":\"ISVE S.p.A.\"},\"image\":{\"@id\":\"https:\\\/\\\/isve.com\\\/fr\\\/#\\\/schema\\\/logo\\\/image\\\/\"},\"sameAs\":[\"https:\\\/\\\/www.linkedin.com\\\/company\\\/69445471\",\"https:\\\/\\\/www.youtube.com\\\/@isves.p.a.8894\"]}]}<\/script>\n<!-- \/ Yoast SEO plugin. -->","yoast_head_json":{"title":"D\u00e9chiquetage du bois - Vid\u00e9ogallery - ISVE SpA - Traitement du bois - Recyclage - Broyeurs Granulateurs","robots":{"index":"index","follow":"follow","max-snippet":"max-snippet:-1","max-image-preview":"max-image-preview:large","max-video-preview":"max-video-preview:-1"},"canonical":"https:\/\/isve.com\/fr\/broyeurs-industriels\/dechiquetage-du-bois-videogallery\/","og_locale":"fr_FR","og_type":"article","og_title":"D\u00e9chiquetage du bois - Vid\u00e9ogallery - ISVE SpA - Traitement du bois - Recyclage - Broyeurs Granulateurs","og_description":"Broyeurs \u00e0 bois ISVE Recycling propose une gamme compl\u00e8te de syst\u00e8mes pour le broyage et la r\u00e9utilisation des d\u00e9chets industriels. Les broyeurs ISVE sont appr\u00e9ci\u00e9s dans divers secteurs pour leur grande robustesse et leur fiabilit\u00e9. Ils offrent la possibilit\u00e9 de broyer n&#8217;importe quelle essence de bois, m\u00eame en pr\u00e9sence de mat\u00e9riaux polluants tels que les&hellip;","og_url":"https:\/\/isve.com\/fr\/broyeurs-industriels\/dechiquetage-du-bois-videogallery\/","og_site_name":"ISVE SpA - Traitement du bois - Recyclage - Broyeurs Granulateurs","article_modified_time":"2025-04-08T14:45:27+00:00","twitter_card":"summary_large_image","twitter_misc":{"Dur\u00e9e de lecture estim\u00e9e":"1 minute"},"schema":{"@context":"https:\/\/schema.org","@graph":[{"@type":"WebPage","@id":"https:\/\/isve.com\/fr\/broyeurs-industriels\/dechiquetage-du-bois-videogallery\/","url":"https:\/\/isve.com\/fr\/broyeurs-industriels\/dechiquetage-du-bois-videogallery\/","name":"D\u00e9chiquetage du bois - Vid\u00e9ogallery - ISVE SpA - Traitement du bois - Recyclage - Broyeurs Granulateurs","isPartOf":{"@id":"https:\/\/isve.com\/fr\/#website"},"datePublished":"2020-03-26T11:48:25+00:00","dateModified":"2025-04-08T14:45:27+00:00","breadcrumb":{"@id":"https:\/\/isve.com\/fr\/broyeurs-industriels\/dechiquetage-du-bois-videogallery\/#breadcrumb"},"inLanguage":"fr-FR","potentialAction":[{"@type":"ReadAction","target":["https:\/\/isve.com\/fr\/broyeurs-industriels\/dechiquetage-du-bois-videogallery\/"]}]},{"@type":"BreadcrumbList","@id":"https:\/\/isve.com\/fr\/broyeurs-industriels\/dechiquetage-du-bois-videogallery\/#breadcrumb","itemListElement":[{"@type":"ListItem","position":1,"name":"Home","item":"https:\/\/isve.com\/fr\/"},{"@type":"ListItem","position":2,"name":"Produits Recycling","item":"https:\/\/isve.com\/fr\/broyeurs-industriels\/"},{"@type":"ListItem","position":3,"name":"D\u00e9chiquetage du bois &#8211; Vid\u00e9ogallery"}]},{"@type":"WebSite","@id":"https:\/\/isve.com\/fr\/#website","url":"https:\/\/isve.com\/fr\/","name":"ISVE S.p.A.","description":"Syst\u00e8mes de traitement du bois et pour dechiquetage broyage granulation","publisher":{"@id":"https:\/\/isve.com\/fr\/#organization"},"potentialAction":[{"@type":"SearchAction","target":{"@type":"EntryPoint","urlTemplate":"https:\/\/isve.com\/fr\/?s={search_term_string}"},"query-input":{"@type":"PropertyValueSpecification","valueRequired":true,"valueName":"search_term_string"}}],"inLanguage":"fr-FR"},{"@type":"Organization","@id":"https:\/\/isve.com\/fr\/#organization","name":"ISVE S.p.A.","url":"https:\/\/isve.com\/fr\/","logo":{"@type":"ImageObject","inLanguage":"fr-FR","@id":"https:\/\/isve.com\/fr\/#\/schema\/logo\/image\/","url":"https:\/\/isve.com\/wp-content\/uploads\/2026\/01\/logo-isve-spa.png","contentUrl":"https:\/\/isve.com\/wp-content\/uploads\/2026\/01\/logo-isve-spa.png","width":600,"height":173,"caption":"ISVE S.p.A."},"image":{"@id":"https:\/\/isve.com\/fr\/#\/schema\/logo\/image\/"},"sameAs":["https:\/\/www.linkedin.com\/company\/69445471","https:\/\/www.youtube.com\/@isves.p.a.8894"]}]}},"_links":{"self":[{"href":"https:\/\/isve.com\/fr\/wp-json\/wp\/v2\/pages\/11657","targetHints":{"allow":["GET"]}}],"collection":[{"href":"https:\/\/isve.com\/fr\/wp-json\/wp\/v2\/pages"}],"about":[{"href":"https:\/\/isve.com\/fr\/wp-json\/wp\/v2\/types\/page"}],"author":[{"embeddable":true,"href":"https:\/\/isve.com\/fr\/wp-json\/wp\/v2\/users\/103"}],"replies":[{"embeddable":true,"href":"https:\/\/isve.com\/fr\/wp-json\/wp\/v2\/comments?post=11657"}],"version-history":[{"count":0,"href":"https:\/\/isve.com\/fr\/wp-json\/wp\/v2\/pages\/11657\/revisions"}],"up":[{"embeddable":true,"href":"https:\/\/isve.com\/fr\/wp-json\/wp\/v2\/pages\/13660"}],"wp:attachment":[{"href":"https:\/\/isve.com\/fr\/wp-json\/wp\/v2\/media?parent=11657"}],"wp:term":[{"taxonomy":"post_tag","embeddable":true,"href":"https:\/\/isve.com\/fr\/wp-json\/wp\/v2\/tags?post=11657"},{"taxonomy":"impaginazione","embeddable":true,"href":"https:\/\/isve.com\/fr\/wp-json\/wp\/v2\/impaginazione?post=11657"},{"taxonomy":"divisione","embeddable":true,"href":"https:\/\/isve.com\/fr\/wp-json\/wp\/v2\/divisione?post=11657"},{"taxonomy":"categorie_modelli","embeddable":true,"href":"https:\/\/isve.com\/fr\/wp-json\/wp\/v2\/categorie_modelli?post=11657"}],"curies":[{"name":"wp","href":"https:\/\/api.w.org\/{rel}","templated":true}]}}