{"id":11196,"date":"2024-02-15T11:53:56","date_gmt":"2024-02-15T10:53:56","guid":{"rendered":"https:\/\/isve.com\/?page_id=11196"},"modified":"2024-02-15T14:07:27","modified_gmt":"2024-02-15T13:07:27","slug":"broyeurs-a-4-arbres-modele-100130s-max","status":"publish","type":"page","link":"https:\/\/isve.com\/fr\/broyeurs-industriels\/broyeurs-a-4-arbres\/broyeurs-a-4-arbres-modele-100130s-max\/","title":{"rendered":"Broyeurs \u00e0 4 arbres: Mod\u00e8le 100130S-MAX"},"content":{"rendered":"<p>Le broyeur \u00e0 4 arbres \u201clourd\u201d 100\/130S-SERIE MAX est pourvue d\u2019une chambre de d\u00e9coupe de 1.000&#215;1.300 mm. En plus des couteaux, il monte deux arbres introducteurs.<br \/>\nCe broyeur est \u00e9quip\u00e9 de 4 motor\u00e9ducteurs pour une puissance totale de 90 kW et d\u00e9veloppe un couple d\u2019effort de coupe tr\u00e8s \u00e9lev\u00e9.<br \/>\nLa s\u00e9rie \u201cMAX\u201d est sp\u00e9cialement con\u00e7ue pour une utilisation intensive dans le secteur du recyclage.<\/p>\n<h2 class=\"titoletto\"><strong>Caract\u00e9ristiques principales:<\/strong><\/h2>\n<ul>\n<li><span class=\"etichetta\">puissance install\u00e9e: <\/span>90 kw (30 kw + 30 kw + 15 kw + 15 kw)<\/li>\n<li><span class=\"etichetta\">transmission:<\/span> par engrenages<\/li>\n<li><span class=\"etichetta\">n\u00b0 d\u2019arbres coteaux:<\/span>&nbsp;2<\/li>\n<li><span class=\"etichetta\">n\u00b0 de fraises tremp\u00e9es:<\/span> 20, \u00e9paisseur 50 mm&nbsp;<\/li>\n<li><span class=\"etichetta\">n\u00b0 arbres introducteurs:<\/span>&nbsp;2<\/li>\n<li><span class=\"etichetta\">n\u00b0 diques introducteurs:<\/span> 20<\/li>\n<li><span class=\"etichetta\">n\u00b0 de tours couteaux\/min.:<\/span> 12-15<\/li>\n<li><span class=\"etichetta\">auxiliaires: <\/span>contr\u00f4le de descente des grilles interchangeables<\/li>\n<li><span class=\"etichetta\">\u00e9quipements de s\u00e9curit\u00e9:<\/span> arr\u00eat d\u2019urgence, contact de fermeture de la tr\u00e9mie<\/li>\n<li><span class=\"etichetta\">Poids:<\/span> 12 t.<\/li>\n<li><strong>ex\u00e9cution conforme aux normes CE.<\/strong><\/li>\n<\/ul>\n<h2 class=\"titoletto\"><strong>Caract\u00e9ristiques du d\u00e9chiqueteur:<\/strong><\/h2>\n<ul>\n<li>Ch\u00e2ssis en t\u00f4le d&#8217;acier \u00e9lectrosoud\u00e9 de forte \u00e9paisseur ;<\/li>\n<li>Supports de roulements \u00e0 rouleaux avec syst\u00e8me d&#8217;\u00e9tanch\u00e9it\u00e9 \u00e0 la poussi\u00e8re et aux liquides&nbsp;;<\/li>\n<li>Arbres \u00e0 haute r\u00e9sistance \u00e0 la flexion ;<\/li>\n<li>N\u00b0 20 couteaux en acier sp\u00e9cial anti-usure d&#8217;une \u00e9paisseur de 50 mm ;<\/li>\n<li>N\u00b0 20 disques introducteurs en acier 42CrMo ;<\/li>\n<li>N\u00b0 2 r\u00e9ducteurs \u00e9picyclo\u00efdaux pour l&#8217;entra\u00eenement des arbres couteaux ;<\/li>\n<li>N\u00b0 2 r\u00e9ducteurs plan\u00e9taires pour l&#8217;entra\u00eenement des arbres introducteurs ;<\/li>\n<li>N\u00b0 2 moteurs multitension et multifr\u00e9quence de 45 kW d&#8217;un fabricant national de premier plan avec classe d&#8217;efficacit\u00e9 PREMIUM (IE3) pour l&#8217;entra\u00eenement des arbres couteaux ;<\/li>\n<li>N\u00b0 2 moteurs multitension et multifr\u00e9quence de 22 kW d&#8217;un fabricant national de premier plan avec classe d&#8217;efficacit\u00e9 PREMIUM (IE3) pour l&#8217;entra\u00eenement des arbres introducteurs;<\/li>\n<li>Chambre de d\u00e9coupe aux dimensions 1000X1300 mm ;<\/li>\n<li>Tr\u00e9mie en t\u00f4le reinforc\u00e9e \u00e9lectrosoud\u00e9e, pr\u00e9par\u00e9e pour le chargement par le haut ;<\/li>\n<li>Base \u00e9quip\u00e9e d&#8217;un tiroir pouvant \u00eatre raccord\u00e9 au syst\u00e8me d&#8217;aspiration\/convoyeur \u00e0 bande ou aux n\u00b0 3 filets de protection avec portillon frontal \u00e9quip\u00e9 d&#8217;un micro de s\u00e9curit\u00e9.<\/li>\n<\/ul>\n<h2 class=\"titoletto\"><strong>Caract\u00e9ristique du syst\u00e8me de contr\u00f4le:<\/strong><\/h2>\n<ul>\n<li>Tableau \u00e9lectrique conforme aux normes CEE, \u00e9quip\u00e9 d&#8217;un limiteur de couple qui inverse le mouvement des couteaux en cas de surcharge de la machine par rapport \u00e0 la valeur programm\u00e9e ;<\/li>\n<li>PLC SIEMENS S7-1200 pour le contr\u00f4le de tous les p\u00e9riph\u00e9riques de l&#8217;installation ;<\/li>\n<li>\u00c9cran tactile couleur de 6&#8221; pour le r\u00e9glage de tous les param\u00e8tres de la machine ;<\/li>\n<li>Software pr\u00e9par\u00e9 pour contr\u00f4ler les syst\u00e8mes de chargement, le broyeur du raffineur et\/ou le syst\u00e8me de vide ;<\/li>\n<li>Fonctions de contr\u00f4le d&#8217;urgence pour l&#8217;arr\u00eat de l&#8217;installation ;<\/li>\n<li>&#8220;ISVE MAINTENANCE PROGRAM&#8221; : programme d&#8217;entretien signal\u00e9 directement sur l&#8217;\u00e9cran tactile ;<\/li>\n<li>PR\u00c9PARATION DU SYST\u00c8ME DE T\u00c9L\u00c9-ASSISTANCE ET DE LA &#8220;CONNEXION AU SERVEUR DE S\u00c9CURIT\u00c9 ISVE&#8221; (surveillance en temps r\u00e9el des param\u00e8tres de la machine \u00e0 partir du serveur ISVE) ;<\/li>\n<li><strong>Ex\u00e9cution conforme \u00e0 la norme CE.<\/strong><\/li>\n<\/ul>\n","protected":false},"excerpt":{"rendered":"<p>Le broyeur \u00e0 4 arbres \u201clourd\u201d 100\/130S-SERIE MAX est pourvue d\u2019une chambre de d\u00e9coupe de 1.000&#215;1.300 mm. En plus des couteaux, il monte deux arbres introducteurs. Ce broyeur est \u00e9quip\u00e9 de 4 motor\u00e9ducteurs pour une puissance totale de 90 kW et d\u00e9veloppe un couple d\u2019effort de coupe tr\u00e8s \u00e9lev\u00e9. La s\u00e9rie \u201cMAX\u201d est sp\u00e9cialement con\u00e7ue&hellip;<\/p>\n","protected":false},"author":103,"featured_media":11201,"parent":3812,"menu_order":392,"comment_status":"closed","ping_status":"closed","template":"","meta":{"_acf_changed":false,"footnotes":""},"tags":[],"impaginazione":[3692],"divisione":[3689],"categorie_modelli":[3696],"class_list":["post-11196","page","type-page","status-publish","has-post-thumbnail","hentry","impaginazione-modello-prodotto","divisione-isve-recycling","categorie_modelli-trituratori-4-alberi","description-off"],"acf":[],"yoast_head":"<!-- This site is optimized with the Yoast SEO plugin v27.4 - https:\/\/yoast.com\/product\/yoast-seo-wordpress\/ -->\n<title>Broyeurs \u00e0 4 arbres: Mod\u00e8le 100130S-MAX - ISVE SpA - Traitement du bois - Recyclage - Broyeurs Granulateurs<\/title>\n<meta name=\"robots\" content=\"index, follow, max-snippet:-1, max-image-preview:large, max-video-preview:-1\" \/>\n<link rel=\"canonical\" href=\"https:\/\/isve.com\/fr\/broyeurs-industriels\/broyeurs-a-4-arbres\/broyeurs-a-4-arbres-modele-100130s-max\/\" \/>\n<meta property=\"og:locale\" content=\"fr_FR\" \/>\n<meta property=\"og:type\" content=\"article\" \/>\n<meta property=\"og:title\" content=\"Broyeurs \u00e0 4 arbres: Mod\u00e8le 100130S-MAX - ISVE SpA - Traitement du bois - Recyclage - Broyeurs Granulateurs\" \/>\n<meta property=\"og:description\" content=\"Le broyeur \u00e0 4 arbres \u201clourd\u201d 100\/130S-SERIE MAX est pourvue d\u2019une chambre de d\u00e9coupe de 1.000&#215;1.300 mm. En plus des couteaux, il monte deux arbres introducteurs. Ce broyeur est \u00e9quip\u00e9 de 4 motor\u00e9ducteurs pour une puissance totale de 90 kW et d\u00e9veloppe un couple d\u2019effort de coupe tr\u00e8s \u00e9lev\u00e9. La s\u00e9rie \u201cMAX\u201d est sp\u00e9cialement con\u00e7ue&hellip;\" \/>\n<meta property=\"og:url\" content=\"https:\/\/isve.com\/fr\/broyeurs-industriels\/broyeurs-a-4-arbres\/broyeurs-a-4-arbres-modele-100130s-max\/\" \/>\n<meta property=\"og:site_name\" content=\"ISVE SpA - Traitement du bois - Recyclage - Broyeurs Granulateurs\" \/>\n<meta property=\"article:modified_time\" content=\"2024-02-15T13:07:27+00:00\" \/>\n<meta property=\"og:image\" content=\"https:\/\/isve.com\/wp-content\/uploads\/2024\/02\/100130s-1.png\" \/>\n\t<meta property=\"og:image:width\" content=\"1052\" \/>\n\t<meta property=\"og:image:height\" content=\"841\" \/>\n\t<meta property=\"og:image:type\" content=\"image\/png\" \/>\n<meta name=\"twitter:card\" content=\"summary_large_image\" \/>\n<meta name=\"twitter:label1\" content=\"Dur\u00e9e de lecture estim\u00e9e\" \/>\n\t<meta name=\"twitter:data1\" content=\"2 minutes\" \/>\n<script type=\"application\/ld+json\" class=\"yoast-schema-graph\">{\"@context\":\"https:\\\/\\\/schema.org\",\"@graph\":[{\"@type\":\"WebPage\",\"@id\":\"https:\\\/\\\/isve.com\\\/fr\\\/broyeurs-industriels\\\/broyeurs-a-4-arbres\\\/broyeurs-a-4-arbres-modele-100130s-max\\\/\",\"url\":\"https:\\\/\\\/isve.com\\\/fr\\\/broyeurs-industriels\\\/broyeurs-a-4-arbres\\\/broyeurs-a-4-arbres-modele-100130s-max\\\/\",\"name\":\"Broyeurs \u00e0 4 arbres: Mod\u00e8le 100130S-MAX - ISVE SpA - Traitement du bois - Recyclage - Broyeurs Granulateurs\",\"isPartOf\":{\"@id\":\"https:\\\/\\\/isve.com\\\/fr\\\/#website\"},\"primaryImageOfPage\":{\"@id\":\"https:\\\/\\\/isve.com\\\/fr\\\/broyeurs-industriels\\\/broyeurs-a-4-arbres\\\/broyeurs-a-4-arbres-modele-100130s-max\\\/#primaryimage\"},\"image\":{\"@id\":\"https:\\\/\\\/isve.com\\\/fr\\\/broyeurs-industriels\\\/broyeurs-a-4-arbres\\\/broyeurs-a-4-arbres-modele-100130s-max\\\/#primaryimage\"},\"thumbnailUrl\":\"https:\\\/\\\/isve.com\\\/wp-content\\\/uploads\\\/2024\\\/02\\\/100130s-1.png\",\"datePublished\":\"2024-02-15T10:53:56+00:00\",\"dateModified\":\"2024-02-15T13:07:27+00:00\",\"breadcrumb\":{\"@id\":\"https:\\\/\\\/isve.com\\\/fr\\\/broyeurs-industriels\\\/broyeurs-a-4-arbres\\\/broyeurs-a-4-arbres-modele-100130s-max\\\/#breadcrumb\"},\"inLanguage\":\"fr-FR\",\"potentialAction\":[{\"@type\":\"ReadAction\",\"target\":[\"https:\\\/\\\/isve.com\\\/fr\\\/broyeurs-industriels\\\/broyeurs-a-4-arbres\\\/broyeurs-a-4-arbres-modele-100130s-max\\\/\"]}]},{\"@type\":\"ImageObject\",\"inLanguage\":\"fr-FR\",\"@id\":\"https:\\\/\\\/isve.com\\\/fr\\\/broyeurs-industriels\\\/broyeurs-a-4-arbres\\\/broyeurs-a-4-arbres-modele-100130s-max\\\/#primaryimage\",\"url\":\"https:\\\/\\\/isve.com\\\/wp-content\\\/uploads\\\/2024\\\/02\\\/100130s-1.png\",\"contentUrl\":\"https:\\\/\\\/isve.com\\\/wp-content\\\/uploads\\\/2024\\\/02\\\/100130s-1.png\",\"width\":1052,\"height\":841},{\"@type\":\"BreadcrumbList\",\"@id\":\"https:\\\/\\\/isve.com\\\/fr\\\/broyeurs-industriels\\\/broyeurs-a-4-arbres\\\/broyeurs-a-4-arbres-modele-100130s-max\\\/#breadcrumb\",\"itemListElement\":[{\"@type\":\"ListItem\",\"position\":1,\"name\":\"Home\",\"item\":\"https:\\\/\\\/isve.com\\\/fr\\\/\"},{\"@type\":\"ListItem\",\"position\":2,\"name\":\"Produits Recycling\",\"item\":\"https:\\\/\\\/isve.com\\\/fr\\\/broyeurs-industriels\\\/\"},{\"@type\":\"ListItem\",\"position\":3,\"name\":\"Mod\u00e8les &#8211; Broyeurs industriels \u00e0 4 arbres\",\"item\":\"https:\\\/\\\/isve.com\\\/fr\\\/broyeurs-industriels\\\/broyeurs-a-4-arbres\\\/\"},{\"@type\":\"ListItem\",\"position\":4,\"name\":\"Broyeurs \u00e0 4 arbres: Mod\u00e8le 100130S-MAX\"}]},{\"@type\":\"WebSite\",\"@id\":\"https:\\\/\\\/isve.com\\\/fr\\\/#website\",\"url\":\"https:\\\/\\\/isve.com\\\/fr\\\/\",\"name\":\"ISVE S.p.A.\",\"description\":\"Syst\u00e8mes de traitement du bois et pour dechiquetage broyage granulation\",\"publisher\":{\"@id\":\"https:\\\/\\\/isve.com\\\/fr\\\/#organization\"},\"potentialAction\":[{\"@type\":\"SearchAction\",\"target\":{\"@type\":\"EntryPoint\",\"urlTemplate\":\"https:\\\/\\\/isve.com\\\/fr\\\/?s={search_term_string}\"},\"query-input\":{\"@type\":\"PropertyValueSpecification\",\"valueRequired\":true,\"valueName\":\"search_term_string\"}}],\"inLanguage\":\"fr-FR\"},{\"@type\":\"Organization\",\"@id\":\"https:\\\/\\\/isve.com\\\/fr\\\/#organization\",\"name\":\"ISVE S.p.A.\",\"url\":\"https:\\\/\\\/isve.com\\\/fr\\\/\",\"logo\":{\"@type\":\"ImageObject\",\"inLanguage\":\"fr-FR\",\"@id\":\"https:\\\/\\\/isve.com\\\/fr\\\/#\\\/schema\\\/logo\\\/image\\\/\",\"url\":\"https:\\\/\\\/isve.com\\\/wp-content\\\/uploads\\\/2026\\\/01\\\/logo-isve-spa.png\",\"contentUrl\":\"https:\\\/\\\/isve.com\\\/wp-content\\\/uploads\\\/2026\\\/01\\\/logo-isve-spa.png\",\"width\":600,\"height\":173,\"caption\":\"ISVE S.p.A.\"},\"image\":{\"@id\":\"https:\\\/\\\/isve.com\\\/fr\\\/#\\\/schema\\\/logo\\\/image\\\/\"},\"sameAs\":[\"https:\\\/\\\/www.linkedin.com\\\/company\\\/69445471\",\"https:\\\/\\\/www.youtube.com\\\/@isves.p.a.8894\"]}]}<\/script>\n<!-- \/ Yoast SEO plugin. -->","yoast_head_json":{"title":"Broyeurs \u00e0 4 arbres: Mod\u00e8le 100130S-MAX - ISVE SpA - Traitement du bois - Recyclage - Broyeurs Granulateurs","robots":{"index":"index","follow":"follow","max-snippet":"max-snippet:-1","max-image-preview":"max-image-preview:large","max-video-preview":"max-video-preview:-1"},"canonical":"https:\/\/isve.com\/fr\/broyeurs-industriels\/broyeurs-a-4-arbres\/broyeurs-a-4-arbres-modele-100130s-max\/","og_locale":"fr_FR","og_type":"article","og_title":"Broyeurs \u00e0 4 arbres: Mod\u00e8le 100130S-MAX - ISVE SpA - Traitement du bois - Recyclage - Broyeurs Granulateurs","og_description":"Le broyeur \u00e0 4 arbres \u201clourd\u201d 100\/130S-SERIE MAX est pourvue d\u2019une chambre de d\u00e9coupe de 1.000&#215;1.300 mm. En plus des couteaux, il monte deux arbres introducteurs. Ce broyeur est \u00e9quip\u00e9 de 4 motor\u00e9ducteurs pour une puissance totale de 90 kW et d\u00e9veloppe un couple d\u2019effort de coupe tr\u00e8s \u00e9lev\u00e9. La s\u00e9rie \u201cMAX\u201d est sp\u00e9cialement con\u00e7ue&hellip;","og_url":"https:\/\/isve.com\/fr\/broyeurs-industriels\/broyeurs-a-4-arbres\/broyeurs-a-4-arbres-modele-100130s-max\/","og_site_name":"ISVE SpA - Traitement du bois - Recyclage - Broyeurs Granulateurs","article_modified_time":"2024-02-15T13:07:27+00:00","og_image":[{"width":1052,"height":841,"url":"https:\/\/isve.com\/wp-content\/uploads\/2024\/02\/100130s-1.png","type":"image\/png"}],"twitter_card":"summary_large_image","twitter_misc":{"Dur\u00e9e de lecture estim\u00e9e":"2 minutes"},"schema":{"@context":"https:\/\/schema.org","@graph":[{"@type":"WebPage","@id":"https:\/\/isve.com\/fr\/broyeurs-industriels\/broyeurs-a-4-arbres\/broyeurs-a-4-arbres-modele-100130s-max\/","url":"https:\/\/isve.com\/fr\/broyeurs-industriels\/broyeurs-a-4-arbres\/broyeurs-a-4-arbres-modele-100130s-max\/","name":"Broyeurs \u00e0 4 arbres: Mod\u00e8le 100130S-MAX - ISVE SpA - Traitement du bois - Recyclage - Broyeurs Granulateurs","isPartOf":{"@id":"https:\/\/isve.com\/fr\/#website"},"primaryImageOfPage":{"@id":"https:\/\/isve.com\/fr\/broyeurs-industriels\/broyeurs-a-4-arbres\/broyeurs-a-4-arbres-modele-100130s-max\/#primaryimage"},"image":{"@id":"https:\/\/isve.com\/fr\/broyeurs-industriels\/broyeurs-a-4-arbres\/broyeurs-a-4-arbres-modele-100130s-max\/#primaryimage"},"thumbnailUrl":"https:\/\/isve.com\/wp-content\/uploads\/2024\/02\/100130s-1.png","datePublished":"2024-02-15T10:53:56+00:00","dateModified":"2024-02-15T13:07:27+00:00","breadcrumb":{"@id":"https:\/\/isve.com\/fr\/broyeurs-industriels\/broyeurs-a-4-arbres\/broyeurs-a-4-arbres-modele-100130s-max\/#breadcrumb"},"inLanguage":"fr-FR","potentialAction":[{"@type":"ReadAction","target":["https:\/\/isve.com\/fr\/broyeurs-industriels\/broyeurs-a-4-arbres\/broyeurs-a-4-arbres-modele-100130s-max\/"]}]},{"@type":"ImageObject","inLanguage":"fr-FR","@id":"https:\/\/isve.com\/fr\/broyeurs-industriels\/broyeurs-a-4-arbres\/broyeurs-a-4-arbres-modele-100130s-max\/#primaryimage","url":"https:\/\/isve.com\/wp-content\/uploads\/2024\/02\/100130s-1.png","contentUrl":"https:\/\/isve.com\/wp-content\/uploads\/2024\/02\/100130s-1.png","width":1052,"height":841},{"@type":"BreadcrumbList","@id":"https:\/\/isve.com\/fr\/broyeurs-industriels\/broyeurs-a-4-arbres\/broyeurs-a-4-arbres-modele-100130s-max\/#breadcrumb","itemListElement":[{"@type":"ListItem","position":1,"name":"Home","item":"https:\/\/isve.com\/fr\/"},{"@type":"ListItem","position":2,"name":"Produits Recycling","item":"https:\/\/isve.com\/fr\/broyeurs-industriels\/"},{"@type":"ListItem","position":3,"name":"Mod\u00e8les &#8211; Broyeurs industriels \u00e0 4 arbres","item":"https:\/\/isve.com\/fr\/broyeurs-industriels\/broyeurs-a-4-arbres\/"},{"@type":"ListItem","position":4,"name":"Broyeurs \u00e0 4 arbres: Mod\u00e8le 100130S-MAX"}]},{"@type":"WebSite","@id":"https:\/\/isve.com\/fr\/#website","url":"https:\/\/isve.com\/fr\/","name":"ISVE S.p.A.","description":"Syst\u00e8mes de traitement du bois et pour dechiquetage broyage granulation","publisher":{"@id":"https:\/\/isve.com\/fr\/#organization"},"potentialAction":[{"@type":"SearchAction","target":{"@type":"EntryPoint","urlTemplate":"https:\/\/isve.com\/fr\/?s={search_term_string}"},"query-input":{"@type":"PropertyValueSpecification","valueRequired":true,"valueName":"search_term_string"}}],"inLanguage":"fr-FR"},{"@type":"Organization","@id":"https:\/\/isve.com\/fr\/#organization","name":"ISVE S.p.A.","url":"https:\/\/isve.com\/fr\/","logo":{"@type":"ImageObject","inLanguage":"fr-FR","@id":"https:\/\/isve.com\/fr\/#\/schema\/logo\/image\/","url":"https:\/\/isve.com\/wp-content\/uploads\/2026\/01\/logo-isve-spa.png","contentUrl":"https:\/\/isve.com\/wp-content\/uploads\/2026\/01\/logo-isve-spa.png","width":600,"height":173,"caption":"ISVE S.p.A."},"image":{"@id":"https:\/\/isve.com\/fr\/#\/schema\/logo\/image\/"},"sameAs":["https:\/\/www.linkedin.com\/company\/69445471","https:\/\/www.youtube.com\/@isves.p.a.8894"]}]}},"_links":{"self":[{"href":"https:\/\/isve.com\/fr\/wp-json\/wp\/v2\/pages\/11196","targetHints":{"allow":["GET"]}}],"collection":[{"href":"https:\/\/isve.com\/fr\/wp-json\/wp\/v2\/pages"}],"about":[{"href":"https:\/\/isve.com\/fr\/wp-json\/wp\/v2\/types\/page"}],"author":[{"embeddable":true,"href":"https:\/\/isve.com\/fr\/wp-json\/wp\/v2\/users\/103"}],"replies":[{"embeddable":true,"href":"https:\/\/isve.com\/fr\/wp-json\/wp\/v2\/comments?post=11196"}],"version-history":[{"count":0,"href":"https:\/\/isve.com\/fr\/wp-json\/wp\/v2\/pages\/11196\/revisions"}],"up":[{"embeddable":true,"href":"https:\/\/isve.com\/fr\/wp-json\/wp\/v2\/pages\/3812"}],"wp:featuredmedia":[{"embeddable":true,"href":"https:\/\/isve.com\/fr\/wp-json\/wp\/v2\/media\/11201"}],"wp:attachment":[{"href":"https:\/\/isve.com\/fr\/wp-json\/wp\/v2\/media?parent=11196"}],"wp:term":[{"taxonomy":"post_tag","embeddable":true,"href":"https:\/\/isve.com\/fr\/wp-json\/wp\/v2\/tags?post=11196"},{"taxonomy":"impaginazione","embeddable":true,"href":"https:\/\/isve.com\/fr\/wp-json\/wp\/v2\/impaginazione?post=11196"},{"taxonomy":"divisione","embeddable":true,"href":"https:\/\/isve.com\/fr\/wp-json\/wp\/v2\/divisione?post=11196"},{"taxonomy":"categorie_modelli","embeddable":true,"href":"https:\/\/isve.com\/fr\/wp-json\/wp\/v2\/categorie_modelli?post=11196"}],"curies":[{"name":"wp","href":"https:\/\/api.w.org\/{rel}","templated":true}]}}