{"id":9321,"date":"2022-04-11T17:07:54","date_gmt":"2022-04-11T15:07:54","guid":{"rendered":"https:\/\/isve.com\/?page_id=9321"},"modified":"2024-02-15T14:56:59","modified_gmt":"2024-02-15T13:56:59","slug":"trituradoras-de-4-arboles-modelo-140-100s","status":"publish","type":"page","link":"https:\/\/isve.com\/es\/trituradores-industriales\/trituradoras-de-4-arboles\/trituradoras-de-4-arboles-modelo-140-100s\/","title":{"rendered":"Trituradoras de 4 \u00e1rboles: Modelo 140-100S"},"content":{"rendered":"<h2 class=\"titoletto\" style=\"text-align: left;\"><strong>C\u00e1racter\u00edsticas principales:<\/strong><\/h2>\n<ul style=\"text-align: left;\">\n<li><span class=\"etichetta\">C\u00e1mara de corte:<\/span> 1000x1400mm<\/li>\n<li><span class=\"etichetta\">potencia instalada:<\/span> 44 KW (22 kW+22 kW)&nbsp;\u2013 60 HP (30 + 30 HP)<\/li>\n<li><span class=\"etichetta\">transmisi\u00f3n:<\/span>&nbsp;por engranajes<\/li>\n<li><span class=\"etichetta\">n\u00famero de ejes fresas:<\/span>&nbsp;2<\/li>\n<li><span class=\"etichetta\">n\u00famero de fresas templadas:<\/span> 35<\/li>\n<li><span class=\"etichetta\">n\u00famero de ejes de introduccion:<\/span>&nbsp;2<\/li>\n<li><span class=\"etichetta\">n\u00famero de discos de introducci\u00f3n:<\/span> 35<\/li>\n<li><span class=\"etichetta\">n\u00b0 de rev. \/ min. fresas:<\/span>&nbsp;18<\/li>\n<li><span class=\"etichetta\">producci\u00f3n:<\/span> 2-3,5 t\/hora<\/li>\n<li><span class=\"etichetta\">equipamientos de seguridad:<\/span>&nbsp;parada de emergencia, contacto de cierre tolva<\/li>\n<li>realizaci\u00f3n conforme a las normas CE<\/li>\n<\/ul>\n<h2 class=\"titoletto\" style=\"text-align: left;\"><strong>Accesorios bajo pedido:<\/strong><\/h2>\n<ul style=\"text-align: left;\">\n<li>tolva intercambiable;<\/li>\n<li>criba intercambiable;<\/li>\n<li>bastidor a medida.<\/li>\n<\/ul>\n<h2 class=\"titoletto\" style=\"text-align: left;\"><strong>Recomendaciones de uso:<\/strong><\/h2>\n<p style=\"text-align: left;\">M\u00e1quina de tama\u00f1o mediano sumamente polivalente apta a triturar numeros\u00edsimos materiales de desecho incluso voluminosos. Se puede montar en l\u00ednea para funcionar de manera continua. Recomendada para triturar trozos de madera incluso de grandes dimensiones, trapos, pl\u00e1stico, colambre, neum\u00e1ticos, papel, cart\u00f3n, embalajes, cintas de polietileno, pel\u00edculas pl\u00e1sticas, botellas de PET, latas, recipientes en general, tapiz, parachoques, peque\u00f1os cofres, bacas enceradas, documentaci\u00f2n de papel, mazarotas de comienzo y fin extrusi\u00f2n, etc.<\/p>\n<h2 class=\"titoletto\" style=\"text-align: left;\"><strong>Caracter\u00edsticas del triturador:<\/strong><\/h2>\n<ul style=\"text-align: left;\">\n<li>Soporte de chapa de acero soldado el\u00e9ctricamente de elevado espesor;<\/li>\n<li>Soportes para rodamientos de rodillos en r\u00f3tula con sistema de estanqueidad contra polvos y l\u00edquidos;<\/li>\n<li>Placas laterales anti-desgaste intercambiables con espacio de separaci\u00f3n de la c\u00e1mara de corte desde las bridas porta-rodamientos.<\/li>\n<li>Ejes de elevado espesor con 35 fresas de acero especial antidesgaste y 35 discos introductores para facilitar el agarre de cuerpos voluminosos;<\/li>\n<li>Espesor herramientas 40mm;<\/li>\n<li>Colocaci\u00f3n gradual dientes fresas para una mejor toma y progresi\u00f2n de corte;<\/li>\n<li>2 reductores epicicloidales con ejes de rotacion paralelos al eje de la fresa;<\/li>\n<li>2 motores de voltaje m\u00faltiple y frecuencia m\u00faltiple de la casa nacional primaria de 22 kW con clase de eficiencia PREMIUM (IE3);<\/li>\n<li>Sistema de transmisi\u00f3n en ba\u00f1o de aceite con engranajes y pi\u00f1ones de acero;<\/li>\n<li>C\u00e1mara de corte con dimensiones de 1400&#215;1000 mm;<\/li>\n<li>Tolva de chapa soldada el\u00e9ctricamente para la carga frontal o desde arriba dotada tapa corredera y bandas de goma anti fly-back;<\/li>\n<li>Base con n\u00b03 redes de protecci\u00f3n con portillo frontal dotado de micro de seguridad.<\/li>\n<li>Peso aprox. 6,5 t.<\/li>\n<\/ul>\n<h2 class=\"titoletto\" style=\"text-align: left;\"><strong>Caracter\u00edsticas del sistema de control:<\/strong><\/h2>\n<ul style=\"text-align: left;\">\n<li>Cuadro el\u00e9ctrico seg\u00fan la norma CEE dotado de limitador de par que invierte el movimiento de las fresas en caso de que la carga de trabajo de la m\u00e1quina supere el valor programado<\/li>\n<li>PLC SIEMENS S7-1200 para el control de todas las perif\u00e9ricas de la instalaci\u00f3n;<\/li>\n<li>Display touch screen 6\u2019 pintado para la regolacion de todos los parametros de la maquina;<\/li>\n<li>Software preparado para comandar los sistemas de carga, el molino refinaci\u00f3n y el equipo de aspiraci\u00f3n.<\/li>\n<li>Funciones de control de emergencia para la parada de la instalaci\u00f3n;<\/li>\n<li>ISVE MAINTENANCE PROGRAM: programaci\u00f2n de los mantenimientos signalado en la pantalla tactil;<\/li>\n<li>PREDISPOSICIONE PARA SISTEMA DE TELE-ASISTENCIA Y \u201cSAFETY SERVER CONNECTION ISVE\u201d (control en tiempo real de los parametros de la maquina desde server ISVE);<\/li>\n<li><strong>Ejecuci\u00f3n seg\u00fan las normas CE.<\/strong><\/li>\n<\/ul>\n","protected":false},"excerpt":{"rendered":"<p>C\u00e1racter\u00edsticas principales: C\u00e1mara de corte: 1000x1400mm potencia instalada: 44 KW (22 kW+22 kW)&nbsp;\u2013 60 HP (30 + 30 HP) transmisi\u00f3n:&nbsp;por engranajes n\u00famero de ejes fresas:&nbsp;2 n\u00famero de fresas templadas: 35 n\u00famero de ejes de introduccion:&nbsp;2 n\u00famero de discos de introducci\u00f3n: 35 n\u00b0 de rev. \/ min. fresas:&nbsp;18 producci\u00f3n: 2-3,5 t\/hora equipamientos de seguridad:&nbsp;parada de emergencia,&hellip;<\/p>\n","protected":false},"author":103,"featured_media":10708,"parent":3813,"menu_order":374,"comment_status":"closed","ping_status":"closed","template":"","meta":{"_acf_changed":false,"footnotes":""},"tags":[],"impaginazione":[3692],"divisione":[3689],"categorie_modelli":[3696],"class_list":["post-9321","page","type-page","status-publish","has-post-thumbnail","hentry","impaginazione-modello-prodotto","divisione-isve-recycling","categorie_modelli-trituratori-4-alberi","description-off"],"acf":[],"yoast_head":"<!-- This site is optimized with the Yoast SEO plugin v27.4 - https:\/\/yoast.com\/product\/yoast-seo-wordpress\/ -->\n<title>Trituradoras de 4 \u00e1rboles: Modelo 140-100S - ISVE SpA - Trattamento legno - Riciclaggio - Macinatori Trituratori<\/title>\n<meta name=\"robots\" content=\"index, follow, max-snippet:-1, max-image-preview:large, max-video-preview:-1\" \/>\n<link rel=\"canonical\" href=\"https:\/\/isve.com\/es\/trituradores-industriales\/trituradoras-de-4-arboles\/trituradoras-de-4-arboles-modelo-140-100s\/\" \/>\n<meta property=\"og:locale\" content=\"es_ES\" \/>\n<meta property=\"og:type\" content=\"article\" \/>\n<meta property=\"og:title\" content=\"Trituradoras de 4 \u00e1rboles: Modelo 140-100S - ISVE SpA - Trattamento legno - Riciclaggio - Macinatori Trituratori\" \/>\n<meta property=\"og:description\" content=\"C\u00e1racter\u00edsticas principales: C\u00e1mara de corte: 1000x1400mm potencia instalada: 44 KW (22 kW+22 kW)&nbsp;\u2013 60 HP (30 + 30 HP) transmisi\u00f3n:&nbsp;por engranajes n\u00famero de ejes fresas:&nbsp;2 n\u00famero de fresas templadas: 35 n\u00famero de ejes de introduccion:&nbsp;2 n\u00famero de discos de introducci\u00f3n: 35 n\u00b0 de rev. \/ min. fresas:&nbsp;18 producci\u00f3n: 2-3,5 t\/hora equipamientos de seguridad:&nbsp;parada de emergencia,&hellip;\" \/>\n<meta property=\"og:url\" content=\"https:\/\/isve.com\/es\/trituradores-industriales\/trituradoras-de-4-arboles\/trituradoras-de-4-arboles-modelo-140-100s\/\" \/>\n<meta property=\"og:site_name\" content=\"ISVE SpA - Trattamento legno - Riciclaggio - Macinatori Trituratori\" \/>\n<meta property=\"article:modified_time\" content=\"2024-02-15T13:56:59+00:00\" \/>\n<meta property=\"og:image\" content=\"https:\/\/isve.com\/wp-content\/uploads\/2023\/06\/140100s-1.jpg\" \/>\n\t<meta property=\"og:image:width\" content=\"1822\" \/>\n\t<meta property=\"og:image:height\" content=\"796\" \/>\n\t<meta property=\"og:image:type\" content=\"image\/jpeg\" \/>\n<meta name=\"twitter:card\" content=\"summary_large_image\" \/>\n<meta name=\"twitter:label1\" content=\"Tiempo de lectura\" \/>\n\t<meta name=\"twitter:data1\" content=\"3 minutos\" \/>\n<script type=\"application\/ld+json\" class=\"yoast-schema-graph\">{\"@context\":\"https:\\\/\\\/schema.org\",\"@graph\":[{\"@type\":\"WebPage\",\"@id\":\"https:\\\/\\\/isve.com\\\/es\\\/trituradores-industriales\\\/trituradoras-de-4-arboles\\\/trituradoras-de-4-arboles-modelo-140-100s\\\/\",\"url\":\"https:\\\/\\\/isve.com\\\/es\\\/trituradores-industriales\\\/trituradoras-de-4-arboles\\\/trituradoras-de-4-arboles-modelo-140-100s\\\/\",\"name\":\"Trituradoras de 4 \u00e1rboles: Modelo 140-100S - ISVE SpA - Trattamento legno - Riciclaggio - Macinatori Trituratori\",\"isPartOf\":{\"@id\":\"https:\\\/\\\/isve.com\\\/es\\\/#website\"},\"primaryImageOfPage\":{\"@id\":\"https:\\\/\\\/isve.com\\\/es\\\/trituradores-industriales\\\/trituradoras-de-4-arboles\\\/trituradoras-de-4-arboles-modelo-140-100s\\\/#primaryimage\"},\"image\":{\"@id\":\"https:\\\/\\\/isve.com\\\/es\\\/trituradores-industriales\\\/trituradoras-de-4-arboles\\\/trituradoras-de-4-arboles-modelo-140-100s\\\/#primaryimage\"},\"thumbnailUrl\":\"https:\\\/\\\/isve.com\\\/wp-content\\\/uploads\\\/2023\\\/06\\\/140100s-1.jpg\",\"datePublished\":\"2022-04-11T15:07:54+00:00\",\"dateModified\":\"2024-02-15T13:56:59+00:00\",\"breadcrumb\":{\"@id\":\"https:\\\/\\\/isve.com\\\/es\\\/trituradores-industriales\\\/trituradoras-de-4-arboles\\\/trituradoras-de-4-arboles-modelo-140-100s\\\/#breadcrumb\"},\"inLanguage\":\"es\",\"potentialAction\":[{\"@type\":\"ReadAction\",\"target\":[\"https:\\\/\\\/isve.com\\\/es\\\/trituradores-industriales\\\/trituradoras-de-4-arboles\\\/trituradoras-de-4-arboles-modelo-140-100s\\\/\"]}]},{\"@type\":\"ImageObject\",\"inLanguage\":\"es\",\"@id\":\"https:\\\/\\\/isve.com\\\/es\\\/trituradores-industriales\\\/trituradoras-de-4-arboles\\\/trituradoras-de-4-arboles-modelo-140-100s\\\/#primaryimage\",\"url\":\"https:\\\/\\\/isve.com\\\/wp-content\\\/uploads\\\/2023\\\/06\\\/140100s-1.jpg\",\"contentUrl\":\"https:\\\/\\\/isve.com\\\/wp-content\\\/uploads\\\/2023\\\/06\\\/140100s-1.jpg\",\"width\":1822,\"height\":796,\"caption\":\"140100S\"},{\"@type\":\"BreadcrumbList\",\"@id\":\"https:\\\/\\\/isve.com\\\/es\\\/trituradores-industriales\\\/trituradoras-de-4-arboles\\\/trituradoras-de-4-arboles-modelo-140-100s\\\/#breadcrumb\",\"itemListElement\":[{\"@type\":\"ListItem\",\"position\":1,\"name\":\"Home\",\"item\":\"https:\\\/\\\/isve.com\\\/es\\\/\"},{\"@type\":\"ListItem\",\"position\":2,\"name\":\"Productos Recycling\",\"item\":\"https:\\\/\\\/isve.com\\\/es\\\/trituradores-industriales\\\/\"},{\"@type\":\"ListItem\",\"position\":3,\"name\":\"Modelos \u2013 Trituradora de cuatro ejes\",\"item\":\"https:\\\/\\\/isve.com\\\/es\\\/trituradores-industriales\\\/trituradoras-de-4-arboles\\\/\"},{\"@type\":\"ListItem\",\"position\":4,\"name\":\"Trituradoras de 4 \u00e1rboles: Modelo 140-100S\"}]},{\"@type\":\"WebSite\",\"@id\":\"https:\\\/\\\/isve.com\\\/es\\\/#website\",\"url\":\"https:\\\/\\\/isve.com\\\/es\\\/\",\"name\":\"ISVE S.p.A.\",\"description\":\"Sistemi per trattamento del legno e triturazione macinazione granulazione\",\"publisher\":{\"@id\":\"https:\\\/\\\/isve.com\\\/es\\\/#organization\"},\"potentialAction\":[{\"@type\":\"SearchAction\",\"target\":{\"@type\":\"EntryPoint\",\"urlTemplate\":\"https:\\\/\\\/isve.com\\\/es\\\/?s={search_term_string}\"},\"query-input\":{\"@type\":\"PropertyValueSpecification\",\"valueRequired\":true,\"valueName\":\"search_term_string\"}}],\"inLanguage\":\"es\"},{\"@type\":\"Organization\",\"@id\":\"https:\\\/\\\/isve.com\\\/es\\\/#organization\",\"name\":\"ISVE S.p.A.\",\"url\":\"https:\\\/\\\/isve.com\\\/es\\\/\",\"logo\":{\"@type\":\"ImageObject\",\"inLanguage\":\"es\",\"@id\":\"https:\\\/\\\/isve.com\\\/es\\\/#\\\/schema\\\/logo\\\/image\\\/\",\"url\":\"https:\\\/\\\/isve.com\\\/wp-content\\\/uploads\\\/2026\\\/01\\\/logo-isve-spa.png\",\"contentUrl\":\"https:\\\/\\\/isve.com\\\/wp-content\\\/uploads\\\/2026\\\/01\\\/logo-isve-spa.png\",\"width\":600,\"height\":173,\"caption\":\"ISVE S.p.A.\"},\"image\":{\"@id\":\"https:\\\/\\\/isve.com\\\/es\\\/#\\\/schema\\\/logo\\\/image\\\/\"},\"sameAs\":[\"https:\\\/\\\/www.linkedin.com\\\/company\\\/69445471\",\"https:\\\/\\\/www.youtube.com\\\/@isves.p.a.8894\"]}]}<\/script>\n<!-- \/ Yoast SEO plugin. -->","yoast_head_json":{"title":"Trituradoras de 4 \u00e1rboles: Modelo 140-100S - ISVE SpA - Trattamento legno - Riciclaggio - Macinatori Trituratori","robots":{"index":"index","follow":"follow","max-snippet":"max-snippet:-1","max-image-preview":"max-image-preview:large","max-video-preview":"max-video-preview:-1"},"canonical":"https:\/\/isve.com\/es\/trituradores-industriales\/trituradoras-de-4-arboles\/trituradoras-de-4-arboles-modelo-140-100s\/","og_locale":"es_ES","og_type":"article","og_title":"Trituradoras de 4 \u00e1rboles: Modelo 140-100S - ISVE SpA - Trattamento legno - Riciclaggio - Macinatori Trituratori","og_description":"C\u00e1racter\u00edsticas principales: C\u00e1mara de corte: 1000x1400mm potencia instalada: 44 KW (22 kW+22 kW)&nbsp;\u2013 60 HP (30 + 30 HP) transmisi\u00f3n:&nbsp;por engranajes n\u00famero de ejes fresas:&nbsp;2 n\u00famero de fresas templadas: 35 n\u00famero de ejes de introduccion:&nbsp;2 n\u00famero de discos de introducci\u00f3n: 35 n\u00b0 de rev. \/ min. fresas:&nbsp;18 producci\u00f3n: 2-3,5 t\/hora equipamientos de seguridad:&nbsp;parada de emergencia,&hellip;","og_url":"https:\/\/isve.com\/es\/trituradores-industriales\/trituradoras-de-4-arboles\/trituradoras-de-4-arboles-modelo-140-100s\/","og_site_name":"ISVE SpA - Trattamento legno - Riciclaggio - Macinatori Trituratori","article_modified_time":"2024-02-15T13:56:59+00:00","og_image":[{"width":1822,"height":796,"url":"https:\/\/isve.com\/wp-content\/uploads\/2023\/06\/140100s-1.jpg","type":"image\/jpeg"}],"twitter_card":"summary_large_image","twitter_misc":{"Tiempo de lectura":"3 minutos"},"schema":{"@context":"https:\/\/schema.org","@graph":[{"@type":"WebPage","@id":"https:\/\/isve.com\/es\/trituradores-industriales\/trituradoras-de-4-arboles\/trituradoras-de-4-arboles-modelo-140-100s\/","url":"https:\/\/isve.com\/es\/trituradores-industriales\/trituradoras-de-4-arboles\/trituradoras-de-4-arboles-modelo-140-100s\/","name":"Trituradoras de 4 \u00e1rboles: Modelo 140-100S - ISVE SpA - Trattamento legno - Riciclaggio - Macinatori Trituratori","isPartOf":{"@id":"https:\/\/isve.com\/es\/#website"},"primaryImageOfPage":{"@id":"https:\/\/isve.com\/es\/trituradores-industriales\/trituradoras-de-4-arboles\/trituradoras-de-4-arboles-modelo-140-100s\/#primaryimage"},"image":{"@id":"https:\/\/isve.com\/es\/trituradores-industriales\/trituradoras-de-4-arboles\/trituradoras-de-4-arboles-modelo-140-100s\/#primaryimage"},"thumbnailUrl":"https:\/\/isve.com\/wp-content\/uploads\/2023\/06\/140100s-1.jpg","datePublished":"2022-04-11T15:07:54+00:00","dateModified":"2024-02-15T13:56:59+00:00","breadcrumb":{"@id":"https:\/\/isve.com\/es\/trituradores-industriales\/trituradoras-de-4-arboles\/trituradoras-de-4-arboles-modelo-140-100s\/#breadcrumb"},"inLanguage":"es","potentialAction":[{"@type":"ReadAction","target":["https:\/\/isve.com\/es\/trituradores-industriales\/trituradoras-de-4-arboles\/trituradoras-de-4-arboles-modelo-140-100s\/"]}]},{"@type":"ImageObject","inLanguage":"es","@id":"https:\/\/isve.com\/es\/trituradores-industriales\/trituradoras-de-4-arboles\/trituradoras-de-4-arboles-modelo-140-100s\/#primaryimage","url":"https:\/\/isve.com\/wp-content\/uploads\/2023\/06\/140100s-1.jpg","contentUrl":"https:\/\/isve.com\/wp-content\/uploads\/2023\/06\/140100s-1.jpg","width":1822,"height":796,"caption":"140100S"},{"@type":"BreadcrumbList","@id":"https:\/\/isve.com\/es\/trituradores-industriales\/trituradoras-de-4-arboles\/trituradoras-de-4-arboles-modelo-140-100s\/#breadcrumb","itemListElement":[{"@type":"ListItem","position":1,"name":"Home","item":"https:\/\/isve.com\/es\/"},{"@type":"ListItem","position":2,"name":"Productos Recycling","item":"https:\/\/isve.com\/es\/trituradores-industriales\/"},{"@type":"ListItem","position":3,"name":"Modelos \u2013 Trituradora de cuatro ejes","item":"https:\/\/isve.com\/es\/trituradores-industriales\/trituradoras-de-4-arboles\/"},{"@type":"ListItem","position":4,"name":"Trituradoras de 4 \u00e1rboles: Modelo 140-100S"}]},{"@type":"WebSite","@id":"https:\/\/isve.com\/es\/#website","url":"https:\/\/isve.com\/es\/","name":"ISVE S.p.A.","description":"Sistemi per trattamento del legno e triturazione macinazione granulazione","publisher":{"@id":"https:\/\/isve.com\/es\/#organization"},"potentialAction":[{"@type":"SearchAction","target":{"@type":"EntryPoint","urlTemplate":"https:\/\/isve.com\/es\/?s={search_term_string}"},"query-input":{"@type":"PropertyValueSpecification","valueRequired":true,"valueName":"search_term_string"}}],"inLanguage":"es"},{"@type":"Organization","@id":"https:\/\/isve.com\/es\/#organization","name":"ISVE S.p.A.","url":"https:\/\/isve.com\/es\/","logo":{"@type":"ImageObject","inLanguage":"es","@id":"https:\/\/isve.com\/es\/#\/schema\/logo\/image\/","url":"https:\/\/isve.com\/wp-content\/uploads\/2026\/01\/logo-isve-spa.png","contentUrl":"https:\/\/isve.com\/wp-content\/uploads\/2026\/01\/logo-isve-spa.png","width":600,"height":173,"caption":"ISVE S.p.A."},"image":{"@id":"https:\/\/isve.com\/es\/#\/schema\/logo\/image\/"},"sameAs":["https:\/\/www.linkedin.com\/company\/69445471","https:\/\/www.youtube.com\/@isves.p.a.8894"]}]}},"_links":{"self":[{"href":"https:\/\/isve.com\/es\/wp-json\/wp\/v2\/pages\/9321","targetHints":{"allow":["GET"]}}],"collection":[{"href":"https:\/\/isve.com\/es\/wp-json\/wp\/v2\/pages"}],"about":[{"href":"https:\/\/isve.com\/es\/wp-json\/wp\/v2\/types\/page"}],"author":[{"embeddable":true,"href":"https:\/\/isve.com\/es\/wp-json\/wp\/v2\/users\/103"}],"replies":[{"embeddable":true,"href":"https:\/\/isve.com\/es\/wp-json\/wp\/v2\/comments?post=9321"}],"version-history":[{"count":0,"href":"https:\/\/isve.com\/es\/wp-json\/wp\/v2\/pages\/9321\/revisions"}],"up":[{"embeddable":true,"href":"https:\/\/isve.com\/es\/wp-json\/wp\/v2\/pages\/3813"}],"wp:featuredmedia":[{"embeddable":true,"href":"https:\/\/isve.com\/es\/wp-json\/wp\/v2\/media\/10708"}],"wp:attachment":[{"href":"https:\/\/isve.com\/es\/wp-json\/wp\/v2\/media?parent=9321"}],"wp:term":[{"taxonomy":"post_tag","embeddable":true,"href":"https:\/\/isve.com\/es\/wp-json\/wp\/v2\/tags?post=9321"},{"taxonomy":"impaginazione","embeddable":true,"href":"https:\/\/isve.com\/es\/wp-json\/wp\/v2\/impaginazione?post=9321"},{"taxonomy":"divisione","embeddable":true,"href":"https:\/\/isve.com\/es\/wp-json\/wp\/v2\/divisione?post=9321"},{"taxonomy":"categorie_modelli","embeddable":true,"href":"https:\/\/isve.com\/es\/wp-json\/wp\/v2\/categorie_modelli?post=9321"}],"curies":[{"name":"wp","href":"https:\/\/api.w.org\/{rel}","templated":true}]}}