{"id":4288,"date":"2019-09-04T11:34:44","date_gmt":"2019-09-04T09:34:44","guid":{"rendered":"https:\/\/isve.com\/?page_id=4288"},"modified":"2025-05-03T11:55:18","modified_gmt":"2025-05-03T09:55:18","slug":"trituradoras-de-2-arboles","status":"publish","type":"page","link":"https:\/\/isve.com\/es\/trituradores-industriales\/trituradoras-de-2-arboles\/","title":{"rendered":"Modelos &#8211; Trituradora de dos ejes"},"content":{"rendered":"\t\t<div data-elementor-type=\"wp-page\" data-elementor-id=\"4288\" class=\"elementor elementor-4288 elementor-508\" data-elementor-post-type=\"page\">\n\t\t\t\t\t\t<section class=\"elementor-section elementor-top-section elementor-element elementor-element-27e4d87 elementor-section-boxed elementor-section-height-default elementor-section-height-default\" data-id=\"27e4d87\" data-element_type=\"section\" data-e-type=\"section\">\n\t\t\t\t\t\t<div class=\"elementor-container elementor-column-gap-default\">\n\t\t\t\t\t<div class=\"elementor-column elementor-col-100 elementor-top-column elementor-element elementor-element-36e72fd\" data-id=\"36e72fd\" data-element_type=\"column\" data-e-type=\"column\">\n\t\t\t<div class=\"elementor-widget-wrap elementor-element-populated\">\n\t\t\t\t\t\t<div class=\"elementor-element elementor-element-a93c673 elementor-widget elementor-widget-heading\" data-id=\"a93c673\" data-element_type=\"widget\" data-e-type=\"widget\" data-widget_type=\"heading.default\">\n\t\t\t\t<div class=\"elementor-widget-container\">\n\t\t\t\t\t<h2 class=\"elementor-heading-title elementor-size-default\">Modelos - TRITURADORA DE DOS EJES ISVE<\/h2>\t\t\t\t<\/div>\n\t\t\t\t<\/div>\n\t\t\t\t<div class=\"elementor-element elementor-element-175e573 elementor-widget elementor-widget-spacer\" data-id=\"175e573\" data-element_type=\"widget\" data-e-type=\"widget\" data-widget_type=\"spacer.default\">\n\t\t\t\t<div class=\"elementor-widget-container\">\n\t\t\t\t\t\t\t<div class=\"elementor-spacer\">\n\t\t\t<div class=\"elementor-spacer-inner\"><\/div>\n\t\t<\/div>\n\t\t\t\t\t\t<\/div>\n\t\t\t\t<\/div>\n\t\t\t\t<div class=\"elementor-element elementor-element-118b733 elementor-grid-1 elementor-grid-tablet-1 elementor-posts--thumbnail-left elementor-grid-mobile-1 elementor-widget elementor-widget-posts\" data-id=\"118b733\" data-element_type=\"widget\" data-e-type=\"widget\" data-settings=\"{&quot;classic_columns&quot;:&quot;1&quot;,&quot;classic_columns_tablet&quot;:&quot;1&quot;,&quot;classic_columns_mobile&quot;:&quot;1&quot;,&quot;classic_row_gap&quot;:{&quot;unit&quot;:&quot;px&quot;,&quot;size&quot;:35,&quot;sizes&quot;:[]},&quot;classic_row_gap_tablet&quot;:{&quot;unit&quot;:&quot;px&quot;,&quot;size&quot;:&quot;&quot;,&quot;sizes&quot;:[]},&quot;classic_row_gap_mobile&quot;:{&quot;unit&quot;:&quot;px&quot;,&quot;size&quot;:&quot;&quot;,&quot;sizes&quot;:[]}}\" data-widget_type=\"posts.classic\">\n\t\t\t\t<div class=\"elementor-widget-container\">\n\t\t\t\t\t\t\t<div class=\"elementor-posts-container elementor-posts elementor-posts--skin-classic elementor-grid\" role=\"list\">\n\t\t\t\t<article class=\"elementor-post elementor-grid-item post-3786 page type-page status-publish has-post-thumbnail hentry tag-cintas-de-polietileno-trituradr tag-desmenuzado-de-neumaticos tag-desmenuzado-de-trapos tag-trituracion-de-bloques-de-plastico tag-trituracion-de-carton tag-trituracion-de-cuero tag-trituracion-de-envases-es tag-trituracion-de-madera-es tag-trituracion-de-madera tag-trituracion-de-papel tag-trituracion-de-peliculas-de-plastico tag-trituracion-de-trozos-de-madera impaginazione-modello-prodotto divisione-isve-recycling categorie_modelli-trituratori-2-alberi description-off\" role=\"listitem\">\n\t\t\t\t<a class=\"elementor-post__thumbnail__link\" href=\"https:\/\/isve.com\/es\/trituradores-industriales\/trituradoras-de-2-arboles\/trituradoras-de-2-arboles-modelo-b-8070s\/\" tabindex=\"-1\" >\n\t\t\t<div class=\"elementor-post__thumbnail\"><img fetchpriority=\"high\" decoding=\"async\" width=\"1024\" height=\"447\" src=\"https:\/\/isve.com\/wp-content\/uploads\/2023\/06\/b80-70s-1024x447.jpg\" class=\"attachment-large size-large wp-image-10525\" alt=\"B80-70S\" srcset=\"https:\/\/isve.com\/wp-content\/uploads\/2023\/06\/b80-70s-1024x447.jpg 1024w, https:\/\/isve.com\/wp-content\/uploads\/2023\/06\/b80-70s-600x262.jpg 600w, https:\/\/isve.com\/wp-content\/uploads\/2023\/06\/b80-70s-768x335.jpg 768w, https:\/\/isve.com\/wp-content\/uploads\/2023\/06\/b80-70s-1536x670.jpg 1536w, https:\/\/isve.com\/wp-content\/uploads\/2023\/06\/b80-70s.jpg 1675w\" sizes=\"(max-width: 1024px) 100vw, 1024px\" \/><\/div>\n\t\t<\/a>\n\t\t\t\t<div class=\"elementor-post__text\">\n\t\t\t\t<h3 class=\"elementor-post__title\">\n\t\t\t<a href=\"https:\/\/isve.com\/es\/trituradores-industriales\/trituradoras-de-2-arboles\/trituradoras-de-2-arboles-modelo-b-8070s\/\" >\n\t\t\t\tTrituradoras de 2 \u00e1rboles: Modelo B-80\/70S\t\t\t<\/a>\n\t\t<\/h3>\n\t\t\t\t<div class=\"elementor-post__excerpt\">\n\t\t\t<p>Caracter\u00edsticas principales: C\u00e1mara de corte: 800 x 750 mm potencia instalada: 30 KW + 30 KW transmisi\u00f3n:&nbsp;por engranajes por reductores en ba\u00f1o de aceite n\u00famero de ejes de corte:&nbsp;2 n\u00famero de cortadores templados: 16 espesor de las cuchillas: 50 mm n\u00famero de separadores: 16 n\u00b0 de rev.\/min. fresas: 11 equipamientos de seguridad: parada de emergencia, sistema de inversi\u00f3n en caso de carga excesiva realizaci\u00f3n conforme a las normas CE Accesorios bajo pedido: tolva intercambiable ; cinta transportadora de carga y descarga; bastidor a medida. Recomendaciones de uso: M\u00e1quina polivalente, adecuada para triturar numerosos materiales de desecho y no desechos. Se puede insertar en l\u00ednea para un funcionamiento continuo. Recomendada para triturar virutas de madera, trapos, bloques de pl\u00e1stico, pieles, neum\u00e1ticos,<\/p>\n\t\t<\/div>\n\t\t\n\t\t<a class=\"elementor-post__read-more\" href=\"https:\/\/isve.com\/es\/trituradores-industriales\/trituradoras-de-2-arboles\/trituradoras-de-2-arboles-modelo-b-8070s\/\" aria-label=\"Read more about Trituradoras de 2 \u00e1rboles: Modelo B-80\/70S\" tabindex=\"-1\" >\n\t\t\tM\u00e1s \u00bb\t\t<\/a>\n\n\t\t\t\t<\/div>\n\t\t\t\t<\/article>\n\t\t\t\t<article class=\"elementor-post elementor-grid-item post-3773 page type-page status-publish has-post-thumbnail hentry tag-cintas-de-polietileno-trituradr tag-desmenuzado-de-neumaticos tag-desmenuzado-de-trapos tag-trituracion-de-bloques-de-plastico tag-trituracion-de-carton tag-trituracion-de-cuero tag-trituracion-de-envases-es tag-trituracion-de-madera tag-trituracion-de-madera-es tag-trituracion-de-papel tag-trituracion-de-peliculas-de-plastico tag-trituracion-de-trozos-de-madera impaginazione-modello-prodotto divisione-isve-recycling categorie_modelli-trituratori-2-alberi description-off\" role=\"listitem\">\n\t\t\t\t<a class=\"elementor-post__thumbnail__link\" href=\"https:\/\/isve.com\/es\/trituradores-industriales\/trituradoras-de-2-arboles\/trituradoras-de-2-arboles-modelo-b-12070s\/\" tabindex=\"-1\" >\n\t\t\t<div class=\"elementor-post__thumbnail\"><img decoding=\"async\" width=\"1024\" height=\"453\" src=\"https:\/\/isve.com\/wp-content\/uploads\/2023\/06\/b120-70s-1024x453.jpg\" class=\"attachment-large size-large wp-image-10546\" alt=\"B120-70S\" srcset=\"https:\/\/isve.com\/wp-content\/uploads\/2023\/06\/b120-70s-1024x453.jpg 1024w, https:\/\/isve.com\/wp-content\/uploads\/2023\/06\/b120-70s-600x265.jpg 600w, https:\/\/isve.com\/wp-content\/uploads\/2023\/06\/b120-70s-768x339.jpg 768w, https:\/\/isve.com\/wp-content\/uploads\/2023\/06\/b120-70s-1536x679.jpg 1536w, https:\/\/isve.com\/wp-content\/uploads\/2023\/06\/b120-70s.jpg 1679w\" sizes=\"(max-width: 1024px) 100vw, 1024px\" \/><\/div>\n\t\t<\/a>\n\t\t\t\t<div class=\"elementor-post__text\">\n\t\t\t\t<h3 class=\"elementor-post__title\">\n\t\t\t<a href=\"https:\/\/isve.com\/es\/trituradores-industriales\/trituradoras-de-2-arboles\/trituradoras-de-2-arboles-modelo-b-12070s\/\" >\n\t\t\t\tTrituradoras de 2 \u00e1rboles: Modelo B-120\/70S\t\t\t<\/a>\n\t\t<\/h3>\n\t\t\t\t<div class=\"elementor-post__excerpt\">\n\t\t\t<p>Caracter\u00edsticas principales: C\u00e1mara de corte: 1200 x 750 mm potencia instalada: 45 KW + 45 KW transmisi\u00f3n:&nbsp;por engranajes por reductores en ba\u00f1o de aceite n\u00famero de ejes de corte:&nbsp;2 n\u00famero de cortadores templados: 24 Espesor de las cuchillas: 50 mm n\u00famero de peines distanciadores: 24 n\u00b0 de rev.\/min. fresas: 11 equipamientos de seguridad: parada de emergencia, sistema de inversi\u00f3n en caso de carga excesiva realizaci\u00f3n conforme a las normas CE Accesorios bajo pedido: tolva intercambiable ; cinta transportadora de carga y descarga; bastidor a medida. Recomendaciones de uso: M\u00e1quina polivalente, adecuada para triturar numerosos materiales de desecho y no desechos. Se puede insertar en l\u00ednea para un funcionamiento continuo. Recomendada para triturar virutas de madera, trapos, bloques de pl\u00e1stico, pieles,<\/p>\n\t\t<\/div>\n\t\t\n\t\t<a class=\"elementor-post__read-more\" href=\"https:\/\/isve.com\/es\/trituradores-industriales\/trituradoras-de-2-arboles\/trituradoras-de-2-arboles-modelo-b-12070s\/\" aria-label=\"Read more about Trituradoras de 2 \u00e1rboles: Modelo B-120\/70S\" tabindex=\"-1\" >\n\t\t\tM\u00e1s \u00bb\t\t<\/a>\n\n\t\t\t\t<\/div>\n\t\t\t\t<\/article>\n\t\t\t\t<article class=\"elementor-post elementor-grid-item post-3779 page type-page status-publish has-post-thumbnail hentry impaginazione-modello-prodotto divisione-isve-recycling categorie_modelli-trituratori-2-alberi description-off\" role=\"listitem\">\n\t\t\t\t<a class=\"elementor-post__thumbnail__link\" href=\"https:\/\/isve.com\/es\/trituradores-industriales\/trituradoras-de-2-arboles\/trituradoras-de-2-arboles-modelo-b-140100s\/\" tabindex=\"-1\" >\n\t\t\t<div class=\"elementor-post__thumbnail\"><img decoding=\"async\" width=\"1024\" height=\"445\" src=\"https:\/\/isve.com\/wp-content\/uploads\/2023\/06\/b120-100s-1024x445.jpg\" class=\"attachment-large size-large wp-image-10560\" alt=\"B120-100S\" srcset=\"https:\/\/isve.com\/wp-content\/uploads\/2023\/06\/b120-100s-1024x445.jpg 1024w, https:\/\/isve.com\/wp-content\/uploads\/2023\/06\/b120-100s-600x261.jpg 600w, https:\/\/isve.com\/wp-content\/uploads\/2023\/06\/b120-100s-768x334.jpg 768w, https:\/\/isve.com\/wp-content\/uploads\/2023\/06\/b120-100s-1536x668.jpg 1536w, https:\/\/isve.com\/wp-content\/uploads\/2023\/06\/b120-100s.jpg 1847w\" sizes=\"(max-width: 1024px) 100vw, 1024px\" \/><\/div>\n\t\t<\/a>\n\t\t\t\t<div class=\"elementor-post__text\">\n\t\t\t\t<h3 class=\"elementor-post__title\">\n\t\t\t<a href=\"https:\/\/isve.com\/es\/trituradores-industriales\/trituradoras-de-2-arboles\/trituradoras-de-2-arboles-modelo-b-140100s\/\" >\n\t\t\t\tTrituradoras de 2 \u00e1rboles: Modelo B-140\/100S\t\t\t<\/a>\n\t\t<\/h3>\n\t\t\t\t<div class=\"elementor-post__excerpt\">\n\t\t\t<p>C\u00e1racter\u00edsticas principales: C\u00e1mara de corte: 1400 x 1000 mm potencia instalada: 55 KW + 55 KW transmisi\u00f3n:&nbsp;por engranajes por reductores en ba\u00f1o de aceite n\u00famero de ejes de corte:&nbsp;2 n\u00famero de cortadores templados: 28 espesor de las cuchillas: 50 mm n\u00famero de separadores: 28 n\u00b0 de rev.\/min. fresas: 10-15 equipamientos de seguridad: parada de emergencia, sistema de inversi\u00f3n en caso de carga excesiva realizaci\u00f3n conforme a las normas CE Accesorios bajo pedido: tolva intercambiable; cinta transportadora de carga y descarga; bastidor a medida. Recomendaciones de uso: M\u00e1quina polivalente, adecuada para triturar numerosos materiales de desecho y no desechos. Se puede insertar en l\u00ednea para un funcionamiento continuo. Recomendada para triturar virutas de madera, trapos, bloques de pl\u00e1stico, pieles, neum\u00e1ticos, papel,<\/p>\n\t\t<\/div>\n\t\t\n\t\t<a class=\"elementor-post__read-more\" href=\"https:\/\/isve.com\/es\/trituradores-industriales\/trituradoras-de-2-arboles\/trituradoras-de-2-arboles-modelo-b-140100s\/\" aria-label=\"Read more about Trituradoras de 2 \u00e1rboles: Modelo B-140\/100S\" tabindex=\"-1\" >\n\t\t\tM\u00e1s \u00bb\t\t<\/a>\n\n\t\t\t\t<\/div>\n\t\t\t\t<\/article>\n\t\t\t\t<\/div>\n\t\t\n\t\t\t\t\t\t<\/div>\n\t\t\t\t<\/div>\n\t\t\t\t\t<\/div>\n\t\t<\/div>\n\t\t\t\t\t<\/div>\n\t\t<\/section>\n\t\t\t\t<\/div>\n\t\t","protected":false},"excerpt":{"rendered":"<p>Modelos &#8211; TRITURADORA DE DOS EJES ISVE<\/p>\n","protected":false},"author":1,"featured_media":718,"parent":13663,"menu_order":379,"comment_status":"closed","ping_status":"closed","template":"","meta":{"_acf_changed":false,"footnotes":""},"tags":[],"impaginazione":[],"divisione":[3689],"categorie_modelli":[],"class_list":["post-4288","page","type-page","status-publish","has-post-thumbnail","hentry","divisione-isve-recycling","description-off"],"acf":[],"yoast_head":"<!-- This site is optimized with the Yoast SEO plugin v27.4 - https:\/\/yoast.com\/product\/yoast-seo-wordpress\/ -->\n<title>Modelos - Trituradora de dos ejes - ISVE SpA - Trattamento legno - Riciclaggio - Macinatori Trituratori<\/title>\n<meta name=\"robots\" content=\"index, follow, max-snippet:-1, max-image-preview:large, max-video-preview:-1\" \/>\n<link rel=\"canonical\" href=\"https:\/\/isve.com\/es\/trituradores-industriales\/trituradoras-de-2-arboles\/\" \/>\n<meta property=\"og:locale\" content=\"es_ES\" \/>\n<meta property=\"og:type\" content=\"article\" \/>\n<meta property=\"og:title\" content=\"Modelos - Trituradora de dos ejes - ISVE SpA - Trattamento legno - Riciclaggio - Macinatori Trituratori\" \/>\n<meta property=\"og:description\" content=\"Modelos &#8211; TRITURADORA DE DOS EJES ISVE\" \/>\n<meta property=\"og:url\" content=\"https:\/\/isve.com\/es\/trituradores-industriales\/trituradoras-de-2-arboles\/\" \/>\n<meta property=\"og:site_name\" content=\"ISVE SpA - Trattamento legno - Riciclaggio - Macinatori Trituratori\" \/>\n<meta property=\"article:modified_time\" content=\"2025-05-03T09:55:18+00:00\" \/>\n<meta property=\"og:image\" content=\"https:\/\/isve.com\/wp-content\/uploads\/trituratori_2_alberi_larga.jpg\" \/>\n\t<meta property=\"og:image:width\" content=\"1256\" \/>\n\t<meta property=\"og:image:height\" content=\"523\" \/>\n\t<meta property=\"og:image:type\" content=\"image\/jpeg\" \/>\n<meta name=\"twitter:card\" content=\"summary_large_image\" \/>\n<script type=\"application\/ld+json\" class=\"yoast-schema-graph\">{\"@context\":\"https:\\\/\\\/schema.org\",\"@graph\":[{\"@type\":\"WebPage\",\"@id\":\"https:\\\/\\\/isve.com\\\/es\\\/trituradores-industriales\\\/trituradoras-de-2-arboles\\\/\",\"url\":\"https:\\\/\\\/isve.com\\\/es\\\/trituradores-industriales\\\/trituradoras-de-2-arboles\\\/\",\"name\":\"Modelos - Trituradora de dos ejes - ISVE SpA - Trattamento legno - Riciclaggio - Macinatori Trituratori\",\"isPartOf\":{\"@id\":\"https:\\\/\\\/isve.com\\\/es\\\/#website\"},\"primaryImageOfPage\":{\"@id\":\"https:\\\/\\\/isve.com\\\/es\\\/trituradores-industriales\\\/trituradoras-de-2-arboles\\\/#primaryimage\"},\"image\":{\"@id\":\"https:\\\/\\\/isve.com\\\/es\\\/trituradores-industriales\\\/trituradoras-de-2-arboles\\\/#primaryimage\"},\"thumbnailUrl\":\"https:\\\/\\\/isve.com\\\/wp-content\\\/uploads\\\/trituratori_2_alberi_larga.jpg\",\"datePublished\":\"2019-09-04T09:34:44+00:00\",\"dateModified\":\"2025-05-03T09:55:18+00:00\",\"breadcrumb\":{\"@id\":\"https:\\\/\\\/isve.com\\\/es\\\/trituradores-industriales\\\/trituradoras-de-2-arboles\\\/#breadcrumb\"},\"inLanguage\":\"es\",\"potentialAction\":[{\"@type\":\"ReadAction\",\"target\":[\"https:\\\/\\\/isve.com\\\/es\\\/trituradores-industriales\\\/trituradoras-de-2-arboles\\\/\"]}]},{\"@type\":\"ImageObject\",\"inLanguage\":\"es\",\"@id\":\"https:\\\/\\\/isve.com\\\/es\\\/trituradores-industriales\\\/trituradoras-de-2-arboles\\\/#primaryimage\",\"url\":\"https:\\\/\\\/isve.com\\\/wp-content\\\/uploads\\\/trituratori_2_alberi_larga.jpg\",\"contentUrl\":\"https:\\\/\\\/isve.com\\\/wp-content\\\/uploads\\\/trituratori_2_alberi_larga.jpg\",\"width\":1256,\"height\":523},{\"@type\":\"BreadcrumbList\",\"@id\":\"https:\\\/\\\/isve.com\\\/es\\\/trituradores-industriales\\\/trituradoras-de-2-arboles\\\/#breadcrumb\",\"itemListElement\":[{\"@type\":\"ListItem\",\"position\":1,\"name\":\"Home\",\"item\":\"https:\\\/\\\/isve.com\\\/es\\\/\"},{\"@type\":\"ListItem\",\"position\":2,\"name\":\"Productos Recycling\",\"item\":\"https:\\\/\\\/isve.com\\\/es\\\/trituradores-industriales\\\/\"},{\"@type\":\"ListItem\",\"position\":3,\"name\":\"Modelos &#8211; Trituradora de dos ejes\"}]},{\"@type\":\"WebSite\",\"@id\":\"https:\\\/\\\/isve.com\\\/es\\\/#website\",\"url\":\"https:\\\/\\\/isve.com\\\/es\\\/\",\"name\":\"ISVE S.p.A.\",\"description\":\"Sistemi per trattamento del legno e triturazione macinazione granulazione\",\"publisher\":{\"@id\":\"https:\\\/\\\/isve.com\\\/es\\\/#organization\"},\"potentialAction\":[{\"@type\":\"SearchAction\",\"target\":{\"@type\":\"EntryPoint\",\"urlTemplate\":\"https:\\\/\\\/isve.com\\\/es\\\/?s={search_term_string}\"},\"query-input\":{\"@type\":\"PropertyValueSpecification\",\"valueRequired\":true,\"valueName\":\"search_term_string\"}}],\"inLanguage\":\"es\"},{\"@type\":\"Organization\",\"@id\":\"https:\\\/\\\/isve.com\\\/es\\\/#organization\",\"name\":\"ISVE S.p.A.\",\"url\":\"https:\\\/\\\/isve.com\\\/es\\\/\",\"logo\":{\"@type\":\"ImageObject\",\"inLanguage\":\"es\",\"@id\":\"https:\\\/\\\/isve.com\\\/es\\\/#\\\/schema\\\/logo\\\/image\\\/\",\"url\":\"https:\\\/\\\/isve.com\\\/wp-content\\\/uploads\\\/2026\\\/01\\\/logo-isve-spa.png\",\"contentUrl\":\"https:\\\/\\\/isve.com\\\/wp-content\\\/uploads\\\/2026\\\/01\\\/logo-isve-spa.png\",\"width\":600,\"height\":173,\"caption\":\"ISVE S.p.A.\"},\"image\":{\"@id\":\"https:\\\/\\\/isve.com\\\/es\\\/#\\\/schema\\\/logo\\\/image\\\/\"},\"sameAs\":[\"https:\\\/\\\/www.linkedin.com\\\/company\\\/69445471\",\"https:\\\/\\\/www.youtube.com\\\/@isves.p.a.8894\"]}]}<\/script>\n<!-- \/ Yoast SEO plugin. -->","yoast_head_json":{"title":"Modelos - Trituradora de dos ejes - ISVE SpA - Trattamento legno - Riciclaggio - Macinatori Trituratori","robots":{"index":"index","follow":"follow","max-snippet":"max-snippet:-1","max-image-preview":"max-image-preview:large","max-video-preview":"max-video-preview:-1"},"canonical":"https:\/\/isve.com\/es\/trituradores-industriales\/trituradoras-de-2-arboles\/","og_locale":"es_ES","og_type":"article","og_title":"Modelos - Trituradora de dos ejes - ISVE SpA - Trattamento legno - Riciclaggio - Macinatori Trituratori","og_description":"Modelos &#8211; TRITURADORA DE DOS EJES ISVE","og_url":"https:\/\/isve.com\/es\/trituradores-industriales\/trituradoras-de-2-arboles\/","og_site_name":"ISVE SpA - Trattamento legno - Riciclaggio - Macinatori Trituratori","article_modified_time":"2025-05-03T09:55:18+00:00","og_image":[{"width":1256,"height":523,"url":"https:\/\/isve.com\/wp-content\/uploads\/trituratori_2_alberi_larga.jpg","type":"image\/jpeg"}],"twitter_card":"summary_large_image","schema":{"@context":"https:\/\/schema.org","@graph":[{"@type":"WebPage","@id":"https:\/\/isve.com\/es\/trituradores-industriales\/trituradoras-de-2-arboles\/","url":"https:\/\/isve.com\/es\/trituradores-industriales\/trituradoras-de-2-arboles\/","name":"Modelos - Trituradora de dos ejes - ISVE SpA - Trattamento legno - Riciclaggio - Macinatori Trituratori","isPartOf":{"@id":"https:\/\/isve.com\/es\/#website"},"primaryImageOfPage":{"@id":"https:\/\/isve.com\/es\/trituradores-industriales\/trituradoras-de-2-arboles\/#primaryimage"},"image":{"@id":"https:\/\/isve.com\/es\/trituradores-industriales\/trituradoras-de-2-arboles\/#primaryimage"},"thumbnailUrl":"https:\/\/isve.com\/wp-content\/uploads\/trituratori_2_alberi_larga.jpg","datePublished":"2019-09-04T09:34:44+00:00","dateModified":"2025-05-03T09:55:18+00:00","breadcrumb":{"@id":"https:\/\/isve.com\/es\/trituradores-industriales\/trituradoras-de-2-arboles\/#breadcrumb"},"inLanguage":"es","potentialAction":[{"@type":"ReadAction","target":["https:\/\/isve.com\/es\/trituradores-industriales\/trituradoras-de-2-arboles\/"]}]},{"@type":"ImageObject","inLanguage":"es","@id":"https:\/\/isve.com\/es\/trituradores-industriales\/trituradoras-de-2-arboles\/#primaryimage","url":"https:\/\/isve.com\/wp-content\/uploads\/trituratori_2_alberi_larga.jpg","contentUrl":"https:\/\/isve.com\/wp-content\/uploads\/trituratori_2_alberi_larga.jpg","width":1256,"height":523},{"@type":"BreadcrumbList","@id":"https:\/\/isve.com\/es\/trituradores-industriales\/trituradoras-de-2-arboles\/#breadcrumb","itemListElement":[{"@type":"ListItem","position":1,"name":"Home","item":"https:\/\/isve.com\/es\/"},{"@type":"ListItem","position":2,"name":"Productos Recycling","item":"https:\/\/isve.com\/es\/trituradores-industriales\/"},{"@type":"ListItem","position":3,"name":"Modelos &#8211; Trituradora de dos ejes"}]},{"@type":"WebSite","@id":"https:\/\/isve.com\/es\/#website","url":"https:\/\/isve.com\/es\/","name":"ISVE S.p.A.","description":"Sistemi per trattamento del legno e triturazione macinazione granulazione","publisher":{"@id":"https:\/\/isve.com\/es\/#organization"},"potentialAction":[{"@type":"SearchAction","target":{"@type":"EntryPoint","urlTemplate":"https:\/\/isve.com\/es\/?s={search_term_string}"},"query-input":{"@type":"PropertyValueSpecification","valueRequired":true,"valueName":"search_term_string"}}],"inLanguage":"es"},{"@type":"Organization","@id":"https:\/\/isve.com\/es\/#organization","name":"ISVE S.p.A.","url":"https:\/\/isve.com\/es\/","logo":{"@type":"ImageObject","inLanguage":"es","@id":"https:\/\/isve.com\/es\/#\/schema\/logo\/image\/","url":"https:\/\/isve.com\/wp-content\/uploads\/2026\/01\/logo-isve-spa.png","contentUrl":"https:\/\/isve.com\/wp-content\/uploads\/2026\/01\/logo-isve-spa.png","width":600,"height":173,"caption":"ISVE S.p.A."},"image":{"@id":"https:\/\/isve.com\/es\/#\/schema\/logo\/image\/"},"sameAs":["https:\/\/www.linkedin.com\/company\/69445471","https:\/\/www.youtube.com\/@isves.p.a.8894"]}]}},"_links":{"self":[{"href":"https:\/\/isve.com\/es\/wp-json\/wp\/v2\/pages\/4288","targetHints":{"allow":["GET"]}}],"collection":[{"href":"https:\/\/isve.com\/es\/wp-json\/wp\/v2\/pages"}],"about":[{"href":"https:\/\/isve.com\/es\/wp-json\/wp\/v2\/types\/page"}],"author":[{"embeddable":true,"href":"https:\/\/isve.com\/es\/wp-json\/wp\/v2\/users\/1"}],"replies":[{"embeddable":true,"href":"https:\/\/isve.com\/es\/wp-json\/wp\/v2\/comments?post=4288"}],"version-history":[{"count":0,"href":"https:\/\/isve.com\/es\/wp-json\/wp\/v2\/pages\/4288\/revisions"}],"up":[{"embeddable":true,"href":"https:\/\/isve.com\/es\/wp-json\/wp\/v2\/pages\/13663"}],"wp:featuredmedia":[{"embeddable":true,"href":"https:\/\/isve.com\/es\/wp-json\/wp\/v2\/media\/718"}],"wp:attachment":[{"href":"https:\/\/isve.com\/es\/wp-json\/wp\/v2\/media?parent=4288"}],"wp:term":[{"taxonomy":"post_tag","embeddable":true,"href":"https:\/\/isve.com\/es\/wp-json\/wp\/v2\/tags?post=4288"},{"taxonomy":"impaginazione","embeddable":true,"href":"https:\/\/isve.com\/es\/wp-json\/wp\/v2\/impaginazione?post=4288"},{"taxonomy":"divisione","embeddable":true,"href":"https:\/\/isve.com\/es\/wp-json\/wp\/v2\/divisione?post=4288"},{"taxonomy":"categorie_modelli","embeddable":true,"href":"https:\/\/isve.com\/es\/wp-json\/wp\/v2\/categorie_modelli?post=4288"}],"curies":[{"name":"wp","href":"https:\/\/api.w.org\/{rel}","templated":true}]}}