{"id":4057,"date":"2019-10-09T11:44:34","date_gmt":"2019-10-09T09:44:34","guid":{"rendered":"https:\/\/isve.com\/?page_id=4057"},"modified":"2025-05-03T12:00:03","modified_gmt":"2025-05-03T10:00:03","slug":"equipos-videogallery","status":"publish","type":"page","link":"https:\/\/isve.com\/es\/trituradores-industriales\/equipos-videogallery\/","title":{"rendered":"Equipos &#8211; Videogallery"},"content":{"rendered":"<section class=\"ffb-id-pffsn9m featured-area fg-text-dark fg-wow zoomIn\"><\/section>\n<div class=\"ffb-id-pffsn9o post-content ff-post-content-element fg-text-dark\">\n<div class=\"post-content ff-richtext\">\n<p>Los trituradores, los moledores, los molinos granuladores y la vasta gama de accesorios Isve dan vida a <strong>l\u00edneas de elaboraci\u00f3n consagradas<\/strong> a la recuperaci\u00f3n, reutilizaci\u00f3n y eliminaci\u00f3n de desechos de elaboraci\u00f3n.<\/p>\n<\/div>\n<p><iframe title=\"#ISVE shredding line for plastic material\" width=\"1200\" height=\"675\" src=\"https:\/\/www.youtube.com\/embed\/JgUNDOm4elQ?start=7&#038;feature=oembed\" frameborder=\"0\" allow=\"accelerometer; autoplay; clipboard-write; encrypted-media; gyroscope; picture-in-picture; web-share\" referrerpolicy=\"strict-origin-when-cross-origin\" allowfullscreen><\/iframe><\/p>\n<p><iframe title=\"ISVE shredding system for wooden pallets\" width=\"1200\" height=\"675\" src=\"https:\/\/www.youtube.com\/embed\/BV3BoxZelsI?start=11&#038;feature=oembed\" frameborder=\"0\" allow=\"accelerometer; autoplay; clipboard-write; encrypted-media; gyroscope; picture-in-picture; web-share\" referrerpolicy=\"strict-origin-when-cross-origin\" allowfullscreen><\/iframe><\/p>\n<div class=\"post-content ff-richtext\">\n<p>Entre ellas recordamos la l\u00ednea para la trituraci\u00f3n, separaci\u00f3n, lavado y secado de pl\u00e1sticos de autodesguace, al igual que la l\u00ednea para la recuperaci\u00f3n y separaci\u00f3n de la <strong>goma de neum\u00e1ticos<\/strong><br \/>\n<strong>de autom\u00f3vil<\/strong>. Producci\u00f3n de hasta 1 t\/h.<\/p>\n<p><iframe title=\"ISVE shredder model MR1740 screw for liquid separation\" width=\"1200\" height=\"675\" src=\"https:\/\/www.youtube.com\/embed\/O_mx4-xZkFs?start=5&#038;feature=oembed\" frameborder=\"0\" allow=\"accelerometer; autoplay; clipboard-write; encrypted-media; gyroscope; picture-in-picture; web-share\" referrerpolicy=\"strict-origin-when-cross-origin\" allowfullscreen><\/iframe><\/p>\n<\/div>\n<\/div>\n<p><iframe title=\"ISVE COMBI with T-AIR Separator\" width=\"1200\" height=\"675\" src=\"https:\/\/www.youtube.com\/embed\/qTEXyldlgIc?feature=oembed\" frameborder=\"0\" allow=\"accelerometer; autoplay; clipboard-write; encrypted-media; gyroscope; picture-in-picture; web-share\" referrerpolicy=\"strict-origin-when-cross-origin\" allowfullscreen><\/iframe><\/p>\n<p><iframe title=\"#ISVE Wood recycling line\" width=\"1200\" height=\"675\" src=\"https:\/\/www.youtube.com\/embed\/jGgatDO3jiQ?start=11&#038;feature=oembed\" frameborder=\"0\" allow=\"accelerometer; autoplay; clipboard-write; encrypted-media; gyroscope; picture-in-picture; web-share\" referrerpolicy=\"strict-origin-when-cross-origin\" allowfullscreen><\/iframe><\/p>\n<p><iframe title=\"#ISVE four-shaft shredder model 100100S for bumpers.\" width=\"1200\" height=\"900\" src=\"https:\/\/www.youtube.com\/embed\/_O8pSBY660Q?start=23&#038;feature=oembed\" frameborder=\"0\" allow=\"accelerometer; autoplay; clipboard-write; encrypted-media; gyroscope; picture-in-picture; web-share\" referrerpolicy=\"strict-origin-when-cross-origin\" allowfullscreen><\/iframe><\/p>\n<p><iframe title=\"ISVE liquid separation plant\" width=\"1200\" height=\"675\" src=\"https:\/\/www.youtube.com\/embed\/XfUlPFf0yKA?feature=oembed\" frameborder=\"0\" allow=\"accelerometer; autoplay; clipboard-write; encrypted-media; gyroscope; picture-in-picture; web-share\" referrerpolicy=\"strict-origin-when-cross-origin\" allowfullscreen><\/iframe><\/p>\n<p><iframe title=\"ISVE Aluminium recycling line for radiators\" width=\"1200\" height=\"675\" src=\"https:\/\/www.youtube.com\/embed\/fL9mgf_wwcQ?feature=oembed\" frameborder=\"0\" allow=\"accelerometer; autoplay; clipboard-write; encrypted-media; gyroscope; picture-in-picture; web-share\" referrerpolicy=\"strict-origin-when-cross-origin\" allowfullscreen><\/iframe><\/p>\n<p><iframe title=\"#ISVE single-shaft shredder for aluminium cans\" width=\"1200\" height=\"900\" src=\"https:\/\/www.youtube.com\/embed\/E89jqX8BvAI?start=2&#038;feature=oembed\" frameborder=\"0\" allow=\"accelerometer; autoplay; clipboard-write; encrypted-media; gyroscope; picture-in-picture; web-share\" referrerpolicy=\"strict-origin-when-cross-origin\" allowfullscreen><\/iframe><\/p>\n<p><iframe title=\"ISVE Shredder + granulator for plastic tank\" width=\"1200\" height=\"900\" src=\"https:\/\/www.youtube.com\/embed\/oNwA1IxJFrg?feature=oembed\" frameborder=\"0\" allow=\"accelerometer; autoplay; clipboard-write; encrypted-media; gyroscope; picture-in-picture; web-share\" referrerpolicy=\"strict-origin-when-cross-origin\" allowfullscreen><\/iframe><\/p>\n<p><iframe title=\"#ISVE COMBI 8080 shredder - GR700 for plastic materials\" width=\"1200\" height=\"675\" src=\"https:\/\/www.youtube.com\/embed\/LtrnKT7eGNw?start=108&#038;feature=oembed\" frameborder=\"0\" allow=\"accelerometer; autoplay; clipboard-write; encrypted-media; gyroscope; picture-in-picture; web-share\" referrerpolicy=\"strict-origin-when-cross-origin\" allowfullscreen><\/iframe><\/p>\n<p><iframe title=\"#ISVE Shredding line for liquid separation.\" width=\"1200\" height=\"900\" src=\"https:\/\/www.youtube.com\/embed\/HM2O8MGkjJ0?start=2&#038;feature=oembed\" frameborder=\"0\" allow=\"accelerometer; autoplay; clipboard-write; encrypted-media; gyroscope; picture-in-picture; web-share\" referrerpolicy=\"strict-origin-when-cross-origin\" allowfullscreen><\/iframe><\/p>\n<p><iframe title=\"ISVE Shredding line with cleaning system for waste.\" width=\"1200\" height=\"900\" src=\"https:\/\/www.youtube.com\/embed\/Db4kMJLDkL0?feature=oembed\" frameborder=\"0\" allow=\"accelerometer; autoplay; clipboard-write; encrypted-media; gyroscope; picture-in-picture; web-share\" referrerpolicy=\"strict-origin-when-cross-origin\" allowfullscreen><\/iframe><\/p>\n","protected":false},"excerpt":{"rendered":"<p>Los trituradores, los moledores, los molinos granuladores y la vasta gama de accesorios Isve dan vida a l\u00edneas de elaboraci\u00f3n consagradas a la recuperaci\u00f3n, reutilizaci\u00f3n y eliminaci\u00f3n de desechos de elaboraci\u00f3n. Entre ellas recordamos la l\u00ednea para la trituraci\u00f3n, separaci\u00f3n, lavado y secado de pl\u00e1sticos de autodesguace, al igual que la l\u00ednea para la recuperaci\u00f3n&hellip;<\/p>\n","protected":false},"author":1,"featured_media":0,"parent":13663,"menu_order":449,"comment_status":"closed","ping_status":"closed","template":"","meta":{"_acf_changed":false,"footnotes":""},"tags":[],"impaginazione":[],"divisione":[3689],"categorie_modelli":[],"class_list":["post-4057","page","type-page","status-publish","hentry","divisione-isve-recycling","description-off"],"acf":[],"yoast_head":"<!-- This site is optimized with the Yoast SEO plugin v27.4 - https:\/\/yoast.com\/product\/yoast-seo-wordpress\/ -->\n<title>Equipos - Videogallery - ISVE SpA - Tratamiento madera - Reciclaje - Molinos Trituradoras<\/title>\n<meta name=\"robots\" content=\"index, follow, max-snippet:-1, max-image-preview:large, max-video-preview:-1\" \/>\n<link rel=\"canonical\" href=\"https:\/\/isve.com\/es\/trituradores-industriales\/equipos-videogallery\/\" \/>\n<meta property=\"og:locale\" content=\"es_ES\" \/>\n<meta property=\"og:type\" content=\"article\" \/>\n<meta property=\"og:title\" content=\"Equipos - Videogallery - ISVE SpA - Tratamiento madera - Reciclaje - Molinos Trituradoras\" \/>\n<meta property=\"og:description\" content=\"Los trituradores, los moledores, los molinos granuladores y la vasta gama de accesorios Isve dan vida a l\u00edneas de elaboraci\u00f3n consagradas a la recuperaci\u00f3n, reutilizaci\u00f3n y eliminaci\u00f3n de desechos de elaboraci\u00f3n. Entre ellas recordamos la l\u00ednea para la trituraci\u00f3n, separaci\u00f3n, lavado y secado de pl\u00e1sticos de autodesguace, al igual que la l\u00ednea para la recuperaci\u00f3n&hellip;\" \/>\n<meta property=\"og:url\" content=\"https:\/\/isve.com\/es\/trituradores-industriales\/equipos-videogallery\/\" \/>\n<meta property=\"og:site_name\" content=\"ISVE SpA - Tratamiento madera - Reciclaje - Molinos Trituradoras\" \/>\n<meta property=\"article:modified_time\" content=\"2025-05-03T10:00:03+00:00\" \/>\n<meta name=\"twitter:card\" content=\"summary_large_image\" \/>\n<meta name=\"twitter:label1\" content=\"Tiempo de lectura\" \/>\n\t<meta name=\"twitter:data1\" content=\"1 minuto\" \/>\n<script type=\"application\/ld+json\" class=\"yoast-schema-graph\">{\"@context\":\"https:\\\/\\\/schema.org\",\"@graph\":[{\"@type\":\"WebPage\",\"@id\":\"https:\\\/\\\/isve.com\\\/es\\\/trituradores-industriales\\\/equipos-videogallery\\\/\",\"url\":\"https:\\\/\\\/isve.com\\\/es\\\/trituradores-industriales\\\/equipos-videogallery\\\/\",\"name\":\"Equipos - Videogallery - ISVE SpA - Tratamiento madera - Reciclaje - Molinos Trituradoras\",\"isPartOf\":{\"@id\":\"https:\\\/\\\/isve.com\\\/es\\\/#website\"},\"datePublished\":\"2019-10-09T09:44:34+00:00\",\"dateModified\":\"2025-05-03T10:00:03+00:00\",\"breadcrumb\":{\"@id\":\"https:\\\/\\\/isve.com\\\/es\\\/trituradores-industriales\\\/equipos-videogallery\\\/#breadcrumb\"},\"inLanguage\":\"es\",\"potentialAction\":[{\"@type\":\"ReadAction\",\"target\":[\"https:\\\/\\\/isve.com\\\/es\\\/trituradores-industriales\\\/equipos-videogallery\\\/\"]}]},{\"@type\":\"BreadcrumbList\",\"@id\":\"https:\\\/\\\/isve.com\\\/es\\\/trituradores-industriales\\\/equipos-videogallery\\\/#breadcrumb\",\"itemListElement\":[{\"@type\":\"ListItem\",\"position\":1,\"name\":\"Home\",\"item\":\"https:\\\/\\\/isve.com\\\/es\\\/\"},{\"@type\":\"ListItem\",\"position\":2,\"name\":\"Productos Recycling\",\"item\":\"https:\\\/\\\/isve.com\\\/es\\\/trituradores-industriales\\\/\"},{\"@type\":\"ListItem\",\"position\":3,\"name\":\"Equipos &#8211; Videogallery\"}]},{\"@type\":\"WebSite\",\"@id\":\"https:\\\/\\\/isve.com\\\/es\\\/#website\",\"url\":\"https:\\\/\\\/isve.com\\\/es\\\/\",\"name\":\"ISVE S.p.A.\",\"description\":\"Sistemas para tratamiento de madera y para trituraci\u00f3n moler granulaci\u00f3n\",\"publisher\":{\"@id\":\"https:\\\/\\\/isve.com\\\/es\\\/#organization\"},\"potentialAction\":[{\"@type\":\"SearchAction\",\"target\":{\"@type\":\"EntryPoint\",\"urlTemplate\":\"https:\\\/\\\/isve.com\\\/es\\\/?s={search_term_string}\"},\"query-input\":{\"@type\":\"PropertyValueSpecification\",\"valueRequired\":true,\"valueName\":\"search_term_string\"}}],\"inLanguage\":\"es\"},{\"@type\":\"Organization\",\"@id\":\"https:\\\/\\\/isve.com\\\/es\\\/#organization\",\"name\":\"ISVE S.p.A.\",\"url\":\"https:\\\/\\\/isve.com\\\/es\\\/\",\"logo\":{\"@type\":\"ImageObject\",\"inLanguage\":\"es\",\"@id\":\"https:\\\/\\\/isve.com\\\/es\\\/#\\\/schema\\\/logo\\\/image\\\/\",\"url\":\"https:\\\/\\\/isve.com\\\/wp-content\\\/uploads\\\/2026\\\/01\\\/logo-isve-spa.png\",\"contentUrl\":\"https:\\\/\\\/isve.com\\\/wp-content\\\/uploads\\\/2026\\\/01\\\/logo-isve-spa.png\",\"width\":600,\"height\":173,\"caption\":\"ISVE S.p.A.\"},\"image\":{\"@id\":\"https:\\\/\\\/isve.com\\\/es\\\/#\\\/schema\\\/logo\\\/image\\\/\"},\"sameAs\":[\"https:\\\/\\\/www.linkedin.com\\\/company\\\/69445471\",\"https:\\\/\\\/www.youtube.com\\\/@isves.p.a.8894\"]}]}<\/script>\n<!-- \/ Yoast SEO plugin. -->","yoast_head_json":{"title":"Equipos - Videogallery - ISVE SpA - Tratamiento madera - Reciclaje - Molinos Trituradoras","robots":{"index":"index","follow":"follow","max-snippet":"max-snippet:-1","max-image-preview":"max-image-preview:large","max-video-preview":"max-video-preview:-1"},"canonical":"https:\/\/isve.com\/es\/trituradores-industriales\/equipos-videogallery\/","og_locale":"es_ES","og_type":"article","og_title":"Equipos - Videogallery - ISVE SpA - Tratamiento madera - Reciclaje - Molinos Trituradoras","og_description":"Los trituradores, los moledores, los molinos granuladores y la vasta gama de accesorios Isve dan vida a l\u00edneas de elaboraci\u00f3n consagradas a la recuperaci\u00f3n, reutilizaci\u00f3n y eliminaci\u00f3n de desechos de elaboraci\u00f3n. Entre ellas recordamos la l\u00ednea para la trituraci\u00f3n, separaci\u00f3n, lavado y secado de pl\u00e1sticos de autodesguace, al igual que la l\u00ednea para la recuperaci\u00f3n&hellip;","og_url":"https:\/\/isve.com\/es\/trituradores-industriales\/equipos-videogallery\/","og_site_name":"ISVE SpA - Tratamiento madera - Reciclaje - Molinos Trituradoras","article_modified_time":"2025-05-03T10:00:03+00:00","twitter_card":"summary_large_image","twitter_misc":{"Tiempo de lectura":"1 minuto"},"schema":{"@context":"https:\/\/schema.org","@graph":[{"@type":"WebPage","@id":"https:\/\/isve.com\/es\/trituradores-industriales\/equipos-videogallery\/","url":"https:\/\/isve.com\/es\/trituradores-industriales\/equipos-videogallery\/","name":"Equipos - Videogallery - ISVE SpA - Tratamiento madera - Reciclaje - Molinos Trituradoras","isPartOf":{"@id":"https:\/\/isve.com\/es\/#website"},"datePublished":"2019-10-09T09:44:34+00:00","dateModified":"2025-05-03T10:00:03+00:00","breadcrumb":{"@id":"https:\/\/isve.com\/es\/trituradores-industriales\/equipos-videogallery\/#breadcrumb"},"inLanguage":"es","potentialAction":[{"@type":"ReadAction","target":["https:\/\/isve.com\/es\/trituradores-industriales\/equipos-videogallery\/"]}]},{"@type":"BreadcrumbList","@id":"https:\/\/isve.com\/es\/trituradores-industriales\/equipos-videogallery\/#breadcrumb","itemListElement":[{"@type":"ListItem","position":1,"name":"Home","item":"https:\/\/isve.com\/es\/"},{"@type":"ListItem","position":2,"name":"Productos Recycling","item":"https:\/\/isve.com\/es\/trituradores-industriales\/"},{"@type":"ListItem","position":3,"name":"Equipos &#8211; Videogallery"}]},{"@type":"WebSite","@id":"https:\/\/isve.com\/es\/#website","url":"https:\/\/isve.com\/es\/","name":"ISVE S.p.A.","description":"Sistemas para tratamiento de madera y para trituraci\u00f3n moler granulaci\u00f3n","publisher":{"@id":"https:\/\/isve.com\/es\/#organization"},"potentialAction":[{"@type":"SearchAction","target":{"@type":"EntryPoint","urlTemplate":"https:\/\/isve.com\/es\/?s={search_term_string}"},"query-input":{"@type":"PropertyValueSpecification","valueRequired":true,"valueName":"search_term_string"}}],"inLanguage":"es"},{"@type":"Organization","@id":"https:\/\/isve.com\/es\/#organization","name":"ISVE S.p.A.","url":"https:\/\/isve.com\/es\/","logo":{"@type":"ImageObject","inLanguage":"es","@id":"https:\/\/isve.com\/es\/#\/schema\/logo\/image\/","url":"https:\/\/isve.com\/wp-content\/uploads\/2026\/01\/logo-isve-spa.png","contentUrl":"https:\/\/isve.com\/wp-content\/uploads\/2026\/01\/logo-isve-spa.png","width":600,"height":173,"caption":"ISVE S.p.A."},"image":{"@id":"https:\/\/isve.com\/es\/#\/schema\/logo\/image\/"},"sameAs":["https:\/\/www.linkedin.com\/company\/69445471","https:\/\/www.youtube.com\/@isves.p.a.8894"]}]}},"_links":{"self":[{"href":"https:\/\/isve.com\/es\/wp-json\/wp\/v2\/pages\/4057","targetHints":{"allow":["GET"]}}],"collection":[{"href":"https:\/\/isve.com\/es\/wp-json\/wp\/v2\/pages"}],"about":[{"href":"https:\/\/isve.com\/es\/wp-json\/wp\/v2\/types\/page"}],"author":[{"embeddable":true,"href":"https:\/\/isve.com\/es\/wp-json\/wp\/v2\/users\/1"}],"replies":[{"embeddable":true,"href":"https:\/\/isve.com\/es\/wp-json\/wp\/v2\/comments?post=4057"}],"version-history":[{"count":0,"href":"https:\/\/isve.com\/es\/wp-json\/wp\/v2\/pages\/4057\/revisions"}],"up":[{"embeddable":true,"href":"https:\/\/isve.com\/es\/wp-json\/wp\/v2\/pages\/13663"}],"wp:attachment":[{"href":"https:\/\/isve.com\/es\/wp-json\/wp\/v2\/media?parent=4057"}],"wp:term":[{"taxonomy":"post_tag","embeddable":true,"href":"https:\/\/isve.com\/es\/wp-json\/wp\/v2\/tags?post=4057"},{"taxonomy":"impaginazione","embeddable":true,"href":"https:\/\/isve.com\/es\/wp-json\/wp\/v2\/impaginazione?post=4057"},{"taxonomy":"divisione","embeddable":true,"href":"https:\/\/isve.com\/es\/wp-json\/wp\/v2\/divisione?post=4057"},{"taxonomy":"categorie_modelli","embeddable":true,"href":"https:\/\/isve.com\/es\/wp-json\/wp\/v2\/categorie_modelli?post=4057"}],"curies":[{"name":"wp","href":"https:\/\/api.w.org\/{rel}","templated":true}]}}