{"id":4037,"date":"2019-10-09T10:56:29","date_gmt":"2019-10-09T08:56:29","guid":{"rendered":"https:\/\/isve.com\/?page_id=4037"},"modified":"2020-03-13T14:33:36","modified_gmt":"2020-03-13T13:33:36","slug":"eliminacion-de-envases","status":"publish","type":"page","link":"https:\/\/isve.com\/es\/trituradores-industriales\/equipos-de-trituracion-isve\/eliminacion-de-envases\/","title":{"rendered":"Eliminaci\u00f3n de envases"},"content":{"rendered":"<h2><strong>Equipo de separaci\u00f3n de los desechos l\u00edquidos preconfeccionados<\/strong><\/h2>\n<h4><strong>Un nuevo sistema que permite la eliminaci\u00f3n de envases vencidos o defectuosos.<\/strong><\/h4>\n<p><img decoding=\"async\" class=\"size-full wp-image-1915 alignright\" src=\"https:\/\/isve.com\/wp-content\/uploads\/impianti_smaltimento_confezioni_img01.jpg\" alt=\"\" width=\"200\" height=\"150\" \/>ISVE ha puesto a punto recientemente un equipo que permite la <strong>separaci\u00f3n de los desechos l\u00edquidos preconfeccionados<\/strong>. La aplicaci\u00f3n cl\u00e1sica se dirige a las empresas de <strong>embotellamiento<\/strong> y <strong>acondicionamiento<\/strong> de <strong>bebidas, zumos de fruta, aguas minerales<\/strong>, etc.<\/p>\n<p><img decoding=\"async\" class=\"size-full wp-image-1919 alignleft\" src=\"https:\/\/isve.com\/wp-content\/uploads\/impianti_smaltimento_confezioni_img02.jpg\" alt=\"\" width=\"200\" height=\"150\" \/>Una cinta de carga transporta el material dentro de una trituradora modelo 80\/80E de cuatro \u00e1rboles.<br \/>\nLa maquina se encarga de la ruptura de la botella, mientras que una cinta provista de eslabones de acero inoxidable se ocupa de la separaci\u00f3n del desecho l\u00edquido del resto del material.<\/p>\n<p><img decoding=\"async\" class=\"size-full wp-image-1923 alignright\" src=\"https:\/\/isve.com\/wp-content\/uploads\/impianti_smaltimento_confezioni_img03.jpg\" alt=\"\" width=\"200\" height=\"150\" \/>Sucesivamente se descarga el PET o el material acoplado en un Big-Bag de recogida, mientras que los l\u00edquidos son filtrados groseramente y transportados hacia la depuraci\u00f3n.<\/p>\n<p>El sistema puede eliminar hasta 150-180 botellas cada minuto y <strong>permite reducir los gastos de tratamiento<\/strong> de partidas caducadas o defectuosas.<\/p>\n<p><img loading=\"lazy\" decoding=\"async\" class=\"size-full wp-image-1927 alignnone\" src=\"https:\/\/isve.com\/wp-content\/uploads\/impianti_smaltimento_confezioni_img04.jpg\" alt=\"\" width=\"200\" height=\"150\" \/><\/p>\n","protected":false},"excerpt":{"rendered":"<p>Equipo de separaci\u00f3n de los desechos l\u00edquidos preconfeccionados Un nuevo sistema que permite la eliminaci\u00f3n de envases vencidos o defectuosos. ISVE ha puesto a punto recientemente un equipo que permite la separaci\u00f3n de los desechos l\u00edquidos preconfeccionados. La aplicaci\u00f3n cl\u00e1sica se dirige a las empresas de embotellamiento y acondicionamiento de bebidas, zumos de fruta, aguas&hellip;<\/p>\n","protected":false},"author":1,"featured_media":1935,"parent":4023,"menu_order":207,"comment_status":"closed","ping_status":"closed","template":"","meta":{"_acf_changed":false,"footnotes":""},"tags":[2269,3351,3355,3344,3339,3341,1681,1889,1894,1895,1898,1682,1917,1914,1930,2085,1684,1901,1860,1864,1867,1871,1683,1874,1878,1885,1881,1849,3347,3333,3325,1856,3277,1853,3275],"impaginazione":[3692],"divisione":[3689],"categorie_modelli":[3699],"class_list":["post-4037","page","type-page","status-publish","has-post-thumbnail","hentry","tag-contenedores-de-molienda","tag-eliminacion-de-botellas-de-champu","tag-eliminacion-de-champu","tag-eliminacion-de-paquetes","tag-eliminacion-de-paquetes-caducados","tag-eliminacion-de-paquetes-defectuosos","tag-implantes-completos","tag-instalaciones-de-eliminacion","tag-instalaciones-de-eliminacion-de-agua-mineral","tag-instalaciones-de-eliminacion-de-refrescos","tag-instalaciones-de-eliminacion-de-zumos-de-frutas","tag-instalaciones-de-recuperacion","tag-lineas-de-procesamiento","tag-lineas-dedicadas","tag-molinillo-transportador","tag-molinillos-con-cintas-transportadoras","tag-molinillos-y-granuladores","tag-planta-de-separacion-de-liquidos","tag-plantas-de-envasado","tag-plantas-de-envasado-de-agua-mineral","tag-plantas-de-envasado-de-refrescos","tag-plantas-de-envasado-de-zumos-de-frutas","tag-plantas-de-molienda","tag-plantas-embotelladoras","tag-plantas-embotelladoras-de-agua-mineral","tag-plantas-embotelladoras-de-jugo-de-fruta","tag-plantas-embotelladoras-de-refrescos","tag-plantas-refinadoras","tag-separacion-liquida-de-las-botellas","tag-separar-la-fraccion-liquida-de-las-botellas-envasadas","tag-trituracion-de-contenedores-es","tag-trituracion-de-plantas","tag-trituradora-transportadora","tag-trituradora-y-granuladores","tag-trituradoras-con-cintas-transportadoras","impaginazione-modello-prodotto","divisione-isve-recycling","categorie_modelli-impianti-di-triturazione","description-off"],"acf":[],"yoast_head":"<!-- This site is optimized with the Yoast SEO plugin v27.4 - https:\/\/yoast.com\/product\/yoast-seo-wordpress\/ -->\n<title>Eliminaci\u00f3n de envases - ISVE SpA - Tratamiento madera - Reciclaje - Molinos Trituradoras<\/title>\n<meta name=\"robots\" content=\"index, follow, max-snippet:-1, max-image-preview:large, max-video-preview:-1\" \/>\n<link rel=\"canonical\" href=\"https:\/\/isve.com\/es\/trituradores-industriales\/equipos-de-trituracion-isve\/eliminacion-de-envases\/\" \/>\n<meta property=\"og:locale\" content=\"es_ES\" \/>\n<meta property=\"og:type\" content=\"article\" \/>\n<meta property=\"og:title\" content=\"Eliminaci\u00f3n de envases - ISVE SpA - Tratamiento madera - Reciclaje - Molinos Trituradoras\" \/>\n<meta property=\"og:description\" content=\"Equipo de separaci\u00f3n de los desechos l\u00edquidos preconfeccionados Un nuevo sistema que permite la eliminaci\u00f3n de envases vencidos o defectuosos. ISVE ha puesto a punto recientemente un equipo que permite la separaci\u00f3n de los desechos l\u00edquidos preconfeccionados. La aplicaci\u00f3n cl\u00e1sica se dirige a las empresas de embotellamiento y acondicionamiento de bebidas, zumos de fruta, aguas&hellip;\" \/>\n<meta property=\"og:url\" content=\"https:\/\/isve.com\/es\/trituradores-industriales\/equipos-de-trituracion-isve\/eliminacion-de-envases\/\" \/>\n<meta property=\"og:site_name\" content=\"ISVE SpA - Tratamiento madera - Reciclaje - Molinos Trituradoras\" \/>\n<meta property=\"article:modified_time\" content=\"2020-03-13T13:33:36+00:00\" \/>\n<meta property=\"og:image\" content=\"https:\/\/isve.com\/wp-content\/uploads\/impianti-smaltimento-confezioni.jpg\" \/>\n\t<meta property=\"og:image:width\" content=\"1600\" \/>\n\t<meta property=\"og:image:height\" content=\"713\" \/>\n\t<meta property=\"og:image:type\" content=\"image\/jpeg\" \/>\n<meta name=\"twitter:card\" content=\"summary_large_image\" \/>\n<meta name=\"twitter:label1\" content=\"Tiempo de lectura\" \/>\n\t<meta name=\"twitter:data1\" content=\"1 minuto\" \/>\n<script type=\"application\/ld+json\" class=\"yoast-schema-graph\">{\"@context\":\"https:\\\/\\\/schema.org\",\"@graph\":[{\"@type\":\"WebPage\",\"@id\":\"https:\\\/\\\/isve.com\\\/es\\\/trituradores-industriales\\\/equipos-de-trituracion-isve\\\/eliminacion-de-envases\\\/\",\"url\":\"https:\\\/\\\/isve.com\\\/es\\\/trituradores-industriales\\\/equipos-de-trituracion-isve\\\/eliminacion-de-envases\\\/\",\"name\":\"Eliminaci\u00f3n de envases - ISVE SpA - Tratamiento madera - Reciclaje - Molinos Trituradoras\",\"isPartOf\":{\"@id\":\"https:\\\/\\\/isve.com\\\/es\\\/#website\"},\"primaryImageOfPage\":{\"@id\":\"https:\\\/\\\/isve.com\\\/es\\\/trituradores-industriales\\\/equipos-de-trituracion-isve\\\/eliminacion-de-envases\\\/#primaryimage\"},\"image\":{\"@id\":\"https:\\\/\\\/isve.com\\\/es\\\/trituradores-industriales\\\/equipos-de-trituracion-isve\\\/eliminacion-de-envases\\\/#primaryimage\"},\"thumbnailUrl\":\"https:\\\/\\\/isve.com\\\/wp-content\\\/uploads\\\/impianti-smaltimento-confezioni.jpg\",\"datePublished\":\"2019-10-09T08:56:29+00:00\",\"dateModified\":\"2020-03-13T13:33:36+00:00\",\"breadcrumb\":{\"@id\":\"https:\\\/\\\/isve.com\\\/es\\\/trituradores-industriales\\\/equipos-de-trituracion-isve\\\/eliminacion-de-envases\\\/#breadcrumb\"},\"inLanguage\":\"es\",\"potentialAction\":[{\"@type\":\"ReadAction\",\"target\":[\"https:\\\/\\\/isve.com\\\/es\\\/trituradores-industriales\\\/equipos-de-trituracion-isve\\\/eliminacion-de-envases\\\/\"]}]},{\"@type\":\"ImageObject\",\"inLanguage\":\"es\",\"@id\":\"https:\\\/\\\/isve.com\\\/es\\\/trituradores-industriales\\\/equipos-de-trituracion-isve\\\/eliminacion-de-envases\\\/#primaryimage\",\"url\":\"https:\\\/\\\/isve.com\\\/wp-content\\\/uploads\\\/impianti-smaltimento-confezioni.jpg\",\"contentUrl\":\"https:\\\/\\\/isve.com\\\/wp-content\\\/uploads\\\/impianti-smaltimento-confezioni.jpg\",\"width\":1600,\"height\":713},{\"@type\":\"BreadcrumbList\",\"@id\":\"https:\\\/\\\/isve.com\\\/es\\\/trituradores-industriales\\\/equipos-de-trituracion-isve\\\/eliminacion-de-envases\\\/#breadcrumb\",\"itemListElement\":[{\"@type\":\"ListItem\",\"position\":1,\"name\":\"Home\",\"item\":\"https:\\\/\\\/isve.com\\\/es\\\/\"},{\"@type\":\"ListItem\",\"position\":2,\"name\":\"Productos Recycling\",\"item\":\"https:\\\/\\\/isve.com\\\/es\\\/trituradores-industriales\\\/\"},{\"@type\":\"ListItem\",\"position\":3,\"name\":\"Equipos de trituraci\u00f3n ISVE\",\"item\":\"https:\\\/\\\/isve.com\\\/es\\\/trituradores-industriales\\\/equipos-de-trituracion-isve\\\/\"},{\"@type\":\"ListItem\",\"position\":4,\"name\":\"Eliminaci\u00f3n de envases\"}]},{\"@type\":\"WebSite\",\"@id\":\"https:\\\/\\\/isve.com\\\/es\\\/#website\",\"url\":\"https:\\\/\\\/isve.com\\\/es\\\/\",\"name\":\"ISVE S.p.A.\",\"description\":\"Sistemas para tratamiento de madera y para trituraci\u00f3n moler granulaci\u00f3n\",\"publisher\":{\"@id\":\"https:\\\/\\\/isve.com\\\/es\\\/#organization\"},\"potentialAction\":[{\"@type\":\"SearchAction\",\"target\":{\"@type\":\"EntryPoint\",\"urlTemplate\":\"https:\\\/\\\/isve.com\\\/es\\\/?s={search_term_string}\"},\"query-input\":{\"@type\":\"PropertyValueSpecification\",\"valueRequired\":true,\"valueName\":\"search_term_string\"}}],\"inLanguage\":\"es\"},{\"@type\":\"Organization\",\"@id\":\"https:\\\/\\\/isve.com\\\/es\\\/#organization\",\"name\":\"ISVE S.p.A.\",\"url\":\"https:\\\/\\\/isve.com\\\/es\\\/\",\"logo\":{\"@type\":\"ImageObject\",\"inLanguage\":\"es\",\"@id\":\"https:\\\/\\\/isve.com\\\/es\\\/#\\\/schema\\\/logo\\\/image\\\/\",\"url\":\"https:\\\/\\\/isve.com\\\/wp-content\\\/uploads\\\/2026\\\/01\\\/logo-isve-spa.png\",\"contentUrl\":\"https:\\\/\\\/isve.com\\\/wp-content\\\/uploads\\\/2026\\\/01\\\/logo-isve-spa.png\",\"width\":600,\"height\":173,\"caption\":\"ISVE S.p.A.\"},\"image\":{\"@id\":\"https:\\\/\\\/isve.com\\\/es\\\/#\\\/schema\\\/logo\\\/image\\\/\"},\"sameAs\":[\"https:\\\/\\\/www.linkedin.com\\\/company\\\/69445471\",\"https:\\\/\\\/www.youtube.com\\\/@isves.p.a.8894\"]}]}<\/script>\n<!-- \/ Yoast SEO plugin. -->","yoast_head_json":{"title":"Eliminaci\u00f3n de envases - ISVE SpA - Tratamiento madera - Reciclaje - Molinos Trituradoras","robots":{"index":"index","follow":"follow","max-snippet":"max-snippet:-1","max-image-preview":"max-image-preview:large","max-video-preview":"max-video-preview:-1"},"canonical":"https:\/\/isve.com\/es\/trituradores-industriales\/equipos-de-trituracion-isve\/eliminacion-de-envases\/","og_locale":"es_ES","og_type":"article","og_title":"Eliminaci\u00f3n de envases - ISVE SpA - Tratamiento madera - Reciclaje - Molinos Trituradoras","og_description":"Equipo de separaci\u00f3n de los desechos l\u00edquidos preconfeccionados Un nuevo sistema que permite la eliminaci\u00f3n de envases vencidos o defectuosos. ISVE ha puesto a punto recientemente un equipo que permite la separaci\u00f3n de los desechos l\u00edquidos preconfeccionados. La aplicaci\u00f3n cl\u00e1sica se dirige a las empresas de embotellamiento y acondicionamiento de bebidas, zumos de fruta, aguas&hellip;","og_url":"https:\/\/isve.com\/es\/trituradores-industriales\/equipos-de-trituracion-isve\/eliminacion-de-envases\/","og_site_name":"ISVE SpA - Tratamiento madera - Reciclaje - Molinos Trituradoras","article_modified_time":"2020-03-13T13:33:36+00:00","og_image":[{"width":1600,"height":713,"url":"https:\/\/isve.com\/wp-content\/uploads\/impianti-smaltimento-confezioni.jpg","type":"image\/jpeg"}],"twitter_card":"summary_large_image","twitter_misc":{"Tiempo de lectura":"1 minuto"},"schema":{"@context":"https:\/\/schema.org","@graph":[{"@type":"WebPage","@id":"https:\/\/isve.com\/es\/trituradores-industriales\/equipos-de-trituracion-isve\/eliminacion-de-envases\/","url":"https:\/\/isve.com\/es\/trituradores-industriales\/equipos-de-trituracion-isve\/eliminacion-de-envases\/","name":"Eliminaci\u00f3n de envases - ISVE SpA - Tratamiento madera - Reciclaje - Molinos Trituradoras","isPartOf":{"@id":"https:\/\/isve.com\/es\/#website"},"primaryImageOfPage":{"@id":"https:\/\/isve.com\/es\/trituradores-industriales\/equipos-de-trituracion-isve\/eliminacion-de-envases\/#primaryimage"},"image":{"@id":"https:\/\/isve.com\/es\/trituradores-industriales\/equipos-de-trituracion-isve\/eliminacion-de-envases\/#primaryimage"},"thumbnailUrl":"https:\/\/isve.com\/wp-content\/uploads\/impianti-smaltimento-confezioni.jpg","datePublished":"2019-10-09T08:56:29+00:00","dateModified":"2020-03-13T13:33:36+00:00","breadcrumb":{"@id":"https:\/\/isve.com\/es\/trituradores-industriales\/equipos-de-trituracion-isve\/eliminacion-de-envases\/#breadcrumb"},"inLanguage":"es","potentialAction":[{"@type":"ReadAction","target":["https:\/\/isve.com\/es\/trituradores-industriales\/equipos-de-trituracion-isve\/eliminacion-de-envases\/"]}]},{"@type":"ImageObject","inLanguage":"es","@id":"https:\/\/isve.com\/es\/trituradores-industriales\/equipos-de-trituracion-isve\/eliminacion-de-envases\/#primaryimage","url":"https:\/\/isve.com\/wp-content\/uploads\/impianti-smaltimento-confezioni.jpg","contentUrl":"https:\/\/isve.com\/wp-content\/uploads\/impianti-smaltimento-confezioni.jpg","width":1600,"height":713},{"@type":"BreadcrumbList","@id":"https:\/\/isve.com\/es\/trituradores-industriales\/equipos-de-trituracion-isve\/eliminacion-de-envases\/#breadcrumb","itemListElement":[{"@type":"ListItem","position":1,"name":"Home","item":"https:\/\/isve.com\/es\/"},{"@type":"ListItem","position":2,"name":"Productos Recycling","item":"https:\/\/isve.com\/es\/trituradores-industriales\/"},{"@type":"ListItem","position":3,"name":"Equipos de trituraci\u00f3n ISVE","item":"https:\/\/isve.com\/es\/trituradores-industriales\/equipos-de-trituracion-isve\/"},{"@type":"ListItem","position":4,"name":"Eliminaci\u00f3n de envases"}]},{"@type":"WebSite","@id":"https:\/\/isve.com\/es\/#website","url":"https:\/\/isve.com\/es\/","name":"ISVE S.p.A.","description":"Sistemas para tratamiento de madera y para trituraci\u00f3n moler granulaci\u00f3n","publisher":{"@id":"https:\/\/isve.com\/es\/#organization"},"potentialAction":[{"@type":"SearchAction","target":{"@type":"EntryPoint","urlTemplate":"https:\/\/isve.com\/es\/?s={search_term_string}"},"query-input":{"@type":"PropertyValueSpecification","valueRequired":true,"valueName":"search_term_string"}}],"inLanguage":"es"},{"@type":"Organization","@id":"https:\/\/isve.com\/es\/#organization","name":"ISVE S.p.A.","url":"https:\/\/isve.com\/es\/","logo":{"@type":"ImageObject","inLanguage":"es","@id":"https:\/\/isve.com\/es\/#\/schema\/logo\/image\/","url":"https:\/\/isve.com\/wp-content\/uploads\/2026\/01\/logo-isve-spa.png","contentUrl":"https:\/\/isve.com\/wp-content\/uploads\/2026\/01\/logo-isve-spa.png","width":600,"height":173,"caption":"ISVE S.p.A."},"image":{"@id":"https:\/\/isve.com\/es\/#\/schema\/logo\/image\/"},"sameAs":["https:\/\/www.linkedin.com\/company\/69445471","https:\/\/www.youtube.com\/@isves.p.a.8894"]}]}},"_links":{"self":[{"href":"https:\/\/isve.com\/es\/wp-json\/wp\/v2\/pages\/4037","targetHints":{"allow":["GET"]}}],"collection":[{"href":"https:\/\/isve.com\/es\/wp-json\/wp\/v2\/pages"}],"about":[{"href":"https:\/\/isve.com\/es\/wp-json\/wp\/v2\/types\/page"}],"author":[{"embeddable":true,"href":"https:\/\/isve.com\/es\/wp-json\/wp\/v2\/users\/1"}],"replies":[{"embeddable":true,"href":"https:\/\/isve.com\/es\/wp-json\/wp\/v2\/comments?post=4037"}],"version-history":[{"count":0,"href":"https:\/\/isve.com\/es\/wp-json\/wp\/v2\/pages\/4037\/revisions"}],"up":[{"embeddable":true,"href":"https:\/\/isve.com\/es\/wp-json\/wp\/v2\/pages\/4023"}],"wp:featuredmedia":[{"embeddable":true,"href":"https:\/\/isve.com\/es\/wp-json\/wp\/v2\/media\/1935"}],"wp:attachment":[{"href":"https:\/\/isve.com\/es\/wp-json\/wp\/v2\/media?parent=4037"}],"wp:term":[{"taxonomy":"post_tag","embeddable":true,"href":"https:\/\/isve.com\/es\/wp-json\/wp\/v2\/tags?post=4037"},{"taxonomy":"impaginazione","embeddable":true,"href":"https:\/\/isve.com\/es\/wp-json\/wp\/v2\/impaginazione?post=4037"},{"taxonomy":"divisione","embeddable":true,"href":"https:\/\/isve.com\/es\/wp-json\/wp\/v2\/divisione?post=4037"},{"taxonomy":"categorie_modelli","embeddable":true,"href":"https:\/\/isve.com\/es\/wp-json\/wp\/v2\/categorie_modelli?post=4037"}],"curies":[{"name":"wp","href":"https:\/\/api.w.org\/{rel}","templated":true}]}}