{"id":4030,"date":"2019-10-09T11:17:11","date_gmt":"2019-10-09T09:17:11","guid":{"rendered":"https:\/\/isve.com\/?page_id=4030"},"modified":"2020-03-13T14:46:27","modified_gmt":"2020-03-13T13:46:27","slug":"linea-para-parachoques","status":"publish","type":"page","link":"https:\/\/isve.com\/es\/trituradores-industriales\/equipos-de-trituracion-isve\/linea-para-parachoques\/","title":{"rendered":"L\u00ednea para parachoques"},"content":{"rendered":"<h2><strong>Linea de trituraci\u00f3n dedicada a los parachoques.<\/strong><\/h2>\n<p>La linea de trituraci\u00f3n ISVE dedicada a los parachoques ha sido proyectada para satisfacer las exigencias de los peque\u00f1os y medianos usuarios, interesados en un equipo completo y funcional con <strong>costos de inversi\u00f3n reducidos<\/strong>. Este resultado ha sido obtenido evitando compromisos a trav\u00e9s de la gesti\u00f3n autom\u00e1tica de todos los componentes de la m\u00e1quina a trav\u00e9s de un PLC.<\/p>\n<p>Los parachoques se cargan en la tolva de la trituradora de 4\u00e1rboles 100100S que los tritura en fragmentos de 30&#215;30 mm. El sistema de separaci\u00f3n, basado en un magneto de neodimio conectado a la trituradora por medio de una cinta transportadora, <strong>separa los posibles metales ferrosos del pl\u00e1stico<\/strong> que ser\u00e1 transportado y luego triturado en el molino C40100-5K Cumberland.<\/p>\n<p>El producto molido de unos 10 mm de lado ser\u00e1 aspirado, liberado de polvos y transportado de manera autom\u00e1tica en big-bags. Todas las m\u00e1quinas operan autom\u00e1ticamente, controlando las absorciones de los motores de la trituradora y del molino para obtener un eficiente funcionamiento del equipo. La productividad de la l\u00ednea es aproximadamente de 900 Kgs\/h.<\/p>\n","protected":false},"excerpt":{"rendered":"<p>Linea de trituraci\u00f3n dedicada a los parachoques. La linea de trituraci\u00f3n ISVE dedicada a los parachoques ha sido proyectada para satisfacer las exigencias de los peque\u00f1os y medianos usuarios, interesados en un equipo completo y funcional con costos de inversi\u00f3n reducidos. Este resultado ha sido obtenido evitando compromisos a trav\u00e9s de la gesti\u00f3n autom\u00e1tica de&hellip;<\/p>\n","protected":false},"author":1,"featured_media":1950,"parent":4023,"menu_order":261,"comment_status":"closed","ping_status":"closed","template":"","meta":{"_acf_changed":false,"footnotes":""},"tags":[1681,1889,1682,1917,1914,2396,2049,2059,2063,2056,2054,2052,1930,2085,2231,2243,2224,2229,2236,2237,1684,2395,1683,1849,3409,3373,3371,3408,3359,3405,3362,3364,3368,1856,3400,3393,3397,3277,1853,3390,3275,3375,3378,3387,3384,3381],"impaginazione":[3692],"divisione":[3689],"categorie_modelli":[3699],"class_list":["post-4030","page","type-page","status-publish","has-post-thumbnail","hentry","tag-implantes-completos","tag-instalaciones-de-eliminacion","tag-instalaciones-de-recuperacion","tag-lineas-de-procesamiento","tag-lineas-dedicadas","tag-moler-los-parachoques-del-coche-es","tag-molinillo-de-parachoques-es","tag-molinillo-de-parachoques-de-hierro","tag-molinillo-de-parachoques-de-plastico","tag-molinillo-de-plastico-parachoques-coche","tag-molinillo-parachoques-coche-de-hierro","tag-molinillo-parachoques-de-coche","tag-molinillo-transportador","tag-molinillos-con-cintas-transportadoras","tag-molinillos-de-parachoques-coche-de-hierro","tag-molinillos-de-parachoques-de-plastico","tag-molinillos-parachoques-es","tag-molinillos-parachoques-de-coche","tag-molinillos-parachoques-de-plastico-para-coche","tag-molinillos-paraparachoques-de-hierro","tag-molinillos-y-granuladores","tag-parachoques-de-molienda","tag-plantas-de-molienda","tag-plantas-refinadoras","tag-shredder-parachoques-coche-de-hierro","tag-trituracion-de-hierro-coche-parachoques","tag-trituracion-de-hierro-parachoques","tag-trituracion-de-hierro-parachoques-es","tag-trituracion-de-parachoques-es","tag-trituracion-de-parachoques-coche-de-plastico-es","tag-trituracion-de-parachoques-de-coche-es","tag-trituracion-de-parachoques-de-plastico","tag-trituracion-de-parachoques-de-plastico-coche","tag-trituracion-de-plantas","tag-trituracion-de-plastico-parachoques","tag-triturador-de-parachoques-es","tag-triturador-de-parachoques-coche","tag-trituradora-transportadora","tag-trituradora-y-granuladores","tag-trituradoras-coche-parachoques-de-hierro","tag-trituradoras-con-cintas-transportadoras","tag-trituradoras-de-parachoques-es","tag-trituradoras-de-parachoques-de-coche","tag-trituradoras-de-parachoques-de-hierro","tag-trituradoras-de-plastico-coche-parachoques","tag-trituradoras-de-plastico-parachoques","impaginazione-modello-prodotto","divisione-isve-recycling","categorie_modelli-impianti-di-triturazione","description-off"],"acf":[],"yoast_head":"<!-- This site is optimized with the Yoast SEO plugin v27.4 - https:\/\/yoast.com\/product\/yoast-seo-wordpress\/ -->\n<title>L\u00ednea para parachoques - ISVE SpA - Trattamento legno - Riciclaggio - Macinatori Trituratori<\/title>\n<meta name=\"robots\" content=\"index, follow, max-snippet:-1, max-image-preview:large, max-video-preview:-1\" \/>\n<link rel=\"canonical\" href=\"https:\/\/isve.com\/es\/trituradores-industriales\/equipos-de-trituracion-isve\/linea-para-parachoques\/\" \/>\n<meta property=\"og:locale\" content=\"es_ES\" \/>\n<meta property=\"og:type\" content=\"article\" \/>\n<meta property=\"og:title\" content=\"L\u00ednea para parachoques - ISVE SpA - Trattamento legno - Riciclaggio - Macinatori Trituratori\" \/>\n<meta property=\"og:description\" content=\"Linea de trituraci\u00f3n dedicada a los parachoques. La linea de trituraci\u00f3n ISVE dedicada a los parachoques ha sido proyectada para satisfacer las exigencias de los peque\u00f1os y medianos usuarios, interesados en un equipo completo y funcional con costos de inversi\u00f3n reducidos. Este resultado ha sido obtenido evitando compromisos a trav\u00e9s de la gesti\u00f3n autom\u00e1tica de&hellip;\" \/>\n<meta property=\"og:url\" content=\"https:\/\/isve.com\/es\/trituradores-industriales\/equipos-de-trituracion-isve\/linea-para-parachoques\/\" \/>\n<meta property=\"og:site_name\" content=\"ISVE SpA - Trattamento legno - Riciclaggio - Macinatori Trituratori\" \/>\n<meta property=\"article:modified_time\" content=\"2020-03-13T13:46:27+00:00\" \/>\n<meta property=\"og:image\" content=\"https:\/\/isve.com\/wp-content\/uploads\/impianti_triturazione_paraurti.jpg\" \/>\n\t<meta property=\"og:image:width\" content=\"1920\" \/>\n\t<meta property=\"og:image:height\" content=\"1080\" \/>\n\t<meta property=\"og:image:type\" content=\"image\/jpeg\" \/>\n<meta name=\"twitter:card\" content=\"summary_large_image\" \/>\n<meta name=\"twitter:label1\" content=\"Tiempo de lectura\" \/>\n\t<meta name=\"twitter:data1\" content=\"1 minuto\" \/>\n<script type=\"application\/ld+json\" class=\"yoast-schema-graph\">{\"@context\":\"https:\\\/\\\/schema.org\",\"@graph\":[{\"@type\":\"WebPage\",\"@id\":\"https:\\\/\\\/isve.com\\\/es\\\/trituradores-industriales\\\/equipos-de-trituracion-isve\\\/linea-para-parachoques\\\/\",\"url\":\"https:\\\/\\\/isve.com\\\/es\\\/trituradores-industriales\\\/equipos-de-trituracion-isve\\\/linea-para-parachoques\\\/\",\"name\":\"L\u00ednea para parachoques - ISVE SpA - Trattamento legno - Riciclaggio - Macinatori Trituratori\",\"isPartOf\":{\"@id\":\"https:\\\/\\\/isve.com\\\/es\\\/#website\"},\"primaryImageOfPage\":{\"@id\":\"https:\\\/\\\/isve.com\\\/es\\\/trituradores-industriales\\\/equipos-de-trituracion-isve\\\/linea-para-parachoques\\\/#primaryimage\"},\"image\":{\"@id\":\"https:\\\/\\\/isve.com\\\/es\\\/trituradores-industriales\\\/equipos-de-trituracion-isve\\\/linea-para-parachoques\\\/#primaryimage\"},\"thumbnailUrl\":\"https:\\\/\\\/isve.com\\\/wp-content\\\/uploads\\\/impianti_triturazione_paraurti.jpg\",\"datePublished\":\"2019-10-09T09:17:11+00:00\",\"dateModified\":\"2020-03-13T13:46:27+00:00\",\"breadcrumb\":{\"@id\":\"https:\\\/\\\/isve.com\\\/es\\\/trituradores-industriales\\\/equipos-de-trituracion-isve\\\/linea-para-parachoques\\\/#breadcrumb\"},\"inLanguage\":\"es\",\"potentialAction\":[{\"@type\":\"ReadAction\",\"target\":[\"https:\\\/\\\/isve.com\\\/es\\\/trituradores-industriales\\\/equipos-de-trituracion-isve\\\/linea-para-parachoques\\\/\"]}]},{\"@type\":\"ImageObject\",\"inLanguage\":\"es\",\"@id\":\"https:\\\/\\\/isve.com\\\/es\\\/trituradores-industriales\\\/equipos-de-trituracion-isve\\\/linea-para-parachoques\\\/#primaryimage\",\"url\":\"https:\\\/\\\/isve.com\\\/wp-content\\\/uploads\\\/impianti_triturazione_paraurti.jpg\",\"contentUrl\":\"https:\\\/\\\/isve.com\\\/wp-content\\\/uploads\\\/impianti_triturazione_paraurti.jpg\",\"width\":1920,\"height\":1080},{\"@type\":\"BreadcrumbList\",\"@id\":\"https:\\\/\\\/isve.com\\\/es\\\/trituradores-industriales\\\/equipos-de-trituracion-isve\\\/linea-para-parachoques\\\/#breadcrumb\",\"itemListElement\":[{\"@type\":\"ListItem\",\"position\":1,\"name\":\"Home\",\"item\":\"https:\\\/\\\/isve.com\\\/es\\\/\"},{\"@type\":\"ListItem\",\"position\":2,\"name\":\"Productos Recycling\",\"item\":\"https:\\\/\\\/isve.com\\\/es\\\/trituradores-industriales\\\/\"},{\"@type\":\"ListItem\",\"position\":3,\"name\":\"Equipos de trituraci\u00f3n ISVE\",\"item\":\"https:\\\/\\\/isve.com\\\/es\\\/trituradores-industriales\\\/equipos-de-trituracion-isve\\\/\"},{\"@type\":\"ListItem\",\"position\":4,\"name\":\"L\u00ednea para parachoques\"}]},{\"@type\":\"WebSite\",\"@id\":\"https:\\\/\\\/isve.com\\\/es\\\/#website\",\"url\":\"https:\\\/\\\/isve.com\\\/es\\\/\",\"name\":\"ISVE S.p.A.\",\"description\":\"Sistemi per trattamento del legno e triturazione macinazione granulazione\",\"publisher\":{\"@id\":\"https:\\\/\\\/isve.com\\\/es\\\/#organization\"},\"potentialAction\":[{\"@type\":\"SearchAction\",\"target\":{\"@type\":\"EntryPoint\",\"urlTemplate\":\"https:\\\/\\\/isve.com\\\/es\\\/?s={search_term_string}\"},\"query-input\":{\"@type\":\"PropertyValueSpecification\",\"valueRequired\":true,\"valueName\":\"search_term_string\"}}],\"inLanguage\":\"es\"},{\"@type\":\"Organization\",\"@id\":\"https:\\\/\\\/isve.com\\\/es\\\/#organization\",\"name\":\"ISVE S.p.A.\",\"url\":\"https:\\\/\\\/isve.com\\\/es\\\/\",\"logo\":{\"@type\":\"ImageObject\",\"inLanguage\":\"es\",\"@id\":\"https:\\\/\\\/isve.com\\\/es\\\/#\\\/schema\\\/logo\\\/image\\\/\",\"url\":\"https:\\\/\\\/isve.com\\\/wp-content\\\/uploads\\\/2026\\\/01\\\/logo-isve-spa.png\",\"contentUrl\":\"https:\\\/\\\/isve.com\\\/wp-content\\\/uploads\\\/2026\\\/01\\\/logo-isve-spa.png\",\"width\":600,\"height\":173,\"caption\":\"ISVE S.p.A.\"},\"image\":{\"@id\":\"https:\\\/\\\/isve.com\\\/es\\\/#\\\/schema\\\/logo\\\/image\\\/\"},\"sameAs\":[\"https:\\\/\\\/www.linkedin.com\\\/company\\\/69445471\",\"https:\\\/\\\/www.youtube.com\\\/@isves.p.a.8894\"]}]}<\/script>\n<!-- \/ Yoast SEO plugin. -->","yoast_head_json":{"title":"L\u00ednea para parachoques - ISVE SpA - Trattamento legno - Riciclaggio - Macinatori Trituratori","robots":{"index":"index","follow":"follow","max-snippet":"max-snippet:-1","max-image-preview":"max-image-preview:large","max-video-preview":"max-video-preview:-1"},"canonical":"https:\/\/isve.com\/es\/trituradores-industriales\/equipos-de-trituracion-isve\/linea-para-parachoques\/","og_locale":"es_ES","og_type":"article","og_title":"L\u00ednea para parachoques - ISVE SpA - Trattamento legno - Riciclaggio - Macinatori Trituratori","og_description":"Linea de trituraci\u00f3n dedicada a los parachoques. La linea de trituraci\u00f3n ISVE dedicada a los parachoques ha sido proyectada para satisfacer las exigencias de los peque\u00f1os y medianos usuarios, interesados en un equipo completo y funcional con costos de inversi\u00f3n reducidos. Este resultado ha sido obtenido evitando compromisos a trav\u00e9s de la gesti\u00f3n autom\u00e1tica de&hellip;","og_url":"https:\/\/isve.com\/es\/trituradores-industriales\/equipos-de-trituracion-isve\/linea-para-parachoques\/","og_site_name":"ISVE SpA - Trattamento legno - Riciclaggio - Macinatori Trituratori","article_modified_time":"2020-03-13T13:46:27+00:00","og_image":[{"width":1920,"height":1080,"url":"https:\/\/isve.com\/wp-content\/uploads\/impianti_triturazione_paraurti.jpg","type":"image\/jpeg"}],"twitter_card":"summary_large_image","twitter_misc":{"Tiempo de lectura":"1 minuto"},"schema":{"@context":"https:\/\/schema.org","@graph":[{"@type":"WebPage","@id":"https:\/\/isve.com\/es\/trituradores-industriales\/equipos-de-trituracion-isve\/linea-para-parachoques\/","url":"https:\/\/isve.com\/es\/trituradores-industriales\/equipos-de-trituracion-isve\/linea-para-parachoques\/","name":"L\u00ednea para parachoques - ISVE SpA - Trattamento legno - Riciclaggio - Macinatori Trituratori","isPartOf":{"@id":"https:\/\/isve.com\/es\/#website"},"primaryImageOfPage":{"@id":"https:\/\/isve.com\/es\/trituradores-industriales\/equipos-de-trituracion-isve\/linea-para-parachoques\/#primaryimage"},"image":{"@id":"https:\/\/isve.com\/es\/trituradores-industriales\/equipos-de-trituracion-isve\/linea-para-parachoques\/#primaryimage"},"thumbnailUrl":"https:\/\/isve.com\/wp-content\/uploads\/impianti_triturazione_paraurti.jpg","datePublished":"2019-10-09T09:17:11+00:00","dateModified":"2020-03-13T13:46:27+00:00","breadcrumb":{"@id":"https:\/\/isve.com\/es\/trituradores-industriales\/equipos-de-trituracion-isve\/linea-para-parachoques\/#breadcrumb"},"inLanguage":"es","potentialAction":[{"@type":"ReadAction","target":["https:\/\/isve.com\/es\/trituradores-industriales\/equipos-de-trituracion-isve\/linea-para-parachoques\/"]}]},{"@type":"ImageObject","inLanguage":"es","@id":"https:\/\/isve.com\/es\/trituradores-industriales\/equipos-de-trituracion-isve\/linea-para-parachoques\/#primaryimage","url":"https:\/\/isve.com\/wp-content\/uploads\/impianti_triturazione_paraurti.jpg","contentUrl":"https:\/\/isve.com\/wp-content\/uploads\/impianti_triturazione_paraurti.jpg","width":1920,"height":1080},{"@type":"BreadcrumbList","@id":"https:\/\/isve.com\/es\/trituradores-industriales\/equipos-de-trituracion-isve\/linea-para-parachoques\/#breadcrumb","itemListElement":[{"@type":"ListItem","position":1,"name":"Home","item":"https:\/\/isve.com\/es\/"},{"@type":"ListItem","position":2,"name":"Productos Recycling","item":"https:\/\/isve.com\/es\/trituradores-industriales\/"},{"@type":"ListItem","position":3,"name":"Equipos de trituraci\u00f3n ISVE","item":"https:\/\/isve.com\/es\/trituradores-industriales\/equipos-de-trituracion-isve\/"},{"@type":"ListItem","position":4,"name":"L\u00ednea para parachoques"}]},{"@type":"WebSite","@id":"https:\/\/isve.com\/es\/#website","url":"https:\/\/isve.com\/es\/","name":"ISVE S.p.A.","description":"Sistemi per trattamento del legno e triturazione macinazione granulazione","publisher":{"@id":"https:\/\/isve.com\/es\/#organization"},"potentialAction":[{"@type":"SearchAction","target":{"@type":"EntryPoint","urlTemplate":"https:\/\/isve.com\/es\/?s={search_term_string}"},"query-input":{"@type":"PropertyValueSpecification","valueRequired":true,"valueName":"search_term_string"}}],"inLanguage":"es"},{"@type":"Organization","@id":"https:\/\/isve.com\/es\/#organization","name":"ISVE S.p.A.","url":"https:\/\/isve.com\/es\/","logo":{"@type":"ImageObject","inLanguage":"es","@id":"https:\/\/isve.com\/es\/#\/schema\/logo\/image\/","url":"https:\/\/isve.com\/wp-content\/uploads\/2026\/01\/logo-isve-spa.png","contentUrl":"https:\/\/isve.com\/wp-content\/uploads\/2026\/01\/logo-isve-spa.png","width":600,"height":173,"caption":"ISVE S.p.A."},"image":{"@id":"https:\/\/isve.com\/es\/#\/schema\/logo\/image\/"},"sameAs":["https:\/\/www.linkedin.com\/company\/69445471","https:\/\/www.youtube.com\/@isves.p.a.8894"]}]}},"_links":{"self":[{"href":"https:\/\/isve.com\/es\/wp-json\/wp\/v2\/pages\/4030","targetHints":{"allow":["GET"]}}],"collection":[{"href":"https:\/\/isve.com\/es\/wp-json\/wp\/v2\/pages"}],"about":[{"href":"https:\/\/isve.com\/es\/wp-json\/wp\/v2\/types\/page"}],"author":[{"embeddable":true,"href":"https:\/\/isve.com\/es\/wp-json\/wp\/v2\/users\/1"}],"replies":[{"embeddable":true,"href":"https:\/\/isve.com\/es\/wp-json\/wp\/v2\/comments?post=4030"}],"version-history":[{"count":0,"href":"https:\/\/isve.com\/es\/wp-json\/wp\/v2\/pages\/4030\/revisions"}],"up":[{"embeddable":true,"href":"https:\/\/isve.com\/es\/wp-json\/wp\/v2\/pages\/4023"}],"wp:featuredmedia":[{"embeddable":true,"href":"https:\/\/isve.com\/es\/wp-json\/wp\/v2\/media\/1950"}],"wp:attachment":[{"href":"https:\/\/isve.com\/es\/wp-json\/wp\/v2\/media?parent=4030"}],"wp:term":[{"taxonomy":"post_tag","embeddable":true,"href":"https:\/\/isve.com\/es\/wp-json\/wp\/v2\/tags?post=4030"},{"taxonomy":"impaginazione","embeddable":true,"href":"https:\/\/isve.com\/es\/wp-json\/wp\/v2\/impaginazione?post=4030"},{"taxonomy":"divisione","embeddable":true,"href":"https:\/\/isve.com\/es\/wp-json\/wp\/v2\/divisione?post=4030"},{"taxonomy":"categorie_modelli","embeddable":true,"href":"https:\/\/isve.com\/es\/wp-json\/wp\/v2\/categorie_modelli?post=4030"}],"curies":[{"name":"wp","href":"https:\/\/api.w.org\/{rel}","templated":true}]}}