{"id":3994,"date":"2019-10-09T09:30:27","date_gmt":"2019-10-09T07:30:27","guid":{"rendered":"https:\/\/isve.com\/?page_id=3994"},"modified":"2020-03-23T11:48:52","modified_gmt":"2020-03-23T10:48:52","slug":"granuladores-de-cuchillas-modelo-c-3045","status":"publish","type":"page","link":"https:\/\/isve.com\/es\/trituradores-industriales\/granuladores-de-cuchillas\/granuladores-de-cuchillas-modelo-c-3045\/","title":{"rendered":"Granuladores de cuchillas: Modelo C-3045"},"content":{"rendered":"<h3>MOLINO GRANULADOR MODELO C3045<\/h3>\n<p style=\"text-align: center;\"><img decoding=\"async\" class=\"alignnone size-full wp-image-1558\" style=\"display: block; margin-left: auto; margin-right: auto;\" src=\"https:\/\/isve.com\/wp-content\/uploads\/cumberland-logo.gif\" alt=\"\" width=\"128\" height=\"37\" \/><br \/>\n<strong>Cumberland inside<\/strong><\/p>\n<p>INSONORIZADO con una CAJA DE CARGA de 300&#215;450 mm y un ROTOR DE DI\u00c1METRO de 250 mm.<\/p>\n<hr \/>\n<p><strong>Caracter\u00edsticas<\/strong><br \/>\nGranuladora de cuchillas modelo C-3045<\/p>\n<p><strong>Tolva<\/strong><br \/>\nTolva para carga frontal o con cinta transportadora, completamente insonorizada. Nr. 3 aletas de poliuretano para reducir la fuga de ruido y evitar el regreso del material de la c\u00e1mara de corte. Sistema de inclinaci\u00f3n manual servoasistido, equipado con un amortiguador de gas.<\/p>\n<p><strong>C\u00e1mara de corte<\/strong><br \/>\nC\u00e1mara de corte hecha completamente con partes fijadas con pernos y pasadores, para una r\u00e1pida restauraci\u00f3n de todos los componentes de la construcci\u00f3n. Soporte de rodamiento fuera de la c\u00e1mara de corte para evitar cualquier contaminaci\u00f3n de polvo y l\u00edquidos. Dos cuchillas reversibles fijas, montadas en dos asientos con dispositivo de compensaci\u00f3n de desgaste. Todas las superficies internas de la c\u00e1mara de corte est\u00e1n cuidadosamente mecanizadas con un alto grado de acabado para facilitar las operaciones de limpieza. Sistema de ajuste frontal de las cuchillas fijas &#8220;EasyAccess Cumberland&#8221;.<\/p>\n<p><strong>Rotor<\/strong><br \/>\nRotor abierto auto-refrigerante con eje central perfectamente equilibrado equipado con gruesos soportes de cuchillas giratorias. Sistema de doble \u00e1ngulo de corte con &#8220;efecto tijera&#8221; para una mayor eficiencia, menos ruido y menor consumo de energ\u00eda. La forma de la c\u00e1mara de corte y del rotor facilita el agarre de elementos voluminosos, minimizando el &#8220;efecto rebote&#8221; en las cuchillas giratorias. El rotor est\u00e1 montado lado a lado con dos discos giratorios para evitar que los materiales filamentosos se envuelvan alrededor del eje de la cuchilla. Este sistema, gracias a las aletas internas especiales, tambi\u00e9n proporciona refrigeraci\u00f3n de las paredes laterales y los cojinetes.<\/p>\n<p><strong>Alojamiento de las cuchillas<\/strong><br \/>\nEl rotor y el alojamiento de las 3 cuchillas giratorias son de acero con un alto contenido de cromo y carbono, seguido de un tratamiento exclusivo CUMBERLAND para asegurar una alta resistencia a la abrasi\u00f3n. Las cuchillas giratorias est\u00e1n atornilladas con tornillos de alta resistencia y est\u00e1n hechas de K110 (58 HRC).<\/p>\n<p><strong>Rejilla<\/strong><br \/>\nSoporte de la rejilla con bisagra en la parte trasera y equipado con un amortiguador de gas para facilitar las operaciones de limpieza y mantenimiento. Rejilla reversible disponible en diferentes tama\u00f1os.<\/p>\n<p><strong>Base<\/strong><br \/>\nBase de la m\u00e1quina en acero de alto espesor con soportes de la c\u00e1mara de corte en material antivibratorio. La puerta de acceso y la carcasa de la unidad de motor en material aislante y absorbente del sonido.<\/p>\n<p><strong>Descarga<\/strong><br \/>\nCaj\u00f3n colector para la conexi\u00f3n al sistema de succi\u00f3n equipado con gu\u00edas laterales para un f\u00e1cil montaje y limpieza.<\/p>\n<p><strong>Motor<\/strong><br \/>\nMotor de 11 KW TEFC IP55 A.C. montado en una corredera ajustable para la tensi\u00f3n de la correa;<\/p>\n<p><strong>Piezas de transmisi\u00f3n<\/strong><br \/>\nRotor impulsado por un volante de polea de alta inercia. Transmisi\u00f3n del motor por medio de correas en &#8220;V&#8221; Preparado para la aplicaci\u00f3n de un segundo volante de inercia. Velocidad del rotor: 450 rpm.<\/p>\n<p><strong>Seguridad<\/strong><br \/>\nUn sensor de movimiento verifica que el rotor est\u00e1 perfectamente parado antes de dar el consentimiento para abrir la puerta de servicio. Bot\u00f3n de emergencia frontal y micro de seguridad. A nivel del panel de control, un rel\u00e9 especial comprueba que todos los sistemas de seguridad funcionan correctamente. Una llave pivotante permite bloquear el rotor en la posici\u00f3n m\u00e1s conveniente para cambiar las cuchillas giratorias.<\/p>\n<p><strong>Cuadro el\u00e9ctrico<\/strong><br \/>\nPanel de control completamente IP 55 con todos los componentes para el funcionamiento y el correcto funcionamiento del granulador. Arranque estrella-tri\u00e1ngulo del motor estrella-tri\u00e1ngulo, panel de control de bajo voltaje. Fuente de alimentaci\u00f3n 380V- 3 fases &#8211; 50 Hz.<\/p>\n<p><strong>Prevenci\u00f3n de accidentes<\/strong><br \/>\nLa m\u00e1quina est\u00e1 equipada con pegatinas de prevenci\u00f3n de accidentes y va acompa\u00f1ada de un manual de uso y mantenimiento. Ejecuci\u00f3n en cumplimiento de las normas de la CE.<\/p>\n<p><strong>Producci\u00f3n estimada<\/strong><br \/>\n250-400 kg\/h dependiendo de los materiales y el di\u00e1metro de la rejilla de evacuaci\u00f3n.<\/p>\n","protected":false},"excerpt":{"rendered":"<p>MOLINO GRANULADOR MODELO C3045 Cumberland inside INSONORIZADO con una CAJA DE CARGA de 300&#215;450 mm y un ROTOR DE DI\u00c1METRO de 250 mm. Caracter\u00edsticas Granuladora de cuchillas modelo C-3045 Tolva Tolva para carga frontal o con cinta transportadora, completamente insonorizada. Nr. 3 aletas de poliuretano para reducir la fuga de ruido y evitar el regreso&hellip;<\/p>\n","protected":false},"author":1,"featured_media":1785,"parent":3981,"menu_order":207,"comment_status":"closed","ping_status":"closed","template":"","meta":{"_acf_changed":false,"footnotes":""},"tags":[],"impaginazione":[3692],"divisione":[3689],"categorie_modelli":[3698],"class_list":["post-3994","page","type-page","status-publish","has-post-thumbnail","hentry","impaginazione-modello-prodotto","divisione-isve-recycling","categorie_modelli-granulatori-serie-gr","description-off"],"acf":[],"yoast_head":"<!-- This site is optimized with the Yoast SEO plugin v27.4 - https:\/\/yoast.com\/product\/yoast-seo-wordpress\/ -->\n<title>Granuladores de cuchillas: Modelo C-3045 - ISVE SpA - Trattamento legno - Riciclaggio - Macinatori Trituratori<\/title>\n<meta name=\"robots\" content=\"index, follow, max-snippet:-1, max-image-preview:large, max-video-preview:-1\" \/>\n<link rel=\"canonical\" href=\"https:\/\/isve.com\/es\/trituradores-industriales\/granuladores-de-cuchillas\/granuladores-de-cuchillas-modelo-c-3045\/\" \/>\n<meta property=\"og:locale\" content=\"es_ES\" \/>\n<meta property=\"og:type\" content=\"article\" \/>\n<meta property=\"og:title\" content=\"Granuladores de cuchillas: Modelo C-3045 - ISVE SpA - Trattamento legno - Riciclaggio - Macinatori Trituratori\" \/>\n<meta property=\"og:description\" content=\"MOLINO GRANULADOR MODELO C3045 Cumberland inside INSONORIZADO con una CAJA DE CARGA de 300&#215;450 mm y un ROTOR DE DI\u00c1METRO de 250 mm. Caracter\u00edsticas Granuladora de cuchillas modelo C-3045 Tolva Tolva para carga frontal o con cinta transportadora, completamente insonorizada. Nr. 3 aletas de poliuretano para reducir la fuga de ruido y evitar el regreso&hellip;\" \/>\n<meta property=\"og:url\" content=\"https:\/\/isve.com\/es\/trituradores-industriales\/granuladores-de-cuchillas\/granuladores-de-cuchillas-modelo-c-3045\/\" \/>\n<meta property=\"og:site_name\" content=\"ISVE SpA - Trattamento legno - Riciclaggio - Macinatori Trituratori\" \/>\n<meta property=\"article:modified_time\" content=\"2020-03-23T10:48:52+00:00\" \/>\n<meta property=\"og:image\" content=\"https:\/\/isve.com\/wp-content\/uploads\/granulatore-gr-3045.jpg\" \/>\n\t<meta property=\"og:image:width\" content=\"600\" \/>\n\t<meta property=\"og:image:height\" content=\"300\" \/>\n\t<meta property=\"og:image:type\" content=\"image\/jpeg\" \/>\n<meta name=\"twitter:card\" content=\"summary_large_image\" \/>\n<meta name=\"twitter:label1\" content=\"Tiempo de lectura\" \/>\n\t<meta name=\"twitter:data1\" content=\"3 minutos\" \/>\n<script type=\"application\/ld+json\" class=\"yoast-schema-graph\">{\"@context\":\"https:\\\/\\\/schema.org\",\"@graph\":[{\"@type\":\"WebPage\",\"@id\":\"https:\\\/\\\/isve.com\\\/es\\\/trituradores-industriales\\\/granuladores-de-cuchillas\\\/granuladores-de-cuchillas-modelo-c-3045\\\/\",\"url\":\"https:\\\/\\\/isve.com\\\/es\\\/trituradores-industriales\\\/granuladores-de-cuchillas\\\/granuladores-de-cuchillas-modelo-c-3045\\\/\",\"name\":\"Granuladores de cuchillas: Modelo C-3045 - ISVE SpA - Trattamento legno - Riciclaggio - Macinatori Trituratori\",\"isPartOf\":{\"@id\":\"https:\\\/\\\/isve.com\\\/es\\\/#website\"},\"primaryImageOfPage\":{\"@id\":\"https:\\\/\\\/isve.com\\\/es\\\/trituradores-industriales\\\/granuladores-de-cuchillas\\\/granuladores-de-cuchillas-modelo-c-3045\\\/#primaryimage\"},\"image\":{\"@id\":\"https:\\\/\\\/isve.com\\\/es\\\/trituradores-industriales\\\/granuladores-de-cuchillas\\\/granuladores-de-cuchillas-modelo-c-3045\\\/#primaryimage\"},\"thumbnailUrl\":\"https:\\\/\\\/isve.com\\\/wp-content\\\/uploads\\\/granulatore-gr-3045.jpg\",\"datePublished\":\"2019-10-09T07:30:27+00:00\",\"dateModified\":\"2020-03-23T10:48:52+00:00\",\"breadcrumb\":{\"@id\":\"https:\\\/\\\/isve.com\\\/es\\\/trituradores-industriales\\\/granuladores-de-cuchillas\\\/granuladores-de-cuchillas-modelo-c-3045\\\/#breadcrumb\"},\"inLanguage\":\"es\",\"potentialAction\":[{\"@type\":\"ReadAction\",\"target\":[\"https:\\\/\\\/isve.com\\\/es\\\/trituradores-industriales\\\/granuladores-de-cuchillas\\\/granuladores-de-cuchillas-modelo-c-3045\\\/\"]}]},{\"@type\":\"ImageObject\",\"inLanguage\":\"es\",\"@id\":\"https:\\\/\\\/isve.com\\\/es\\\/trituradores-industriales\\\/granuladores-de-cuchillas\\\/granuladores-de-cuchillas-modelo-c-3045\\\/#primaryimage\",\"url\":\"https:\\\/\\\/isve.com\\\/wp-content\\\/uploads\\\/granulatore-gr-3045.jpg\",\"contentUrl\":\"https:\\\/\\\/isve.com\\\/wp-content\\\/uploads\\\/granulatore-gr-3045.jpg\",\"width\":600,\"height\":300},{\"@type\":\"BreadcrumbList\",\"@id\":\"https:\\\/\\\/isve.com\\\/es\\\/trituradores-industriales\\\/granuladores-de-cuchillas\\\/granuladores-de-cuchillas-modelo-c-3045\\\/#breadcrumb\",\"itemListElement\":[{\"@type\":\"ListItem\",\"position\":1,\"name\":\"Home\",\"item\":\"https:\\\/\\\/isve.com\\\/es\\\/\"},{\"@type\":\"ListItem\",\"position\":2,\"name\":\"Productos Recycling\",\"item\":\"https:\\\/\\\/isve.com\\\/es\\\/trituradores-industriales\\\/\"},{\"@type\":\"ListItem\",\"position\":3,\"name\":\"Modelos \u2013 Granuladores de cuchillas serie GR\",\"item\":\"https:\\\/\\\/isve.com\\\/es\\\/trituradores-industriales\\\/granuladores-de-cuchillas\\\/\"},{\"@type\":\"ListItem\",\"position\":4,\"name\":\"Granuladores de cuchillas: Modelo C-3045\"}]},{\"@type\":\"WebSite\",\"@id\":\"https:\\\/\\\/isve.com\\\/es\\\/#website\",\"url\":\"https:\\\/\\\/isve.com\\\/es\\\/\",\"name\":\"ISVE S.p.A.\",\"description\":\"Sistemi per trattamento del legno e triturazione macinazione granulazione\",\"publisher\":{\"@id\":\"https:\\\/\\\/isve.com\\\/es\\\/#organization\"},\"potentialAction\":[{\"@type\":\"SearchAction\",\"target\":{\"@type\":\"EntryPoint\",\"urlTemplate\":\"https:\\\/\\\/isve.com\\\/es\\\/?s={search_term_string}\"},\"query-input\":{\"@type\":\"PropertyValueSpecification\",\"valueRequired\":true,\"valueName\":\"search_term_string\"}}],\"inLanguage\":\"es\"},{\"@type\":\"Organization\",\"@id\":\"https:\\\/\\\/isve.com\\\/es\\\/#organization\",\"name\":\"ISVE S.p.A.\",\"url\":\"https:\\\/\\\/isve.com\\\/es\\\/\",\"logo\":{\"@type\":\"ImageObject\",\"inLanguage\":\"es\",\"@id\":\"https:\\\/\\\/isve.com\\\/es\\\/#\\\/schema\\\/logo\\\/image\\\/\",\"url\":\"https:\\\/\\\/isve.com\\\/wp-content\\\/uploads\\\/2026\\\/01\\\/logo-isve-spa.png\",\"contentUrl\":\"https:\\\/\\\/isve.com\\\/wp-content\\\/uploads\\\/2026\\\/01\\\/logo-isve-spa.png\",\"width\":600,\"height\":173,\"caption\":\"ISVE S.p.A.\"},\"image\":{\"@id\":\"https:\\\/\\\/isve.com\\\/es\\\/#\\\/schema\\\/logo\\\/image\\\/\"},\"sameAs\":[\"https:\\\/\\\/www.linkedin.com\\\/company\\\/69445471\",\"https:\\\/\\\/www.youtube.com\\\/@isves.p.a.8894\"]}]}<\/script>\n<!-- \/ Yoast SEO plugin. -->","yoast_head_json":{"title":"Granuladores de cuchillas: Modelo C-3045 - ISVE SpA - Trattamento legno - Riciclaggio - Macinatori Trituratori","robots":{"index":"index","follow":"follow","max-snippet":"max-snippet:-1","max-image-preview":"max-image-preview:large","max-video-preview":"max-video-preview:-1"},"canonical":"https:\/\/isve.com\/es\/trituradores-industriales\/granuladores-de-cuchillas\/granuladores-de-cuchillas-modelo-c-3045\/","og_locale":"es_ES","og_type":"article","og_title":"Granuladores de cuchillas: Modelo C-3045 - ISVE SpA - Trattamento legno - Riciclaggio - Macinatori Trituratori","og_description":"MOLINO GRANULADOR MODELO C3045 Cumberland inside INSONORIZADO con una CAJA DE CARGA de 300&#215;450 mm y un ROTOR DE DI\u00c1METRO de 250 mm. Caracter\u00edsticas Granuladora de cuchillas modelo C-3045 Tolva Tolva para carga frontal o con cinta transportadora, completamente insonorizada. Nr. 3 aletas de poliuretano para reducir la fuga de ruido y evitar el regreso&hellip;","og_url":"https:\/\/isve.com\/es\/trituradores-industriales\/granuladores-de-cuchillas\/granuladores-de-cuchillas-modelo-c-3045\/","og_site_name":"ISVE SpA - Trattamento legno - Riciclaggio - Macinatori Trituratori","article_modified_time":"2020-03-23T10:48:52+00:00","og_image":[{"width":600,"height":300,"url":"https:\/\/isve.com\/wp-content\/uploads\/granulatore-gr-3045.jpg","type":"image\/jpeg"}],"twitter_card":"summary_large_image","twitter_misc":{"Tiempo de lectura":"3 minutos"},"schema":{"@context":"https:\/\/schema.org","@graph":[{"@type":"WebPage","@id":"https:\/\/isve.com\/es\/trituradores-industriales\/granuladores-de-cuchillas\/granuladores-de-cuchillas-modelo-c-3045\/","url":"https:\/\/isve.com\/es\/trituradores-industriales\/granuladores-de-cuchillas\/granuladores-de-cuchillas-modelo-c-3045\/","name":"Granuladores de cuchillas: Modelo C-3045 - ISVE SpA - Trattamento legno - Riciclaggio - Macinatori Trituratori","isPartOf":{"@id":"https:\/\/isve.com\/es\/#website"},"primaryImageOfPage":{"@id":"https:\/\/isve.com\/es\/trituradores-industriales\/granuladores-de-cuchillas\/granuladores-de-cuchillas-modelo-c-3045\/#primaryimage"},"image":{"@id":"https:\/\/isve.com\/es\/trituradores-industriales\/granuladores-de-cuchillas\/granuladores-de-cuchillas-modelo-c-3045\/#primaryimage"},"thumbnailUrl":"https:\/\/isve.com\/wp-content\/uploads\/granulatore-gr-3045.jpg","datePublished":"2019-10-09T07:30:27+00:00","dateModified":"2020-03-23T10:48:52+00:00","breadcrumb":{"@id":"https:\/\/isve.com\/es\/trituradores-industriales\/granuladores-de-cuchillas\/granuladores-de-cuchillas-modelo-c-3045\/#breadcrumb"},"inLanguage":"es","potentialAction":[{"@type":"ReadAction","target":["https:\/\/isve.com\/es\/trituradores-industriales\/granuladores-de-cuchillas\/granuladores-de-cuchillas-modelo-c-3045\/"]}]},{"@type":"ImageObject","inLanguage":"es","@id":"https:\/\/isve.com\/es\/trituradores-industriales\/granuladores-de-cuchillas\/granuladores-de-cuchillas-modelo-c-3045\/#primaryimage","url":"https:\/\/isve.com\/wp-content\/uploads\/granulatore-gr-3045.jpg","contentUrl":"https:\/\/isve.com\/wp-content\/uploads\/granulatore-gr-3045.jpg","width":600,"height":300},{"@type":"BreadcrumbList","@id":"https:\/\/isve.com\/es\/trituradores-industriales\/granuladores-de-cuchillas\/granuladores-de-cuchillas-modelo-c-3045\/#breadcrumb","itemListElement":[{"@type":"ListItem","position":1,"name":"Home","item":"https:\/\/isve.com\/es\/"},{"@type":"ListItem","position":2,"name":"Productos Recycling","item":"https:\/\/isve.com\/es\/trituradores-industriales\/"},{"@type":"ListItem","position":3,"name":"Modelos \u2013 Granuladores de cuchillas serie GR","item":"https:\/\/isve.com\/es\/trituradores-industriales\/granuladores-de-cuchillas\/"},{"@type":"ListItem","position":4,"name":"Granuladores de cuchillas: Modelo C-3045"}]},{"@type":"WebSite","@id":"https:\/\/isve.com\/es\/#website","url":"https:\/\/isve.com\/es\/","name":"ISVE S.p.A.","description":"Sistemi per trattamento del legno e triturazione macinazione granulazione","publisher":{"@id":"https:\/\/isve.com\/es\/#organization"},"potentialAction":[{"@type":"SearchAction","target":{"@type":"EntryPoint","urlTemplate":"https:\/\/isve.com\/es\/?s={search_term_string}"},"query-input":{"@type":"PropertyValueSpecification","valueRequired":true,"valueName":"search_term_string"}}],"inLanguage":"es"},{"@type":"Organization","@id":"https:\/\/isve.com\/es\/#organization","name":"ISVE S.p.A.","url":"https:\/\/isve.com\/es\/","logo":{"@type":"ImageObject","inLanguage":"es","@id":"https:\/\/isve.com\/es\/#\/schema\/logo\/image\/","url":"https:\/\/isve.com\/wp-content\/uploads\/2026\/01\/logo-isve-spa.png","contentUrl":"https:\/\/isve.com\/wp-content\/uploads\/2026\/01\/logo-isve-spa.png","width":600,"height":173,"caption":"ISVE S.p.A."},"image":{"@id":"https:\/\/isve.com\/es\/#\/schema\/logo\/image\/"},"sameAs":["https:\/\/www.linkedin.com\/company\/69445471","https:\/\/www.youtube.com\/@isves.p.a.8894"]}]}},"_links":{"self":[{"href":"https:\/\/isve.com\/es\/wp-json\/wp\/v2\/pages\/3994","targetHints":{"allow":["GET"]}}],"collection":[{"href":"https:\/\/isve.com\/es\/wp-json\/wp\/v2\/pages"}],"about":[{"href":"https:\/\/isve.com\/es\/wp-json\/wp\/v2\/types\/page"}],"author":[{"embeddable":true,"href":"https:\/\/isve.com\/es\/wp-json\/wp\/v2\/users\/1"}],"replies":[{"embeddable":true,"href":"https:\/\/isve.com\/es\/wp-json\/wp\/v2\/comments?post=3994"}],"version-history":[{"count":0,"href":"https:\/\/isve.com\/es\/wp-json\/wp\/v2\/pages\/3994\/revisions"}],"up":[{"embeddable":true,"href":"https:\/\/isve.com\/es\/wp-json\/wp\/v2\/pages\/3981"}],"wp:featuredmedia":[{"embeddable":true,"href":"https:\/\/isve.com\/es\/wp-json\/wp\/v2\/media\/1785"}],"wp:attachment":[{"href":"https:\/\/isve.com\/es\/wp-json\/wp\/v2\/media?parent=3994"}],"wp:term":[{"taxonomy":"post_tag","embeddable":true,"href":"https:\/\/isve.com\/es\/wp-json\/wp\/v2\/tags?post=3994"},{"taxonomy":"impaginazione","embeddable":true,"href":"https:\/\/isve.com\/es\/wp-json\/wp\/v2\/impaginazione?post=3994"},{"taxonomy":"divisione","embeddable":true,"href":"https:\/\/isve.com\/es\/wp-json\/wp\/v2\/divisione?post=3994"},{"taxonomy":"categorie_modelli","embeddable":true,"href":"https:\/\/isve.com\/es\/wp-json\/wp\/v2\/categorie_modelli?post=3994"}],"curies":[{"name":"wp","href":"https:\/\/api.w.org\/{rel}","templated":true}]}}