{"id":3975,"date":"2019-10-08T17:33:40","date_gmt":"2019-10-08T15:33:40","guid":{"rendered":"https:\/\/isve.com\/?page_id=3975"},"modified":"2026-02-03T17:13:49","modified_gmt":"2026-02-03T16:13:49","slug":"granuladores-de-cuchillas-isve-serie-gr","status":"publish","type":"page","link":"https:\/\/isve.com\/es\/trituradores-industriales\/granuladores-de-cuchillas-isve-serie-gr\/","title":{"rendered":"Granuladores de cuchillas Isve serie GR"},"content":{"rendered":"<h2>Granuladores de cuchillas Isve serie GR<\/h2>\n<p>Molinos granuladores de plaquetas para refinaci\u00f3n de materiales no ferrosos: pl\u00e1stico, cart\u00f3n, madera, documentaci\u00f3n reservada, etc.<\/p>\n<p>Por la buena relaci\u00f3n prestaciones\/precio y por su robustez, estos molinos son empleados en la trituraci\u00f3n y refinaci\u00f3n de piezas de gran espesor, donde es necesaria una elevad\u00edsima capacidad de corte.<\/p>\n<p>Todos los modelos est\u00e1n dotados de sistema de compensaci\u00f3n del desgaste de las cuchillas rotativas y fijas, doble volante y predisposici\u00f3n para enfriamiento a agua.<br \/>\nPueden ser accesoriados tanto con rotor pleno como con rotor abierto de cuchilla continua.<br \/>\nTolvas intercambiables, cintas transportadoras de carga, sistemas de desempolvado y de embalaje en big-bag forman parte de la gama de los accesorios bajo pedido.<\/p>\n<p>&nbsp;<\/p>\n<table border=\"1\">\n<tbody>\n<tr>\n<td><\/td>\n<td>FROM<\/td>\n<td>TO<\/td>\n<\/tr>\n<tr>\n<td>Rotor power KW<\/td>\n<td>7,5<\/td>\n<td>30<\/td>\n<\/tr>\n<tr>\n<td>Rotor length mm<\/td>\n<td>360<\/td>\n<td>1.000<\/td>\n<\/tr>\n<tr>\n<td>Rotating blades<\/td>\n<td>18<\/td>\n<td>33<\/td>\n<\/tr>\n<tr>\n<td>Fixed blades<\/td>\n<td>2<\/td>\n<td>2<\/td>\n<\/tr>\n<tr>\n<td>Weight Kg<\/td>\n<td>750<\/td>\n<td>3.000<\/td>\n<\/tr>\n<tr>\n<td>Production Kg\/hour<\/td>\n<td>80\/150<\/td>\n<td>1.000<\/td>\n<\/tr>\n<tr>\n<td colspan=\"3\">Safety equipment: emergency stop, shutdown button, electronic control.<\/td>\n<\/tr>\n<\/tbody>\n<\/table>\n<p><img fetchpriority=\"high\" decoding=\"async\" class=\"alignnone size-full wp-image-3030\" src=\"https:\/\/isve.com\/wp-content\/uploads\/granulatorigr_larga2.jpg\" alt=\"\" width=\"1600\" height=\"730\" srcset=\"https:\/\/isve.com\/wp-content\/uploads\/granulatorigr_larga2.jpg 1600w, https:\/\/isve.com\/wp-content\/uploads\/granulatorigr_larga2-600x274.jpg 600w, https:\/\/isve.com\/wp-content\/uploads\/granulatorigr_larga2-768x350.jpg 768w, https:\/\/isve.com\/wp-content\/uploads\/granulatorigr_larga2-1024x467.jpg 1024w\" sizes=\"(max-width: 1600px) 100vw, 1600px\" \/><\/p>\n<p><a class=\"btn btn-lg btn-block btn-danger\" href=\"https:\/\/isve.com\/es\/trituradores-industriales\/granuladores-de-cuchillas\/\">VER TODOS LOS MODELOS<\/a><\/p>\n<hr \/>\n<h2><strong>Cumberland core!<\/strong><\/h2>\n<h3 class=\"rosso\"><img decoding=\"async\" class=\"alignnone size-full wp-image-1558\" src=\"https:\/\/isve.com\/wp-content\/uploads\/cumberland-logo.gif\" alt=\"\" width=\"128\" height=\"37\" \/><br \/>\nCumberland inside<\/h3>\n<p>ISVE utiliza las camaras de corte producidas de CUMBERLAND, marca conocida en todo el mundo para la produccion de molinos granuladores e incluida en el grupo multinacional americano ACS.<br \/>\nLos granuladores ISVE han sido dise\u00f1ados para satisfacer las diferentes necesidades de trituraci\u00f3n de material pl\u00e1stico. Abajo mencionamos algunas entre las caracter\u00edsticas exclusivas que caracterizar estos molinos:<\/p>\n<hr \/>\n<h3 class=\"rosso\"><img decoding=\"async\" class=\"alignnone size-full wp-image-1558\" src=\"https:\/\/isve.com\/wp-content\/uploads\/cumberland-logo.gif\" alt=\"\" width=\"128\" height=\"37\" \/><br \/>\nSistema EASYACCES<\/h3>\n<p>&nbsp;<\/p>\n<p class=\"rosso\"><img decoding=\"async\" class=\"alignnone size-full wp-image-1550\" src=\"https:\/\/isve.com\/wp-content\/uploads\/cumberland_orario.jpg\" alt=\"\" width=\"544\" height=\"387\" \/><\/p>\n<p>Los molinos tradicionales tiene el rotor girando hacia la derecha, entonces hacia el lado del motor de la m\u00e1quina. Esto supone el posicionamiento de las contra-cuchillas fijas bastante inc\u00f3modo para llegar.<\/p>\n<hr \/>\n<p>&nbsp;<\/p>\n<p><img loading=\"lazy\" decoding=\"async\" class=\"alignnone size-full wp-image-1546\" src=\"https:\/\/isve.com\/wp-content\/uploads\/cumberland_antiorario.jpg\" alt=\"\" width=\"553\" height=\"386\" \/><\/p>\n<p>Los granuladores <strong>CUMBERLAND <\/strong>\u00ae han sido dise\u00f1ados para rotar de manera antioraria es decir hacia fuera del molino.<br \/>\nEste ha permitido obtener m\u00e1s espacio antes de la c\u00e1mara de corte, favoreciendo la acci\u00f3n de &#8220;toma&#8221; de elementos voluminosos. La regulaci\u00f3n de las contra-cuchillas fijas tambi\u00e9n es muy simple.<\/p>\n<hr \/>\n<h3 class=\"rosso\"><img decoding=\"async\" class=\"alignnone size-full wp-image-1558\" src=\"https:\/\/isve.com\/wp-content\/uploads\/cumberland-logo.gif\" alt=\"\" width=\"128\" height=\"37\" \/><br \/>\nROTOR<\/h3>\n<p><img loading=\"lazy\" decoding=\"async\" class=\"alignnone size-full wp-image-1554\" src=\"https:\/\/isve.com\/wp-content\/uploads\/cumberland-lame.gif\" alt=\"\" width=\"411\" height=\"159\" \/><\/p>\n<p>El rotor es montado lateralmente y est\u00e0 en contacto con dos discos rotativos, para evitar que materiales filamentosos se enrollen sobre el eje porta-cuchillas. Este sistema, gracias a las aletas especiales dentro de la brida, asegura el enfriamiento de las paredes laterales y de los rodamientos. Una llave a pivote permite el bloqueo del rotor en las posiciones m\u00e1s c\u00f3modas para el cambio de las cuchillas rotativas.<\/p>\n<p>&nbsp;<\/p>\n","protected":false},"excerpt":{"rendered":"<p>Granuladores de cuchillas Isve serie GR Molinos granuladores de plaquetas para refinaci\u00f3n de materiales no ferrosos: pl\u00e1stico, cart\u00f3n, madera, documentaci\u00f3n reservada, etc. Por la buena relaci\u00f3n prestaciones\/precio y por su robustez, estos molinos son empleados en la trituraci\u00f3n y refinaci\u00f3n de piezas de gran espesor, donde es necesaria una elevad\u00edsima capacidad de corte. Todos los&hellip;<\/p>\n","protected":false},"author":1,"featured_media":1762,"parent":13663,"menu_order":510,"comment_status":"closed","ping_status":"closed","template":"","meta":{"_acf_changed":false,"footnotes":""},"tags":[2368,2866,1802,1809,1815,1832,1824,1818,1840,1826,1812,1835,1821,1829,1838,1752,1758,1784,1760,1764,1765,1773,1806,1776,1780,1755,1789,1795,1770,1787,1793,1798,2281,2315,2327,2372,2286,2306,2311,2337,2366,2351,2284,2377,2387,2381,2388,2383,2385,2389,2393,2103,2152,2181,2334,3229,2857,3181,3200,3185,3235,3227,2945,3225,3213,2854,3219,3233,3188,3195,3203,3206,3197,3190,3208,3009,2123,3245,2966,3240],"impaginazione":[],"divisione":[3689],"categorie_modelli":[],"class_list":["post-3975","page","type-page","status-publish","has-post-thumbnail","hentry","tag-cintas-de-polietileno-de-molienda","tag-cintas-de-polietileno-trituradr","tag-grandes-granuladores-de-residuos","tag-granulacion-de-botellas-de-pet","tag-granulacion-de-carton","tag-granulacion-de-cintas-de-polietileno","tag-granulacion-de-goma","tag-granulacion-de-la-documentacion-confidencial","tag-granulacion-de-macetas-de-plastico","tag-granulacion-de-madera","tag-granulacion-de-papel","tag-granulacion-de-parachoques-de-coche","tag-granulacion-de-tambores","tag-granulacion-del-maiz","tag-granulacion-plastica","tag-granuladores-de-botellas-pet","tag-granuladores-de-carton","tag-granuladores-de-cinta-de-polietileno","tag-granuladores-de-cuerpos-de-gran-volumen","tag-granuladores-de-cuerpos-voluminosos","tag-granuladores-de-documentacion-confidencial","tag-granuladores-de-goma","tag-granuladores-de-macetas-de-plastico","tag-granuladores-de-madera","tag-granuladores-de-maiz","tag-granuladores-de-papel","tag-granuladores-de-plastico","tag-granuladores-de-residuos-voluminosos","tag-granuladores-de-tambor","tag-granuladores-parachoques-de-coche","tag-granvaizadores-de-residuos-de-gran-volumen","tag-granvaizadores-de-residuos-de-gran-volumen-es","tag-moler-botellas-de-mascotas","tag-moler-cuerpos-voluminosos","tag-moler-documentacion-confidencial","tag-moler-los-parachoques-del-coche","tag-molienda-de-carton","tag-molienda-de-cuerpos-de-gran-volumen","tag-molienda-de-cuerpos-resistentes-a-cortes","tag-molienda-de-goma","tag-molienda-de-machinas","tag-molienda-de-madera","tag-molienda-de-papel","tag-molienda-de-plastico-es","tag-molienda-de-residuos-de-gran-volumen-es","tag-molienda-de-residuos-de-gran-volumen","tag-molienda-de-residuos-resistentes-a-cortes-es","tag-molienda-de-residuos-resistentes-a-cortes","tag-molienda-de-residuos-voluminosos","tag-molienda-de-residuos-voluminosos-es","tag-moliendo-ollas-de-plastico","tag-molinillos-de-carton","tag-molinillos-de-madera-es","tag-molinillos-de-plastico","tag-tambores-de-molienda","tag-trituracion-de-botellas-de-pet","tag-trituracion-de-carton","tag-trituracion-de-cuerpos-de-gran-volumen","tag-trituracion-de-cuerpos-resistentes-a-cortes","tag-trituracion-de-cuerpos-voluminosos","tag-trituracion-de-documentacion-confidencial","tag-trituracion-de-goma","tag-trituracion-de-madera-es-3","tag-trituracion-de-maiz-es","tag-trituracion-de-ollas-de-plastico","tag-trituracion-de-papel","tag-trituracion-de-parachoques-de-coche","tag-trituracion-de-plastico","tag-trituracion-de-residuos-de-gran-volumen","tag-trituracion-de-residuos-de-gran-volumen-es","tag-trituracion-de-residuos-resistentes-a-cortes","tag-trituracion-de-residuos-resistentes-a-cortes-es","tag-trituracion-de-residuos-voluminosos-es","tag-trituracion-de-residuos-voluminosos","tag-trituracion-de-tambores","tag-trituradoras-de-carton","tag-trituradoras-de-documentacion-confidencial","tag-trituradoras-de-documentacion-confidencial-es","tag-trituradoras-de-madera","tag-trituradoras-de-plastico","divisione-isve-recycling","description-off"],"acf":[],"yoast_head":"<!-- This site is optimized with the Yoast SEO plugin v27.4 - https:\/\/yoast.com\/product\/yoast-seo-wordpress\/ -->\n<title>Granuladores de cuchillas Isve serie GR - ISVE SpA - Tratamiento madera - Reciclaje - Molinos Trituradoras<\/title>\n<meta name=\"robots\" content=\"index, follow, max-snippet:-1, max-image-preview:large, max-video-preview:-1\" \/>\n<link rel=\"canonical\" href=\"https:\/\/isve.com\/es\/trituradores-industriales\/granuladores-de-cuchillas-isve-serie-gr\/\" \/>\n<meta property=\"og:locale\" content=\"es_ES\" \/>\n<meta property=\"og:type\" content=\"article\" \/>\n<meta property=\"og:title\" content=\"Granuladores de cuchillas Isve serie GR - ISVE SpA - Tratamiento madera - Reciclaje - Molinos Trituradoras\" \/>\n<meta property=\"og:description\" content=\"Granuladores de cuchillas Isve serie GR Molinos granuladores de plaquetas para refinaci\u00f3n de materiales no ferrosos: pl\u00e1stico, cart\u00f3n, madera, documentaci\u00f3n reservada, etc. Por la buena relaci\u00f3n prestaciones\/precio y por su robustez, estos molinos son empleados en la trituraci\u00f3n y refinaci\u00f3n de piezas de gran espesor, donde es necesaria una elevad\u00edsima capacidad de corte. Todos los&hellip;\" \/>\n<meta property=\"og:url\" content=\"https:\/\/isve.com\/es\/trituradores-industriales\/granuladores-de-cuchillas-isve-serie-gr\/\" \/>\n<meta property=\"og:site_name\" content=\"ISVE SpA - Tratamiento madera - Reciclaje - Molinos Trituradoras\" \/>\n<meta property=\"article:modified_time\" content=\"2026-02-03T16:13:49+00:00\" \/>\n<meta property=\"og:image\" content=\"https:\/\/isve.com\/wp-content\/uploads\/granulatorigr.jpg\" \/>\n\t<meta property=\"og:image:width\" content=\"1400\" \/>\n\t<meta property=\"og:image:height\" content=\"972\" \/>\n\t<meta property=\"og:image:type\" content=\"image\/jpeg\" \/>\n<meta name=\"twitter:card\" content=\"summary_large_image\" \/>\n<meta name=\"twitter:label1\" content=\"Tiempo de lectura\" \/>\n\t<meta name=\"twitter:data1\" content=\"2 minutos\" \/>\n<script type=\"application\/ld+json\" class=\"yoast-schema-graph\">{\"@context\":\"https:\\\/\\\/schema.org\",\"@graph\":[{\"@type\":\"WebPage\",\"@id\":\"https:\\\/\\\/isve.com\\\/es\\\/trituradores-industriales\\\/granuladores-de-cuchillas-isve-serie-gr\\\/\",\"url\":\"https:\\\/\\\/isve.com\\\/es\\\/trituradores-industriales\\\/granuladores-de-cuchillas-isve-serie-gr\\\/\",\"name\":\"Granuladores de cuchillas Isve serie GR - ISVE SpA - Tratamiento madera - Reciclaje - Molinos Trituradoras\",\"isPartOf\":{\"@id\":\"https:\\\/\\\/isve.com\\\/es\\\/#website\"},\"primaryImageOfPage\":{\"@id\":\"https:\\\/\\\/isve.com\\\/es\\\/trituradores-industriales\\\/granuladores-de-cuchillas-isve-serie-gr\\\/#primaryimage\"},\"image\":{\"@id\":\"https:\\\/\\\/isve.com\\\/es\\\/trituradores-industriales\\\/granuladores-de-cuchillas-isve-serie-gr\\\/#primaryimage\"},\"thumbnailUrl\":\"https:\\\/\\\/isve.com\\\/wp-content\\\/uploads\\\/granulatorigr.jpg\",\"datePublished\":\"2019-10-08T15:33:40+00:00\",\"dateModified\":\"2026-02-03T16:13:49+00:00\",\"breadcrumb\":{\"@id\":\"https:\\\/\\\/isve.com\\\/es\\\/trituradores-industriales\\\/granuladores-de-cuchillas-isve-serie-gr\\\/#breadcrumb\"},\"inLanguage\":\"es\",\"potentialAction\":[{\"@type\":\"ReadAction\",\"target\":[\"https:\\\/\\\/isve.com\\\/es\\\/trituradores-industriales\\\/granuladores-de-cuchillas-isve-serie-gr\\\/\"]}]},{\"@type\":\"ImageObject\",\"inLanguage\":\"es\",\"@id\":\"https:\\\/\\\/isve.com\\\/es\\\/trituradores-industriales\\\/granuladores-de-cuchillas-isve-serie-gr\\\/#primaryimage\",\"url\":\"https:\\\/\\\/isve.com\\\/wp-content\\\/uploads\\\/granulatorigr.jpg\",\"contentUrl\":\"https:\\\/\\\/isve.com\\\/wp-content\\\/uploads\\\/granulatorigr.jpg\",\"width\":1400,\"height\":972},{\"@type\":\"BreadcrumbList\",\"@id\":\"https:\\\/\\\/isve.com\\\/es\\\/trituradores-industriales\\\/granuladores-de-cuchillas-isve-serie-gr\\\/#breadcrumb\",\"itemListElement\":[{\"@type\":\"ListItem\",\"position\":1,\"name\":\"Home\",\"item\":\"https:\\\/\\\/isve.com\\\/es\\\/\"},{\"@type\":\"ListItem\",\"position\":2,\"name\":\"Productos Recycling\",\"item\":\"https:\\\/\\\/isve.com\\\/es\\\/trituradores-industriales\\\/\"},{\"@type\":\"ListItem\",\"position\":3,\"name\":\"Granuladores de cuchillas Isve serie GR\"}]},{\"@type\":\"WebSite\",\"@id\":\"https:\\\/\\\/isve.com\\\/es\\\/#website\",\"url\":\"https:\\\/\\\/isve.com\\\/es\\\/\",\"name\":\"ISVE S.p.A.\",\"description\":\"Sistemas para tratamiento de madera y para trituraci\u00f3n moler granulaci\u00f3n\",\"publisher\":{\"@id\":\"https:\\\/\\\/isve.com\\\/es\\\/#organization\"},\"potentialAction\":[{\"@type\":\"SearchAction\",\"target\":{\"@type\":\"EntryPoint\",\"urlTemplate\":\"https:\\\/\\\/isve.com\\\/es\\\/?s={search_term_string}\"},\"query-input\":{\"@type\":\"PropertyValueSpecification\",\"valueRequired\":true,\"valueName\":\"search_term_string\"}}],\"inLanguage\":\"es\"},{\"@type\":\"Organization\",\"@id\":\"https:\\\/\\\/isve.com\\\/es\\\/#organization\",\"name\":\"ISVE S.p.A.\",\"url\":\"https:\\\/\\\/isve.com\\\/es\\\/\",\"logo\":{\"@type\":\"ImageObject\",\"inLanguage\":\"es\",\"@id\":\"https:\\\/\\\/isve.com\\\/es\\\/#\\\/schema\\\/logo\\\/image\\\/\",\"url\":\"https:\\\/\\\/isve.com\\\/wp-content\\\/uploads\\\/2026\\\/01\\\/logo-isve-spa.png\",\"contentUrl\":\"https:\\\/\\\/isve.com\\\/wp-content\\\/uploads\\\/2026\\\/01\\\/logo-isve-spa.png\",\"width\":600,\"height\":173,\"caption\":\"ISVE S.p.A.\"},\"image\":{\"@id\":\"https:\\\/\\\/isve.com\\\/es\\\/#\\\/schema\\\/logo\\\/image\\\/\"},\"sameAs\":[\"https:\\\/\\\/www.linkedin.com\\\/company\\\/69445471\",\"https:\\\/\\\/www.youtube.com\\\/@isves.p.a.8894\"]}]}<\/script>\n<!-- \/ Yoast SEO plugin. -->","yoast_head_json":{"title":"Granuladores de cuchillas Isve serie GR - ISVE SpA - Tratamiento madera - Reciclaje - Molinos Trituradoras","robots":{"index":"index","follow":"follow","max-snippet":"max-snippet:-1","max-image-preview":"max-image-preview:large","max-video-preview":"max-video-preview:-1"},"canonical":"https:\/\/isve.com\/es\/trituradores-industriales\/granuladores-de-cuchillas-isve-serie-gr\/","og_locale":"es_ES","og_type":"article","og_title":"Granuladores de cuchillas Isve serie GR - ISVE SpA - Tratamiento madera - Reciclaje - Molinos Trituradoras","og_description":"Granuladores de cuchillas Isve serie GR Molinos granuladores de plaquetas para refinaci\u00f3n de materiales no ferrosos: pl\u00e1stico, cart\u00f3n, madera, documentaci\u00f3n reservada, etc. Por la buena relaci\u00f3n prestaciones\/precio y por su robustez, estos molinos son empleados en la trituraci\u00f3n y refinaci\u00f3n de piezas de gran espesor, donde es necesaria una elevad\u00edsima capacidad de corte. Todos los&hellip;","og_url":"https:\/\/isve.com\/es\/trituradores-industriales\/granuladores-de-cuchillas-isve-serie-gr\/","og_site_name":"ISVE SpA - Tratamiento madera - Reciclaje - Molinos Trituradoras","article_modified_time":"2026-02-03T16:13:49+00:00","og_image":[{"width":1400,"height":972,"url":"https:\/\/isve.com\/wp-content\/uploads\/granulatorigr.jpg","type":"image\/jpeg"}],"twitter_card":"summary_large_image","twitter_misc":{"Tiempo de lectura":"2 minutos"},"schema":{"@context":"https:\/\/schema.org","@graph":[{"@type":"WebPage","@id":"https:\/\/isve.com\/es\/trituradores-industriales\/granuladores-de-cuchillas-isve-serie-gr\/","url":"https:\/\/isve.com\/es\/trituradores-industriales\/granuladores-de-cuchillas-isve-serie-gr\/","name":"Granuladores de cuchillas Isve serie GR - ISVE SpA - Tratamiento madera - Reciclaje - Molinos Trituradoras","isPartOf":{"@id":"https:\/\/isve.com\/es\/#website"},"primaryImageOfPage":{"@id":"https:\/\/isve.com\/es\/trituradores-industriales\/granuladores-de-cuchillas-isve-serie-gr\/#primaryimage"},"image":{"@id":"https:\/\/isve.com\/es\/trituradores-industriales\/granuladores-de-cuchillas-isve-serie-gr\/#primaryimage"},"thumbnailUrl":"https:\/\/isve.com\/wp-content\/uploads\/granulatorigr.jpg","datePublished":"2019-10-08T15:33:40+00:00","dateModified":"2026-02-03T16:13:49+00:00","breadcrumb":{"@id":"https:\/\/isve.com\/es\/trituradores-industriales\/granuladores-de-cuchillas-isve-serie-gr\/#breadcrumb"},"inLanguage":"es","potentialAction":[{"@type":"ReadAction","target":["https:\/\/isve.com\/es\/trituradores-industriales\/granuladores-de-cuchillas-isve-serie-gr\/"]}]},{"@type":"ImageObject","inLanguage":"es","@id":"https:\/\/isve.com\/es\/trituradores-industriales\/granuladores-de-cuchillas-isve-serie-gr\/#primaryimage","url":"https:\/\/isve.com\/wp-content\/uploads\/granulatorigr.jpg","contentUrl":"https:\/\/isve.com\/wp-content\/uploads\/granulatorigr.jpg","width":1400,"height":972},{"@type":"BreadcrumbList","@id":"https:\/\/isve.com\/es\/trituradores-industriales\/granuladores-de-cuchillas-isve-serie-gr\/#breadcrumb","itemListElement":[{"@type":"ListItem","position":1,"name":"Home","item":"https:\/\/isve.com\/es\/"},{"@type":"ListItem","position":2,"name":"Productos Recycling","item":"https:\/\/isve.com\/es\/trituradores-industriales\/"},{"@type":"ListItem","position":3,"name":"Granuladores de cuchillas Isve serie GR"}]},{"@type":"WebSite","@id":"https:\/\/isve.com\/es\/#website","url":"https:\/\/isve.com\/es\/","name":"ISVE S.p.A.","description":"Sistemas para tratamiento de madera y para trituraci\u00f3n moler granulaci\u00f3n","publisher":{"@id":"https:\/\/isve.com\/es\/#organization"},"potentialAction":[{"@type":"SearchAction","target":{"@type":"EntryPoint","urlTemplate":"https:\/\/isve.com\/es\/?s={search_term_string}"},"query-input":{"@type":"PropertyValueSpecification","valueRequired":true,"valueName":"search_term_string"}}],"inLanguage":"es"},{"@type":"Organization","@id":"https:\/\/isve.com\/es\/#organization","name":"ISVE S.p.A.","url":"https:\/\/isve.com\/es\/","logo":{"@type":"ImageObject","inLanguage":"es","@id":"https:\/\/isve.com\/es\/#\/schema\/logo\/image\/","url":"https:\/\/isve.com\/wp-content\/uploads\/2026\/01\/logo-isve-spa.png","contentUrl":"https:\/\/isve.com\/wp-content\/uploads\/2026\/01\/logo-isve-spa.png","width":600,"height":173,"caption":"ISVE S.p.A."},"image":{"@id":"https:\/\/isve.com\/es\/#\/schema\/logo\/image\/"},"sameAs":["https:\/\/www.linkedin.com\/company\/69445471","https:\/\/www.youtube.com\/@isves.p.a.8894"]}]}},"_links":{"self":[{"href":"https:\/\/isve.com\/es\/wp-json\/wp\/v2\/pages\/3975","targetHints":{"allow":["GET"]}}],"collection":[{"href":"https:\/\/isve.com\/es\/wp-json\/wp\/v2\/pages"}],"about":[{"href":"https:\/\/isve.com\/es\/wp-json\/wp\/v2\/types\/page"}],"author":[{"embeddable":true,"href":"https:\/\/isve.com\/es\/wp-json\/wp\/v2\/users\/1"}],"replies":[{"embeddable":true,"href":"https:\/\/isve.com\/es\/wp-json\/wp\/v2\/comments?post=3975"}],"version-history":[{"count":1,"href":"https:\/\/isve.com\/es\/wp-json\/wp\/v2\/pages\/3975\/revisions"}],"predecessor-version":[{"id":27827,"href":"https:\/\/isve.com\/es\/wp-json\/wp\/v2\/pages\/3975\/revisions\/27827"}],"up":[{"embeddable":true,"href":"https:\/\/isve.com\/es\/wp-json\/wp\/v2\/pages\/13663"}],"wp:featuredmedia":[{"embeddable":true,"href":"https:\/\/isve.com\/es\/wp-json\/wp\/v2\/media\/1762"}],"wp:attachment":[{"href":"https:\/\/isve.com\/es\/wp-json\/wp\/v2\/media?parent=3975"}],"wp:term":[{"taxonomy":"post_tag","embeddable":true,"href":"https:\/\/isve.com\/es\/wp-json\/wp\/v2\/tags?post=3975"},{"taxonomy":"impaginazione","embeddable":true,"href":"https:\/\/isve.com\/es\/wp-json\/wp\/v2\/impaginazione?post=3975"},{"taxonomy":"divisione","embeddable":true,"href":"https:\/\/isve.com\/es\/wp-json\/wp\/v2\/divisione?post=3975"},{"taxonomy":"categorie_modelli","embeddable":true,"href":"https:\/\/isve.com\/es\/wp-json\/wp\/v2\/categorie_modelli?post=3975"}],"curies":[{"name":"wp","href":"https:\/\/api.w.org\/{rel}","templated":true}]}}