{"id":3934,"date":"2019-10-08T10:08:22","date_gmt":"2019-10-08T08:08:22","guid":{"rendered":"https:\/\/isve.com\/?page_id=3934"},"modified":"2025-05-03T11:59:17","modified_gmt":"2025-05-03T09:59:17","slug":"trituradoras-serie-combi","status":"publish","type":"page","link":"https:\/\/isve.com\/es\/trituradores-industriales\/trituradoras-serie-combi\/","title":{"rendered":"Modelos &#8211; ISVE COMBI"},"content":{"rendered":"\t\t<div data-elementor-type=\"wp-page\" data-elementor-id=\"3934\" class=\"elementor elementor-3934 elementor-1572\" data-elementor-post-type=\"page\">\n\t\t\t\t\t\t<section class=\"elementor-section elementor-top-section elementor-element elementor-element-e4379b2 elementor-section-boxed elementor-section-height-default elementor-section-height-default\" data-id=\"e4379b2\" data-element_type=\"section\" data-e-type=\"section\">\n\t\t\t\t\t\t<div class=\"elementor-container elementor-column-gap-default\">\n\t\t\t\t\t<div class=\"elementor-column elementor-col-100 elementor-top-column elementor-element elementor-element-3d51a33\" data-id=\"3d51a33\" data-element_type=\"column\" data-e-type=\"column\">\n\t\t\t<div class=\"elementor-widget-wrap elementor-element-populated\">\n\t\t\t\t\t\t<div class=\"elementor-element elementor-element-5704e42 elementor-widget elementor-widget-text-editor\" data-id=\"5704e42\" data-element_type=\"widget\" data-e-type=\"widget\" data-widget_type=\"text-editor.default\">\n\t\t\t\t<div class=\"elementor-widget-container\">\n\t\t\t\t\t\t\t\t\t<p><strong>&#8220;ISVE Combi&#8221;<\/strong>: la alternativa a <strong>las trituradoras indutriales tradicionales para materiales pl\u00e1sticos<\/strong>, una trituradora de cuatro ejes con un granulador en l\u00ednea , capaz de obtener pedazos finales de 4-8 mm.<\/p>\t\t\t\t\t\t\t\t<\/div>\n\t\t\t\t<\/div>\n\t\t\t\t<div class=\"elementor-element elementor-element-ec523ba elementor-widget elementor-widget-spacer\" data-id=\"ec523ba\" data-element_type=\"widget\" data-e-type=\"widget\" data-widget_type=\"spacer.default\">\n\t\t\t\t<div class=\"elementor-widget-container\">\n\t\t\t\t\t\t\t<div class=\"elementor-spacer\">\n\t\t\t<div class=\"elementor-spacer-inner\"><\/div>\n\t\t<\/div>\n\t\t\t\t\t\t<\/div>\n\t\t\t\t<\/div>\n\t\t\t\t<div class=\"elementor-element elementor-element-1cf59bd elementor-widget elementor-widget-heading\" data-id=\"1cf59bd\" data-element_type=\"widget\" data-e-type=\"widget\" data-widget_type=\"heading.default\">\n\t\t\t\t<div class=\"elementor-widget-container\">\n\t\t\t\t\t<h2 class=\"elementor-heading-title elementor-size-default\">Modelos - ISVE COMBI<\/h2>\t\t\t\t<\/div>\n\t\t\t\t<\/div>\n\t\t\t\t<div class=\"elementor-element elementor-element-87825aa elementor-widget elementor-widget-spacer\" data-id=\"87825aa\" data-element_type=\"widget\" data-e-type=\"widget\" data-widget_type=\"spacer.default\">\n\t\t\t\t<div class=\"elementor-widget-container\">\n\t\t\t\t\t\t\t<div class=\"elementor-spacer\">\n\t\t\t<div class=\"elementor-spacer-inner\"><\/div>\n\t\t<\/div>\n\t\t\t\t\t\t<\/div>\n\t\t\t\t<\/div>\n\t\t\t\t<div class=\"elementor-element elementor-element-7938c0b elementor-grid-1 elementor-grid-tablet-1 elementor-posts--thumbnail-left elementor-grid-mobile-1 elementor-widget elementor-widget-posts\" data-id=\"7938c0b\" data-element_type=\"widget\" data-e-type=\"widget\" data-settings=\"{&quot;classic_columns&quot;:&quot;1&quot;,&quot;classic_columns_tablet&quot;:&quot;1&quot;,&quot;classic_columns_mobile&quot;:&quot;1&quot;,&quot;classic_row_gap&quot;:{&quot;unit&quot;:&quot;px&quot;,&quot;size&quot;:35,&quot;sizes&quot;:[]},&quot;classic_row_gap_tablet&quot;:{&quot;unit&quot;:&quot;px&quot;,&quot;size&quot;:&quot;&quot;,&quot;sizes&quot;:[]},&quot;classic_row_gap_mobile&quot;:{&quot;unit&quot;:&quot;px&quot;,&quot;size&quot;:&quot;&quot;,&quot;sizes&quot;:[]}}\" data-widget_type=\"posts.classic\">\n\t\t\t\t<div class=\"elementor-widget-container\">\n\t\t\t\t\t\t\t<div class=\"elementor-posts-container elementor-posts elementor-posts--skin-classic elementor-grid\" role=\"list\">\n\t\t\t\t<article class=\"elementor-post elementor-grid-item post-3941 page type-page status-publish has-post-thumbnail hentry tag-cintas-de-polietileno-de-molienda tag-cintas-de-polietileno-trituradr tag-moler-botellas-de-mascotas tag-moler-los-parachoques-del-coche tag-molienda-de-carton tag-molienda-de-goma tag-molienda-de-machinas tag-molienda-de-papel tag-moliendo-ollas-de-plastico tag-tambores-de-molienda tag-trituracion-de-botellas-de-pet tag-trituracion-de-carton tag-trituracion-de-goma tag-trituracion-de-maiz-es tag-trituracion-de-ollas-de-plastico tag-trituracion-de-papel tag-trituracion-de-parachoques-de-coche tag-trituracion-de-tambores impaginazione-modello-prodotto divisione-isve-recycling categorie_modelli-trituratori-serie-combi description-off\" role=\"listitem\">\n\t\t\t\t<a class=\"elementor-post__thumbnail__link\" href=\"https:\/\/isve.com\/es\/trituradores-industriales\/trituradoras-serie-combi\/trituradoras-serie-combi-modelo-6080s-gr-500-2\/\" tabindex=\"-1\" >\n\t\t\t<div class=\"elementor-post__thumbnail\"><img fetchpriority=\"high\" decoding=\"async\" width=\"567\" height=\"389\" src=\"https:\/\/isve.com\/wp-content\/uploads\/2023\/10\/immagine1.jpg\" class=\"attachment-large size-large wp-image-10799\" alt=\"\" \/><\/div>\n\t\t<\/a>\n\t\t\t\t<div class=\"elementor-post__text\">\n\t\t\t\t<h3 class=\"elementor-post__title\">\n\t\t\t<a href=\"https:\/\/isve.com\/es\/trituradores-industriales\/trituradoras-serie-combi\/trituradoras-serie-combi-modelo-6080s-gr-500-2\/\" >\n\t\t\t\tCombi: Modelo 60\/80S &#8211; GR500\t\t\t<\/a>\n\t\t<\/h3>\n\t\t\t\t<div class=\"elementor-post__excerpt\">\n\t\t\t<p>El sistema consta de una unidad de trituraci\u00f3n modelo 60\/80S en l\u00ednea con un granulador modelo GR500. Caracter\u00edsticas del triturador: Soporte de chapa de acero electrosoldada de gran espesor; Soportes de cojinetes de rodillos de barril con sistema de sellado contra polvo y l\u00edquidos; Placas laterales intercambiables antidesgaste, con espacio intermedio que separa la c\u00e1mara de corte de las bridas de los cojinetes; Ejes de gran espesor con n\u00ba 30 fresas de acero especial antidesgaste y n\u00b0 30 discos introductores para facilitar el agarre de cuerpos voluminosos; Disposici\u00f3n escalonada de los dientes de las cuchillas para mejorar el agarre y la progresi\u00f3n del corte; N\u00b0 2 reductores epicicloidales con ejes de rotacion paralelos al eje de la fresa; N\u00ba 2<\/p>\n\t\t<\/div>\n\t\t\n\t\t<a class=\"elementor-post__read-more\" href=\"https:\/\/isve.com\/es\/trituradores-industriales\/trituradoras-serie-combi\/trituradoras-serie-combi-modelo-6080s-gr-500-2\/\" aria-label=\"Read more about Combi: Modelo 60\/80S &#8211; GR500\" tabindex=\"-1\" >\n\t\t\tM\u00e1s \u00bb\t\t<\/a>\n\n\t\t\t\t<\/div>\n\t\t\t\t<\/article>\n\t\t\t\t<article class=\"elementor-post elementor-grid-item post-11367 page type-page status-publish has-post-thumbnail hentry tag-cintas-de-polietileno-de-molienda tag-cintas-de-polietileno-trituradr tag-moler-botellas-de-mascotas tag-moler-los-parachoques-del-coche tag-molienda-de-carton tag-molienda-de-goma tag-molienda-de-machinas tag-molienda-de-papel tag-moliendo-ollas-de-plastico tag-tambores-de-molienda tag-trituracion-de-botellas-de-pet tag-trituracion-de-carton tag-trituracion-de-goma tag-trituracion-de-maiz-es tag-trituracion-de-ollas-de-plastico tag-trituracion-de-papel tag-trituracion-de-parachoques-de-coche tag-trituracion-de-tambores impaginazione-modello-prodotto divisione-isve-recycling categorie_modelli-trituratori-serie-combi description-off\" role=\"listitem\">\n\t\t\t\t<a class=\"elementor-post__thumbnail__link\" href=\"https:\/\/isve.com\/es\/trituradores-industriales\/trituradoras-serie-combi\/combi-modelo-40-80s-gr500\/\" tabindex=\"-1\" >\n\t\t\t<div class=\"elementor-post__thumbnail\"><img fetchpriority=\"high\" decoding=\"async\" width=\"567\" height=\"389\" src=\"https:\/\/isve.com\/wp-content\/uploads\/2023\/10\/immagine1.jpg\" class=\"attachment-large size-large wp-image-10799\" alt=\"\" \/><\/div>\n\t\t<\/a>\n\t\t\t\t<div class=\"elementor-post__text\">\n\t\t\t\t<h3 class=\"elementor-post__title\">\n\t\t\t<a href=\"https:\/\/isve.com\/es\/trituradores-industriales\/trituradoras-serie-combi\/combi-modelo-40-80s-gr500\/\" >\n\t\t\t\tCombi: Modelo 40\/80S &#8211; GR500\t\t\t<\/a>\n\t\t<\/h3>\n\t\t\t\t<div class=\"elementor-post__excerpt\">\n\t\t\t<p>La instalaci\u00f3n est\u00e1 compuesta por un grupo de trituraci\u00f3n modelo 40\/80S en l\u00ednea con un molino GR500. Caracter\u00edsticas del triturador: Soporte de chapa de acero electrosoldada de gran espesor; Soportes de cojinetes de rodillos de barril con sistema de sellado contra polvo y l\u00edquidos; Placas laterales intercambiables resistentes al desgaste, con espacio intermedio que separa la c\u00e1mara de corte de las bridas de los cojinetes; Ejes de gran espesor con n\u00ba 20 fresas de acero especial antidesgaste y n\u00ba 20 discos introductores para facilitar el agarre de cuerpos voluminosos; Disposici\u00f3n escalonada de los dientes de las cuchillas para mejorar el agarre y la progresi\u00f3n del corte; N\u00b0 2 reductores epicicloidales con ejes de rotaci\u00f3n paralelos al eje de la fresa;<\/p>\n\t\t<\/div>\n\t\t\n\t\t<a class=\"elementor-post__read-more\" href=\"https:\/\/isve.com\/es\/trituradores-industriales\/trituradoras-serie-combi\/combi-modelo-40-80s-gr500\/\" aria-label=\"Read more about Combi: Modelo 40\/80S &#8211; GR500\" tabindex=\"-1\" >\n\t\t\tM\u00e1s \u00bb\t\t<\/a>\n\n\t\t\t\t<\/div>\n\t\t\t\t<\/article>\n\t\t\t\t<article class=\"elementor-post elementor-grid-item post-3953 page type-page status-publish has-post-thumbnail hentry tag-cintas-de-polietileno-de-molienda tag-cintas-de-polietileno-trituradr tag-moler-botellas-de-mascotas tag-moler-los-parachoques-del-coche tag-molienda-de-carton tag-molienda-de-goma tag-molienda-de-machinas tag-molienda-de-papel tag-moliendo-ollas-de-plastico tag-tambores-de-molienda tag-trituracion-de-botellas-de-pet tag-trituracion-de-carton tag-trituracion-de-goma tag-trituracion-de-maiz-es tag-trituracion-de-ollas-de-plastico tag-trituracion-de-papel tag-trituracion-de-parachoques-de-coche tag-trituracion-de-tambores impaginazione-modello-prodotto divisione-isve-recycling categorie_modelli-trituratori-serie-combi description-off\" role=\"listitem\">\n\t\t\t\t<a class=\"elementor-post__thumbnail__link\" href=\"https:\/\/isve.com\/es\/trituradores-industriales\/trituradoras-serie-combi\/trituradoras-serie-combi-modelo-8080s-gr-600\/\" tabindex=\"-1\" >\n\t\t\t<div class=\"elementor-post__thumbnail\"><img decoding=\"async\" width=\"663\" height=\"390\" src=\"https:\/\/isve.com\/wp-content\/uploads\/combi8080s-gr700.jpg\" class=\"attachment-large size-large wp-image-1635\" alt=\"\" srcset=\"https:\/\/isve.com\/wp-content\/uploads\/combi8080s-gr700.jpg 663w, https:\/\/isve.com\/wp-content\/uploads\/combi8080s-gr700-600x353.jpg 600w\" sizes=\"(max-width: 663px) 100vw, 663px\" \/><\/div>\n\t\t<\/a>\n\t\t\t\t<div class=\"elementor-post__text\">\n\t\t\t\t<h3 class=\"elementor-post__title\">\n\t\t\t<a href=\"https:\/\/isve.com\/es\/trituradores-industriales\/trituradoras-serie-combi\/trituradoras-serie-combi-modelo-8080s-gr-600\/\" >\n\t\t\t\tCombi: Modelo 80\/80S &#8211; GR600\t\t\t<\/a>\n\t\t<\/h3>\n\t\t\t\t<div class=\"elementor-post__excerpt\">\n\t\t\t<p>El sistema consta de una unidad de trituraci\u00f3n modelo 80\/80S en l\u00ednea con un granulador modelo GR600. Caracter\u00edsticas del triturador: Soporte de chapa de acero electrosoldada de gran espesor; Soportes de cojinetes de rodillos de barril con sistema de sellado contra polvo y l\u00edquidos; Placas laterales intercambiables antidesgaste, con espacio intermedio que separa la c\u00e1mara de corte de las bridas de los cojinetes; Ejes de gran espesor con n\u00b0 42 fresas de acero especial antidesgaste y n\u00b0 42 discos introductores para facilitar el agarre de cuerpos voluminosos; Disposici\u00f3n escalonada de los dientes de las cuchillas para mejorar el agarre y la progresi\u00f3n del corte; N\u00b0 2 reductores epicicloidales con ejes de rotacion paralelos al eje de la fresa; N\u00b0 2<\/p>\n\t\t<\/div>\n\t\t\n\t\t<a class=\"elementor-post__read-more\" href=\"https:\/\/isve.com\/es\/trituradores-industriales\/trituradoras-serie-combi\/trituradoras-serie-combi-modelo-8080s-gr-600\/\" aria-label=\"Read more about Combi: Modelo 80\/80S &#8211; GR600\" tabindex=\"-1\" >\n\t\t\tM\u00e1s \u00bb\t\t<\/a>\n\n\t\t\t\t<\/div>\n\t\t\t\t<\/article>\n\t\t\t\t<article class=\"elementor-post elementor-grid-item post-11376 page type-page status-publish has-post-thumbnail hentry tag-cintas-de-polietileno-de-molienda tag-cintas-de-polietileno-trituradr tag-moler-botellas-de-mascotas tag-moler-los-parachoques-del-coche tag-molienda-de-carton tag-molienda-de-goma tag-molienda-de-machinas tag-molienda-de-papel tag-moliendo-ollas-de-plastico tag-tambores-de-molienda tag-trituracion-de-botellas-de-pet tag-trituracion-de-carton tag-trituracion-de-goma tag-trituracion-de-maiz-es tag-trituracion-de-ollas-de-plastico tag-trituracion-de-papel tag-trituracion-de-parachoques-de-coche tag-trituracion-de-tambores impaginazione-modello-prodotto divisione-isve-recycling categorie_modelli-trituratori-serie-combi description-off\" role=\"listitem\">\n\t\t\t\t<a class=\"elementor-post__thumbnail__link\" href=\"https:\/\/isve.com\/es\/trituradores-industriales\/trituradoras-serie-combi\/trituradoras-serie-combi-modelo-120-100s-gr-900\/\" tabindex=\"-1\" >\n\t\t\t<div class=\"elementor-post__thumbnail\"><img decoding=\"async\" width=\"567\" height=\"389\" src=\"https:\/\/isve.com\/wp-content\/uploads\/2023\/10\/immagine2.jpg\" class=\"attachment-large size-large wp-image-10808\" alt=\"\" \/><\/div>\n\t\t<\/a>\n\t\t\t\t<div class=\"elementor-post__text\">\n\t\t\t\t<h3 class=\"elementor-post__title\">\n\t\t\t<a href=\"https:\/\/isve.com\/es\/trituradores-industriales\/trituradoras-serie-combi\/trituradoras-serie-combi-modelo-120-100s-gr-900\/\" >\n\t\t\t\tCombi: Modelo 120\/100S &#8211; GR900\t\t\t<\/a>\n\t\t<\/h3>\n\t\t\t\t<div class=\"elementor-post__excerpt\">\n\t\t\t<p>El sistema consta de una unidad de trituraci\u00f3n modelo 120\/100S en l\u00ednea con un granulador modelo GR900. Caracter\u00edsticas del triturador: Soporte de chapa de acero electrosoldada de gran espesor; Soportes de cojinetes de rodillos de barril con sistema de sellado contra polvo y l\u00edquidos; Placas laterales intercambiables resistentes al desgaste, con espacio intermedio que separa la c\u00e1mara de corte de las bridas de los cojinetes; Ejes de gran espesor con n\u00ba 30 fresas de acero especial antidesgaste y n\u00ba 30 discos introductores para facilitar el agarre de cuerpos voluminosos; Espesor de las cuchillas: 40 mm; Disposici\u00f3n escalonada de los dientes de las cuchillas para mejorar el agarre y la progresi\u00f3n del corte; N\u00b0 2 reductores epicicloidales con ejes de rotacion<\/p>\n\t\t<\/div>\n\t\t\n\t\t<a class=\"elementor-post__read-more\" href=\"https:\/\/isve.com\/es\/trituradores-industriales\/trituradoras-serie-combi\/trituradoras-serie-combi-modelo-120-100s-gr-900\/\" aria-label=\"Read more about Combi: Modelo 120\/100S &#8211; GR900\" tabindex=\"-1\" >\n\t\t\tM\u00e1s \u00bb\t\t<\/a>\n\n\t\t\t\t<\/div>\n\t\t\t\t<\/article>\n\t\t\t\t<\/div>\n\t\t\n\t\t\t\t\t\t<\/div>\n\t\t\t\t<\/div>\n\t\t\t\t\t<\/div>\n\t\t<\/div>\n\t\t\t\t\t<\/div>\n\t\t<\/section>\n\t\t\t\t<\/div>\n\t\t","protected":false},"excerpt":{"rendered":"<p>&#8220;ISVE Combi&#8221;: la alternativa a las trituradoras indutriales tradicionales para materiales pl\u00e1sticos, una trituradora de cuatro ejes con un granulador en l\u00ednea , capaz de obtener pedazos finales de 4-8 mm. Modelos &#8211; ISVE COMBI<\/p>\n","protected":false},"author":1,"featured_media":1581,"parent":13663,"menu_order":430,"comment_status":"closed","ping_status":"closed","template":"","meta":{"_acf_changed":false,"footnotes":""},"tags":[],"impaginazione":[],"divisione":[3689],"categorie_modelli":[],"class_list":["post-3934","page","type-page","status-publish","has-post-thumbnail","hentry","divisione-isve-recycling","description-off"],"acf":[],"yoast_head":"<!-- This site is optimized with the Yoast SEO plugin v27.4 - https:\/\/yoast.com\/product\/yoast-seo-wordpress\/ -->\n<title>Modelos - ISVE COMBI - ISVE SpA - Trattamento legno - Riciclaggio - Macinatori Trituratori<\/title>\n<meta name=\"robots\" content=\"index, follow, max-snippet:-1, max-image-preview:large, max-video-preview:-1\" \/>\n<link rel=\"canonical\" href=\"https:\/\/isve.com\/es\/trituradores-industriales\/trituradoras-serie-combi\/\" \/>\n<meta property=\"og:locale\" content=\"es_ES\" \/>\n<meta property=\"og:type\" content=\"article\" \/>\n<meta property=\"og:title\" content=\"Modelos - ISVE COMBI - ISVE SpA - Trattamento legno - Riciclaggio - Macinatori Trituratori\" \/>\n<meta property=\"og:description\" content=\"&#8220;ISVE Combi&#8221;: la alternativa a las trituradoras indutriales tradicionales para materiales pl\u00e1sticos, una trituradora de cuatro ejes con un granulador en l\u00ednea , capaz de obtener pedazos finales de 4-8 mm. Modelos &#8211; ISVE COMBI\" \/>\n<meta property=\"og:url\" content=\"https:\/\/isve.com\/es\/trituradores-industriales\/trituradoras-serie-combi\/\" \/>\n<meta property=\"og:site_name\" content=\"ISVE SpA - Trattamento legno - Riciclaggio - Macinatori Trituratori\" \/>\n<meta property=\"article:modified_time\" content=\"2025-05-03T09:59:17+00:00\" \/>\n<meta property=\"og:image\" content=\"https:\/\/isve.com\/wp-content\/uploads\/combi_larga.jpg\" \/>\n\t<meta property=\"og:image:width\" content=\"1256\" \/>\n\t<meta property=\"og:image:height\" content=\"523\" \/>\n\t<meta property=\"og:image:type\" content=\"image\/jpeg\" \/>\n<meta name=\"twitter:card\" content=\"summary_large_image\" \/>\n<script type=\"application\/ld+json\" class=\"yoast-schema-graph\">{\"@context\":\"https:\\\/\\\/schema.org\",\"@graph\":[{\"@type\":\"WebPage\",\"@id\":\"https:\\\/\\\/isve.com\\\/es\\\/trituradores-industriales\\\/trituradoras-serie-combi\\\/\",\"url\":\"https:\\\/\\\/isve.com\\\/es\\\/trituradores-industriales\\\/trituradoras-serie-combi\\\/\",\"name\":\"Modelos - ISVE COMBI - ISVE SpA - Trattamento legno - Riciclaggio - Macinatori Trituratori\",\"isPartOf\":{\"@id\":\"https:\\\/\\\/isve.com\\\/es\\\/#website\"},\"primaryImageOfPage\":{\"@id\":\"https:\\\/\\\/isve.com\\\/es\\\/trituradores-industriales\\\/trituradoras-serie-combi\\\/#primaryimage\"},\"image\":{\"@id\":\"https:\\\/\\\/isve.com\\\/es\\\/trituradores-industriales\\\/trituradoras-serie-combi\\\/#primaryimage\"},\"thumbnailUrl\":\"https:\\\/\\\/isve.com\\\/wp-content\\\/uploads\\\/combi_larga.jpg\",\"datePublished\":\"2019-10-08T08:08:22+00:00\",\"dateModified\":\"2025-05-03T09:59:17+00:00\",\"breadcrumb\":{\"@id\":\"https:\\\/\\\/isve.com\\\/es\\\/trituradores-industriales\\\/trituradoras-serie-combi\\\/#breadcrumb\"},\"inLanguage\":\"es\",\"potentialAction\":[{\"@type\":\"ReadAction\",\"target\":[\"https:\\\/\\\/isve.com\\\/es\\\/trituradores-industriales\\\/trituradoras-serie-combi\\\/\"]}]},{\"@type\":\"ImageObject\",\"inLanguage\":\"es\",\"@id\":\"https:\\\/\\\/isve.com\\\/es\\\/trituradores-industriales\\\/trituradoras-serie-combi\\\/#primaryimage\",\"url\":\"https:\\\/\\\/isve.com\\\/wp-content\\\/uploads\\\/combi_larga.jpg\",\"contentUrl\":\"https:\\\/\\\/isve.com\\\/wp-content\\\/uploads\\\/combi_larga.jpg\",\"width\":1256,\"height\":523},{\"@type\":\"BreadcrumbList\",\"@id\":\"https:\\\/\\\/isve.com\\\/es\\\/trituradores-industriales\\\/trituradoras-serie-combi\\\/#breadcrumb\",\"itemListElement\":[{\"@type\":\"ListItem\",\"position\":1,\"name\":\"Home\",\"item\":\"https:\\\/\\\/isve.com\\\/es\\\/\"},{\"@type\":\"ListItem\",\"position\":2,\"name\":\"Productos Recycling\",\"item\":\"https:\\\/\\\/isve.com\\\/es\\\/trituradores-industriales\\\/\"},{\"@type\":\"ListItem\",\"position\":3,\"name\":\"Modelos &#8211; ISVE COMBI\"}]},{\"@type\":\"WebSite\",\"@id\":\"https:\\\/\\\/isve.com\\\/es\\\/#website\",\"url\":\"https:\\\/\\\/isve.com\\\/es\\\/\",\"name\":\"ISVE S.p.A.\",\"description\":\"Sistemi per trattamento del legno e triturazione macinazione granulazione\",\"publisher\":{\"@id\":\"https:\\\/\\\/isve.com\\\/es\\\/#organization\"},\"potentialAction\":[{\"@type\":\"SearchAction\",\"target\":{\"@type\":\"EntryPoint\",\"urlTemplate\":\"https:\\\/\\\/isve.com\\\/es\\\/?s={search_term_string}\"},\"query-input\":{\"@type\":\"PropertyValueSpecification\",\"valueRequired\":true,\"valueName\":\"search_term_string\"}}],\"inLanguage\":\"es\"},{\"@type\":\"Organization\",\"@id\":\"https:\\\/\\\/isve.com\\\/es\\\/#organization\",\"name\":\"ISVE S.p.A.\",\"url\":\"https:\\\/\\\/isve.com\\\/es\\\/\",\"logo\":{\"@type\":\"ImageObject\",\"inLanguage\":\"es\",\"@id\":\"https:\\\/\\\/isve.com\\\/es\\\/#\\\/schema\\\/logo\\\/image\\\/\",\"url\":\"https:\\\/\\\/isve.com\\\/wp-content\\\/uploads\\\/2026\\\/01\\\/logo-isve-spa.png\",\"contentUrl\":\"https:\\\/\\\/isve.com\\\/wp-content\\\/uploads\\\/2026\\\/01\\\/logo-isve-spa.png\",\"width\":600,\"height\":173,\"caption\":\"ISVE S.p.A.\"},\"image\":{\"@id\":\"https:\\\/\\\/isve.com\\\/es\\\/#\\\/schema\\\/logo\\\/image\\\/\"},\"sameAs\":[\"https:\\\/\\\/www.linkedin.com\\\/company\\\/69445471\",\"https:\\\/\\\/www.youtube.com\\\/@isves.p.a.8894\"]}]}<\/script>\n<!-- \/ Yoast SEO plugin. -->","yoast_head_json":{"title":"Modelos - ISVE COMBI - ISVE SpA - Trattamento legno - Riciclaggio - Macinatori Trituratori","robots":{"index":"index","follow":"follow","max-snippet":"max-snippet:-1","max-image-preview":"max-image-preview:large","max-video-preview":"max-video-preview:-1"},"canonical":"https:\/\/isve.com\/es\/trituradores-industriales\/trituradoras-serie-combi\/","og_locale":"es_ES","og_type":"article","og_title":"Modelos - ISVE COMBI - ISVE SpA - Trattamento legno - Riciclaggio - Macinatori Trituratori","og_description":"&#8220;ISVE Combi&#8221;: la alternativa a las trituradoras indutriales tradicionales para materiales pl\u00e1sticos, una trituradora de cuatro ejes con un granulador en l\u00ednea , capaz de obtener pedazos finales de 4-8 mm. Modelos &#8211; ISVE COMBI","og_url":"https:\/\/isve.com\/es\/trituradores-industriales\/trituradoras-serie-combi\/","og_site_name":"ISVE SpA - Trattamento legno - Riciclaggio - Macinatori Trituratori","article_modified_time":"2025-05-03T09:59:17+00:00","og_image":[{"width":1256,"height":523,"url":"https:\/\/isve.com\/wp-content\/uploads\/combi_larga.jpg","type":"image\/jpeg"}],"twitter_card":"summary_large_image","schema":{"@context":"https:\/\/schema.org","@graph":[{"@type":"WebPage","@id":"https:\/\/isve.com\/es\/trituradores-industriales\/trituradoras-serie-combi\/","url":"https:\/\/isve.com\/es\/trituradores-industriales\/trituradoras-serie-combi\/","name":"Modelos - ISVE COMBI - ISVE SpA - Trattamento legno - Riciclaggio - Macinatori Trituratori","isPartOf":{"@id":"https:\/\/isve.com\/es\/#website"},"primaryImageOfPage":{"@id":"https:\/\/isve.com\/es\/trituradores-industriales\/trituradoras-serie-combi\/#primaryimage"},"image":{"@id":"https:\/\/isve.com\/es\/trituradores-industriales\/trituradoras-serie-combi\/#primaryimage"},"thumbnailUrl":"https:\/\/isve.com\/wp-content\/uploads\/combi_larga.jpg","datePublished":"2019-10-08T08:08:22+00:00","dateModified":"2025-05-03T09:59:17+00:00","breadcrumb":{"@id":"https:\/\/isve.com\/es\/trituradores-industriales\/trituradoras-serie-combi\/#breadcrumb"},"inLanguage":"es","potentialAction":[{"@type":"ReadAction","target":["https:\/\/isve.com\/es\/trituradores-industriales\/trituradoras-serie-combi\/"]}]},{"@type":"ImageObject","inLanguage":"es","@id":"https:\/\/isve.com\/es\/trituradores-industriales\/trituradoras-serie-combi\/#primaryimage","url":"https:\/\/isve.com\/wp-content\/uploads\/combi_larga.jpg","contentUrl":"https:\/\/isve.com\/wp-content\/uploads\/combi_larga.jpg","width":1256,"height":523},{"@type":"BreadcrumbList","@id":"https:\/\/isve.com\/es\/trituradores-industriales\/trituradoras-serie-combi\/#breadcrumb","itemListElement":[{"@type":"ListItem","position":1,"name":"Home","item":"https:\/\/isve.com\/es\/"},{"@type":"ListItem","position":2,"name":"Productos Recycling","item":"https:\/\/isve.com\/es\/trituradores-industriales\/"},{"@type":"ListItem","position":3,"name":"Modelos &#8211; ISVE COMBI"}]},{"@type":"WebSite","@id":"https:\/\/isve.com\/es\/#website","url":"https:\/\/isve.com\/es\/","name":"ISVE S.p.A.","description":"Sistemi per trattamento del legno e triturazione macinazione granulazione","publisher":{"@id":"https:\/\/isve.com\/es\/#organization"},"potentialAction":[{"@type":"SearchAction","target":{"@type":"EntryPoint","urlTemplate":"https:\/\/isve.com\/es\/?s={search_term_string}"},"query-input":{"@type":"PropertyValueSpecification","valueRequired":true,"valueName":"search_term_string"}}],"inLanguage":"es"},{"@type":"Organization","@id":"https:\/\/isve.com\/es\/#organization","name":"ISVE S.p.A.","url":"https:\/\/isve.com\/es\/","logo":{"@type":"ImageObject","inLanguage":"es","@id":"https:\/\/isve.com\/es\/#\/schema\/logo\/image\/","url":"https:\/\/isve.com\/wp-content\/uploads\/2026\/01\/logo-isve-spa.png","contentUrl":"https:\/\/isve.com\/wp-content\/uploads\/2026\/01\/logo-isve-spa.png","width":600,"height":173,"caption":"ISVE S.p.A."},"image":{"@id":"https:\/\/isve.com\/es\/#\/schema\/logo\/image\/"},"sameAs":["https:\/\/www.linkedin.com\/company\/69445471","https:\/\/www.youtube.com\/@isves.p.a.8894"]}]}},"_links":{"self":[{"href":"https:\/\/isve.com\/es\/wp-json\/wp\/v2\/pages\/3934","targetHints":{"allow":["GET"]}}],"collection":[{"href":"https:\/\/isve.com\/es\/wp-json\/wp\/v2\/pages"}],"about":[{"href":"https:\/\/isve.com\/es\/wp-json\/wp\/v2\/types\/page"}],"author":[{"embeddable":true,"href":"https:\/\/isve.com\/es\/wp-json\/wp\/v2\/users\/1"}],"replies":[{"embeddable":true,"href":"https:\/\/isve.com\/es\/wp-json\/wp\/v2\/comments?post=3934"}],"version-history":[{"count":0,"href":"https:\/\/isve.com\/es\/wp-json\/wp\/v2\/pages\/3934\/revisions"}],"up":[{"embeddable":true,"href":"https:\/\/isve.com\/es\/wp-json\/wp\/v2\/pages\/13663"}],"wp:featuredmedia":[{"embeddable":true,"href":"https:\/\/isve.com\/es\/wp-json\/wp\/v2\/media\/1581"}],"wp:attachment":[{"href":"https:\/\/isve.com\/es\/wp-json\/wp\/v2\/media?parent=3934"}],"wp:term":[{"taxonomy":"post_tag","embeddable":true,"href":"https:\/\/isve.com\/es\/wp-json\/wp\/v2\/tags?post=3934"},{"taxonomy":"impaginazione","embeddable":true,"href":"https:\/\/isve.com\/es\/wp-json\/wp\/v2\/impaginazione?post=3934"},{"taxonomy":"divisione","embeddable":true,"href":"https:\/\/isve.com\/es\/wp-json\/wp\/v2\/divisione?post=3934"},{"taxonomy":"categorie_modelli","embeddable":true,"href":"https:\/\/isve.com\/es\/wp-json\/wp\/v2\/categorie_modelli?post=3934"}],"curies":[{"name":"wp","href":"https:\/\/api.w.org\/{rel}","templated":true}]}}