{"id":3920,"date":"2019-09-17T10:17:30","date_gmt":"2019-09-17T08:17:30","guid":{"rendered":"https:\/\/isve.com\/?page_id=3920"},"modified":"2025-04-08T16:56:39","modified_gmt":"2025-04-08T14:56:39","slug":"aplicaciones-especiales-de-las-trituradoras-isve-con-sistema-de-tamizado","status":"publish","type":"page","link":"https:\/\/isve.com\/es\/trituradores-industriales\/aplicaciones-especiales-de-las-trituradoras-isve-con-sistema-de-tamizado\/","title":{"rendered":"APLICACIONES ESPECIALES de las trituradoras ISVE con sistema de tamizado"},"content":{"rendered":"<p>La combinaci\u00f3n de una amplia gama de accesorios con la <strong>trituradora industrial<\/strong> le permite ampliar las posibilidades de aplicaci\u00f3n de estas m\u00e1quinas, haci\u00e9ndolas m\u00e1s vers\u00e1tiles y c\u00f3modas de usar.<br \/>\nCon esto en mente, I.S.V.E. ha creado un equipo que consiste en una unidad de corte colocada sobre una criba vibratoria.<br \/>\nLa combinaci\u00f3n de estas dos m\u00e1quinas le permite:<\/p>\n<ul>\n<li>realice una <strong>trituraci\u00f3n<\/strong> gruesa de <strong>envolturas<\/strong> de cualquier tipo que contengan materiales granulares, polvorientos o l\u00edquidos.<\/li>\n<li>para facilitar la recuperaci\u00f3n del producto principal por tamizado.<\/li>\n<\/ul>\n<h2><strong>Grupo de corte<\/strong><\/h2>\n<p><img decoding=\"async\" class=\"size-full wp-image-974 alignleft\" src=\"https:\/\/isve.com\/wp-content\/uploads\/trituratori_gruppo_di_taglio.jpg\" alt=\"frantumazione involucri\" width=\"200\" height=\"135\" \/><\/p>\n<p><img decoding=\"async\" class=\"wp-image-978 size-full alignright\" src=\"https:\/\/isve.com\/wp-content\/uploads\/trituratori_gruppo_di_taglio_2.jpg\" alt=\"frantumazione del materiale con vagliatura\" width=\"180\" height=\"135\" \/><\/p>\n<p>La acci\u00f3n de corte de la amoladora se lleva a cabo gracias a una serie de elementos de corte que se cruzan entre s\u00ed causando el <strong>aplastamiento del material<\/strong>.<br \/>\nLos elementos principales del sistema consisten en discos de bordes afilados, equipados con ganchos.<br \/>\nCada gancho tiene la funci\u00f3n de &#8220;enganchar&#8221; el producto y transportarlo hacia los cortadores montados en dos o m\u00e1s ejes de motor contrarrotativos, que proporcionan un corte limpio del material.<br \/>\nDurante esta fase, los envoltorios de los paquetes est\u00e1n m\u00e1s o menos abiertos, lo que permite que salga el producto empaquetado.<\/p>\n<p><img decoding=\"async\" class=\"wp-image-982 size-full alignleft\" src=\"https:\/\/isve.com\/wp-content\/uploads\/triturazione1.gif\" alt=\"recupero del prodotto primario\" width=\"171\" height=\"197\" \/><\/p>\n<p><img loading=\"lazy\" decoding=\"async\" class=\"wp-image-986 size-full alignright\" src=\"https:\/\/isve.com\/wp-content\/uploads\/triturazione2.gif\" alt=\"recupero del prodotto primario\" width=\"310\" height=\"197\" \/><\/p>\n<p>Durante la primera fase, el molinillo abre el paquete permitiendo que el producto escape. Los desechos triturados se separan posteriormente de acuerdo con el tama\u00f1o de part\u00edcula, lo que permite la recuperaci\u00f3n del producto primario.<\/p>\n<h2><\/h2>\n<p>&nbsp;<\/p>\n<h2><strong><br style=\"clear: both;\" \/>Grupo de cribado<\/strong><\/h2>\n<p>El conjunto homog\u00e9neo de envases y restos de productos se transportan en una red que inicialmente separa los residuos gruesos.<br \/>\nDespu\u00e9s de ser tamizado, el producto a recuperar cae en el recipiente inferior y se descarga a trav\u00e9s de una boquilla.<br \/>\nLa sinergia entre los dos dispositivos permite la recuperaci\u00f3n de productos agroalimentarios como caf\u00e9, cacao, harina, leche en polvo, zumos de frutas y otros materiales envasados.<br \/>\nCada trituradora industrial puede equiparse f\u00e1cilmente con cribas vibratorias con un di\u00e1metro de 400-600-900-1200-1500-1800 mm con varias redes de 1 a 4 seg\u00fan el tipo de procesamiento.<\/p>\n<p>I.S.V.E. Srl puede, a trav\u00e9s de su gama de molinos, encontrar la soluci\u00f3n m\u00e1s adecuada para usuarios peque\u00f1os y grandes, con producciones de 50 a 200 kg \/ hora de material recuperado.<\/p>\n<p>&nbsp;<\/p>\n","protected":false},"excerpt":{"rendered":"<p>La combinaci\u00f3n de una amplia gama de accesorios con la trituradora industrial le permite ampliar las posibilidades de aplicaci\u00f3n de estas m\u00e1quinas, haci\u00e9ndolas m\u00e1s vers\u00e1tiles y c\u00f3modas de usar. Con esto en mente, I.S.V.E. ha creado un equipo que consiste en una unidad de corte colocada sobre una criba vibratoria. La combinaci\u00f3n de estas dos&hellip;<\/p>\n","protected":false},"author":1,"featured_media":3004,"parent":13663,"menu_order":423,"comment_status":"closed","ping_status":"closed","template":"","meta":{"_acf_changed":false,"footnotes":""},"tags":[],"impaginazione":[],"divisione":[3689],"categorie_modelli":[],"class_list":["post-3920","page","type-page","status-publish","has-post-thumbnail","hentry","divisione-isve-recycling","description-off"],"acf":[],"yoast_head":"<!-- This site is optimized with the Yoast SEO plugin v27.4 - https:\/\/yoast.com\/product\/yoast-seo-wordpress\/ -->\n<title>APLICACIONES ESPECIALES de las trituradoras ISVE con sistema de tamizado - ISVE SpA - Trattamento legno - Riciclaggio - Macinatori Trituratori<\/title>\n<meta name=\"robots\" content=\"index, follow, max-snippet:-1, max-image-preview:large, max-video-preview:-1\" \/>\n<link rel=\"canonical\" href=\"https:\/\/isve.com\/es\/trituradores-industriales\/aplicaciones-especiales-de-las-trituradoras-isve-con-sistema-de-tamizado\/\" \/>\n<meta property=\"og:locale\" content=\"es_ES\" \/>\n<meta property=\"og:type\" content=\"article\" \/>\n<meta property=\"og:title\" content=\"APLICACIONES ESPECIALES de las trituradoras ISVE con sistema de tamizado - ISVE SpA - Trattamento legno - Riciclaggio - Macinatori Trituratori\" \/>\n<meta property=\"og:description\" content=\"La combinaci\u00f3n de una amplia gama de accesorios con la trituradora industrial le permite ampliar las posibilidades de aplicaci\u00f3n de estas m\u00e1quinas, haci\u00e9ndolas m\u00e1s vers\u00e1tiles y c\u00f3modas de usar. Con esto en mente, I.S.V.E. ha creado un equipo que consiste en una unidad de corte colocada sobre una criba vibratoria. La combinaci\u00f3n de estas dos&hellip;\" \/>\n<meta property=\"og:url\" content=\"https:\/\/isve.com\/es\/trituradores-industriales\/aplicaciones-especiales-de-las-trituradoras-isve-con-sistema-de-tamizado\/\" \/>\n<meta property=\"og:site_name\" content=\"ISVE SpA - Trattamento legno - Riciclaggio - Macinatori Trituratori\" \/>\n<meta property=\"article:modified_time\" content=\"2025-04-08T14:56:39+00:00\" \/>\n<meta property=\"og:image\" content=\"https:\/\/isve.com\/wp-content\/uploads\/trituratori_4_alberi_applicazioni_speciali.jpg\" \/>\n\t<meta property=\"og:image:width\" content=\"1600\" \/>\n\t<meta property=\"og:image:height\" content=\"666\" \/>\n\t<meta property=\"og:image:type\" content=\"image\/jpeg\" \/>\n<meta name=\"twitter:card\" content=\"summary_large_image\" \/>\n<meta name=\"twitter:label1\" content=\"Tiempo de lectura\" \/>\n\t<meta name=\"twitter:data1\" content=\"2 minutos\" \/>\n<script type=\"application\/ld+json\" class=\"yoast-schema-graph\">{\"@context\":\"https:\\\/\\\/schema.org\",\"@graph\":[{\"@type\":\"WebPage\",\"@id\":\"https:\\\/\\\/isve.com\\\/es\\\/trituradores-industriales\\\/aplicaciones-especiales-de-las-trituradoras-isve-con-sistema-de-tamizado\\\/\",\"url\":\"https:\\\/\\\/isve.com\\\/es\\\/trituradores-industriales\\\/aplicaciones-especiales-de-las-trituradoras-isve-con-sistema-de-tamizado\\\/\",\"name\":\"APLICACIONES ESPECIALES de las trituradoras ISVE con sistema de tamizado - ISVE SpA - Trattamento legno - Riciclaggio - Macinatori Trituratori\",\"isPartOf\":{\"@id\":\"https:\\\/\\\/isve.com\\\/es\\\/#website\"},\"primaryImageOfPage\":{\"@id\":\"https:\\\/\\\/isve.com\\\/es\\\/trituradores-industriales\\\/aplicaciones-especiales-de-las-trituradoras-isve-con-sistema-de-tamizado\\\/#primaryimage\"},\"image\":{\"@id\":\"https:\\\/\\\/isve.com\\\/es\\\/trituradores-industriales\\\/aplicaciones-especiales-de-las-trituradoras-isve-con-sistema-de-tamizado\\\/#primaryimage\"},\"thumbnailUrl\":\"https:\\\/\\\/isve.com\\\/wp-content\\\/uploads\\\/trituratori_4_alberi_applicazioni_speciali.jpg\",\"datePublished\":\"2019-09-17T08:17:30+00:00\",\"dateModified\":\"2025-04-08T14:56:39+00:00\",\"breadcrumb\":{\"@id\":\"https:\\\/\\\/isve.com\\\/es\\\/trituradores-industriales\\\/aplicaciones-especiales-de-las-trituradoras-isve-con-sistema-de-tamizado\\\/#breadcrumb\"},\"inLanguage\":\"es\",\"potentialAction\":[{\"@type\":\"ReadAction\",\"target\":[\"https:\\\/\\\/isve.com\\\/es\\\/trituradores-industriales\\\/aplicaciones-especiales-de-las-trituradoras-isve-con-sistema-de-tamizado\\\/\"]}]},{\"@type\":\"ImageObject\",\"inLanguage\":\"es\",\"@id\":\"https:\\\/\\\/isve.com\\\/es\\\/trituradores-industriales\\\/aplicaciones-especiales-de-las-trituradoras-isve-con-sistema-de-tamizado\\\/#primaryimage\",\"url\":\"https:\\\/\\\/isve.com\\\/wp-content\\\/uploads\\\/trituratori_4_alberi_applicazioni_speciali.jpg\",\"contentUrl\":\"https:\\\/\\\/isve.com\\\/wp-content\\\/uploads\\\/trituratori_4_alberi_applicazioni_speciali.jpg\",\"width\":1600,\"height\":666},{\"@type\":\"BreadcrumbList\",\"@id\":\"https:\\\/\\\/isve.com\\\/es\\\/trituradores-industriales\\\/aplicaciones-especiales-de-las-trituradoras-isve-con-sistema-de-tamizado\\\/#breadcrumb\",\"itemListElement\":[{\"@type\":\"ListItem\",\"position\":1,\"name\":\"Home\",\"item\":\"https:\\\/\\\/isve.com\\\/es\\\/\"},{\"@type\":\"ListItem\",\"position\":2,\"name\":\"Productos Recycling\",\"item\":\"https:\\\/\\\/isve.com\\\/es\\\/trituradores-industriales\\\/\"},{\"@type\":\"ListItem\",\"position\":3,\"name\":\"APLICACIONES ESPECIALES de las trituradoras ISVE con sistema de tamizado\"}]},{\"@type\":\"WebSite\",\"@id\":\"https:\\\/\\\/isve.com\\\/es\\\/#website\",\"url\":\"https:\\\/\\\/isve.com\\\/es\\\/\",\"name\":\"ISVE S.p.A.\",\"description\":\"Sistemi per trattamento del legno e triturazione macinazione granulazione\",\"publisher\":{\"@id\":\"https:\\\/\\\/isve.com\\\/es\\\/#organization\"},\"potentialAction\":[{\"@type\":\"SearchAction\",\"target\":{\"@type\":\"EntryPoint\",\"urlTemplate\":\"https:\\\/\\\/isve.com\\\/es\\\/?s={search_term_string}\"},\"query-input\":{\"@type\":\"PropertyValueSpecification\",\"valueRequired\":true,\"valueName\":\"search_term_string\"}}],\"inLanguage\":\"es\"},{\"@type\":\"Organization\",\"@id\":\"https:\\\/\\\/isve.com\\\/es\\\/#organization\",\"name\":\"ISVE S.p.A.\",\"url\":\"https:\\\/\\\/isve.com\\\/es\\\/\",\"logo\":{\"@type\":\"ImageObject\",\"inLanguage\":\"es\",\"@id\":\"https:\\\/\\\/isve.com\\\/es\\\/#\\\/schema\\\/logo\\\/image\\\/\",\"url\":\"https:\\\/\\\/isve.com\\\/wp-content\\\/uploads\\\/2026\\\/01\\\/logo-isve-spa.png\",\"contentUrl\":\"https:\\\/\\\/isve.com\\\/wp-content\\\/uploads\\\/2026\\\/01\\\/logo-isve-spa.png\",\"width\":600,\"height\":173,\"caption\":\"ISVE S.p.A.\"},\"image\":{\"@id\":\"https:\\\/\\\/isve.com\\\/es\\\/#\\\/schema\\\/logo\\\/image\\\/\"},\"sameAs\":[\"https:\\\/\\\/www.linkedin.com\\\/company\\\/69445471\",\"https:\\\/\\\/www.youtube.com\\\/@isves.p.a.8894\"]}]}<\/script>\n<!-- \/ Yoast SEO plugin. -->","yoast_head_json":{"title":"APLICACIONES ESPECIALES de las trituradoras ISVE con sistema de tamizado - ISVE SpA - Trattamento legno - Riciclaggio - Macinatori Trituratori","robots":{"index":"index","follow":"follow","max-snippet":"max-snippet:-1","max-image-preview":"max-image-preview:large","max-video-preview":"max-video-preview:-1"},"canonical":"https:\/\/isve.com\/es\/trituradores-industriales\/aplicaciones-especiales-de-las-trituradoras-isve-con-sistema-de-tamizado\/","og_locale":"es_ES","og_type":"article","og_title":"APLICACIONES ESPECIALES de las trituradoras ISVE con sistema de tamizado - ISVE SpA - Trattamento legno - Riciclaggio - Macinatori Trituratori","og_description":"La combinaci\u00f3n de una amplia gama de accesorios con la trituradora industrial le permite ampliar las posibilidades de aplicaci\u00f3n de estas m\u00e1quinas, haci\u00e9ndolas m\u00e1s vers\u00e1tiles y c\u00f3modas de usar. Con esto en mente, I.S.V.E. ha creado un equipo que consiste en una unidad de corte colocada sobre una criba vibratoria. La combinaci\u00f3n de estas dos&hellip;","og_url":"https:\/\/isve.com\/es\/trituradores-industriales\/aplicaciones-especiales-de-las-trituradoras-isve-con-sistema-de-tamizado\/","og_site_name":"ISVE SpA - Trattamento legno - Riciclaggio - Macinatori Trituratori","article_modified_time":"2025-04-08T14:56:39+00:00","og_image":[{"width":1600,"height":666,"url":"https:\/\/isve.com\/wp-content\/uploads\/trituratori_4_alberi_applicazioni_speciali.jpg","type":"image\/jpeg"}],"twitter_card":"summary_large_image","twitter_misc":{"Tiempo de lectura":"2 minutos"},"schema":{"@context":"https:\/\/schema.org","@graph":[{"@type":"WebPage","@id":"https:\/\/isve.com\/es\/trituradores-industriales\/aplicaciones-especiales-de-las-trituradoras-isve-con-sistema-de-tamizado\/","url":"https:\/\/isve.com\/es\/trituradores-industriales\/aplicaciones-especiales-de-las-trituradoras-isve-con-sistema-de-tamizado\/","name":"APLICACIONES ESPECIALES de las trituradoras ISVE con sistema de tamizado - ISVE SpA - Trattamento legno - Riciclaggio - Macinatori Trituratori","isPartOf":{"@id":"https:\/\/isve.com\/es\/#website"},"primaryImageOfPage":{"@id":"https:\/\/isve.com\/es\/trituradores-industriales\/aplicaciones-especiales-de-las-trituradoras-isve-con-sistema-de-tamizado\/#primaryimage"},"image":{"@id":"https:\/\/isve.com\/es\/trituradores-industriales\/aplicaciones-especiales-de-las-trituradoras-isve-con-sistema-de-tamizado\/#primaryimage"},"thumbnailUrl":"https:\/\/isve.com\/wp-content\/uploads\/trituratori_4_alberi_applicazioni_speciali.jpg","datePublished":"2019-09-17T08:17:30+00:00","dateModified":"2025-04-08T14:56:39+00:00","breadcrumb":{"@id":"https:\/\/isve.com\/es\/trituradores-industriales\/aplicaciones-especiales-de-las-trituradoras-isve-con-sistema-de-tamizado\/#breadcrumb"},"inLanguage":"es","potentialAction":[{"@type":"ReadAction","target":["https:\/\/isve.com\/es\/trituradores-industriales\/aplicaciones-especiales-de-las-trituradoras-isve-con-sistema-de-tamizado\/"]}]},{"@type":"ImageObject","inLanguage":"es","@id":"https:\/\/isve.com\/es\/trituradores-industriales\/aplicaciones-especiales-de-las-trituradoras-isve-con-sistema-de-tamizado\/#primaryimage","url":"https:\/\/isve.com\/wp-content\/uploads\/trituratori_4_alberi_applicazioni_speciali.jpg","contentUrl":"https:\/\/isve.com\/wp-content\/uploads\/trituratori_4_alberi_applicazioni_speciali.jpg","width":1600,"height":666},{"@type":"BreadcrumbList","@id":"https:\/\/isve.com\/es\/trituradores-industriales\/aplicaciones-especiales-de-las-trituradoras-isve-con-sistema-de-tamizado\/#breadcrumb","itemListElement":[{"@type":"ListItem","position":1,"name":"Home","item":"https:\/\/isve.com\/es\/"},{"@type":"ListItem","position":2,"name":"Productos Recycling","item":"https:\/\/isve.com\/es\/trituradores-industriales\/"},{"@type":"ListItem","position":3,"name":"APLICACIONES ESPECIALES de las trituradoras ISVE con sistema de tamizado"}]},{"@type":"WebSite","@id":"https:\/\/isve.com\/es\/#website","url":"https:\/\/isve.com\/es\/","name":"ISVE S.p.A.","description":"Sistemi per trattamento del legno e triturazione macinazione granulazione","publisher":{"@id":"https:\/\/isve.com\/es\/#organization"},"potentialAction":[{"@type":"SearchAction","target":{"@type":"EntryPoint","urlTemplate":"https:\/\/isve.com\/es\/?s={search_term_string}"},"query-input":{"@type":"PropertyValueSpecification","valueRequired":true,"valueName":"search_term_string"}}],"inLanguage":"es"},{"@type":"Organization","@id":"https:\/\/isve.com\/es\/#organization","name":"ISVE S.p.A.","url":"https:\/\/isve.com\/es\/","logo":{"@type":"ImageObject","inLanguage":"es","@id":"https:\/\/isve.com\/es\/#\/schema\/logo\/image\/","url":"https:\/\/isve.com\/wp-content\/uploads\/2026\/01\/logo-isve-spa.png","contentUrl":"https:\/\/isve.com\/wp-content\/uploads\/2026\/01\/logo-isve-spa.png","width":600,"height":173,"caption":"ISVE S.p.A."},"image":{"@id":"https:\/\/isve.com\/es\/#\/schema\/logo\/image\/"},"sameAs":["https:\/\/www.linkedin.com\/company\/69445471","https:\/\/www.youtube.com\/@isves.p.a.8894"]}]}},"_links":{"self":[{"href":"https:\/\/isve.com\/es\/wp-json\/wp\/v2\/pages\/3920","targetHints":{"allow":["GET"]}}],"collection":[{"href":"https:\/\/isve.com\/es\/wp-json\/wp\/v2\/pages"}],"about":[{"href":"https:\/\/isve.com\/es\/wp-json\/wp\/v2\/types\/page"}],"author":[{"embeddable":true,"href":"https:\/\/isve.com\/es\/wp-json\/wp\/v2\/users\/1"}],"replies":[{"embeddable":true,"href":"https:\/\/isve.com\/es\/wp-json\/wp\/v2\/comments?post=3920"}],"version-history":[{"count":0,"href":"https:\/\/isve.com\/es\/wp-json\/wp\/v2\/pages\/3920\/revisions"}],"up":[{"embeddable":true,"href":"https:\/\/isve.com\/es\/wp-json\/wp\/v2\/pages\/13663"}],"wp:featuredmedia":[{"embeddable":true,"href":"https:\/\/isve.com\/es\/wp-json\/wp\/v2\/media\/3004"}],"wp:attachment":[{"href":"https:\/\/isve.com\/es\/wp-json\/wp\/v2\/media?parent=3920"}],"wp:term":[{"taxonomy":"post_tag","embeddable":true,"href":"https:\/\/isve.com\/es\/wp-json\/wp\/v2\/tags?post=3920"},{"taxonomy":"impaginazione","embeddable":true,"href":"https:\/\/isve.com\/es\/wp-json\/wp\/v2\/impaginazione?post=3920"},{"taxonomy":"divisione","embeddable":true,"href":"https:\/\/isve.com\/es\/wp-json\/wp\/v2\/divisione?post=3920"},{"taxonomy":"categorie_modelli","embeddable":true,"href":"https:\/\/isve.com\/es\/wp-json\/wp\/v2\/categorie_modelli?post=3920"}],"curies":[{"name":"wp","href":"https:\/\/api.w.org\/{rel}","templated":true}]}}