{"id":3914,"date":"2019-09-17T09:59:40","date_gmt":"2019-09-17T07:59:40","guid":{"rendered":"https:\/\/isve.com\/?page_id=3914"},"modified":"2025-05-03T11:56:11","modified_gmt":"2025-05-03T09:56:11","slug":"trituradoras-de-plastico","status":"publish","type":"page","link":"https:\/\/isve.com\/es\/trituradores-industriales\/trituradoras-de-plastico\/","title":{"rendered":"Trituradoras de plastico"},"content":{"rendered":"<p class=\"body\">La trituradora ISVE permite con bajo gasto de inversi\u00f3n y de ejercicio eliminar el problema de la recuperaci\u00f3n de residuos de gran volumen.<br \/>\nLA EXCLUSIVA TECNOLOGIA A CUATRO EJES, EVITA CUALQUIER &#8220;FLOTACION&#8221; DEL MATERIAL SOBRE EL GRUPO FRESAS.<\/p>\n<p>&nbsp;<\/p>\n<h2 class=\"body\"><span class=\"title\"><b>FASI DE TRITURACION<\/b><\/span><\/h2>\n<p>&nbsp;<\/p>\n<p><span class=\"title\"><strong>FASE 1 <\/strong> <\/span><\/p>\n<p><img decoding=\"async\" class=\"size-full wp-image-951 alignright\" src=\"https:\/\/isve.com\/wp-content\/uploads\/recupero_scarti_plastica_1.jpg\" alt=\"\" width=\"180\" height=\"110\" \/>El cuerpo a destruir est\u00e1 apoyado sobre el grupo fresas. Para la trituraci\u00f3n no es necesario aplicar ning\u00fan &#8220;empujador&#8221;.<\/p>\n<hr style=\"clear: both;\" \/>\n<p><span class=\"title\"><strong><img decoding=\"async\" class=\"size-full wp-image-955 alignright\" src=\"https:\/\/isve.com\/wp-content\/uploads\/recupero_scarti_plastica_2.jpg\" alt=\"\" width=\"180\" height=\"124\" \/>FASE 2 <\/strong><\/span><\/p>\n<p>Inmediatamente al arranque de la m\u00e1quina los discos de introducci\u00f3n facilitan la trituraci\u00f3n del bid\u00f3n, cajas, cart\u00f3n, etc, forzando para introducir en el grupo de corte.<\/p>\n<hr style=\"clear: both;\" \/>\n<p><span class=\"title\"><strong><img decoding=\"async\" class=\"size-full wp-image-959 alignright\" src=\"https:\/\/isve.com\/wp-content\/uploads\/recupero_scarti_plastica_3.jpg\" alt=\"\" width=\"180\" height=\"121\" \/>FASE 3 <\/strong><\/span><\/p>\n<p>La especial constucci\u00f3n de los dientes, facilita una acci\u00f3n continua de anganche del material.<\/p>\n<hr style=\"clear: both;\" \/>\n<p><span class=\"title\"><strong><img loading=\"lazy\" decoding=\"async\" class=\"size-full wp-image-963 alignright\" src=\"https:\/\/isve.com\/wp-content\/uploads\/recupero_scarti_plastica_4.jpg\" alt=\"\" width=\"180\" height=\"119\" \/>FASE 4<\/strong> <\/span><\/p>\n<p>Las piezas trituradas que no han alcanzado las medidas deseadas son reportadas en circulo para un posterior proceso de trituraci\u00f3n.<br \/>\nEl triturador permite obtener material triturado hasta 12-14 mm.<\/p>\n<p>&nbsp;<\/p>\n","protected":false},"excerpt":{"rendered":"<p>La trituradora ISVE permite con bajo gasto de inversi\u00f3n y de ejercicio eliminar el problema de la recuperaci\u00f3n de residuos de gran volumen. LA EXCLUSIVA TECNOLOGIA A CUATRO EJES, EVITA CUALQUIER &#8220;FLOTACION&#8221; DEL MATERIAL SOBRE EL GRUPO FRESAS. &nbsp; FASI DE TRITURACION &nbsp; FASE 1 El cuerpo a destruir est\u00e1 apoyado sobre el grupo fresas.&hellip;<\/p>\n","protected":false},"author":1,"featured_media":3008,"parent":13663,"menu_order":404,"comment_status":"closed","ping_status":"closed","template":"","meta":{"_acf_changed":false,"footnotes":""},"tags":[],"impaginazione":[],"divisione":[3689],"categorie_modelli":[],"class_list":["post-3914","page","type-page","status-publish","has-post-thumbnail","hentry","divisione-isve-recycling","description-off"],"acf":[],"yoast_head":"<!-- This site is optimized with the Yoast SEO plugin v27.4 - https:\/\/yoast.com\/product\/yoast-seo-wordpress\/ -->\n<title>Trituradoras de plastico - ISVE SpA - Trattamento legno - Riciclaggio - Macinatori Trituratori<\/title>\n<meta name=\"robots\" content=\"index, follow, max-snippet:-1, max-image-preview:large, max-video-preview:-1\" \/>\n<link rel=\"canonical\" href=\"https:\/\/isve.com\/es\/trituradores-industriales\/trituradoras-de-plastico\/\" \/>\n<meta property=\"og:locale\" content=\"es_ES\" \/>\n<meta property=\"og:type\" content=\"article\" \/>\n<meta property=\"og:title\" content=\"Trituradoras de plastico - ISVE SpA - Trattamento legno - Riciclaggio - Macinatori Trituratori\" \/>\n<meta property=\"og:description\" content=\"La trituradora ISVE permite con bajo gasto de inversi\u00f3n y de ejercicio eliminar el problema de la recuperaci\u00f3n de residuos de gran volumen. LA EXCLUSIVA TECNOLOGIA A CUATRO EJES, EVITA CUALQUIER &#8220;FLOTACION&#8221; DEL MATERIAL SOBRE EL GRUPO FRESAS. &nbsp; FASI DE TRITURACION &nbsp; FASE 1 El cuerpo a destruir est\u00e1 apoyado sobre el grupo fresas.&hellip;\" \/>\n<meta property=\"og:url\" content=\"https:\/\/isve.com\/es\/trituradores-industriales\/trituradoras-de-plastico\/\" \/>\n<meta property=\"og:site_name\" content=\"ISVE SpA - Trattamento legno - Riciclaggio - Macinatori Trituratori\" \/>\n<meta property=\"article:modified_time\" content=\"2025-05-03T09:56:11+00:00\" \/>\n<meta property=\"og:image\" content=\"https:\/\/isve.com\/wp-content\/uploads\/trituratori_4_alberi_materie_plastiche.jpg\" \/>\n\t<meta property=\"og:image:width\" content=\"1600\" \/>\n\t<meta property=\"og:image:height\" content=\"847\" \/>\n\t<meta property=\"og:image:type\" content=\"image\/jpeg\" \/>\n<meta name=\"twitter:card\" content=\"summary_large_image\" \/>\n<meta name=\"twitter:label1\" content=\"Tiempo de lectura\" \/>\n\t<meta name=\"twitter:data1\" content=\"1 minuto\" \/>\n<script type=\"application\/ld+json\" class=\"yoast-schema-graph\">{\"@context\":\"https:\\\/\\\/schema.org\",\"@graph\":[{\"@type\":\"WebPage\",\"@id\":\"https:\\\/\\\/isve.com\\\/es\\\/trituradores-industriales\\\/trituradoras-de-plastico\\\/\",\"url\":\"https:\\\/\\\/isve.com\\\/es\\\/trituradores-industriales\\\/trituradoras-de-plastico\\\/\",\"name\":\"Trituradoras de plastico - ISVE SpA - Trattamento legno - Riciclaggio - Macinatori Trituratori\",\"isPartOf\":{\"@id\":\"https:\\\/\\\/isve.com\\\/es\\\/#website\"},\"primaryImageOfPage\":{\"@id\":\"https:\\\/\\\/isve.com\\\/es\\\/trituradores-industriales\\\/trituradoras-de-plastico\\\/#primaryimage\"},\"image\":{\"@id\":\"https:\\\/\\\/isve.com\\\/es\\\/trituradores-industriales\\\/trituradoras-de-plastico\\\/#primaryimage\"},\"thumbnailUrl\":\"https:\\\/\\\/isve.com\\\/wp-content\\\/uploads\\\/trituratori_4_alberi_materie_plastiche.jpg\",\"datePublished\":\"2019-09-17T07:59:40+00:00\",\"dateModified\":\"2025-05-03T09:56:11+00:00\",\"breadcrumb\":{\"@id\":\"https:\\\/\\\/isve.com\\\/es\\\/trituradores-industriales\\\/trituradoras-de-plastico\\\/#breadcrumb\"},\"inLanguage\":\"es\",\"potentialAction\":[{\"@type\":\"ReadAction\",\"target\":[\"https:\\\/\\\/isve.com\\\/es\\\/trituradores-industriales\\\/trituradoras-de-plastico\\\/\"]}]},{\"@type\":\"ImageObject\",\"inLanguage\":\"es\",\"@id\":\"https:\\\/\\\/isve.com\\\/es\\\/trituradores-industriales\\\/trituradoras-de-plastico\\\/#primaryimage\",\"url\":\"https:\\\/\\\/isve.com\\\/wp-content\\\/uploads\\\/trituratori_4_alberi_materie_plastiche.jpg\",\"contentUrl\":\"https:\\\/\\\/isve.com\\\/wp-content\\\/uploads\\\/trituratori_4_alberi_materie_plastiche.jpg\",\"width\":1600,\"height\":847},{\"@type\":\"BreadcrumbList\",\"@id\":\"https:\\\/\\\/isve.com\\\/es\\\/trituradores-industriales\\\/trituradoras-de-plastico\\\/#breadcrumb\",\"itemListElement\":[{\"@type\":\"ListItem\",\"position\":1,\"name\":\"Home\",\"item\":\"https:\\\/\\\/isve.com\\\/es\\\/\"},{\"@type\":\"ListItem\",\"position\":2,\"name\":\"Productos Recycling\",\"item\":\"https:\\\/\\\/isve.com\\\/es\\\/trituradores-industriales\\\/\"},{\"@type\":\"ListItem\",\"position\":3,\"name\":\"Trituradoras de plastico\"}]},{\"@type\":\"WebSite\",\"@id\":\"https:\\\/\\\/isve.com\\\/es\\\/#website\",\"url\":\"https:\\\/\\\/isve.com\\\/es\\\/\",\"name\":\"ISVE S.p.A.\",\"description\":\"Sistemi per trattamento del legno e triturazione macinazione granulazione\",\"publisher\":{\"@id\":\"https:\\\/\\\/isve.com\\\/es\\\/#organization\"},\"potentialAction\":[{\"@type\":\"SearchAction\",\"target\":{\"@type\":\"EntryPoint\",\"urlTemplate\":\"https:\\\/\\\/isve.com\\\/es\\\/?s={search_term_string}\"},\"query-input\":{\"@type\":\"PropertyValueSpecification\",\"valueRequired\":true,\"valueName\":\"search_term_string\"}}],\"inLanguage\":\"es\"},{\"@type\":\"Organization\",\"@id\":\"https:\\\/\\\/isve.com\\\/es\\\/#organization\",\"name\":\"ISVE S.p.A.\",\"url\":\"https:\\\/\\\/isve.com\\\/es\\\/\",\"logo\":{\"@type\":\"ImageObject\",\"inLanguage\":\"es\",\"@id\":\"https:\\\/\\\/isve.com\\\/es\\\/#\\\/schema\\\/logo\\\/image\\\/\",\"url\":\"https:\\\/\\\/isve.com\\\/wp-content\\\/uploads\\\/2026\\\/01\\\/logo-isve-spa.png\",\"contentUrl\":\"https:\\\/\\\/isve.com\\\/wp-content\\\/uploads\\\/2026\\\/01\\\/logo-isve-spa.png\",\"width\":600,\"height\":173,\"caption\":\"ISVE S.p.A.\"},\"image\":{\"@id\":\"https:\\\/\\\/isve.com\\\/es\\\/#\\\/schema\\\/logo\\\/image\\\/\"},\"sameAs\":[\"https:\\\/\\\/www.linkedin.com\\\/company\\\/69445471\",\"https:\\\/\\\/www.youtube.com\\\/@isves.p.a.8894\"]}]}<\/script>\n<!-- \/ Yoast SEO plugin. -->","yoast_head_json":{"title":"Trituradoras de plastico - ISVE SpA - Trattamento legno - Riciclaggio - Macinatori Trituratori","robots":{"index":"index","follow":"follow","max-snippet":"max-snippet:-1","max-image-preview":"max-image-preview:large","max-video-preview":"max-video-preview:-1"},"canonical":"https:\/\/isve.com\/es\/trituradores-industriales\/trituradoras-de-plastico\/","og_locale":"es_ES","og_type":"article","og_title":"Trituradoras de plastico - ISVE SpA - Trattamento legno - Riciclaggio - Macinatori Trituratori","og_description":"La trituradora ISVE permite con bajo gasto de inversi\u00f3n y de ejercicio eliminar el problema de la recuperaci\u00f3n de residuos de gran volumen. LA EXCLUSIVA TECNOLOGIA A CUATRO EJES, EVITA CUALQUIER &#8220;FLOTACION&#8221; DEL MATERIAL SOBRE EL GRUPO FRESAS. &nbsp; FASI DE TRITURACION &nbsp; FASE 1 El cuerpo a destruir est\u00e1 apoyado sobre el grupo fresas.&hellip;","og_url":"https:\/\/isve.com\/es\/trituradores-industriales\/trituradoras-de-plastico\/","og_site_name":"ISVE SpA - Trattamento legno - Riciclaggio - Macinatori Trituratori","article_modified_time":"2025-05-03T09:56:11+00:00","og_image":[{"width":1600,"height":847,"url":"https:\/\/isve.com\/wp-content\/uploads\/trituratori_4_alberi_materie_plastiche.jpg","type":"image\/jpeg"}],"twitter_card":"summary_large_image","twitter_misc":{"Tiempo de lectura":"1 minuto"},"schema":{"@context":"https:\/\/schema.org","@graph":[{"@type":"WebPage","@id":"https:\/\/isve.com\/es\/trituradores-industriales\/trituradoras-de-plastico\/","url":"https:\/\/isve.com\/es\/trituradores-industriales\/trituradoras-de-plastico\/","name":"Trituradoras de plastico - ISVE SpA - Trattamento legno - Riciclaggio - Macinatori Trituratori","isPartOf":{"@id":"https:\/\/isve.com\/es\/#website"},"primaryImageOfPage":{"@id":"https:\/\/isve.com\/es\/trituradores-industriales\/trituradoras-de-plastico\/#primaryimage"},"image":{"@id":"https:\/\/isve.com\/es\/trituradores-industriales\/trituradoras-de-plastico\/#primaryimage"},"thumbnailUrl":"https:\/\/isve.com\/wp-content\/uploads\/trituratori_4_alberi_materie_plastiche.jpg","datePublished":"2019-09-17T07:59:40+00:00","dateModified":"2025-05-03T09:56:11+00:00","breadcrumb":{"@id":"https:\/\/isve.com\/es\/trituradores-industriales\/trituradoras-de-plastico\/#breadcrumb"},"inLanguage":"es","potentialAction":[{"@type":"ReadAction","target":["https:\/\/isve.com\/es\/trituradores-industriales\/trituradoras-de-plastico\/"]}]},{"@type":"ImageObject","inLanguage":"es","@id":"https:\/\/isve.com\/es\/trituradores-industriales\/trituradoras-de-plastico\/#primaryimage","url":"https:\/\/isve.com\/wp-content\/uploads\/trituratori_4_alberi_materie_plastiche.jpg","contentUrl":"https:\/\/isve.com\/wp-content\/uploads\/trituratori_4_alberi_materie_plastiche.jpg","width":1600,"height":847},{"@type":"BreadcrumbList","@id":"https:\/\/isve.com\/es\/trituradores-industriales\/trituradoras-de-plastico\/#breadcrumb","itemListElement":[{"@type":"ListItem","position":1,"name":"Home","item":"https:\/\/isve.com\/es\/"},{"@type":"ListItem","position":2,"name":"Productos Recycling","item":"https:\/\/isve.com\/es\/trituradores-industriales\/"},{"@type":"ListItem","position":3,"name":"Trituradoras de plastico"}]},{"@type":"WebSite","@id":"https:\/\/isve.com\/es\/#website","url":"https:\/\/isve.com\/es\/","name":"ISVE S.p.A.","description":"Sistemi per trattamento del legno e triturazione macinazione granulazione","publisher":{"@id":"https:\/\/isve.com\/es\/#organization"},"potentialAction":[{"@type":"SearchAction","target":{"@type":"EntryPoint","urlTemplate":"https:\/\/isve.com\/es\/?s={search_term_string}"},"query-input":{"@type":"PropertyValueSpecification","valueRequired":true,"valueName":"search_term_string"}}],"inLanguage":"es"},{"@type":"Organization","@id":"https:\/\/isve.com\/es\/#organization","name":"ISVE S.p.A.","url":"https:\/\/isve.com\/es\/","logo":{"@type":"ImageObject","inLanguage":"es","@id":"https:\/\/isve.com\/es\/#\/schema\/logo\/image\/","url":"https:\/\/isve.com\/wp-content\/uploads\/2026\/01\/logo-isve-spa.png","contentUrl":"https:\/\/isve.com\/wp-content\/uploads\/2026\/01\/logo-isve-spa.png","width":600,"height":173,"caption":"ISVE S.p.A."},"image":{"@id":"https:\/\/isve.com\/es\/#\/schema\/logo\/image\/"},"sameAs":["https:\/\/www.linkedin.com\/company\/69445471","https:\/\/www.youtube.com\/@isves.p.a.8894"]}]}},"_links":{"self":[{"href":"https:\/\/isve.com\/es\/wp-json\/wp\/v2\/pages\/3914","targetHints":{"allow":["GET"]}}],"collection":[{"href":"https:\/\/isve.com\/es\/wp-json\/wp\/v2\/pages"}],"about":[{"href":"https:\/\/isve.com\/es\/wp-json\/wp\/v2\/types\/page"}],"author":[{"embeddable":true,"href":"https:\/\/isve.com\/es\/wp-json\/wp\/v2\/users\/1"}],"replies":[{"embeddable":true,"href":"https:\/\/isve.com\/es\/wp-json\/wp\/v2\/comments?post=3914"}],"version-history":[{"count":0,"href":"https:\/\/isve.com\/es\/wp-json\/wp\/v2\/pages\/3914\/revisions"}],"up":[{"embeddable":true,"href":"https:\/\/isve.com\/es\/wp-json\/wp\/v2\/pages\/13663"}],"wp:featuredmedia":[{"embeddable":true,"href":"https:\/\/isve.com\/es\/wp-json\/wp\/v2\/media\/3008"}],"wp:attachment":[{"href":"https:\/\/isve.com\/es\/wp-json\/wp\/v2\/media?parent=3914"}],"wp:term":[{"taxonomy":"post_tag","embeddable":true,"href":"https:\/\/isve.com\/es\/wp-json\/wp\/v2\/tags?post=3914"},{"taxonomy":"impaginazione","embeddable":true,"href":"https:\/\/isve.com\/es\/wp-json\/wp\/v2\/impaginazione?post=3914"},{"taxonomy":"divisione","embeddable":true,"href":"https:\/\/isve.com\/es\/wp-json\/wp\/v2\/divisione?post=3914"},{"taxonomy":"categorie_modelli","embeddable":true,"href":"https:\/\/isve.com\/es\/wp-json\/wp\/v2\/categorie_modelli?post=3914"}],"curies":[{"name":"wp","href":"https:\/\/api.w.org\/{rel}","templated":true}]}}