{"id":3908,"date":"2019-09-17T09:48:07","date_gmt":"2019-09-17T07:48:07","guid":{"rendered":"https:\/\/isve.com\/?page_id=3908"},"modified":"2025-05-03T11:55:48","modified_gmt":"2025-05-03T09:55:48","slug":"accesorios-para-trituradoras-industriales","status":"publish","type":"page","link":"https:\/\/isve.com\/es\/trituradores-industriales\/accesorios-para-trituradoras-industriales\/","title":{"rendered":"Accesorios para trituradoras industriales"},"content":{"rendered":"<p>Al fin de hacer la operaci\u00f3n de trituraci\u00f3n y tratamiento de residuos aun m\u00e1s ventajosa, hemos puesto a punto una gama completa de accesorios.<br \/>\nLos objetivos perseguidos son los siguientes:<\/p>\n<ul>\n<li><strong>&#8220;personalizar&#8221;<\/strong> las caracter\u00edsticas de el desgarrador en funci\u00f3n de las necesidades de la clientela;<\/li>\n<li>reducir lo m\u00e1s posible el aporte de mano de obra para las operaciones de carga y descarga de el desgarrador;<\/li>\n<li>facilitar todas las operaciones de reciclaje de los materiales residuos.<\/li>\n<\/ul>\n<table class=\"body\" border=\"\" width=\"95%\" cellspacing=\"1\" cellpadding=\"4\" align=\"center\">\n<tbody>\n<tr align=\"left\">\n<td valign=\"middle\" bgcolor=\"#F3F3F3\" width=\"\">Fresas en K2D para el tratamiento de materiales especialmente duros o que contengan clavos o peque\u00f1as partes met\u00e1licas.<br \/>\nParticularmente indicadas para residuos muy abrasivos.<\/td>\n<td align=\"center\" valign=\"middle\" width=\"\"><img decoding=\"async\" class=\"alignnone size-full wp-image-931\" src=\"https:\/\/isve.com\/wp-content\/uploads\/accessori_frese.jpg\" alt=\"\" width=\"107\" height=\"82\" \/><\/td>\n<\/tr>\n<tr align=\"left\">\n<td valign=\"middle\" bgcolor=\"#F3F3F3\" width=\"\">Discos de introducci\u00f3n para materiales ligeros con tendencia a &#8220;flotar&#8221; sobre el grupo fresas.<\/td>\n<td align=\"center\" valign=\"middle\" width=\"27%\"><img decoding=\"async\" class=\"alignnone size-full wp-image-935\" src=\"https:\/\/isve.com\/wp-content\/uploads\/accessori_introduttori.jpg\" alt=\"\" width=\"107\" height=\"87\" \/><\/td>\n<\/tr>\n<tr align=\"left\">\n<td valign=\"middle\" bgcolor=\"#F3F3F3\" width=\"\">Criba adicional intercambiable con orificios de di\u00e1metro 14-18-25-30-35 mm. que determina el tama\u00f1o del producto triturado.<\/td>\n<td align=\"center\" valign=\"middle\" width=\"\"><img decoding=\"async\" class=\"alignnone size-full wp-image-939\" src=\"https:\/\/isve.com\/wp-content\/uploads\/accessori_griglia.jpg\" alt=\"\" width=\"128\" height=\"78\" \/><\/td>\n<\/tr>\n<\/tbody>\n<\/table>\n<p>&nbsp;<\/p>\n","protected":false},"excerpt":{"rendered":"<p>Al fin de hacer la operaci\u00f3n de trituraci\u00f3n y tratamiento de residuos aun m\u00e1s ventajosa, hemos puesto a punto una gama completa de accesorios. Los objetivos perseguidos son los siguientes: &#8220;personalizar&#8221; las caracter\u00edsticas de el desgarrador en funci\u00f3n de las necesidades de la clientela; reducir lo m\u00e1s posible el aporte de mano de obra para&hellip;<\/p>\n","protected":false},"author":1,"featured_media":948,"parent":13663,"menu_order":402,"comment_status":"closed","ping_status":"closed","template":"","meta":{"_acf_changed":false,"footnotes":""},"tags":[],"impaginazione":[],"divisione":[3689],"categorie_modelli":[],"class_list":["post-3908","page","type-page","status-publish","has-post-thumbnail","hentry","divisione-isve-recycling","description-off"],"acf":[],"yoast_head":"<!-- This site is optimized with the Yoast SEO plugin v27.4 - https:\/\/yoast.com\/product\/yoast-seo-wordpress\/ -->\n<title>Accesorios para trituradoras industriales - ISVE SpA - Tratamiento madera - Reciclaje - Molinos Trituradoras<\/title>\n<meta name=\"robots\" content=\"index, follow, max-snippet:-1, max-image-preview:large, max-video-preview:-1\" \/>\n<link rel=\"canonical\" href=\"https:\/\/isve.com\/es\/trituradores-industriales\/accesorios-para-trituradoras-industriales\/\" \/>\n<meta property=\"og:locale\" content=\"es_ES\" \/>\n<meta property=\"og:type\" content=\"article\" \/>\n<meta property=\"og:title\" content=\"Accesorios para trituradoras industriales - ISVE SpA - Tratamiento madera - Reciclaje - Molinos Trituradoras\" \/>\n<meta property=\"og:description\" content=\"Al fin de hacer la operaci\u00f3n de trituraci\u00f3n y tratamiento de residuos aun m\u00e1s ventajosa, hemos puesto a punto una gama completa de accesorios. Los objetivos perseguidos son los siguientes: &#8220;personalizar&#8221; las caracter\u00edsticas de el desgarrador en funci\u00f3n de las necesidades de la clientela; reducir lo m\u00e1s posible el aporte de mano de obra para&hellip;\" \/>\n<meta property=\"og:url\" content=\"https:\/\/isve.com\/es\/trituradores-industriales\/accesorios-para-trituradoras-industriales\/\" \/>\n<meta property=\"og:site_name\" content=\"ISVE SpA - Tratamiento madera - Reciclaje - Molinos Trituradoras\" \/>\n<meta property=\"article:modified_time\" content=\"2025-05-03T09:55:48+00:00\" \/>\n<meta property=\"og:image\" content=\"https:\/\/isve.com\/wp-content\/uploads\/trituratori_accessori.jpg\" \/>\n\t<meta property=\"og:image:width\" content=\"800\" \/>\n\t<meta property=\"og:image:height\" content=\"600\" \/>\n\t<meta property=\"og:image:type\" content=\"image\/jpeg\" \/>\n<meta name=\"twitter:card\" content=\"summary_large_image\" \/>\n<meta name=\"twitter:label1\" content=\"Tiempo de lectura\" \/>\n\t<meta name=\"twitter:data1\" content=\"1 minuto\" \/>\n<script type=\"application\/ld+json\" class=\"yoast-schema-graph\">{\"@context\":\"https:\\\/\\\/schema.org\",\"@graph\":[{\"@type\":\"WebPage\",\"@id\":\"https:\\\/\\\/isve.com\\\/es\\\/trituradores-industriales\\\/accesorios-para-trituradoras-industriales\\\/\",\"url\":\"https:\\\/\\\/isve.com\\\/es\\\/trituradores-industriales\\\/accesorios-para-trituradoras-industriales\\\/\",\"name\":\"Accesorios para trituradoras industriales - ISVE SpA - Tratamiento madera - Reciclaje - Molinos Trituradoras\",\"isPartOf\":{\"@id\":\"https:\\\/\\\/isve.com\\\/es\\\/#website\"},\"primaryImageOfPage\":{\"@id\":\"https:\\\/\\\/isve.com\\\/es\\\/trituradores-industriales\\\/accesorios-para-trituradoras-industriales\\\/#primaryimage\"},\"image\":{\"@id\":\"https:\\\/\\\/isve.com\\\/es\\\/trituradores-industriales\\\/accesorios-para-trituradoras-industriales\\\/#primaryimage\"},\"thumbnailUrl\":\"https:\\\/\\\/isve.com\\\/wp-content\\\/uploads\\\/trituratori_accessori.jpg\",\"datePublished\":\"2019-09-17T07:48:07+00:00\",\"dateModified\":\"2025-05-03T09:55:48+00:00\",\"breadcrumb\":{\"@id\":\"https:\\\/\\\/isve.com\\\/es\\\/trituradores-industriales\\\/accesorios-para-trituradoras-industriales\\\/#breadcrumb\"},\"inLanguage\":\"es\",\"potentialAction\":[{\"@type\":\"ReadAction\",\"target\":[\"https:\\\/\\\/isve.com\\\/es\\\/trituradores-industriales\\\/accesorios-para-trituradoras-industriales\\\/\"]}]},{\"@type\":\"ImageObject\",\"inLanguage\":\"es\",\"@id\":\"https:\\\/\\\/isve.com\\\/es\\\/trituradores-industriales\\\/accesorios-para-trituradoras-industriales\\\/#primaryimage\",\"url\":\"https:\\\/\\\/isve.com\\\/wp-content\\\/uploads\\\/trituratori_accessori.jpg\",\"contentUrl\":\"https:\\\/\\\/isve.com\\\/wp-content\\\/uploads\\\/trituratori_accessori.jpg\",\"width\":800,\"height\":600},{\"@type\":\"BreadcrumbList\",\"@id\":\"https:\\\/\\\/isve.com\\\/es\\\/trituradores-industriales\\\/accesorios-para-trituradoras-industriales\\\/#breadcrumb\",\"itemListElement\":[{\"@type\":\"ListItem\",\"position\":1,\"name\":\"Home\",\"item\":\"https:\\\/\\\/isve.com\\\/es\\\/\"},{\"@type\":\"ListItem\",\"position\":2,\"name\":\"Productos Recycling\",\"item\":\"https:\\\/\\\/isve.com\\\/es\\\/trituradores-industriales\\\/\"},{\"@type\":\"ListItem\",\"position\":3,\"name\":\"Accesorios para trituradoras industriales\"}]},{\"@type\":\"WebSite\",\"@id\":\"https:\\\/\\\/isve.com\\\/es\\\/#website\",\"url\":\"https:\\\/\\\/isve.com\\\/es\\\/\",\"name\":\"ISVE S.p.A.\",\"description\":\"Sistemas para tratamiento de madera y para trituraci\u00f3n moler granulaci\u00f3n\",\"publisher\":{\"@id\":\"https:\\\/\\\/isve.com\\\/es\\\/#organization\"},\"potentialAction\":[{\"@type\":\"SearchAction\",\"target\":{\"@type\":\"EntryPoint\",\"urlTemplate\":\"https:\\\/\\\/isve.com\\\/es\\\/?s={search_term_string}\"},\"query-input\":{\"@type\":\"PropertyValueSpecification\",\"valueRequired\":true,\"valueName\":\"search_term_string\"}}],\"inLanguage\":\"es\"},{\"@type\":\"Organization\",\"@id\":\"https:\\\/\\\/isve.com\\\/es\\\/#organization\",\"name\":\"ISVE S.p.A.\",\"url\":\"https:\\\/\\\/isve.com\\\/es\\\/\",\"logo\":{\"@type\":\"ImageObject\",\"inLanguage\":\"es\",\"@id\":\"https:\\\/\\\/isve.com\\\/es\\\/#\\\/schema\\\/logo\\\/image\\\/\",\"url\":\"https:\\\/\\\/isve.com\\\/wp-content\\\/uploads\\\/2026\\\/01\\\/logo-isve-spa.png\",\"contentUrl\":\"https:\\\/\\\/isve.com\\\/wp-content\\\/uploads\\\/2026\\\/01\\\/logo-isve-spa.png\",\"width\":600,\"height\":173,\"caption\":\"ISVE S.p.A.\"},\"image\":{\"@id\":\"https:\\\/\\\/isve.com\\\/es\\\/#\\\/schema\\\/logo\\\/image\\\/\"},\"sameAs\":[\"https:\\\/\\\/www.linkedin.com\\\/company\\\/69445471\",\"https:\\\/\\\/www.youtube.com\\\/@isves.p.a.8894\"]}]}<\/script>\n<!-- \/ Yoast SEO plugin. -->","yoast_head_json":{"title":"Accesorios para trituradoras industriales - ISVE SpA - Tratamiento madera - Reciclaje - Molinos Trituradoras","robots":{"index":"index","follow":"follow","max-snippet":"max-snippet:-1","max-image-preview":"max-image-preview:large","max-video-preview":"max-video-preview:-1"},"canonical":"https:\/\/isve.com\/es\/trituradores-industriales\/accesorios-para-trituradoras-industriales\/","og_locale":"es_ES","og_type":"article","og_title":"Accesorios para trituradoras industriales - ISVE SpA - Tratamiento madera - Reciclaje - Molinos Trituradoras","og_description":"Al fin de hacer la operaci\u00f3n de trituraci\u00f3n y tratamiento de residuos aun m\u00e1s ventajosa, hemos puesto a punto una gama completa de accesorios. Los objetivos perseguidos son los siguientes: &#8220;personalizar&#8221; las caracter\u00edsticas de el desgarrador en funci\u00f3n de las necesidades de la clientela; reducir lo m\u00e1s posible el aporte de mano de obra para&hellip;","og_url":"https:\/\/isve.com\/es\/trituradores-industriales\/accesorios-para-trituradoras-industriales\/","og_site_name":"ISVE SpA - Tratamiento madera - Reciclaje - Molinos Trituradoras","article_modified_time":"2025-05-03T09:55:48+00:00","og_image":[{"width":800,"height":600,"url":"https:\/\/isve.com\/wp-content\/uploads\/trituratori_accessori.jpg","type":"image\/jpeg"}],"twitter_card":"summary_large_image","twitter_misc":{"Tiempo de lectura":"1 minuto"},"schema":{"@context":"https:\/\/schema.org","@graph":[{"@type":"WebPage","@id":"https:\/\/isve.com\/es\/trituradores-industriales\/accesorios-para-trituradoras-industriales\/","url":"https:\/\/isve.com\/es\/trituradores-industriales\/accesorios-para-trituradoras-industriales\/","name":"Accesorios para trituradoras industriales - ISVE SpA - Tratamiento madera - Reciclaje - Molinos Trituradoras","isPartOf":{"@id":"https:\/\/isve.com\/es\/#website"},"primaryImageOfPage":{"@id":"https:\/\/isve.com\/es\/trituradores-industriales\/accesorios-para-trituradoras-industriales\/#primaryimage"},"image":{"@id":"https:\/\/isve.com\/es\/trituradores-industriales\/accesorios-para-trituradoras-industriales\/#primaryimage"},"thumbnailUrl":"https:\/\/isve.com\/wp-content\/uploads\/trituratori_accessori.jpg","datePublished":"2019-09-17T07:48:07+00:00","dateModified":"2025-05-03T09:55:48+00:00","breadcrumb":{"@id":"https:\/\/isve.com\/es\/trituradores-industriales\/accesorios-para-trituradoras-industriales\/#breadcrumb"},"inLanguage":"es","potentialAction":[{"@type":"ReadAction","target":["https:\/\/isve.com\/es\/trituradores-industriales\/accesorios-para-trituradoras-industriales\/"]}]},{"@type":"ImageObject","inLanguage":"es","@id":"https:\/\/isve.com\/es\/trituradores-industriales\/accesorios-para-trituradoras-industriales\/#primaryimage","url":"https:\/\/isve.com\/wp-content\/uploads\/trituratori_accessori.jpg","contentUrl":"https:\/\/isve.com\/wp-content\/uploads\/trituratori_accessori.jpg","width":800,"height":600},{"@type":"BreadcrumbList","@id":"https:\/\/isve.com\/es\/trituradores-industriales\/accesorios-para-trituradoras-industriales\/#breadcrumb","itemListElement":[{"@type":"ListItem","position":1,"name":"Home","item":"https:\/\/isve.com\/es\/"},{"@type":"ListItem","position":2,"name":"Productos Recycling","item":"https:\/\/isve.com\/es\/trituradores-industriales\/"},{"@type":"ListItem","position":3,"name":"Accesorios para trituradoras industriales"}]},{"@type":"WebSite","@id":"https:\/\/isve.com\/es\/#website","url":"https:\/\/isve.com\/es\/","name":"ISVE S.p.A.","description":"Sistemas para tratamiento de madera y para trituraci\u00f3n moler granulaci\u00f3n","publisher":{"@id":"https:\/\/isve.com\/es\/#organization"},"potentialAction":[{"@type":"SearchAction","target":{"@type":"EntryPoint","urlTemplate":"https:\/\/isve.com\/es\/?s={search_term_string}"},"query-input":{"@type":"PropertyValueSpecification","valueRequired":true,"valueName":"search_term_string"}}],"inLanguage":"es"},{"@type":"Organization","@id":"https:\/\/isve.com\/es\/#organization","name":"ISVE S.p.A.","url":"https:\/\/isve.com\/es\/","logo":{"@type":"ImageObject","inLanguage":"es","@id":"https:\/\/isve.com\/es\/#\/schema\/logo\/image\/","url":"https:\/\/isve.com\/wp-content\/uploads\/2026\/01\/logo-isve-spa.png","contentUrl":"https:\/\/isve.com\/wp-content\/uploads\/2026\/01\/logo-isve-spa.png","width":600,"height":173,"caption":"ISVE S.p.A."},"image":{"@id":"https:\/\/isve.com\/es\/#\/schema\/logo\/image\/"},"sameAs":["https:\/\/www.linkedin.com\/company\/69445471","https:\/\/www.youtube.com\/@isves.p.a.8894"]}]}},"_links":{"self":[{"href":"https:\/\/isve.com\/es\/wp-json\/wp\/v2\/pages\/3908","targetHints":{"allow":["GET"]}}],"collection":[{"href":"https:\/\/isve.com\/es\/wp-json\/wp\/v2\/pages"}],"about":[{"href":"https:\/\/isve.com\/es\/wp-json\/wp\/v2\/types\/page"}],"author":[{"embeddable":true,"href":"https:\/\/isve.com\/es\/wp-json\/wp\/v2\/users\/1"}],"replies":[{"embeddable":true,"href":"https:\/\/isve.com\/es\/wp-json\/wp\/v2\/comments?post=3908"}],"version-history":[{"count":0,"href":"https:\/\/isve.com\/es\/wp-json\/wp\/v2\/pages\/3908\/revisions"}],"up":[{"embeddable":true,"href":"https:\/\/isve.com\/es\/wp-json\/wp\/v2\/pages\/13663"}],"wp:featuredmedia":[{"embeddable":true,"href":"https:\/\/isve.com\/es\/wp-json\/wp\/v2\/media\/948"}],"wp:attachment":[{"href":"https:\/\/isve.com\/es\/wp-json\/wp\/v2\/media?parent=3908"}],"wp:term":[{"taxonomy":"post_tag","embeddable":true,"href":"https:\/\/isve.com\/es\/wp-json\/wp\/v2\/tags?post=3908"},{"taxonomy":"impaginazione","embeddable":true,"href":"https:\/\/isve.com\/es\/wp-json\/wp\/v2\/impaginazione?post=3908"},{"taxonomy":"divisione","embeddable":true,"href":"https:\/\/isve.com\/es\/wp-json\/wp\/v2\/divisione?post=3908"},{"taxonomy":"categorie_modelli","embeddable":true,"href":"https:\/\/isve.com\/es\/wp-json\/wp\/v2\/categorie_modelli?post=3908"}],"curies":[{"name":"wp","href":"https:\/\/api.w.org\/{rel}","templated":true}]}}