{"id":3825,"date":"2019-09-17T09:15:57","date_gmt":"2019-09-17T07:15:57","guid":{"rendered":"https:\/\/isve.com\/?page_id=3825"},"modified":"2023-06-12T16:24:39","modified_gmt":"2023-06-12T14:24:39","slug":"trituradoras-de-4-arboles-modelo-100-90s","status":"publish","type":"page","link":"https:\/\/isve.com\/es\/trituradores-industriales\/trituradoras-de-4-arboles\/trituradoras-de-4-arboles-modelo-100-90s\/","title":{"rendered":"Trituradoras de 4 \u00e1rboles: Modelo 100-90S"},"content":{"rendered":"<h2 class=\"titoletto\">Caracter\u00edsticas principales:<\/h2>\n<ul>\n<li>c\u00e1mara de corte: 1000&#215;900 mm<\/li>\n<li>potencia instalada:44 KW (22 kW+22 kW) &#8211; 60 HP (30HP+30HP)<\/li>\n<li>transmisi\u00f3n: por engranajes<\/li>\n<li>N. de ejes de corte: 2<\/li>\n<li>N. de cortadores templados (25 mm de espesor): 40<\/li>\n<li>N. de ejes de entrada: 2<\/li>\n<li>N. discos de introducci\u00f3n: 40<\/li>\n<li>N. de rpm medianas: 18<\/li>\n<li>producci\u00f3n:1-1,4 T\/hora<\/li>\n<li>equipo de seguridad: parada de emergencia, contacto de cierre de la tolva<\/li>\n<\/ul>\n<h2 class=\"titoletto\">Accesorios a petici\u00f3n:<\/h2>\n<ul>\n<li>tolva intercambiable;<\/li>\n<li>criba intercambiable;<\/li>\n<li>base hecha a medida.<\/li>\n<\/ul>\n<h2 class=\"titoletto\"><strong>Notas de uso:<\/strong><\/h2>\n<p>Trituradora &#8220;medio-pesada&#8221; muy vers\u00e1til, adecuada para la trituraci\u00f3n de muchos materiales de desecho, incluso los voluminosos. Se puede insertar en l\u00ednea para un funcionamiento continuo. Recomendado para triturar incluso grandes trozos de madera, paletas, trapos, pl\u00e1stico, cuero, neum\u00e1ticos, papel, cart\u00f3n, embalajes, cintas de polietileno, pel\u00edculas pl\u00e1sticas, botellas de PET, envases de chapa, contenedores varios, tapicer\u00eda, faesita, parachoques, troncos, lonas enceradas, documentaci\u00f3n de papel, desechos de pl\u00e1stico, bebederos de inicio y final de extrusi\u00f3n, etc.<\/p>\n<h2 class=\"titoletto\"><strong>Caracter\u00edsticas de la trituradora:<\/strong><\/h2>\n<ul>\n<li>Soporte de chapa de acero electrosoldado de alto espesor;<\/li>\n<li>Soportes para rodamientos de rodillos de barril con sistema de sellado contra el polvo y los l\u00edquidos;<\/li>\n<li>Placas laterales intercambiables a prueba de desgaste, con cavidad de separaci\u00f3n de la c\u00e1mara de corte de las bridas de los cojinetes;<\/li>\n<li>Ejes de alto espesor con no. 40 cortadores de acero especial resistente al desgaste y no. 40 discos introductores para facilitar el agarre de cuerpos voluminosos;<\/li>\n<li>Espesor de la herramienta 25 mm;<\/li>\n<li>Disposici\u00f3n escalar de los dientes del cortador para un mejor agarre y progresi\u00f3n del corte;<\/li>\n<li>2 reductores planetarios con ejes de rotaci\u00f3n paralelos al eje de la cortadora;<\/li>\n<li>2 motores multi-voltaje y multi-frecuencia de 22 kW de potencia primaria dom\u00e9stica con clase de eficiencia PREMIUM (IE3);<\/li>\n<li>Sistema de transmisi\u00f3n en ba\u00f1o de aceite con engranajes y pi\u00f1ones de acero;<\/li>\n<li>C\u00e1mara de corte con dimensiones de mm. 1000X900;<\/li>\n<li>Pantalla intercambiable que determina el tama\u00f1o del material terrestre (opcional);<\/li>\n<li>Tolva en chapa electrosoldada para carga frontal o superior;<\/li>\n<li>Base equipada con nr. 3 redes de protecci\u00f3n con puerta frontal equipada con micro puerta de seguridad.<\/li>\n<\/ul>\n<h2 class=\"titoletto\">Caracter\u00edsticas del sistema de control:<\/h2>\n<ul>\n<li>Cuadro el\u00e9ctrico conforme a las normas de la CEE, equipado con un limitador de par que invierte el movimiento de los cortadores en caso de que la carga de trabajo de la m\u00e1quina supere el valor establecido;<\/li>\n<li>PLC SIEMENS S7-1200 para el control de todos los perif\u00e9ricos de la planta;<\/li>\n<li>Pantalla t\u00e1ctil en color de 6 pulgadas para el ajuste de todos los par\u00e1metros de la m\u00e1quina;<\/li>\n<li>Software predispuesto para el control de los sistemas de carga, el molino de la refiner\u00eda y el sistema de succi\u00f3n;<\/li>\n<li>Funciones de control de emergencia para detener la planta;<\/li>\n<li>PROGRAMA DE MANTENIMIENTO DE ISVE: programa de mantenimiento indicado en la pantalla t\u00e1ctil.<\/li>\n<li>PREDISPOSICI\u00d3N PARA EL SISTEMA DE TELEASIS Y &#8220;SAFETY SERVER CONNECTION ISVE&#8221; (monitorizaci\u00f3n en tiempo real de los par\u00e1metros de la m\u00e1quina desde el servidor ISVE).<\/li>\n<li>Ejecuci\u00f3n seg\u00fan las normas de la CE<\/li>\n<\/ul>\n<h2 class=\"titoletto\">ACCESORIOS:<\/h2>\n<ul>\n<li>ISVE Server Connect: m\u00f3dulo adicional de conexi\u00f3n a Internet con servicio de monitoreo autom\u00e1tico en el servidor ISVE del correcto funcionamiento de la planta de molienda.<\/li>\n<li>Empujador hidr\u00e1ulico con las siguientes caracter\u00edsticas:\n<ul>\n<li>Un compuesto robusto hecho de perfiles de acero electrosoldado, para facilitar el agarre de cuerpos voluminosos;<\/li>\n<li>Placa de fijaci\u00f3n al cuerpo de la m\u00e1quina;<\/li>\n<li>Selector de control manual;<\/li>\n<li>Redes de protecci\u00f3n;<\/li>\n<li>Cilindro hidr\u00e1ulico para el accionamiento del empujador;<\/li>\n<li>Unidad de potencia hidr\u00e1ulica equipada con bomba de engranajes y motor de 2,2 Kw, termost\u00e1tica, con radiador de refrigeraci\u00f3n de aceite;<\/li>\n<li>Dispositivos de gesti\u00f3n y control desde el panel de la trituradora el\u00e9ctrica<\/li>\n<\/ul>\n<\/li>\n<\/ul>\n","protected":false},"excerpt":{"rendered":"<p>Caracter\u00edsticas principales: c\u00e1mara de corte: 1000&#215;900 mm potencia instalada:44 KW (22 kW+22 kW) &#8211; 60 HP (30HP+30HP) transmisi\u00f3n: por engranajes N. de ejes de corte: 2 N. de cortadores templados (25 mm de espesor): 40 N. de ejes de entrada: 2 N. discos de introducci\u00f3n: 40 N. de rpm medianas: 18 producci\u00f3n:1-1,4 T\/hora equipo de&hellip;<\/p>\n","protected":false},"author":1,"featured_media":10646,"parent":3813,"menu_order":308,"comment_status":"closed","ping_status":"closed","template":"","meta":{"_acf_changed":false,"footnotes":""},"tags":[],"impaginazione":[3692],"divisione":[3689],"categorie_modelli":[3696],"class_list":["post-3825","page","type-page","status-publish","has-post-thumbnail","hentry","impaginazione-modello-prodotto","divisione-isve-recycling","categorie_modelli-trituratori-4-alberi","description-off"],"acf":[],"yoast_head":"<!-- This site is optimized with the Yoast SEO plugin v27.4 - https:\/\/yoast.com\/product\/yoast-seo-wordpress\/ -->\n<title>Trituradoras de 4 \u00e1rboles: Modelo 100-90S - ISVE SpA - Trattamento legno - Riciclaggio - Macinatori Trituratori<\/title>\n<meta name=\"robots\" content=\"index, follow, max-snippet:-1, max-image-preview:large, max-video-preview:-1\" \/>\n<link rel=\"canonical\" href=\"https:\/\/isve.com\/es\/trituradores-industriales\/trituradoras-de-4-arboles\/trituradoras-de-4-arboles-modelo-100-90s\/\" \/>\n<meta property=\"og:locale\" content=\"es_ES\" \/>\n<meta property=\"og:type\" content=\"article\" \/>\n<meta property=\"og:title\" content=\"Trituradoras de 4 \u00e1rboles: Modelo 100-90S - ISVE SpA - Trattamento legno - Riciclaggio - Macinatori Trituratori\" \/>\n<meta property=\"og:description\" content=\"Caracter\u00edsticas principales: c\u00e1mara de corte: 1000&#215;900 mm potencia instalada:44 KW (22 kW+22 kW) &#8211; 60 HP (30HP+30HP) transmisi\u00f3n: por engranajes N. de ejes de corte: 2 N. de cortadores templados (25 mm de espesor): 40 N. de ejes de entrada: 2 N. discos de introducci\u00f3n: 40 N. de rpm medianas: 18 producci\u00f3n:1-1,4 T\/hora equipo de&hellip;\" \/>\n<meta property=\"og:url\" content=\"https:\/\/isve.com\/es\/trituradores-industriales\/trituradoras-de-4-arboles\/trituradoras-de-4-arboles-modelo-100-90s\/\" \/>\n<meta property=\"og:site_name\" content=\"ISVE SpA - Trattamento legno - Riciclaggio - Macinatori Trituratori\" \/>\n<meta property=\"article:modified_time\" content=\"2023-06-12T14:24:39+00:00\" \/>\n<meta property=\"og:image\" content=\"https:\/\/isve.com\/wp-content\/uploads\/2023\/06\/10090s.png\" \/>\n\t<meta property=\"og:image:width\" content=\"1732\" \/>\n\t<meta property=\"og:image:height\" content=\"741\" \/>\n\t<meta property=\"og:image:type\" content=\"image\/png\" \/>\n<meta name=\"twitter:card\" content=\"summary_large_image\" \/>\n<meta name=\"twitter:label1\" content=\"Tiempo de lectura\" \/>\n\t<meta name=\"twitter:data1\" content=\"3 minutos\" \/>\n<script type=\"application\/ld+json\" class=\"yoast-schema-graph\">{\"@context\":\"https:\\\/\\\/schema.org\",\"@graph\":[{\"@type\":\"WebPage\",\"@id\":\"https:\\\/\\\/isve.com\\\/es\\\/trituradores-industriales\\\/trituradoras-de-4-arboles\\\/trituradoras-de-4-arboles-modelo-100-90s\\\/\",\"url\":\"https:\\\/\\\/isve.com\\\/es\\\/trituradores-industriales\\\/trituradoras-de-4-arboles\\\/trituradoras-de-4-arboles-modelo-100-90s\\\/\",\"name\":\"Trituradoras de 4 \u00e1rboles: Modelo 100-90S - ISVE SpA - Trattamento legno - Riciclaggio - Macinatori Trituratori\",\"isPartOf\":{\"@id\":\"https:\\\/\\\/isve.com\\\/es\\\/#website\"},\"primaryImageOfPage\":{\"@id\":\"https:\\\/\\\/isve.com\\\/es\\\/trituradores-industriales\\\/trituradoras-de-4-arboles\\\/trituradoras-de-4-arboles-modelo-100-90s\\\/#primaryimage\"},\"image\":{\"@id\":\"https:\\\/\\\/isve.com\\\/es\\\/trituradores-industriales\\\/trituradoras-de-4-arboles\\\/trituradoras-de-4-arboles-modelo-100-90s\\\/#primaryimage\"},\"thumbnailUrl\":\"https:\\\/\\\/isve.com\\\/wp-content\\\/uploads\\\/2023\\\/06\\\/10090s.png\",\"datePublished\":\"2019-09-17T07:15:57+00:00\",\"dateModified\":\"2023-06-12T14:24:39+00:00\",\"breadcrumb\":{\"@id\":\"https:\\\/\\\/isve.com\\\/es\\\/trituradores-industriales\\\/trituradoras-de-4-arboles\\\/trituradoras-de-4-arboles-modelo-100-90s\\\/#breadcrumb\"},\"inLanguage\":\"es\",\"potentialAction\":[{\"@type\":\"ReadAction\",\"target\":[\"https:\\\/\\\/isve.com\\\/es\\\/trituradores-industriales\\\/trituradoras-de-4-arboles\\\/trituradoras-de-4-arboles-modelo-100-90s\\\/\"]}]},{\"@type\":\"ImageObject\",\"inLanguage\":\"es\",\"@id\":\"https:\\\/\\\/isve.com\\\/es\\\/trituradores-industriales\\\/trituradoras-de-4-arboles\\\/trituradoras-de-4-arboles-modelo-100-90s\\\/#primaryimage\",\"url\":\"https:\\\/\\\/isve.com\\\/wp-content\\\/uploads\\\/2023\\\/06\\\/10090s.png\",\"contentUrl\":\"https:\\\/\\\/isve.com\\\/wp-content\\\/uploads\\\/2023\\\/06\\\/10090s.png\",\"width\":1732,\"height\":741,\"caption\":\"10090S\"},{\"@type\":\"BreadcrumbList\",\"@id\":\"https:\\\/\\\/isve.com\\\/es\\\/trituradores-industriales\\\/trituradoras-de-4-arboles\\\/trituradoras-de-4-arboles-modelo-100-90s\\\/#breadcrumb\",\"itemListElement\":[{\"@type\":\"ListItem\",\"position\":1,\"name\":\"Home\",\"item\":\"https:\\\/\\\/isve.com\\\/es\\\/\"},{\"@type\":\"ListItem\",\"position\":2,\"name\":\"Productos Recycling\",\"item\":\"https:\\\/\\\/isve.com\\\/es\\\/trituradores-industriales\\\/\"},{\"@type\":\"ListItem\",\"position\":3,\"name\":\"Modelos \u2013 Trituradora de cuatro ejes\",\"item\":\"https:\\\/\\\/isve.com\\\/es\\\/trituradores-industriales\\\/trituradoras-de-4-arboles\\\/\"},{\"@type\":\"ListItem\",\"position\":4,\"name\":\"Trituradoras de 4 \u00e1rboles: Modelo 100-90S\"}]},{\"@type\":\"WebSite\",\"@id\":\"https:\\\/\\\/isve.com\\\/es\\\/#website\",\"url\":\"https:\\\/\\\/isve.com\\\/es\\\/\",\"name\":\"ISVE S.p.A.\",\"description\":\"Sistemi per trattamento del legno e triturazione macinazione granulazione\",\"publisher\":{\"@id\":\"https:\\\/\\\/isve.com\\\/es\\\/#organization\"},\"potentialAction\":[{\"@type\":\"SearchAction\",\"target\":{\"@type\":\"EntryPoint\",\"urlTemplate\":\"https:\\\/\\\/isve.com\\\/es\\\/?s={search_term_string}\"},\"query-input\":{\"@type\":\"PropertyValueSpecification\",\"valueRequired\":true,\"valueName\":\"search_term_string\"}}],\"inLanguage\":\"es\"},{\"@type\":\"Organization\",\"@id\":\"https:\\\/\\\/isve.com\\\/es\\\/#organization\",\"name\":\"ISVE S.p.A.\",\"url\":\"https:\\\/\\\/isve.com\\\/es\\\/\",\"logo\":{\"@type\":\"ImageObject\",\"inLanguage\":\"es\",\"@id\":\"https:\\\/\\\/isve.com\\\/es\\\/#\\\/schema\\\/logo\\\/image\\\/\",\"url\":\"https:\\\/\\\/isve.com\\\/wp-content\\\/uploads\\\/2026\\\/01\\\/logo-isve-spa.png\",\"contentUrl\":\"https:\\\/\\\/isve.com\\\/wp-content\\\/uploads\\\/2026\\\/01\\\/logo-isve-spa.png\",\"width\":600,\"height\":173,\"caption\":\"ISVE S.p.A.\"},\"image\":{\"@id\":\"https:\\\/\\\/isve.com\\\/es\\\/#\\\/schema\\\/logo\\\/image\\\/\"},\"sameAs\":[\"https:\\\/\\\/www.linkedin.com\\\/company\\\/69445471\",\"https:\\\/\\\/www.youtube.com\\\/@isves.p.a.8894\"]}]}<\/script>\n<!-- \/ Yoast SEO plugin. -->","yoast_head_json":{"title":"Trituradoras de 4 \u00e1rboles: Modelo 100-90S - ISVE SpA - Trattamento legno - Riciclaggio - Macinatori Trituratori","robots":{"index":"index","follow":"follow","max-snippet":"max-snippet:-1","max-image-preview":"max-image-preview:large","max-video-preview":"max-video-preview:-1"},"canonical":"https:\/\/isve.com\/es\/trituradores-industriales\/trituradoras-de-4-arboles\/trituradoras-de-4-arboles-modelo-100-90s\/","og_locale":"es_ES","og_type":"article","og_title":"Trituradoras de 4 \u00e1rboles: Modelo 100-90S - ISVE SpA - Trattamento legno - Riciclaggio - Macinatori Trituratori","og_description":"Caracter\u00edsticas principales: c\u00e1mara de corte: 1000&#215;900 mm potencia instalada:44 KW (22 kW+22 kW) &#8211; 60 HP (30HP+30HP) transmisi\u00f3n: por engranajes N. de ejes de corte: 2 N. de cortadores templados (25 mm de espesor): 40 N. de ejes de entrada: 2 N. discos de introducci\u00f3n: 40 N. de rpm medianas: 18 producci\u00f3n:1-1,4 T\/hora equipo de&hellip;","og_url":"https:\/\/isve.com\/es\/trituradores-industriales\/trituradoras-de-4-arboles\/trituradoras-de-4-arboles-modelo-100-90s\/","og_site_name":"ISVE SpA - Trattamento legno - Riciclaggio - Macinatori Trituratori","article_modified_time":"2023-06-12T14:24:39+00:00","og_image":[{"width":1732,"height":741,"url":"https:\/\/isve.com\/wp-content\/uploads\/2023\/06\/10090s.png","type":"image\/png"}],"twitter_card":"summary_large_image","twitter_misc":{"Tiempo de lectura":"3 minutos"},"schema":{"@context":"https:\/\/schema.org","@graph":[{"@type":"WebPage","@id":"https:\/\/isve.com\/es\/trituradores-industriales\/trituradoras-de-4-arboles\/trituradoras-de-4-arboles-modelo-100-90s\/","url":"https:\/\/isve.com\/es\/trituradores-industriales\/trituradoras-de-4-arboles\/trituradoras-de-4-arboles-modelo-100-90s\/","name":"Trituradoras de 4 \u00e1rboles: Modelo 100-90S - ISVE SpA - Trattamento legno - Riciclaggio - Macinatori Trituratori","isPartOf":{"@id":"https:\/\/isve.com\/es\/#website"},"primaryImageOfPage":{"@id":"https:\/\/isve.com\/es\/trituradores-industriales\/trituradoras-de-4-arboles\/trituradoras-de-4-arboles-modelo-100-90s\/#primaryimage"},"image":{"@id":"https:\/\/isve.com\/es\/trituradores-industriales\/trituradoras-de-4-arboles\/trituradoras-de-4-arboles-modelo-100-90s\/#primaryimage"},"thumbnailUrl":"https:\/\/isve.com\/wp-content\/uploads\/2023\/06\/10090s.png","datePublished":"2019-09-17T07:15:57+00:00","dateModified":"2023-06-12T14:24:39+00:00","breadcrumb":{"@id":"https:\/\/isve.com\/es\/trituradores-industriales\/trituradoras-de-4-arboles\/trituradoras-de-4-arboles-modelo-100-90s\/#breadcrumb"},"inLanguage":"es","potentialAction":[{"@type":"ReadAction","target":["https:\/\/isve.com\/es\/trituradores-industriales\/trituradoras-de-4-arboles\/trituradoras-de-4-arboles-modelo-100-90s\/"]}]},{"@type":"ImageObject","inLanguage":"es","@id":"https:\/\/isve.com\/es\/trituradores-industriales\/trituradoras-de-4-arboles\/trituradoras-de-4-arboles-modelo-100-90s\/#primaryimage","url":"https:\/\/isve.com\/wp-content\/uploads\/2023\/06\/10090s.png","contentUrl":"https:\/\/isve.com\/wp-content\/uploads\/2023\/06\/10090s.png","width":1732,"height":741,"caption":"10090S"},{"@type":"BreadcrumbList","@id":"https:\/\/isve.com\/es\/trituradores-industriales\/trituradoras-de-4-arboles\/trituradoras-de-4-arboles-modelo-100-90s\/#breadcrumb","itemListElement":[{"@type":"ListItem","position":1,"name":"Home","item":"https:\/\/isve.com\/es\/"},{"@type":"ListItem","position":2,"name":"Productos Recycling","item":"https:\/\/isve.com\/es\/trituradores-industriales\/"},{"@type":"ListItem","position":3,"name":"Modelos \u2013 Trituradora de cuatro ejes","item":"https:\/\/isve.com\/es\/trituradores-industriales\/trituradoras-de-4-arboles\/"},{"@type":"ListItem","position":4,"name":"Trituradoras de 4 \u00e1rboles: Modelo 100-90S"}]},{"@type":"WebSite","@id":"https:\/\/isve.com\/es\/#website","url":"https:\/\/isve.com\/es\/","name":"ISVE S.p.A.","description":"Sistemi per trattamento del legno e triturazione macinazione granulazione","publisher":{"@id":"https:\/\/isve.com\/es\/#organization"},"potentialAction":[{"@type":"SearchAction","target":{"@type":"EntryPoint","urlTemplate":"https:\/\/isve.com\/es\/?s={search_term_string}"},"query-input":{"@type":"PropertyValueSpecification","valueRequired":true,"valueName":"search_term_string"}}],"inLanguage":"es"},{"@type":"Organization","@id":"https:\/\/isve.com\/es\/#organization","name":"ISVE S.p.A.","url":"https:\/\/isve.com\/es\/","logo":{"@type":"ImageObject","inLanguage":"es","@id":"https:\/\/isve.com\/es\/#\/schema\/logo\/image\/","url":"https:\/\/isve.com\/wp-content\/uploads\/2026\/01\/logo-isve-spa.png","contentUrl":"https:\/\/isve.com\/wp-content\/uploads\/2026\/01\/logo-isve-spa.png","width":600,"height":173,"caption":"ISVE S.p.A."},"image":{"@id":"https:\/\/isve.com\/es\/#\/schema\/logo\/image\/"},"sameAs":["https:\/\/www.linkedin.com\/company\/69445471","https:\/\/www.youtube.com\/@isves.p.a.8894"]}]}},"_links":{"self":[{"href":"https:\/\/isve.com\/es\/wp-json\/wp\/v2\/pages\/3825","targetHints":{"allow":["GET"]}}],"collection":[{"href":"https:\/\/isve.com\/es\/wp-json\/wp\/v2\/pages"}],"about":[{"href":"https:\/\/isve.com\/es\/wp-json\/wp\/v2\/types\/page"}],"author":[{"embeddable":true,"href":"https:\/\/isve.com\/es\/wp-json\/wp\/v2\/users\/1"}],"replies":[{"embeddable":true,"href":"https:\/\/isve.com\/es\/wp-json\/wp\/v2\/comments?post=3825"}],"version-history":[{"count":0,"href":"https:\/\/isve.com\/es\/wp-json\/wp\/v2\/pages\/3825\/revisions"}],"up":[{"embeddable":true,"href":"https:\/\/isve.com\/es\/wp-json\/wp\/v2\/pages\/3813"}],"wp:featuredmedia":[{"embeddable":true,"href":"https:\/\/isve.com\/es\/wp-json\/wp\/v2\/media\/10646"}],"wp:attachment":[{"href":"https:\/\/isve.com\/es\/wp-json\/wp\/v2\/media?parent=3825"}],"wp:term":[{"taxonomy":"post_tag","embeddable":true,"href":"https:\/\/isve.com\/es\/wp-json\/wp\/v2\/tags?post=3825"},{"taxonomy":"impaginazione","embeddable":true,"href":"https:\/\/isve.com\/es\/wp-json\/wp\/v2\/impaginazione?post=3825"},{"taxonomy":"divisione","embeddable":true,"href":"https:\/\/isve.com\/es\/wp-json\/wp\/v2\/divisione?post=3825"},{"taxonomy":"categorie_modelli","embeddable":true,"href":"https:\/\/isve.com\/es\/wp-json\/wp\/v2\/categorie_modelli?post=3825"}],"curies":[{"name":"wp","href":"https:\/\/api.w.org\/{rel}","templated":true}]}}