{"id":3792,"date":"2019-09-04T16:33:42","date_gmt":"2019-09-04T14:33:42","guid":{"rendered":"https:\/\/isve.com\/?page_id=3792"},"modified":"2025-04-08T16:50:24","modified_gmt":"2025-04-08T14:50:24","slug":"trituradoras-de-2-arboles-videogallery","status":"publish","type":"page","link":"https:\/\/isve.com\/es\/trituradores-industriales\/trituradoras-de-2-arboles-videogallery\/","title":{"rendered":"Trituradoras de 2 arboles \u2013 Videogallery"},"content":{"rendered":"<p><strong>Trituradores pesados de 2 ejes<\/strong> con carga mediante tolva dotados de alta capacidad de corte con baja velocidad de rotaci\u00f3n para menor absorci\u00f3n de energ\u00eda y mayor silenciosidad.<\/p>\n<p><iframe title=\"ISVE double-shaft shredder for clothes shredding\" width=\"1200\" height=\"675\" src=\"https:\/\/www.youtube.com\/embed\/Yi4wa5-KNrE?feature=oembed\" frameborder=\"0\" allow=\"accelerometer; autoplay; clipboard-write; encrypted-media; gyroscope; picture-in-picture; web-share\" referrerpolicy=\"strict-origin-when-cross-origin\" allowfullscreen><\/iframe><\/p>\n<p><iframe title=\"ISVE double-shaft shredder for fuel tanks\" width=\"1200\" height=\"900\" src=\"https:\/\/www.youtube.com\/embed\/lrDzehFvqUs?feature=oembed\" frameborder=\"0\" allow=\"accelerometer; autoplay; clipboard-write; encrypted-media; gyroscope; picture-in-picture; web-share\" referrerpolicy=\"strict-origin-when-cross-origin\" allowfullscreen><\/iframe><\/p>\n","protected":false},"excerpt":{"rendered":"<p>Trituradores pesados de 2 ejes con carga mediante tolva dotados de alta capacidad de corte con baja velocidad de rotaci\u00f3n para menor absorci\u00f3n de energ\u00eda y mayor silenciosidad.<\/p>\n","protected":false},"author":1,"featured_media":0,"parent":13663,"menu_order":394,"comment_status":"closed","ping_status":"closed","template":"","meta":{"_acf_changed":false,"footnotes":""},"tags":[],"impaginazione":[],"divisione":[3689],"categorie_modelli":[],"class_list":["post-3792","page","type-page","status-publish","hentry","divisione-isve-recycling","description-off"],"acf":[],"yoast_head":"<!-- This site is optimized with the Yoast SEO plugin v27.4 - https:\/\/yoast.com\/product\/yoast-seo-wordpress\/ -->\n<title>Trituradoras de 2 arboles \u2013 Videogallery - ISVE SpA - Tratamiento madera - Reciclaje - Molinos Trituradoras<\/title>\n<meta name=\"robots\" content=\"index, follow, max-snippet:-1, max-image-preview:large, max-video-preview:-1\" \/>\n<link rel=\"canonical\" href=\"https:\/\/isve.com\/es\/trituradores-industriales\/trituradoras-de-2-arboles-videogallery\/\" \/>\n<meta property=\"og:locale\" content=\"es_ES\" \/>\n<meta property=\"og:type\" content=\"article\" \/>\n<meta property=\"og:title\" content=\"Trituradoras de 2 arboles \u2013 Videogallery - ISVE SpA - Tratamiento madera - Reciclaje - Molinos Trituradoras\" \/>\n<meta property=\"og:description\" content=\"Trituradores pesados de 2 ejes con carga mediante tolva dotados de alta capacidad de corte con baja velocidad de rotaci\u00f3n para menor absorci\u00f3n de energ\u00eda y mayor silenciosidad.\" \/>\n<meta property=\"og:url\" content=\"https:\/\/isve.com\/es\/trituradores-industriales\/trituradoras-de-2-arboles-videogallery\/\" \/>\n<meta property=\"og:site_name\" content=\"ISVE SpA - Tratamiento madera - Reciclaje - Molinos Trituradoras\" \/>\n<meta property=\"article:modified_time\" content=\"2025-04-08T14:50:24+00:00\" \/>\n<meta name=\"twitter:card\" content=\"summary_large_image\" \/>\n<meta name=\"twitter:label1\" content=\"Tiempo de lectura\" \/>\n\t<meta name=\"twitter:data1\" content=\"1 minuto\" \/>\n<script type=\"application\/ld+json\" class=\"yoast-schema-graph\">{\"@context\":\"https:\\\/\\\/schema.org\",\"@graph\":[{\"@type\":\"WebPage\",\"@id\":\"https:\\\/\\\/isve.com\\\/es\\\/trituradores-industriales\\\/trituradoras-de-2-arboles-videogallery\\\/\",\"url\":\"https:\\\/\\\/isve.com\\\/es\\\/trituradores-industriales\\\/trituradoras-de-2-arboles-videogallery\\\/\",\"name\":\"Trituradoras de 2 arboles \u2013 Videogallery - ISVE SpA - Tratamiento madera - Reciclaje - Molinos Trituradoras\",\"isPartOf\":{\"@id\":\"https:\\\/\\\/isve.com\\\/es\\\/#website\"},\"datePublished\":\"2019-09-04T14:33:42+00:00\",\"dateModified\":\"2025-04-08T14:50:24+00:00\",\"breadcrumb\":{\"@id\":\"https:\\\/\\\/isve.com\\\/es\\\/trituradores-industriales\\\/trituradoras-de-2-arboles-videogallery\\\/#breadcrumb\"},\"inLanguage\":\"es\",\"potentialAction\":[{\"@type\":\"ReadAction\",\"target\":[\"https:\\\/\\\/isve.com\\\/es\\\/trituradores-industriales\\\/trituradoras-de-2-arboles-videogallery\\\/\"]}]},{\"@type\":\"BreadcrumbList\",\"@id\":\"https:\\\/\\\/isve.com\\\/es\\\/trituradores-industriales\\\/trituradoras-de-2-arboles-videogallery\\\/#breadcrumb\",\"itemListElement\":[{\"@type\":\"ListItem\",\"position\":1,\"name\":\"Home\",\"item\":\"https:\\\/\\\/isve.com\\\/es\\\/\"},{\"@type\":\"ListItem\",\"position\":2,\"name\":\"Productos Recycling\",\"item\":\"https:\\\/\\\/isve.com\\\/es\\\/trituradores-industriales\\\/\"},{\"@type\":\"ListItem\",\"position\":3,\"name\":\"Trituradoras de 2 arboles \u2013 Videogallery\"}]},{\"@type\":\"WebSite\",\"@id\":\"https:\\\/\\\/isve.com\\\/es\\\/#website\",\"url\":\"https:\\\/\\\/isve.com\\\/es\\\/\",\"name\":\"ISVE S.p.A.\",\"description\":\"Sistemas para tratamiento de madera y para trituraci\u00f3n moler granulaci\u00f3n\",\"publisher\":{\"@id\":\"https:\\\/\\\/isve.com\\\/es\\\/#organization\"},\"potentialAction\":[{\"@type\":\"SearchAction\",\"target\":{\"@type\":\"EntryPoint\",\"urlTemplate\":\"https:\\\/\\\/isve.com\\\/es\\\/?s={search_term_string}\"},\"query-input\":{\"@type\":\"PropertyValueSpecification\",\"valueRequired\":true,\"valueName\":\"search_term_string\"}}],\"inLanguage\":\"es\"},{\"@type\":\"Organization\",\"@id\":\"https:\\\/\\\/isve.com\\\/es\\\/#organization\",\"name\":\"ISVE S.p.A.\",\"url\":\"https:\\\/\\\/isve.com\\\/es\\\/\",\"logo\":{\"@type\":\"ImageObject\",\"inLanguage\":\"es\",\"@id\":\"https:\\\/\\\/isve.com\\\/es\\\/#\\\/schema\\\/logo\\\/image\\\/\",\"url\":\"https:\\\/\\\/isve.com\\\/wp-content\\\/uploads\\\/2026\\\/01\\\/logo-isve-spa.png\",\"contentUrl\":\"https:\\\/\\\/isve.com\\\/wp-content\\\/uploads\\\/2026\\\/01\\\/logo-isve-spa.png\",\"width\":600,\"height\":173,\"caption\":\"ISVE S.p.A.\"},\"image\":{\"@id\":\"https:\\\/\\\/isve.com\\\/es\\\/#\\\/schema\\\/logo\\\/image\\\/\"},\"sameAs\":[\"https:\\\/\\\/www.linkedin.com\\\/company\\\/69445471\",\"https:\\\/\\\/www.youtube.com\\\/@isves.p.a.8894\"]}]}<\/script>\n<!-- \/ Yoast SEO plugin. -->","yoast_head_json":{"title":"Trituradoras de 2 arboles \u2013 Videogallery - ISVE SpA - Tratamiento madera - Reciclaje - Molinos Trituradoras","robots":{"index":"index","follow":"follow","max-snippet":"max-snippet:-1","max-image-preview":"max-image-preview:large","max-video-preview":"max-video-preview:-1"},"canonical":"https:\/\/isve.com\/es\/trituradores-industriales\/trituradoras-de-2-arboles-videogallery\/","og_locale":"es_ES","og_type":"article","og_title":"Trituradoras de 2 arboles \u2013 Videogallery - ISVE SpA - Tratamiento madera - Reciclaje - Molinos Trituradoras","og_description":"Trituradores pesados de 2 ejes con carga mediante tolva dotados de alta capacidad de corte con baja velocidad de rotaci\u00f3n para menor absorci\u00f3n de energ\u00eda y mayor silenciosidad.","og_url":"https:\/\/isve.com\/es\/trituradores-industriales\/trituradoras-de-2-arboles-videogallery\/","og_site_name":"ISVE SpA - Tratamiento madera - Reciclaje - Molinos Trituradoras","article_modified_time":"2025-04-08T14:50:24+00:00","twitter_card":"summary_large_image","twitter_misc":{"Tiempo de lectura":"1 minuto"},"schema":{"@context":"https:\/\/schema.org","@graph":[{"@type":"WebPage","@id":"https:\/\/isve.com\/es\/trituradores-industriales\/trituradoras-de-2-arboles-videogallery\/","url":"https:\/\/isve.com\/es\/trituradores-industriales\/trituradoras-de-2-arboles-videogallery\/","name":"Trituradoras de 2 arboles \u2013 Videogallery - ISVE SpA - Tratamiento madera - Reciclaje - Molinos Trituradoras","isPartOf":{"@id":"https:\/\/isve.com\/es\/#website"},"datePublished":"2019-09-04T14:33:42+00:00","dateModified":"2025-04-08T14:50:24+00:00","breadcrumb":{"@id":"https:\/\/isve.com\/es\/trituradores-industriales\/trituradoras-de-2-arboles-videogallery\/#breadcrumb"},"inLanguage":"es","potentialAction":[{"@type":"ReadAction","target":["https:\/\/isve.com\/es\/trituradores-industriales\/trituradoras-de-2-arboles-videogallery\/"]}]},{"@type":"BreadcrumbList","@id":"https:\/\/isve.com\/es\/trituradores-industriales\/trituradoras-de-2-arboles-videogallery\/#breadcrumb","itemListElement":[{"@type":"ListItem","position":1,"name":"Home","item":"https:\/\/isve.com\/es\/"},{"@type":"ListItem","position":2,"name":"Productos Recycling","item":"https:\/\/isve.com\/es\/trituradores-industriales\/"},{"@type":"ListItem","position":3,"name":"Trituradoras de 2 arboles \u2013 Videogallery"}]},{"@type":"WebSite","@id":"https:\/\/isve.com\/es\/#website","url":"https:\/\/isve.com\/es\/","name":"ISVE S.p.A.","description":"Sistemas para tratamiento de madera y para trituraci\u00f3n moler granulaci\u00f3n","publisher":{"@id":"https:\/\/isve.com\/es\/#organization"},"potentialAction":[{"@type":"SearchAction","target":{"@type":"EntryPoint","urlTemplate":"https:\/\/isve.com\/es\/?s={search_term_string}"},"query-input":{"@type":"PropertyValueSpecification","valueRequired":true,"valueName":"search_term_string"}}],"inLanguage":"es"},{"@type":"Organization","@id":"https:\/\/isve.com\/es\/#organization","name":"ISVE S.p.A.","url":"https:\/\/isve.com\/es\/","logo":{"@type":"ImageObject","inLanguage":"es","@id":"https:\/\/isve.com\/es\/#\/schema\/logo\/image\/","url":"https:\/\/isve.com\/wp-content\/uploads\/2026\/01\/logo-isve-spa.png","contentUrl":"https:\/\/isve.com\/wp-content\/uploads\/2026\/01\/logo-isve-spa.png","width":600,"height":173,"caption":"ISVE S.p.A."},"image":{"@id":"https:\/\/isve.com\/es\/#\/schema\/logo\/image\/"},"sameAs":["https:\/\/www.linkedin.com\/company\/69445471","https:\/\/www.youtube.com\/@isves.p.a.8894"]}]}},"_links":{"self":[{"href":"https:\/\/isve.com\/es\/wp-json\/wp\/v2\/pages\/3792","targetHints":{"allow":["GET"]}}],"collection":[{"href":"https:\/\/isve.com\/es\/wp-json\/wp\/v2\/pages"}],"about":[{"href":"https:\/\/isve.com\/es\/wp-json\/wp\/v2\/types\/page"}],"author":[{"embeddable":true,"href":"https:\/\/isve.com\/es\/wp-json\/wp\/v2\/users\/1"}],"replies":[{"embeddable":true,"href":"https:\/\/isve.com\/es\/wp-json\/wp\/v2\/comments?post=3792"}],"version-history":[{"count":0,"href":"https:\/\/isve.com\/es\/wp-json\/wp\/v2\/pages\/3792\/revisions"}],"up":[{"embeddable":true,"href":"https:\/\/isve.com\/es\/wp-json\/wp\/v2\/pages\/13663"}],"wp:attachment":[{"href":"https:\/\/isve.com\/es\/wp-json\/wp\/v2\/media?parent=3792"}],"wp:term":[{"taxonomy":"post_tag","embeddable":true,"href":"https:\/\/isve.com\/es\/wp-json\/wp\/v2\/tags?post=3792"},{"taxonomy":"impaginazione","embeddable":true,"href":"https:\/\/isve.com\/es\/wp-json\/wp\/v2\/impaginazione?post=3792"},{"taxonomy":"divisione","embeddable":true,"href":"https:\/\/isve.com\/es\/wp-json\/wp\/v2\/divisione?post=3792"},{"taxonomy":"categorie_modelli","embeddable":true,"href":"https:\/\/isve.com\/es\/wp-json\/wp\/v2\/categorie_modelli?post=3792"}],"curies":[{"name":"wp","href":"https:\/\/api.w.org\/{rel}","templated":true}]}}