{"id":3773,"date":"2019-09-04T13:45:04","date_gmt":"2019-09-04T11:45:04","guid":{"rendered":"https:\/\/isve.com\/?page_id=3773"},"modified":"2024-03-18T16:32:36","modified_gmt":"2024-03-18T15:32:36","slug":"trituradoras-de-2-arboles-modelo-b-12070s","status":"publish","type":"page","link":"https:\/\/isve.com\/es\/trituradores-industriales\/trituradoras-de-2-arboles\/trituradoras-de-2-arboles-modelo-b-12070s\/","title":{"rendered":"Trituradoras de 2 \u00e1rboles: Modelo B-120\/70S"},"content":{"rendered":"<h2 class=\"titoletto\"><strong>Caracter\u00edsticas principales:<\/strong><\/h2>\n<ul>\n<li><span class=\"etichetta\">C\u00e1mara de corte:<\/span> 1200 x 750 mm<\/li>\n<li><span class=\"etichetta\">potencia instalada:<\/span> 45 KW + 45 KW<\/li>\n<li><span class=\"etichetta\">transmisi\u00f3n:<\/span>&nbsp;por engranajes por reductores en ba\u00f1o de aceite<\/li>\n<li><span class=\"etichetta\">n\u00famero de ejes de corte:<\/span>&nbsp;2<\/li>\n<li><span class=\"etichetta\">n\u00famero de cortadores templados:<\/span> 24<\/li>\n<li><span class=\"etichetta\">Espesor de las cuchillas:<\/span> 50 mm<\/li>\n<li><span class=\"etichetta\">n\u00famero de peines distanciadores:<\/span> 24<\/li>\n<li><span class=\"etichetta\">n\u00b0 de rev.\/min. fresas:<\/span> 11<\/li>\n<li><span class=\"etichetta\">equipamientos de seguridad:<\/span> parada de emergencia, sistema de inversi\u00f3n en caso de carga excesiva<\/li>\n<li>realizaci\u00f3n conforme a las normas CE<\/li>\n<\/ul>\n<h2 class=\"titoletto\"><strong>Accesorios bajo pedido:<\/strong><\/h2>\n<ul>\n<li>tolva intercambiable ;<\/li>\n<li>cinta transportadora de carga y descarga;<\/li>\n<li>bastidor a medida.<\/li>\n<\/ul>\n<h2 class=\"titoletto\"><strong>Recomendaciones de uso:<\/strong><\/h2>\n<p>M\u00e1quina polivalente, adecuada para triturar numerosos materiales de desecho y no desechos. Se puede insertar en l\u00ednea para un funcionamiento continuo.<br \/>\nRecomendada para triturar virutas de madera, trapos, bloques de pl\u00e1stico, pieles, neum\u00e1ticos, papel, cart\u00f3n, embalajes, cintas de polietileno, pel\u00edculas de pl\u00e1stico, etc.<\/p>\n<h2 class=\"titoletto\"><strong>Caracter\u00edsticas del triturador:<\/strong><\/h2>\n<ul>\n<li>Soporte de chapa de acero electrosoldada de gran espesor;<\/li>\n<li>Soportes de cojinetes de rodillos de barril con sistema de sellado contra polvo y l\u00edquidos;<\/li>\n<li>Ejes de gran espesor con n\u00b0 24 cuchillas de acero especial H13 antidesgaste y n\u00b0 24 separadores para facilitar la descarga del material triturado;<\/li>\n<li>Nueva disposici\u00f3n de los dientes de las cuchillas para mejorar el agarre y la progresi\u00f3n del corte;<\/li>\n<li>N\u00b0 2 reductores epicicloidales en ba\u00f1o de aceite con ejes de rotaci\u00f3n paralelos al eje de la fresa;<\/li>\n<li>N\u00b0 2 motores Siemens o similares de 45 kW para un total de kW 90;<\/li>\n<li>Sistema de transmisi\u00f3n en ba\u00f1o de aceite con engranajes y pi\u00f1ones de acero;<\/li>\n<li>Camara de corte con dimensiones de 1200 X 750 mm;<\/li>\n<li>Tolva de chapa atornillada para la carga desde arriba;<\/li>\n<li>Base de chasis de acero equipada con un caj\u00f3n conectable al sistema de aspiraci\u00f3n\/cinta transportadora o n.\u00ba 3 redes de protecci\u00f3n con una puerta frontal equipada con un micro de seguridad.<\/li>\n<\/ul>\n<h2 class=\"titoletto\"><strong>Caracter\u00edsticas del sistema de control:<\/strong><\/h2>\n<ul>\n<li>Cuadro el\u00e9ctrico conforme a las normas CEE equipado con un limitador de par que invierte el movimiento de las cuchillas si la carga de trabajo de la m\u00e1quina supera el valor establecido;<\/li>\n<li>PLC LOGO SIEMENS para el control de todos los perif\u00e9ricos de la instalaci\u00f3n;<\/li>\n<li>Funciones de control de emergencia para detener la instalaci\u00f3n en caso de introducci\u00f3n accidental de material ferroso;<\/li>\n<li><strong>Ejecuci\u00f3n conforme a las normas CE.<\/strong><\/li>\n<\/ul>\n","protected":false},"excerpt":{"rendered":"<p>Caracter\u00edsticas principales: C\u00e1mara de corte: 1200 x 750 mm potencia instalada: 45 KW + 45 KW transmisi\u00f3n:&nbsp;por engranajes por reductores en ba\u00f1o de aceite n\u00famero de ejes de corte:&nbsp;2 n\u00famero de cortadores templados: 24 Espesor de las cuchillas: 50 mm n\u00famero de peines distanciadores: 24 n\u00b0 de rev.\/min. fresas: 11 equipamientos de seguridad: parada de&hellip;<\/p>\n","protected":false},"author":1,"featured_media":10546,"parent":4288,"menu_order":207,"comment_status":"closed","ping_status":"closed","template":"","meta":{"_acf_changed":false,"footnotes":""},"tags":[2866,2851,2842,2845,2857,2848,2863,2833,2839,2854,2871,2836],"impaginazione":[3692],"divisione":[3689],"categorie_modelli":[3695],"class_list":["post-3773","page","type-page","status-publish","has-post-thumbnail","hentry","tag-cintas-de-polietileno-trituradr","tag-desmenuzado-de-neumaticos","tag-desmenuzado-de-trapos","tag-trituracion-de-bloques-de-plastico","tag-trituracion-de-carton","tag-trituracion-de-cuero","tag-trituracion-de-envases-es","tag-trituracion-de-madera","tag-trituracion-de-madera-es","tag-trituracion-de-papel","tag-trituracion-de-peliculas-de-plastico","tag-trituracion-de-trozos-de-madera","impaginazione-modello-prodotto","divisione-isve-recycling","categorie_modelli-trituratori-2-alberi","description-off"],"acf":[],"yoast_head":"<!-- This site is optimized with the Yoast SEO plugin v27.4 - https:\/\/yoast.com\/product\/yoast-seo-wordpress\/ -->\n<title>Trituradoras de 2 \u00e1rboles: Modelo B-120\/70S - ISVE SpA - Tratamiento madera - Reciclaje - Molinos Trituradoras<\/title>\n<meta name=\"robots\" content=\"index, follow, max-snippet:-1, max-image-preview:large, max-video-preview:-1\" \/>\n<link rel=\"canonical\" href=\"https:\/\/isve.com\/es\/trituradores-industriales\/trituradoras-de-2-arboles\/trituradoras-de-2-arboles-modelo-b-12070s\/\" \/>\n<meta property=\"og:locale\" content=\"es_ES\" \/>\n<meta property=\"og:type\" content=\"article\" \/>\n<meta property=\"og:title\" content=\"Trituradoras de 2 \u00e1rboles: Modelo B-120\/70S - ISVE SpA - Tratamiento madera - Reciclaje - Molinos Trituradoras\" \/>\n<meta property=\"og:description\" content=\"Caracter\u00edsticas principales: C\u00e1mara de corte: 1200 x 750 mm potencia instalada: 45 KW + 45 KW transmisi\u00f3n:&nbsp;por engranajes por reductores en ba\u00f1o de aceite n\u00famero de ejes de corte:&nbsp;2 n\u00famero de cortadores templados: 24 Espesor de las cuchillas: 50 mm n\u00famero de peines distanciadores: 24 n\u00b0 de rev.\/min. fresas: 11 equipamientos de seguridad: parada de&hellip;\" \/>\n<meta property=\"og:url\" content=\"https:\/\/isve.com\/es\/trituradores-industriales\/trituradoras-de-2-arboles\/trituradoras-de-2-arboles-modelo-b-12070s\/\" \/>\n<meta property=\"og:site_name\" content=\"ISVE SpA - Tratamiento madera - Reciclaje - Molinos Trituradoras\" \/>\n<meta property=\"article:modified_time\" content=\"2024-03-18T15:32:36+00:00\" \/>\n<meta property=\"og:image\" content=\"https:\/\/isve.com\/wp-content\/uploads\/2023\/06\/b120-70s.jpg\" \/>\n\t<meta property=\"og:image:width\" content=\"1679\" \/>\n\t<meta property=\"og:image:height\" content=\"742\" \/>\n\t<meta property=\"og:image:type\" content=\"image\/jpeg\" \/>\n<meta name=\"twitter:card\" content=\"summary_large_image\" \/>\n<meta name=\"twitter:label1\" content=\"Tiempo de lectura\" \/>\n\t<meta name=\"twitter:data1\" content=\"2 minutos\" \/>\n<script type=\"application\/ld+json\" class=\"yoast-schema-graph\">{\"@context\":\"https:\\\/\\\/schema.org\",\"@graph\":[{\"@type\":\"WebPage\",\"@id\":\"https:\\\/\\\/isve.com\\\/es\\\/trituradores-industriales\\\/trituradoras-de-2-arboles\\\/trituradoras-de-2-arboles-modelo-b-12070s\\\/\",\"url\":\"https:\\\/\\\/isve.com\\\/es\\\/trituradores-industriales\\\/trituradoras-de-2-arboles\\\/trituradoras-de-2-arboles-modelo-b-12070s\\\/\",\"name\":\"Trituradoras de 2 \u00e1rboles: Modelo B-120\\\/70S - ISVE SpA - Tratamiento madera - Reciclaje - Molinos Trituradoras\",\"isPartOf\":{\"@id\":\"https:\\\/\\\/isve.com\\\/es\\\/#website\"},\"primaryImageOfPage\":{\"@id\":\"https:\\\/\\\/isve.com\\\/es\\\/trituradores-industriales\\\/trituradoras-de-2-arboles\\\/trituradoras-de-2-arboles-modelo-b-12070s\\\/#primaryimage\"},\"image\":{\"@id\":\"https:\\\/\\\/isve.com\\\/es\\\/trituradores-industriales\\\/trituradoras-de-2-arboles\\\/trituradoras-de-2-arboles-modelo-b-12070s\\\/#primaryimage\"},\"thumbnailUrl\":\"https:\\\/\\\/isve.com\\\/wp-content\\\/uploads\\\/2023\\\/06\\\/b120-70s.jpg\",\"datePublished\":\"2019-09-04T11:45:04+00:00\",\"dateModified\":\"2024-03-18T15:32:36+00:00\",\"breadcrumb\":{\"@id\":\"https:\\\/\\\/isve.com\\\/es\\\/trituradores-industriales\\\/trituradoras-de-2-arboles\\\/trituradoras-de-2-arboles-modelo-b-12070s\\\/#breadcrumb\"},\"inLanguage\":\"es\",\"potentialAction\":[{\"@type\":\"ReadAction\",\"target\":[\"https:\\\/\\\/isve.com\\\/es\\\/trituradores-industriales\\\/trituradoras-de-2-arboles\\\/trituradoras-de-2-arboles-modelo-b-12070s\\\/\"]}]},{\"@type\":\"ImageObject\",\"inLanguage\":\"es\",\"@id\":\"https:\\\/\\\/isve.com\\\/es\\\/trituradores-industriales\\\/trituradoras-de-2-arboles\\\/trituradoras-de-2-arboles-modelo-b-12070s\\\/#primaryimage\",\"url\":\"https:\\\/\\\/isve.com\\\/wp-content\\\/uploads\\\/2023\\\/06\\\/b120-70s.jpg\",\"contentUrl\":\"https:\\\/\\\/isve.com\\\/wp-content\\\/uploads\\\/2023\\\/06\\\/b120-70s.jpg\",\"width\":1679,\"height\":742,\"caption\":\"B120-70S\"},{\"@type\":\"BreadcrumbList\",\"@id\":\"https:\\\/\\\/isve.com\\\/es\\\/trituradores-industriales\\\/trituradoras-de-2-arboles\\\/trituradoras-de-2-arboles-modelo-b-12070s\\\/#breadcrumb\",\"itemListElement\":[{\"@type\":\"ListItem\",\"position\":1,\"name\":\"Home\",\"item\":\"https:\\\/\\\/isve.com\\\/es\\\/\"},{\"@type\":\"ListItem\",\"position\":2,\"name\":\"Productos Recycling\",\"item\":\"https:\\\/\\\/isve.com\\\/es\\\/trituradores-industriales\\\/\"},{\"@type\":\"ListItem\",\"position\":3,\"name\":\"Modelos &#8211; Trituradora de dos ejes\",\"item\":\"https:\\\/\\\/isve.com\\\/es\\\/trituradores-industriales\\\/trituradoras-de-2-arboles\\\/\"},{\"@type\":\"ListItem\",\"position\":4,\"name\":\"Trituradoras de 2 \u00e1rboles: Modelo B-120\\\/70S\"}]},{\"@type\":\"WebSite\",\"@id\":\"https:\\\/\\\/isve.com\\\/es\\\/#website\",\"url\":\"https:\\\/\\\/isve.com\\\/es\\\/\",\"name\":\"ISVE S.p.A.\",\"description\":\"Sistemas para tratamiento de madera y para trituraci\u00f3n moler granulaci\u00f3n\",\"publisher\":{\"@id\":\"https:\\\/\\\/isve.com\\\/es\\\/#organization\"},\"potentialAction\":[{\"@type\":\"SearchAction\",\"target\":{\"@type\":\"EntryPoint\",\"urlTemplate\":\"https:\\\/\\\/isve.com\\\/es\\\/?s={search_term_string}\"},\"query-input\":{\"@type\":\"PropertyValueSpecification\",\"valueRequired\":true,\"valueName\":\"search_term_string\"}}],\"inLanguage\":\"es\"},{\"@type\":\"Organization\",\"@id\":\"https:\\\/\\\/isve.com\\\/es\\\/#organization\",\"name\":\"ISVE S.p.A.\",\"url\":\"https:\\\/\\\/isve.com\\\/es\\\/\",\"logo\":{\"@type\":\"ImageObject\",\"inLanguage\":\"es\",\"@id\":\"https:\\\/\\\/isve.com\\\/es\\\/#\\\/schema\\\/logo\\\/image\\\/\",\"url\":\"https:\\\/\\\/isve.com\\\/wp-content\\\/uploads\\\/2026\\\/01\\\/logo-isve-spa.png\",\"contentUrl\":\"https:\\\/\\\/isve.com\\\/wp-content\\\/uploads\\\/2026\\\/01\\\/logo-isve-spa.png\",\"width\":600,\"height\":173,\"caption\":\"ISVE S.p.A.\"},\"image\":{\"@id\":\"https:\\\/\\\/isve.com\\\/es\\\/#\\\/schema\\\/logo\\\/image\\\/\"},\"sameAs\":[\"https:\\\/\\\/www.linkedin.com\\\/company\\\/69445471\",\"https:\\\/\\\/www.youtube.com\\\/@isves.p.a.8894\"]}]}<\/script>\n<!-- \/ Yoast SEO plugin. -->","yoast_head_json":{"title":"Trituradoras de 2 \u00e1rboles: Modelo B-120\/70S - ISVE SpA - Tratamiento madera - Reciclaje - Molinos Trituradoras","robots":{"index":"index","follow":"follow","max-snippet":"max-snippet:-1","max-image-preview":"max-image-preview:large","max-video-preview":"max-video-preview:-1"},"canonical":"https:\/\/isve.com\/es\/trituradores-industriales\/trituradoras-de-2-arboles\/trituradoras-de-2-arboles-modelo-b-12070s\/","og_locale":"es_ES","og_type":"article","og_title":"Trituradoras de 2 \u00e1rboles: Modelo B-120\/70S - ISVE SpA - Tratamiento madera - Reciclaje - Molinos Trituradoras","og_description":"Caracter\u00edsticas principales: C\u00e1mara de corte: 1200 x 750 mm potencia instalada: 45 KW + 45 KW transmisi\u00f3n:&nbsp;por engranajes por reductores en ba\u00f1o de aceite n\u00famero de ejes de corte:&nbsp;2 n\u00famero de cortadores templados: 24 Espesor de las cuchillas: 50 mm n\u00famero de peines distanciadores: 24 n\u00b0 de rev.\/min. fresas: 11 equipamientos de seguridad: parada de&hellip;","og_url":"https:\/\/isve.com\/es\/trituradores-industriales\/trituradoras-de-2-arboles\/trituradoras-de-2-arboles-modelo-b-12070s\/","og_site_name":"ISVE SpA - Tratamiento madera - Reciclaje - Molinos Trituradoras","article_modified_time":"2024-03-18T15:32:36+00:00","og_image":[{"width":1679,"height":742,"url":"https:\/\/isve.com\/wp-content\/uploads\/2023\/06\/b120-70s.jpg","type":"image\/jpeg"}],"twitter_card":"summary_large_image","twitter_misc":{"Tiempo de lectura":"2 minutos"},"schema":{"@context":"https:\/\/schema.org","@graph":[{"@type":"WebPage","@id":"https:\/\/isve.com\/es\/trituradores-industriales\/trituradoras-de-2-arboles\/trituradoras-de-2-arboles-modelo-b-12070s\/","url":"https:\/\/isve.com\/es\/trituradores-industriales\/trituradoras-de-2-arboles\/trituradoras-de-2-arboles-modelo-b-12070s\/","name":"Trituradoras de 2 \u00e1rboles: Modelo B-120\/70S - ISVE SpA - Tratamiento madera - Reciclaje - Molinos Trituradoras","isPartOf":{"@id":"https:\/\/isve.com\/es\/#website"},"primaryImageOfPage":{"@id":"https:\/\/isve.com\/es\/trituradores-industriales\/trituradoras-de-2-arboles\/trituradoras-de-2-arboles-modelo-b-12070s\/#primaryimage"},"image":{"@id":"https:\/\/isve.com\/es\/trituradores-industriales\/trituradoras-de-2-arboles\/trituradoras-de-2-arboles-modelo-b-12070s\/#primaryimage"},"thumbnailUrl":"https:\/\/isve.com\/wp-content\/uploads\/2023\/06\/b120-70s.jpg","datePublished":"2019-09-04T11:45:04+00:00","dateModified":"2024-03-18T15:32:36+00:00","breadcrumb":{"@id":"https:\/\/isve.com\/es\/trituradores-industriales\/trituradoras-de-2-arboles\/trituradoras-de-2-arboles-modelo-b-12070s\/#breadcrumb"},"inLanguage":"es","potentialAction":[{"@type":"ReadAction","target":["https:\/\/isve.com\/es\/trituradores-industriales\/trituradoras-de-2-arboles\/trituradoras-de-2-arboles-modelo-b-12070s\/"]}]},{"@type":"ImageObject","inLanguage":"es","@id":"https:\/\/isve.com\/es\/trituradores-industriales\/trituradoras-de-2-arboles\/trituradoras-de-2-arboles-modelo-b-12070s\/#primaryimage","url":"https:\/\/isve.com\/wp-content\/uploads\/2023\/06\/b120-70s.jpg","contentUrl":"https:\/\/isve.com\/wp-content\/uploads\/2023\/06\/b120-70s.jpg","width":1679,"height":742,"caption":"B120-70S"},{"@type":"BreadcrumbList","@id":"https:\/\/isve.com\/es\/trituradores-industriales\/trituradoras-de-2-arboles\/trituradoras-de-2-arboles-modelo-b-12070s\/#breadcrumb","itemListElement":[{"@type":"ListItem","position":1,"name":"Home","item":"https:\/\/isve.com\/es\/"},{"@type":"ListItem","position":2,"name":"Productos Recycling","item":"https:\/\/isve.com\/es\/trituradores-industriales\/"},{"@type":"ListItem","position":3,"name":"Modelos &#8211; Trituradora de dos ejes","item":"https:\/\/isve.com\/es\/trituradores-industriales\/trituradoras-de-2-arboles\/"},{"@type":"ListItem","position":4,"name":"Trituradoras de 2 \u00e1rboles: Modelo B-120\/70S"}]},{"@type":"WebSite","@id":"https:\/\/isve.com\/es\/#website","url":"https:\/\/isve.com\/es\/","name":"ISVE S.p.A.","description":"Sistemas para tratamiento de madera y para trituraci\u00f3n moler granulaci\u00f3n","publisher":{"@id":"https:\/\/isve.com\/es\/#organization"},"potentialAction":[{"@type":"SearchAction","target":{"@type":"EntryPoint","urlTemplate":"https:\/\/isve.com\/es\/?s={search_term_string}"},"query-input":{"@type":"PropertyValueSpecification","valueRequired":true,"valueName":"search_term_string"}}],"inLanguage":"es"},{"@type":"Organization","@id":"https:\/\/isve.com\/es\/#organization","name":"ISVE S.p.A.","url":"https:\/\/isve.com\/es\/","logo":{"@type":"ImageObject","inLanguage":"es","@id":"https:\/\/isve.com\/es\/#\/schema\/logo\/image\/","url":"https:\/\/isve.com\/wp-content\/uploads\/2026\/01\/logo-isve-spa.png","contentUrl":"https:\/\/isve.com\/wp-content\/uploads\/2026\/01\/logo-isve-spa.png","width":600,"height":173,"caption":"ISVE S.p.A."},"image":{"@id":"https:\/\/isve.com\/es\/#\/schema\/logo\/image\/"},"sameAs":["https:\/\/www.linkedin.com\/company\/69445471","https:\/\/www.youtube.com\/@isves.p.a.8894"]}]}},"_links":{"self":[{"href":"https:\/\/isve.com\/es\/wp-json\/wp\/v2\/pages\/3773","targetHints":{"allow":["GET"]}}],"collection":[{"href":"https:\/\/isve.com\/es\/wp-json\/wp\/v2\/pages"}],"about":[{"href":"https:\/\/isve.com\/es\/wp-json\/wp\/v2\/types\/page"}],"author":[{"embeddable":true,"href":"https:\/\/isve.com\/es\/wp-json\/wp\/v2\/users\/1"}],"replies":[{"embeddable":true,"href":"https:\/\/isve.com\/es\/wp-json\/wp\/v2\/comments?post=3773"}],"version-history":[{"count":0,"href":"https:\/\/isve.com\/es\/wp-json\/wp\/v2\/pages\/3773\/revisions"}],"up":[{"embeddable":true,"href":"https:\/\/isve.com\/es\/wp-json\/wp\/v2\/pages\/4288"}],"wp:featuredmedia":[{"embeddable":true,"href":"https:\/\/isve.com\/es\/wp-json\/wp\/v2\/media\/10546"}],"wp:attachment":[{"href":"https:\/\/isve.com\/es\/wp-json\/wp\/v2\/media?parent=3773"}],"wp:term":[{"taxonomy":"post_tag","embeddable":true,"href":"https:\/\/isve.com\/es\/wp-json\/wp\/v2\/tags?post=3773"},{"taxonomy":"impaginazione","embeddable":true,"href":"https:\/\/isve.com\/es\/wp-json\/wp\/v2\/impaginazione?post=3773"},{"taxonomy":"divisione","embeddable":true,"href":"https:\/\/isve.com\/es\/wp-json\/wp\/v2\/divisione?post=3773"},{"taxonomy":"categorie_modelli","embeddable":true,"href":"https:\/\/isve.com\/es\/wp-json\/wp\/v2\/categorie_modelli?post=3773"}],"curies":[{"name":"wp","href":"https:\/\/api.w.org\/{rel}","templated":true}]}}