{"id":3607,"date":"2019-09-17T19:54:25","date_gmt":"2019-09-17T17:54:25","guid":{"rendered":"https:\/\/isve.com\/?page_id=3607"},"modified":"2023-11-06T08:44:26","modified_gmt":"2023-11-06T07:44:26","slug":"trituradoras-mono-arbol-modelo-ms-22-60-it","status":"publish","type":"page","link":"https:\/\/isve.com\/es\/trituradores-industriales\/trituradoras-mono-arbol\/trituradoras-mono-arbol-modelo-ms-22-60-it\/","title":{"rendered":"Trituradoras mono-\u00e1rbol: Modelo MS 22-60 IT"},"content":{"rendered":"<p><img fetchpriority=\"high\" decoding=\"async\" class=\"alignnone size-full wp-image-9019\" src=\"https:\/\/isve.com\/wp-content\/uploads\/2022\/02\/monoalb-2022-ms-22-60-it-img02.jpg\" alt=\"MS 22-60 IT\" width=\"995\" height=\"680\" srcset=\"https:\/\/isve.com\/wp-content\/uploads\/2022\/02\/monoalb-2022-ms-22-60-it-img02.jpg 995w, https:\/\/isve.com\/wp-content\/uploads\/2022\/02\/monoalb-2022-ms-22-60-it-img02-600x410.jpg 600w, https:\/\/isve.com\/wp-content\/uploads\/2022\/02\/monoalb-2022-ms-22-60-it-img02-768x525.jpg 768w\" sizes=\"(max-width: 995px) 100vw, 995px\" \/><\/p>\n<p>El molino mono \u2013 \u00e1rbol MS 22-60 esta indicada para el tratamiento de residuos de grande consistenc\u00eca.<br \/>\nEl dispositivo de prensado se activa mediante un brazo hidr\u00e1ulico central que oprime el material a triturar contra un rodillo dentado que a su vez fricciona con una parrilla perforada, la cu\u00e1l seg\u00fan el di\u00e1metro de perforaci\u00f3n, permite distintas medidas del residuo restante.<\/p>\n<h2 class=\"titoletto\"><strong>Caracter\u00edsticas principales:<\/strong><\/h2>\n<ul>\n<li><span class=\"etichetta\">Potencia Instalada en el rotor:<\/span> 18,5 kW (25 HP)<\/li>\n<li><span class=\"etichetta\">Potencia central hidr\u00e0ulica:<\/span> 2,2 kW (HP 3)<\/li>\n<li><span class=\"etichetta\">Transmisi\u00f3n:<\/span> mediante ejes<\/li>\n<li><span class=\"etichetta\">N\u00ba rotores:<\/span> 1<\/li>\n<li><span class=\"etichetta\">Di\u00e1metro Rotor:<\/span> 220 mm<\/li>\n<li><span class=\"etichetta\">Largo rotor:<\/span> 600 mm<\/li>\n<li><span class=\"etichetta\">N\u00ba Dentado reversible:<\/span> 27<\/li>\n<li><span class=\"etichetta\">N\u00b0Lados dentato utilizables:<\/span> 4<\/li>\n<li><span class=\"etichetta\">\u00bd R.P.M.:<\/span> 85<\/li>\n<li><span class=\"etichetta\">peso:<\/span> 1.800 kg<\/li>\n<li><span class=\"etichetta\">Producci\u00f3n:<\/span> 200-400 kg\/ora<\/li>\n<li>Dispositivo seguridad: Paro de emergencia, sistema de inversi\u00f3n caj\u00f3n.<\/li>\n<\/ul>\n<h2 class=\"titoletto\"><strong>Recomendaciones de uso:<\/strong><\/h2>\n<p>M\u00e1quina de tama\u00f1o peque\u00f1o-mediano polivalente apta para triturar numeros\u00edsimos materiales, tanto de desecho como no. Se puede montar en l\u00ednea para funcionar de manera continua. Recomendada para triturar trozos de madera, pl\u00e1stico de grande espesor, papel, documentos reservados, chapas expulsas, pequenos neumaticos, etc.<\/p>\n<h2 class=\"titoletto\"><strong>Caracter\u00edsticas del triturador:<\/strong><\/h2>\n<ul>\n<li>Robusto bastidor de acero soldado electricamente;<\/li>\n<li>Soportes para rodamientos de rodillos en r\u00f3tula con sistema de estanqueidad contra polvos y l\u00edquidos;<\/li>\n<li>Rotor de grande espesor de 220 mm de diametro y 600 de largo, dotado de 23 placas porta-cuchillas y n.27 cuchillas de acero antidesgaste utilizables para 4 veces;<\/li>\n<li>N\u00b0 2 Contra-lamas ajustables de acero antidesgaste altamente ligado;<\/li>\n<li>Caj\u00f2n prensador que se activa mediante un brazo hidr\u00e1ulico con 500 mm de carrera util;<\/li>\n<li>Central hidr\u00e1ulica;<\/li>\n<li>Sistema de transmisi\u00f3n por poleas para evitar que las vibraci\u00f2nes del rotor puedan danar los partes mecanicas;<\/li>\n<li>N\u00b0 1 motor multi-voltaje, multi-frecuencia de primaria casa nacional de 18,5 kW con clase de eficiencia PREMIUM (IE3) y n. 1 motor de 2,2 kW para la central hidr\u00e1ulica;<\/li>\n<li>C\u00e1mara de corte con dimensiones de 600&#215;700 mm.;<\/li>\n<li>Tolva de chapa soldada el\u00e9ctricamente para la carga desde arriba.;<\/li>\n<li>Criba intercambiable que determina las medidas del material triturado;<\/li>\n<li>Sistema de descarga: a definir.<\/li>\n<\/ul>\n<h2 class=\"titoletto\"><strong>Caracter\u00edsticas del sistema de control:<\/strong><\/h2>\n<ul>\n<li>Cuadro el\u00e9ctrico seg\u00fan la norma CEE dotado de limitador de par que invierte el movimiento del rotor en caso de que la carga de trabajo de la m\u00e1quina supere el valor programado;<\/li>\n<li>Tarjeta interna principal LOGO SIEMENS para el control de todas las perif\u00e9ricas de la instalaci\u00f3n;<\/li>\n<li>Funciones de control de emergencia para la parada de la instalaci\u00f3n;<\/li>\n<li><strong>Ejecuci\u00f3n seg\u00fan las normas CE.<\/strong><\/li>\n<\/ul>\n<h2 class=\"titoletto\">ACCESORIOS<\/h2>\n<ul>\n<li>Criba intercambiable que determina el tama\u00f1o del material triturado (diam. 14-16-20-25-30-35 mm).<\/li>\n<li>Caj\u00f3n conectable al sistema de aspiraci\u00f3n con un di\u00e1metro de salida de 160 mm.<\/li>\n<li>Caj\u00f3n de recogida de material triturado, equipado con 4 ruedas giratorias, ventanilla de inspecci\u00f3n de plexigl\u00e1s, pomos de fijaci\u00f3n y micro de seguridad.<\/li>\n<li>Cierre de la tolva superior con ventana lateral equipada con bandas de goma para evitar fugas de material durante la molienda.<\/li>\n<li>Sistema de enfriamiento del rotor.<\/li>\n<\/ul>\n<h2><strong>ACCESORIOS ESPEC\u00cdFICOS PARA FRESADO DE CABLES EL\u00c9CTRICOS:<\/strong><\/h2>\n<ul>\n<li>Teja de protecci\u00f3n del rotor (evita que el rotor se sobrecargue al cargar materiales en madeja).<\/li>\n<li>Sistema de parada de la trituradora en caso de sobrecarga del sistema de separaci\u00f3n\/molino refinador.<\/li>\n<\/ul>\n<p>&nbsp;<\/p>\n<p><iframe title=\"MR2260 Automotiva parts\" width=\"1200\" height=\"675\" src=\"https:\/\/www.youtube.com\/embed\/l7aI8vXcPls?feature=oembed\" frameborder=\"0\" allow=\"accelerometer; autoplay; clipboard-write; encrypted-media; gyroscope; picture-in-picture; web-share\" referrerpolicy=\"strict-origin-when-cross-origin\" allowfullscreen><\/iframe><\/p>\n<p>&nbsp;<\/p>\n<p><iframe title=\"Tritotutto\" width=\"1200\" height=\"900\" src=\"https:\/\/www.youtube.com\/embed\/Lxju1zUNEig?feature=oembed\" frameborder=\"0\" allow=\"accelerometer; autoplay; clipboard-write; encrypted-media; gyroscope; picture-in-picture; web-share\" referrerpolicy=\"strict-origin-when-cross-origin\" allowfullscreen><\/iframe><\/p>\n<p>&nbsp;<\/p>\n<p><iframe title=\"ISVE single shaft shredder MR2260 for wood veneer\" width=\"1200\" height=\"675\" src=\"https:\/\/www.youtube.com\/embed\/2KTBOYXmMzg?feature=oembed\" frameborder=\"0\" allow=\"accelerometer; autoplay; clipboard-write; encrypted-media; gyroscope; picture-in-picture; web-share\" referrerpolicy=\"strict-origin-when-cross-origin\" allowfullscreen><\/iframe><\/p>\n<p>&nbsp;<\/p>\n<p><iframe title=\"SINGLE SHAFT SHREDDER WITH GRANULATOR FOR PLASTIC\" width=\"1200\" height=\"675\" src=\"https:\/\/www.youtube.com\/embed\/Te67oIKJDis?feature=oembed\" frameborder=\"0\" allow=\"accelerometer; autoplay; clipboard-write; encrypted-media; gyroscope; picture-in-picture; web-share\" referrerpolicy=\"strict-origin-when-cross-origin\" allowfullscreen><\/iframe><\/p>\n<p>&nbsp;<\/p>\n<p><iframe title=\"Tritotutto\" width=\"1200\" height=\"900\" src=\"https:\/\/www.youtube.com\/embed\/CWYBi7uHIoA?start=13&#038;feature=oembed\" frameborder=\"0\" allow=\"accelerometer; autoplay; clipboard-write; encrypted-media; gyroscope; picture-in-picture; web-share\" referrerpolicy=\"strict-origin-when-cross-origin\" allowfullscreen><\/iframe><\/p>\n<p>&nbsp;<\/p>\n","protected":false},"excerpt":{"rendered":"<p>El molino mono \u2013 \u00e1rbol MS 22-60 esta indicada para el tratamiento de residuos de grande consistenc\u00eca. El dispositivo de prensado se activa mediante un brazo hidr\u00e1ulico central que oprime el material a triturar contra un rodillo dentado que a su vez fricciona con una parrilla perforada, la cu\u00e1l seg\u00fan el di\u00e1metro de perforaci\u00f3n, permite&hellip;<\/p>\n","protected":false},"author":1,"featured_media":9015,"parent":3584,"menu_order":207,"comment_status":"closed","ping_status":"closed","template":"","meta":{"_acf_changed":false,"footnotes":""},"tags":[2209,2045,2069,2042,2213,2252,2073,1919],"impaginazione":[3692],"divisione":[3689],"categorie_modelli":[3694],"class_list":["post-3607","page","type-page","status-publish","has-post-thumbnail","hentry","tag-amoladoras-industriales","tag-molinillo-de-madera-es-2","tag-molinillo-de-plastico","tag-molinillo-industrial","tag-molinillos-de-madera-es-2","tag-molinillos-de-plastico-es","tag-molinos","tag-trituradora","impaginazione-modello-prodotto","divisione-isve-recycling","categorie_modelli-macinatori-monoalbero","description-off"],"acf":[],"yoast_head":"<!-- This site is optimized with the Yoast SEO plugin v27.4 - https:\/\/yoast.com\/product\/yoast-seo-wordpress\/ -->\n<title>Trituradoras mono-\u00e1rbol: Modelo MS 22-60 IT - ISVE SpA - Trattamento legno - Riciclaggio - Macinatori Trituratori<\/title>\n<meta name=\"robots\" content=\"index, follow, max-snippet:-1, max-image-preview:large, max-video-preview:-1\" \/>\n<link rel=\"canonical\" href=\"https:\/\/isve.com\/es\/trituradores-industriales\/trituradoras-mono-arbol\/trituradoras-mono-arbol-modelo-ms-22-60-it\/\" \/>\n<meta property=\"og:locale\" content=\"es_ES\" \/>\n<meta property=\"og:type\" content=\"article\" \/>\n<meta property=\"og:title\" content=\"Trituradoras mono-\u00e1rbol: Modelo MS 22-60 IT - ISVE SpA - Trattamento legno - Riciclaggio - Macinatori Trituratori\" \/>\n<meta property=\"og:description\" content=\"El molino mono \u2013 \u00e1rbol MS 22-60 esta indicada para el tratamiento de residuos de grande consistenc\u00eca. El dispositivo de prensado se activa mediante un brazo hidr\u00e1ulico central que oprime el material a triturar contra un rodillo dentado que a su vez fricciona con una parrilla perforada, la cu\u00e1l seg\u00fan el di\u00e1metro de perforaci\u00f3n, permite&hellip;\" \/>\n<meta property=\"og:url\" content=\"https:\/\/isve.com\/es\/trituradores-industriales\/trituradoras-mono-arbol\/trituradoras-mono-arbol-modelo-ms-22-60-it\/\" \/>\n<meta property=\"og:site_name\" content=\"ISVE SpA - Trattamento legno - Riciclaggio - Macinatori Trituratori\" \/>\n<meta property=\"article:modified_time\" content=\"2023-11-06T07:44:26+00:00\" \/>\n<meta property=\"og:image\" content=\"https:\/\/isve.com\/wp-content\/uploads\/2022\/02\/monoalb-2022-ms-22-60-it.jpg\" \/>\n\t<meta property=\"og:image:width\" content=\"1300\" \/>\n\t<meta property=\"og:image:height\" content=\"500\" \/>\n\t<meta property=\"og:image:type\" content=\"image\/jpeg\" \/>\n<meta name=\"twitter:card\" content=\"summary_large_image\" \/>\n<meta name=\"twitter:label1\" content=\"Tiempo de lectura\" \/>\n\t<meta name=\"twitter:data1\" content=\"4 minutos\" \/>\n<script type=\"application\/ld+json\" class=\"yoast-schema-graph\">{\"@context\":\"https:\\\/\\\/schema.org\",\"@graph\":[{\"@type\":\"WebPage\",\"@id\":\"https:\\\/\\\/isve.com\\\/es\\\/trituradores-industriales\\\/trituradoras-mono-arbol\\\/trituradoras-mono-arbol-modelo-ms-22-60-it\\\/\",\"url\":\"https:\\\/\\\/isve.com\\\/es\\\/trituradores-industriales\\\/trituradoras-mono-arbol\\\/trituradoras-mono-arbol-modelo-ms-22-60-it\\\/\",\"name\":\"Trituradoras mono-\u00e1rbol: Modelo MS 22-60 IT - ISVE SpA - Trattamento legno - Riciclaggio - Macinatori Trituratori\",\"isPartOf\":{\"@id\":\"https:\\\/\\\/isve.com\\\/es\\\/#website\"},\"primaryImageOfPage\":{\"@id\":\"https:\\\/\\\/isve.com\\\/es\\\/trituradores-industriales\\\/trituradoras-mono-arbol\\\/trituradoras-mono-arbol-modelo-ms-22-60-it\\\/#primaryimage\"},\"image\":{\"@id\":\"https:\\\/\\\/isve.com\\\/es\\\/trituradores-industriales\\\/trituradoras-mono-arbol\\\/trituradoras-mono-arbol-modelo-ms-22-60-it\\\/#primaryimage\"},\"thumbnailUrl\":\"https:\\\/\\\/isve.com\\\/wp-content\\\/uploads\\\/2022\\\/02\\\/monoalb-2022-ms-22-60-it.jpg\",\"datePublished\":\"2019-09-17T17:54:25+00:00\",\"dateModified\":\"2023-11-06T07:44:26+00:00\",\"breadcrumb\":{\"@id\":\"https:\\\/\\\/isve.com\\\/es\\\/trituradores-industriales\\\/trituradoras-mono-arbol\\\/trituradoras-mono-arbol-modelo-ms-22-60-it\\\/#breadcrumb\"},\"inLanguage\":\"es\",\"potentialAction\":[{\"@type\":\"ReadAction\",\"target\":[\"https:\\\/\\\/isve.com\\\/es\\\/trituradores-industriales\\\/trituradoras-mono-arbol\\\/trituradoras-mono-arbol-modelo-ms-22-60-it\\\/\"]}]},{\"@type\":\"ImageObject\",\"inLanguage\":\"es\",\"@id\":\"https:\\\/\\\/isve.com\\\/es\\\/trituradores-industriales\\\/trituradoras-mono-arbol\\\/trituradoras-mono-arbol-modelo-ms-22-60-it\\\/#primaryimage\",\"url\":\"https:\\\/\\\/isve.com\\\/wp-content\\\/uploads\\\/2022\\\/02\\\/monoalb-2022-ms-22-60-it.jpg\",\"contentUrl\":\"https:\\\/\\\/isve.com\\\/wp-content\\\/uploads\\\/2022\\\/02\\\/monoalb-2022-ms-22-60-it.jpg\",\"width\":1300,\"height\":500,\"caption\":\"MS 22-60 IT\"},{\"@type\":\"BreadcrumbList\",\"@id\":\"https:\\\/\\\/isve.com\\\/es\\\/trituradores-industriales\\\/trituradoras-mono-arbol\\\/trituradoras-mono-arbol-modelo-ms-22-60-it\\\/#breadcrumb\",\"itemListElement\":[{\"@type\":\"ListItem\",\"position\":1,\"name\":\"Home\",\"item\":\"https:\\\/\\\/isve.com\\\/es\\\/\"},{\"@type\":\"ListItem\",\"position\":2,\"name\":\"Productos Recycling\",\"item\":\"https:\\\/\\\/isve.com\\\/es\\\/trituradores-industriales\\\/\"},{\"@type\":\"ListItem\",\"position\":3,\"name\":\"Modelos &#8211; Molinos\",\"item\":\"https:\\\/\\\/isve.com\\\/es\\\/trituradores-industriales\\\/trituradoras-mono-arbol\\\/\"},{\"@type\":\"ListItem\",\"position\":4,\"name\":\"Trituradoras mono-\u00e1rbol: Modelo MS 22-60 IT\"}]},{\"@type\":\"WebSite\",\"@id\":\"https:\\\/\\\/isve.com\\\/es\\\/#website\",\"url\":\"https:\\\/\\\/isve.com\\\/es\\\/\",\"name\":\"ISVE S.p.A.\",\"description\":\"Sistemi per trattamento del legno e triturazione macinazione granulazione\",\"publisher\":{\"@id\":\"https:\\\/\\\/isve.com\\\/es\\\/#organization\"},\"potentialAction\":[{\"@type\":\"SearchAction\",\"target\":{\"@type\":\"EntryPoint\",\"urlTemplate\":\"https:\\\/\\\/isve.com\\\/es\\\/?s={search_term_string}\"},\"query-input\":{\"@type\":\"PropertyValueSpecification\",\"valueRequired\":true,\"valueName\":\"search_term_string\"}}],\"inLanguage\":\"es\"},{\"@type\":\"Organization\",\"@id\":\"https:\\\/\\\/isve.com\\\/es\\\/#organization\",\"name\":\"ISVE S.p.A.\",\"url\":\"https:\\\/\\\/isve.com\\\/es\\\/\",\"logo\":{\"@type\":\"ImageObject\",\"inLanguage\":\"es\",\"@id\":\"https:\\\/\\\/isve.com\\\/es\\\/#\\\/schema\\\/logo\\\/image\\\/\",\"url\":\"https:\\\/\\\/isve.com\\\/wp-content\\\/uploads\\\/2026\\\/01\\\/logo-isve-spa.png\",\"contentUrl\":\"https:\\\/\\\/isve.com\\\/wp-content\\\/uploads\\\/2026\\\/01\\\/logo-isve-spa.png\",\"width\":600,\"height\":173,\"caption\":\"ISVE S.p.A.\"},\"image\":{\"@id\":\"https:\\\/\\\/isve.com\\\/es\\\/#\\\/schema\\\/logo\\\/image\\\/\"},\"sameAs\":[\"https:\\\/\\\/www.linkedin.com\\\/company\\\/69445471\",\"https:\\\/\\\/www.youtube.com\\\/@isves.p.a.8894\"]}]}<\/script>\n<!-- \/ Yoast SEO plugin. -->","yoast_head_json":{"title":"Trituradoras mono-\u00e1rbol: Modelo MS 22-60 IT - ISVE SpA - Trattamento legno - Riciclaggio - Macinatori Trituratori","robots":{"index":"index","follow":"follow","max-snippet":"max-snippet:-1","max-image-preview":"max-image-preview:large","max-video-preview":"max-video-preview:-1"},"canonical":"https:\/\/isve.com\/es\/trituradores-industriales\/trituradoras-mono-arbol\/trituradoras-mono-arbol-modelo-ms-22-60-it\/","og_locale":"es_ES","og_type":"article","og_title":"Trituradoras mono-\u00e1rbol: Modelo MS 22-60 IT - ISVE SpA - Trattamento legno - Riciclaggio - Macinatori Trituratori","og_description":"El molino mono \u2013 \u00e1rbol MS 22-60 esta indicada para el tratamiento de residuos de grande consistenc\u00eca. El dispositivo de prensado se activa mediante un brazo hidr\u00e1ulico central que oprime el material a triturar contra un rodillo dentado que a su vez fricciona con una parrilla perforada, la cu\u00e1l seg\u00fan el di\u00e1metro de perforaci\u00f3n, permite&hellip;","og_url":"https:\/\/isve.com\/es\/trituradores-industriales\/trituradoras-mono-arbol\/trituradoras-mono-arbol-modelo-ms-22-60-it\/","og_site_name":"ISVE SpA - Trattamento legno - Riciclaggio - Macinatori Trituratori","article_modified_time":"2023-11-06T07:44:26+00:00","og_image":[{"width":1300,"height":500,"url":"https:\/\/isve.com\/wp-content\/uploads\/2022\/02\/monoalb-2022-ms-22-60-it.jpg","type":"image\/jpeg"}],"twitter_card":"summary_large_image","twitter_misc":{"Tiempo de lectura":"4 minutos"},"schema":{"@context":"https:\/\/schema.org","@graph":[{"@type":"WebPage","@id":"https:\/\/isve.com\/es\/trituradores-industriales\/trituradoras-mono-arbol\/trituradoras-mono-arbol-modelo-ms-22-60-it\/","url":"https:\/\/isve.com\/es\/trituradores-industriales\/trituradoras-mono-arbol\/trituradoras-mono-arbol-modelo-ms-22-60-it\/","name":"Trituradoras mono-\u00e1rbol: Modelo MS 22-60 IT - ISVE SpA - Trattamento legno - Riciclaggio - Macinatori Trituratori","isPartOf":{"@id":"https:\/\/isve.com\/es\/#website"},"primaryImageOfPage":{"@id":"https:\/\/isve.com\/es\/trituradores-industriales\/trituradoras-mono-arbol\/trituradoras-mono-arbol-modelo-ms-22-60-it\/#primaryimage"},"image":{"@id":"https:\/\/isve.com\/es\/trituradores-industriales\/trituradoras-mono-arbol\/trituradoras-mono-arbol-modelo-ms-22-60-it\/#primaryimage"},"thumbnailUrl":"https:\/\/isve.com\/wp-content\/uploads\/2022\/02\/monoalb-2022-ms-22-60-it.jpg","datePublished":"2019-09-17T17:54:25+00:00","dateModified":"2023-11-06T07:44:26+00:00","breadcrumb":{"@id":"https:\/\/isve.com\/es\/trituradores-industriales\/trituradoras-mono-arbol\/trituradoras-mono-arbol-modelo-ms-22-60-it\/#breadcrumb"},"inLanguage":"es","potentialAction":[{"@type":"ReadAction","target":["https:\/\/isve.com\/es\/trituradores-industriales\/trituradoras-mono-arbol\/trituradoras-mono-arbol-modelo-ms-22-60-it\/"]}]},{"@type":"ImageObject","inLanguage":"es","@id":"https:\/\/isve.com\/es\/trituradores-industriales\/trituradoras-mono-arbol\/trituradoras-mono-arbol-modelo-ms-22-60-it\/#primaryimage","url":"https:\/\/isve.com\/wp-content\/uploads\/2022\/02\/monoalb-2022-ms-22-60-it.jpg","contentUrl":"https:\/\/isve.com\/wp-content\/uploads\/2022\/02\/monoalb-2022-ms-22-60-it.jpg","width":1300,"height":500,"caption":"MS 22-60 IT"},{"@type":"BreadcrumbList","@id":"https:\/\/isve.com\/es\/trituradores-industriales\/trituradoras-mono-arbol\/trituradoras-mono-arbol-modelo-ms-22-60-it\/#breadcrumb","itemListElement":[{"@type":"ListItem","position":1,"name":"Home","item":"https:\/\/isve.com\/es\/"},{"@type":"ListItem","position":2,"name":"Productos Recycling","item":"https:\/\/isve.com\/es\/trituradores-industriales\/"},{"@type":"ListItem","position":3,"name":"Modelos &#8211; Molinos","item":"https:\/\/isve.com\/es\/trituradores-industriales\/trituradoras-mono-arbol\/"},{"@type":"ListItem","position":4,"name":"Trituradoras mono-\u00e1rbol: Modelo MS 22-60 IT"}]},{"@type":"WebSite","@id":"https:\/\/isve.com\/es\/#website","url":"https:\/\/isve.com\/es\/","name":"ISVE S.p.A.","description":"Sistemi per trattamento del legno e triturazione macinazione granulazione","publisher":{"@id":"https:\/\/isve.com\/es\/#organization"},"potentialAction":[{"@type":"SearchAction","target":{"@type":"EntryPoint","urlTemplate":"https:\/\/isve.com\/es\/?s={search_term_string}"},"query-input":{"@type":"PropertyValueSpecification","valueRequired":true,"valueName":"search_term_string"}}],"inLanguage":"es"},{"@type":"Organization","@id":"https:\/\/isve.com\/es\/#organization","name":"ISVE S.p.A.","url":"https:\/\/isve.com\/es\/","logo":{"@type":"ImageObject","inLanguage":"es","@id":"https:\/\/isve.com\/es\/#\/schema\/logo\/image\/","url":"https:\/\/isve.com\/wp-content\/uploads\/2026\/01\/logo-isve-spa.png","contentUrl":"https:\/\/isve.com\/wp-content\/uploads\/2026\/01\/logo-isve-spa.png","width":600,"height":173,"caption":"ISVE S.p.A."},"image":{"@id":"https:\/\/isve.com\/es\/#\/schema\/logo\/image\/"},"sameAs":["https:\/\/www.linkedin.com\/company\/69445471","https:\/\/www.youtube.com\/@isves.p.a.8894"]}]}},"_links":{"self":[{"href":"https:\/\/isve.com\/es\/wp-json\/wp\/v2\/pages\/3607","targetHints":{"allow":["GET"]}}],"collection":[{"href":"https:\/\/isve.com\/es\/wp-json\/wp\/v2\/pages"}],"about":[{"href":"https:\/\/isve.com\/es\/wp-json\/wp\/v2\/types\/page"}],"author":[{"embeddable":true,"href":"https:\/\/isve.com\/es\/wp-json\/wp\/v2\/users\/1"}],"replies":[{"embeddable":true,"href":"https:\/\/isve.com\/es\/wp-json\/wp\/v2\/comments?post=3607"}],"version-history":[{"count":0,"href":"https:\/\/isve.com\/es\/wp-json\/wp\/v2\/pages\/3607\/revisions"}],"up":[{"embeddable":true,"href":"https:\/\/isve.com\/es\/wp-json\/wp\/v2\/pages\/3584"}],"wp:featuredmedia":[{"embeddable":true,"href":"https:\/\/isve.com\/es\/wp-json\/wp\/v2\/media\/9015"}],"wp:attachment":[{"href":"https:\/\/isve.com\/es\/wp-json\/wp\/v2\/media?parent=3607"}],"wp:term":[{"taxonomy":"post_tag","embeddable":true,"href":"https:\/\/isve.com\/es\/wp-json\/wp\/v2\/tags?post=3607"},{"taxonomy":"impaginazione","embeddable":true,"href":"https:\/\/isve.com\/es\/wp-json\/wp\/v2\/impaginazione?post=3607"},{"taxonomy":"divisione","embeddable":true,"href":"https:\/\/isve.com\/es\/wp-json\/wp\/v2\/divisione?post=3607"},{"taxonomy":"categorie_modelli","embeddable":true,"href":"https:\/\/isve.com\/es\/wp-json\/wp\/v2\/categorie_modelli?post=3607"}],"curies":[{"name":"wp","href":"https:\/\/api.w.org\/{rel}","templated":true}]}}