{"id":26344,"date":"2025-09-07T09:52:21","date_gmt":"2025-09-07T07:52:21","guid":{"rendered":"https:\/\/isve.com\/isve-wood\/impregnatori-imp-vp-fire-retardant-per-trattamento-ignifugo-del-legno\/"},"modified":"2026-03-31T13:38:13","modified_gmt":"2026-03-31T11:38:13","slug":"impregnadores-al-vacio-presion-serie-fire-retardant-para-la-proteccion-ignifuga-de-la-madera","status":"publish","type":"page","link":"https:\/\/isve.com\/es\/equipos-tratamiento-madera\/impregnadores-al-vacio-presion-serie-fire-retardant-para-la-proteccion-ignifuga-de-la-madera\/","title":{"rendered":"Impregnadores al vac\u00edo presi\u00f3n Serie &#8220;FIRE-RETARDANT&#8221; para la protecci\u00f3n ign\u00edfuga de la madera"},"content":{"rendered":"<h2>Proteja la madera del fuego: tratamientos ign\u00edfugos con impregnadores de vac\u00edo-presi\u00f3n<\/h2>\n<p>La maquinaria de la serie IMP-VP de ISVE S.p.A. representa una soluci\u00f3n avanzada no solo para la protecci\u00f3n de la madera contra agentes biol\u00f3gicos y atmosf\u00e9ricos, sino tambi\u00e9n para su tratamiento ign\u00edfugo.<\/p>\n<h3>Sistemas avanzados IMP-VP para impregnaciones profundas con resultados certificados.<\/h3>\n<p>Nuestros sistemas de vac\u00edo-presi\u00f3n IMP-VP permiten la aplicaci\u00f3n uniforme y completa de retardantes de llama en la madera. El resultado es un material m\u00e1s seguro y resistente al fuego, ideal para soluciones de construcci\u00f3n, mobiliario p\u00fablico y entornos certificados.<\/p>\n<p>&nbsp;<\/p>\n<p><iframe title=\"ISVE WOOD TREATMENT PLANT\" width=\"1200\" height=\"675\" src=\"https:\/\/www.youtube.com\/embed\/cs7xsS30d4g?start=3&#038;feature=oembed\" frameborder=\"0\" allow=\"accelerometer; autoplay; clipboard-write; encrypted-media; gyroscope; picture-in-picture; web-share\" referrerpolicy=\"strict-origin-when-cross-origin\" allowfullscreen><\/iframe><\/p>\n<h2><\/h2>\n<h2>\u00bfQu\u00e9 son los productos ign\u00edfugos?<\/h2>\n<p>Los retardantes de llama son sustancias qu\u00edmicas dise\u00f1adas para retardar o prevenir la propagaci\u00f3n del fuego en materiales inflamables. En el caso de la madera, suelen ser sales minerales a base de agua, aplicadas mediante impregnaci\u00f3n profunda. Estos compuestos, que pueden ser sales minerales, organofosforados u organohalogenados, se activan a altas temperaturas, creando una barrera qu\u00edmico-f\u00edsica que limita la combusti\u00f3n y la generaci\u00f3n de humo.<\/p>\n<p><img fetchpriority=\"high\" decoding=\"async\" class=\"alignnone wp-image-26400 size-medium\" src=\"https:\/\/isve.com\/wp-content\/uploads\/2025\/09\/fire-retardant-600x457.jpg\" alt=\"\" width=\"600\" height=\"457\" srcset=\"https:\/\/isve.com\/wp-content\/uploads\/2025\/09\/fire-retardant-600x457.jpg 600w, https:\/\/isve.com\/wp-content\/uploads\/2025\/09\/fire-retardant-1024x781.jpg 1024w, https:\/\/isve.com\/wp-content\/uploads\/2025\/09\/fire-retardant-768x586.jpg 768w, https:\/\/isve.com\/wp-content\/uploads\/2025\/09\/fire-retardant.jpg 1343w\" sizes=\"(max-width: 600px) 100vw, 600px\" \/><\/p>\n<h2>\u00bfC\u00f3mo funciona nuestro IMP-VP?<\/h2>\n<h3>Aplicaci\u00f3n mediante autoclave de vac\u00edo-presi\u00f3n<\/h3>\n<p>El sistema de vac\u00edo-presi\u00f3n utilizado por ISVE S.p.A. permite una penetraci\u00f3n uniforme y profunda de las sales ign\u00edfugas en las fibras de la madera, garantizando un tratamiento eficaz y duradero.<\/p>\n<blockquote><p>El ciclo incluye:<\/p>\n<ul>\n<li><strong>Vac\u00edo inicial<\/strong>: una fase inicial de vac\u00edo para extraer el aire de las c\u00e9lulas de la madera,<\/li>\n<\/ul>\n<ul>\n<li><strong>Llenado<\/strong>: un llenado controlado con la soluci\u00f3n ign\u00edfuga,<\/li>\n<\/ul>\n<ul>\n<li><strong>Presi\u00f3n<\/strong>: una fase de presi\u00f3n para forzar la absorci\u00f3n profunda del producto,<\/li>\n<\/ul>\n<ul>\n<li><strong>Vac\u00edo final<\/strong>: un vac\u00edo final para facilitar el escurrido, el secado de la madera y la fijaci\u00f3n del tratamiento.<\/li>\n<\/ul>\n<\/blockquote>\n<p>Este proceso nos permite obtener madera con un rendimiento ign\u00edfugo certificado, que cumple con las normativas exigidas en los sectores de la construcci\u00f3n p\u00fablica, residencial, naval y ferroviaria.<\/p>\n\n\t\t<style>\n\t\t\t#gallery-1 {\n\t\t\t\tmargin: auto;\n\t\t\t}\n\t\t\t#gallery-1 .gallery-item {\n\t\t\t\tfloat: left;\n\t\t\t\tmargin-top: 10px;\n\t\t\t\ttext-align: center;\n\t\t\t\twidth: 33%;\n\t\t\t}\n\t\t\t#gallery-1 img {\n\t\t\t\tborder: 2px solid #cfcfcf;\n\t\t\t}\n\t\t\t#gallery-1 .gallery-caption {\n\t\t\t\tmargin-left: 0;\n\t\t\t}\n\t\t\t\/* see gallery_shortcode() in wp-includes\/media.php *\/\n\t\t<\/style>\n\t\t<div id='gallery-1' class='gallery galleryid-26344 gallery-columns-3 gallery-size-thumbnail'><dl class='gallery-item'>\n\t\t\t<dt class='gallery-icon portrait'>\n\t\t\t\t<a href='https:\/\/isve.com\/es\/equipos-tratamiento-madera\/impregnadores-al-vacio-presion-serie-fire-retardant-para-la-proteccion-ignifuga-de-la-madera\/attachment\/isve-fire-retardant-imp-vp-d1800-9200-02-2\/'><img decoding=\"async\" width=\"150\" height=\"150\" src=\"https:\/\/isve.com\/wp-content\/uploads\/2025\/09\/isve-fire-retardant-imp-vp-d1800-9200-02-150x150.jpg\" class=\"attachment-thumbnail size-thumbnail\" alt=\"\" \/><\/a>\n\t\t\t<\/dt><\/dl><dl class='gallery-item'>\n\t\t\t<dt class='gallery-icon portrait'>\n\t\t\t\t<a href='https:\/\/isve.com\/es\/equipos-tratamiento-madera\/impregnadores-al-vacio-presion-serie-fire-retardant-para-la-proteccion-ignifuga-de-la-madera\/attachment\/isve-fire-retardant-imp-vp-d1800-9200-2\/'><img decoding=\"async\" width=\"150\" height=\"150\" src=\"https:\/\/isve.com\/wp-content\/uploads\/2025\/09\/isve-fire-retardant-imp-vp-d1800-9200-150x150.jpg\" class=\"attachment-thumbnail size-thumbnail\" alt=\"\" \/><\/a>\n\t\t\t<\/dt><\/dl>\n\t\t\t<br style='clear: both' \/>\n\t\t<\/div>\n\n<h3><\/h3>\n<h2>Beneficios de la ignifugaci\u00f3n con ISVE IMP-VP<\/h2>\n<ul>\n<li><strong>Tratamiento profundo y uniforme en poco tiempo<\/strong>, incluso en maderas altamente impenetrables como pino, abeto y haya.<\/li>\n<\/ul>\n<ul>\n<li><strong>Compatibilidad con diferentes tipos de retardantes de llama<\/strong>, lo que permite al cliente elegir el producto que mejor se adapte a sus necesidades.<\/li>\n<\/ul>\n<ul>\n<li><strong>Seguridad y sostenibilidad<\/strong>: los productos ign\u00edfugos utilizados en nuestros sistemas tienen un bajo impacto ambiental, no son t\u00f3xicos y no contienen metales pesados.<\/li>\n<\/ul>\n<ul>\n<li><strong>Mantenimiento reducido<\/strong>: gracias a la robustez de los materiales y al software avanzado para la gesti\u00f3n de los ciclos de ignifugaci\u00f3n. Tratamiento.<\/li>\n<\/ul>\n<p>&nbsp;<\/p>\n<blockquote><p><a href=\"https:\/\/isve.com\/es\/contactos\/\">\u00a1Cont\u00e1ctanos para obtener un presupuesto personalizado!<\/a><\/p><\/blockquote>\n","protected":false},"excerpt":{"rendered":"<p>Proteja la madera del fuego: tratamientos ign\u00edfugos con impregnadores de vac\u00edo-presi\u00f3n La maquinaria de la serie IMP-VP de ISVE S.p.A. representa una soluci\u00f3n avanzada no solo para la protecci\u00f3n de la madera contra agentes biol\u00f3gicos y atmosf\u00e9ricos, sino tambi\u00e9n para su tratamiento ign\u00edfugo. Sistemas avanzados IMP-VP para impregnaciones profundas con resultados certificados. Nuestros sistemas de&hellip;<\/p>\n","protected":false},"author":1,"featured_media":14498,"parent":15968,"menu_order":293,"comment_status":"closed","ping_status":"closed","template":"","meta":{"_acf_changed":false,"footnotes":""},"tags":[3813,3814,3815,3816,3817],"impaginazione":[],"divisione":[3690],"categorie_modelli":[],"class_list":["post-26344","page","type-page","status-publish","has-post-thumbnail","hentry","tag-fire-retardant-es","tag-flame-retardants-es","tag-ignifugazione-es","tag-proteggere-il-legno-dal-fuoco-es","tag-trattamento-ignifugo-legno-es","divisione-isve-wood","description-off"],"acf":[],"yoast_head":"<!-- This site is optimized with the Yoast SEO plugin v27.4 - https:\/\/yoast.com\/product\/yoast-seo-wordpress\/ -->\n<title>Impregnadores al vac\u00edo presi\u00f3n Serie &quot;FIRE-RETARDANT&quot; para la protecci\u00f3n ign\u00edfuga de la madera - ISVE SpA - Trattamento legno - Riciclaggio - Macinatori Trituratori<\/title>\n<meta name=\"robots\" content=\"index, follow, max-snippet:-1, max-image-preview:large, max-video-preview:-1\" \/>\n<link rel=\"canonical\" href=\"https:\/\/isve.com\/es\/equipos-tratamiento-madera\/impregnadores-al-vacio-presion-serie-fire-retardant-para-la-proteccion-ignifuga-de-la-madera\/\" \/>\n<meta property=\"og:locale\" content=\"es_ES\" \/>\n<meta property=\"og:type\" content=\"article\" \/>\n<meta property=\"og:title\" content=\"Impregnadores al vac\u00edo presi\u00f3n Serie &quot;FIRE-RETARDANT&quot; para la protecci\u00f3n ign\u00edfuga de la madera - ISVE SpA - Trattamento legno - Riciclaggio - Macinatori Trituratori\" \/>\n<meta property=\"og:description\" content=\"Proteja la madera del fuego: tratamientos ign\u00edfugos con impregnadores de vac\u00edo-presi\u00f3n La maquinaria de la serie IMP-VP de ISVE S.p.A. representa una soluci\u00f3n avanzada no solo para la protecci\u00f3n de la madera contra agentes biol\u00f3gicos y atmosf\u00e9ricos, sino tambi\u00e9n para su tratamiento ign\u00edfugo. Sistemas avanzados IMP-VP para impregnaciones profundas con resultados certificados. Nuestros sistemas de&hellip;\" \/>\n<meta property=\"og:url\" content=\"https:\/\/isve.com\/es\/equipos-tratamiento-madera\/impregnadores-al-vacio-presion-serie-fire-retardant-para-la-proteccion-ignifuga-de-la-madera\/\" \/>\n<meta property=\"og:site_name\" content=\"ISVE SpA - Trattamento legno - Riciclaggio - Macinatori Trituratori\" \/>\n<meta property=\"article:modified_time\" content=\"2026-03-31T11:38:13+00:00\" \/>\n<meta property=\"og:image\" content=\"https:\/\/isve.com\/wp-content\/uploads\/impr\/gn\/impregnatori_serie_imp-vp.jpg\" \/>\n\t<meta property=\"og:image:width\" content=\"1400\" \/>\n\t<meta property=\"og:image:height\" content=\"972\" \/>\n\t<meta property=\"og:image:type\" content=\"image\/jpeg\" \/>\n<meta name=\"twitter:card\" content=\"summary_large_image\" \/>\n<meta name=\"twitter:label1\" content=\"Tiempo de lectura\" \/>\n\t<meta name=\"twitter:data1\" content=\"2 minutos\" \/>\n<script type=\"application\/ld+json\" class=\"yoast-schema-graph\">{\"@context\":\"https:\\\/\\\/schema.org\",\"@graph\":[{\"@type\":\"WebPage\",\"@id\":\"https:\\\/\\\/isve.com\\\/es\\\/equipos-tratamiento-madera\\\/impregnadores-al-vacio-presion-serie-fire-retardant-para-la-proteccion-ignifuga-de-la-madera\\\/\",\"url\":\"https:\\\/\\\/isve.com\\\/es\\\/equipos-tratamiento-madera\\\/impregnadores-al-vacio-presion-serie-fire-retardant-para-la-proteccion-ignifuga-de-la-madera\\\/\",\"name\":\"Impregnadores al vac\u00edo presi\u00f3n Serie \\\"FIRE-RETARDANT\\\" para la protecci\u00f3n ign\u00edfuga de la madera - ISVE SpA - Trattamento legno - Riciclaggio - Macinatori Trituratori\",\"isPartOf\":{\"@id\":\"https:\\\/\\\/isve.com\\\/es\\\/#website\"},\"primaryImageOfPage\":{\"@id\":\"https:\\\/\\\/isve.com\\\/es\\\/equipos-tratamiento-madera\\\/impregnadores-al-vacio-presion-serie-fire-retardant-para-la-proteccion-ignifuga-de-la-madera\\\/#primaryimage\"},\"image\":{\"@id\":\"https:\\\/\\\/isve.com\\\/es\\\/equipos-tratamiento-madera\\\/impregnadores-al-vacio-presion-serie-fire-retardant-para-la-proteccion-ignifuga-de-la-madera\\\/#primaryimage\"},\"thumbnailUrl\":\"https:\\\/\\\/isve.com\\\/wp-content\\\/uploads\\\/impr\\\/gn\\\/impregnatori_serie_imp-vp.jpg\",\"datePublished\":\"2025-09-07T07:52:21+00:00\",\"dateModified\":\"2026-03-31T11:38:13+00:00\",\"breadcrumb\":{\"@id\":\"https:\\\/\\\/isve.com\\\/es\\\/equipos-tratamiento-madera\\\/impregnadores-al-vacio-presion-serie-fire-retardant-para-la-proteccion-ignifuga-de-la-madera\\\/#breadcrumb\"},\"inLanguage\":\"es\",\"potentialAction\":[{\"@type\":\"ReadAction\",\"target\":[\"https:\\\/\\\/isve.com\\\/es\\\/equipos-tratamiento-madera\\\/impregnadores-al-vacio-presion-serie-fire-retardant-para-la-proteccion-ignifuga-de-la-madera\\\/\"]}]},{\"@type\":\"ImageObject\",\"inLanguage\":\"es\",\"@id\":\"https:\\\/\\\/isve.com\\\/es\\\/equipos-tratamiento-madera\\\/impregnadores-al-vacio-presion-serie-fire-retardant-para-la-proteccion-ignifuga-de-la-madera\\\/#primaryimage\",\"url\":\"https:\\\/\\\/isve.com\\\/wp-content\\\/uploads\\\/impr\\\/gn\\\/impregnatori_serie_imp-vp.jpg\",\"contentUrl\":\"https:\\\/\\\/isve.com\\\/wp-content\\\/uploads\\\/impr\\\/gn\\\/impregnatori_serie_imp-vp.jpg\",\"width\":1400,\"height\":972},{\"@type\":\"BreadcrumbList\",\"@id\":\"https:\\\/\\\/isve.com\\\/es\\\/equipos-tratamiento-madera\\\/impregnadores-al-vacio-presion-serie-fire-retardant-para-la-proteccion-ignifuga-de-la-madera\\\/#breadcrumb\",\"itemListElement\":[{\"@type\":\"ListItem\",\"position\":1,\"name\":\"Home\",\"item\":\"https:\\\/\\\/isve.com\\\/es\\\/\"},{\"@type\":\"ListItem\",\"position\":2,\"name\":\"Tratamiento de la Madera\",\"item\":\"https:\\\/\\\/isve.com\\\/es\\\/equipos-tratamiento-madera\\\/\"},{\"@type\":\"ListItem\",\"position\":3,\"name\":\"Impregnadores al vac\u00edo presi\u00f3n Serie &#8220;FIRE-RETARDANT&#8221; para la protecci\u00f3n ign\u00edfuga de la madera\"}]},{\"@type\":\"WebSite\",\"@id\":\"https:\\\/\\\/isve.com\\\/es\\\/#website\",\"url\":\"https:\\\/\\\/isve.com\\\/es\\\/\",\"name\":\"ISVE S.p.A.\",\"description\":\"Sistemi per trattamento del legno e triturazione macinazione granulazione\",\"publisher\":{\"@id\":\"https:\\\/\\\/isve.com\\\/es\\\/#organization\"},\"potentialAction\":[{\"@type\":\"SearchAction\",\"target\":{\"@type\":\"EntryPoint\",\"urlTemplate\":\"https:\\\/\\\/isve.com\\\/es\\\/?s={search_term_string}\"},\"query-input\":{\"@type\":\"PropertyValueSpecification\",\"valueRequired\":true,\"valueName\":\"search_term_string\"}}],\"inLanguage\":\"es\"},{\"@type\":\"Organization\",\"@id\":\"https:\\\/\\\/isve.com\\\/es\\\/#organization\",\"name\":\"ISVE S.p.A.\",\"url\":\"https:\\\/\\\/isve.com\\\/es\\\/\",\"logo\":{\"@type\":\"ImageObject\",\"inLanguage\":\"es\",\"@id\":\"https:\\\/\\\/isve.com\\\/es\\\/#\\\/schema\\\/logo\\\/image\\\/\",\"url\":\"https:\\\/\\\/isve.com\\\/wp-content\\\/uploads\\\/2026\\\/01\\\/logo-isve-spa.png\",\"contentUrl\":\"https:\\\/\\\/isve.com\\\/wp-content\\\/uploads\\\/2026\\\/01\\\/logo-isve-spa.png\",\"width\":600,\"height\":173,\"caption\":\"ISVE S.p.A.\"},\"image\":{\"@id\":\"https:\\\/\\\/isve.com\\\/es\\\/#\\\/schema\\\/logo\\\/image\\\/\"},\"sameAs\":[\"https:\\\/\\\/www.linkedin.com\\\/company\\\/69445471\",\"https:\\\/\\\/www.youtube.com\\\/@isves.p.a.8894\"]}]}<\/script>\n<!-- \/ Yoast SEO plugin. -->","yoast_head_json":{"title":"Impregnadores al vac\u00edo presi\u00f3n Serie \"FIRE-RETARDANT\" para la protecci\u00f3n ign\u00edfuga de la madera - ISVE SpA - Trattamento legno - Riciclaggio - Macinatori Trituratori","robots":{"index":"index","follow":"follow","max-snippet":"max-snippet:-1","max-image-preview":"max-image-preview:large","max-video-preview":"max-video-preview:-1"},"canonical":"https:\/\/isve.com\/es\/equipos-tratamiento-madera\/impregnadores-al-vacio-presion-serie-fire-retardant-para-la-proteccion-ignifuga-de-la-madera\/","og_locale":"es_ES","og_type":"article","og_title":"Impregnadores al vac\u00edo presi\u00f3n Serie \"FIRE-RETARDANT\" para la protecci\u00f3n ign\u00edfuga de la madera - ISVE SpA - Trattamento legno - Riciclaggio - Macinatori Trituratori","og_description":"Proteja la madera del fuego: tratamientos ign\u00edfugos con impregnadores de vac\u00edo-presi\u00f3n La maquinaria de la serie IMP-VP de ISVE S.p.A. representa una soluci\u00f3n avanzada no solo para la protecci\u00f3n de la madera contra agentes biol\u00f3gicos y atmosf\u00e9ricos, sino tambi\u00e9n para su tratamiento ign\u00edfugo. Sistemas avanzados IMP-VP para impregnaciones profundas con resultados certificados. Nuestros sistemas de&hellip;","og_url":"https:\/\/isve.com\/es\/equipos-tratamiento-madera\/impregnadores-al-vacio-presion-serie-fire-retardant-para-la-proteccion-ignifuga-de-la-madera\/","og_site_name":"ISVE SpA - Trattamento legno - Riciclaggio - Macinatori Trituratori","article_modified_time":"2026-03-31T11:38:13+00:00","og_image":[{"width":1400,"height":972,"url":"https:\/\/isve.com\/wp-content\/uploads\/impr\/gn\/impregnatori_serie_imp-vp.jpg","type":"image\/jpeg"}],"twitter_card":"summary_large_image","twitter_misc":{"Tiempo de lectura":"2 minutos"},"schema":{"@context":"https:\/\/schema.org","@graph":[{"@type":"WebPage","@id":"https:\/\/isve.com\/es\/equipos-tratamiento-madera\/impregnadores-al-vacio-presion-serie-fire-retardant-para-la-proteccion-ignifuga-de-la-madera\/","url":"https:\/\/isve.com\/es\/equipos-tratamiento-madera\/impregnadores-al-vacio-presion-serie-fire-retardant-para-la-proteccion-ignifuga-de-la-madera\/","name":"Impregnadores al vac\u00edo presi\u00f3n Serie \"FIRE-RETARDANT\" para la protecci\u00f3n ign\u00edfuga de la madera - ISVE SpA - Trattamento legno - Riciclaggio - Macinatori Trituratori","isPartOf":{"@id":"https:\/\/isve.com\/es\/#website"},"primaryImageOfPage":{"@id":"https:\/\/isve.com\/es\/equipos-tratamiento-madera\/impregnadores-al-vacio-presion-serie-fire-retardant-para-la-proteccion-ignifuga-de-la-madera\/#primaryimage"},"image":{"@id":"https:\/\/isve.com\/es\/equipos-tratamiento-madera\/impregnadores-al-vacio-presion-serie-fire-retardant-para-la-proteccion-ignifuga-de-la-madera\/#primaryimage"},"thumbnailUrl":"https:\/\/isve.com\/wp-content\/uploads\/impr\/gn\/impregnatori_serie_imp-vp.jpg","datePublished":"2025-09-07T07:52:21+00:00","dateModified":"2026-03-31T11:38:13+00:00","breadcrumb":{"@id":"https:\/\/isve.com\/es\/equipos-tratamiento-madera\/impregnadores-al-vacio-presion-serie-fire-retardant-para-la-proteccion-ignifuga-de-la-madera\/#breadcrumb"},"inLanguage":"es","potentialAction":[{"@type":"ReadAction","target":["https:\/\/isve.com\/es\/equipos-tratamiento-madera\/impregnadores-al-vacio-presion-serie-fire-retardant-para-la-proteccion-ignifuga-de-la-madera\/"]}]},{"@type":"ImageObject","inLanguage":"es","@id":"https:\/\/isve.com\/es\/equipos-tratamiento-madera\/impregnadores-al-vacio-presion-serie-fire-retardant-para-la-proteccion-ignifuga-de-la-madera\/#primaryimage","url":"https:\/\/isve.com\/wp-content\/uploads\/impr\/gn\/impregnatori_serie_imp-vp.jpg","contentUrl":"https:\/\/isve.com\/wp-content\/uploads\/impr\/gn\/impregnatori_serie_imp-vp.jpg","width":1400,"height":972},{"@type":"BreadcrumbList","@id":"https:\/\/isve.com\/es\/equipos-tratamiento-madera\/impregnadores-al-vacio-presion-serie-fire-retardant-para-la-proteccion-ignifuga-de-la-madera\/#breadcrumb","itemListElement":[{"@type":"ListItem","position":1,"name":"Home","item":"https:\/\/isve.com\/es\/"},{"@type":"ListItem","position":2,"name":"Tratamiento de la Madera","item":"https:\/\/isve.com\/es\/equipos-tratamiento-madera\/"},{"@type":"ListItem","position":3,"name":"Impregnadores al vac\u00edo presi\u00f3n Serie &#8220;FIRE-RETARDANT&#8221; para la protecci\u00f3n ign\u00edfuga de la madera"}]},{"@type":"WebSite","@id":"https:\/\/isve.com\/es\/#website","url":"https:\/\/isve.com\/es\/","name":"ISVE S.p.A.","description":"Sistemi per trattamento del legno e triturazione macinazione granulazione","publisher":{"@id":"https:\/\/isve.com\/es\/#organization"},"potentialAction":[{"@type":"SearchAction","target":{"@type":"EntryPoint","urlTemplate":"https:\/\/isve.com\/es\/?s={search_term_string}"},"query-input":{"@type":"PropertyValueSpecification","valueRequired":true,"valueName":"search_term_string"}}],"inLanguage":"es"},{"@type":"Organization","@id":"https:\/\/isve.com\/es\/#organization","name":"ISVE S.p.A.","url":"https:\/\/isve.com\/es\/","logo":{"@type":"ImageObject","inLanguage":"es","@id":"https:\/\/isve.com\/es\/#\/schema\/logo\/image\/","url":"https:\/\/isve.com\/wp-content\/uploads\/2026\/01\/logo-isve-spa.png","contentUrl":"https:\/\/isve.com\/wp-content\/uploads\/2026\/01\/logo-isve-spa.png","width":600,"height":173,"caption":"ISVE S.p.A."},"image":{"@id":"https:\/\/isve.com\/es\/#\/schema\/logo\/image\/"},"sameAs":["https:\/\/www.linkedin.com\/company\/69445471","https:\/\/www.youtube.com\/@isves.p.a.8894"]}]}},"_links":{"self":[{"href":"https:\/\/isve.com\/es\/wp-json\/wp\/v2\/pages\/26344","targetHints":{"allow":["GET"]}}],"collection":[{"href":"https:\/\/isve.com\/es\/wp-json\/wp\/v2\/pages"}],"about":[{"href":"https:\/\/isve.com\/es\/wp-json\/wp\/v2\/types\/page"}],"author":[{"embeddable":true,"href":"https:\/\/isve.com\/es\/wp-json\/wp\/v2\/users\/1"}],"replies":[{"embeddable":true,"href":"https:\/\/isve.com\/es\/wp-json\/wp\/v2\/comments?post=26344"}],"version-history":[{"count":6,"href":"https:\/\/isve.com\/es\/wp-json\/wp\/v2\/pages\/26344\/revisions"}],"predecessor-version":[{"id":29466,"href":"https:\/\/isve.com\/es\/wp-json\/wp\/v2\/pages\/26344\/revisions\/29466"}],"up":[{"embeddable":true,"href":"https:\/\/isve.com\/es\/wp-json\/wp\/v2\/pages\/15968"}],"wp:featuredmedia":[{"embeddable":true,"href":"https:\/\/isve.com\/es\/wp-json\/wp\/v2\/media\/14498"}],"wp:attachment":[{"href":"https:\/\/isve.com\/es\/wp-json\/wp\/v2\/media?parent=26344"}],"wp:term":[{"taxonomy":"post_tag","embeddable":true,"href":"https:\/\/isve.com\/es\/wp-json\/wp\/v2\/tags?post=26344"},{"taxonomy":"impaginazione","embeddable":true,"href":"https:\/\/isve.com\/es\/wp-json\/wp\/v2\/impaginazione?post=26344"},{"taxonomy":"divisione","embeddable":true,"href":"https:\/\/isve.com\/es\/wp-json\/wp\/v2\/divisione?post=26344"},{"taxonomy":"categorie_modelli","embeddable":true,"href":"https:\/\/isve.com\/es\/wp-json\/wp\/v2\/categorie_modelli?post=26344"}],"curies":[{"name":"wp","href":"https:\/\/api.w.org\/{rel}","templated":true}]}}