{"id":16527,"date":"2020-03-25T17:17:31","date_gmt":"2020-03-25T16:17:31","guid":{"rendered":"https:\/\/isve.com\/sobre-nosotros\/experiencia-y-especializacion\/"},"modified":"2026-02-18T13:07:43","modified_gmt":"2026-02-18T12:07:43","slug":"experiencia-y-especializacion","status":"publish","type":"page","link":"https:\/\/isve.com\/es\/sobre-nosotros\/experiencia-y-especializacion\/","title":{"rendered":"Experiencia y especializaci\u00f3n"},"content":{"rendered":"\t\t<div data-elementor-type=\"wp-page\" data-elementor-id=\"16527\" class=\"elementor elementor-16527 elementor-16497\" data-elementor-post-type=\"page\">\n\t\t\t\t\t\t<section class=\"elementor-section elementor-top-section elementor-element elementor-element-1a542c6 elementor-section-full_width elementor-section-height-default elementor-section-height-default\" data-id=\"1a542c6\" data-element_type=\"section\" data-e-type=\"section\">\n\t\t\t\t\t\t<div class=\"elementor-container elementor-column-gap-wider\">\n\t\t\t\t\t<div class=\"elementor-column elementor-col-50 elementor-top-column elementor-element elementor-element-7dba3b6 elementor-invisible\" data-id=\"7dba3b6\" data-element_type=\"column\" data-e-type=\"column\" data-settings=\"{&quot;background_background&quot;:&quot;classic&quot;,&quot;animation&quot;:&quot;fadeInLeft&quot;}\">\n\t\t\t<div class=\"elementor-widget-wrap elementor-element-populated\">\n\t\t\t\t\t\t<div class=\"elementor-element elementor-element-03cd021 elementor-widget elementor-widget-spacer\" data-id=\"03cd021\" data-element_type=\"widget\" data-e-type=\"widget\" data-widget_type=\"spacer.default\">\n\t\t\t\t<div class=\"elementor-widget-container\">\n\t\t\t\t\t\t\t<div class=\"elementor-spacer\">\n\t\t\t<div class=\"elementor-spacer-inner\"><\/div>\n\t\t<\/div>\n\t\t\t\t\t\t<\/div>\n\t\t\t\t<\/div>\n\t\t\t\t\t<\/div>\n\t\t<\/div>\n\t\t\t\t<div class=\"elementor-column elementor-col-50 elementor-top-column elementor-element elementor-element-d7bab6c\" data-id=\"d7bab6c\" data-element_type=\"column\" data-e-type=\"column\" data-settings=\"{&quot;background_background&quot;:&quot;classic&quot;}\">\n\t\t\t<div class=\"elementor-widget-wrap elementor-element-populated\">\n\t\t\t\t\t\t<div class=\"elementor-element elementor-element-2e5cb5a elementor-widget__width-initial elementor-invisible elementor-widget elementor-widget-heading\" data-id=\"2e5cb5a\" data-element_type=\"widget\" data-e-type=\"widget\" data-settings=\"{&quot;_animation&quot;:&quot;zoomIn&quot;}\" data-widget_type=\"heading.default\">\n\t\t\t\t<div class=\"elementor-widget-container\">\n\t\t\t\t\t<h2 class=\"elementor-heading-title elementor-size-default\">EXPERIENCIA Y ESPECIALIZACI\u00d3N PARA OFRECER SOLUCIONES DE ALTO RENDIMIENTO<\/h2>\t\t\t\t<\/div>\n\t\t\t\t<\/div>\n\t\t\t\t<div class=\"elementor-element elementor-element-bb645d3 elementor-widget elementor-widget-spacer\" data-id=\"bb645d3\" data-element_type=\"widget\" data-e-type=\"widget\" data-widget_type=\"spacer.default\">\n\t\t\t\t<div class=\"elementor-widget-container\">\n\t\t\t\t\t\t\t<div class=\"elementor-spacer\">\n\t\t\t<div class=\"elementor-spacer-inner\"><\/div>\n\t\t<\/div>\n\t\t\t\t\t\t<\/div>\n\t\t\t\t<\/div>\n\t\t\t\t<div class=\"elementor-element elementor-element-e2b19e1 elementor-widget__width-initial elementor-invisible elementor-widget elementor-widget-text-editor\" data-id=\"e2b19e1\" data-element_type=\"widget\" data-e-type=\"widget\" data-settings=\"{&quot;_animation&quot;:&quot;fadeInUp&quot;,&quot;_animation_delay&quot;:100}\" data-widget_type=\"text-editor.default\">\n\t\t\t\t<div class=\"elementor-widget-container\">\n\t\t\t\t\t\t\t\t\t<p>La innovaci\u00f3n tecnol\u00f3gica y la b\u00fasqueda de la excelencia son las claves del crecimiento significativo de ISVE en los mercados internacionales.<\/p><p>La compa\u00f1\u00eda, fundada en 1977, ha podido obtener autoridad y consenso al recurrir fuertemente a sectores din\u00e1micos como la madera y el reciclaje.<\/p><p>Nuestro compromiso y el de todo el equipo de nuestros empleados y colaboradores, siempre ha sido ofrecer al mercado soluciones confiables y personalizadas.<\/p><p>Tecnolog\u00edas caracterizadas por poder combinar niveles de eficiencia muy altos con una sensibilidad ambiental concreta.<\/p>\t\t\t\t\t\t\t\t<\/div>\n\t\t\t\t<\/div>\n\t\t\t\t\t<\/div>\n\t\t<\/div>\n\t\t\t\t\t<\/div>\n\t\t<\/section>\n\t\t\t\t<\/div>\n\t\t","protected":false},"excerpt":{"rendered":"<p>EXPERIENCIA Y ESPECIALIZACI\u00d3N PARA OFRECER SOLUCIONES DE ALTO RENDIMIENTO La innovaci\u00f3n tecnol\u00f3gica y la b\u00fasqueda de la excelencia son las claves del crecimiento significativo de ISVE en los mercados internacionales. La compa\u00f1\u00eda, fundada en 1977, ha podido obtener autoridad y consenso al recurrir fuertemente a sectores din\u00e1micos como la madera y el reciclaje. Nuestro compromiso&hellip;<\/p>\n","protected":false},"author":1,"featured_media":28501,"parent":4700,"menu_order":7,"comment_status":"closed","ping_status":"closed","template":"","meta":{"_acf_changed":false,"footnotes":""},"tags":[3782],"impaginazione":[3686],"divisione":[3688],"categorie_modelli":[],"class_list":["post-16527","page","type-page","status-publish","has-post-thumbnail","hentry","tag-isve-group-pages-es","impaginazione-pagina-larga","divisione-isve-group"],"acf":[],"yoast_head":"<!-- This site is optimized with the Yoast SEO plugin v27.4 - https:\/\/yoast.com\/product\/yoast-seo-wordpress\/ -->\n<title>Experiencia y especializaci\u00f3n - ISVE SpA - Trattamento legno - Riciclaggio - Macinatori Trituratori<\/title>\n<meta name=\"robots\" content=\"index, follow, max-snippet:-1, max-image-preview:large, max-video-preview:-1\" \/>\n<link rel=\"canonical\" href=\"https:\/\/isve.com\/es\/sobre-nosotros\/experiencia-y-especializacion\/\" \/>\n<meta property=\"og:locale\" content=\"es_ES\" \/>\n<meta property=\"og:type\" content=\"article\" \/>\n<meta property=\"og:title\" content=\"Experiencia y especializaci\u00f3n - ISVE SpA - Trattamento legno - Riciclaggio - Macinatori Trituratori\" \/>\n<meta property=\"og:description\" content=\"EXPERIENCIA Y ESPECIALIZACI\u00d3N PARA OFRECER SOLUCIONES DE ALTO RENDIMIENTO La innovaci\u00f3n tecnol\u00f3gica y la b\u00fasqueda de la excelencia son las claves del crecimiento significativo de ISVE en los mercados internacionales. La compa\u00f1\u00eda, fundada en 1977, ha podido obtener autoridad y consenso al recurrir fuertemente a sectores din\u00e1micos como la madera y el reciclaje. Nuestro compromiso&hellip;\" \/>\n<meta property=\"og:url\" content=\"https:\/\/isve.com\/es\/sobre-nosotros\/experiencia-y-especializacion\/\" \/>\n<meta property=\"og:site_name\" content=\"ISVE SpA - Trattamento legno - Riciclaggio - Macinatori Trituratori\" \/>\n<meta property=\"article:modified_time\" content=\"2026-02-18T12:07:43+00:00\" \/>\n<meta property=\"og:image\" content=\"https:\/\/isve.com\/wp-content\/uploads\/2020\/03\/esperienza_img.jpg\" \/>\n\t<meta property=\"og:image:width\" content=\"909\" \/>\n\t<meta property=\"og:image:height\" content=\"1080\" \/>\n\t<meta property=\"og:image:type\" content=\"image\/jpeg\" \/>\n<meta name=\"twitter:card\" content=\"summary_large_image\" \/>\n<script type=\"application\/ld+json\" class=\"yoast-schema-graph\">{\"@context\":\"https:\\\/\\\/schema.org\",\"@graph\":[{\"@type\":\"WebPage\",\"@id\":\"https:\\\/\\\/isve.com\\\/es\\\/sobre-nosotros\\\/experiencia-y-especializacion\\\/\",\"url\":\"https:\\\/\\\/isve.com\\\/es\\\/sobre-nosotros\\\/experiencia-y-especializacion\\\/\",\"name\":\"Experiencia y especializaci\u00f3n - ISVE SpA - Trattamento legno - Riciclaggio - Macinatori Trituratori\",\"isPartOf\":{\"@id\":\"https:\\\/\\\/isve.com\\\/es\\\/#website\"},\"primaryImageOfPage\":{\"@id\":\"https:\\\/\\\/isve.com\\\/es\\\/sobre-nosotros\\\/experiencia-y-especializacion\\\/#primaryimage\"},\"image\":{\"@id\":\"https:\\\/\\\/isve.com\\\/es\\\/sobre-nosotros\\\/experiencia-y-especializacion\\\/#primaryimage\"},\"thumbnailUrl\":\"https:\\\/\\\/isve.com\\\/wp-content\\\/uploads\\\/2020\\\/03\\\/esperienza_img.jpg\",\"datePublished\":\"2020-03-25T16:17:31+00:00\",\"dateModified\":\"2026-02-18T12:07:43+00:00\",\"breadcrumb\":{\"@id\":\"https:\\\/\\\/isve.com\\\/es\\\/sobre-nosotros\\\/experiencia-y-especializacion\\\/#breadcrumb\"},\"inLanguage\":\"es\",\"potentialAction\":[{\"@type\":\"ReadAction\",\"target\":[\"https:\\\/\\\/isve.com\\\/es\\\/sobre-nosotros\\\/experiencia-y-especializacion\\\/\"]}]},{\"@type\":\"ImageObject\",\"inLanguage\":\"es\",\"@id\":\"https:\\\/\\\/isve.com\\\/es\\\/sobre-nosotros\\\/experiencia-y-especializacion\\\/#primaryimage\",\"url\":\"https:\\\/\\\/isve.com\\\/wp-content\\\/uploads\\\/2020\\\/03\\\/esperienza_img.jpg\",\"contentUrl\":\"https:\\\/\\\/isve.com\\\/wp-content\\\/uploads\\\/2020\\\/03\\\/esperienza_img.jpg\",\"width\":909,\"height\":1080},{\"@type\":\"BreadcrumbList\",\"@id\":\"https:\\\/\\\/isve.com\\\/es\\\/sobre-nosotros\\\/experiencia-y-especializacion\\\/#breadcrumb\",\"itemListElement\":[{\"@type\":\"ListItem\",\"position\":1,\"name\":\"Home\",\"item\":\"https:\\\/\\\/isve.com\\\/es\\\/\"},{\"@type\":\"ListItem\",\"position\":2,\"name\":\"ISVE &#8211; Sobre nosotros\",\"item\":\"https:\\\/\\\/isve.com\\\/es\\\/sobre-nosotros\\\/\"},{\"@type\":\"ListItem\",\"position\":3,\"name\":\"Experiencia y especializaci\u00f3n\"}]},{\"@type\":\"WebSite\",\"@id\":\"https:\\\/\\\/isve.com\\\/es\\\/#website\",\"url\":\"https:\\\/\\\/isve.com\\\/es\\\/\",\"name\":\"ISVE S.p.A.\",\"description\":\"Sistemi per trattamento del legno e triturazione macinazione granulazione\",\"publisher\":{\"@id\":\"https:\\\/\\\/isve.com\\\/es\\\/#organization\"},\"potentialAction\":[{\"@type\":\"SearchAction\",\"target\":{\"@type\":\"EntryPoint\",\"urlTemplate\":\"https:\\\/\\\/isve.com\\\/es\\\/?s={search_term_string}\"},\"query-input\":{\"@type\":\"PropertyValueSpecification\",\"valueRequired\":true,\"valueName\":\"search_term_string\"}}],\"inLanguage\":\"es\"},{\"@type\":\"Organization\",\"@id\":\"https:\\\/\\\/isve.com\\\/es\\\/#organization\",\"name\":\"ISVE S.p.A.\",\"url\":\"https:\\\/\\\/isve.com\\\/es\\\/\",\"logo\":{\"@type\":\"ImageObject\",\"inLanguage\":\"es\",\"@id\":\"https:\\\/\\\/isve.com\\\/es\\\/#\\\/schema\\\/logo\\\/image\\\/\",\"url\":\"https:\\\/\\\/isve.com\\\/wp-content\\\/uploads\\\/2026\\\/01\\\/logo-isve-spa.png\",\"contentUrl\":\"https:\\\/\\\/isve.com\\\/wp-content\\\/uploads\\\/2026\\\/01\\\/logo-isve-spa.png\",\"width\":600,\"height\":173,\"caption\":\"ISVE S.p.A.\"},\"image\":{\"@id\":\"https:\\\/\\\/isve.com\\\/es\\\/#\\\/schema\\\/logo\\\/image\\\/\"},\"sameAs\":[\"https:\\\/\\\/www.linkedin.com\\\/company\\\/69445471\",\"https:\\\/\\\/www.youtube.com\\\/@isves.p.a.8894\"]}]}<\/script>\n<!-- \/ Yoast SEO plugin. -->","yoast_head_json":{"title":"Experiencia y especializaci\u00f3n - ISVE SpA - Trattamento legno - Riciclaggio - Macinatori Trituratori","robots":{"index":"index","follow":"follow","max-snippet":"max-snippet:-1","max-image-preview":"max-image-preview:large","max-video-preview":"max-video-preview:-1"},"canonical":"https:\/\/isve.com\/es\/sobre-nosotros\/experiencia-y-especializacion\/","og_locale":"es_ES","og_type":"article","og_title":"Experiencia y especializaci\u00f3n - ISVE SpA - Trattamento legno - Riciclaggio - Macinatori Trituratori","og_description":"EXPERIENCIA Y ESPECIALIZACI\u00d3N PARA OFRECER SOLUCIONES DE ALTO RENDIMIENTO La innovaci\u00f3n tecnol\u00f3gica y la b\u00fasqueda de la excelencia son las claves del crecimiento significativo de ISVE en los mercados internacionales. La compa\u00f1\u00eda, fundada en 1977, ha podido obtener autoridad y consenso al recurrir fuertemente a sectores din\u00e1micos como la madera y el reciclaje. Nuestro compromiso&hellip;","og_url":"https:\/\/isve.com\/es\/sobre-nosotros\/experiencia-y-especializacion\/","og_site_name":"ISVE SpA - Trattamento legno - Riciclaggio - Macinatori Trituratori","article_modified_time":"2026-02-18T12:07:43+00:00","og_image":[{"width":909,"height":1080,"url":"https:\/\/isve.com\/wp-content\/uploads\/2020\/03\/esperienza_img.jpg","type":"image\/jpeg"}],"twitter_card":"summary_large_image","schema":{"@context":"https:\/\/schema.org","@graph":[{"@type":"WebPage","@id":"https:\/\/isve.com\/es\/sobre-nosotros\/experiencia-y-especializacion\/","url":"https:\/\/isve.com\/es\/sobre-nosotros\/experiencia-y-especializacion\/","name":"Experiencia y especializaci\u00f3n - ISVE SpA - Trattamento legno - Riciclaggio - Macinatori Trituratori","isPartOf":{"@id":"https:\/\/isve.com\/es\/#website"},"primaryImageOfPage":{"@id":"https:\/\/isve.com\/es\/sobre-nosotros\/experiencia-y-especializacion\/#primaryimage"},"image":{"@id":"https:\/\/isve.com\/es\/sobre-nosotros\/experiencia-y-especializacion\/#primaryimage"},"thumbnailUrl":"https:\/\/isve.com\/wp-content\/uploads\/2020\/03\/esperienza_img.jpg","datePublished":"2020-03-25T16:17:31+00:00","dateModified":"2026-02-18T12:07:43+00:00","breadcrumb":{"@id":"https:\/\/isve.com\/es\/sobre-nosotros\/experiencia-y-especializacion\/#breadcrumb"},"inLanguage":"es","potentialAction":[{"@type":"ReadAction","target":["https:\/\/isve.com\/es\/sobre-nosotros\/experiencia-y-especializacion\/"]}]},{"@type":"ImageObject","inLanguage":"es","@id":"https:\/\/isve.com\/es\/sobre-nosotros\/experiencia-y-especializacion\/#primaryimage","url":"https:\/\/isve.com\/wp-content\/uploads\/2020\/03\/esperienza_img.jpg","contentUrl":"https:\/\/isve.com\/wp-content\/uploads\/2020\/03\/esperienza_img.jpg","width":909,"height":1080},{"@type":"BreadcrumbList","@id":"https:\/\/isve.com\/es\/sobre-nosotros\/experiencia-y-especializacion\/#breadcrumb","itemListElement":[{"@type":"ListItem","position":1,"name":"Home","item":"https:\/\/isve.com\/es\/"},{"@type":"ListItem","position":2,"name":"ISVE &#8211; Sobre nosotros","item":"https:\/\/isve.com\/es\/sobre-nosotros\/"},{"@type":"ListItem","position":3,"name":"Experiencia y especializaci\u00f3n"}]},{"@type":"WebSite","@id":"https:\/\/isve.com\/es\/#website","url":"https:\/\/isve.com\/es\/","name":"ISVE S.p.A.","description":"Sistemi per trattamento del legno e triturazione macinazione granulazione","publisher":{"@id":"https:\/\/isve.com\/es\/#organization"},"potentialAction":[{"@type":"SearchAction","target":{"@type":"EntryPoint","urlTemplate":"https:\/\/isve.com\/es\/?s={search_term_string}"},"query-input":{"@type":"PropertyValueSpecification","valueRequired":true,"valueName":"search_term_string"}}],"inLanguage":"es"},{"@type":"Organization","@id":"https:\/\/isve.com\/es\/#organization","name":"ISVE S.p.A.","url":"https:\/\/isve.com\/es\/","logo":{"@type":"ImageObject","inLanguage":"es","@id":"https:\/\/isve.com\/es\/#\/schema\/logo\/image\/","url":"https:\/\/isve.com\/wp-content\/uploads\/2026\/01\/logo-isve-spa.png","contentUrl":"https:\/\/isve.com\/wp-content\/uploads\/2026\/01\/logo-isve-spa.png","width":600,"height":173,"caption":"ISVE S.p.A."},"image":{"@id":"https:\/\/isve.com\/es\/#\/schema\/logo\/image\/"},"sameAs":["https:\/\/www.linkedin.com\/company\/69445471","https:\/\/www.youtube.com\/@isves.p.a.8894"]}]}},"_links":{"self":[{"href":"https:\/\/isve.com\/es\/wp-json\/wp\/v2\/pages\/16527","targetHints":{"allow":["GET"]}}],"collection":[{"href":"https:\/\/isve.com\/es\/wp-json\/wp\/v2\/pages"}],"about":[{"href":"https:\/\/isve.com\/es\/wp-json\/wp\/v2\/types\/page"}],"author":[{"embeddable":true,"href":"https:\/\/isve.com\/es\/wp-json\/wp\/v2\/users\/1"}],"replies":[{"embeddable":true,"href":"https:\/\/isve.com\/es\/wp-json\/wp\/v2\/comments?post=16527"}],"version-history":[{"count":3,"href":"https:\/\/isve.com\/es\/wp-json\/wp\/v2\/pages\/16527\/revisions"}],"predecessor-version":[{"id":28745,"href":"https:\/\/isve.com\/es\/wp-json\/wp\/v2\/pages\/16527\/revisions\/28745"}],"up":[{"embeddable":true,"href":"https:\/\/isve.com\/es\/wp-json\/wp\/v2\/pages\/4700"}],"wp:featuredmedia":[{"embeddable":true,"href":"https:\/\/isve.com\/es\/wp-json\/wp\/v2\/media\/28501"}],"wp:attachment":[{"href":"https:\/\/isve.com\/es\/wp-json\/wp\/v2\/media?parent=16527"}],"wp:term":[{"taxonomy":"post_tag","embeddable":true,"href":"https:\/\/isve.com\/es\/wp-json\/wp\/v2\/tags?post=16527"},{"taxonomy":"impaginazione","embeddable":true,"href":"https:\/\/isve.com\/es\/wp-json\/wp\/v2\/impaginazione?post=16527"},{"taxonomy":"divisione","embeddable":true,"href":"https:\/\/isve.com\/es\/wp-json\/wp\/v2\/divisione?post=16527"},{"taxonomy":"categorie_modelli","embeddable":true,"href":"https:\/\/isve.com\/es\/wp-json\/wp\/v2\/categorie_modelli?post=16527"}],"curies":[{"name":"wp","href":"https:\/\/api.w.org\/{rel}","templated":true}]}}