{"id":16524,"date":"2020-03-26T17:29:00","date_gmt":"2020-03-26T16:29:00","guid":{"rendered":"https:\/\/isve.com\/sobre-nosotros\/compromiso-con-la-innovacion\/"},"modified":"2026-02-18T13:24:14","modified_gmt":"2026-02-18T12:24:14","slug":"compromiso-con-la-innovacion","status":"publish","type":"page","link":"https:\/\/isve.com\/es\/sobre-nosotros\/compromiso-con-la-innovacion\/","title":{"rendered":"Compromiso con la innovaci\u00f3n"},"content":{"rendered":"\t\t<div data-elementor-type=\"wp-page\" data-elementor-id=\"16524\" class=\"elementor elementor-16524 elementor-16501\" data-elementor-post-type=\"page\">\n\t\t\t\t\t\t<section class=\"elementor-section elementor-top-section elementor-element elementor-element-fb29655 elementor-section-full_width elementor-section-height-default elementor-section-height-default\" data-id=\"fb29655\" data-element_type=\"section\" data-e-type=\"section\">\n\t\t\t\t\t\t<div class=\"elementor-container elementor-column-gap-wider\">\n\t\t\t\t\t<div class=\"elementor-column elementor-col-50 elementor-top-column elementor-element elementor-element-b77b10b elementor-invisible\" data-id=\"b77b10b\" data-element_type=\"column\" data-e-type=\"column\" data-settings=\"{&quot;background_background&quot;:&quot;classic&quot;,&quot;animation&quot;:&quot;fadeInLeft&quot;}\">\n\t\t\t<div class=\"elementor-widget-wrap elementor-element-populated\">\n\t\t\t\t\t\t<div class=\"elementor-element elementor-element-9fd6c47 elementor-widget elementor-widget-spacer\" data-id=\"9fd6c47\" data-element_type=\"widget\" data-e-type=\"widget\" data-widget_type=\"spacer.default\">\n\t\t\t\t<div class=\"elementor-widget-container\">\n\t\t\t\t\t\t\t<div class=\"elementor-spacer\">\n\t\t\t<div class=\"elementor-spacer-inner\"><\/div>\n\t\t<\/div>\n\t\t\t\t\t\t<\/div>\n\t\t\t\t<\/div>\n\t\t\t\t\t<\/div>\n\t\t<\/div>\n\t\t\t\t<div class=\"elementor-column elementor-col-50 elementor-top-column elementor-element elementor-element-4810b55\" data-id=\"4810b55\" data-element_type=\"column\" data-e-type=\"column\" data-settings=\"{&quot;background_background&quot;:&quot;classic&quot;}\">\n\t\t\t<div class=\"elementor-widget-wrap elementor-element-populated\">\n\t\t\t\t\t\t<div class=\"elementor-element elementor-element-e6912c5 elementor-widget__width-initial elementor-invisible elementor-widget elementor-widget-heading\" data-id=\"e6912c5\" data-element_type=\"widget\" data-e-type=\"widget\" data-settings=\"{&quot;_animation&quot;:&quot;zoomIn&quot;}\" data-widget_type=\"heading.default\">\n\t\t\t\t<div class=\"elementor-widget-container\">\n\t\t\t\t\t<h2 class=\"elementor-heading-title elementor-size-default\">UN COMPROMISO CONSTANTE PARA INNOVACI\u00d3N<\/h2>\t\t\t\t<\/div>\n\t\t\t\t<\/div>\n\t\t\t\t<div class=\"elementor-element elementor-element-441fc95 elementor-widget elementor-widget-spacer\" data-id=\"441fc95\" data-element_type=\"widget\" data-e-type=\"widget\" data-widget_type=\"spacer.default\">\n\t\t\t\t<div class=\"elementor-widget-container\">\n\t\t\t\t\t\t\t<div class=\"elementor-spacer\">\n\t\t\t<div class=\"elementor-spacer-inner\"><\/div>\n\t\t<\/div>\n\t\t\t\t\t\t<\/div>\n\t\t\t\t<\/div>\n\t\t\t\t<div class=\"elementor-element elementor-element-4adc27a elementor-widget__width-initial elementor-invisible elementor-widget elementor-widget-text-editor\" data-id=\"4adc27a\" data-element_type=\"widget\" data-e-type=\"widget\" data-settings=\"{&quot;_animation&quot;:&quot;fadeInUp&quot;,&quot;_animation_delay&quot;:100}\" data-widget_type=\"text-editor.default\">\n\t\t\t\t<div class=\"elementor-widget-container\">\n\t\t\t\t\t\t\t\t\t<p>El desarrollo de nuevas soluciones tecnol\u00f3gicas ha llevado a ISVE a utilizar sistemas de TI capaces de configurar dise\u00f1os personalizados.<\/p><p>Las experiencias de las plantas instaladas en varias partes del mundo son el mejor testimonio de c\u00f3mo ISVE invierte constantemente para continuar en la cima del sector.<\/p>\t\t\t\t\t\t\t\t<\/div>\n\t\t\t\t<\/div>\n\t\t\t\t<div class=\"elementor-element elementor-element-696f218 elementor-widget elementor-widget-spacer\" data-id=\"696f218\" data-element_type=\"widget\" data-e-type=\"widget\" data-widget_type=\"spacer.default\">\n\t\t\t\t<div class=\"elementor-widget-container\">\n\t\t\t\t\t\t\t<div class=\"elementor-spacer\">\n\t\t\t<div class=\"elementor-spacer-inner\"><\/div>\n\t\t<\/div>\n\t\t\t\t\t\t<\/div>\n\t\t\t\t<\/div>\n\t\t\t\t<div class=\"elementor-element elementor-element-8c446c0 elementor-widget__width-initial elementor-invisible elementor-widget elementor-widget-text-editor\" data-id=\"8c446c0\" data-element_type=\"widget\" data-e-type=\"widget\" data-settings=\"{&quot;_animation&quot;:&quot;fadeInUp&quot;,&quot;_animation_delay&quot;:100}\" data-widget_type=\"text-editor.default\">\n\t\t\t\t<div class=\"elementor-widget-container\">\n\t\t\t\t\t\t\t\t\t<p>ISVE ha desarrollado soluciones tecnol\u00f3gicas innovadoras que han revolucionado los enfoques y el m\u00e9todo de procesamiento.<\/p><p>Por ejemplo, ISVE fue el primero en perfeccionar la tecnolog\u00eda de vac\u00edo como un elemento de fuerte innovaci\u00f3n en apoyo de los procesos de carpinter\u00eda.<\/p>\t\t\t\t\t\t\t\t<\/div>\n\t\t\t\t<\/div>\n\t\t\t\t\t<\/div>\n\t\t<\/div>\n\t\t\t\t\t<\/div>\n\t\t<\/section>\n\t\t\t\t<\/div>\n\t\t","protected":false},"excerpt":{"rendered":"<p>UN COMPROMISO CONSTANTE PARA INNOVACI\u00d3N El desarrollo de nuevas soluciones tecnol\u00f3gicas ha llevado a ISVE a utilizar sistemas de TI capaces de configurar dise\u00f1os personalizados. Las experiencias de las plantas instaladas en varias partes del mundo son el mejor testimonio de c\u00f3mo ISVE invierte constantemente para continuar en la cima del sector. ISVE ha desarrollado&hellip;<\/p>\n","protected":false},"author":1,"featured_media":28525,"parent":4700,"menu_order":20,"comment_status":"closed","ping_status":"closed","template":"","meta":{"_acf_changed":false,"footnotes":""},"tags":[3782],"impaginazione":[3686],"divisione":[3688],"categorie_modelli":[],"class_list":["post-16524","page","type-page","status-publish","has-post-thumbnail","hentry","tag-isve-group-pages-es","impaginazione-pagina-larga","divisione-isve-group"],"acf":[],"yoast_head":"<!-- This site is optimized with the Yoast SEO plugin v27.4 - https:\/\/yoast.com\/product\/yoast-seo-wordpress\/ -->\n<title>Compromiso con la innovaci\u00f3n - ISVE SpA - Trattamento legno - Riciclaggio - Macinatori Trituratori<\/title>\n<meta name=\"robots\" content=\"index, follow, max-snippet:-1, max-image-preview:large, max-video-preview:-1\" \/>\n<link rel=\"canonical\" href=\"https:\/\/isve.com\/es\/sobre-nosotros\/compromiso-con-la-innovacion\/\" \/>\n<meta property=\"og:locale\" content=\"es_ES\" \/>\n<meta property=\"og:type\" content=\"article\" \/>\n<meta property=\"og:title\" content=\"Compromiso con la innovaci\u00f3n - ISVE SpA - Trattamento legno - Riciclaggio - Macinatori Trituratori\" \/>\n<meta property=\"og:description\" content=\"UN COMPROMISO CONSTANTE PARA INNOVACI\u00d3N El desarrollo de nuevas soluciones tecnol\u00f3gicas ha llevado a ISVE a utilizar sistemas de TI capaces de configurar dise\u00f1os personalizados. Las experiencias de las plantas instaladas en varias partes del mundo son el mejor testimonio de c\u00f3mo ISVE invierte constantemente para continuar en la cima del sector. ISVE ha desarrollado&hellip;\" \/>\n<meta property=\"og:url\" content=\"https:\/\/isve.com\/es\/sobre-nosotros\/compromiso-con-la-innovacion\/\" \/>\n<meta property=\"og:site_name\" content=\"ISVE SpA - Trattamento legno - Riciclaggio - Macinatori Trituratori\" \/>\n<meta property=\"article:modified_time\" content=\"2026-02-18T12:24:14+00:00\" \/>\n<meta property=\"og:image\" content=\"https:\/\/isve.com\/wp-content\/uploads\/2020\/03\/innovazione_img.jpg\" \/>\n\t<meta property=\"og:image:width\" content=\"910\" \/>\n\t<meta property=\"og:image:height\" content=\"1080\" \/>\n\t<meta property=\"og:image:type\" content=\"image\/jpeg\" \/>\n<meta name=\"twitter:card\" content=\"summary_large_image\" \/>\n<meta name=\"twitter:label1\" content=\"Tiempo de lectura\" \/>\n\t<meta name=\"twitter:data1\" content=\"1 minuto\" \/>\n<script type=\"application\/ld+json\" class=\"yoast-schema-graph\">{\"@context\":\"https:\\\/\\\/schema.org\",\"@graph\":[{\"@type\":\"WebPage\",\"@id\":\"https:\\\/\\\/isve.com\\\/es\\\/sobre-nosotros\\\/compromiso-con-la-innovacion\\\/\",\"url\":\"https:\\\/\\\/isve.com\\\/es\\\/sobre-nosotros\\\/compromiso-con-la-innovacion\\\/\",\"name\":\"Compromiso con la innovaci\u00f3n - ISVE SpA - Trattamento legno - Riciclaggio - Macinatori Trituratori\",\"isPartOf\":{\"@id\":\"https:\\\/\\\/isve.com\\\/es\\\/#website\"},\"primaryImageOfPage\":{\"@id\":\"https:\\\/\\\/isve.com\\\/es\\\/sobre-nosotros\\\/compromiso-con-la-innovacion\\\/#primaryimage\"},\"image\":{\"@id\":\"https:\\\/\\\/isve.com\\\/es\\\/sobre-nosotros\\\/compromiso-con-la-innovacion\\\/#primaryimage\"},\"thumbnailUrl\":\"https:\\\/\\\/isve.com\\\/wp-content\\\/uploads\\\/2020\\\/03\\\/innovazione_img.jpg\",\"datePublished\":\"2020-03-26T16:29:00+00:00\",\"dateModified\":\"2026-02-18T12:24:14+00:00\",\"breadcrumb\":{\"@id\":\"https:\\\/\\\/isve.com\\\/es\\\/sobre-nosotros\\\/compromiso-con-la-innovacion\\\/#breadcrumb\"},\"inLanguage\":\"es\",\"potentialAction\":[{\"@type\":\"ReadAction\",\"target\":[\"https:\\\/\\\/isve.com\\\/es\\\/sobre-nosotros\\\/compromiso-con-la-innovacion\\\/\"]}]},{\"@type\":\"ImageObject\",\"inLanguage\":\"es\",\"@id\":\"https:\\\/\\\/isve.com\\\/es\\\/sobre-nosotros\\\/compromiso-con-la-innovacion\\\/#primaryimage\",\"url\":\"https:\\\/\\\/isve.com\\\/wp-content\\\/uploads\\\/2020\\\/03\\\/innovazione_img.jpg\",\"contentUrl\":\"https:\\\/\\\/isve.com\\\/wp-content\\\/uploads\\\/2020\\\/03\\\/innovazione_img.jpg\",\"width\":910,\"height\":1080},{\"@type\":\"BreadcrumbList\",\"@id\":\"https:\\\/\\\/isve.com\\\/es\\\/sobre-nosotros\\\/compromiso-con-la-innovacion\\\/#breadcrumb\",\"itemListElement\":[{\"@type\":\"ListItem\",\"position\":1,\"name\":\"Home\",\"item\":\"https:\\\/\\\/isve.com\\\/es\\\/\"},{\"@type\":\"ListItem\",\"position\":2,\"name\":\"ISVE &#8211; Sobre nosotros\",\"item\":\"https:\\\/\\\/isve.com\\\/es\\\/sobre-nosotros\\\/\"},{\"@type\":\"ListItem\",\"position\":3,\"name\":\"Compromiso con la innovaci\u00f3n\"}]},{\"@type\":\"WebSite\",\"@id\":\"https:\\\/\\\/isve.com\\\/es\\\/#website\",\"url\":\"https:\\\/\\\/isve.com\\\/es\\\/\",\"name\":\"ISVE S.p.A.\",\"description\":\"Sistemi per trattamento del legno e triturazione macinazione granulazione\",\"publisher\":{\"@id\":\"https:\\\/\\\/isve.com\\\/es\\\/#organization\"},\"potentialAction\":[{\"@type\":\"SearchAction\",\"target\":{\"@type\":\"EntryPoint\",\"urlTemplate\":\"https:\\\/\\\/isve.com\\\/es\\\/?s={search_term_string}\"},\"query-input\":{\"@type\":\"PropertyValueSpecification\",\"valueRequired\":true,\"valueName\":\"search_term_string\"}}],\"inLanguage\":\"es\"},{\"@type\":\"Organization\",\"@id\":\"https:\\\/\\\/isve.com\\\/es\\\/#organization\",\"name\":\"ISVE S.p.A.\",\"url\":\"https:\\\/\\\/isve.com\\\/es\\\/\",\"logo\":{\"@type\":\"ImageObject\",\"inLanguage\":\"es\",\"@id\":\"https:\\\/\\\/isve.com\\\/es\\\/#\\\/schema\\\/logo\\\/image\\\/\",\"url\":\"https:\\\/\\\/isve.com\\\/wp-content\\\/uploads\\\/2026\\\/01\\\/logo-isve-spa.png\",\"contentUrl\":\"https:\\\/\\\/isve.com\\\/wp-content\\\/uploads\\\/2026\\\/01\\\/logo-isve-spa.png\",\"width\":600,\"height\":173,\"caption\":\"ISVE S.p.A.\"},\"image\":{\"@id\":\"https:\\\/\\\/isve.com\\\/es\\\/#\\\/schema\\\/logo\\\/image\\\/\"},\"sameAs\":[\"https:\\\/\\\/www.linkedin.com\\\/company\\\/69445471\",\"https:\\\/\\\/www.youtube.com\\\/@isves.p.a.8894\"]}]}<\/script>\n<!-- \/ Yoast SEO plugin. -->","yoast_head_json":{"title":"Compromiso con la innovaci\u00f3n - ISVE SpA - Trattamento legno - Riciclaggio - Macinatori Trituratori","robots":{"index":"index","follow":"follow","max-snippet":"max-snippet:-1","max-image-preview":"max-image-preview:large","max-video-preview":"max-video-preview:-1"},"canonical":"https:\/\/isve.com\/es\/sobre-nosotros\/compromiso-con-la-innovacion\/","og_locale":"es_ES","og_type":"article","og_title":"Compromiso con la innovaci\u00f3n - ISVE SpA - Trattamento legno - Riciclaggio - Macinatori Trituratori","og_description":"UN COMPROMISO CONSTANTE PARA INNOVACI\u00d3N El desarrollo de nuevas soluciones tecnol\u00f3gicas ha llevado a ISVE a utilizar sistemas de TI capaces de configurar dise\u00f1os personalizados. Las experiencias de las plantas instaladas en varias partes del mundo son el mejor testimonio de c\u00f3mo ISVE invierte constantemente para continuar en la cima del sector. ISVE ha desarrollado&hellip;","og_url":"https:\/\/isve.com\/es\/sobre-nosotros\/compromiso-con-la-innovacion\/","og_site_name":"ISVE SpA - Trattamento legno - Riciclaggio - Macinatori Trituratori","article_modified_time":"2026-02-18T12:24:14+00:00","og_image":[{"width":910,"height":1080,"url":"https:\/\/isve.com\/wp-content\/uploads\/2020\/03\/innovazione_img.jpg","type":"image\/jpeg"}],"twitter_card":"summary_large_image","twitter_misc":{"Tiempo de lectura":"1 minuto"},"schema":{"@context":"https:\/\/schema.org","@graph":[{"@type":"WebPage","@id":"https:\/\/isve.com\/es\/sobre-nosotros\/compromiso-con-la-innovacion\/","url":"https:\/\/isve.com\/es\/sobre-nosotros\/compromiso-con-la-innovacion\/","name":"Compromiso con la innovaci\u00f3n - ISVE SpA - Trattamento legno - Riciclaggio - Macinatori Trituratori","isPartOf":{"@id":"https:\/\/isve.com\/es\/#website"},"primaryImageOfPage":{"@id":"https:\/\/isve.com\/es\/sobre-nosotros\/compromiso-con-la-innovacion\/#primaryimage"},"image":{"@id":"https:\/\/isve.com\/es\/sobre-nosotros\/compromiso-con-la-innovacion\/#primaryimage"},"thumbnailUrl":"https:\/\/isve.com\/wp-content\/uploads\/2020\/03\/innovazione_img.jpg","datePublished":"2020-03-26T16:29:00+00:00","dateModified":"2026-02-18T12:24:14+00:00","breadcrumb":{"@id":"https:\/\/isve.com\/es\/sobre-nosotros\/compromiso-con-la-innovacion\/#breadcrumb"},"inLanguage":"es","potentialAction":[{"@type":"ReadAction","target":["https:\/\/isve.com\/es\/sobre-nosotros\/compromiso-con-la-innovacion\/"]}]},{"@type":"ImageObject","inLanguage":"es","@id":"https:\/\/isve.com\/es\/sobre-nosotros\/compromiso-con-la-innovacion\/#primaryimage","url":"https:\/\/isve.com\/wp-content\/uploads\/2020\/03\/innovazione_img.jpg","contentUrl":"https:\/\/isve.com\/wp-content\/uploads\/2020\/03\/innovazione_img.jpg","width":910,"height":1080},{"@type":"BreadcrumbList","@id":"https:\/\/isve.com\/es\/sobre-nosotros\/compromiso-con-la-innovacion\/#breadcrumb","itemListElement":[{"@type":"ListItem","position":1,"name":"Home","item":"https:\/\/isve.com\/es\/"},{"@type":"ListItem","position":2,"name":"ISVE &#8211; Sobre nosotros","item":"https:\/\/isve.com\/es\/sobre-nosotros\/"},{"@type":"ListItem","position":3,"name":"Compromiso con la innovaci\u00f3n"}]},{"@type":"WebSite","@id":"https:\/\/isve.com\/es\/#website","url":"https:\/\/isve.com\/es\/","name":"ISVE S.p.A.","description":"Sistemi per trattamento del legno e triturazione macinazione granulazione","publisher":{"@id":"https:\/\/isve.com\/es\/#organization"},"potentialAction":[{"@type":"SearchAction","target":{"@type":"EntryPoint","urlTemplate":"https:\/\/isve.com\/es\/?s={search_term_string}"},"query-input":{"@type":"PropertyValueSpecification","valueRequired":true,"valueName":"search_term_string"}}],"inLanguage":"es"},{"@type":"Organization","@id":"https:\/\/isve.com\/es\/#organization","name":"ISVE S.p.A.","url":"https:\/\/isve.com\/es\/","logo":{"@type":"ImageObject","inLanguage":"es","@id":"https:\/\/isve.com\/es\/#\/schema\/logo\/image\/","url":"https:\/\/isve.com\/wp-content\/uploads\/2026\/01\/logo-isve-spa.png","contentUrl":"https:\/\/isve.com\/wp-content\/uploads\/2026\/01\/logo-isve-spa.png","width":600,"height":173,"caption":"ISVE S.p.A."},"image":{"@id":"https:\/\/isve.com\/es\/#\/schema\/logo\/image\/"},"sameAs":["https:\/\/www.linkedin.com\/company\/69445471","https:\/\/www.youtube.com\/@isves.p.a.8894"]}]}},"_links":{"self":[{"href":"https:\/\/isve.com\/es\/wp-json\/wp\/v2\/pages\/16524","targetHints":{"allow":["GET"]}}],"collection":[{"href":"https:\/\/isve.com\/es\/wp-json\/wp\/v2\/pages"}],"about":[{"href":"https:\/\/isve.com\/es\/wp-json\/wp\/v2\/types\/page"}],"author":[{"embeddable":true,"href":"https:\/\/isve.com\/es\/wp-json\/wp\/v2\/users\/1"}],"replies":[{"embeddable":true,"href":"https:\/\/isve.com\/es\/wp-json\/wp\/v2\/comments?post=16524"}],"version-history":[{"count":3,"href":"https:\/\/isve.com\/es\/wp-json\/wp\/v2\/pages\/16524\/revisions"}],"predecessor-version":[{"id":28784,"href":"https:\/\/isve.com\/es\/wp-json\/wp\/v2\/pages\/16524\/revisions\/28784"}],"up":[{"embeddable":true,"href":"https:\/\/isve.com\/es\/wp-json\/wp\/v2\/pages\/4700"}],"wp:featuredmedia":[{"embeddable":true,"href":"https:\/\/isve.com\/es\/wp-json\/wp\/v2\/media\/28525"}],"wp:attachment":[{"href":"https:\/\/isve.com\/es\/wp-json\/wp\/v2\/media?parent=16524"}],"wp:term":[{"taxonomy":"post_tag","embeddable":true,"href":"https:\/\/isve.com\/es\/wp-json\/wp\/v2\/tags?post=16524"},{"taxonomy":"impaginazione","embeddable":true,"href":"https:\/\/isve.com\/es\/wp-json\/wp\/v2\/impaginazione?post=16524"},{"taxonomy":"divisione","embeddable":true,"href":"https:\/\/isve.com\/es\/wp-json\/wp\/v2\/divisione?post=16524"},{"taxonomy":"categorie_modelli","embeddable":true,"href":"https:\/\/isve.com\/es\/wp-json\/wp\/v2\/categorie_modelli?post=16524"}],"curies":[{"name":"wp","href":"https:\/\/api.w.org\/{rel}","templated":true}]}}