{"id":16515,"date":"2020-03-26T18:19:23","date_gmt":"2020-03-26T17:19:23","guid":{"rendered":"https:\/\/isve.com\/sobre-nosotros\/servicio-eficiente\/"},"modified":"2026-02-18T13:30:05","modified_gmt":"2026-02-18T12:30:05","slug":"servicio-eficiente","status":"publish","type":"page","link":"https:\/\/isve.com\/es\/sobre-nosotros\/servicio-eficiente\/","title":{"rendered":"Asistencia eficaz"},"content":{"rendered":"\t\t<div data-elementor-type=\"wp-page\" data-elementor-id=\"16515\" class=\"elementor elementor-16515 elementor-16502\" data-elementor-post-type=\"page\">\n\t\t\t\t\t\t<section class=\"elementor-section elementor-top-section elementor-element elementor-element-12ba712 elementor-section-full_width elementor-section-height-default elementor-section-height-default\" data-id=\"12ba712\" data-element_type=\"section\" data-e-type=\"section\">\n\t\t\t\t\t\t<div class=\"elementor-container elementor-column-gap-wider\">\n\t\t\t\t\t<div class=\"elementor-column elementor-col-50 elementor-top-column elementor-element elementor-element-9e90fb2 elementor-invisible\" data-id=\"9e90fb2\" data-element_type=\"column\" data-e-type=\"column\" data-settings=\"{&quot;background_background&quot;:&quot;classic&quot;,&quot;animation&quot;:&quot;fadeInLeft&quot;}\">\n\t\t\t<div class=\"elementor-widget-wrap elementor-element-populated\">\n\t\t\t\t\t\t<div class=\"elementor-element elementor-element-0511348 elementor-widget elementor-widget-spacer\" data-id=\"0511348\" data-element_type=\"widget\" data-e-type=\"widget\" data-widget_type=\"spacer.default\">\n\t\t\t\t<div class=\"elementor-widget-container\">\n\t\t\t\t\t\t\t<div class=\"elementor-spacer\">\n\t\t\t<div class=\"elementor-spacer-inner\"><\/div>\n\t\t<\/div>\n\t\t\t\t\t\t<\/div>\n\t\t\t\t<\/div>\n\t\t\t\t\t<\/div>\n\t\t<\/div>\n\t\t\t\t<div class=\"elementor-column elementor-col-50 elementor-top-column elementor-element elementor-element-ce1dc55\" data-id=\"ce1dc55\" data-element_type=\"column\" data-e-type=\"column\" data-settings=\"{&quot;background_background&quot;:&quot;classic&quot;}\">\n\t\t\t<div class=\"elementor-widget-wrap elementor-element-populated\">\n\t\t\t\t\t\t<div class=\"elementor-element elementor-element-86a1b25 elementor-widget__width-initial elementor-invisible elementor-widget elementor-widget-heading\" data-id=\"86a1b25\" data-element_type=\"widget\" data-e-type=\"widget\" data-settings=\"{&quot;_animation&quot;:&quot;zoomIn&quot;}\" data-widget_type=\"heading.default\">\n\t\t\t\t<div class=\"elementor-widget-container\">\n\t\t\t\t\t<h2 class=\"elementor-heading-title elementor-size-default\">UN SERVICIO COHERENTE A LA EFICIENCIA DE LAS TECNOLOG\u00cdAS Y LA ORGANIZACI\u00d3N DE PRODUCCI\u00d3N<\/h2>\t\t\t\t<\/div>\n\t\t\t\t<\/div>\n\t\t\t\t<div class=\"elementor-element elementor-element-6cf611f elementor-widget elementor-widget-spacer\" data-id=\"6cf611f\" data-element_type=\"widget\" data-e-type=\"widget\" data-widget_type=\"spacer.default\">\n\t\t\t\t<div class=\"elementor-widget-container\">\n\t\t\t\t\t\t\t<div class=\"elementor-spacer\">\n\t\t\t<div class=\"elementor-spacer-inner\"><\/div>\n\t\t<\/div>\n\t\t\t\t\t\t<\/div>\n\t\t\t\t<\/div>\n\t\t\t\t<div class=\"elementor-element elementor-element-90a1f40 elementor-widget__width-initial elementor-invisible elementor-widget elementor-widget-text-editor\" data-id=\"90a1f40\" data-element_type=\"widget\" data-e-type=\"widget\" data-settings=\"{&quot;_animation&quot;:&quot;fadeInUp&quot;,&quot;_animation_delay&quot;:100}\" data-widget_type=\"text-editor.default\">\n\t\t\t\t<div class=\"elementor-widget-container\">\n\t\t\t\t\t\t\t\t\t<p>En la filosof\u00eda empresarial de ISVE, el Servicio tiene una importancia similar a la del producto terminado.<\/p><p>Garantizar una asistencia oportuna y competente en cualquier parte del mundo, directamente oa trav\u00e9s de una red de socios calificados, es un compromiso fundamental.<\/p>\t\t\t\t\t\t\t\t<\/div>\n\t\t\t\t<\/div>\n\t\t\t\t<div class=\"elementor-element elementor-element-281d40b elementor-widget elementor-widget-spacer\" data-id=\"281d40b\" data-element_type=\"widget\" data-e-type=\"widget\" data-widget_type=\"spacer.default\">\n\t\t\t\t<div class=\"elementor-widget-container\">\n\t\t\t\t\t\t\t<div class=\"elementor-spacer\">\n\t\t\t<div class=\"elementor-spacer-inner\"><\/div>\n\t\t<\/div>\n\t\t\t\t\t\t<\/div>\n\t\t\t\t<\/div>\n\t\t\t\t<div class=\"elementor-element elementor-element-8530587 elementor-widget__width-initial elementor-invisible elementor-widget elementor-widget-text-editor\" data-id=\"8530587\" data-element_type=\"widget\" data-e-type=\"widget\" data-settings=\"{&quot;_animation&quot;:&quot;fadeInUp&quot;,&quot;_animation_delay&quot;:100}\" data-widget_type=\"text-editor.default\">\n\t\t\t\t<div class=\"elementor-widget-container\">\n\t\t\t\t\t\t\t\t\t<p><strong>Isve Server Connection:<\/strong><br \/><strong>asistencia tambi\u00e9n en l\u00ednea<\/strong><\/p><p>Con un m\u00f3dulo adicional, cada m\u00e1quina ISVE est\u00e1 dise\u00f1ada para conectarse en l\u00ednea a trav\u00e9s de la intranet de la empresa o de Internet.<\/p><p>Con este sistema, la operaci\u00f3n de los sistemas tambi\u00e9n puede ser monitoreada directamente por los t\u00e9cnicos del Servicio ISVE.<\/p><p>Siempre en l\u00ednea, de forma remota, tambi\u00e9n es posible actualizar el software y ajustar los par\u00e1metros de funcionamiento.<\/p>\t\t\t\t\t\t\t\t<\/div>\n\t\t\t\t<\/div>\n\t\t\t\t<div class=\"elementor-element elementor-element-b4fde6c elementor-widget elementor-widget-spacer\" data-id=\"b4fde6c\" data-element_type=\"widget\" data-e-type=\"widget\" data-widget_type=\"spacer.default\">\n\t\t\t\t<div class=\"elementor-widget-container\">\n\t\t\t\t\t\t\t<div class=\"elementor-spacer\">\n\t\t\t<div class=\"elementor-spacer-inner\"><\/div>\n\t\t<\/div>\n\t\t\t\t\t\t<\/div>\n\t\t\t\t<\/div>\n\t\t\t\t<div class=\"elementor-element elementor-element-958b57b elementor-align-left elementor-invisible elementor-widget elementor-widget-the7_button_widget\" data-id=\"958b57b\" data-element_type=\"widget\" data-e-type=\"widget\" data-settings=\"{&quot;_animation&quot;:&quot;fadeInUp&quot;}\" data-widget_type=\"the7_button_widget.default\">\n\t\t\t\t<div class=\"elementor-widget-container\">\n\t\t\t\t\t<div class=\"elementor-button-wrapper\"><a href=\"https:\/\/isve.com\/es\/customer-service\/\" class=\"box-button elementor-button elementor-size-md\">DESCUBRE NUESTRO CUSTOMER SERVICE<\/a><\/div>\t\t\t\t<\/div>\n\t\t\t\t<\/div>\n\t\t\t\t\t<\/div>\n\t\t<\/div>\n\t\t\t\t\t<\/div>\n\t\t<\/section>\n\t\t\t\t<\/div>\n\t\t","protected":false},"excerpt":{"rendered":"<p>UN SERVICIO COHERENTE A LA EFICIENCIA DE LAS TECNOLOG\u00cdAS Y LA ORGANIZACI\u00d3N DE PRODUCCI\u00d3N En la filosof\u00eda empresarial de ISVE, el Servicio tiene una importancia similar a la del producto terminado. Garantizar una asistencia oportuna y competente en cualquier parte del mundo, directamente oa trav\u00e9s de una red de socios calificados, es un compromiso fundamental.&hellip;<\/p>\n","protected":false},"author":1,"featured_media":17518,"parent":4700,"menu_order":20,"comment_status":"closed","ping_status":"closed","template":"","meta":{"_acf_changed":false,"footnotes":""},"tags":[3782],"impaginazione":[3686],"divisione":[3688],"categorie_modelli":[],"class_list":["post-16515","page","type-page","status-publish","has-post-thumbnail","hentry","tag-isve-group-pages-es","impaginazione-pagina-larga","divisione-isve-group"],"acf":[],"yoast_head":"<!-- This site is optimized with the Yoast SEO plugin v27.4 - https:\/\/yoast.com\/product\/yoast-seo-wordpress\/ -->\n<title>Asistencia eficaz - ISVE SpA - Trattamento legno - Riciclaggio - Macinatori Trituratori<\/title>\n<meta name=\"robots\" content=\"index, follow, max-snippet:-1, max-image-preview:large, max-video-preview:-1\" \/>\n<link rel=\"canonical\" href=\"https:\/\/isve.com\/es\/sobre-nosotros\/servicio-eficiente\/\" \/>\n<meta property=\"og:locale\" content=\"es_ES\" \/>\n<meta property=\"og:type\" content=\"article\" \/>\n<meta property=\"og:title\" content=\"Asistencia eficaz - ISVE SpA - Trattamento legno - Riciclaggio - Macinatori Trituratori\" \/>\n<meta property=\"og:description\" content=\"UN SERVICIO COHERENTE A LA EFICIENCIA DE LAS TECNOLOG\u00cdAS Y LA ORGANIZACI\u00d3N DE PRODUCCI\u00d3N En la filosof\u00eda empresarial de ISVE, el Servicio tiene una importancia similar a la del producto terminado. Garantizar una asistencia oportuna y competente en cualquier parte del mundo, directamente oa trav\u00e9s de una red de socios calificados, es un compromiso fundamental.&hellip;\" \/>\n<meta property=\"og:url\" content=\"https:\/\/isve.com\/es\/sobre-nosotros\/servicio-eficiente\/\" \/>\n<meta property=\"og:site_name\" content=\"ISVE SpA - Trattamento legno - Riciclaggio - Macinatori Trituratori\" \/>\n<meta property=\"article:modified_time\" content=\"2026-02-18T12:30:05+00:00\" \/>\n<meta property=\"og:image\" content=\"https:\/\/isve.com\/wp-content\/uploads\/2020\/03\/service_img.jpg\" \/>\n\t<meta property=\"og:image:width\" content=\"910\" \/>\n\t<meta property=\"og:image:height\" content=\"1080\" \/>\n\t<meta property=\"og:image:type\" content=\"image\/jpeg\" \/>\n<meta name=\"twitter:card\" content=\"summary_large_image\" \/>\n<meta name=\"twitter:label1\" content=\"Tiempo de lectura\" \/>\n\t<meta name=\"twitter:data1\" content=\"1 minuto\" \/>\n<script type=\"application\/ld+json\" class=\"yoast-schema-graph\">{\"@context\":\"https:\\\/\\\/schema.org\",\"@graph\":[{\"@type\":\"WebPage\",\"@id\":\"https:\\\/\\\/isve.com\\\/es\\\/sobre-nosotros\\\/servicio-eficiente\\\/\",\"url\":\"https:\\\/\\\/isve.com\\\/es\\\/sobre-nosotros\\\/servicio-eficiente\\\/\",\"name\":\"Asistencia eficaz - ISVE SpA - Trattamento legno - Riciclaggio - Macinatori Trituratori\",\"isPartOf\":{\"@id\":\"https:\\\/\\\/isve.com\\\/es\\\/#website\"},\"primaryImageOfPage\":{\"@id\":\"https:\\\/\\\/isve.com\\\/es\\\/sobre-nosotros\\\/servicio-eficiente\\\/#primaryimage\"},\"image\":{\"@id\":\"https:\\\/\\\/isve.com\\\/es\\\/sobre-nosotros\\\/servicio-eficiente\\\/#primaryimage\"},\"thumbnailUrl\":\"https:\\\/\\\/isve.com\\\/wp-content\\\/uploads\\\/2020\\\/03\\\/service_img.jpg\",\"datePublished\":\"2020-03-26T17:19:23+00:00\",\"dateModified\":\"2026-02-18T12:30:05+00:00\",\"breadcrumb\":{\"@id\":\"https:\\\/\\\/isve.com\\\/es\\\/sobre-nosotros\\\/servicio-eficiente\\\/#breadcrumb\"},\"inLanguage\":\"es\",\"potentialAction\":[{\"@type\":\"ReadAction\",\"target\":[\"https:\\\/\\\/isve.com\\\/es\\\/sobre-nosotros\\\/servicio-eficiente\\\/\"]}]},{\"@type\":\"ImageObject\",\"inLanguage\":\"es\",\"@id\":\"https:\\\/\\\/isve.com\\\/es\\\/sobre-nosotros\\\/servicio-eficiente\\\/#primaryimage\",\"url\":\"https:\\\/\\\/isve.com\\\/wp-content\\\/uploads\\\/2020\\\/03\\\/service_img.jpg\",\"contentUrl\":\"https:\\\/\\\/isve.com\\\/wp-content\\\/uploads\\\/2020\\\/03\\\/service_img.jpg\",\"width\":910,\"height\":1080},{\"@type\":\"BreadcrumbList\",\"@id\":\"https:\\\/\\\/isve.com\\\/es\\\/sobre-nosotros\\\/servicio-eficiente\\\/#breadcrumb\",\"itemListElement\":[{\"@type\":\"ListItem\",\"position\":1,\"name\":\"Home\",\"item\":\"https:\\\/\\\/isve.com\\\/es\\\/\"},{\"@type\":\"ListItem\",\"position\":2,\"name\":\"ISVE &#8211; Sobre nosotros\",\"item\":\"https:\\\/\\\/isve.com\\\/es\\\/sobre-nosotros\\\/\"},{\"@type\":\"ListItem\",\"position\":3,\"name\":\"Asistencia eficaz\"}]},{\"@type\":\"WebSite\",\"@id\":\"https:\\\/\\\/isve.com\\\/es\\\/#website\",\"url\":\"https:\\\/\\\/isve.com\\\/es\\\/\",\"name\":\"ISVE S.p.A.\",\"description\":\"Sistemi per trattamento del legno e triturazione macinazione granulazione\",\"publisher\":{\"@id\":\"https:\\\/\\\/isve.com\\\/es\\\/#organization\"},\"potentialAction\":[{\"@type\":\"SearchAction\",\"target\":{\"@type\":\"EntryPoint\",\"urlTemplate\":\"https:\\\/\\\/isve.com\\\/es\\\/?s={search_term_string}\"},\"query-input\":{\"@type\":\"PropertyValueSpecification\",\"valueRequired\":true,\"valueName\":\"search_term_string\"}}],\"inLanguage\":\"es\"},{\"@type\":\"Organization\",\"@id\":\"https:\\\/\\\/isve.com\\\/es\\\/#organization\",\"name\":\"ISVE S.p.A.\",\"url\":\"https:\\\/\\\/isve.com\\\/es\\\/\",\"logo\":{\"@type\":\"ImageObject\",\"inLanguage\":\"es\",\"@id\":\"https:\\\/\\\/isve.com\\\/es\\\/#\\\/schema\\\/logo\\\/image\\\/\",\"url\":\"https:\\\/\\\/isve.com\\\/wp-content\\\/uploads\\\/2026\\\/01\\\/logo-isve-spa.png\",\"contentUrl\":\"https:\\\/\\\/isve.com\\\/wp-content\\\/uploads\\\/2026\\\/01\\\/logo-isve-spa.png\",\"width\":600,\"height\":173,\"caption\":\"ISVE S.p.A.\"},\"image\":{\"@id\":\"https:\\\/\\\/isve.com\\\/es\\\/#\\\/schema\\\/logo\\\/image\\\/\"},\"sameAs\":[\"https:\\\/\\\/www.linkedin.com\\\/company\\\/69445471\",\"https:\\\/\\\/www.youtube.com\\\/@isves.p.a.8894\"]}]}<\/script>\n<!-- \/ Yoast SEO plugin. -->","yoast_head_json":{"title":"Asistencia eficaz - ISVE SpA - Trattamento legno - Riciclaggio - Macinatori Trituratori","robots":{"index":"index","follow":"follow","max-snippet":"max-snippet:-1","max-image-preview":"max-image-preview:large","max-video-preview":"max-video-preview:-1"},"canonical":"https:\/\/isve.com\/es\/sobre-nosotros\/servicio-eficiente\/","og_locale":"es_ES","og_type":"article","og_title":"Asistencia eficaz - ISVE SpA - Trattamento legno - Riciclaggio - Macinatori Trituratori","og_description":"UN SERVICIO COHERENTE A LA EFICIENCIA DE LAS TECNOLOG\u00cdAS Y LA ORGANIZACI\u00d3N DE PRODUCCI\u00d3N En la filosof\u00eda empresarial de ISVE, el Servicio tiene una importancia similar a la del producto terminado. Garantizar una asistencia oportuna y competente en cualquier parte del mundo, directamente oa trav\u00e9s de una red de socios calificados, es un compromiso fundamental.&hellip;","og_url":"https:\/\/isve.com\/es\/sobre-nosotros\/servicio-eficiente\/","og_site_name":"ISVE SpA - Trattamento legno - Riciclaggio - Macinatori Trituratori","article_modified_time":"2026-02-18T12:30:05+00:00","og_image":[{"width":910,"height":1080,"url":"https:\/\/isve.com\/wp-content\/uploads\/2020\/03\/service_img.jpg","type":"image\/jpeg"}],"twitter_card":"summary_large_image","twitter_misc":{"Tiempo de lectura":"1 minuto"},"schema":{"@context":"https:\/\/schema.org","@graph":[{"@type":"WebPage","@id":"https:\/\/isve.com\/es\/sobre-nosotros\/servicio-eficiente\/","url":"https:\/\/isve.com\/es\/sobre-nosotros\/servicio-eficiente\/","name":"Asistencia eficaz - ISVE SpA - Trattamento legno - Riciclaggio - Macinatori Trituratori","isPartOf":{"@id":"https:\/\/isve.com\/es\/#website"},"primaryImageOfPage":{"@id":"https:\/\/isve.com\/es\/sobre-nosotros\/servicio-eficiente\/#primaryimage"},"image":{"@id":"https:\/\/isve.com\/es\/sobre-nosotros\/servicio-eficiente\/#primaryimage"},"thumbnailUrl":"https:\/\/isve.com\/wp-content\/uploads\/2020\/03\/service_img.jpg","datePublished":"2020-03-26T17:19:23+00:00","dateModified":"2026-02-18T12:30:05+00:00","breadcrumb":{"@id":"https:\/\/isve.com\/es\/sobre-nosotros\/servicio-eficiente\/#breadcrumb"},"inLanguage":"es","potentialAction":[{"@type":"ReadAction","target":["https:\/\/isve.com\/es\/sobre-nosotros\/servicio-eficiente\/"]}]},{"@type":"ImageObject","inLanguage":"es","@id":"https:\/\/isve.com\/es\/sobre-nosotros\/servicio-eficiente\/#primaryimage","url":"https:\/\/isve.com\/wp-content\/uploads\/2020\/03\/service_img.jpg","contentUrl":"https:\/\/isve.com\/wp-content\/uploads\/2020\/03\/service_img.jpg","width":910,"height":1080},{"@type":"BreadcrumbList","@id":"https:\/\/isve.com\/es\/sobre-nosotros\/servicio-eficiente\/#breadcrumb","itemListElement":[{"@type":"ListItem","position":1,"name":"Home","item":"https:\/\/isve.com\/es\/"},{"@type":"ListItem","position":2,"name":"ISVE &#8211; Sobre nosotros","item":"https:\/\/isve.com\/es\/sobre-nosotros\/"},{"@type":"ListItem","position":3,"name":"Asistencia eficaz"}]},{"@type":"WebSite","@id":"https:\/\/isve.com\/es\/#website","url":"https:\/\/isve.com\/es\/","name":"ISVE S.p.A.","description":"Sistemi per trattamento del legno e triturazione macinazione granulazione","publisher":{"@id":"https:\/\/isve.com\/es\/#organization"},"potentialAction":[{"@type":"SearchAction","target":{"@type":"EntryPoint","urlTemplate":"https:\/\/isve.com\/es\/?s={search_term_string}"},"query-input":{"@type":"PropertyValueSpecification","valueRequired":true,"valueName":"search_term_string"}}],"inLanguage":"es"},{"@type":"Organization","@id":"https:\/\/isve.com\/es\/#organization","name":"ISVE S.p.A.","url":"https:\/\/isve.com\/es\/","logo":{"@type":"ImageObject","inLanguage":"es","@id":"https:\/\/isve.com\/es\/#\/schema\/logo\/image\/","url":"https:\/\/isve.com\/wp-content\/uploads\/2026\/01\/logo-isve-spa.png","contentUrl":"https:\/\/isve.com\/wp-content\/uploads\/2026\/01\/logo-isve-spa.png","width":600,"height":173,"caption":"ISVE S.p.A."},"image":{"@id":"https:\/\/isve.com\/es\/#\/schema\/logo\/image\/"},"sameAs":["https:\/\/www.linkedin.com\/company\/69445471","https:\/\/www.youtube.com\/@isves.p.a.8894"]}]}},"_links":{"self":[{"href":"https:\/\/isve.com\/es\/wp-json\/wp\/v2\/pages\/16515","targetHints":{"allow":["GET"]}}],"collection":[{"href":"https:\/\/isve.com\/es\/wp-json\/wp\/v2\/pages"}],"about":[{"href":"https:\/\/isve.com\/es\/wp-json\/wp\/v2\/types\/page"}],"author":[{"embeddable":true,"href":"https:\/\/isve.com\/es\/wp-json\/wp\/v2\/users\/1"}],"replies":[{"embeddable":true,"href":"https:\/\/isve.com\/es\/wp-json\/wp\/v2\/comments?post=16515"}],"version-history":[{"count":3,"href":"https:\/\/isve.com\/es\/wp-json\/wp\/v2\/pages\/16515\/revisions"}],"predecessor-version":[{"id":28793,"href":"https:\/\/isve.com\/es\/wp-json\/wp\/v2\/pages\/16515\/revisions\/28793"}],"up":[{"embeddable":true,"href":"https:\/\/isve.com\/es\/wp-json\/wp\/v2\/pages\/4700"}],"wp:featuredmedia":[{"embeddable":true,"href":"https:\/\/isve.com\/es\/wp-json\/wp\/v2\/media\/17518"}],"wp:attachment":[{"href":"https:\/\/isve.com\/es\/wp-json\/wp\/v2\/media?parent=16515"}],"wp:term":[{"taxonomy":"post_tag","embeddable":true,"href":"https:\/\/isve.com\/es\/wp-json\/wp\/v2\/tags?post=16515"},{"taxonomy":"impaginazione","embeddable":true,"href":"https:\/\/isve.com\/es\/wp-json\/wp\/v2\/impaginazione?post=16515"},{"taxonomy":"divisione","embeddable":true,"href":"https:\/\/isve.com\/es\/wp-json\/wp\/v2\/divisione?post=16515"},{"taxonomy":"categorie_modelli","embeddable":true,"href":"https:\/\/isve.com\/es\/wp-json\/wp\/v2\/categorie_modelli?post=16515"}],"curies":[{"name":"wp","href":"https:\/\/api.w.org\/{rel}","templated":true}]}}