{"id":16244,"date":"2024-03-18T14:31:29","date_gmt":"2024-03-18T13:31:29","guid":{"rendered":"https:\/\/isve.com\/isve-recycling\/trituradoras-de-4-arboles\/trituratori-4-alberi-modello-180130s-max\/"},"modified":"2025-04-16T13:02:36","modified_gmt":"2025-04-16T11:02:36","slug":"trituradoras-de-4-arboles-modelo-180130s-max","status":"publish","type":"page","link":"https:\/\/isve.com\/es\/trituradores-industriales\/trituradoras-de-4-arboles\/trituradoras-de-4-arboles-modelo-180130s-max\/","title":{"rendered":"Trituradoras de 4 \u00e1rboles: Modelo 180130S-MAX"},"content":{"rendered":"<p>La trituradora de cuatro ejes \u201cpesada\u201d 180\/130S-SERIE MAX tiene una boca de carga de 1.800 x 1.300 mm y est\u00e1 equipada con dos ejes de alimentaci\u00f3n adem\u00e1s de las cuchillas.<br \/>\nEsta trituradora est\u00e1 equipada con 4 motorreductores para una potencia total de 120 kW y desarrolla una fuerza de corte muy elevada.<br \/>\nLa serie \u201cMAX\u201d est\u00e1 dise\u00f1ada espec\u00edficamente para uso intensivo en el sector del reciclaje.<\/p>\n<h2 class=\"titoletto\"><strong>Caracter\u00edsticas principales:<\/strong><\/h2>\n<ul>\n<li>potencia instalada: 120 kW (15 kW + 15 kW + 45 kW + 45 kW)<\/li>\n<li>transmisi\u00f3n: por engranajes<\/li>\n<li>No. de ejes de corte: 2<\/li>\n<li>N. de cortadores templados (50 mm de espesor): 36<\/li>\n<li>N. de ejes de entrada: 2<\/li>\n<li>N. discos de introducci\u00f3n: 36<\/li>\n<li>N. de rpm medianas: 10-15<\/li>\n<li>producci\u00f3n: 5-6 T\/hora<\/li>\n<li>auxiliares: control de descenso de pantalla intercambiable<\/li>\n<li>equipo de seguridad: parada de emergencia, contacto de cierre de la tolva<\/li>\n<li>peso: 16 T<\/li>\n<li><strong>Ejecuci\u00f3n seg\u00fan normas CE<\/strong><\/li>\n<\/ul>\n<h2 class=\"titoletto\"><strong>Notas de uso:<\/strong><\/h2>\n<p>M\u00e1quina \u201cpesada\u201d para uso intensivo. La alta capacidad de corte hace que el 120130S-MAX sea adecuado como pretriturador individual para elementos voluminosos o como triturador secundario para control de tama\u00f1o a trav\u00e9s de una rejilla de descarga.<br \/>\nAdecuado para triturar parachoques de autom\u00f3viles y camiones, tanques de polipropileno, residuos voluminosos, neum\u00e1ticos, cuero, trapos, latas y contenedores de metal, residuos hospitalarios, residuos marinos, etc.<\/p>\n<h2 class=\"titoletto\"><strong>Caracter\u00edsticas de la trituradora:<\/strong><\/h2>\n<ul>\n<li>Soporte de chapa de acero electrosoldado de alto espesor;<\/li>\n<li>Soportes para rodamientos de rodillos de barril con sistema de sellado contra el polvo y los l\u00edquidos;<\/li>\n<li>Ejes de alta resistencia a la torsi\u00f3n y a la flexi\u00f3n;<\/li>\n<li>36 cuchillas de acero especial resistente al desgaste de 50 mm de espesor;<\/li>\n<li>36 discos insertadores en acero 42CrMo;<\/li>\n<li>2 reductores epicicloidales para el accionamiento de los ejes de corte;<\/li>\n<li>2 reductores epicicloidales para el accionamiento de los ejes introductores;<\/li>\n<li>2 motores multi-voltaje y multi-frecuencia de 45 kW de potencia primaria dom\u00e9stica con clase de eficiencia PREMIUM (IE3) para accionamiento de eje de fresado;<\/li>\n<li>2 motores multi-voltaje y multi-frecuencia de 45 kW de potencia primaria dom\u00e9stica con clase de eficiencia PREMIUM (IE3) para accionar los ejes introductores;<\/li>\n<li>C\u00e1mara de corte con dimensiones de mm. 1800 X 1300;<\/li>\n<li>Tolva en chapa electrosoldada reforzada dise\u00f1ada para carga superior;<\/li>\n<li>Base equipada con caj\u00f3n conectable al sistema de aspiraci\u00f3n\/cinta transportadora o nr. 3 redes de seguridad con puerta frontal equipada con micro de seguridad.<\/li>\n<\/ul>\n<h2 class=\"titoletto\"><strong>Caracter\u00edsticas del sistema de control:<\/strong><\/h2>\n<ul>\n<li>Cuadro el\u00e9ctrico conforme a las normas de la CEE, equipado con un limitador de par que invierte el movimiento de los cortadores en caso de que la carga de trabajo de la m\u00e1quina supere el valor establecido;<\/li>\n<li>PLC SIEMENS S7-1200 para el control de todos los perif\u00e9ricos de la planta;<\/li>\n<li>Pantalla t\u00e1ctil en color de 6 pulgadas para el ajuste de todos los par\u00e1metros de la m\u00e1quina;<\/li>\n<li>Nuevo programa de autorregulaci\u00f3n \u201cAUTO TUNING ISVE\u201d;<\/li>\n<li>Software predispuesto para el control de los sistemas de carga, el molino de la refiner\u00eda y el sistema de succi\u00f3n;<\/li>\n<li>Funciones de control de emergencia para detener la planta;<\/li>\n<li>PROGRAMA DE MANTENIMIENTO DE ISVE: programa de mantenimiento indicado en la pantalla t\u00e1ctil.<\/li>\n<li>PREDISPOSICI\u00d3N PARA EL SISTEMA DE TELEASIS Y &#8220;SAFETY SERVER CONNECTION ISVE&#8221; (monitorizaci\u00f3n en tiempo real de los par\u00e1metros de la m\u00e1quina desde el servidor ISVE).<\/li>\n<li><strong>Ejecuci\u00f3n seg\u00fan las normas de la CE<\/strong><\/li>\n<\/ul>\n","protected":false},"excerpt":{"rendered":"<p>La trituradora de cuatro ejes \u201cpesada\u201d 180\/130S-SERIE MAX tiene una boca de carga de 1.800 x 1.300 mm y est\u00e1 equipada con dos ejes de alimentaci\u00f3n adem\u00e1s de las cuchillas. Esta trituradora est\u00e1 equipada con 4 motorreductores para una potencia total de 120 kW y desarrolla una fuerza de corte muy elevada. La serie \u201cMAX\u201d&hellip;<\/p>\n","protected":false},"author":103,"featured_media":11431,"parent":3813,"menu_order":406,"comment_status":"closed","ping_status":"closed","template":"","meta":{"_acf_changed":false,"footnotes":""},"tags":[],"impaginazione":[3692],"divisione":[3689],"categorie_modelli":[3696],"class_list":["post-16244","page","type-page","status-publish","has-post-thumbnail","hentry","impaginazione-modello-prodotto","divisione-isve-recycling","categorie_modelli-trituratori-4-alberi","description-off"],"acf":[],"yoast_head":"<!-- This site is optimized with the Yoast SEO plugin v27.4 - https:\/\/yoast.com\/product\/yoast-seo-wordpress\/ -->\n<title>Trituradoras de 4 \u00e1rboles: Modelo 180130S-MAX - ISVE SpA - Trattamento legno - Riciclaggio - Macinatori Trituratori<\/title>\n<meta name=\"robots\" content=\"index, follow, max-snippet:-1, max-image-preview:large, max-video-preview:-1\" \/>\n<link rel=\"canonical\" href=\"https:\/\/isve.com\/es\/trituradores-industriales\/trituradoras-de-4-arboles\/trituradoras-de-4-arboles-modelo-180130s-max\/\" \/>\n<meta property=\"og:locale\" content=\"es_ES\" \/>\n<meta property=\"og:type\" content=\"article\" \/>\n<meta property=\"og:title\" content=\"Trituradoras de 4 \u00e1rboles: Modelo 180130S-MAX - ISVE SpA - Trattamento legno - Riciclaggio - Macinatori Trituratori\" \/>\n<meta property=\"og:description\" content=\"La trituradora de cuatro ejes \u201cpesada\u201d 180\/130S-SERIE MAX tiene una boca de carga de 1.800 x 1.300 mm y est\u00e1 equipada con dos ejes de alimentaci\u00f3n adem\u00e1s de las cuchillas. Esta trituradora est\u00e1 equipada con 4 motorreductores para una potencia total de 120 kW y desarrolla una fuerza de corte muy elevada. La serie \u201cMAX\u201d&hellip;\" \/>\n<meta property=\"og:url\" content=\"https:\/\/isve.com\/es\/trituradores-industriales\/trituradoras-de-4-arboles\/trituradoras-de-4-arboles-modelo-180130s-max\/\" \/>\n<meta property=\"og:site_name\" content=\"ISVE SpA - Trattamento legno - Riciclaggio - Macinatori Trituratori\" \/>\n<meta property=\"article:modified_time\" content=\"2025-04-16T11:02:36+00:00\" \/>\n<meta property=\"og:image\" content=\"https:\/\/isve.com\/wp-content\/uploads\/2024\/03\/180130smax-list.jpg\" \/>\n\t<meta property=\"og:image:width\" content=\"1338\" \/>\n\t<meta property=\"og:image:height\" content=\"572\" \/>\n\t<meta property=\"og:image:type\" content=\"image\/jpeg\" \/>\n<meta name=\"twitter:card\" content=\"summary_large_image\" \/>\n<meta name=\"twitter:label1\" content=\"Tiempo de lectura\" \/>\n\t<meta name=\"twitter:data1\" content=\"3 minutos\" \/>\n<script type=\"application\/ld+json\" class=\"yoast-schema-graph\">{\"@context\":\"https:\\\/\\\/schema.org\",\"@graph\":[{\"@type\":\"WebPage\",\"@id\":\"https:\\\/\\\/isve.com\\\/es\\\/trituradores-industriales\\\/trituradoras-de-4-arboles\\\/trituradoras-de-4-arboles-modelo-180130s-max\\\/\",\"url\":\"https:\\\/\\\/isve.com\\\/es\\\/trituradores-industriales\\\/trituradoras-de-4-arboles\\\/trituradoras-de-4-arboles-modelo-180130s-max\\\/\",\"name\":\"Trituradoras de 4 \u00e1rboles: Modelo 180130S-MAX - ISVE SpA - Trattamento legno - Riciclaggio - Macinatori Trituratori\",\"isPartOf\":{\"@id\":\"https:\\\/\\\/isve.com\\\/es\\\/#website\"},\"primaryImageOfPage\":{\"@id\":\"https:\\\/\\\/isve.com\\\/es\\\/trituradores-industriales\\\/trituradoras-de-4-arboles\\\/trituradoras-de-4-arboles-modelo-180130s-max\\\/#primaryimage\"},\"image\":{\"@id\":\"https:\\\/\\\/isve.com\\\/es\\\/trituradores-industriales\\\/trituradoras-de-4-arboles\\\/trituradoras-de-4-arboles-modelo-180130s-max\\\/#primaryimage\"},\"thumbnailUrl\":\"https:\\\/\\\/isve.com\\\/wp-content\\\/uploads\\\/2024\\\/03\\\/180130smax-list.jpg\",\"datePublished\":\"2024-03-18T13:31:29+00:00\",\"dateModified\":\"2025-04-16T11:02:36+00:00\",\"breadcrumb\":{\"@id\":\"https:\\\/\\\/isve.com\\\/es\\\/trituradores-industriales\\\/trituradoras-de-4-arboles\\\/trituradoras-de-4-arboles-modelo-180130s-max\\\/#breadcrumb\"},\"inLanguage\":\"es\",\"potentialAction\":[{\"@type\":\"ReadAction\",\"target\":[\"https:\\\/\\\/isve.com\\\/es\\\/trituradores-industriales\\\/trituradoras-de-4-arboles\\\/trituradoras-de-4-arboles-modelo-180130s-max\\\/\"]}]},{\"@type\":\"ImageObject\",\"inLanguage\":\"es\",\"@id\":\"https:\\\/\\\/isve.com\\\/es\\\/trituradores-industriales\\\/trituradoras-de-4-arboles\\\/trituradoras-de-4-arboles-modelo-180130s-max\\\/#primaryimage\",\"url\":\"https:\\\/\\\/isve.com\\\/wp-content\\\/uploads\\\/2024\\\/03\\\/180130smax-list.jpg\",\"contentUrl\":\"https:\\\/\\\/isve.com\\\/wp-content\\\/uploads\\\/2024\\\/03\\\/180130smax-list.jpg\",\"width\":1338,\"height\":572},{\"@type\":\"BreadcrumbList\",\"@id\":\"https:\\\/\\\/isve.com\\\/es\\\/trituradores-industriales\\\/trituradoras-de-4-arboles\\\/trituradoras-de-4-arboles-modelo-180130s-max\\\/#breadcrumb\",\"itemListElement\":[{\"@type\":\"ListItem\",\"position\":1,\"name\":\"Home\",\"item\":\"https:\\\/\\\/isve.com\\\/es\\\/\"},{\"@type\":\"ListItem\",\"position\":2,\"name\":\"Productos Recycling\",\"item\":\"https:\\\/\\\/isve.com\\\/es\\\/trituradores-industriales\\\/\"},{\"@type\":\"ListItem\",\"position\":3,\"name\":\"Modelos \u2013 Trituradora de cuatro ejes\",\"item\":\"https:\\\/\\\/isve.com\\\/es\\\/trituradores-industriales\\\/trituradoras-de-4-arboles\\\/\"},{\"@type\":\"ListItem\",\"position\":4,\"name\":\"Trituradoras de 4 \u00e1rboles: Modelo 180130S-MAX\"}]},{\"@type\":\"WebSite\",\"@id\":\"https:\\\/\\\/isve.com\\\/es\\\/#website\",\"url\":\"https:\\\/\\\/isve.com\\\/es\\\/\",\"name\":\"ISVE S.p.A.\",\"description\":\"Sistemi per trattamento del legno e triturazione macinazione granulazione\",\"publisher\":{\"@id\":\"https:\\\/\\\/isve.com\\\/es\\\/#organization\"},\"potentialAction\":[{\"@type\":\"SearchAction\",\"target\":{\"@type\":\"EntryPoint\",\"urlTemplate\":\"https:\\\/\\\/isve.com\\\/es\\\/?s={search_term_string}\"},\"query-input\":{\"@type\":\"PropertyValueSpecification\",\"valueRequired\":true,\"valueName\":\"search_term_string\"}}],\"inLanguage\":\"es\"},{\"@type\":\"Organization\",\"@id\":\"https:\\\/\\\/isve.com\\\/es\\\/#organization\",\"name\":\"ISVE S.p.A.\",\"url\":\"https:\\\/\\\/isve.com\\\/es\\\/\",\"logo\":{\"@type\":\"ImageObject\",\"inLanguage\":\"es\",\"@id\":\"https:\\\/\\\/isve.com\\\/es\\\/#\\\/schema\\\/logo\\\/image\\\/\",\"url\":\"https:\\\/\\\/isve.com\\\/wp-content\\\/uploads\\\/2026\\\/01\\\/logo-isve-spa.png\",\"contentUrl\":\"https:\\\/\\\/isve.com\\\/wp-content\\\/uploads\\\/2026\\\/01\\\/logo-isve-spa.png\",\"width\":600,\"height\":173,\"caption\":\"ISVE S.p.A.\"},\"image\":{\"@id\":\"https:\\\/\\\/isve.com\\\/es\\\/#\\\/schema\\\/logo\\\/image\\\/\"},\"sameAs\":[\"https:\\\/\\\/www.linkedin.com\\\/company\\\/69445471\",\"https:\\\/\\\/www.youtube.com\\\/@isves.p.a.8894\"]}]}<\/script>\n<!-- \/ Yoast SEO plugin. -->","yoast_head_json":{"title":"Trituradoras de 4 \u00e1rboles: Modelo 180130S-MAX - ISVE SpA - Trattamento legno - Riciclaggio - Macinatori Trituratori","robots":{"index":"index","follow":"follow","max-snippet":"max-snippet:-1","max-image-preview":"max-image-preview:large","max-video-preview":"max-video-preview:-1"},"canonical":"https:\/\/isve.com\/es\/trituradores-industriales\/trituradoras-de-4-arboles\/trituradoras-de-4-arboles-modelo-180130s-max\/","og_locale":"es_ES","og_type":"article","og_title":"Trituradoras de 4 \u00e1rboles: Modelo 180130S-MAX - ISVE SpA - Trattamento legno - Riciclaggio - Macinatori Trituratori","og_description":"La trituradora de cuatro ejes \u201cpesada\u201d 180\/130S-SERIE MAX tiene una boca de carga de 1.800 x 1.300 mm y est\u00e1 equipada con dos ejes de alimentaci\u00f3n adem\u00e1s de las cuchillas. Esta trituradora est\u00e1 equipada con 4 motorreductores para una potencia total de 120 kW y desarrolla una fuerza de corte muy elevada. La serie \u201cMAX\u201d&hellip;","og_url":"https:\/\/isve.com\/es\/trituradores-industriales\/trituradoras-de-4-arboles\/trituradoras-de-4-arboles-modelo-180130s-max\/","og_site_name":"ISVE SpA - Trattamento legno - Riciclaggio - Macinatori Trituratori","article_modified_time":"2025-04-16T11:02:36+00:00","og_image":[{"width":1338,"height":572,"url":"https:\/\/isve.com\/wp-content\/uploads\/2024\/03\/180130smax-list.jpg","type":"image\/jpeg"}],"twitter_card":"summary_large_image","twitter_misc":{"Tiempo de lectura":"3 minutos"},"schema":{"@context":"https:\/\/schema.org","@graph":[{"@type":"WebPage","@id":"https:\/\/isve.com\/es\/trituradores-industriales\/trituradoras-de-4-arboles\/trituradoras-de-4-arboles-modelo-180130s-max\/","url":"https:\/\/isve.com\/es\/trituradores-industriales\/trituradoras-de-4-arboles\/trituradoras-de-4-arboles-modelo-180130s-max\/","name":"Trituradoras de 4 \u00e1rboles: Modelo 180130S-MAX - ISVE SpA - Trattamento legno - Riciclaggio - Macinatori Trituratori","isPartOf":{"@id":"https:\/\/isve.com\/es\/#website"},"primaryImageOfPage":{"@id":"https:\/\/isve.com\/es\/trituradores-industriales\/trituradoras-de-4-arboles\/trituradoras-de-4-arboles-modelo-180130s-max\/#primaryimage"},"image":{"@id":"https:\/\/isve.com\/es\/trituradores-industriales\/trituradoras-de-4-arboles\/trituradoras-de-4-arboles-modelo-180130s-max\/#primaryimage"},"thumbnailUrl":"https:\/\/isve.com\/wp-content\/uploads\/2024\/03\/180130smax-list.jpg","datePublished":"2024-03-18T13:31:29+00:00","dateModified":"2025-04-16T11:02:36+00:00","breadcrumb":{"@id":"https:\/\/isve.com\/es\/trituradores-industriales\/trituradoras-de-4-arboles\/trituradoras-de-4-arboles-modelo-180130s-max\/#breadcrumb"},"inLanguage":"es","potentialAction":[{"@type":"ReadAction","target":["https:\/\/isve.com\/es\/trituradores-industriales\/trituradoras-de-4-arboles\/trituradoras-de-4-arboles-modelo-180130s-max\/"]}]},{"@type":"ImageObject","inLanguage":"es","@id":"https:\/\/isve.com\/es\/trituradores-industriales\/trituradoras-de-4-arboles\/trituradoras-de-4-arboles-modelo-180130s-max\/#primaryimage","url":"https:\/\/isve.com\/wp-content\/uploads\/2024\/03\/180130smax-list.jpg","contentUrl":"https:\/\/isve.com\/wp-content\/uploads\/2024\/03\/180130smax-list.jpg","width":1338,"height":572},{"@type":"BreadcrumbList","@id":"https:\/\/isve.com\/es\/trituradores-industriales\/trituradoras-de-4-arboles\/trituradoras-de-4-arboles-modelo-180130s-max\/#breadcrumb","itemListElement":[{"@type":"ListItem","position":1,"name":"Home","item":"https:\/\/isve.com\/es\/"},{"@type":"ListItem","position":2,"name":"Productos Recycling","item":"https:\/\/isve.com\/es\/trituradores-industriales\/"},{"@type":"ListItem","position":3,"name":"Modelos \u2013 Trituradora de cuatro ejes","item":"https:\/\/isve.com\/es\/trituradores-industriales\/trituradoras-de-4-arboles\/"},{"@type":"ListItem","position":4,"name":"Trituradoras de 4 \u00e1rboles: Modelo 180130S-MAX"}]},{"@type":"WebSite","@id":"https:\/\/isve.com\/es\/#website","url":"https:\/\/isve.com\/es\/","name":"ISVE S.p.A.","description":"Sistemi per trattamento del legno e triturazione macinazione granulazione","publisher":{"@id":"https:\/\/isve.com\/es\/#organization"},"potentialAction":[{"@type":"SearchAction","target":{"@type":"EntryPoint","urlTemplate":"https:\/\/isve.com\/es\/?s={search_term_string}"},"query-input":{"@type":"PropertyValueSpecification","valueRequired":true,"valueName":"search_term_string"}}],"inLanguage":"es"},{"@type":"Organization","@id":"https:\/\/isve.com\/es\/#organization","name":"ISVE S.p.A.","url":"https:\/\/isve.com\/es\/","logo":{"@type":"ImageObject","inLanguage":"es","@id":"https:\/\/isve.com\/es\/#\/schema\/logo\/image\/","url":"https:\/\/isve.com\/wp-content\/uploads\/2026\/01\/logo-isve-spa.png","contentUrl":"https:\/\/isve.com\/wp-content\/uploads\/2026\/01\/logo-isve-spa.png","width":600,"height":173,"caption":"ISVE S.p.A."},"image":{"@id":"https:\/\/isve.com\/es\/#\/schema\/logo\/image\/"},"sameAs":["https:\/\/www.linkedin.com\/company\/69445471","https:\/\/www.youtube.com\/@isves.p.a.8894"]}]}},"_links":{"self":[{"href":"https:\/\/isve.com\/es\/wp-json\/wp\/v2\/pages\/16244","targetHints":{"allow":["GET"]}}],"collection":[{"href":"https:\/\/isve.com\/es\/wp-json\/wp\/v2\/pages"}],"about":[{"href":"https:\/\/isve.com\/es\/wp-json\/wp\/v2\/types\/page"}],"author":[{"embeddable":true,"href":"https:\/\/isve.com\/es\/wp-json\/wp\/v2\/users\/103"}],"replies":[{"embeddable":true,"href":"https:\/\/isve.com\/es\/wp-json\/wp\/v2\/comments?post=16244"}],"version-history":[{"count":0,"href":"https:\/\/isve.com\/es\/wp-json\/wp\/v2\/pages\/16244\/revisions"}],"up":[{"embeddable":true,"href":"https:\/\/isve.com\/es\/wp-json\/wp\/v2\/pages\/3813"}],"wp:featuredmedia":[{"embeddable":true,"href":"https:\/\/isve.com\/es\/wp-json\/wp\/v2\/media\/11431"}],"wp:attachment":[{"href":"https:\/\/isve.com\/es\/wp-json\/wp\/v2\/media?parent=16244"}],"wp:term":[{"taxonomy":"post_tag","embeddable":true,"href":"https:\/\/isve.com\/es\/wp-json\/wp\/v2\/tags?post=16244"},{"taxonomy":"impaginazione","embeddable":true,"href":"https:\/\/isve.com\/es\/wp-json\/wp\/v2\/impaginazione?post=16244"},{"taxonomy":"divisione","embeddable":true,"href":"https:\/\/isve.com\/es\/wp-json\/wp\/v2\/divisione?post=16244"},{"taxonomy":"categorie_modelli","embeddable":true,"href":"https:\/\/isve.com\/es\/wp-json\/wp\/v2\/categorie_modelli?post=16244"}],"curies":[{"name":"wp","href":"https:\/\/api.w.org\/{rel}","templated":true}]}}