{"id":14770,"date":"2019-12-18T15:39:20","date_gmt":"2019-12-18T14:39:20","guid":{"rendered":"https:\/\/isve.com\/planta-de-impregnacion-de-madera-imp-pg-consejos-y-beneficios\/"},"modified":"2025-04-15T12:27:13","modified_gmt":"2025-04-15T10:27:13","slug":"planta-de-impregnacion-de-madera-imp-pg-consejos-y-beneficios","status":"publish","type":"page","link":"https:\/\/isve.com\/es\/equipos-tratamiento-madera\/planta-de-impregnacion-de-madera-imp-pg-consejos-y-beneficios\/","title":{"rendered":"Planta de impregnaci\u00f3n de madera IMP-PG: consejos y beneficios"},"content":{"rendered":"<h2><strong>S\u00edstemas ISVE IMP-PG: consejos de uso<\/strong><\/h2>\n<p>La versatilidad y la eficiencia de las instalaciones IMP-PG les devuelven aptos mas a los tratamientos de protection de semiacabados y manufactos de madera:<\/p>\n<ul>\n<li>tratamiento y pintura de puertas, ventanas, contraventanas, persianas, etc&#8230;<\/li>\n<li>tratamiento y pintura de art\u00edculos destinados al aire libre<\/li>\n<li>tratamiento de listones<\/li>\n<li>tratamiento de maquetas<\/li>\n<li>pintura de juguetes de madera<\/li>\n<li>piezas y accesorios de madera<\/li>\n<li>elementos de torneado<\/li>\n<li>como reemplazamiento de la pintura por inmersi\u00f3n<\/li>\n<li>muebles antiguos, tratamientos de cuidado y prevenci\u00f3n<\/li>\n<li>tratamientos de tarimas.<\/li>\n<\/ul>\n<p><img fetchpriority=\"high\" decoding=\"async\" class=\"wp-image-4908 size-medium aligncenter\" src=\"https:\/\/isve.com\/wp-content\/uploads\/\/imppg-impregnatori-legno-img17-600x222.jpg\" alt=\"\" width=\"600\" height=\"222\"><\/p>\n<hr>\n<h3><strong><br \/>\n<\/strong><strong>Por qu\u00e9 invertir en un sistema IMP-PG<\/strong><\/h3>\n<p>La compra de una<strong> instalaci\u00f3n IMP-PG<\/strong> permite a las peque\u00f1as y medianas empresas de carpinter\u00eda, afrontar y resolver brillantemente el problema del tratamiento y de la pintura al disolvente y al agua.&nbsp;A t\u00edtulo indicativo, con un modelo IMP-PG 2400\/4500 se pueden tratar 40 ventanas al d\u00eda, compuestas de dos hojas m\u00e1s el marco (montada o desmontada).<\/p>\n<p>El <strong>ciclo completo<\/strong> prev\u00e9:<\/p>\n<ul>\n<li>aplicaci\u00f3n de una primera mano de impregnante incoloro o colorado.<\/li>\n<li>aplicaci\u00f3n de una segunda mano de fondo\/acabado como fondo.<\/li>\n<\/ul>\n<p>La instalaci\u00f3n se presta a la utilizaci\u00f3n de impregnantes y pinturas monocomponentes a condici\u00f3n de que sean suficientemente fluidas. La viscosidad m\u00e1xima para un correcto funcionamiento no debe sobrepasar los 25-30&#8243;, medidas con COPA FORD di\u00e1metro 4 mm.&nbsp;Para la utilizaci\u00f3n de impregnantes o pinturas al agua se recomienda la versi\u00f3n A.C. (anti-corrosi\u00f3n) que prev\u00e9 el tratamiento de la superficie interna del autoclave con pinturas epox\u00eddicas y la utilizaci\u00f3n de componentes mec\u00e1nicos y tuber\u00edas de material inoxidable.<\/p>\n<p><img decoding=\"async\" class=\"size-medium wp-image-4948 aligncenter\" src=\"https:\/\/isve.com\/wp-content\/uploads\/\/imppg-impregnatori-legno-img28-438x600.jpg\" alt=\"\" width=\"438\" height=\"600\"><\/p>\n","protected":false},"excerpt":{"rendered":"<p>S\u00edstemas ISVE IMP-PG: consejos de uso La versatilidad y la eficiencia de las instalaciones IMP-PG les devuelven aptos mas a los tratamientos de protection de semiacabados y manufactos de madera: tratamiento y pintura de puertas, ventanas, contraventanas, persianas, etc&#8230; tratamiento y pintura de art\u00edculos destinados al aire libre tratamiento de listones tratamiento de maquetas pintura&hellip;<\/p>\n","protected":false},"author":1,"featured_media":14597,"parent":15968,"menu_order":198,"comment_status":"closed","ping_status":"closed","template":"","meta":{"_acf_changed":false,"footnotes":""},"tags":[],"impaginazione":[],"divisione":[3690],"categorie_modelli":[],"class_list":["post-14770","page","type-page","status-publish","has-post-thumbnail","hentry","divisione-isve-wood","description-off"],"acf":[],"yoast_head":"<!-- This site is optimized with the Yoast SEO plugin v27.4 - https:\/\/yoast.com\/product\/yoast-seo-wordpress\/ -->\n<title>Planta de impregnaci\u00f3n de madera IMP-PG: consejos y beneficios - ISVE SpA - Trattamento legno - Riciclaggio - Macinatori Trituratori<\/title>\n<meta name=\"robots\" content=\"index, follow, max-snippet:-1, max-image-preview:large, max-video-preview:-1\" \/>\n<link rel=\"canonical\" href=\"https:\/\/isve.com\/es\/equipos-tratamiento-madera\/planta-de-impregnacion-de-madera-imp-pg-consejos-y-beneficios\/\" \/>\n<meta property=\"og:locale\" content=\"es_ES\" \/>\n<meta property=\"og:type\" content=\"article\" \/>\n<meta property=\"og:title\" content=\"Planta de impregnaci\u00f3n de madera IMP-PG: consejos y beneficios - ISVE SpA - Trattamento legno - Riciclaggio - Macinatori Trituratori\" \/>\n<meta property=\"og:description\" content=\"S\u00edstemas ISVE IMP-PG: consejos de uso La versatilidad y la eficiencia de las instalaciones IMP-PG les devuelven aptos mas a los tratamientos de protection de semiacabados y manufactos de madera: tratamiento y pintura de puertas, ventanas, contraventanas, persianas, etc&#8230; tratamiento y pintura de art\u00edculos destinados al aire libre tratamiento de listones tratamiento de maquetas pintura&hellip;\" \/>\n<meta property=\"og:url\" content=\"https:\/\/isve.com\/es\/equipos-tratamiento-madera\/planta-de-impregnacion-de-madera-imp-pg-consejos-y-beneficios\/\" \/>\n<meta property=\"og:site_name\" content=\"ISVE SpA - Trattamento legno - Riciclaggio - Macinatori Trituratori\" \/>\n<meta property=\"article:modified_time\" content=\"2025-04-15T10:27:13+00:00\" \/>\n<meta property=\"og:image\" content=\"https:\/\/isve.com\/wp-content\/uploads\/impp\/-i\/imppg-impregnatori-legno-img10.jpg\" \/>\n\t<meta property=\"og:image:width\" content=\"1624\" \/>\n\t<meta property=\"og:image:height\" content=\"1080\" \/>\n\t<meta property=\"og:image:type\" content=\"image\/jpeg\" \/>\n<meta name=\"twitter:card\" content=\"summary_large_image\" \/>\n<meta name=\"twitter:label1\" content=\"Tiempo de lectura\" \/>\n\t<meta name=\"twitter:data1\" content=\"1 minuto\" \/>\n<script type=\"application\/ld+json\" class=\"yoast-schema-graph\">{\"@context\":\"https:\\\/\\\/schema.org\",\"@graph\":[{\"@type\":\"WebPage\",\"@id\":\"https:\\\/\\\/isve.com\\\/es\\\/equipos-tratamiento-madera\\\/planta-de-impregnacion-de-madera-imp-pg-consejos-y-beneficios\\\/\",\"url\":\"https:\\\/\\\/isve.com\\\/es\\\/equipos-tratamiento-madera\\\/planta-de-impregnacion-de-madera-imp-pg-consejos-y-beneficios\\\/\",\"name\":\"Planta de impregnaci\u00f3n de madera IMP-PG: consejos y beneficios - ISVE SpA - Trattamento legno - Riciclaggio - Macinatori Trituratori\",\"isPartOf\":{\"@id\":\"https:\\\/\\\/isve.com\\\/es\\\/#website\"},\"primaryImageOfPage\":{\"@id\":\"https:\\\/\\\/isve.com\\\/es\\\/equipos-tratamiento-madera\\\/planta-de-impregnacion-de-madera-imp-pg-consejos-y-beneficios\\\/#primaryimage\"},\"image\":{\"@id\":\"https:\\\/\\\/isve.com\\\/es\\\/equipos-tratamiento-madera\\\/planta-de-impregnacion-de-madera-imp-pg-consejos-y-beneficios\\\/#primaryimage\"},\"thumbnailUrl\":\"https:\\\/\\\/isve.com\\\/wp-content\\\/uploads\\\/impp\\\/-i\\\/imppg-impregnatori-legno-img10.jpg\",\"datePublished\":\"2019-12-18T14:39:20+00:00\",\"dateModified\":\"2025-04-15T10:27:13+00:00\",\"breadcrumb\":{\"@id\":\"https:\\\/\\\/isve.com\\\/es\\\/equipos-tratamiento-madera\\\/planta-de-impregnacion-de-madera-imp-pg-consejos-y-beneficios\\\/#breadcrumb\"},\"inLanguage\":\"es\",\"potentialAction\":[{\"@type\":\"ReadAction\",\"target\":[\"https:\\\/\\\/isve.com\\\/es\\\/equipos-tratamiento-madera\\\/planta-de-impregnacion-de-madera-imp-pg-consejos-y-beneficios\\\/\"]}]},{\"@type\":\"ImageObject\",\"inLanguage\":\"es\",\"@id\":\"https:\\\/\\\/isve.com\\\/es\\\/equipos-tratamiento-madera\\\/planta-de-impregnacion-de-madera-imp-pg-consejos-y-beneficios\\\/#primaryimage\",\"url\":\"https:\\\/\\\/isve.com\\\/wp-content\\\/uploads\\\/impp\\\/-i\\\/imppg-impregnatori-legno-img10.jpg\",\"contentUrl\":\"https:\\\/\\\/isve.com\\\/wp-content\\\/uploads\\\/impp\\\/-i\\\/imppg-impregnatori-legno-img10.jpg\",\"width\":1624,\"height\":1080},{\"@type\":\"BreadcrumbList\",\"@id\":\"https:\\\/\\\/isve.com\\\/es\\\/equipos-tratamiento-madera\\\/planta-de-impregnacion-de-madera-imp-pg-consejos-y-beneficios\\\/#breadcrumb\",\"itemListElement\":[{\"@type\":\"ListItem\",\"position\":1,\"name\":\"Home\",\"item\":\"https:\\\/\\\/isve.com\\\/es\\\/\"},{\"@type\":\"ListItem\",\"position\":2,\"name\":\"Tratamiento de la Madera\",\"item\":\"https:\\\/\\\/isve.com\\\/es\\\/equipos-tratamiento-madera\\\/\"},{\"@type\":\"ListItem\",\"position\":3,\"name\":\"Planta de impregnaci\u00f3n de madera IMP-PG: consejos y beneficios\"}]},{\"@type\":\"WebSite\",\"@id\":\"https:\\\/\\\/isve.com\\\/es\\\/#website\",\"url\":\"https:\\\/\\\/isve.com\\\/es\\\/\",\"name\":\"ISVE S.p.A.\",\"description\":\"Sistemi per trattamento del legno e triturazione macinazione granulazione\",\"publisher\":{\"@id\":\"https:\\\/\\\/isve.com\\\/es\\\/#organization\"},\"potentialAction\":[{\"@type\":\"SearchAction\",\"target\":{\"@type\":\"EntryPoint\",\"urlTemplate\":\"https:\\\/\\\/isve.com\\\/es\\\/?s={search_term_string}\"},\"query-input\":{\"@type\":\"PropertyValueSpecification\",\"valueRequired\":true,\"valueName\":\"search_term_string\"}}],\"inLanguage\":\"es\"},{\"@type\":\"Organization\",\"@id\":\"https:\\\/\\\/isve.com\\\/es\\\/#organization\",\"name\":\"ISVE S.p.A.\",\"url\":\"https:\\\/\\\/isve.com\\\/es\\\/\",\"logo\":{\"@type\":\"ImageObject\",\"inLanguage\":\"es\",\"@id\":\"https:\\\/\\\/isve.com\\\/es\\\/#\\\/schema\\\/logo\\\/image\\\/\",\"url\":\"https:\\\/\\\/isve.com\\\/wp-content\\\/uploads\\\/2026\\\/01\\\/logo-isve-spa.png\",\"contentUrl\":\"https:\\\/\\\/isve.com\\\/wp-content\\\/uploads\\\/2026\\\/01\\\/logo-isve-spa.png\",\"width\":600,\"height\":173,\"caption\":\"ISVE S.p.A.\"},\"image\":{\"@id\":\"https:\\\/\\\/isve.com\\\/es\\\/#\\\/schema\\\/logo\\\/image\\\/\"},\"sameAs\":[\"https:\\\/\\\/www.linkedin.com\\\/company\\\/69445471\",\"https:\\\/\\\/www.youtube.com\\\/@isves.p.a.8894\"]}]}<\/script>\n<!-- \/ Yoast SEO plugin. -->","yoast_head_json":{"title":"Planta de impregnaci\u00f3n de madera IMP-PG: consejos y beneficios - ISVE SpA - Trattamento legno - Riciclaggio - Macinatori Trituratori","robots":{"index":"index","follow":"follow","max-snippet":"max-snippet:-1","max-image-preview":"max-image-preview:large","max-video-preview":"max-video-preview:-1"},"canonical":"https:\/\/isve.com\/es\/equipos-tratamiento-madera\/planta-de-impregnacion-de-madera-imp-pg-consejos-y-beneficios\/","og_locale":"es_ES","og_type":"article","og_title":"Planta de impregnaci\u00f3n de madera IMP-PG: consejos y beneficios - ISVE SpA - Trattamento legno - Riciclaggio - Macinatori Trituratori","og_description":"S\u00edstemas ISVE IMP-PG: consejos de uso La versatilidad y la eficiencia de las instalaciones IMP-PG les devuelven aptos mas a los tratamientos de protection de semiacabados y manufactos de madera: tratamiento y pintura de puertas, ventanas, contraventanas, persianas, etc&#8230; tratamiento y pintura de art\u00edculos destinados al aire libre tratamiento de listones tratamiento de maquetas pintura&hellip;","og_url":"https:\/\/isve.com\/es\/equipos-tratamiento-madera\/planta-de-impregnacion-de-madera-imp-pg-consejos-y-beneficios\/","og_site_name":"ISVE SpA - Trattamento legno - Riciclaggio - Macinatori Trituratori","article_modified_time":"2025-04-15T10:27:13+00:00","og_image":[{"width":1624,"height":1080,"url":"https:\/\/isve.com\/wp-content\/uploads\/impp\/-i\/imppg-impregnatori-legno-img10.jpg","type":"image\/jpeg"}],"twitter_card":"summary_large_image","twitter_misc":{"Tiempo de lectura":"1 minuto"},"schema":{"@context":"https:\/\/schema.org","@graph":[{"@type":"WebPage","@id":"https:\/\/isve.com\/es\/equipos-tratamiento-madera\/planta-de-impregnacion-de-madera-imp-pg-consejos-y-beneficios\/","url":"https:\/\/isve.com\/es\/equipos-tratamiento-madera\/planta-de-impregnacion-de-madera-imp-pg-consejos-y-beneficios\/","name":"Planta de impregnaci\u00f3n de madera IMP-PG: consejos y beneficios - ISVE SpA - Trattamento legno - Riciclaggio - Macinatori Trituratori","isPartOf":{"@id":"https:\/\/isve.com\/es\/#website"},"primaryImageOfPage":{"@id":"https:\/\/isve.com\/es\/equipos-tratamiento-madera\/planta-de-impregnacion-de-madera-imp-pg-consejos-y-beneficios\/#primaryimage"},"image":{"@id":"https:\/\/isve.com\/es\/equipos-tratamiento-madera\/planta-de-impregnacion-de-madera-imp-pg-consejos-y-beneficios\/#primaryimage"},"thumbnailUrl":"https:\/\/isve.com\/wp-content\/uploads\/impp\/-i\/imppg-impregnatori-legno-img10.jpg","datePublished":"2019-12-18T14:39:20+00:00","dateModified":"2025-04-15T10:27:13+00:00","breadcrumb":{"@id":"https:\/\/isve.com\/es\/equipos-tratamiento-madera\/planta-de-impregnacion-de-madera-imp-pg-consejos-y-beneficios\/#breadcrumb"},"inLanguage":"es","potentialAction":[{"@type":"ReadAction","target":["https:\/\/isve.com\/es\/equipos-tratamiento-madera\/planta-de-impregnacion-de-madera-imp-pg-consejos-y-beneficios\/"]}]},{"@type":"ImageObject","inLanguage":"es","@id":"https:\/\/isve.com\/es\/equipos-tratamiento-madera\/planta-de-impregnacion-de-madera-imp-pg-consejos-y-beneficios\/#primaryimage","url":"https:\/\/isve.com\/wp-content\/uploads\/impp\/-i\/imppg-impregnatori-legno-img10.jpg","contentUrl":"https:\/\/isve.com\/wp-content\/uploads\/impp\/-i\/imppg-impregnatori-legno-img10.jpg","width":1624,"height":1080},{"@type":"BreadcrumbList","@id":"https:\/\/isve.com\/es\/equipos-tratamiento-madera\/planta-de-impregnacion-de-madera-imp-pg-consejos-y-beneficios\/#breadcrumb","itemListElement":[{"@type":"ListItem","position":1,"name":"Home","item":"https:\/\/isve.com\/es\/"},{"@type":"ListItem","position":2,"name":"Tratamiento de la Madera","item":"https:\/\/isve.com\/es\/equipos-tratamiento-madera\/"},{"@type":"ListItem","position":3,"name":"Planta de impregnaci\u00f3n de madera IMP-PG: consejos y beneficios"}]},{"@type":"WebSite","@id":"https:\/\/isve.com\/es\/#website","url":"https:\/\/isve.com\/es\/","name":"ISVE S.p.A.","description":"Sistemi per trattamento del legno e triturazione macinazione granulazione","publisher":{"@id":"https:\/\/isve.com\/es\/#organization"},"potentialAction":[{"@type":"SearchAction","target":{"@type":"EntryPoint","urlTemplate":"https:\/\/isve.com\/es\/?s={search_term_string}"},"query-input":{"@type":"PropertyValueSpecification","valueRequired":true,"valueName":"search_term_string"}}],"inLanguage":"es"},{"@type":"Organization","@id":"https:\/\/isve.com\/es\/#organization","name":"ISVE S.p.A.","url":"https:\/\/isve.com\/es\/","logo":{"@type":"ImageObject","inLanguage":"es","@id":"https:\/\/isve.com\/es\/#\/schema\/logo\/image\/","url":"https:\/\/isve.com\/wp-content\/uploads\/2026\/01\/logo-isve-spa.png","contentUrl":"https:\/\/isve.com\/wp-content\/uploads\/2026\/01\/logo-isve-spa.png","width":600,"height":173,"caption":"ISVE S.p.A."},"image":{"@id":"https:\/\/isve.com\/es\/#\/schema\/logo\/image\/"},"sameAs":["https:\/\/www.linkedin.com\/company\/69445471","https:\/\/www.youtube.com\/@isves.p.a.8894"]}]}},"_links":{"self":[{"href":"https:\/\/isve.com\/es\/wp-json\/wp\/v2\/pages\/14770","targetHints":{"allow":["GET"]}}],"collection":[{"href":"https:\/\/isve.com\/es\/wp-json\/wp\/v2\/pages"}],"about":[{"href":"https:\/\/isve.com\/es\/wp-json\/wp\/v2\/types\/page"}],"author":[{"embeddable":true,"href":"https:\/\/isve.com\/es\/wp-json\/wp\/v2\/users\/1"}],"replies":[{"embeddable":true,"href":"https:\/\/isve.com\/es\/wp-json\/wp\/v2\/comments?post=14770"}],"version-history":[{"count":0,"href":"https:\/\/isve.com\/es\/wp-json\/wp\/v2\/pages\/14770\/revisions"}],"up":[{"embeddable":true,"href":"https:\/\/isve.com\/es\/wp-json\/wp\/v2\/pages\/15968"}],"wp:featuredmedia":[{"embeddable":true,"href":"https:\/\/isve.com\/es\/wp-json\/wp\/v2\/media\/14597"}],"wp:attachment":[{"href":"https:\/\/isve.com\/es\/wp-json\/wp\/v2\/media?parent=14770"}],"wp:term":[{"taxonomy":"post_tag","embeddable":true,"href":"https:\/\/isve.com\/es\/wp-json\/wp\/v2\/tags?post=14770"},{"taxonomy":"impaginazione","embeddable":true,"href":"https:\/\/isve.com\/es\/wp-json\/wp\/v2\/impaginazione?post=14770"},{"taxonomy":"divisione","embeddable":true,"href":"https:\/\/isve.com\/es\/wp-json\/wp\/v2\/divisione?post=14770"},{"taxonomy":"categorie_modelli","embeddable":true,"href":"https:\/\/isve.com\/es\/wp-json\/wp\/v2\/categorie_modelli?post=14770"}],"curies":[{"name":"wp","href":"https:\/\/api.w.org\/{rel}","templated":true}]}}