{"id":14764,"date":"2019-12-18T12:18:07","date_gmt":"2019-12-18T11:18:07","guid":{"rendered":"https:\/\/isve.com\/imp-pg-oscilante-por-impregnacion-de-armazones-de-vigas-para-techos\/"},"modified":"2025-04-15T12:19:09","modified_gmt":"2025-04-15T10:19:09","slug":"imp-pg-oscilante-por-impregnacion-de-armazones-de-vigas-para-techos","status":"publish","type":"page","link":"https:\/\/isve.com\/es\/equipos-tratamiento-madera\/imp-pg-oscilante-por-impregnacion-de-armazones-de-vigas-para-techos\/","title":{"rendered":"IMP-PG Oscilante por impregnaci\u00f3n de armazones de vigas para techos"},"content":{"rendered":"<h2><strong>Autoclave al vacio IMP-PG permite la impregnaci\u00f3n de armazones de vigas para techos.<\/strong><\/h2>\n<p>ISVE ha ampliado recientemente su gama de impregnadores por rociado con el nuevo modelo IMP-PG &#8220;Oscilante&#8221;.&nbsp;Este&nbsp;<strong>autoclave al vac\u00edo permite la impregnaci\u00f3n de armazones de vigas para techos<\/strong>&nbsp;dispuestos en paquetes adecuadamente fileteados.&nbsp;La aplicaci\u00f3n y el uso del IMP-PG se presta para conferir a la madera la protecci\u00f3n contra las siguientes&nbsp;clases de riesgo:<\/p>\n<ul>\n<li><strong>Clase de riesgo 1<\/strong>: situaci\u00f3n en la que la madera o el producto a base de madera est\u00e1 resguardado, completamente protegido de los agentes atmosf\u00e9ricos y no expuesto a la humedad.<\/li>\n<li><strong>Clase de riesgo 2<\/strong>: situaci\u00f3n en la que la madera o el producto de madera est\u00e1 resguardado y completamente protegido de los agentes atmosf\u00e9ricos, pero en los que una elevada humedad ambiente puede determinar humidificaciones ocasionales pero no persistentes.<\/li>\n<li><strong>Clase de riesgo 3<\/strong>: situaci\u00f3n en la que la madera o el producto de madera no est\u00e1 resguardado y no se encuentra en contacto con la tierra. Este se encuentra continuamente expuesto a los agentes atmosf\u00e9ricos o, a\u00fan estando protegido de los mismos, est\u00e1 sujeto a una humidificaci\u00f3n frecuente.<\/li>\n<\/ul>\n<p>En estos tres casos, definidos por el CEN (Comit\u00e9 europeo de Normalizaci\u00f3n), el <strong>IMP-PG garantiza la protecci\u00f3n y la longevidad est\u00e9tica de la madera en elaboraci\u00f3n.<\/strong><\/p>\n<p><img fetchpriority=\"high\" decoding=\"async\" class=\"size-large wp-image-5028 aligncenter\" src=\"https:\/\/isve.com\/wp-content\/uploads\/\/impregnatori-oscillanti-per-travature-tetti-legno-1024x288.png\" alt=\"\" width=\"1024\" height=\"288\"><\/p>\n<h2>&nbsp;<\/h2>\n<h2><strong>C\u00f3mo funcionan los impregnadores oscilantes<\/strong><\/h2>\n<p>Las vigas a tratar se rayan en paquetes y se cargan en un carro, que se introduce en el autoclave.<\/p>\n<p>El ciclo de impregnaci\u00f3n comienza con la activaci\u00f3n de la bomba de vac\u00edo, que tiene la funci\u00f3n de eliminar el aire presente en las fibras de madera. En esta fase, la apertura de la &#8220;porosidad&#8221; de la madera favorece la penetraci\u00f3n posterior del producto impregnante.<\/p>\n<p>En el fondo del autoclave hay un dep\u00f3sito en el que se vierten 100-600 litros de soluci\u00f3n conservante. Por medio de una bomba, el producto se env\u00eda a una serie de boquillas de pulverizaci\u00f3n autom\u00e1ticas, dispuestas en dos marcos de anillo.<\/p>\n<p>Los anillos de pulverizaci\u00f3n est\u00e1n montados en un carro que se mueve a lo largo de todo el autoclave con movimiento horizontal alternativo. Este movimiento tiene la clara funci\u00f3n de rociar las piezas a lo largo de toda la longitud.<\/p>\n<p>El agente de impregnaci\u00f3n se <strong>pulveriza<\/strong> creando una niebla muy fina que se deposita en todas las cavidades de la madera, cubriendo completamente la superficie. La parte sobrante del producto se vuelve a depositar en la parte inferior del autoclave y se reutiliza <strong>evitando cualquier desperdicio<\/strong>.<\/p>\n<p>&nbsp;<\/p>\n<h2><img decoding=\"async\" class=\"alignnone size-large wp-image-5035\" src=\"https:\/\/isve.com\/wp-content\/uploads\/\/impregnatori-oscillanti-per-travature-larga-1024x296.jpg\" alt=\"\" width=\"1024\" height=\"296\"><\/h2>\n<h2><strong>Las ventajas<\/strong><\/h2>\n<p>El <strong>tratamiento de la madera<\/strong> con impregnadores oscilantes IMP-PG, si est\u00e1 respaldado por un producto de impregnaci\u00f3n v\u00e1lido, garantiza una <strong>perfecta protecci\u00f3n a prueba de agua, anti-criptog\u00e1mica e insecticida<\/strong> de la superficie del haz.<\/p>\n<p>Las <strong>ventajas<\/strong> que se pueden obtener son evidentes:<\/p>\n<p>En primer lugar, en t\u00e9rminos de eficiencia, no hay p\u00e9rdida de producto ni fugas de disolvente desde el interior del autoclave que, para garantizar el vac\u00edo, debe sellarse herm\u00e9ticamente.<br \/>\nLa automatizaci\u00f3n del proceso permite obtener un ahorro de tiempo del orden del 60%, en comparaci\u00f3n con un tratamiento tradicional realizado con brocha, cepillo o pistola.<br \/>\nEn t\u00e9rminos de calidad, el truss est\u00e1 perfectamente impregnado y con colores uniformes, mientras que, desde un punto de vista ambiental, no hay p\u00e9rdidas ni olores desagradables. La acci\u00f3n del vac\u00edo permite una muy alta penetraci\u00f3n y adhesi\u00f3n de la pintura a la superficie interna de los poros de la madera, un resultado que solo se puede obtener gracias a un tratamiento en autoclave.<\/p>\n","protected":false},"excerpt":{"rendered":"<p>Autoclave al vacio IMP-PG permite la impregnaci\u00f3n de armazones de vigas para techos. ISVE ha ampliado recientemente su gama de impregnadores por rociado con el nuevo modelo IMP-PG &#8220;Oscilante&#8221;.&nbsp;Este&nbsp;autoclave al vac\u00edo permite la impregnaci\u00f3n de armazones de vigas para techos&nbsp;dispuestos en paquetes adecuadamente fileteados.&nbsp;La aplicaci\u00f3n y el uso del IMP-PG se presta para conferir a&hellip;<\/p>\n","protected":false},"author":1,"featured_media":14587,"parent":15968,"menu_order":193,"comment_status":"closed","ping_status":"closed","template":"","meta":{"_acf_changed":false,"footnotes":""},"tags":[],"impaginazione":[],"divisione":[3690],"categorie_modelli":[],"class_list":["post-14764","page","type-page","status-publish","has-post-thumbnail","hentry","divisione-isve-wood","description-off"],"acf":[],"yoast_head":"<!-- This site is optimized with the Yoast SEO plugin v27.4 - https:\/\/yoast.com\/product\/yoast-seo-wordpress\/ -->\n<title>IMP-PG Oscilante por impregnaci\u00f3n de armazones de vigas para techos - ISVE SpA - Trattamento legno - Riciclaggio - Macinatori Trituratori<\/title>\n<meta name=\"robots\" content=\"index, follow, max-snippet:-1, max-image-preview:large, max-video-preview:-1\" \/>\n<link rel=\"canonical\" href=\"https:\/\/isve.com\/es\/equipos-tratamiento-madera\/imp-pg-oscilante-por-impregnacion-de-armazones-de-vigas-para-techos\/\" \/>\n<meta property=\"og:locale\" content=\"es_ES\" \/>\n<meta property=\"og:type\" content=\"article\" \/>\n<meta property=\"og:title\" content=\"IMP-PG Oscilante por impregnaci\u00f3n de armazones de vigas para techos - ISVE SpA - Trattamento legno - Riciclaggio - Macinatori Trituratori\" \/>\n<meta property=\"og:description\" content=\"Autoclave al vacio IMP-PG permite la impregnaci\u00f3n de armazones de vigas para techos. ISVE ha ampliado recientemente su gama de impregnadores por rociado con el nuevo modelo IMP-PG &#8220;Oscilante&#8221;.&nbsp;Este&nbsp;autoclave al vac\u00edo permite la impregnaci\u00f3n de armazones de vigas para techos&nbsp;dispuestos en paquetes adecuadamente fileteados.&nbsp;La aplicaci\u00f3n y el uso del IMP-PG se presta para conferir a&hellip;\" \/>\n<meta property=\"og:url\" content=\"https:\/\/isve.com\/es\/equipos-tratamiento-madera\/imp-pg-oscilante-por-impregnacion-de-armazones-de-vigas-para-techos\/\" \/>\n<meta property=\"og:site_name\" content=\"ISVE SpA - Trattamento legno - Riciclaggio - Macinatori Trituratori\" \/>\n<meta property=\"article:modified_time\" content=\"2025-04-15T10:19:09+00:00\" \/>\n<meta property=\"og:image\" content=\"https:\/\/isve.com\/wp-content\/uploads\/impp\/-i\/imppg-impregnatori-legno-img31.jpg\" \/>\n\t<meta property=\"og:image:width\" content=\"1920\" \/>\n\t<meta property=\"og:image:height\" content=\"1277\" \/>\n\t<meta property=\"og:image:type\" content=\"image\/jpeg\" \/>\n<meta name=\"twitter:card\" content=\"summary_large_image\" \/>\n<meta name=\"twitter:label1\" content=\"Tiempo de lectura\" \/>\n\t<meta name=\"twitter:data1\" content=\"3 minutos\" \/>\n<script type=\"application\/ld+json\" class=\"yoast-schema-graph\">{\"@context\":\"https:\\\/\\\/schema.org\",\"@graph\":[{\"@type\":\"WebPage\",\"@id\":\"https:\\\/\\\/isve.com\\\/es\\\/equipos-tratamiento-madera\\\/imp-pg-oscilante-por-impregnacion-de-armazones-de-vigas-para-techos\\\/\",\"url\":\"https:\\\/\\\/isve.com\\\/es\\\/equipos-tratamiento-madera\\\/imp-pg-oscilante-por-impregnacion-de-armazones-de-vigas-para-techos\\\/\",\"name\":\"IMP-PG Oscilante por impregnaci\u00f3n de armazones de vigas para techos - ISVE SpA - Trattamento legno - Riciclaggio - Macinatori Trituratori\",\"isPartOf\":{\"@id\":\"https:\\\/\\\/isve.com\\\/es\\\/#website\"},\"primaryImageOfPage\":{\"@id\":\"https:\\\/\\\/isve.com\\\/es\\\/equipos-tratamiento-madera\\\/imp-pg-oscilante-por-impregnacion-de-armazones-de-vigas-para-techos\\\/#primaryimage\"},\"image\":{\"@id\":\"https:\\\/\\\/isve.com\\\/es\\\/equipos-tratamiento-madera\\\/imp-pg-oscilante-por-impregnacion-de-armazones-de-vigas-para-techos\\\/#primaryimage\"},\"thumbnailUrl\":\"https:\\\/\\\/isve.com\\\/wp-content\\\/uploads\\\/impp\\\/-i\\\/imppg-impregnatori-legno-img31.jpg\",\"datePublished\":\"2019-12-18T11:18:07+00:00\",\"dateModified\":\"2025-04-15T10:19:09+00:00\",\"breadcrumb\":{\"@id\":\"https:\\\/\\\/isve.com\\\/es\\\/equipos-tratamiento-madera\\\/imp-pg-oscilante-por-impregnacion-de-armazones-de-vigas-para-techos\\\/#breadcrumb\"},\"inLanguage\":\"es\",\"potentialAction\":[{\"@type\":\"ReadAction\",\"target\":[\"https:\\\/\\\/isve.com\\\/es\\\/equipos-tratamiento-madera\\\/imp-pg-oscilante-por-impregnacion-de-armazones-de-vigas-para-techos\\\/\"]}]},{\"@type\":\"ImageObject\",\"inLanguage\":\"es\",\"@id\":\"https:\\\/\\\/isve.com\\\/es\\\/equipos-tratamiento-madera\\\/imp-pg-oscilante-por-impregnacion-de-armazones-de-vigas-para-techos\\\/#primaryimage\",\"url\":\"https:\\\/\\\/isve.com\\\/wp-content\\\/uploads\\\/impp\\\/-i\\\/imppg-impregnatori-legno-img31.jpg\",\"contentUrl\":\"https:\\\/\\\/isve.com\\\/wp-content\\\/uploads\\\/impp\\\/-i\\\/imppg-impregnatori-legno-img31.jpg\",\"width\":1920,\"height\":1277},{\"@type\":\"BreadcrumbList\",\"@id\":\"https:\\\/\\\/isve.com\\\/es\\\/equipos-tratamiento-madera\\\/imp-pg-oscilante-por-impregnacion-de-armazones-de-vigas-para-techos\\\/#breadcrumb\",\"itemListElement\":[{\"@type\":\"ListItem\",\"position\":1,\"name\":\"Home\",\"item\":\"https:\\\/\\\/isve.com\\\/es\\\/\"},{\"@type\":\"ListItem\",\"position\":2,\"name\":\"Tratamiento de la Madera\",\"item\":\"https:\\\/\\\/isve.com\\\/es\\\/equipos-tratamiento-madera\\\/\"},{\"@type\":\"ListItem\",\"position\":3,\"name\":\"IMP-PG Oscilante por impregnaci\u00f3n de armazones de vigas para techos\"}]},{\"@type\":\"WebSite\",\"@id\":\"https:\\\/\\\/isve.com\\\/es\\\/#website\",\"url\":\"https:\\\/\\\/isve.com\\\/es\\\/\",\"name\":\"ISVE S.p.A.\",\"description\":\"Sistemi per trattamento del legno e triturazione macinazione granulazione\",\"publisher\":{\"@id\":\"https:\\\/\\\/isve.com\\\/es\\\/#organization\"},\"potentialAction\":[{\"@type\":\"SearchAction\",\"target\":{\"@type\":\"EntryPoint\",\"urlTemplate\":\"https:\\\/\\\/isve.com\\\/es\\\/?s={search_term_string}\"},\"query-input\":{\"@type\":\"PropertyValueSpecification\",\"valueRequired\":true,\"valueName\":\"search_term_string\"}}],\"inLanguage\":\"es\"},{\"@type\":\"Organization\",\"@id\":\"https:\\\/\\\/isve.com\\\/es\\\/#organization\",\"name\":\"ISVE S.p.A.\",\"url\":\"https:\\\/\\\/isve.com\\\/es\\\/\",\"logo\":{\"@type\":\"ImageObject\",\"inLanguage\":\"es\",\"@id\":\"https:\\\/\\\/isve.com\\\/es\\\/#\\\/schema\\\/logo\\\/image\\\/\",\"url\":\"https:\\\/\\\/isve.com\\\/wp-content\\\/uploads\\\/2026\\\/01\\\/logo-isve-spa.png\",\"contentUrl\":\"https:\\\/\\\/isve.com\\\/wp-content\\\/uploads\\\/2026\\\/01\\\/logo-isve-spa.png\",\"width\":600,\"height\":173,\"caption\":\"ISVE S.p.A.\"},\"image\":{\"@id\":\"https:\\\/\\\/isve.com\\\/es\\\/#\\\/schema\\\/logo\\\/image\\\/\"},\"sameAs\":[\"https:\\\/\\\/www.linkedin.com\\\/company\\\/69445471\",\"https:\\\/\\\/www.youtube.com\\\/@isves.p.a.8894\"]}]}<\/script>\n<!-- \/ Yoast SEO plugin. -->","yoast_head_json":{"title":"IMP-PG Oscilante por impregnaci\u00f3n de armazones de vigas para techos - ISVE SpA - Trattamento legno - Riciclaggio - Macinatori Trituratori","robots":{"index":"index","follow":"follow","max-snippet":"max-snippet:-1","max-image-preview":"max-image-preview:large","max-video-preview":"max-video-preview:-1"},"canonical":"https:\/\/isve.com\/es\/equipos-tratamiento-madera\/imp-pg-oscilante-por-impregnacion-de-armazones-de-vigas-para-techos\/","og_locale":"es_ES","og_type":"article","og_title":"IMP-PG Oscilante por impregnaci\u00f3n de armazones de vigas para techos - ISVE SpA - Trattamento legno - Riciclaggio - Macinatori Trituratori","og_description":"Autoclave al vacio IMP-PG permite la impregnaci\u00f3n de armazones de vigas para techos. ISVE ha ampliado recientemente su gama de impregnadores por rociado con el nuevo modelo IMP-PG &#8220;Oscilante&#8221;.&nbsp;Este&nbsp;autoclave al vac\u00edo permite la impregnaci\u00f3n de armazones de vigas para techos&nbsp;dispuestos en paquetes adecuadamente fileteados.&nbsp;La aplicaci\u00f3n y el uso del IMP-PG se presta para conferir a&hellip;","og_url":"https:\/\/isve.com\/es\/equipos-tratamiento-madera\/imp-pg-oscilante-por-impregnacion-de-armazones-de-vigas-para-techos\/","og_site_name":"ISVE SpA - Trattamento legno - Riciclaggio - Macinatori Trituratori","article_modified_time":"2025-04-15T10:19:09+00:00","og_image":[{"width":1920,"height":1277,"url":"https:\/\/isve.com\/wp-content\/uploads\/impp\/-i\/imppg-impregnatori-legno-img31.jpg","type":"image\/jpeg"}],"twitter_card":"summary_large_image","twitter_misc":{"Tiempo de lectura":"3 minutos"},"schema":{"@context":"https:\/\/schema.org","@graph":[{"@type":"WebPage","@id":"https:\/\/isve.com\/es\/equipos-tratamiento-madera\/imp-pg-oscilante-por-impregnacion-de-armazones-de-vigas-para-techos\/","url":"https:\/\/isve.com\/es\/equipos-tratamiento-madera\/imp-pg-oscilante-por-impregnacion-de-armazones-de-vigas-para-techos\/","name":"IMP-PG Oscilante por impregnaci\u00f3n de armazones de vigas para techos - ISVE SpA - Trattamento legno - Riciclaggio - Macinatori Trituratori","isPartOf":{"@id":"https:\/\/isve.com\/es\/#website"},"primaryImageOfPage":{"@id":"https:\/\/isve.com\/es\/equipos-tratamiento-madera\/imp-pg-oscilante-por-impregnacion-de-armazones-de-vigas-para-techos\/#primaryimage"},"image":{"@id":"https:\/\/isve.com\/es\/equipos-tratamiento-madera\/imp-pg-oscilante-por-impregnacion-de-armazones-de-vigas-para-techos\/#primaryimage"},"thumbnailUrl":"https:\/\/isve.com\/wp-content\/uploads\/impp\/-i\/imppg-impregnatori-legno-img31.jpg","datePublished":"2019-12-18T11:18:07+00:00","dateModified":"2025-04-15T10:19:09+00:00","breadcrumb":{"@id":"https:\/\/isve.com\/es\/equipos-tratamiento-madera\/imp-pg-oscilante-por-impregnacion-de-armazones-de-vigas-para-techos\/#breadcrumb"},"inLanguage":"es","potentialAction":[{"@type":"ReadAction","target":["https:\/\/isve.com\/es\/equipos-tratamiento-madera\/imp-pg-oscilante-por-impregnacion-de-armazones-de-vigas-para-techos\/"]}]},{"@type":"ImageObject","inLanguage":"es","@id":"https:\/\/isve.com\/es\/equipos-tratamiento-madera\/imp-pg-oscilante-por-impregnacion-de-armazones-de-vigas-para-techos\/#primaryimage","url":"https:\/\/isve.com\/wp-content\/uploads\/impp\/-i\/imppg-impregnatori-legno-img31.jpg","contentUrl":"https:\/\/isve.com\/wp-content\/uploads\/impp\/-i\/imppg-impregnatori-legno-img31.jpg","width":1920,"height":1277},{"@type":"BreadcrumbList","@id":"https:\/\/isve.com\/es\/equipos-tratamiento-madera\/imp-pg-oscilante-por-impregnacion-de-armazones-de-vigas-para-techos\/#breadcrumb","itemListElement":[{"@type":"ListItem","position":1,"name":"Home","item":"https:\/\/isve.com\/es\/"},{"@type":"ListItem","position":2,"name":"Tratamiento de la Madera","item":"https:\/\/isve.com\/es\/equipos-tratamiento-madera\/"},{"@type":"ListItem","position":3,"name":"IMP-PG Oscilante por impregnaci\u00f3n de armazones de vigas para techos"}]},{"@type":"WebSite","@id":"https:\/\/isve.com\/es\/#website","url":"https:\/\/isve.com\/es\/","name":"ISVE S.p.A.","description":"Sistemi per trattamento del legno e triturazione macinazione granulazione","publisher":{"@id":"https:\/\/isve.com\/es\/#organization"},"potentialAction":[{"@type":"SearchAction","target":{"@type":"EntryPoint","urlTemplate":"https:\/\/isve.com\/es\/?s={search_term_string}"},"query-input":{"@type":"PropertyValueSpecification","valueRequired":true,"valueName":"search_term_string"}}],"inLanguage":"es"},{"@type":"Organization","@id":"https:\/\/isve.com\/es\/#organization","name":"ISVE S.p.A.","url":"https:\/\/isve.com\/es\/","logo":{"@type":"ImageObject","inLanguage":"es","@id":"https:\/\/isve.com\/es\/#\/schema\/logo\/image\/","url":"https:\/\/isve.com\/wp-content\/uploads\/2026\/01\/logo-isve-spa.png","contentUrl":"https:\/\/isve.com\/wp-content\/uploads\/2026\/01\/logo-isve-spa.png","width":600,"height":173,"caption":"ISVE S.p.A."},"image":{"@id":"https:\/\/isve.com\/es\/#\/schema\/logo\/image\/"},"sameAs":["https:\/\/www.linkedin.com\/company\/69445471","https:\/\/www.youtube.com\/@isves.p.a.8894"]}]}},"_links":{"self":[{"href":"https:\/\/isve.com\/es\/wp-json\/wp\/v2\/pages\/14764","targetHints":{"allow":["GET"]}}],"collection":[{"href":"https:\/\/isve.com\/es\/wp-json\/wp\/v2\/pages"}],"about":[{"href":"https:\/\/isve.com\/es\/wp-json\/wp\/v2\/types\/page"}],"author":[{"embeddable":true,"href":"https:\/\/isve.com\/es\/wp-json\/wp\/v2\/users\/1"}],"replies":[{"embeddable":true,"href":"https:\/\/isve.com\/es\/wp-json\/wp\/v2\/comments?post=14764"}],"version-history":[{"count":0,"href":"https:\/\/isve.com\/es\/wp-json\/wp\/v2\/pages\/14764\/revisions"}],"up":[{"embeddable":true,"href":"https:\/\/isve.com\/es\/wp-json\/wp\/v2\/pages\/15968"}],"wp:featuredmedia":[{"embeddable":true,"href":"https:\/\/isve.com\/es\/wp-json\/wp\/v2\/media\/14587"}],"wp:attachment":[{"href":"https:\/\/isve.com\/es\/wp-json\/wp\/v2\/media?parent=14764"}],"wp:term":[{"taxonomy":"post_tag","embeddable":true,"href":"https:\/\/isve.com\/es\/wp-json\/wp\/v2\/tags?post=14764"},{"taxonomy":"impaginazione","embeddable":true,"href":"https:\/\/isve.com\/es\/wp-json\/wp\/v2\/impaginazione?post=14764"},{"taxonomy":"divisione","embeddable":true,"href":"https:\/\/isve.com\/es\/wp-json\/wp\/v2\/divisione?post=14764"},{"taxonomy":"categorie_modelli","embeddable":true,"href":"https:\/\/isve.com\/es\/wp-json\/wp\/v2\/categorie_modelli?post=14764"}],"curies":[{"name":"wp","href":"https:\/\/api.w.org\/{rel}","templated":true}]}}