{"id":14761,"date":"2019-12-18T11:57:39","date_gmt":"2019-12-18T10:57:39","guid":{"rendered":"https:\/\/isve.com\/estado-de-la-tecnica\/"},"modified":"2025-04-15T12:26:31","modified_gmt":"2025-04-15T10:26:31","slug":"estado-de-la-tecnica","status":"publish","type":"page","link":"https:\/\/isve.com\/es\/equipos-tratamiento-madera\/estado-de-la-tecnica\/","title":{"rendered":"Impregnaci\u00f3n al vac\u00edo de madera: estado de la tecnica"},"content":{"rendered":"<h3>Sistemas de impregnaci\u00f3n al vac\u00edo para trabajar con una cantidad limitada de soluci\u00f3n de impregnaci\u00f3n.<\/h3>\n<p><strong>La impregnaci\u00f3n en autoclave<\/strong>&nbsp;durante su primera fase de desarrollo, pensaba conferir caracter\u00edsticas de <strong>duraci\u00f3n<\/strong> y de <strong>protecci\u00f3n<\/strong> a la madera trabajada.<br \/>\nCon las expectativas crecientes del mercado y con la mayor demanda de elevados est\u00e1ndares de calidad, se ha afirmado la necesidad de conferir <strong>caracter\u00edsticas est\u00e9ticas<\/strong> a la madera, como la coloraci\u00f3n, la correcci\u00f3n de posibles defectos e irregularidades y la exaltaci\u00f3n de la &#8220;vena&#8221; t\u00edpica de cada esencia.<\/p>\n<p>La pintura aplicada en grandes espesores y sin posibilidad de hacer respirar a la madera, con el tiempo se ha modificado gracias a la realizaci\u00f3n de <strong>pel\u00edculas finas<\/strong> y de <strong>lacas<\/strong>. Estos productos, adem\u00e1s de ser m\u00e1s convenientes, hacen m\u00e1s apreciables las superficies tratadas bajo el aspecto de la est\u00e9tica y del tacto.<br \/>\nSin embargo hasta las primeras operaciones de elaboraci\u00f3n, la menor protecci\u00f3n se repercute sobre un important\u00edsimo factor: <strong>la duraci\u00f3n.<\/strong><\/p>\n<hr>\n<h3><strong>PROPOSICI\u00d3N ISVE<\/strong><\/h3>\n<p>La realizaci\u00f3n de las&nbsp;<strong>instalaciones de impregnaci\u00f3n en vac\u00edo&nbsp;<\/strong>IMP-PG, estudiadas <strong>para poder trabajar con cantidades limitadas de soluci\u00f3n impregnante <\/strong>inmovilizada en la instalaci\u00f3n, ha hecho posible primero la aplicaci\u00f3n de impregnantes incoloros o colorados y despu\u00e9s pinturas de fondo y de acabado.<\/p>\n<p>La instalaci\u00f3n, <strong>herm\u00e9ticamente cerrada<\/strong> y de ciclo autom\u00e1tico <strong>elimina<\/strong> la necesidad de:<\/p>\n<p>a) utilizar personal especializado.<br \/>\nb) adoptar equipamientos costosos para el tratamiento y la filtraci\u00f3n de los residuos de la pintura.<br \/>\nc) consumir m\u00e1s pintura de la necesaria.<br \/>\nd) efectuar controles gravosos para garantizar un valor de calidad constante.<\/p>\n<p>Adem\u00e1s <strong>garantiza<\/strong>:<\/p>\n<ul>\n<li>Utilizar en la misma instalaci\u00f3n una amplia gama de productos impregnantes para la protecci\u00f3n y el cuidado contra la carcoma, las termitas, los hongos, etc. para maderas sometidas a las clases de riesgo 1, 2 y 3.<\/li>\n<li>Protecci\u00f3n perfectamente homog\u00e9nea contra los rayos solares.<\/li>\n<li>Protecci\u00f3n contra la humedad y el agua: la aplicaci\u00f3n perfectamente homog\u00e9nea impermeabiliza hasta el \u00faltimo microporo y hace que la madera sea hidr\u00f3foba.<\/li>\n<li>Proceso innovador de pintado, que permite una aplicaci\u00f3n perfectamente homog\u00e9nea y una total penetraci\u00f3n de la resina en las juntas, fisuras y zonas d\u00e9biles que con otros procesos no son protegidas.<\/li>\n<li>Las caracter\u00edsticas de fijaci\u00f3n que conciernen a la aplicaci\u00f3n de la pintura en ausencia de aire con la aplicaci\u00f3n del doble vac\u00edo (vac-vac) permiten su penetraci\u00f3n a\u00fan en las zonas porosas m\u00e1s peque\u00f1as, obteniendo una duraci\u00f3n 3 o 4 veces superior a la del pintado convencional.<\/li>\n<li>M\u00e1xima estanqueidad entre acabado y fondo.<\/li>\n<li>Notable reducci\u00f3n del tiempo de preparaci\u00f3n de las superficies despu\u00e9s de la aplicaci\u00f3n del fondo gracias al muy reducido fen\u00f3meno del &#8220;levantamiento del pelo&#8221;.<\/li>\n<li>Recuperaci\u00f3n de todo el producto no aplicado sobre las piezas.<\/li>\n<li>No se producen desechos.<\/li>\n<\/ul>\n<p>&nbsp;<\/p>\n","protected":false},"excerpt":{"rendered":"<p>Sistemas de impregnaci\u00f3n al vac\u00edo para trabajar con una cantidad limitada de soluci\u00f3n de impregnaci\u00f3n. La impregnaci\u00f3n en autoclave&nbsp;durante su primera fase de desarrollo, pensaba conferir caracter\u00edsticas de duraci\u00f3n y de protecci\u00f3n a la madera trabajada. Con las expectativas crecientes del mercado y con la mayor demanda de elevados est\u00e1ndares de calidad, se ha afirmado&hellip;<\/p>\n","protected":false},"author":1,"featured_media":14582,"parent":15968,"menu_order":189,"comment_status":"closed","ping_status":"closed","template":"","meta":{"_acf_changed":false,"footnotes":""},"tags":[],"impaginazione":[],"divisione":[3690],"categorie_modelli":[],"class_list":["post-14761","page","type-page","status-publish","has-post-thumbnail","hentry","divisione-isve-wood","description-off"],"acf":[],"yoast_head":"<!-- This site is optimized with the Yoast SEO plugin v27.4 - https:\/\/yoast.com\/product\/yoast-seo-wordpress\/ -->\n<title>Impregnaci\u00f3n al vac\u00edo de madera: estado de la tecnica - ISVE SpA - Tratamiento madera - Reciclaje - Molinos Trituradoras<\/title>\n<meta name=\"robots\" content=\"index, follow, max-snippet:-1, max-image-preview:large, max-video-preview:-1\" \/>\n<link rel=\"canonical\" href=\"https:\/\/isve.com\/es\/equipos-tratamiento-madera\/estado-de-la-tecnica\/\" \/>\n<meta property=\"og:locale\" content=\"es_ES\" \/>\n<meta property=\"og:type\" content=\"article\" \/>\n<meta property=\"og:title\" content=\"Impregnaci\u00f3n al vac\u00edo de madera: estado de la tecnica - ISVE SpA - Tratamiento madera - Reciclaje - Molinos Trituradoras\" \/>\n<meta property=\"og:description\" content=\"Sistemas de impregnaci\u00f3n al vac\u00edo para trabajar con una cantidad limitada de soluci\u00f3n de impregnaci\u00f3n. La impregnaci\u00f3n en autoclave&nbsp;durante su primera fase de desarrollo, pensaba conferir caracter\u00edsticas de duraci\u00f3n y de protecci\u00f3n a la madera trabajada. Con las expectativas crecientes del mercado y con la mayor demanda de elevados est\u00e1ndares de calidad, se ha afirmado&hellip;\" \/>\n<meta property=\"og:url\" content=\"https:\/\/isve.com\/es\/equipos-tratamiento-madera\/estado-de-la-tecnica\/\" \/>\n<meta property=\"og:site_name\" content=\"ISVE SpA - Tratamiento madera - Reciclaje - Molinos Trituradoras\" \/>\n<meta property=\"article:modified_time\" content=\"2025-04-15T10:26:31+00:00\" \/>\n<meta property=\"og:image\" content=\"https:\/\/isve.com\/wp-content\/uploads\/impr\/gn\/impregnatori_serie-imp-pg_larga3.jpg\" \/>\n\t<meta property=\"og:image:width\" content=\"1400\" \/>\n\t<meta property=\"og:image:height\" content=\"638\" \/>\n\t<meta property=\"og:image:type\" content=\"image\/jpeg\" \/>\n<meta name=\"twitter:card\" content=\"summary_large_image\" \/>\n<meta name=\"twitter:label1\" content=\"Tiempo de lectura\" \/>\n\t<meta name=\"twitter:data1\" content=\"3 minutos\" \/>\n<script type=\"application\/ld+json\" class=\"yoast-schema-graph\">{\"@context\":\"https:\\\/\\\/schema.org\",\"@graph\":[{\"@type\":\"WebPage\",\"@id\":\"https:\\\/\\\/isve.com\\\/es\\\/equipos-tratamiento-madera\\\/estado-de-la-tecnica\\\/\",\"url\":\"https:\\\/\\\/isve.com\\\/es\\\/equipos-tratamiento-madera\\\/estado-de-la-tecnica\\\/\",\"name\":\"Impregnaci\u00f3n al vac\u00edo de madera: estado de la tecnica - ISVE SpA - Tratamiento madera - Reciclaje - Molinos Trituradoras\",\"isPartOf\":{\"@id\":\"https:\\\/\\\/isve.com\\\/es\\\/#website\"},\"primaryImageOfPage\":{\"@id\":\"https:\\\/\\\/isve.com\\\/es\\\/equipos-tratamiento-madera\\\/estado-de-la-tecnica\\\/#primaryimage\"},\"image\":{\"@id\":\"https:\\\/\\\/isve.com\\\/es\\\/equipos-tratamiento-madera\\\/estado-de-la-tecnica\\\/#primaryimage\"},\"thumbnailUrl\":\"https:\\\/\\\/isve.com\\\/wp-content\\\/uploads\\\/impr\\\/gn\\\/impregnatori_serie-imp-pg_larga3.jpg\",\"datePublished\":\"2019-12-18T10:57:39+00:00\",\"dateModified\":\"2025-04-15T10:26:31+00:00\",\"breadcrumb\":{\"@id\":\"https:\\\/\\\/isve.com\\\/es\\\/equipos-tratamiento-madera\\\/estado-de-la-tecnica\\\/#breadcrumb\"},\"inLanguage\":\"es\",\"potentialAction\":[{\"@type\":\"ReadAction\",\"target\":[\"https:\\\/\\\/isve.com\\\/es\\\/equipos-tratamiento-madera\\\/estado-de-la-tecnica\\\/\"]}]},{\"@type\":\"ImageObject\",\"inLanguage\":\"es\",\"@id\":\"https:\\\/\\\/isve.com\\\/es\\\/equipos-tratamiento-madera\\\/estado-de-la-tecnica\\\/#primaryimage\",\"url\":\"https:\\\/\\\/isve.com\\\/wp-content\\\/uploads\\\/impr\\\/gn\\\/impregnatori_serie-imp-pg_larga3.jpg\",\"contentUrl\":\"https:\\\/\\\/isve.com\\\/wp-content\\\/uploads\\\/impr\\\/gn\\\/impregnatori_serie-imp-pg_larga3.jpg\",\"width\":1400,\"height\":638},{\"@type\":\"BreadcrumbList\",\"@id\":\"https:\\\/\\\/isve.com\\\/es\\\/equipos-tratamiento-madera\\\/estado-de-la-tecnica\\\/#breadcrumb\",\"itemListElement\":[{\"@type\":\"ListItem\",\"position\":1,\"name\":\"Home\",\"item\":\"https:\\\/\\\/isve.com\\\/es\\\/\"},{\"@type\":\"ListItem\",\"position\":2,\"name\":\"Tratamiento de la Madera\",\"item\":\"https:\\\/\\\/isve.com\\\/es\\\/equipos-tratamiento-madera\\\/\"},{\"@type\":\"ListItem\",\"position\":3,\"name\":\"Impregnaci\u00f3n al vac\u00edo de madera: estado de la tecnica\"}]},{\"@type\":\"WebSite\",\"@id\":\"https:\\\/\\\/isve.com\\\/es\\\/#website\",\"url\":\"https:\\\/\\\/isve.com\\\/es\\\/\",\"name\":\"ISVE S.p.A.\",\"description\":\"Sistemas para tratamiento de madera y para trituraci\u00f3n moler granulaci\u00f3n\",\"publisher\":{\"@id\":\"https:\\\/\\\/isve.com\\\/es\\\/#organization\"},\"potentialAction\":[{\"@type\":\"SearchAction\",\"target\":{\"@type\":\"EntryPoint\",\"urlTemplate\":\"https:\\\/\\\/isve.com\\\/es\\\/?s={search_term_string}\"},\"query-input\":{\"@type\":\"PropertyValueSpecification\",\"valueRequired\":true,\"valueName\":\"search_term_string\"}}],\"inLanguage\":\"es\"},{\"@type\":\"Organization\",\"@id\":\"https:\\\/\\\/isve.com\\\/es\\\/#organization\",\"name\":\"ISVE S.p.A.\",\"url\":\"https:\\\/\\\/isve.com\\\/es\\\/\",\"logo\":{\"@type\":\"ImageObject\",\"inLanguage\":\"es\",\"@id\":\"https:\\\/\\\/isve.com\\\/es\\\/#\\\/schema\\\/logo\\\/image\\\/\",\"url\":\"https:\\\/\\\/isve.com\\\/wp-content\\\/uploads\\\/2026\\\/01\\\/logo-isve-spa.png\",\"contentUrl\":\"https:\\\/\\\/isve.com\\\/wp-content\\\/uploads\\\/2026\\\/01\\\/logo-isve-spa.png\",\"width\":600,\"height\":173,\"caption\":\"ISVE S.p.A.\"},\"image\":{\"@id\":\"https:\\\/\\\/isve.com\\\/es\\\/#\\\/schema\\\/logo\\\/image\\\/\"},\"sameAs\":[\"https:\\\/\\\/www.linkedin.com\\\/company\\\/69445471\",\"https:\\\/\\\/www.youtube.com\\\/@isves.p.a.8894\"]}]}<\/script>\n<!-- \/ Yoast SEO plugin. -->","yoast_head_json":{"title":"Impregnaci\u00f3n al vac\u00edo de madera: estado de la tecnica - ISVE SpA - Tratamiento madera - Reciclaje - Molinos Trituradoras","robots":{"index":"index","follow":"follow","max-snippet":"max-snippet:-1","max-image-preview":"max-image-preview:large","max-video-preview":"max-video-preview:-1"},"canonical":"https:\/\/isve.com\/es\/equipos-tratamiento-madera\/estado-de-la-tecnica\/","og_locale":"es_ES","og_type":"article","og_title":"Impregnaci\u00f3n al vac\u00edo de madera: estado de la tecnica - ISVE SpA - Tratamiento madera - Reciclaje - Molinos Trituradoras","og_description":"Sistemas de impregnaci\u00f3n al vac\u00edo para trabajar con una cantidad limitada de soluci\u00f3n de impregnaci\u00f3n. La impregnaci\u00f3n en autoclave&nbsp;durante su primera fase de desarrollo, pensaba conferir caracter\u00edsticas de duraci\u00f3n y de protecci\u00f3n a la madera trabajada. Con las expectativas crecientes del mercado y con la mayor demanda de elevados est\u00e1ndares de calidad, se ha afirmado&hellip;","og_url":"https:\/\/isve.com\/es\/equipos-tratamiento-madera\/estado-de-la-tecnica\/","og_site_name":"ISVE SpA - Tratamiento madera - Reciclaje - Molinos Trituradoras","article_modified_time":"2025-04-15T10:26:31+00:00","og_image":[{"width":1400,"height":638,"url":"https:\/\/isve.com\/wp-content\/uploads\/impr\/gn\/impregnatori_serie-imp-pg_larga3.jpg","type":"image\/jpeg"}],"twitter_card":"summary_large_image","twitter_misc":{"Tiempo de lectura":"3 minutos"},"schema":{"@context":"https:\/\/schema.org","@graph":[{"@type":"WebPage","@id":"https:\/\/isve.com\/es\/equipos-tratamiento-madera\/estado-de-la-tecnica\/","url":"https:\/\/isve.com\/es\/equipos-tratamiento-madera\/estado-de-la-tecnica\/","name":"Impregnaci\u00f3n al vac\u00edo de madera: estado de la tecnica - ISVE SpA - Tratamiento madera - Reciclaje - Molinos Trituradoras","isPartOf":{"@id":"https:\/\/isve.com\/es\/#website"},"primaryImageOfPage":{"@id":"https:\/\/isve.com\/es\/equipos-tratamiento-madera\/estado-de-la-tecnica\/#primaryimage"},"image":{"@id":"https:\/\/isve.com\/es\/equipos-tratamiento-madera\/estado-de-la-tecnica\/#primaryimage"},"thumbnailUrl":"https:\/\/isve.com\/wp-content\/uploads\/impr\/gn\/impregnatori_serie-imp-pg_larga3.jpg","datePublished":"2019-12-18T10:57:39+00:00","dateModified":"2025-04-15T10:26:31+00:00","breadcrumb":{"@id":"https:\/\/isve.com\/es\/equipos-tratamiento-madera\/estado-de-la-tecnica\/#breadcrumb"},"inLanguage":"es","potentialAction":[{"@type":"ReadAction","target":["https:\/\/isve.com\/es\/equipos-tratamiento-madera\/estado-de-la-tecnica\/"]}]},{"@type":"ImageObject","inLanguage":"es","@id":"https:\/\/isve.com\/es\/equipos-tratamiento-madera\/estado-de-la-tecnica\/#primaryimage","url":"https:\/\/isve.com\/wp-content\/uploads\/impr\/gn\/impregnatori_serie-imp-pg_larga3.jpg","contentUrl":"https:\/\/isve.com\/wp-content\/uploads\/impr\/gn\/impregnatori_serie-imp-pg_larga3.jpg","width":1400,"height":638},{"@type":"BreadcrumbList","@id":"https:\/\/isve.com\/es\/equipos-tratamiento-madera\/estado-de-la-tecnica\/#breadcrumb","itemListElement":[{"@type":"ListItem","position":1,"name":"Home","item":"https:\/\/isve.com\/es\/"},{"@type":"ListItem","position":2,"name":"Tratamiento de la Madera","item":"https:\/\/isve.com\/es\/equipos-tratamiento-madera\/"},{"@type":"ListItem","position":3,"name":"Impregnaci\u00f3n al vac\u00edo de madera: estado de la tecnica"}]},{"@type":"WebSite","@id":"https:\/\/isve.com\/es\/#website","url":"https:\/\/isve.com\/es\/","name":"ISVE S.p.A.","description":"Sistemas para tratamiento de madera y para trituraci\u00f3n moler granulaci\u00f3n","publisher":{"@id":"https:\/\/isve.com\/es\/#organization"},"potentialAction":[{"@type":"SearchAction","target":{"@type":"EntryPoint","urlTemplate":"https:\/\/isve.com\/es\/?s={search_term_string}"},"query-input":{"@type":"PropertyValueSpecification","valueRequired":true,"valueName":"search_term_string"}}],"inLanguage":"es"},{"@type":"Organization","@id":"https:\/\/isve.com\/es\/#organization","name":"ISVE S.p.A.","url":"https:\/\/isve.com\/es\/","logo":{"@type":"ImageObject","inLanguage":"es","@id":"https:\/\/isve.com\/es\/#\/schema\/logo\/image\/","url":"https:\/\/isve.com\/wp-content\/uploads\/2026\/01\/logo-isve-spa.png","contentUrl":"https:\/\/isve.com\/wp-content\/uploads\/2026\/01\/logo-isve-spa.png","width":600,"height":173,"caption":"ISVE S.p.A."},"image":{"@id":"https:\/\/isve.com\/es\/#\/schema\/logo\/image\/"},"sameAs":["https:\/\/www.linkedin.com\/company\/69445471","https:\/\/www.youtube.com\/@isves.p.a.8894"]}]}},"_links":{"self":[{"href":"https:\/\/isve.com\/es\/wp-json\/wp\/v2\/pages\/14761","targetHints":{"allow":["GET"]}}],"collection":[{"href":"https:\/\/isve.com\/es\/wp-json\/wp\/v2\/pages"}],"about":[{"href":"https:\/\/isve.com\/es\/wp-json\/wp\/v2\/types\/page"}],"author":[{"embeddable":true,"href":"https:\/\/isve.com\/es\/wp-json\/wp\/v2\/users\/1"}],"replies":[{"embeddable":true,"href":"https:\/\/isve.com\/es\/wp-json\/wp\/v2\/comments?post=14761"}],"version-history":[{"count":0,"href":"https:\/\/isve.com\/es\/wp-json\/wp\/v2\/pages\/14761\/revisions"}],"up":[{"embeddable":true,"href":"https:\/\/isve.com\/es\/wp-json\/wp\/v2\/pages\/15968"}],"wp:featuredmedia":[{"embeddable":true,"href":"https:\/\/isve.com\/es\/wp-json\/wp\/v2\/media\/14582"}],"wp:attachment":[{"href":"https:\/\/isve.com\/es\/wp-json\/wp\/v2\/media?parent=14761"}],"wp:term":[{"taxonomy":"post_tag","embeddable":true,"href":"https:\/\/isve.com\/es\/wp-json\/wp\/v2\/tags?post=14761"},{"taxonomy":"impaginazione","embeddable":true,"href":"https:\/\/isve.com\/es\/wp-json\/wp\/v2\/impaginazione?post=14761"},{"taxonomy":"divisione","embeddable":true,"href":"https:\/\/isve.com\/es\/wp-json\/wp\/v2\/divisione?post=14761"},{"taxonomy":"categorie_modelli","embeddable":true,"href":"https:\/\/isve.com\/es\/wp-json\/wp\/v2\/categorie_modelli?post=14761"}],"curies":[{"name":"wp","href":"https:\/\/api.w.org\/{rel}","templated":true}]}}