{"id":14758,"date":"2019-12-17T15:52:13","date_gmt":"2019-12-17T14:52:13","guid":{"rendered":"https:\/\/isve.com\/impregnadoras-madera-imp-pg\/"},"modified":"2025-09-05T12:30:24","modified_gmt":"2025-09-05T10:30:24","slug":"impregnadoras-madera-imp-pg","status":"publish","type":"page","link":"https:\/\/isve.com\/es\/equipos-tratamiento-madera\/impregnadoras-madera-imp-pg\/","title":{"rendered":"Impregnadoras de madera IMP-PG"},"content":{"rendered":"<h3><strong>Impregnadoras por vac\u00edo IMP-PG<\/strong><\/h3>\n<p><strong>Tratamiento de impregnaci\u00f3n y de pintado de la madera en autoclave con sistema de doble vac\u00edo:<br \/>\nalta absorci\u00f3n y penetraci\u00f3n del producto.<br \/>\n<\/strong><\/p>\n<p>La instalaci\u00f3n se compone de un <strong>autoclave<\/strong> (<strong>1<\/strong>) de gran espesor apto para soportar una depresi\u00f3n m\u00e1xima de 400 mmHg o de 700 mmHg.<\/p>\n<p>Los elementos que hay que tratar se cargan de manera adecuada sobre un <strong>bastidor m\u00f3vil<\/strong> (<strong>18<\/strong>) provisto de carro, que es introducido en el autoclave por medio de ruedas fijadas en el interior en la parte inferior y superior.<\/p>\n<p>Sobre el fondo del autoclave est\u00e1 el <strong>dep\u00f3sito<\/strong> (<strong>2<\/strong>) en el que se vierten 70-100 litros de soluci\u00f3n impregnante o pintura.<\/p>\n<p>Por medio de una <strong>bomba<\/strong> (<strong>4<\/strong>) el producto es enviado a una serie de <strong>boquillas<\/strong> (<strong>7<\/strong>) nebulizadoras distribuidas en estrella en un <strong>carro<\/strong> (<strong>6<\/strong>) que se mueve a lo largo del autoclave con movimiento horizontal alterno.<\/p>\n<p><img fetchpriority=\"high\" decoding=\"async\" class=\"wp-image-4825 size-full aligncenter\" src=\"https:\/\/isve.com\/wp-content\/uploads\/impregnatori-imp-pg-descrizione.png\" alt=\"\" width=\"752\" height=\"524\" \/><\/p>\n<p>Un ciclo de tratamiento est\u00e1ndar de una duraci\u00f3n de aproximadamente 20-30 minutos prev\u00e9:<\/p>\n<ol>\n<li>Una fase de <strong>vac\u00edo inicial<\/strong> para obtener la evacuaci\u00f3n del aire de los poros de la madera.<\/li>\n<li>Un <strong>tratamiento<\/strong> de las piezas, con impregnante o pintura finamente nebulizada. La instalaci\u00f3n en esta fase puede trabajar tanto manteniendo el vac\u00edo constante como haciendo entrar el aire para ayudar al producto a penetrar en profundidad en la madera.<\/li>\n<li>Una serie de <strong>intercambios de aire<\/strong> en el interior del autoclave para facilitar el goteado, el secado y la pasivaci\u00f3n de las piezas tratadas.<\/li>\n<\/ol>\n<p>Este tratamiento garantiza:<\/p>\n<ul>\n<li>Cuando se utilizan <strong>impregnantes<\/strong>:\u00a0Una absorci\u00f3n\/penetraci\u00f3n 3-6 mm en la parte blanca<\/li>\n<li>Cuando se utilizan <strong>pinturas de fondo \/acabado<\/strong>: Una elevad\u00edsima penetraci\u00f3n y adherencia de la pintura a la superficie interna de los poros de la madera, resultado que se puede obtener solamente gracias a la acci\u00f3n del vac\u00edo.<\/li>\n<\/ul>\n<p>La <strong>excepcional adherencia y penetraci\u00f3n de la pintura de fondo<\/strong> es la \u00fanica garant\u00eda para una perfecta y duradera resistencia en la mano de acabado, tanto si es aplicada con la misma instalaci\u00f3n o con otras t\u00e9cnicas.<\/p>\n<p>&nbsp;<\/p>\n<p><img decoding=\"async\" class=\"size-full wp-image-4829 aligncenter\" src=\"https:\/\/isve.com\/wp-content\/uploads\/impregnatori-imp-pg-descrizione2.png\" alt=\"\" width=\"932\" height=\"336\" \/><\/p>\n<p>&nbsp;<\/p>\n<blockquote><p><strong>Garant\u00eda del resultado.<br \/>\n<\/strong>Gracias al funcionamiento completamente autom\u00e1tico de la m\u00e1quina, se excluye cualquier posible error humano.<\/p>\n<p><strong>El m\u00e1ximo respeto para el ambiente de trabajo<\/strong>.<br \/>\nLa bomba de vac\u00edo que aspira el aire contenido en el autoclave es del tipo de anillo l\u00edquido, que utiliza agua en circuito cerrado.<\/p><\/blockquote>\n<p><strong>El sistema de impregnaci\u00f3n y de pintura<\/strong>\u00a0funciona en un autoclave perfectamente herm\u00e9tico que <strong>impide la salida de cualquier tipo de olor<\/strong>. \u00a0Una vez terminado el proceso, el producto puede ser totalmente recuperado volvi\u00e9ndolo a mandar al dep\u00f3sito correspondiente.<\/p>\n<p>El agua utilizado para lavar el aire aspirado, ser\u00e1 continuamente reciclada y peri\u00f3dicamente deber\u00e1 descargarse y cambiarse. La misma puede contener durante el desag\u00fce substancias contaminantes constituidas substancialmente de los productos qu\u00edmicos de las pinturas.<\/p>\n<p>Las autoclaves est\u00e1n construidas en funci\u00f3n de la dimensi\u00f3n y de las piezas a tratar. Las piezas salen del autoclave perfectamente escurridas, tratadas o pintadas.<\/p>\n","protected":false},"excerpt":{"rendered":"<p>Impregnadoras por vac\u00edo IMP-PG Tratamiento de impregnaci\u00f3n y de pintado de la madera en autoclave con sistema de doble vac\u00edo: alta absorci\u00f3n y penetraci\u00f3n del producto. La instalaci\u00f3n se compone de un autoclave (1) de gran espesor apto para soportar una depresi\u00f3n m\u00e1xima de 400 mmHg o de 700 mmHg. Los elementos que hay que&hellip;<\/p>\n","protected":false},"author":1,"featured_media":14548,"parent":15968,"menu_order":312,"comment_status":"closed","ping_status":"closed","template":"","meta":{"_acf_changed":false,"footnotes":""},"tags":[],"impaginazione":[3692],"divisione":[3690],"categorie_modelli":[3725],"class_list":["post-14758","page","type-page","status-publish","has-post-thumbnail","hentry","impaginazione-modello-prodotto","divisione-isve-wood","categorie_modelli-impregnatori-legno-imp-pg","description-off"],"acf":[],"yoast_head":"<!-- This site is optimized with the Yoast SEO plugin v27.4 - https:\/\/yoast.com\/product\/yoast-seo-wordpress\/ -->\n<title>Impregnadoras de madera IMP-PG - ISVE SpA - Tratamiento madera - Reciclaje - Molinos Trituradoras<\/title>\n<meta name=\"robots\" content=\"index, follow, max-snippet:-1, max-image-preview:large, max-video-preview:-1\" \/>\n<link rel=\"canonical\" href=\"https:\/\/isve.com\/es\/equipos-tratamiento-madera\/impregnadoras-madera-imp-pg\/\" \/>\n<meta property=\"og:locale\" content=\"es_ES\" \/>\n<meta property=\"og:type\" content=\"article\" \/>\n<meta property=\"og:title\" content=\"Impregnadoras de madera IMP-PG - ISVE SpA - Tratamiento madera - Reciclaje - Molinos Trituradoras\" \/>\n<meta property=\"og:description\" content=\"Impregnadoras por vac\u00edo IMP-PG Tratamiento de impregnaci\u00f3n y de pintado de la madera en autoclave con sistema de doble vac\u00edo: alta absorci\u00f3n y penetraci\u00f3n del producto. La instalaci\u00f3n se compone de un autoclave (1) de gran espesor apto para soportar una depresi\u00f3n m\u00e1xima de 400 mmHg o de 700 mmHg. Los elementos que hay que&hellip;\" \/>\n<meta property=\"og:url\" content=\"https:\/\/isve.com\/es\/equipos-tratamiento-madera\/impregnadoras-madera-imp-pg\/\" \/>\n<meta property=\"og:site_name\" content=\"ISVE SpA - Tratamiento madera - Reciclaje - Molinos Trituradoras\" \/>\n<meta property=\"article:modified_time\" content=\"2025-09-05T10:30:24+00:00\" \/>\n<meta property=\"og:image\" content=\"https:\/\/isve.com\/wp-content\/uploads\/IMP-\/G_\/IMP-PG_lato_1.jpg\" \/>\n\t<meta property=\"og:image:width\" content=\"1920\" \/>\n\t<meta property=\"og:image:height\" content=\"607\" \/>\n\t<meta property=\"og:image:type\" content=\"image\/jpeg\" \/>\n<meta name=\"twitter:card\" content=\"summary_large_image\" \/>\n<meta name=\"twitter:label1\" content=\"Tiempo de lectura\" \/>\n\t<meta name=\"twitter:data1\" content=\"3 minutos\" \/>\n<script type=\"application\/ld+json\" class=\"yoast-schema-graph\">{\"@context\":\"https:\\\/\\\/schema.org\",\"@graph\":[{\"@type\":\"WebPage\",\"@id\":\"https:\\\/\\\/isve.com\\\/es\\\/equipos-tratamiento-madera\\\/impregnadoras-madera-imp-pg\\\/\",\"url\":\"https:\\\/\\\/isve.com\\\/es\\\/equipos-tratamiento-madera\\\/impregnadoras-madera-imp-pg\\\/\",\"name\":\"Impregnadoras de madera IMP-PG - ISVE SpA - Tratamiento madera - Reciclaje - Molinos Trituradoras\",\"isPartOf\":{\"@id\":\"https:\\\/\\\/isve.com\\\/es\\\/#website\"},\"primaryImageOfPage\":{\"@id\":\"https:\\\/\\\/isve.com\\\/es\\\/equipos-tratamiento-madera\\\/impregnadoras-madera-imp-pg\\\/#primaryimage\"},\"image\":{\"@id\":\"https:\\\/\\\/isve.com\\\/es\\\/equipos-tratamiento-madera\\\/impregnadoras-madera-imp-pg\\\/#primaryimage\"},\"thumbnailUrl\":\"https:\\\/\\\/isve.com\\\/wp-content\\\/uploads\\\/IMP-\\\/G_\\\/IMP-PG_lato_1.jpg\",\"datePublished\":\"2019-12-17T14:52:13+00:00\",\"dateModified\":\"2025-09-05T10:30:24+00:00\",\"breadcrumb\":{\"@id\":\"https:\\\/\\\/isve.com\\\/es\\\/equipos-tratamiento-madera\\\/impregnadoras-madera-imp-pg\\\/#breadcrumb\"},\"inLanguage\":\"es\",\"potentialAction\":[{\"@type\":\"ReadAction\",\"target\":[\"https:\\\/\\\/isve.com\\\/es\\\/equipos-tratamiento-madera\\\/impregnadoras-madera-imp-pg\\\/\"]}]},{\"@type\":\"ImageObject\",\"inLanguage\":\"es\",\"@id\":\"https:\\\/\\\/isve.com\\\/es\\\/equipos-tratamiento-madera\\\/impregnadoras-madera-imp-pg\\\/#primaryimage\",\"url\":\"https:\\\/\\\/isve.com\\\/wp-content\\\/uploads\\\/IMP-\\\/G_\\\/IMP-PG_lato_1.jpg\",\"contentUrl\":\"https:\\\/\\\/isve.com\\\/wp-content\\\/uploads\\\/IMP-\\\/G_\\\/IMP-PG_lato_1.jpg\",\"width\":1920,\"height\":607},{\"@type\":\"BreadcrumbList\",\"@id\":\"https:\\\/\\\/isve.com\\\/es\\\/equipos-tratamiento-madera\\\/impregnadoras-madera-imp-pg\\\/#breadcrumb\",\"itemListElement\":[{\"@type\":\"ListItem\",\"position\":1,\"name\":\"Home\",\"item\":\"https:\\\/\\\/isve.com\\\/es\\\/\"},{\"@type\":\"ListItem\",\"position\":2,\"name\":\"Tratamiento de la Madera\",\"item\":\"https:\\\/\\\/isve.com\\\/es\\\/equipos-tratamiento-madera\\\/\"},{\"@type\":\"ListItem\",\"position\":3,\"name\":\"Impregnadoras de madera IMP-PG\"}]},{\"@type\":\"WebSite\",\"@id\":\"https:\\\/\\\/isve.com\\\/es\\\/#website\",\"url\":\"https:\\\/\\\/isve.com\\\/es\\\/\",\"name\":\"ISVE S.p.A.\",\"description\":\"Sistemas para tratamiento de madera y para trituraci\u00f3n moler granulaci\u00f3n\",\"publisher\":{\"@id\":\"https:\\\/\\\/isve.com\\\/es\\\/#organization\"},\"potentialAction\":[{\"@type\":\"SearchAction\",\"target\":{\"@type\":\"EntryPoint\",\"urlTemplate\":\"https:\\\/\\\/isve.com\\\/es\\\/?s={search_term_string}\"},\"query-input\":{\"@type\":\"PropertyValueSpecification\",\"valueRequired\":true,\"valueName\":\"search_term_string\"}}],\"inLanguage\":\"es\"},{\"@type\":\"Organization\",\"@id\":\"https:\\\/\\\/isve.com\\\/es\\\/#organization\",\"name\":\"ISVE S.p.A.\",\"url\":\"https:\\\/\\\/isve.com\\\/es\\\/\",\"logo\":{\"@type\":\"ImageObject\",\"inLanguage\":\"es\",\"@id\":\"https:\\\/\\\/isve.com\\\/es\\\/#\\\/schema\\\/logo\\\/image\\\/\",\"url\":\"https:\\\/\\\/isve.com\\\/wp-content\\\/uploads\\\/2026\\\/01\\\/logo-isve-spa.png\",\"contentUrl\":\"https:\\\/\\\/isve.com\\\/wp-content\\\/uploads\\\/2026\\\/01\\\/logo-isve-spa.png\",\"width\":600,\"height\":173,\"caption\":\"ISVE S.p.A.\"},\"image\":{\"@id\":\"https:\\\/\\\/isve.com\\\/es\\\/#\\\/schema\\\/logo\\\/image\\\/\"},\"sameAs\":[\"https:\\\/\\\/www.linkedin.com\\\/company\\\/69445471\",\"https:\\\/\\\/www.youtube.com\\\/@isves.p.a.8894\"]}]}<\/script>\n<!-- \/ Yoast SEO plugin. -->","yoast_head_json":{"title":"Impregnadoras de madera IMP-PG - ISVE SpA - Tratamiento madera - Reciclaje - Molinos Trituradoras","robots":{"index":"index","follow":"follow","max-snippet":"max-snippet:-1","max-image-preview":"max-image-preview:large","max-video-preview":"max-video-preview:-1"},"canonical":"https:\/\/isve.com\/es\/equipos-tratamiento-madera\/impregnadoras-madera-imp-pg\/","og_locale":"es_ES","og_type":"article","og_title":"Impregnadoras de madera IMP-PG - ISVE SpA - Tratamiento madera - Reciclaje - Molinos Trituradoras","og_description":"Impregnadoras por vac\u00edo IMP-PG Tratamiento de impregnaci\u00f3n y de pintado de la madera en autoclave con sistema de doble vac\u00edo: alta absorci\u00f3n y penetraci\u00f3n del producto. La instalaci\u00f3n se compone de un autoclave (1) de gran espesor apto para soportar una depresi\u00f3n m\u00e1xima de 400 mmHg o de 700 mmHg. Los elementos que hay que&hellip;","og_url":"https:\/\/isve.com\/es\/equipos-tratamiento-madera\/impregnadoras-madera-imp-pg\/","og_site_name":"ISVE SpA - Tratamiento madera - Reciclaje - Molinos Trituradoras","article_modified_time":"2025-09-05T10:30:24+00:00","og_image":[{"width":1920,"height":607,"url":"https:\/\/isve.com\/wp-content\/uploads\/IMP-\/G_\/IMP-PG_lato_1.jpg","type":"image\/jpeg"}],"twitter_card":"summary_large_image","twitter_misc":{"Tiempo de lectura":"3 minutos"},"schema":{"@context":"https:\/\/schema.org","@graph":[{"@type":"WebPage","@id":"https:\/\/isve.com\/es\/equipos-tratamiento-madera\/impregnadoras-madera-imp-pg\/","url":"https:\/\/isve.com\/es\/equipos-tratamiento-madera\/impregnadoras-madera-imp-pg\/","name":"Impregnadoras de madera IMP-PG - ISVE SpA - Tratamiento madera - Reciclaje - Molinos Trituradoras","isPartOf":{"@id":"https:\/\/isve.com\/es\/#website"},"primaryImageOfPage":{"@id":"https:\/\/isve.com\/es\/equipos-tratamiento-madera\/impregnadoras-madera-imp-pg\/#primaryimage"},"image":{"@id":"https:\/\/isve.com\/es\/equipos-tratamiento-madera\/impregnadoras-madera-imp-pg\/#primaryimage"},"thumbnailUrl":"https:\/\/isve.com\/wp-content\/uploads\/IMP-\/G_\/IMP-PG_lato_1.jpg","datePublished":"2019-12-17T14:52:13+00:00","dateModified":"2025-09-05T10:30:24+00:00","breadcrumb":{"@id":"https:\/\/isve.com\/es\/equipos-tratamiento-madera\/impregnadoras-madera-imp-pg\/#breadcrumb"},"inLanguage":"es","potentialAction":[{"@type":"ReadAction","target":["https:\/\/isve.com\/es\/equipos-tratamiento-madera\/impregnadoras-madera-imp-pg\/"]}]},{"@type":"ImageObject","inLanguage":"es","@id":"https:\/\/isve.com\/es\/equipos-tratamiento-madera\/impregnadoras-madera-imp-pg\/#primaryimage","url":"https:\/\/isve.com\/wp-content\/uploads\/IMP-\/G_\/IMP-PG_lato_1.jpg","contentUrl":"https:\/\/isve.com\/wp-content\/uploads\/IMP-\/G_\/IMP-PG_lato_1.jpg","width":1920,"height":607},{"@type":"BreadcrumbList","@id":"https:\/\/isve.com\/es\/equipos-tratamiento-madera\/impregnadoras-madera-imp-pg\/#breadcrumb","itemListElement":[{"@type":"ListItem","position":1,"name":"Home","item":"https:\/\/isve.com\/es\/"},{"@type":"ListItem","position":2,"name":"Tratamiento de la Madera","item":"https:\/\/isve.com\/es\/equipos-tratamiento-madera\/"},{"@type":"ListItem","position":3,"name":"Impregnadoras de madera IMP-PG"}]},{"@type":"WebSite","@id":"https:\/\/isve.com\/es\/#website","url":"https:\/\/isve.com\/es\/","name":"ISVE S.p.A.","description":"Sistemas para tratamiento de madera y para trituraci\u00f3n moler granulaci\u00f3n","publisher":{"@id":"https:\/\/isve.com\/es\/#organization"},"potentialAction":[{"@type":"SearchAction","target":{"@type":"EntryPoint","urlTemplate":"https:\/\/isve.com\/es\/?s={search_term_string}"},"query-input":{"@type":"PropertyValueSpecification","valueRequired":true,"valueName":"search_term_string"}}],"inLanguage":"es"},{"@type":"Organization","@id":"https:\/\/isve.com\/es\/#organization","name":"ISVE S.p.A.","url":"https:\/\/isve.com\/es\/","logo":{"@type":"ImageObject","inLanguage":"es","@id":"https:\/\/isve.com\/es\/#\/schema\/logo\/image\/","url":"https:\/\/isve.com\/wp-content\/uploads\/2026\/01\/logo-isve-spa.png","contentUrl":"https:\/\/isve.com\/wp-content\/uploads\/2026\/01\/logo-isve-spa.png","width":600,"height":173,"caption":"ISVE S.p.A."},"image":{"@id":"https:\/\/isve.com\/es\/#\/schema\/logo\/image\/"},"sameAs":["https:\/\/www.linkedin.com\/company\/69445471","https:\/\/www.youtube.com\/@isves.p.a.8894"]}]}},"_links":{"self":[{"href":"https:\/\/isve.com\/es\/wp-json\/wp\/v2\/pages\/14758","targetHints":{"allow":["GET"]}}],"collection":[{"href":"https:\/\/isve.com\/es\/wp-json\/wp\/v2\/pages"}],"about":[{"href":"https:\/\/isve.com\/es\/wp-json\/wp\/v2\/types\/page"}],"author":[{"embeddable":true,"href":"https:\/\/isve.com\/es\/wp-json\/wp\/v2\/users\/1"}],"replies":[{"embeddable":true,"href":"https:\/\/isve.com\/es\/wp-json\/wp\/v2\/comments?post=14758"}],"version-history":[{"count":0,"href":"https:\/\/isve.com\/es\/wp-json\/wp\/v2\/pages\/14758\/revisions"}],"up":[{"embeddable":true,"href":"https:\/\/isve.com\/es\/wp-json\/wp\/v2\/pages\/15968"}],"wp:featuredmedia":[{"embeddable":true,"href":"https:\/\/isve.com\/es\/wp-json\/wp\/v2\/media\/14548"}],"wp:attachment":[{"href":"https:\/\/isve.com\/es\/wp-json\/wp\/v2\/media?parent=14758"}],"wp:term":[{"taxonomy":"post_tag","embeddable":true,"href":"https:\/\/isve.com\/es\/wp-json\/wp\/v2\/tags?post=14758"},{"taxonomy":"impaginazione","embeddable":true,"href":"https:\/\/isve.com\/es\/wp-json\/wp\/v2\/impaginazione?post=14758"},{"taxonomy":"divisione","embeddable":true,"href":"https:\/\/isve.com\/es\/wp-json\/wp\/v2\/divisione?post=14758"},{"taxonomy":"categorie_modelli","embeddable":true,"href":"https:\/\/isve.com\/es\/wp-json\/wp\/v2\/categorie_modelli?post=14758"}],"curies":[{"name":"wp","href":"https:\/\/api.w.org\/{rel}","templated":true}]}}