{"id":14755,"date":"2019-12-16T16:05:49","date_gmt":"2019-12-16T15:05:49","guid":{"rendered":"https:\/\/isve.com\/impregnadoras-madera-imp-pg-introduccion\/"},"modified":"2026-02-03T16:46:45","modified_gmt":"2026-02-03T15:46:45","slug":"impregnadoras-madera-imp-pg-introduccion","status":"publish","type":"page","link":"https:\/\/isve.com\/es\/equipos-tratamiento-madera\/impregnadoras-madera-imp-pg-introduccion\/","title":{"rendered":"Impregnadores al vac\u00edo IMP-PG: introducci\u00f3n"},"content":{"rendered":"<h2><strong>Preservar la madera del ataque de agentes atmosf\u00e9ricos y biol\u00f3gicos tales como hongos, insectos y bacterias.<\/strong><\/h2>\n<h3>Impregnadores al vac\u00edo IMP-PG:<br \/>\nideal para marcos de ventanas, rejas, persianas, puertas o elementos sueltos.<\/h3>\n<p>Los <strong>impregnadores al vac\u00edo<\/strong> IMP-PG de ISVE han sido proyectados con el objetivo preciso de <strong>preservar la madera<\/strong> del ataque de <strong>agentes atmosf\u00e9ricos y biol\u00f3gicos<\/strong> tales como <strong>hongos<\/strong>, <strong>insectos<\/strong> y <strong>bacterias<\/strong>.<\/p>\n<p>Estas plantas de impregnaci\u00f3n permiten, de hecho, la \u00f3ptima aplicaci\u00f3n de <strong>tratamientos protectivos espec\u00edficos<\/strong>, seleccionados conforme a la esencia le\u00f1osa y a la clase de riesgo. Todo ello sin alterar las caracter\u00edsticas naturales de las esencias le\u00f1osas.<\/p>\n<p>La posibilidad de emplear <strong>impregnantes al agua<\/strong> y la <strong>nebulizaci\u00f3n<\/strong> del producto en un <strong>autoclave cerrado<\/strong> herm\u00e9ticamente significan adem\u00e1s respeto total hacia el <strong>ambiente<\/strong>.<\/p>\n<p>Tratamientos <strong>clase de riesgo hasta 3<\/strong>.<br \/>\nTratamientos <strong>ign\u00edfugos<\/strong>.<\/p>\n<p>&nbsp;<\/p>\n<p><img fetchpriority=\"high\" decoding=\"async\" class=\"alignnone wp-image-4800 size-large\" src=\"https:\/\/isve.com\/wp-content\/uploads\/\/impregnatori_serie-imp-pg_larga-1024x361.jpg\" alt=\"\" width=\"1024\" height=\"361\" \/><\/p>\n<p>&nbsp;<\/p>\n<h2><strong>Como funcionan los sistemas IMP-PG<\/strong><\/h2>\n<p>Las piezas a tratar se colocan en una estructura movible y se sit\u00faan dentro del autoclave, el cual, tras ser cerrado herm\u00e9ticamente, realiza el proceso en una secuencia autom\u00e1tica que consiste en:<\/p>\n<ul>\n<li>una fase inicial de vac\u00edo para quitar el aire de los vasos de la madera,<\/li>\n<li>una fase sucesiva de introducci\u00f3n del producto impregnante que es pulverizado a trav\u00e9s de inyectores debidamente situados dentro del autoclave para que la madera sea completamente tratada,<\/li>\n<li>una fase final de re-situar a la presi\u00f3n atmosf\u00e9rica.<\/li>\n<\/ul>\n<p>El proceso puede ser programado pare obtener una mayor o menor impregnaci\u00f3n, de acuerdo a las cualidades requeridas.\u00a0Generalmente se pueden realizar 2\/3 ciclos a la hora.\u00a0El producto impregnante que se debe inmovilizar es insignificante (60-70 l.).<\/p>\n<h3><img decoding=\"async\" class=\"aligncenter wp-image-4526 size-large\" src=\"https:\/\/isve.com\/wp-content\/uploads\/\/impregnatori_img_imppg-1024x387.jpg\" alt=\"\" width=\"1024\" height=\"387\" \/><\/h3>\n<p>&nbsp;<\/p>\n<h2><strong>Las ventajas de los sistemas IMP-PG<\/strong><\/h2>\n<p>El uso de impregnaci\u00f3n al vac\u00eco permite:<\/p>\n<ul>\n<li>una verdadera penetraci\u00f3n del producto impregnante en las piezas tratadas, especialmente en las zones cabeceras de la madera y dentro de los agujeros o cavidades donde es m\u00e1s necesaria la protecci\u00f2n.<\/li>\n<li>un perfecto anclaje de los productos sobre la superficie de madera.<\/li>\n<li>sin poluci\u00f3n nociva<\/li>\n<li>sin evaporaci\u00f3n de los disolventes que componen el producto impregnante<\/li>\n<li>razonable ahorro de producto impregnante y pinturas.<\/li>\n<li>el uso, en la misma planta, de una amplia gama de productos de impregnaci\u00f3n para la protecci\u00f3n o el cuidado contra la carcoma, las termitas, los hongos, etc., para maderas sujetas a las clases de riesgo 1, 2 y 3.<\/li>\n<li>protecci\u00f3n homog\u00e9nea de la madera contra la luz solar.<\/li>\n<li>protecci\u00f3n total contra la humedad y el agua.<\/li>\n<li>aplicaci\u00f3n homog\u00e9nea de pinturas y penetraci\u00f3n total de la resina en juntas, grietas y \u00e1reas d\u00e9biles (no protegido por otros procesos)<\/li>\n<li>perfecta penetraci\u00f3n del producto de recubrimiento incluso en las porosidades m\u00e1s peque\u00f1as aplicando el doble vac\u00edo (vac-vac). Esto permite una durabilidad de los productos muy superior a los sistemas tradicionales.<br \/>\nsello m\u00e1ximo entre acabado y base<\/li>\n<li>reducci\u00f3n considerable del tiempo de preparaci\u00f3n de las superficies despu\u00e9s de la aplicaci\u00f3n de la base gracias al fen\u00f3meno muy reducido del &#8220;levantamiento del cabello&#8221;<\/li>\n<li>recuperaci\u00f3n de todo el producto no aplicado sobre las piezas.<\/li>\n<li>ausencia de residuos de procesamiento.<\/li>\n<\/ul>\n<p>Estos impregnadores de madera <strong>sellados herm\u00e9ticamente<\/strong> con ciclo autom\u00e1tico tambi\u00e9n eliminan la necesidad de:<\/p>\n<ul>\n<li>utilizar personal especializado<\/li>\n<li>adoptar equipos costosos para el tratamiento y filtraci\u00f3n de residuos de pintura.<\/li>\n<li>consume m\u00e1s producto de pintura del necesario<\/li>\n<li>realizar controles pesados para garantizar un valor de calidad constante<\/li>\n<\/ul>\n<hr \/>\n<h3><strong>Polit\u00e9cnico di Madrid &#8211; <\/strong><strong>Protecci\u00f3n certificada IMP-PG<br \/>\nClases de riesgo I &#8211; II &#8211; III<\/strong><\/h3>\n\n\t\t<style>\n\t\t\t#gallery-1 {\n\t\t\t\tmargin: auto;\n\t\t\t}\n\t\t\t#gallery-1 .gallery-item {\n\t\t\t\tfloat: left;\n\t\t\t\tmargin-top: 10px;\n\t\t\t\ttext-align: center;\n\t\t\t\twidth: 50%;\n\t\t\t}\n\t\t\t#gallery-1 img {\n\t\t\t\tborder: 2px solid #cfcfcf;\n\t\t\t}\n\t\t\t#gallery-1 .gallery-caption {\n\t\t\t\tmargin-left: 0;\n\t\t\t}\n\t\t\t\/* see gallery_shortcode() in wp-includes\/media.php *\/\n\t\t<\/style>\n\t\t<div id='gallery-1' class='gallery galleryid-14755 gallery-columns-2 gallery-size-large'><dl class='gallery-item'>\n\t\t\t<dt class='gallery-icon portrait'>\n\t\t\t\t<a href='https:\/\/isve.com\/es\/impregnatori-imp-pg-certificazione-classi-di-rischio-a-2\/'><img decoding=\"async\" width=\"588\" height=\"852\" src=\"https:\/\/isve.com\/wp-content\/uploads\/2025\/04\/impregnatori-imp-pg-certificazione-classi-di-rischio-a.jpg\" class=\"attachment-large size-large\" alt=\"\" srcset=\"https:\/\/isve.com\/wp-content\/uploads\/2025\/04\/impregnatori-imp-pg-certificazione-classi-di-rischio-a.jpg 588w, https:\/\/isve.com\/wp-content\/uploads\/2025\/04\/impregnatori-imp-pg-certificazione-classi-di-rischio-a-414x600.jpg 414w\" sizes=\"(max-width: 588px) 100vw, 588px\" \/><\/a>\n\t\t\t<\/dt><\/dl><dl class='gallery-item'>\n\t\t\t<dt class='gallery-icon portrait'>\n\t\t\t\t<a href='https:\/\/isve.com\/es\/impregnatori-imp-pg-certificazione-classi-di-rischio-b-2\/'><img loading=\"lazy\" decoding=\"async\" width=\"588\" height=\"852\" src=\"https:\/\/isve.com\/wp-content\/uploads\/2025\/04\/impregnatori-imp-pg-certificazione-classi-di-rischio-b.jpg\" class=\"attachment-large size-large\" alt=\"\" srcset=\"https:\/\/isve.com\/wp-content\/uploads\/2025\/04\/impregnatori-imp-pg-certificazione-classi-di-rischio-b.jpg 588w, https:\/\/isve.com\/wp-content\/uploads\/2025\/04\/impregnatori-imp-pg-certificazione-classi-di-rischio-b-414x600.jpg 414w\" sizes=\"(max-width: 588px) 100vw, 588px\" \/><\/a>\n\t\t\t<\/dt><\/dl><br style=\"clear: both\" \/>\n\t\t<\/div>\n\n<p><img loading=\"lazy\" decoding=\"async\" class=\"alignnone wp-image-5014 size-large\" src=\"https:\/\/isve.com\/wp-content\/uploads\/\/impregnatori_serie-imp-pg_larga2-1024x473.jpg\" alt=\"\" width=\"1024\" height=\"473\" \/><\/p>\n<hr \/>\n<p><a class=\"btn btn-lg btn-block pulsante-giallo\" href=\"https:\/\/isve.com\/es\/equipos-tratamiento-madera\/impregnadoras-madera-imp-pg\/\">VER TODOS LOS MODELOS<\/a><\/p>\n","protected":false},"excerpt":{"rendered":"<p>Preservar la madera del ataque de agentes atmosf\u00e9ricos y biol\u00f3gicos tales como hongos, insectos y bacterias. Impregnadores al vac\u00edo IMP-PG: ideal para marcos de ventanas, rejas, persianas, puertas o elementos sueltos. Los impregnadores al vac\u00edo IMP-PG de ISVE han sido proyectados con el objetivo preciso de preservar la madera del ataque de agentes atmosf\u00e9ricos y&hellip;<\/p>\n","protected":false},"author":1,"featured_media":14505,"parent":15968,"menu_order":309,"comment_status":"closed","ping_status":"closed","template":"","meta":{"_acf_changed":false,"footnotes":""},"tags":[],"impaginazione":[],"divisione":[3690],"categorie_modelli":[],"class_list":["post-14755","page","type-page","status-publish","has-post-thumbnail","hentry","divisione-isve-wood","description-off"],"acf":[],"yoast_head":"<!-- This site is optimized with the Yoast SEO plugin v27.4 - https:\/\/yoast.com\/product\/yoast-seo-wordpress\/ -->\n<title>Impregnadores al vac\u00edo IMP-PG: introducci\u00f3n - ISVE SpA - Tratamiento madera - Reciclaje - Molinos Trituradoras<\/title>\n<meta name=\"robots\" content=\"index, follow, max-snippet:-1, max-image-preview:large, max-video-preview:-1\" \/>\n<link rel=\"canonical\" href=\"https:\/\/isve.com\/es\/equipos-tratamiento-madera\/impregnadoras-madera-imp-pg-introduccion\/\" \/>\n<meta property=\"og:locale\" content=\"es_ES\" \/>\n<meta property=\"og:type\" content=\"article\" \/>\n<meta property=\"og:title\" content=\"Impregnadores al vac\u00edo IMP-PG: introducci\u00f3n - ISVE SpA - Tratamiento madera - Reciclaje - Molinos Trituradoras\" \/>\n<meta property=\"og:description\" content=\"Preservar la madera del ataque de agentes atmosf\u00e9ricos y biol\u00f3gicos tales como hongos, insectos y bacterias. Impregnadores al vac\u00edo IMP-PG: ideal para marcos de ventanas, rejas, persianas, puertas o elementos sueltos. Los impregnadores al vac\u00edo IMP-PG de ISVE han sido proyectados con el objetivo preciso de preservar la madera del ataque de agentes atmosf\u00e9ricos y&hellip;\" \/>\n<meta property=\"og:url\" content=\"https:\/\/isve.com\/es\/equipos-tratamiento-madera\/impregnadoras-madera-imp-pg-introduccion\/\" \/>\n<meta property=\"og:site_name\" content=\"ISVE SpA - Tratamiento madera - Reciclaje - Molinos Trituradoras\" \/>\n<meta property=\"article:modified_time\" content=\"2026-02-03T15:46:45+00:00\" \/>\n<meta property=\"og:image\" content=\"https:\/\/isve.com\/wp-content\/uploads\/impr\/gn\/impregnatori_serie_imp-pg.jpg\" \/>\n\t<meta property=\"og:image:width\" content=\"1400\" \/>\n\t<meta property=\"og:image:height\" content=\"972\" \/>\n\t<meta property=\"og:image:type\" content=\"image\/jpeg\" \/>\n<meta name=\"twitter:card\" content=\"summary_large_image\" \/>\n<meta name=\"twitter:label1\" content=\"Tiempo de lectura\" \/>\n\t<meta name=\"twitter:data1\" content=\"3 minutos\" \/>\n<script type=\"application\/ld+json\" class=\"yoast-schema-graph\">{\"@context\":\"https:\\\/\\\/schema.org\",\"@graph\":[{\"@type\":\"WebPage\",\"@id\":\"https:\\\/\\\/isve.com\\\/es\\\/equipos-tratamiento-madera\\\/impregnadoras-madera-imp-pg-introduccion\\\/\",\"url\":\"https:\\\/\\\/isve.com\\\/es\\\/equipos-tratamiento-madera\\\/impregnadoras-madera-imp-pg-introduccion\\\/\",\"name\":\"Impregnadores al vac\u00edo IMP-PG: introducci\u00f3n - ISVE SpA - Tratamiento madera - Reciclaje - Molinos Trituradoras\",\"isPartOf\":{\"@id\":\"https:\\\/\\\/isve.com\\\/es\\\/#website\"},\"primaryImageOfPage\":{\"@id\":\"https:\\\/\\\/isve.com\\\/es\\\/equipos-tratamiento-madera\\\/impregnadoras-madera-imp-pg-introduccion\\\/#primaryimage\"},\"image\":{\"@id\":\"https:\\\/\\\/isve.com\\\/es\\\/equipos-tratamiento-madera\\\/impregnadoras-madera-imp-pg-introduccion\\\/#primaryimage\"},\"thumbnailUrl\":\"https:\\\/\\\/isve.com\\\/wp-content\\\/uploads\\\/impr\\\/gn\\\/impregnatori_serie_imp-pg.jpg\",\"datePublished\":\"2019-12-16T15:05:49+00:00\",\"dateModified\":\"2026-02-03T15:46:45+00:00\",\"breadcrumb\":{\"@id\":\"https:\\\/\\\/isve.com\\\/es\\\/equipos-tratamiento-madera\\\/impregnadoras-madera-imp-pg-introduccion\\\/#breadcrumb\"},\"inLanguage\":\"es\",\"potentialAction\":[{\"@type\":\"ReadAction\",\"target\":[\"https:\\\/\\\/isve.com\\\/es\\\/equipos-tratamiento-madera\\\/impregnadoras-madera-imp-pg-introduccion\\\/\"]}]},{\"@type\":\"ImageObject\",\"inLanguage\":\"es\",\"@id\":\"https:\\\/\\\/isve.com\\\/es\\\/equipos-tratamiento-madera\\\/impregnadoras-madera-imp-pg-introduccion\\\/#primaryimage\",\"url\":\"https:\\\/\\\/isve.com\\\/wp-content\\\/uploads\\\/impr\\\/gn\\\/impregnatori_serie_imp-pg.jpg\",\"contentUrl\":\"https:\\\/\\\/isve.com\\\/wp-content\\\/uploads\\\/impr\\\/gn\\\/impregnatori_serie_imp-pg.jpg\",\"width\":1400,\"height\":972},{\"@type\":\"BreadcrumbList\",\"@id\":\"https:\\\/\\\/isve.com\\\/es\\\/equipos-tratamiento-madera\\\/impregnadoras-madera-imp-pg-introduccion\\\/#breadcrumb\",\"itemListElement\":[{\"@type\":\"ListItem\",\"position\":1,\"name\":\"Home\",\"item\":\"https:\\\/\\\/isve.com\\\/es\\\/\"},{\"@type\":\"ListItem\",\"position\":2,\"name\":\"Tratamiento de la Madera\",\"item\":\"https:\\\/\\\/isve.com\\\/es\\\/equipos-tratamiento-madera\\\/\"},{\"@type\":\"ListItem\",\"position\":3,\"name\":\"Impregnadores al vac\u00edo IMP-PG: introducci\u00f3n\"}]},{\"@type\":\"WebSite\",\"@id\":\"https:\\\/\\\/isve.com\\\/es\\\/#website\",\"url\":\"https:\\\/\\\/isve.com\\\/es\\\/\",\"name\":\"ISVE S.p.A.\",\"description\":\"Sistemas para tratamiento de madera y para trituraci\u00f3n moler granulaci\u00f3n\",\"publisher\":{\"@id\":\"https:\\\/\\\/isve.com\\\/es\\\/#organization\"},\"potentialAction\":[{\"@type\":\"SearchAction\",\"target\":{\"@type\":\"EntryPoint\",\"urlTemplate\":\"https:\\\/\\\/isve.com\\\/es\\\/?s={search_term_string}\"},\"query-input\":{\"@type\":\"PropertyValueSpecification\",\"valueRequired\":true,\"valueName\":\"search_term_string\"}}],\"inLanguage\":\"es\"},{\"@type\":\"Organization\",\"@id\":\"https:\\\/\\\/isve.com\\\/es\\\/#organization\",\"name\":\"ISVE S.p.A.\",\"url\":\"https:\\\/\\\/isve.com\\\/es\\\/\",\"logo\":{\"@type\":\"ImageObject\",\"inLanguage\":\"es\",\"@id\":\"https:\\\/\\\/isve.com\\\/es\\\/#\\\/schema\\\/logo\\\/image\\\/\",\"url\":\"https:\\\/\\\/isve.com\\\/wp-content\\\/uploads\\\/2026\\\/01\\\/logo-isve-spa.png\",\"contentUrl\":\"https:\\\/\\\/isve.com\\\/wp-content\\\/uploads\\\/2026\\\/01\\\/logo-isve-spa.png\",\"width\":600,\"height\":173,\"caption\":\"ISVE S.p.A.\"},\"image\":{\"@id\":\"https:\\\/\\\/isve.com\\\/es\\\/#\\\/schema\\\/logo\\\/image\\\/\"},\"sameAs\":[\"https:\\\/\\\/www.linkedin.com\\\/company\\\/69445471\",\"https:\\\/\\\/www.youtube.com\\\/@isves.p.a.8894\"]}]}<\/script>\n<!-- \/ Yoast SEO plugin. -->","yoast_head_json":{"title":"Impregnadores al vac\u00edo IMP-PG: introducci\u00f3n - ISVE SpA - Tratamiento madera - Reciclaje - Molinos Trituradoras","robots":{"index":"index","follow":"follow","max-snippet":"max-snippet:-1","max-image-preview":"max-image-preview:large","max-video-preview":"max-video-preview:-1"},"canonical":"https:\/\/isve.com\/es\/equipos-tratamiento-madera\/impregnadoras-madera-imp-pg-introduccion\/","og_locale":"es_ES","og_type":"article","og_title":"Impregnadores al vac\u00edo IMP-PG: introducci\u00f3n - ISVE SpA - Tratamiento madera - Reciclaje - Molinos Trituradoras","og_description":"Preservar la madera del ataque de agentes atmosf\u00e9ricos y biol\u00f3gicos tales como hongos, insectos y bacterias. Impregnadores al vac\u00edo IMP-PG: ideal para marcos de ventanas, rejas, persianas, puertas o elementos sueltos. Los impregnadores al vac\u00edo IMP-PG de ISVE han sido proyectados con el objetivo preciso de preservar la madera del ataque de agentes atmosf\u00e9ricos y&hellip;","og_url":"https:\/\/isve.com\/es\/equipos-tratamiento-madera\/impregnadoras-madera-imp-pg-introduccion\/","og_site_name":"ISVE SpA - Tratamiento madera - Reciclaje - Molinos Trituradoras","article_modified_time":"2026-02-03T15:46:45+00:00","og_image":[{"width":1400,"height":972,"url":"https:\/\/isve.com\/wp-content\/uploads\/impr\/gn\/impregnatori_serie_imp-pg.jpg","type":"image\/jpeg"}],"twitter_card":"summary_large_image","twitter_misc":{"Tiempo de lectura":"3 minutos"},"schema":{"@context":"https:\/\/schema.org","@graph":[{"@type":"WebPage","@id":"https:\/\/isve.com\/es\/equipos-tratamiento-madera\/impregnadoras-madera-imp-pg-introduccion\/","url":"https:\/\/isve.com\/es\/equipos-tratamiento-madera\/impregnadoras-madera-imp-pg-introduccion\/","name":"Impregnadores al vac\u00edo IMP-PG: introducci\u00f3n - ISVE SpA - Tratamiento madera - Reciclaje - Molinos Trituradoras","isPartOf":{"@id":"https:\/\/isve.com\/es\/#website"},"primaryImageOfPage":{"@id":"https:\/\/isve.com\/es\/equipos-tratamiento-madera\/impregnadoras-madera-imp-pg-introduccion\/#primaryimage"},"image":{"@id":"https:\/\/isve.com\/es\/equipos-tratamiento-madera\/impregnadoras-madera-imp-pg-introduccion\/#primaryimage"},"thumbnailUrl":"https:\/\/isve.com\/wp-content\/uploads\/impr\/gn\/impregnatori_serie_imp-pg.jpg","datePublished":"2019-12-16T15:05:49+00:00","dateModified":"2026-02-03T15:46:45+00:00","breadcrumb":{"@id":"https:\/\/isve.com\/es\/equipos-tratamiento-madera\/impregnadoras-madera-imp-pg-introduccion\/#breadcrumb"},"inLanguage":"es","potentialAction":[{"@type":"ReadAction","target":["https:\/\/isve.com\/es\/equipos-tratamiento-madera\/impregnadoras-madera-imp-pg-introduccion\/"]}]},{"@type":"ImageObject","inLanguage":"es","@id":"https:\/\/isve.com\/es\/equipos-tratamiento-madera\/impregnadoras-madera-imp-pg-introduccion\/#primaryimage","url":"https:\/\/isve.com\/wp-content\/uploads\/impr\/gn\/impregnatori_serie_imp-pg.jpg","contentUrl":"https:\/\/isve.com\/wp-content\/uploads\/impr\/gn\/impregnatori_serie_imp-pg.jpg","width":1400,"height":972},{"@type":"BreadcrumbList","@id":"https:\/\/isve.com\/es\/equipos-tratamiento-madera\/impregnadoras-madera-imp-pg-introduccion\/#breadcrumb","itemListElement":[{"@type":"ListItem","position":1,"name":"Home","item":"https:\/\/isve.com\/es\/"},{"@type":"ListItem","position":2,"name":"Tratamiento de la Madera","item":"https:\/\/isve.com\/es\/equipos-tratamiento-madera\/"},{"@type":"ListItem","position":3,"name":"Impregnadores al vac\u00edo IMP-PG: introducci\u00f3n"}]},{"@type":"WebSite","@id":"https:\/\/isve.com\/es\/#website","url":"https:\/\/isve.com\/es\/","name":"ISVE S.p.A.","description":"Sistemas para tratamiento de madera y para trituraci\u00f3n moler granulaci\u00f3n","publisher":{"@id":"https:\/\/isve.com\/es\/#organization"},"potentialAction":[{"@type":"SearchAction","target":{"@type":"EntryPoint","urlTemplate":"https:\/\/isve.com\/es\/?s={search_term_string}"},"query-input":{"@type":"PropertyValueSpecification","valueRequired":true,"valueName":"search_term_string"}}],"inLanguage":"es"},{"@type":"Organization","@id":"https:\/\/isve.com\/es\/#organization","name":"ISVE S.p.A.","url":"https:\/\/isve.com\/es\/","logo":{"@type":"ImageObject","inLanguage":"es","@id":"https:\/\/isve.com\/es\/#\/schema\/logo\/image\/","url":"https:\/\/isve.com\/wp-content\/uploads\/2026\/01\/logo-isve-spa.png","contentUrl":"https:\/\/isve.com\/wp-content\/uploads\/2026\/01\/logo-isve-spa.png","width":600,"height":173,"caption":"ISVE S.p.A."},"image":{"@id":"https:\/\/isve.com\/es\/#\/schema\/logo\/image\/"},"sameAs":["https:\/\/www.linkedin.com\/company\/69445471","https:\/\/www.youtube.com\/@isves.p.a.8894"]}]}},"_links":{"self":[{"href":"https:\/\/isve.com\/es\/wp-json\/wp\/v2\/pages\/14755","targetHints":{"allow":["GET"]}}],"collection":[{"href":"https:\/\/isve.com\/es\/wp-json\/wp\/v2\/pages"}],"about":[{"href":"https:\/\/isve.com\/es\/wp-json\/wp\/v2\/types\/page"}],"author":[{"embeddable":true,"href":"https:\/\/isve.com\/es\/wp-json\/wp\/v2\/users\/1"}],"replies":[{"embeddable":true,"href":"https:\/\/isve.com\/es\/wp-json\/wp\/v2\/comments?post=14755"}],"version-history":[{"count":1,"href":"https:\/\/isve.com\/es\/wp-json\/wp\/v2\/pages\/14755\/revisions"}],"predecessor-version":[{"id":27815,"href":"https:\/\/isve.com\/es\/wp-json\/wp\/v2\/pages\/14755\/revisions\/27815"}],"up":[{"embeddable":true,"href":"https:\/\/isve.com\/es\/wp-json\/wp\/v2\/pages\/15968"}],"wp:featuredmedia":[{"embeddable":true,"href":"https:\/\/isve.com\/es\/wp-json\/wp\/v2\/media\/14505"}],"wp:attachment":[{"href":"https:\/\/isve.com\/es\/wp-json\/wp\/v2\/media?parent=14755"}],"wp:term":[{"taxonomy":"post_tag","embeddable":true,"href":"https:\/\/isve.com\/es\/wp-json\/wp\/v2\/tags?post=14755"},{"taxonomy":"impaginazione","embeddable":true,"href":"https:\/\/isve.com\/es\/wp-json\/wp\/v2\/impaginazione?post=14755"},{"taxonomy":"divisione","embeddable":true,"href":"https:\/\/isve.com\/es\/wp-json\/wp\/v2\/divisione?post=14755"},{"taxonomy":"categorie_modelli","embeddable":true,"href":"https:\/\/isve.com\/es\/wp-json\/wp\/v2\/categorie_modelli?post=14755"}],"curies":[{"name":"wp","href":"https:\/\/api.w.org\/{rel}","templated":true}]}}