{"id":14749,"date":"2019-12-15T16:56:30","date_gmt":"2019-12-15T15:56:30","guid":{"rendered":"https:\/\/isve.com\/impregnadoras-imp-vp-el-ciclo-de-impregnacion\/"},"modified":"2025-04-15T12:25:17","modified_gmt":"2025-04-15T10:25:17","slug":"impregnadoras-imp-vp-el-ciclo-de-impregnacion","status":"publish","type":"page","link":"https:\/\/isve.com\/es\/equipos-tratamiento-madera\/impregnadoras-imp-vp-el-ciclo-de-impregnacion\/","title":{"rendered":"Impregnadoras IMP VP: el ciclo de impregnaci\u00f3n"},"content":{"rendered":"<h2><strong>Las 6 fases del ciclo de impregnaci\u00f3n al vac\u00edo de la madera.<\/strong><\/h2>\n<hr>\n<p><img fetchpriority=\"high\" decoding=\"async\" class=\"alignnone wp-image-4585\" src=\"https:\/\/isve.com\/wp-content\/uploads\/impregnatori-imp-vp-ciclo-impregnazione-1.png\" alt=\"\" width=\"300\" height=\"231\"><\/p>\n<p><strong>Fase 1: Vac\u00edo inicial<\/strong><\/p>\n<p>La pila de madera, una vez colocada sobre el carro motorizado del autoclave, es introducida en la instalaci\u00f3n para la puesta en marcha del ciclo.<br \/>\nEl cierre herm\u00e9tico de la puerta permite a la m\u00e1quina de comenzar el tratamiento a trav\u00e9s del accionamiento de la bomba de vac\u00edo. Esta fase, muy importante para el \u00e9xito del ciclo, libera los traqueidas de la madera del aire, generando una &#8220;depresi\u00f3n&#8221; que permitir\u00e1 a la madera &#8220;aspirar&#8221; en su interior la soluci\u00f3n preservante. El periodo de vac\u00edo puede variar de 30 a 90 minutos seg\u00fan las caracter\u00edsticas de la madera.<\/p>\n<hr>\n<p><img decoding=\"async\" class=\"alignnone wp-image-4589\" src=\"https:\/\/isve.com\/wp-content\/uploads\/impregnatori-imp-vp-ciclo-impregnazione-2.png\" alt=\"\" width=\"300\" height=\"231\"><\/p>\n<p><strong>Fase 2: Llenado<\/strong><\/p>\n<p>Una vez terminada la primera fase, la depresi\u00f3n es aprovechada para dirigir la soluci\u00f3n de tratamiento desde el tanque inferior hacia el autoclave superior.<br \/>\nLa fase de llenado es regulada por un sensor de nivel correspondiente que manda una se\u00f1al de control al ordenador de la instalaci\u00f3n.<\/p>\n<hr>\n<p><img decoding=\"async\" class=\"alignnone wp-image-4593\" src=\"https:\/\/isve.com\/wp-content\/uploads\/impregnatori-imp-vp-ciclo-impregnazione-3.png\" alt=\"\" width=\"300\" height=\"231\"><\/p>\n<p><strong>Fase 3 : Aplicaci\u00f3n de la presi\u00f3n<\/strong><\/p>\n<p>La tercera fase de tratamiento tiene la importante funci\u00f3n de &#8220;forzar&#8221; la soluci\u00f3n en el interior de la madera.<\/p>\n<p>El funcionamiento de la bomba de presi\u00f3n puede variar de 30 a 180 minutos seg\u00fan las caracter\u00edsticas del material.<br \/>\nLa acci\u00f3n combinada con el vac\u00edo permitir\u00e1 a los principios activos fijarse en profundidad para garantizar una protecci\u00f3n duradera.<\/p>\n<hr>\n<p><img loading=\"lazy\" decoding=\"async\" class=\"alignnone wp-image-4597\" src=\"https:\/\/isve.com\/wp-content\/uploads\/impregnatori-imp-vp-ciclo-impregnazione-4.png\" alt=\"\" width=\"300\" height=\"231\"><\/p>\n<p><strong>Fase 4: Descarga de la soluci\u00f3n<\/strong><\/p>\n<p>Una vez terminadas las fases de tratamiento propias y verdaderas, a trav\u00e9s de una v\u00e1lvula de descarga colocada sobre el fondo del autoclave la soluci\u00f3n no absorbida por la madera vuelve al tanque que se encuentra debajo.<br \/>\nCorrespondientes sistemas autom\u00e1ticos permiten reequilibrar el contenido de sales y llevar al nivel \u00f3ptimo el impregnante para un nuevo ciclo.<br \/>\nToda la soluci\u00f3n no absorbida est\u00e1 disponible para una nueva utilizaci\u00f3n sin ning\u00fan despilfarro.<\/p>\n<hr>\n<p><img loading=\"lazy\" decoding=\"async\" class=\"alignnone wp-image-4601\" src=\"https:\/\/isve.com\/wp-content\/uploads\/impregnatori-imp-vp-ciclo-impregnazione-5.png\" alt=\"\" width=\"300\" height=\"231\"><\/p>\n<p><strong>Fase 5: Vac\u00edo de recuperaci\u00f3n<\/strong><\/p>\n<p>Una ulterior acci\u00f3n del vac\u00edo de una duraci\u00f3n de aproximadamente 20-40 minutos facilita la fijaci\u00f3n de los principios activos en la madera.<br \/>\nEsta fase es importante para favorecer el &#8220;escurrido&#8221; del material tratado.<\/p>\n<hr>\n<p><img loading=\"lazy\" decoding=\"async\" class=\"alignnone wp-image-4605\" src=\"https:\/\/isve.com\/wp-content\/uploads\/impregnatori-imp-vp-ciclo-impregnazione-6.png\" alt=\"\" width=\"300\" height=\"231\"><\/p>\n<p><strong>Fase 6: Fin del ciclo<\/strong><\/p>\n<p>Al final del ciclo de impregnaci\u00f3n el autoclave se pone a presi\u00f3n atmosf\u00e9rica y la madera est\u00e1 lista para las siguientes fases de elaboraci\u00f3n.<\/p>\n<hr>\n<p><strong>Duraci\u00f3n del proceso<\/strong><\/p>\n<p>La duraci\u00f3n del proceso es variable y est\u00e1 ligada a los factores siguientes:<\/p>\n<ul>\n<li>Caracter\u00edsticas de la madera;<\/li>\n<li>Espesor;<\/li>\n<li>Humedad;<\/li>\n<li>Cantidad y concentraci\u00f3n de las sales que se quieren suministrar.<\/li>\n<\/ul>\n","protected":false},"excerpt":{"rendered":"<p>Las 6 fases del ciclo de impregnaci\u00f3n al vac\u00edo de la madera. Fase 1: Vac\u00edo inicial La pila de madera, una vez colocada sobre el carro motorizado del autoclave, es introducida en la instalaci\u00f3n para la puesta en marcha del ciclo. El cierre herm\u00e9tico de la puerta permite a la m\u00e1quina de comenzar el tratamiento&hellip;<\/p>\n","protected":false},"author":1,"featured_media":0,"parent":15968,"menu_order":170,"comment_status":"closed","ping_status":"closed","template":"","meta":{"_acf_changed":false,"footnotes":""},"tags":[],"impaginazione":[],"divisione":[3690],"categorie_modelli":[],"class_list":["post-14749","page","type-page","status-publish","hentry","divisione-isve-wood","description-off"],"acf":[],"yoast_head":"<!-- This site is optimized with the Yoast SEO plugin v27.4 - https:\/\/yoast.com\/product\/yoast-seo-wordpress\/ -->\n<title>Impregnadoras IMP VP: el ciclo de impregnaci\u00f3n - ISVE SpA - Trattamento legno - Riciclaggio - Macinatori Trituratori<\/title>\n<meta name=\"robots\" content=\"index, follow, max-snippet:-1, max-image-preview:large, max-video-preview:-1\" \/>\n<link rel=\"canonical\" href=\"https:\/\/isve.com\/es\/equipos-tratamiento-madera\/impregnadoras-imp-vp-el-ciclo-de-impregnacion\/\" \/>\n<meta property=\"og:locale\" content=\"es_ES\" \/>\n<meta property=\"og:type\" content=\"article\" \/>\n<meta property=\"og:title\" content=\"Impregnadoras IMP VP: el ciclo de impregnaci\u00f3n - ISVE SpA - Trattamento legno - Riciclaggio - Macinatori Trituratori\" \/>\n<meta property=\"og:description\" content=\"Las 6 fases del ciclo de impregnaci\u00f3n al vac\u00edo de la madera. Fase 1: Vac\u00edo inicial La pila de madera, una vez colocada sobre el carro motorizado del autoclave, es introducida en la instalaci\u00f3n para la puesta en marcha del ciclo. El cierre herm\u00e9tico de la puerta permite a la m\u00e1quina de comenzar el tratamiento&hellip;\" \/>\n<meta property=\"og:url\" content=\"https:\/\/isve.com\/es\/equipos-tratamiento-madera\/impregnadoras-imp-vp-el-ciclo-de-impregnacion\/\" \/>\n<meta property=\"og:site_name\" content=\"ISVE SpA - Trattamento legno - Riciclaggio - Macinatori Trituratori\" \/>\n<meta property=\"article:modified_time\" content=\"2025-04-15T10:25:17+00:00\" \/>\n<meta property=\"og:image\" content=\"https:\/\/isve.com\/wp-content\/uploads\/impregnatori-imp-vp-ciclo-impregnazione-1.png\" \/>\n<meta name=\"twitter:card\" content=\"summary_large_image\" \/>\n<meta name=\"twitter:label1\" content=\"Tiempo de lectura\" \/>\n\t<meta name=\"twitter:data1\" content=\"2 minutos\" \/>\n<script type=\"application\/ld+json\" class=\"yoast-schema-graph\">{\"@context\":\"https:\\\/\\\/schema.org\",\"@graph\":[{\"@type\":\"WebPage\",\"@id\":\"https:\\\/\\\/isve.com\\\/es\\\/equipos-tratamiento-madera\\\/impregnadoras-imp-vp-el-ciclo-de-impregnacion\\\/\",\"url\":\"https:\\\/\\\/isve.com\\\/es\\\/equipos-tratamiento-madera\\\/impregnadoras-imp-vp-el-ciclo-de-impregnacion\\\/\",\"name\":\"Impregnadoras IMP VP: el ciclo de impregnaci\u00f3n - ISVE SpA - Trattamento legno - Riciclaggio - Macinatori Trituratori\",\"isPartOf\":{\"@id\":\"https:\\\/\\\/isve.com\\\/es\\\/#website\"},\"primaryImageOfPage\":{\"@id\":\"https:\\\/\\\/isve.com\\\/es\\\/equipos-tratamiento-madera\\\/impregnadoras-imp-vp-el-ciclo-de-impregnacion\\\/#primaryimage\"},\"image\":{\"@id\":\"https:\\\/\\\/isve.com\\\/es\\\/equipos-tratamiento-madera\\\/impregnadoras-imp-vp-el-ciclo-de-impregnacion\\\/#primaryimage\"},\"thumbnailUrl\":\"https:\\\/\\\/isve.com\\\/wp-content\\\/uploads\\\/impregnatori-imp-vp-ciclo-impregnazione-1.png\",\"datePublished\":\"2019-12-15T15:56:30+00:00\",\"dateModified\":\"2025-04-15T10:25:17+00:00\",\"breadcrumb\":{\"@id\":\"https:\\\/\\\/isve.com\\\/es\\\/equipos-tratamiento-madera\\\/impregnadoras-imp-vp-el-ciclo-de-impregnacion\\\/#breadcrumb\"},\"inLanguage\":\"es\",\"potentialAction\":[{\"@type\":\"ReadAction\",\"target\":[\"https:\\\/\\\/isve.com\\\/es\\\/equipos-tratamiento-madera\\\/impregnadoras-imp-vp-el-ciclo-de-impregnacion\\\/\"]}]},{\"@type\":\"ImageObject\",\"inLanguage\":\"es\",\"@id\":\"https:\\\/\\\/isve.com\\\/es\\\/equipos-tratamiento-madera\\\/impregnadoras-imp-vp-el-ciclo-de-impregnacion\\\/#primaryimage\",\"url\":\"https:\\\/\\\/isve.com\\\/wp-content\\\/uploads\\\/impregnatori-imp-vp-ciclo-impregnazione-1.png\",\"contentUrl\":\"https:\\\/\\\/isve.com\\\/wp-content\\\/uploads\\\/impregnatori-imp-vp-ciclo-impregnazione-1.png\"},{\"@type\":\"BreadcrumbList\",\"@id\":\"https:\\\/\\\/isve.com\\\/es\\\/equipos-tratamiento-madera\\\/impregnadoras-imp-vp-el-ciclo-de-impregnacion\\\/#breadcrumb\",\"itemListElement\":[{\"@type\":\"ListItem\",\"position\":1,\"name\":\"Home\",\"item\":\"https:\\\/\\\/isve.com\\\/es\\\/\"},{\"@type\":\"ListItem\",\"position\":2,\"name\":\"Tratamiento de la Madera\",\"item\":\"https:\\\/\\\/isve.com\\\/es\\\/equipos-tratamiento-madera\\\/\"},{\"@type\":\"ListItem\",\"position\":3,\"name\":\"Impregnadoras IMP VP: el ciclo de impregnaci\u00f3n\"}]},{\"@type\":\"WebSite\",\"@id\":\"https:\\\/\\\/isve.com\\\/es\\\/#website\",\"url\":\"https:\\\/\\\/isve.com\\\/es\\\/\",\"name\":\"ISVE S.p.A.\",\"description\":\"Sistemi per trattamento del legno e triturazione macinazione granulazione\",\"publisher\":{\"@id\":\"https:\\\/\\\/isve.com\\\/es\\\/#organization\"},\"potentialAction\":[{\"@type\":\"SearchAction\",\"target\":{\"@type\":\"EntryPoint\",\"urlTemplate\":\"https:\\\/\\\/isve.com\\\/es\\\/?s={search_term_string}\"},\"query-input\":{\"@type\":\"PropertyValueSpecification\",\"valueRequired\":true,\"valueName\":\"search_term_string\"}}],\"inLanguage\":\"es\"},{\"@type\":\"Organization\",\"@id\":\"https:\\\/\\\/isve.com\\\/es\\\/#organization\",\"name\":\"ISVE S.p.A.\",\"url\":\"https:\\\/\\\/isve.com\\\/es\\\/\",\"logo\":{\"@type\":\"ImageObject\",\"inLanguage\":\"es\",\"@id\":\"https:\\\/\\\/isve.com\\\/es\\\/#\\\/schema\\\/logo\\\/image\\\/\",\"url\":\"https:\\\/\\\/isve.com\\\/wp-content\\\/uploads\\\/2026\\\/01\\\/logo-isve-spa.png\",\"contentUrl\":\"https:\\\/\\\/isve.com\\\/wp-content\\\/uploads\\\/2026\\\/01\\\/logo-isve-spa.png\",\"width\":600,\"height\":173,\"caption\":\"ISVE S.p.A.\"},\"image\":{\"@id\":\"https:\\\/\\\/isve.com\\\/es\\\/#\\\/schema\\\/logo\\\/image\\\/\"},\"sameAs\":[\"https:\\\/\\\/www.linkedin.com\\\/company\\\/69445471\",\"https:\\\/\\\/www.youtube.com\\\/@isves.p.a.8894\"]}]}<\/script>\n<!-- \/ Yoast SEO plugin. -->","yoast_head_json":{"title":"Impregnadoras IMP VP: el ciclo de impregnaci\u00f3n - ISVE SpA - Trattamento legno - Riciclaggio - Macinatori Trituratori","robots":{"index":"index","follow":"follow","max-snippet":"max-snippet:-1","max-image-preview":"max-image-preview:large","max-video-preview":"max-video-preview:-1"},"canonical":"https:\/\/isve.com\/es\/equipos-tratamiento-madera\/impregnadoras-imp-vp-el-ciclo-de-impregnacion\/","og_locale":"es_ES","og_type":"article","og_title":"Impregnadoras IMP VP: el ciclo de impregnaci\u00f3n - ISVE SpA - Trattamento legno - Riciclaggio - Macinatori Trituratori","og_description":"Las 6 fases del ciclo de impregnaci\u00f3n al vac\u00edo de la madera. Fase 1: Vac\u00edo inicial La pila de madera, una vez colocada sobre el carro motorizado del autoclave, es introducida en la instalaci\u00f3n para la puesta en marcha del ciclo. El cierre herm\u00e9tico de la puerta permite a la m\u00e1quina de comenzar el tratamiento&hellip;","og_url":"https:\/\/isve.com\/es\/equipos-tratamiento-madera\/impregnadoras-imp-vp-el-ciclo-de-impregnacion\/","og_site_name":"ISVE SpA - Trattamento legno - Riciclaggio - Macinatori Trituratori","article_modified_time":"2025-04-15T10:25:17+00:00","og_image":[{"url":"https:\/\/isve.com\/wp-content\/uploads\/impregnatori-imp-vp-ciclo-impregnazione-1.png","type":"","width":"","height":""}],"twitter_card":"summary_large_image","twitter_misc":{"Tiempo de lectura":"2 minutos"},"schema":{"@context":"https:\/\/schema.org","@graph":[{"@type":"WebPage","@id":"https:\/\/isve.com\/es\/equipos-tratamiento-madera\/impregnadoras-imp-vp-el-ciclo-de-impregnacion\/","url":"https:\/\/isve.com\/es\/equipos-tratamiento-madera\/impregnadoras-imp-vp-el-ciclo-de-impregnacion\/","name":"Impregnadoras IMP VP: el ciclo de impregnaci\u00f3n - ISVE SpA - Trattamento legno - Riciclaggio - Macinatori Trituratori","isPartOf":{"@id":"https:\/\/isve.com\/es\/#website"},"primaryImageOfPage":{"@id":"https:\/\/isve.com\/es\/equipos-tratamiento-madera\/impregnadoras-imp-vp-el-ciclo-de-impregnacion\/#primaryimage"},"image":{"@id":"https:\/\/isve.com\/es\/equipos-tratamiento-madera\/impregnadoras-imp-vp-el-ciclo-de-impregnacion\/#primaryimage"},"thumbnailUrl":"https:\/\/isve.com\/wp-content\/uploads\/impregnatori-imp-vp-ciclo-impregnazione-1.png","datePublished":"2019-12-15T15:56:30+00:00","dateModified":"2025-04-15T10:25:17+00:00","breadcrumb":{"@id":"https:\/\/isve.com\/es\/equipos-tratamiento-madera\/impregnadoras-imp-vp-el-ciclo-de-impregnacion\/#breadcrumb"},"inLanguage":"es","potentialAction":[{"@type":"ReadAction","target":["https:\/\/isve.com\/es\/equipos-tratamiento-madera\/impregnadoras-imp-vp-el-ciclo-de-impregnacion\/"]}]},{"@type":"ImageObject","inLanguage":"es","@id":"https:\/\/isve.com\/es\/equipos-tratamiento-madera\/impregnadoras-imp-vp-el-ciclo-de-impregnacion\/#primaryimage","url":"https:\/\/isve.com\/wp-content\/uploads\/impregnatori-imp-vp-ciclo-impregnazione-1.png","contentUrl":"https:\/\/isve.com\/wp-content\/uploads\/impregnatori-imp-vp-ciclo-impregnazione-1.png"},{"@type":"BreadcrumbList","@id":"https:\/\/isve.com\/es\/equipos-tratamiento-madera\/impregnadoras-imp-vp-el-ciclo-de-impregnacion\/#breadcrumb","itemListElement":[{"@type":"ListItem","position":1,"name":"Home","item":"https:\/\/isve.com\/es\/"},{"@type":"ListItem","position":2,"name":"Tratamiento de la Madera","item":"https:\/\/isve.com\/es\/equipos-tratamiento-madera\/"},{"@type":"ListItem","position":3,"name":"Impregnadoras IMP VP: el ciclo de impregnaci\u00f3n"}]},{"@type":"WebSite","@id":"https:\/\/isve.com\/es\/#website","url":"https:\/\/isve.com\/es\/","name":"ISVE S.p.A.","description":"Sistemi per trattamento del legno e triturazione macinazione granulazione","publisher":{"@id":"https:\/\/isve.com\/es\/#organization"},"potentialAction":[{"@type":"SearchAction","target":{"@type":"EntryPoint","urlTemplate":"https:\/\/isve.com\/es\/?s={search_term_string}"},"query-input":{"@type":"PropertyValueSpecification","valueRequired":true,"valueName":"search_term_string"}}],"inLanguage":"es"},{"@type":"Organization","@id":"https:\/\/isve.com\/es\/#organization","name":"ISVE S.p.A.","url":"https:\/\/isve.com\/es\/","logo":{"@type":"ImageObject","inLanguage":"es","@id":"https:\/\/isve.com\/es\/#\/schema\/logo\/image\/","url":"https:\/\/isve.com\/wp-content\/uploads\/2026\/01\/logo-isve-spa.png","contentUrl":"https:\/\/isve.com\/wp-content\/uploads\/2026\/01\/logo-isve-spa.png","width":600,"height":173,"caption":"ISVE S.p.A."},"image":{"@id":"https:\/\/isve.com\/es\/#\/schema\/logo\/image\/"},"sameAs":["https:\/\/www.linkedin.com\/company\/69445471","https:\/\/www.youtube.com\/@isves.p.a.8894"]}]}},"_links":{"self":[{"href":"https:\/\/isve.com\/es\/wp-json\/wp\/v2\/pages\/14749","targetHints":{"allow":["GET"]}}],"collection":[{"href":"https:\/\/isve.com\/es\/wp-json\/wp\/v2\/pages"}],"about":[{"href":"https:\/\/isve.com\/es\/wp-json\/wp\/v2\/types\/page"}],"author":[{"embeddable":true,"href":"https:\/\/isve.com\/es\/wp-json\/wp\/v2\/users\/1"}],"replies":[{"embeddable":true,"href":"https:\/\/isve.com\/es\/wp-json\/wp\/v2\/comments?post=14749"}],"version-history":[{"count":0,"href":"https:\/\/isve.com\/es\/wp-json\/wp\/v2\/pages\/14749\/revisions"}],"up":[{"embeddable":true,"href":"https:\/\/isve.com\/es\/wp-json\/wp\/v2\/pages\/15968"}],"wp:attachment":[{"href":"https:\/\/isve.com\/es\/wp-json\/wp\/v2\/media?parent=14749"}],"wp:term":[{"taxonomy":"post_tag","embeddable":true,"href":"https:\/\/isve.com\/es\/wp-json\/wp\/v2\/tags?post=14749"},{"taxonomy":"impaginazione","embeddable":true,"href":"https:\/\/isve.com\/es\/wp-json\/wp\/v2\/impaginazione?post=14749"},{"taxonomy":"divisione","embeddable":true,"href":"https:\/\/isve.com\/es\/wp-json\/wp\/v2\/divisione?post=14749"},{"taxonomy":"categorie_modelli","embeddable":true,"href":"https:\/\/isve.com\/es\/wp-json\/wp\/v2\/categorie_modelli?post=14749"}],"curies":[{"name":"wp","href":"https:\/\/api.w.org\/{rel}","templated":true}]}}