{"id":14740,"date":"2019-12-15T15:42:17","date_gmt":"2019-12-15T14:42:17","guid":{"rendered":"https:\/\/isve.com\/impregnadoras-madera-imp-vp-introduccion\/"},"modified":"2026-02-03T16:45:39","modified_gmt":"2026-02-03T15:45:39","slug":"impregnadoras-madera-imp-vp-introduccion","status":"publish","type":"page","link":"https:\/\/isve.com\/es\/equipos-tratamiento-madera\/impregnadoras-madera-imp-vp-introduccion\/","title":{"rendered":"Impregnadores al vac\u00edo presi\u00f3n Serie IMP VP: introducci\u00f3n"},"content":{"rendered":"<h2>Tratamiento de impregnaci\u00f3n de la madera en autoclave con el s\u00edstema de vac\u00edo a presi\u00f3n.<\/h2>\n<p>La gente ama y aprecia vivir y trabajar en ambientes decorados y revestidos con <strong>madera<\/strong>, aprecia su calor y la expresi\u00f3n \u00fanica de belleza natural que no se puede comparar a ning\u00fan otro material de origen mineral o sint\u00e9tico.<\/p>\n<p>Estas cualidades est\u00e1n sin embargo penalizadas por un \u00fanico factor: <strong>la duraci\u00f3n<\/strong>.<br \/>\nYa que la madera es <strong>atacada<\/strong> m\u00e1s o menos r\u00e1pidamente por los <strong>agentes atmosf\u00e9ricos y biol\u00f3gicos<\/strong> como\u00a0los hongos, los insectos y las bacterias, se ha preferido seleccionar y utilizar esencias le\u00f1osas &#8220;naturalmente&#8221; resistentes.<br \/>\nLa demanda continua de estas especies ha reducido considerablemente su disponibilidad y ha aumentado su precio.<\/p>\n<p>Por ello existe la posibilidad de utilizar maderas menos duraderas pero m\u00e1s econ\u00f3micas, aplicando sin embargo <strong>tratamientos eficaces<\/strong> para <strong>incrementar su resistencia natural<\/strong>.<\/p>\n<p>Las plantas de ISVE ofrecen al emprendedor la oportunidad de explotar este mercado en constante crecimiento, con <strong>sistemas de impregnaci\u00f3n<\/strong> dise\u00f1ados espec\u00edficamente <strong>para madera<\/strong>, con dise\u00f1o y calidad de construcci\u00f3n comprobados que garantizan una larga vida \u00fatil de las maderas tratadas.<\/p>\n<p><iframe title=\"ISVE WOOD TREATMENT PLANT\" width=\"1200\" height=\"675\" src=\"https:\/\/www.youtube.com\/embed\/ErNasqqZnm8?feature=oembed\" frameborder=\"0\" allow=\"accelerometer; autoplay; clipboard-write; encrypted-media; gyroscope; picture-in-picture; web-share\" referrerpolicy=\"strict-origin-when-cross-origin\" allowfullscreen><\/iframe><\/p>\n<p>&nbsp;<\/p>\n<p><img fetchpriority=\"high\" decoding=\"async\" class=\"alignnone size-large wp-image-4558\" src=\"https:\/\/isve.com\/wp-content\/uploads\/\/impregnatori_serie-imp-vp_larga-1024x372.jpg\" alt=\"\" width=\"1024\" height=\"372\" \/><\/p>\n<p>&nbsp;<\/p>\n<h2><strong>Impregnadores al vac\u00edo presi\u00f3n Serie IMP VP:<br \/>\nalta productividad y bajos costos operativos<br \/>\n<\/strong><\/h2>\n<p><strong>Equipos para la impregnaci\u00f3n de la madera<\/strong> a fin de obtener la <strong>mayor penetraci\u00f3n<\/strong> de los principios activos en\u00a0 profundidad <strong>(CLASE 4-5)<\/strong>.<\/p>\n<p>Fabricados con <strong>materiales de alta calidad<\/strong> que garantizan una<strong> gran duraci\u00f3n en el tiempo<\/strong> (\u00a1tenemos IMP-VP que funcionan desde hace m\u00e1s de 40 a\u00f1os!).<\/p>\n<p>El equipo consta de una autoclave donde se introduce la madera que se debe tratar. Tras una primera fase de vac\u00edo, la soluci\u00f3n impregnante se extrae de un dep\u00f3sito y se impulsa a presi\u00f3n en el interior de la madera. La combinaci\u00f3n del <strong>vac\u00edo<\/strong> inicial con la fase de <strong>alta presi\u00f3n<\/strong> garantiza la m\u00e1xima penetraci\u00f3n de los principios activos.<\/p>\n<p>&nbsp;<\/p>\n<p><img decoding=\"async\" class=\"alignnone size-large wp-image-4563\" src=\"https:\/\/isve.com\/wp-content\/uploads\/\/impregnatori_serie-imp-vp_larga2-1024x364.jpg\" alt=\"\" width=\"1024\" height=\"364\" \/><\/p>\n<h2><strong><br \/>\nIMP-VP impregnadores: cuando usarlos<\/strong><\/h2>\n<p><strong>Utilizaci\u00f3n de las impregnadoras para proteger madera expuesta a condiciones climaticas al exterior.<\/strong><\/p>\n<p>La utilizaci\u00f3n del <strong>impregnador vac\u00edo-presi\u00f3n<\/strong> es aconsejable para todos aquellos productos, como:<\/p>\n<ul>\n<li>muebles de jard\u00edn,<\/li>\n<li>cepillos,<\/li>\n<li>cercados,<\/li>\n<li>elementos prefabricados para la construcci\u00f3n,<\/li>\n<li>plataformas para camiones,<\/li>\n<li>pavimentos,<\/li>\n<li>mobiliario naval,<\/li>\n<li>instrumentos para la agricultura,<\/li>\n<li>embalajes,<\/li>\n<\/ul>\n<p>los cuales para su utilizaci\u00f3n est\u00e1n expuestos durante periodos m\u00e1s o menos largos a las condiciones clim\u00e1ticas externas.<\/p>\n<p>De la misma manera es indispensable el tratamiento con insecticidas de todas las maderas ex\u00f3ticas y no, que a\u00fan siendo utilizadas solamente en el interior, est\u00e1n sujetas a carcomas u otros\u00a0xil\u00f3fagos\u00a0similares.<\/p>\n<p>Los productos que pueden ser utilizados en nuestras instalaciones son:<\/p>\n<ul>\n<li><strong>IMPREGNANTES a base de disolvente<\/strong>\u00a0con acci\u00f3n protectora de exterminio para mohos, insectos, bacterias;<\/li>\n<li><strong>IMPREGNANTES a base de sales disueltas en agua<\/strong>\u00a0con acci\u00f3n protectora y de exterminio para mohos, insectos, bacterias;<\/li>\n<li><strong>IMPREGNANTES ign\u00edfugos<\/strong> a base de sales disueltas en agua con una acci\u00f3n protectora contempor\u00e1nea.<\/li>\n<\/ul>\n<p>&nbsp;<\/p>\n<p><img decoding=\"async\" class=\"wp-image-6357 size-medium aligncenter\" src=\"https:\/\/isve.com\/wp-content\/uploads\/\/IMG00848-20120504-1454-1-600x450.jpg\" alt=\"\" width=\"600\" height=\"450\" \/><\/p>\n<p>&nbsp;<\/p>\n<h2><strong>Ventajas del sistema IMP-VP<\/strong><\/h2>\n<h3>Ventajas de las impregnadoras bajo vacio ISVE<\/h3>\n<p>Existen muchos argumentos a favor de este tipo de inversi\u00f3n. Enumeramos los principales:<\/p>\n<ul>\n<li><strong>Inversi\u00f3n de capital reducido<\/strong><br \/>\nPocas inversiones en el sector de la industria de la madera se acercan a la relaci\u00f3n capital invertido por millares de m3 de madera tratada al a\u00f1o como la instalaci\u00f3n IMP-VP.<\/li>\n<li><strong>Bajo coste de trabajo<\/strong><br \/>\nUn solo empleado por turno es suficiente para maniobrar, descargar, cargar una instalaci\u00f3n si se dispone de un medio mec\u00e1nico para desplazar las pilas de madera.<\/li>\n<li><strong>Mercado amplio en continua expansi\u00f3n<\/strong><br \/>\nEs suficiente valorar la opini\u00f3n de las aduanas correspondiente a las importaciones de material tratado para valorar el espacio de mercado disponible.<\/li>\n<li><strong>Bajos costes de mantenimiento<\/strong><br \/>\nTeniendo la precauci\u00f3n de mantener limpia la instalaci\u00f3n, los costes de mantenimiento son bastante bajos ya que hay pocos \u00f3rganos en movimiento.<\/li>\n<li><strong>R\u00e1pida venta<\/strong><br \/>\nNo solamente el material puede ser tratado con una humedad del 30%, sino que solamente pocos d\u00edas despu\u00e9s del tratamiento puede ser utilizado y manipulado sin problemas.<\/li>\n<li><strong>Facilidad de adaptarse al mercado<\/strong><br \/>\nGracias a la reducida mano de obra exigida es f\u00e1cil afrontar las variaciones de producci\u00f3n sin graves consecuencias.<\/li>\n<li><strong>No es impuesto ning\u00fan contrato para los productos impregnantes<\/strong><br \/>\nLa sociedad I.S.V.E. Srl opera en el sector de las instalaciones y no vende productos impregnantes . El cliente es pues libre de aprovisionarse en el mercado sin ninguna imposici\u00f3n.<\/li>\n<li><strong>Ning\u00fan peligro de estropear el material<\/strong><br \/>\nLas instalaciones IMP-VP I.S.V.E. se suministran equipadas con un cuadro el\u00e9ctrico dotado de microprocesador (Vacutronic system) que reduce al m\u00ednimo las posibilidades de una maniobra err\u00f3nea.<br \/>\nLa conexi\u00f3n a un simple PC permite visualizar e imprimir todas las fases del ciclo para la certificaci\u00f3n RAL.<\/li>\n<\/ul>\n<hr \/>\n<p><a class=\"btn btn-lg btn-block pulsante-giallo\" href=\"https:\/\/isve.com\/es\/equipos-tratamiento-madera\/impregnadoras-madera-imp-vp\/\">VER TODOS LOS MODELOS<\/a><\/p>\n","protected":false},"excerpt":{"rendered":"<p>Tratamiento de impregnaci\u00f3n de la madera en autoclave con el s\u00edstema de vac\u00edo a presi\u00f3n. La gente ama y aprecia vivir y trabajar en ambientes decorados y revestidos con madera, aprecia su calor y la expresi\u00f3n \u00fanica de belleza natural que no se puede comparar a ning\u00fan otro material de origen mineral o sint\u00e9tico. Estas&hellip;<\/p>\n","protected":false},"author":1,"featured_media":14498,"parent":15968,"menu_order":292,"comment_status":"closed","ping_status":"closed","template":"","meta":{"_acf_changed":false,"footnotes":""},"tags":[],"impaginazione":[],"divisione":[3690],"categorie_modelli":[],"class_list":["post-14740","page","type-page","status-publish","has-post-thumbnail","hentry","divisione-isve-wood","description-off"],"acf":[],"yoast_head":"<!-- This site is optimized with the Yoast SEO plugin v27.4 - https:\/\/yoast.com\/product\/yoast-seo-wordpress\/ -->\n<title>Impregnadores al vac\u00edo presi\u00f3n Serie IMP VP: introducci\u00f3n - ISVE SpA - Trattamento legno - Riciclaggio - Macinatori Trituratori<\/title>\n<meta name=\"robots\" content=\"index, follow, max-snippet:-1, max-image-preview:large, max-video-preview:-1\" \/>\n<link rel=\"canonical\" href=\"https:\/\/isve.com\/es\/equipos-tratamiento-madera\/impregnadoras-madera-imp-vp-introduccion\/\" \/>\n<meta property=\"og:locale\" content=\"es_ES\" \/>\n<meta property=\"og:type\" content=\"article\" \/>\n<meta property=\"og:title\" content=\"Impregnadores al vac\u00edo presi\u00f3n Serie IMP VP: introducci\u00f3n - ISVE SpA - Trattamento legno - Riciclaggio - Macinatori Trituratori\" \/>\n<meta property=\"og:description\" content=\"Tratamiento de impregnaci\u00f3n de la madera en autoclave con el s\u00edstema de vac\u00edo a presi\u00f3n. La gente ama y aprecia vivir y trabajar en ambientes decorados y revestidos con madera, aprecia su calor y la expresi\u00f3n \u00fanica de belleza natural que no se puede comparar a ning\u00fan otro material de origen mineral o sint\u00e9tico. Estas&hellip;\" \/>\n<meta property=\"og:url\" content=\"https:\/\/isve.com\/es\/equipos-tratamiento-madera\/impregnadoras-madera-imp-vp-introduccion\/\" \/>\n<meta property=\"og:site_name\" content=\"ISVE SpA - Trattamento legno - Riciclaggio - Macinatori Trituratori\" \/>\n<meta property=\"article:modified_time\" content=\"2026-02-03T15:45:39+00:00\" \/>\n<meta property=\"og:image\" content=\"https:\/\/isve.com\/wp-content\/uploads\/impr\/gn\/impregnatori_serie_imp-vp.jpg\" \/>\n\t<meta property=\"og:image:width\" content=\"1400\" \/>\n\t<meta property=\"og:image:height\" content=\"972\" \/>\n\t<meta property=\"og:image:type\" content=\"image\/jpeg\" \/>\n<meta name=\"twitter:card\" content=\"summary_large_image\" \/>\n<meta name=\"twitter:label1\" content=\"Tiempo de lectura\" \/>\n\t<meta name=\"twitter:data1\" content=\"4 minutos\" \/>\n<script type=\"application\/ld+json\" class=\"yoast-schema-graph\">{\"@context\":\"https:\\\/\\\/schema.org\",\"@graph\":[{\"@type\":\"WebPage\",\"@id\":\"https:\\\/\\\/isve.com\\\/es\\\/equipos-tratamiento-madera\\\/impregnadoras-madera-imp-vp-introduccion\\\/\",\"url\":\"https:\\\/\\\/isve.com\\\/es\\\/equipos-tratamiento-madera\\\/impregnadoras-madera-imp-vp-introduccion\\\/\",\"name\":\"Impregnadores al vac\u00edo presi\u00f3n Serie IMP VP: introducci\u00f3n - ISVE SpA - Trattamento legno - Riciclaggio - Macinatori Trituratori\",\"isPartOf\":{\"@id\":\"https:\\\/\\\/isve.com\\\/es\\\/#website\"},\"primaryImageOfPage\":{\"@id\":\"https:\\\/\\\/isve.com\\\/es\\\/equipos-tratamiento-madera\\\/impregnadoras-madera-imp-vp-introduccion\\\/#primaryimage\"},\"image\":{\"@id\":\"https:\\\/\\\/isve.com\\\/es\\\/equipos-tratamiento-madera\\\/impregnadoras-madera-imp-vp-introduccion\\\/#primaryimage\"},\"thumbnailUrl\":\"https:\\\/\\\/isve.com\\\/wp-content\\\/uploads\\\/impr\\\/gn\\\/impregnatori_serie_imp-vp.jpg\",\"datePublished\":\"2019-12-15T14:42:17+00:00\",\"dateModified\":\"2026-02-03T15:45:39+00:00\",\"breadcrumb\":{\"@id\":\"https:\\\/\\\/isve.com\\\/es\\\/equipos-tratamiento-madera\\\/impregnadoras-madera-imp-vp-introduccion\\\/#breadcrumb\"},\"inLanguage\":\"es\",\"potentialAction\":[{\"@type\":\"ReadAction\",\"target\":[\"https:\\\/\\\/isve.com\\\/es\\\/equipos-tratamiento-madera\\\/impregnadoras-madera-imp-vp-introduccion\\\/\"]}]},{\"@type\":\"ImageObject\",\"inLanguage\":\"es\",\"@id\":\"https:\\\/\\\/isve.com\\\/es\\\/equipos-tratamiento-madera\\\/impregnadoras-madera-imp-vp-introduccion\\\/#primaryimage\",\"url\":\"https:\\\/\\\/isve.com\\\/wp-content\\\/uploads\\\/impr\\\/gn\\\/impregnatori_serie_imp-vp.jpg\",\"contentUrl\":\"https:\\\/\\\/isve.com\\\/wp-content\\\/uploads\\\/impr\\\/gn\\\/impregnatori_serie_imp-vp.jpg\",\"width\":1400,\"height\":972},{\"@type\":\"BreadcrumbList\",\"@id\":\"https:\\\/\\\/isve.com\\\/es\\\/equipos-tratamiento-madera\\\/impregnadoras-madera-imp-vp-introduccion\\\/#breadcrumb\",\"itemListElement\":[{\"@type\":\"ListItem\",\"position\":1,\"name\":\"Home\",\"item\":\"https:\\\/\\\/isve.com\\\/es\\\/\"},{\"@type\":\"ListItem\",\"position\":2,\"name\":\"Tratamiento de la Madera\",\"item\":\"https:\\\/\\\/isve.com\\\/es\\\/equipos-tratamiento-madera\\\/\"},{\"@type\":\"ListItem\",\"position\":3,\"name\":\"Impregnadores al vac\u00edo presi\u00f3n Serie IMP VP: introducci\u00f3n\"}]},{\"@type\":\"WebSite\",\"@id\":\"https:\\\/\\\/isve.com\\\/es\\\/#website\",\"url\":\"https:\\\/\\\/isve.com\\\/es\\\/\",\"name\":\"ISVE S.p.A.\",\"description\":\"Sistemi per trattamento del legno e triturazione macinazione granulazione\",\"publisher\":{\"@id\":\"https:\\\/\\\/isve.com\\\/es\\\/#organization\"},\"potentialAction\":[{\"@type\":\"SearchAction\",\"target\":{\"@type\":\"EntryPoint\",\"urlTemplate\":\"https:\\\/\\\/isve.com\\\/es\\\/?s={search_term_string}\"},\"query-input\":{\"@type\":\"PropertyValueSpecification\",\"valueRequired\":true,\"valueName\":\"search_term_string\"}}],\"inLanguage\":\"es\"},{\"@type\":\"Organization\",\"@id\":\"https:\\\/\\\/isve.com\\\/es\\\/#organization\",\"name\":\"ISVE S.p.A.\",\"url\":\"https:\\\/\\\/isve.com\\\/es\\\/\",\"logo\":{\"@type\":\"ImageObject\",\"inLanguage\":\"es\",\"@id\":\"https:\\\/\\\/isve.com\\\/es\\\/#\\\/schema\\\/logo\\\/image\\\/\",\"url\":\"https:\\\/\\\/isve.com\\\/wp-content\\\/uploads\\\/2026\\\/01\\\/logo-isve-spa.png\",\"contentUrl\":\"https:\\\/\\\/isve.com\\\/wp-content\\\/uploads\\\/2026\\\/01\\\/logo-isve-spa.png\",\"width\":600,\"height\":173,\"caption\":\"ISVE S.p.A.\"},\"image\":{\"@id\":\"https:\\\/\\\/isve.com\\\/es\\\/#\\\/schema\\\/logo\\\/image\\\/\"},\"sameAs\":[\"https:\\\/\\\/www.linkedin.com\\\/company\\\/69445471\",\"https:\\\/\\\/www.youtube.com\\\/@isves.p.a.8894\"]}]}<\/script>\n<!-- \/ Yoast SEO plugin. -->","yoast_head_json":{"title":"Impregnadores al vac\u00edo presi\u00f3n Serie IMP VP: introducci\u00f3n - ISVE SpA - Trattamento legno - Riciclaggio - Macinatori Trituratori","robots":{"index":"index","follow":"follow","max-snippet":"max-snippet:-1","max-image-preview":"max-image-preview:large","max-video-preview":"max-video-preview:-1"},"canonical":"https:\/\/isve.com\/es\/equipos-tratamiento-madera\/impregnadoras-madera-imp-vp-introduccion\/","og_locale":"es_ES","og_type":"article","og_title":"Impregnadores al vac\u00edo presi\u00f3n Serie IMP VP: introducci\u00f3n - ISVE SpA - Trattamento legno - Riciclaggio - Macinatori Trituratori","og_description":"Tratamiento de impregnaci\u00f3n de la madera en autoclave con el s\u00edstema de vac\u00edo a presi\u00f3n. La gente ama y aprecia vivir y trabajar en ambientes decorados y revestidos con madera, aprecia su calor y la expresi\u00f3n \u00fanica de belleza natural que no se puede comparar a ning\u00fan otro material de origen mineral o sint\u00e9tico. Estas&hellip;","og_url":"https:\/\/isve.com\/es\/equipos-tratamiento-madera\/impregnadoras-madera-imp-vp-introduccion\/","og_site_name":"ISVE SpA - Trattamento legno - Riciclaggio - Macinatori Trituratori","article_modified_time":"2026-02-03T15:45:39+00:00","og_image":[{"width":1400,"height":972,"url":"https:\/\/isve.com\/wp-content\/uploads\/impr\/gn\/impregnatori_serie_imp-vp.jpg","type":"image\/jpeg"}],"twitter_card":"summary_large_image","twitter_misc":{"Tiempo de lectura":"4 minutos"},"schema":{"@context":"https:\/\/schema.org","@graph":[{"@type":"WebPage","@id":"https:\/\/isve.com\/es\/equipos-tratamiento-madera\/impregnadoras-madera-imp-vp-introduccion\/","url":"https:\/\/isve.com\/es\/equipos-tratamiento-madera\/impregnadoras-madera-imp-vp-introduccion\/","name":"Impregnadores al vac\u00edo presi\u00f3n Serie IMP VP: introducci\u00f3n - ISVE SpA - Trattamento legno - Riciclaggio - Macinatori Trituratori","isPartOf":{"@id":"https:\/\/isve.com\/es\/#website"},"primaryImageOfPage":{"@id":"https:\/\/isve.com\/es\/equipos-tratamiento-madera\/impregnadoras-madera-imp-vp-introduccion\/#primaryimage"},"image":{"@id":"https:\/\/isve.com\/es\/equipos-tratamiento-madera\/impregnadoras-madera-imp-vp-introduccion\/#primaryimage"},"thumbnailUrl":"https:\/\/isve.com\/wp-content\/uploads\/impr\/gn\/impregnatori_serie_imp-vp.jpg","datePublished":"2019-12-15T14:42:17+00:00","dateModified":"2026-02-03T15:45:39+00:00","breadcrumb":{"@id":"https:\/\/isve.com\/es\/equipos-tratamiento-madera\/impregnadoras-madera-imp-vp-introduccion\/#breadcrumb"},"inLanguage":"es","potentialAction":[{"@type":"ReadAction","target":["https:\/\/isve.com\/es\/equipos-tratamiento-madera\/impregnadoras-madera-imp-vp-introduccion\/"]}]},{"@type":"ImageObject","inLanguage":"es","@id":"https:\/\/isve.com\/es\/equipos-tratamiento-madera\/impregnadoras-madera-imp-vp-introduccion\/#primaryimage","url":"https:\/\/isve.com\/wp-content\/uploads\/impr\/gn\/impregnatori_serie_imp-vp.jpg","contentUrl":"https:\/\/isve.com\/wp-content\/uploads\/impr\/gn\/impregnatori_serie_imp-vp.jpg","width":1400,"height":972},{"@type":"BreadcrumbList","@id":"https:\/\/isve.com\/es\/equipos-tratamiento-madera\/impregnadoras-madera-imp-vp-introduccion\/#breadcrumb","itemListElement":[{"@type":"ListItem","position":1,"name":"Home","item":"https:\/\/isve.com\/es\/"},{"@type":"ListItem","position":2,"name":"Tratamiento de la Madera","item":"https:\/\/isve.com\/es\/equipos-tratamiento-madera\/"},{"@type":"ListItem","position":3,"name":"Impregnadores al vac\u00edo presi\u00f3n Serie IMP VP: introducci\u00f3n"}]},{"@type":"WebSite","@id":"https:\/\/isve.com\/es\/#website","url":"https:\/\/isve.com\/es\/","name":"ISVE S.p.A.","description":"Sistemi per trattamento del legno e triturazione macinazione granulazione","publisher":{"@id":"https:\/\/isve.com\/es\/#organization"},"potentialAction":[{"@type":"SearchAction","target":{"@type":"EntryPoint","urlTemplate":"https:\/\/isve.com\/es\/?s={search_term_string}"},"query-input":{"@type":"PropertyValueSpecification","valueRequired":true,"valueName":"search_term_string"}}],"inLanguage":"es"},{"@type":"Organization","@id":"https:\/\/isve.com\/es\/#organization","name":"ISVE S.p.A.","url":"https:\/\/isve.com\/es\/","logo":{"@type":"ImageObject","inLanguage":"es","@id":"https:\/\/isve.com\/es\/#\/schema\/logo\/image\/","url":"https:\/\/isve.com\/wp-content\/uploads\/2026\/01\/logo-isve-spa.png","contentUrl":"https:\/\/isve.com\/wp-content\/uploads\/2026\/01\/logo-isve-spa.png","width":600,"height":173,"caption":"ISVE S.p.A."},"image":{"@id":"https:\/\/isve.com\/es\/#\/schema\/logo\/image\/"},"sameAs":["https:\/\/www.linkedin.com\/company\/69445471","https:\/\/www.youtube.com\/@isves.p.a.8894"]}]}},"_links":{"self":[{"href":"https:\/\/isve.com\/es\/wp-json\/wp\/v2\/pages\/14740","targetHints":{"allow":["GET"]}}],"collection":[{"href":"https:\/\/isve.com\/es\/wp-json\/wp\/v2\/pages"}],"about":[{"href":"https:\/\/isve.com\/es\/wp-json\/wp\/v2\/types\/page"}],"author":[{"embeddable":true,"href":"https:\/\/isve.com\/es\/wp-json\/wp\/v2\/users\/1"}],"replies":[{"embeddable":true,"href":"https:\/\/isve.com\/es\/wp-json\/wp\/v2\/comments?post=14740"}],"version-history":[{"count":1,"href":"https:\/\/isve.com\/es\/wp-json\/wp\/v2\/pages\/14740\/revisions"}],"predecessor-version":[{"id":27814,"href":"https:\/\/isve.com\/es\/wp-json\/wp\/v2\/pages\/14740\/revisions\/27814"}],"up":[{"embeddable":true,"href":"https:\/\/isve.com\/es\/wp-json\/wp\/v2\/pages\/15968"}],"wp:featuredmedia":[{"embeddable":true,"href":"https:\/\/isve.com\/es\/wp-json\/wp\/v2\/media\/14498"}],"wp:attachment":[{"href":"https:\/\/isve.com\/es\/wp-json\/wp\/v2\/media?parent=14740"}],"wp:term":[{"taxonomy":"post_tag","embeddable":true,"href":"https:\/\/isve.com\/es\/wp-json\/wp\/v2\/tags?post=14740"},{"taxonomy":"impaginazione","embeddable":true,"href":"https:\/\/isve.com\/es\/wp-json\/wp\/v2\/impaginazione?post=14740"},{"taxonomy":"divisione","embeddable":true,"href":"https:\/\/isve.com\/es\/wp-json\/wp\/v2\/divisione?post=14740"},{"taxonomy":"categorie_modelli","embeddable":true,"href":"https:\/\/isve.com\/es\/wp-json\/wp\/v2\/categorie_modelli?post=14740"}],"curies":[{"name":"wp","href":"https:\/\/api.w.org\/{rel}","templated":true}]}}