{"id":14734,"date":"2019-12-18T16:09:36","date_gmt":"2019-12-18T15:09:36","guid":{"rendered":"https:\/\/isve.com\/enemigos-de-la-madera\/"},"modified":"2025-04-15T12:27:33","modified_gmt":"2025-04-15T10:27:33","slug":"enemigos-de-la-madera","status":"publish","type":"page","link":"https:\/\/isve.com\/es\/equipos-tratamiento-madera\/enemigos-de-la-madera\/","title":{"rendered":"Enemigos de la madera"},"content":{"rendered":"<h2><strong>Los agentes destructores de la madera:<br \/>\nhongos, insectos xylofagos saprofitos, invertebrados marinosi<\/strong><\/h2>\n<p>Los agentes destructores que producen mayores da\u00f1os a la madera son los <strong>hongos<\/strong>, los <strong>insectos xil\u00f3fagos saprofitos<\/strong> y los <strong>invertebrados marinos<\/strong>.<\/p>\n<p>La tecnolog\u00eda aplicada a las autoclaves construidas por ISVE se fija el objetivo de obstaculizar la acci\u00f3n de estos organismos.<\/p>\n<hr \/>\n<h2><strong>Los hongos<br \/>\n<\/strong><\/h2>\n<p>Los hongos son organismos vegetales inferiores sin clorofila, que se nutren de materiales org\u00e1nicos ya elaborados.<br \/>\nEstos materiales pueden ser residuos de organismos que en un tiempo estuvieron vivos (y entonces los Hongos son llamados Saprofitos) o parte integrante de organismos en actividad vital (en cuyo caso los Hongos son Par\u00e1sitos).<br \/>\nLa importancia de los hongos en el campo de la <strong>madera<\/strong> es especialmente notable por los fen\u00f3menos de <strong>destrucci\u00f3n<\/strong> y de desorganizaci\u00f3n del cuerpo le\u00f1oso que provocan.<\/p>\n<p>&nbsp;<\/p>\n<h3><strong><em>Hongos de caries de la madera<\/em><\/strong><\/h3>\n<p>Para el desarrollo de estos hongos es necesario que la madera tenga una <strong>humedad superior al 20%<\/strong>.<\/p>\n<ul>\n<li><strong>Hongos Basidiomicetos de carie<\/strong>: son hongos que cuando atacan la celulosa provocan una disminuci\u00f3n de las dimensiones de la madera, acompa\u00f1ada de una fisuraci\u00f3n en prismas o cubitos sin consistencia tanto que se pueden aplastar con los dedos. El \u00e1rea de desarrollo del hongo asume un color obscuro, del cual deriva el nombre de caries obscura o destructiva.<br \/>\nSi el ataque de los basidiomicetos no se limita a la celulosa sino que involucra adem\u00e1s la lignina asume un color m\u00e1s claro que el del material sano y se reduce de hecho a una masa fibrosa blanquecina (caries blanca o caries corrosiva).<\/li>\n<li><strong>Hongos Deuteromicetos de caries blanda<\/strong>: hongos que provocan un tipo de caries caracterizada por el ablandamiento superficial de la madera, por lo que pueden provocar caries profundas. Estos hongos exigen una humedad de la madera m\u00e1s elevada respecto a la necesaria a los basidiomicetos. Son de especial importancia para la madera que se encuentre en contacto con la tierra o en el agua.<\/li>\n<\/ul>\n<p>&nbsp;<\/p>\n<p><img fetchpriority=\"high\" decoding=\"async\" class=\"wp-image-5075 aligncenter\" src=\"https:\/\/isve.com\/wp-content\/uploads\/funghi-nemici-del-legno.jpg\" alt=\"\" width=\"349\" height=\"313\" \/><\/p>\n<p style=\"text-align: center;\"><em>Desarrollo del hongo de la pudredumbre<br \/>\n(manchas obscuras) llamada &#8220;caries blanda&#8221;<br \/>\nque poco a poco destruir\u00e1 la estructura de la madera<br \/>\nhaci\u00e9ndola similar a una esponja friable.<\/em><\/p>\n<p>&nbsp;<\/p>\n<h3><strong><em>Hongos de coloraci\u00f3n<br \/>\n<\/em><\/strong><\/h3>\n<p>Causan el azulado y el moho sobre la madera en cuesti\u00f3n. Estos hongos pueden preocupar solamente desde el punto de vista est\u00e9tico, provocando en algunos casos la degradaci\u00f3n de los revestimientos decorativos.<\/p>\n<ul>\n<li><strong>Hongos azulados<\/strong>: provocan una coloraci\u00f3n permanente que va desde el azul al negro de intensidad y profundidad variable, sobre todo en la albura de ciertas maderas. El ataque de estos hongos no incide sobre las propiedades mec\u00e1nicas de la madera, pero puede aumentar su grado de permeabilidad.<\/li>\n<\/ul>\n<p>&nbsp;<\/p>\n<p><img decoding=\"async\" class=\"wp-image-5079 aligncenter\" src=\"https:\/\/isve.com\/wp-content\/uploads\/funghi-nemici-del-legno-2.jpg\" alt=\"\" width=\"349\" height=\"320\" \/><\/p>\n<p style=\"text-align: center;\"><em>Acci\u00f3n del hongo azul durante el desarrollo consigue<br \/>\nperforar la pel\u00edcula de pintura y salir hacia el exterior<\/em><\/p>\n<p>&nbsp;<\/p>\n<ul>\n<li><strong>Mohos<\/strong>: hongos que se presentan como manchas de diferente color sobre la superficie de la madera h\u00fameda y que se pueden manifestar solamente cuando la humedad sobre la superficie de la madera es mayor del 20%. Esta condici\u00f3n tiene lugar en presencia de una elevada humedad relativa o en el momento de la condensaci\u00f3n del vapor acuoso. El ataque de los mohos no influye significativamente sobre las propiedades mec\u00e1nicas de la madera pero le da un aspecto indeseable e inaceptable. Estos hongos no son espec\u00edficos de la madera y pueden aparecer sobre cualquier material que tenga una elevada humedad.<\/li>\n<\/ul>\n<hr \/>\n<p>&nbsp;<\/p>\n<h2><strong>Insectos xilofagos saprofitos<\/strong><\/h2>\n<h3><strong><em>Cole\u00f3pteros<\/em><\/strong><\/h3>\n<p>Insectos que vuelan y ponen sus huevos en los poros y en las grietas de la madera. Los mayores da\u00f1os son provocados por las larvas que excavan galer\u00edas en el interior del material en obra.\u00a0Existen en toda Europa, pero el riesgo de ataque var\u00eda en notable medida seg\u00fan el \u00e1rea geogr\u00e1fica.\u00a0Los m\u00e1s importantes son Hylotrupes bajulus, Anobium punctatum y Lyctus brunneus. Existen otros muchos insectos de menor importancia que destruyen la madera; entre ellos, por ejemplo, Hesperophanes y Xestobium rufovillosum.<\/p>\n<ul>\n<li><strong>Hylotrupes bajulus<\/strong>\u00a0(Capricornio de las casas): es sin duda uno de los mayores enemigos de la madera en obra, especialmente la de las Con\u00edferas, y los da\u00f1os provocados por las larvas son extremadamente graves. Est\u00e1 presente hasta una altitud de aproximadamente 2.000 m, de menor importancia en el norte, noroeste de Europa. La vitalidad de este insecto depende de la temperatura y de la humedad del aire. El periodo de incubaci\u00f3n de los huevos puede ser de 5-9 d\u00edas con temperatura de 31,5\u00baC y humedad del 90-95% o de 48 d\u00edas con temperatura de 16,6 \u00baC y humedad ambiental del 18% (condici\u00f3n esta \u00faltima bastante desfavorable).<br \/>\nLas larvas excavan galer\u00edas carcomi\u00e9ndolas, principalmente en la albura, provocando graves da\u00f1os estructurales a la madera que puede perder completamente su estructura y su consistencia.<\/li>\n<\/ul>\n<p>&nbsp;<\/p>\n<p><img decoding=\"async\" class=\"size-medium wp-image-5083 aligncenter\" src=\"https:\/\/isve.com\/wp-content\/uploads\/\/insetti-nemici-del-legno-600x219.jpg\" alt=\"\" width=\"600\" height=\"219\" \/><\/p>\n<p>&nbsp;<\/p>\n<ul>\n<li><strong>Anobium punctatum<\/strong>\u00a0(Carcoma de los muebles): est\u00e1 especialmente difundido en las zonas de clima mar\u00edtimo y en los lugares donde prevalezcan condiciones de elevada humedad. El ataque tiene lugar de preferencia sobre la madera cortada y ya en obra indiferentemente sobre la con\u00edfera o la latifolia, involucrando la albura y el duramen. Las larvas son responsables de excavar galer\u00edas con carcoma gruesa mezclada con excrementos. Aunque est\u00e9 muy afectada, la madera no pierde completamente su resistencia y la estructura es siempre reconocible.<\/li>\n<\/ul>\n<p>&nbsp;<\/p>\n<p><img loading=\"lazy\" decoding=\"async\" class=\"size-medium wp-image-5087 aligncenter\" src=\"https:\/\/isve.com\/wp-content\/uploads\/\/insetti-nemici-del-legno-2-600x246.jpg\" alt=\"\" width=\"600\" height=\"246\" \/><\/p>\n<ul>\n<li><strong>Xestobium rufovillosum\u00a0<\/strong>(Reloj de la muerte): ataca de preferencia la madera cortada y ya en obra, pero siempre suficientemente h\u00fameda, de Latifolio diverso (Encina, Olmo, Nogal, Aliso, Chopo) o sobre viejos troncos de Sauce. Los da\u00f1os del Xestobium son an\u00e1logos a los del Anobium. De significativa importancia para las maderas utilizadas en las estructuras en viejas construcciones en la mayor parte de Europa.<\/li>\n<li><strong>Lyctus brunneus\u00a0<\/strong>(Lyctus): ha recibido en el pasado escasa atenci\u00f3n, pero los da\u00f1os que causa sobre la madera en obra para marcos y muebles aparecen actualmente muy graves. La larva, que se desarrolla de manera \u00f3ptima con humedad elevada de la madera, ataca todos los Latifolios de nuestro pa\u00eds de madera blanda y con venas grandes, as\u00ed como la albura de las especies duras, especialmente la de las Encinas. Las \u00fanicas especies que parecen inmunizadas son el Chopo, el Haya y el Abedul, mientras que los Eucaliptos son atacados. Si la infestaci\u00f3n es muy fuerte la masa entera de la madera se transforma en un mont\u00f3n \u00fanico de carcoma comprimida en la cual no se puede ni siquiera reconocer la estructura de los tejidos. El Lyctus brunneus es la especie m\u00e1s difundida en Italia.<\/li>\n<\/ul>\n<p><img loading=\"lazy\" decoding=\"async\" class=\"size-medium wp-image-5091 aligncenter\" src=\"https:\/\/isve.com\/wp-content\/uploads\/\/insetti-nemici-del-legno-3-600x270.jpg\" alt=\"\" width=\"600\" height=\"270\" \/><\/p>\n<p>&nbsp;<\/p>\n<ul>\n<li><strong>Hesperophanes sp.p.<\/strong>: especie difundida en Europa Central y meridional. Las maderas m\u00e1s tocadas son las de Quejigo, Robinia, Haya, Chopo, Nogal y Casta\u00f1o. Las hembras ponen los huevos preferentemente en las fisuras y en la anfractuosidad de la madera en obra como armazones de tejados, muebles, pavimentos de madera y todo g\u00e9nero de marcos. Los da\u00f1os causados por las larvas pueden ser muy graves porque involucran irreparablemente la estructura y la resistencia mec\u00e1nica de la pieza. Es bastante dif\u00edcil diagnosticar su presencia.<\/li>\n<\/ul>\n<h3><strong><em>Is\u00f3pteros(Termitas)<\/em><\/strong><\/h3>\n<p>Insectos sociales subdivididos en diversas familias. Las especies m\u00e1s peligrosas para los edificios son las subterr\u00e1neas, principalmente Reticulitermes lucifugus y el Reticulitermes santonensis.<br \/>\nEn Europa las termitas est\u00e1n presentes solamente en ciertas \u00e1reas geogr\u00e1ficas limitadas; la presencia se ha podido comprobar en Italia en toda la parte peninsular y en las islas. En estas zonas, el uso de productos preservantes de la madera en la lucha contra las termitas est\u00e1 incluido desde la adopci\u00f3n de otras medidas de protecci\u00f3n tomadas, por ejemplo para pavimentos, para fundaciones y para muros. La extrema peligrosidad del ataque depende del hecho que, ya que su actividad huye absolutamente de la luz, no se percibe nada con una inspecci\u00f3n superficial ya que la superficie externa de las piezas de madera es siempre cuidadosamente respetada de esta manera la alarma (siempre tard\u00eda) se da con la ca\u00edda de alguna viga o con el hundimiento de alg\u00fan marco cuando la infestaci\u00f3n ya est\u00e1 instalada.<\/p>\n<hr \/>\n<p>&nbsp;<\/p>\n<h2><strong>Los invertebrados marinos<\/strong><\/h2>\n<h3><em>Organismos marinos<\/em><\/h3>\n<p>Termino aplicado esencialmente a invertebrados marinos tales que Limnoria sp.p. y Teredo sp.p., que exigen un cierto grado de salinidad del agua y que excavan en la madera galerias o cavidades extendidas.\u00a0Estos organismos pueden da\u00f1ar gravemente tanto las estructuras fijas como las flotantes.<\/p>\n<p>&nbsp;<\/p>\n<hr \/>\n<h3>Bibliograf\u00eda<\/h3>\n<ul>\n<li><strong>G. GIORDANO\u00a0<\/strong>\u2013\u00a0<strong>TECNOLOGIA DEL LEGNO<\/strong>\u00a0\u2013 UTET<\/li>\n<li><strong>CEN<\/strong>\u00a0(Comitato Europeo di Normalizzazione) &#8211;\u00a0NORMA EUROPEA EN 335<\/li>\n<\/ul>\n<p>Los datos, caracter\u00edsticas e ilustraciones son puramente indicativos.<br \/>\nI.S.V.E. Srl se reserva el derecho de hacer los cambios que considere m\u00e1s apropiados.<\/p>\n","protected":false},"excerpt":{"rendered":"<p>Los agentes destructores de la madera: hongos, insectos xylofagos saprofitos, invertebrados marinosi Los agentes destructores que producen mayores da\u00f1os a la madera son los hongos, los insectos xil\u00f3fagos saprofitos y los invertebrados marinos. La tecnolog\u00eda aplicada a las autoclaves construidas por ISVE se fija el objetivo de obstaculizar la acci\u00f3n de estos organismos. Los hongos&hellip;<\/p>\n","protected":false},"author":1,"featured_media":14607,"parent":15968,"menu_order":207,"comment_status":"closed","ping_status":"closed","template":"","meta":{"_acf_changed":false,"footnotes":""},"tags":[],"impaginazione":[],"divisione":[3690],"categorie_modelli":[],"class_list":["post-14734","page","type-page","status-publish","has-post-thumbnail","hentry","divisione-isve-wood","description-off"],"acf":[],"yoast_head":"<!-- This site is optimized with the Yoast SEO plugin v27.4 - https:\/\/yoast.com\/product\/yoast-seo-wordpress\/ -->\n<title>Enemigos de la madera - ISVE SpA - Trattamento legno - Riciclaggio - Macinatori Trituratori<\/title>\n<meta name=\"robots\" content=\"index, follow, max-snippet:-1, max-image-preview:large, max-video-preview:-1\" \/>\n<link rel=\"canonical\" href=\"https:\/\/isve.com\/es\/equipos-tratamiento-madera\/enemigos-de-la-madera\/\" \/>\n<meta property=\"og:locale\" content=\"es_ES\" \/>\n<meta property=\"og:type\" content=\"article\" \/>\n<meta property=\"og:title\" content=\"Enemigos de la madera - ISVE SpA - Trattamento legno - Riciclaggio - Macinatori Trituratori\" \/>\n<meta property=\"og:description\" content=\"Los agentes destructores de la madera: hongos, insectos xylofagos saprofitos, invertebrados marinosi Los agentes destructores que producen mayores da\u00f1os a la madera son los hongos, los insectos xil\u00f3fagos saprofitos y los invertebrados marinos. La tecnolog\u00eda aplicada a las autoclaves construidas por ISVE se fija el objetivo de obstaculizar la acci\u00f3n de estos organismos. Los hongos&hellip;\" \/>\n<meta property=\"og:url\" content=\"https:\/\/isve.com\/es\/equipos-tratamiento-madera\/enemigos-de-la-madera\/\" \/>\n<meta property=\"og:site_name\" content=\"ISVE SpA - Trattamento legno - Riciclaggio - Macinatori Trituratori\" \/>\n<meta property=\"article:modified_time\" content=\"2025-04-15T10:27:33+00:00\" \/>\n<meta property=\"og:image\" content=\"https:\/\/isve.com\/wp-content\/uploads\/impr\/gn\/impregnatori_serie-imp-pg_larga.jpg\" \/>\n\t<meta property=\"og:image:width\" content=\"1400\" \/>\n\t<meta property=\"og:image:height\" content=\"494\" \/>\n\t<meta property=\"og:image:type\" content=\"image\/jpeg\" \/>\n<meta name=\"twitter:card\" content=\"summary_large_image\" \/>\n<meta name=\"twitter:label1\" content=\"Tiempo de lectura\" \/>\n\t<meta name=\"twitter:data1\" content=\"7 minutos\" \/>\n<script type=\"application\/ld+json\" class=\"yoast-schema-graph\">{\"@context\":\"https:\\\/\\\/schema.org\",\"@graph\":[{\"@type\":\"WebPage\",\"@id\":\"https:\\\/\\\/isve.com\\\/es\\\/equipos-tratamiento-madera\\\/enemigos-de-la-madera\\\/\",\"url\":\"https:\\\/\\\/isve.com\\\/es\\\/equipos-tratamiento-madera\\\/enemigos-de-la-madera\\\/\",\"name\":\"Enemigos de la madera - ISVE SpA - Trattamento legno - Riciclaggio - Macinatori Trituratori\",\"isPartOf\":{\"@id\":\"https:\\\/\\\/isve.com\\\/es\\\/#website\"},\"primaryImageOfPage\":{\"@id\":\"https:\\\/\\\/isve.com\\\/es\\\/equipos-tratamiento-madera\\\/enemigos-de-la-madera\\\/#primaryimage\"},\"image\":{\"@id\":\"https:\\\/\\\/isve.com\\\/es\\\/equipos-tratamiento-madera\\\/enemigos-de-la-madera\\\/#primaryimage\"},\"thumbnailUrl\":\"https:\\\/\\\/isve.com\\\/wp-content\\\/uploads\\\/impr\\\/gn\\\/impregnatori_serie-imp-pg_larga.jpg\",\"datePublished\":\"2019-12-18T15:09:36+00:00\",\"dateModified\":\"2025-04-15T10:27:33+00:00\",\"breadcrumb\":{\"@id\":\"https:\\\/\\\/isve.com\\\/es\\\/equipos-tratamiento-madera\\\/enemigos-de-la-madera\\\/#breadcrumb\"},\"inLanguage\":\"es\",\"potentialAction\":[{\"@type\":\"ReadAction\",\"target\":[\"https:\\\/\\\/isve.com\\\/es\\\/equipos-tratamiento-madera\\\/enemigos-de-la-madera\\\/\"]}]},{\"@type\":\"ImageObject\",\"inLanguage\":\"es\",\"@id\":\"https:\\\/\\\/isve.com\\\/es\\\/equipos-tratamiento-madera\\\/enemigos-de-la-madera\\\/#primaryimage\",\"url\":\"https:\\\/\\\/isve.com\\\/wp-content\\\/uploads\\\/impr\\\/gn\\\/impregnatori_serie-imp-pg_larga.jpg\",\"contentUrl\":\"https:\\\/\\\/isve.com\\\/wp-content\\\/uploads\\\/impr\\\/gn\\\/impregnatori_serie-imp-pg_larga.jpg\",\"width\":1400,\"height\":494},{\"@type\":\"BreadcrumbList\",\"@id\":\"https:\\\/\\\/isve.com\\\/es\\\/equipos-tratamiento-madera\\\/enemigos-de-la-madera\\\/#breadcrumb\",\"itemListElement\":[{\"@type\":\"ListItem\",\"position\":1,\"name\":\"Home\",\"item\":\"https:\\\/\\\/isve.com\\\/es\\\/\"},{\"@type\":\"ListItem\",\"position\":2,\"name\":\"Tratamiento de la Madera\",\"item\":\"https:\\\/\\\/isve.com\\\/es\\\/equipos-tratamiento-madera\\\/\"},{\"@type\":\"ListItem\",\"position\":3,\"name\":\"Enemigos de la madera\"}]},{\"@type\":\"WebSite\",\"@id\":\"https:\\\/\\\/isve.com\\\/es\\\/#website\",\"url\":\"https:\\\/\\\/isve.com\\\/es\\\/\",\"name\":\"ISVE S.p.A.\",\"description\":\"Sistemi per trattamento del legno e triturazione macinazione granulazione\",\"publisher\":{\"@id\":\"https:\\\/\\\/isve.com\\\/es\\\/#organization\"},\"potentialAction\":[{\"@type\":\"SearchAction\",\"target\":{\"@type\":\"EntryPoint\",\"urlTemplate\":\"https:\\\/\\\/isve.com\\\/es\\\/?s={search_term_string}\"},\"query-input\":{\"@type\":\"PropertyValueSpecification\",\"valueRequired\":true,\"valueName\":\"search_term_string\"}}],\"inLanguage\":\"es\"},{\"@type\":\"Organization\",\"@id\":\"https:\\\/\\\/isve.com\\\/es\\\/#organization\",\"name\":\"ISVE S.p.A.\",\"url\":\"https:\\\/\\\/isve.com\\\/es\\\/\",\"logo\":{\"@type\":\"ImageObject\",\"inLanguage\":\"es\",\"@id\":\"https:\\\/\\\/isve.com\\\/es\\\/#\\\/schema\\\/logo\\\/image\\\/\",\"url\":\"https:\\\/\\\/isve.com\\\/wp-content\\\/uploads\\\/2026\\\/01\\\/logo-isve-spa.png\",\"contentUrl\":\"https:\\\/\\\/isve.com\\\/wp-content\\\/uploads\\\/2026\\\/01\\\/logo-isve-spa.png\",\"width\":600,\"height\":173,\"caption\":\"ISVE S.p.A.\"},\"image\":{\"@id\":\"https:\\\/\\\/isve.com\\\/es\\\/#\\\/schema\\\/logo\\\/image\\\/\"},\"sameAs\":[\"https:\\\/\\\/www.linkedin.com\\\/company\\\/69445471\",\"https:\\\/\\\/www.youtube.com\\\/@isves.p.a.8894\"]}]}<\/script>\n<!-- \/ Yoast SEO plugin. -->","yoast_head_json":{"title":"Enemigos de la madera - ISVE SpA - Trattamento legno - Riciclaggio - Macinatori Trituratori","robots":{"index":"index","follow":"follow","max-snippet":"max-snippet:-1","max-image-preview":"max-image-preview:large","max-video-preview":"max-video-preview:-1"},"canonical":"https:\/\/isve.com\/es\/equipos-tratamiento-madera\/enemigos-de-la-madera\/","og_locale":"es_ES","og_type":"article","og_title":"Enemigos de la madera - ISVE SpA - Trattamento legno - Riciclaggio - Macinatori Trituratori","og_description":"Los agentes destructores de la madera: hongos, insectos xylofagos saprofitos, invertebrados marinosi Los agentes destructores que producen mayores da\u00f1os a la madera son los hongos, los insectos xil\u00f3fagos saprofitos y los invertebrados marinos. La tecnolog\u00eda aplicada a las autoclaves construidas por ISVE se fija el objetivo de obstaculizar la acci\u00f3n de estos organismos. Los hongos&hellip;","og_url":"https:\/\/isve.com\/es\/equipos-tratamiento-madera\/enemigos-de-la-madera\/","og_site_name":"ISVE SpA - Trattamento legno - Riciclaggio - Macinatori Trituratori","article_modified_time":"2025-04-15T10:27:33+00:00","og_image":[{"width":1400,"height":494,"url":"https:\/\/isve.com\/wp-content\/uploads\/impr\/gn\/impregnatori_serie-imp-pg_larga.jpg","type":"image\/jpeg"}],"twitter_card":"summary_large_image","twitter_misc":{"Tiempo de lectura":"7 minutos"},"schema":{"@context":"https:\/\/schema.org","@graph":[{"@type":"WebPage","@id":"https:\/\/isve.com\/es\/equipos-tratamiento-madera\/enemigos-de-la-madera\/","url":"https:\/\/isve.com\/es\/equipos-tratamiento-madera\/enemigos-de-la-madera\/","name":"Enemigos de la madera - ISVE SpA - Trattamento legno - Riciclaggio - Macinatori Trituratori","isPartOf":{"@id":"https:\/\/isve.com\/es\/#website"},"primaryImageOfPage":{"@id":"https:\/\/isve.com\/es\/equipos-tratamiento-madera\/enemigos-de-la-madera\/#primaryimage"},"image":{"@id":"https:\/\/isve.com\/es\/equipos-tratamiento-madera\/enemigos-de-la-madera\/#primaryimage"},"thumbnailUrl":"https:\/\/isve.com\/wp-content\/uploads\/impr\/gn\/impregnatori_serie-imp-pg_larga.jpg","datePublished":"2019-12-18T15:09:36+00:00","dateModified":"2025-04-15T10:27:33+00:00","breadcrumb":{"@id":"https:\/\/isve.com\/es\/equipos-tratamiento-madera\/enemigos-de-la-madera\/#breadcrumb"},"inLanguage":"es","potentialAction":[{"@type":"ReadAction","target":["https:\/\/isve.com\/es\/equipos-tratamiento-madera\/enemigos-de-la-madera\/"]}]},{"@type":"ImageObject","inLanguage":"es","@id":"https:\/\/isve.com\/es\/equipos-tratamiento-madera\/enemigos-de-la-madera\/#primaryimage","url":"https:\/\/isve.com\/wp-content\/uploads\/impr\/gn\/impregnatori_serie-imp-pg_larga.jpg","contentUrl":"https:\/\/isve.com\/wp-content\/uploads\/impr\/gn\/impregnatori_serie-imp-pg_larga.jpg","width":1400,"height":494},{"@type":"BreadcrumbList","@id":"https:\/\/isve.com\/es\/equipos-tratamiento-madera\/enemigos-de-la-madera\/#breadcrumb","itemListElement":[{"@type":"ListItem","position":1,"name":"Home","item":"https:\/\/isve.com\/es\/"},{"@type":"ListItem","position":2,"name":"Tratamiento de la Madera","item":"https:\/\/isve.com\/es\/equipos-tratamiento-madera\/"},{"@type":"ListItem","position":3,"name":"Enemigos de la madera"}]},{"@type":"WebSite","@id":"https:\/\/isve.com\/es\/#website","url":"https:\/\/isve.com\/es\/","name":"ISVE S.p.A.","description":"Sistemi per trattamento del legno e triturazione macinazione granulazione","publisher":{"@id":"https:\/\/isve.com\/es\/#organization"},"potentialAction":[{"@type":"SearchAction","target":{"@type":"EntryPoint","urlTemplate":"https:\/\/isve.com\/es\/?s={search_term_string}"},"query-input":{"@type":"PropertyValueSpecification","valueRequired":true,"valueName":"search_term_string"}}],"inLanguage":"es"},{"@type":"Organization","@id":"https:\/\/isve.com\/es\/#organization","name":"ISVE S.p.A.","url":"https:\/\/isve.com\/es\/","logo":{"@type":"ImageObject","inLanguage":"es","@id":"https:\/\/isve.com\/es\/#\/schema\/logo\/image\/","url":"https:\/\/isve.com\/wp-content\/uploads\/2026\/01\/logo-isve-spa.png","contentUrl":"https:\/\/isve.com\/wp-content\/uploads\/2026\/01\/logo-isve-spa.png","width":600,"height":173,"caption":"ISVE S.p.A."},"image":{"@id":"https:\/\/isve.com\/es\/#\/schema\/logo\/image\/"},"sameAs":["https:\/\/www.linkedin.com\/company\/69445471","https:\/\/www.youtube.com\/@isves.p.a.8894"]}]}},"_links":{"self":[{"href":"https:\/\/isve.com\/es\/wp-json\/wp\/v2\/pages\/14734","targetHints":{"allow":["GET"]}}],"collection":[{"href":"https:\/\/isve.com\/es\/wp-json\/wp\/v2\/pages"}],"about":[{"href":"https:\/\/isve.com\/es\/wp-json\/wp\/v2\/types\/page"}],"author":[{"embeddable":true,"href":"https:\/\/isve.com\/es\/wp-json\/wp\/v2\/users\/1"}],"replies":[{"embeddable":true,"href":"https:\/\/isve.com\/es\/wp-json\/wp\/v2\/comments?post=14734"}],"version-history":[{"count":0,"href":"https:\/\/isve.com\/es\/wp-json\/wp\/v2\/pages\/14734\/revisions"}],"up":[{"embeddable":true,"href":"https:\/\/isve.com\/es\/wp-json\/wp\/v2\/pages\/15968"}],"wp:featuredmedia":[{"embeddable":true,"href":"https:\/\/isve.com\/es\/wp-json\/wp\/v2\/media\/14607"}],"wp:attachment":[{"href":"https:\/\/isve.com\/es\/wp-json\/wp\/v2\/media?parent=14734"}],"wp:term":[{"taxonomy":"post_tag","embeddable":true,"href":"https:\/\/isve.com\/es\/wp-json\/wp\/v2\/tags?post=14734"},{"taxonomy":"impaginazione","embeddable":true,"href":"https:\/\/isve.com\/es\/wp-json\/wp\/v2\/impaginazione?post=14734"},{"taxonomy":"divisione","embeddable":true,"href":"https:\/\/isve.com\/es\/wp-json\/wp\/v2\/divisione?post=14734"},{"taxonomy":"categorie_modelli","embeddable":true,"href":"https:\/\/isve.com\/es\/wp-json\/wp\/v2\/categorie_modelli?post=14734"}],"curies":[{"name":"wp","href":"https:\/\/api.w.org\/{rel}","templated":true}]}}