{"id":14731,"date":"2019-12-18T15:55:35","date_gmt":"2019-12-18T14:55:35","guid":{"rendered":"https:\/\/isve.com\/las-clases-de-riesgo-de-la-madera\/"},"modified":"2025-04-15T12:27:46","modified_gmt":"2025-04-15T10:27:46","slug":"las-clases-de-riesgo-de-la-madera","status":"publish","type":"page","link":"https:\/\/isve.com\/es\/equipos-tratamiento-madera\/las-clases-de-riesgo-de-la-madera\/","title":{"rendered":"Las clases de riesgo de la madera"},"content":{"rendered":"<h2><strong>Correlaci\u00f3n entre el ambiente en el cual se encuentra la madera en obra y los ataques de los agentes biol\u00f3gicos destructores.<\/strong><\/h2>\n<p>Los agentes que provocan la degradaci\u00f3n de la madera son m\u00faltiples.<br \/>\nSin embargo, tanto para los hongos como para los insectos, el <strong>factor que limita el desarrollo<\/strong> es muy a menudo la <strong>humedad<\/strong>.<\/p>\n<p>Existe pues una correlaci\u00f3n muy importante entre el ambiente en el cual se encuentra la madera en obra y los ataques de los agentes biol\u00f3gicos destructores.<\/p>\n<p>A t\u00edtulo de ejemplo, es f\u00e1cil intuir que la madera resguardada en un <strong>ambiente cerrado y seco<\/strong> sea <strong>m\u00e1s duradera<\/strong> que la misma en contacto con la tierra h\u00fameda.<\/p>\n<p>El <strong>CEN<\/strong> (Comit\u00e9 Europeo de Normalizaci\u00f3n) a trav\u00e9s de la Norma Europea EN 335 partes 1, 2, y 3 ha localizado <strong>5 clases de riesgo<\/strong> que se distinguen sobre la base de la <strong>humedad<\/strong> a la que est\u00e1 sometida la madera en las diversas condiciones de utilizaci\u00f3n.<\/p>\n<blockquote><p>Mientras<strong> mayor es el riesgo<\/strong>, tanto mayor es la <strong>necesidad<\/strong> de <strong>aumentar<\/strong> la resistencia natural de la madera con <strong>tratamientos de impregnaci\u00f3n<\/strong>.<\/p><\/blockquote>\n<hr>\n<h3><strong>Definici\u00f3n de las CLASES DE RIESGO:<\/strong><\/h3>\n<hr>\n<p><strong>Clase de riesgo 1<\/strong>: situaci\u00f3n en la que la madera o el producto a base de madera est\u00e1 resguardado, completamente protegido de los agentes atmosf\u00e9ricos y no expuesto a la humedad.<\/p>\n<p><strong>Clase de riesgo 2<\/strong>: situaci\u00f3n en la que la madera o el producto de madera est\u00e1 resguardado y completamente protegido de los agentes atmosf\u00e9ricos, pero en los que una elevada humedad ambiente puede determinar humidificaciones ocasionales pero no persistentes.<\/p>\n<p><strong>Clase de riesgo 3<\/strong>: situaci\u00f3n en la que la madera o el producto de madera no est\u00e1 resguardado y no se encuentra en contacto con la tierra. Este se encuentra continuamente expuesto a los agentes atmosf\u00e9ricos o, a\u00fan estando protegido de los mismos, est\u00e1 sujeto a una humidificaci\u00f3n frecuente.<\/p>\n<p><strong>Clase de riesgo 4<\/strong>: situaci\u00f3n en la que la madera o el producto de madera se encuentra en contacto con la tierra a con agua dulce y est\u00e1, por ello, permanentemente expuesto a la humidificaci\u00f3n<\/p>\n<p><strong>Clase de riesgo 5<\/strong>: situaci\u00f3n en la que la madera o el producto de madera est\u00e1 permanentemente expuesto al agua salada.<\/p>\n<p>&nbsp;<\/p>\n","protected":false},"excerpt":{"rendered":"<p>Correlaci\u00f3n entre el ambiente en el cual se encuentra la madera en obra y los ataques de los agentes biol\u00f3gicos destructores. Los agentes que provocan la degradaci\u00f3n de la madera son m\u00faltiples. Sin embargo, tanto para los hongos como para los insectos, el factor que limita el desarrollo es muy a menudo la humedad. Existe&hellip;<\/p>\n","protected":false},"author":1,"featured_media":14602,"parent":15968,"menu_order":211,"comment_status":"closed","ping_status":"closed","template":"","meta":{"_acf_changed":false,"footnotes":""},"tags":[],"impaginazione":[],"divisione":[3690],"categorie_modelli":[],"class_list":["post-14731","page","type-page","status-publish","has-post-thumbnail","hentry","divisione-isve-wood","description-off"],"acf":[],"yoast_head":"<!-- This site is optimized with the Yoast SEO plugin v27.4 - https:\/\/yoast.com\/product\/yoast-seo-wordpress\/ -->\n<title>Las clases de riesgo de la madera - ISVE SpA - Tratamiento madera - Reciclaje - Molinos Trituradoras<\/title>\n<meta name=\"robots\" content=\"index, follow, max-snippet:-1, max-image-preview:large, max-video-preview:-1\" \/>\n<link rel=\"canonical\" href=\"https:\/\/isve.com\/es\/equipos-tratamiento-madera\/las-clases-de-riesgo-de-la-madera\/\" \/>\n<meta property=\"og:locale\" content=\"es_ES\" \/>\n<meta property=\"og:type\" content=\"article\" \/>\n<meta property=\"og:title\" content=\"Las clases de riesgo de la madera - ISVE SpA - Tratamiento madera - Reciclaje - Molinos Trituradoras\" \/>\n<meta property=\"og:description\" content=\"Correlaci\u00f3n entre el ambiente en el cual se encuentra la madera en obra y los ataques de los agentes biol\u00f3gicos destructores. Los agentes que provocan la degradaci\u00f3n de la madera son m\u00faltiples. Sin embargo, tanto para los hongos como para los insectos, el factor que limita el desarrollo es muy a menudo la humedad. Existe&hellip;\" \/>\n<meta property=\"og:url\" content=\"https:\/\/isve.com\/es\/equipos-tratamiento-madera\/las-clases-de-riesgo-de-la-madera\/\" \/>\n<meta property=\"og:site_name\" content=\"ISVE SpA - Tratamiento madera - Reciclaje - Molinos Trituradoras\" \/>\n<meta property=\"article:modified_time\" content=\"2025-04-15T10:27:46+00:00\" \/>\n<meta property=\"og:image\" content=\"https:\/\/isve.com\/wp-content\/uploads\/pale\/ia\/paleria-03-1.jpg\" \/>\n\t<meta property=\"og:image:width\" content=\"921\" \/>\n\t<meta property=\"og:image:height\" content=\"600\" \/>\n\t<meta property=\"og:image:type\" content=\"image\/jpeg\" \/>\n<meta name=\"twitter:card\" content=\"summary_large_image\" \/>\n<meta name=\"twitter:label1\" content=\"Tiempo de lectura\" \/>\n\t<meta name=\"twitter:data1\" content=\"2 minutos\" \/>\n<script type=\"application\/ld+json\" class=\"yoast-schema-graph\">{\"@context\":\"https:\\\/\\\/schema.org\",\"@graph\":[{\"@type\":\"WebPage\",\"@id\":\"https:\\\/\\\/isve.com\\\/es\\\/equipos-tratamiento-madera\\\/las-clases-de-riesgo-de-la-madera\\\/\",\"url\":\"https:\\\/\\\/isve.com\\\/es\\\/equipos-tratamiento-madera\\\/las-clases-de-riesgo-de-la-madera\\\/\",\"name\":\"Las clases de riesgo de la madera - ISVE SpA - Tratamiento madera - Reciclaje - Molinos Trituradoras\",\"isPartOf\":{\"@id\":\"https:\\\/\\\/isve.com\\\/es\\\/#website\"},\"primaryImageOfPage\":{\"@id\":\"https:\\\/\\\/isve.com\\\/es\\\/equipos-tratamiento-madera\\\/las-clases-de-riesgo-de-la-madera\\\/#primaryimage\"},\"image\":{\"@id\":\"https:\\\/\\\/isve.com\\\/es\\\/equipos-tratamiento-madera\\\/las-clases-de-riesgo-de-la-madera\\\/#primaryimage\"},\"thumbnailUrl\":\"https:\\\/\\\/isve.com\\\/wp-content\\\/uploads\\\/pale\\\/ia\\\/paleria-03-1.jpg\",\"datePublished\":\"2019-12-18T14:55:35+00:00\",\"dateModified\":\"2025-04-15T10:27:46+00:00\",\"breadcrumb\":{\"@id\":\"https:\\\/\\\/isve.com\\\/es\\\/equipos-tratamiento-madera\\\/las-clases-de-riesgo-de-la-madera\\\/#breadcrumb\"},\"inLanguage\":\"es\",\"potentialAction\":[{\"@type\":\"ReadAction\",\"target\":[\"https:\\\/\\\/isve.com\\\/es\\\/equipos-tratamiento-madera\\\/las-clases-de-riesgo-de-la-madera\\\/\"]}]},{\"@type\":\"ImageObject\",\"inLanguage\":\"es\",\"@id\":\"https:\\\/\\\/isve.com\\\/es\\\/equipos-tratamiento-madera\\\/las-clases-de-riesgo-de-la-madera\\\/#primaryimage\",\"url\":\"https:\\\/\\\/isve.com\\\/wp-content\\\/uploads\\\/pale\\\/ia\\\/paleria-03-1.jpg\",\"contentUrl\":\"https:\\\/\\\/isve.com\\\/wp-content\\\/uploads\\\/pale\\\/ia\\\/paleria-03-1.jpg\",\"width\":921,\"height\":600},{\"@type\":\"BreadcrumbList\",\"@id\":\"https:\\\/\\\/isve.com\\\/es\\\/equipos-tratamiento-madera\\\/las-clases-de-riesgo-de-la-madera\\\/#breadcrumb\",\"itemListElement\":[{\"@type\":\"ListItem\",\"position\":1,\"name\":\"Home\",\"item\":\"https:\\\/\\\/isve.com\\\/es\\\/\"},{\"@type\":\"ListItem\",\"position\":2,\"name\":\"Tratamiento de la Madera\",\"item\":\"https:\\\/\\\/isve.com\\\/es\\\/equipos-tratamiento-madera\\\/\"},{\"@type\":\"ListItem\",\"position\":3,\"name\":\"Las clases de riesgo de la madera\"}]},{\"@type\":\"WebSite\",\"@id\":\"https:\\\/\\\/isve.com\\\/es\\\/#website\",\"url\":\"https:\\\/\\\/isve.com\\\/es\\\/\",\"name\":\"ISVE S.p.A.\",\"description\":\"Sistemas para tratamiento de madera y para trituraci\u00f3n moler granulaci\u00f3n\",\"publisher\":{\"@id\":\"https:\\\/\\\/isve.com\\\/es\\\/#organization\"},\"potentialAction\":[{\"@type\":\"SearchAction\",\"target\":{\"@type\":\"EntryPoint\",\"urlTemplate\":\"https:\\\/\\\/isve.com\\\/es\\\/?s={search_term_string}\"},\"query-input\":{\"@type\":\"PropertyValueSpecification\",\"valueRequired\":true,\"valueName\":\"search_term_string\"}}],\"inLanguage\":\"es\"},{\"@type\":\"Organization\",\"@id\":\"https:\\\/\\\/isve.com\\\/es\\\/#organization\",\"name\":\"ISVE S.p.A.\",\"url\":\"https:\\\/\\\/isve.com\\\/es\\\/\",\"logo\":{\"@type\":\"ImageObject\",\"inLanguage\":\"es\",\"@id\":\"https:\\\/\\\/isve.com\\\/es\\\/#\\\/schema\\\/logo\\\/image\\\/\",\"url\":\"https:\\\/\\\/isve.com\\\/wp-content\\\/uploads\\\/2026\\\/01\\\/logo-isve-spa.png\",\"contentUrl\":\"https:\\\/\\\/isve.com\\\/wp-content\\\/uploads\\\/2026\\\/01\\\/logo-isve-spa.png\",\"width\":600,\"height\":173,\"caption\":\"ISVE S.p.A.\"},\"image\":{\"@id\":\"https:\\\/\\\/isve.com\\\/es\\\/#\\\/schema\\\/logo\\\/image\\\/\"},\"sameAs\":[\"https:\\\/\\\/www.linkedin.com\\\/company\\\/69445471\",\"https:\\\/\\\/www.youtube.com\\\/@isves.p.a.8894\"]}]}<\/script>\n<!-- \/ Yoast SEO plugin. -->","yoast_head_json":{"title":"Las clases de riesgo de la madera - ISVE SpA - Tratamiento madera - Reciclaje - Molinos Trituradoras","robots":{"index":"index","follow":"follow","max-snippet":"max-snippet:-1","max-image-preview":"max-image-preview:large","max-video-preview":"max-video-preview:-1"},"canonical":"https:\/\/isve.com\/es\/equipos-tratamiento-madera\/las-clases-de-riesgo-de-la-madera\/","og_locale":"es_ES","og_type":"article","og_title":"Las clases de riesgo de la madera - ISVE SpA - Tratamiento madera - Reciclaje - Molinos Trituradoras","og_description":"Correlaci\u00f3n entre el ambiente en el cual se encuentra la madera en obra y los ataques de los agentes biol\u00f3gicos destructores. Los agentes que provocan la degradaci\u00f3n de la madera son m\u00faltiples. Sin embargo, tanto para los hongos como para los insectos, el factor que limita el desarrollo es muy a menudo la humedad. Existe&hellip;","og_url":"https:\/\/isve.com\/es\/equipos-tratamiento-madera\/las-clases-de-riesgo-de-la-madera\/","og_site_name":"ISVE SpA - Tratamiento madera - Reciclaje - Molinos Trituradoras","article_modified_time":"2025-04-15T10:27:46+00:00","og_image":[{"width":921,"height":600,"url":"https:\/\/isve.com\/wp-content\/uploads\/pale\/ia\/paleria-03-1.jpg","type":"image\/jpeg"}],"twitter_card":"summary_large_image","twitter_misc":{"Tiempo de lectura":"2 minutos"},"schema":{"@context":"https:\/\/schema.org","@graph":[{"@type":"WebPage","@id":"https:\/\/isve.com\/es\/equipos-tratamiento-madera\/las-clases-de-riesgo-de-la-madera\/","url":"https:\/\/isve.com\/es\/equipos-tratamiento-madera\/las-clases-de-riesgo-de-la-madera\/","name":"Las clases de riesgo de la madera - ISVE SpA - Tratamiento madera - Reciclaje - Molinos Trituradoras","isPartOf":{"@id":"https:\/\/isve.com\/es\/#website"},"primaryImageOfPage":{"@id":"https:\/\/isve.com\/es\/equipos-tratamiento-madera\/las-clases-de-riesgo-de-la-madera\/#primaryimage"},"image":{"@id":"https:\/\/isve.com\/es\/equipos-tratamiento-madera\/las-clases-de-riesgo-de-la-madera\/#primaryimage"},"thumbnailUrl":"https:\/\/isve.com\/wp-content\/uploads\/pale\/ia\/paleria-03-1.jpg","datePublished":"2019-12-18T14:55:35+00:00","dateModified":"2025-04-15T10:27:46+00:00","breadcrumb":{"@id":"https:\/\/isve.com\/es\/equipos-tratamiento-madera\/las-clases-de-riesgo-de-la-madera\/#breadcrumb"},"inLanguage":"es","potentialAction":[{"@type":"ReadAction","target":["https:\/\/isve.com\/es\/equipos-tratamiento-madera\/las-clases-de-riesgo-de-la-madera\/"]}]},{"@type":"ImageObject","inLanguage":"es","@id":"https:\/\/isve.com\/es\/equipos-tratamiento-madera\/las-clases-de-riesgo-de-la-madera\/#primaryimage","url":"https:\/\/isve.com\/wp-content\/uploads\/pale\/ia\/paleria-03-1.jpg","contentUrl":"https:\/\/isve.com\/wp-content\/uploads\/pale\/ia\/paleria-03-1.jpg","width":921,"height":600},{"@type":"BreadcrumbList","@id":"https:\/\/isve.com\/es\/equipos-tratamiento-madera\/las-clases-de-riesgo-de-la-madera\/#breadcrumb","itemListElement":[{"@type":"ListItem","position":1,"name":"Home","item":"https:\/\/isve.com\/es\/"},{"@type":"ListItem","position":2,"name":"Tratamiento de la Madera","item":"https:\/\/isve.com\/es\/equipos-tratamiento-madera\/"},{"@type":"ListItem","position":3,"name":"Las clases de riesgo de la madera"}]},{"@type":"WebSite","@id":"https:\/\/isve.com\/es\/#website","url":"https:\/\/isve.com\/es\/","name":"ISVE S.p.A.","description":"Sistemas para tratamiento de madera y para trituraci\u00f3n moler granulaci\u00f3n","publisher":{"@id":"https:\/\/isve.com\/es\/#organization"},"potentialAction":[{"@type":"SearchAction","target":{"@type":"EntryPoint","urlTemplate":"https:\/\/isve.com\/es\/?s={search_term_string}"},"query-input":{"@type":"PropertyValueSpecification","valueRequired":true,"valueName":"search_term_string"}}],"inLanguage":"es"},{"@type":"Organization","@id":"https:\/\/isve.com\/es\/#organization","name":"ISVE S.p.A.","url":"https:\/\/isve.com\/es\/","logo":{"@type":"ImageObject","inLanguage":"es","@id":"https:\/\/isve.com\/es\/#\/schema\/logo\/image\/","url":"https:\/\/isve.com\/wp-content\/uploads\/2026\/01\/logo-isve-spa.png","contentUrl":"https:\/\/isve.com\/wp-content\/uploads\/2026\/01\/logo-isve-spa.png","width":600,"height":173,"caption":"ISVE S.p.A."},"image":{"@id":"https:\/\/isve.com\/es\/#\/schema\/logo\/image\/"},"sameAs":["https:\/\/www.linkedin.com\/company\/69445471","https:\/\/www.youtube.com\/@isves.p.a.8894"]}]}},"_links":{"self":[{"href":"https:\/\/isve.com\/es\/wp-json\/wp\/v2\/pages\/14731","targetHints":{"allow":["GET"]}}],"collection":[{"href":"https:\/\/isve.com\/es\/wp-json\/wp\/v2\/pages"}],"about":[{"href":"https:\/\/isve.com\/es\/wp-json\/wp\/v2\/types\/page"}],"author":[{"embeddable":true,"href":"https:\/\/isve.com\/es\/wp-json\/wp\/v2\/users\/1"}],"replies":[{"embeddable":true,"href":"https:\/\/isve.com\/es\/wp-json\/wp\/v2\/comments?post=14731"}],"version-history":[{"count":0,"href":"https:\/\/isve.com\/es\/wp-json\/wp\/v2\/pages\/14731\/revisions"}],"up":[{"embeddable":true,"href":"https:\/\/isve.com\/es\/wp-json\/wp\/v2\/pages\/15968"}],"wp:featuredmedia":[{"embeddable":true,"href":"https:\/\/isve.com\/es\/wp-json\/wp\/v2\/media\/14602"}],"wp:attachment":[{"href":"https:\/\/isve.com\/es\/wp-json\/wp\/v2\/media?parent=14731"}],"wp:term":[{"taxonomy":"post_tag","embeddable":true,"href":"https:\/\/isve.com\/es\/wp-json\/wp\/v2\/tags?post=14731"},{"taxonomy":"impaginazione","embeddable":true,"href":"https:\/\/isve.com\/es\/wp-json\/wp\/v2\/impaginazione?post=14731"},{"taxonomy":"divisione","embeddable":true,"href":"https:\/\/isve.com\/es\/wp-json\/wp\/v2\/divisione?post=14731"},{"taxonomy":"categorie_modelli","embeddable":true,"href":"https:\/\/isve.com\/es\/wp-json\/wp\/v2\/categorie_modelli?post=14731"}],"curies":[{"name":"wp","href":"https:\/\/api.w.org\/{rel}","templated":true}]}}