{"id":14725,"date":"2019-12-18T19:33:41","date_gmt":"2019-12-18T18:33:41","guid":{"rendered":"https:\/\/isve.com\/vaporizadores-electricos\/"},"modified":"2025-04-15T12:29:10","modified_gmt":"2025-04-15T10:29:10","slug":"vaporizadores-electricos","status":"publish","type":"page","link":"https:\/\/isve.com\/es\/equipos-tratamiento-madera\/vaporizadores-electricos\/","title":{"rendered":"Vaporizadores el\u00e9ctricos"},"content":{"rendered":"<h2><strong>Vaporizadores el\u00e9ctricos ISVE<\/strong><\/h2>\n<p>I.S.V.E. Srl fabrica&nbsp; <strong>vaporizadores con alimentaci\u00f3n el\u00e9ctrica para la \u201cplastificaci\u00f3n\u201d de la madera<\/strong>.<\/p>\n<p>Los vaporizadores est\u00e1n disponibles con <strong>autoclave individual o doble<\/strong>, de <strong>longitud variable<\/strong> seg\u00fan las exigencias del cliente. La instalaci\u00f3n completa est\u00e1 compuesta por dos autoclaves de acero AISI 304 con un di\u00e1metro de 400 mm, con fondos soldados, tapas que se pueden abrir con bisagras y cierres con volantes con tornillo.<\/p>\n<hr>\n<h3><strong>Caracter\u00edsticas generales<\/strong><\/h3>\n<p><strong>El<\/strong><strong> equipo de vaporizaci\u00f3n completo<\/strong> est\u00e1 compuesto por 2 autoclaves hechas en acero inoxidable AISI 304 con di\u00e1metro de 400 mm con un fondo soldado, cubierta provista de apertura de bisagra, cierre con tornillo de rueda manual.<\/p>\n<p>La capa aislante se realiza con material aislante con un espesor de 50 mm cubierto por&nbsp;acero pre-pintado.<\/p>\n<p>La estructura de apoyo est\u00e1 compuesta por una secci\u00f3n de acero de barras pintada con imprimaci\u00f3n y pintura.<\/p>\n<hr>\n<h3><strong>Vaporizadores ISVE: ventajas<br \/>\n<\/strong><\/h3>\n<p><strong>Los equipos<\/strong><strong> de vaporizaci\u00f3n ISVE<\/strong> son el resultado de a\u00f1os de investigaci\u00f3n y desarrollo que permitieron la puesta a punto de sistemas de vaporizaci\u00f3n con <strong>est\u00e1ndares de calidad superior<\/strong>, que garantizan una <strong>plasticidad \u00f3ptimal de la madera<\/strong>, necesaria para el &nbsp;siguiente proceso de <strong>flexi\u00f3n<\/strong> y su <strong>estabilizaci\u00f3n<\/strong> en los <strong>semi-acabados<\/strong>.<\/p>\n<p>Durante el tratamiento con vaporizadores el\u00e9ctricos ISVE las piezas <strong>humedecen<\/strong> externamente hasta un <strong>20%<\/strong>.<br \/>\nEstas instalaciones, sin embargo, permiten que la <strong>condensaci\u00f3n &nbsp;permanezca en el cilindro<\/strong>.<br \/>\n<strong>Una ventaja importante! <\/strong>Los datos confirman que:<\/p>\n<blockquote><p>en presencia de condensaci\u00f3n las piezas humedecen m\u00e1s &#8211; hasta el 40% &#8211; garantizando una <strong>mejor y m\u00e1s r\u00e1pida plasticidad de la madera<\/strong>.<\/p><\/blockquote>\n<p>&nbsp;<\/p>\n<table border=\"1\">\n<tbody>\n<tr>\n<td>&nbsp;<\/td>\n<td>DE<\/td>\n<td>A<\/td>\n<\/tr>\n<tr>\n<td>Tama\u00f1o pilas m3<\/td>\n<td>5,5<\/td>\n<td>21<\/td>\n<\/tr>\n<tr>\n<td>Longitud interna m<\/td>\n<td>4,5<\/td>\n<td>18<\/td>\n<\/tr>\n<tr>\n<td>Potencia KW<\/td>\n<td>10<\/td>\n<td>22<\/td>\n<\/tr>\n<tr>\n<td>Vac\u00edo mmHg<\/td>\n<td>150<\/td>\n<td>650<\/td>\n<\/tr>\n<tr>\n<td>Peso Kg<\/td>\n<td>3.000<\/td>\n<td>15.000<\/td>\n<\/tr>\n<\/tbody>\n<\/table>\n<p>&nbsp;<\/p>\n","protected":false},"excerpt":{"rendered":"<p>Vaporizadores el\u00e9ctricos ISVE I.S.V.E. Srl fabrica&nbsp; vaporizadores con alimentaci\u00f3n el\u00e9ctrica para la \u201cplastificaci\u00f3n\u201d de la madera. Los vaporizadores est\u00e1n disponibles con autoclave individual o doble, de longitud variable seg\u00fan las exigencias del cliente. La instalaci\u00f3n completa est\u00e1 compuesta por dos autoclaves de acero AISI 304 con un di\u00e1metro de 400 mm, con fondos soldados, tapas&hellip;<\/p>\n","protected":false},"author":1,"featured_media":14618,"parent":15968,"menu_order":343,"comment_status":"closed","ping_status":"closed","template":"","meta":{"_acf_changed":false,"footnotes":""},"tags":[],"impaginazione":[3692],"divisione":[3690],"categorie_modelli":[3727],"class_list":["post-14725","page","type-page","status-publish","has-post-thumbnail","hentry","impaginazione-modello-prodotto","divisione-isve-wood","categorie_modelli-vaporizzatori","description-off"],"acf":[],"yoast_head":"<!-- This site is optimized with the Yoast SEO plugin v27.4 - https:\/\/yoast.com\/product\/yoast-seo-wordpress\/ -->\n<title>Vaporizadores el\u00e9ctricos - ISVE SpA - Trattamento legno - Riciclaggio - Macinatori Trituratori<\/title>\n<meta name=\"robots\" content=\"index, follow, max-snippet:-1, max-image-preview:large, max-video-preview:-1\" \/>\n<link rel=\"canonical\" href=\"https:\/\/isve.com\/es\/equipos-tratamiento-madera\/vaporizadores-electricos\/\" \/>\n<meta property=\"og:locale\" content=\"es_ES\" \/>\n<meta property=\"og:type\" content=\"article\" \/>\n<meta property=\"og:title\" content=\"Vaporizadores el\u00e9ctricos - ISVE SpA - Trattamento legno - Riciclaggio - Macinatori Trituratori\" \/>\n<meta property=\"og:description\" content=\"Vaporizadores el\u00e9ctricos ISVE I.S.V.E. Srl fabrica&nbsp; vaporizadores con alimentaci\u00f3n el\u00e9ctrica para la \u201cplastificaci\u00f3n\u201d de la madera. Los vaporizadores est\u00e1n disponibles con autoclave individual o doble, de longitud variable seg\u00fan las exigencias del cliente. La instalaci\u00f3n completa est\u00e1 compuesta por dos autoclaves de acero AISI 304 con un di\u00e1metro de 400 mm, con fondos soldados, tapas&hellip;\" \/>\n<meta property=\"og:url\" content=\"https:\/\/isve.com\/es\/equipos-tratamiento-madera\/vaporizadores-electricos\/\" \/>\n<meta property=\"og:site_name\" content=\"ISVE SpA - Trattamento legno - Riciclaggio - Macinatori Trituratori\" \/>\n<meta property=\"article:modified_time\" content=\"2025-04-15T10:29:10+00:00\" \/>\n<meta property=\"og:image\" content=\"https:\/\/isve.com\/wp-content\/uploads\/Vapo\/iz\/Vaporizzatori-1.jpg\" \/>\n\t<meta property=\"og:image:width\" content=\"1174\" \/>\n\t<meta property=\"og:image:height\" content=\"398\" \/>\n\t<meta property=\"og:image:type\" content=\"image\/jpeg\" \/>\n<meta name=\"twitter:card\" content=\"summary_large_image\" \/>\n<meta name=\"twitter:label1\" content=\"Tiempo de lectura\" \/>\n\t<meta name=\"twitter:data1\" content=\"1 minuto\" \/>\n<script type=\"application\/ld+json\" class=\"yoast-schema-graph\">{\"@context\":\"https:\\\/\\\/schema.org\",\"@graph\":[{\"@type\":\"WebPage\",\"@id\":\"https:\\\/\\\/isve.com\\\/es\\\/equipos-tratamiento-madera\\\/vaporizadores-electricos\\\/\",\"url\":\"https:\\\/\\\/isve.com\\\/es\\\/equipos-tratamiento-madera\\\/vaporizadores-electricos\\\/\",\"name\":\"Vaporizadores el\u00e9ctricos - ISVE SpA - Trattamento legno - Riciclaggio - Macinatori Trituratori\",\"isPartOf\":{\"@id\":\"https:\\\/\\\/isve.com\\\/es\\\/#website\"},\"primaryImageOfPage\":{\"@id\":\"https:\\\/\\\/isve.com\\\/es\\\/equipos-tratamiento-madera\\\/vaporizadores-electricos\\\/#primaryimage\"},\"image\":{\"@id\":\"https:\\\/\\\/isve.com\\\/es\\\/equipos-tratamiento-madera\\\/vaporizadores-electricos\\\/#primaryimage\"},\"thumbnailUrl\":\"https:\\\/\\\/isve.com\\\/wp-content\\\/uploads\\\/Vapo\\\/iz\\\/Vaporizzatori-1.jpg\",\"datePublished\":\"2019-12-18T18:33:41+00:00\",\"dateModified\":\"2025-04-15T10:29:10+00:00\",\"breadcrumb\":{\"@id\":\"https:\\\/\\\/isve.com\\\/es\\\/equipos-tratamiento-madera\\\/vaporizadores-electricos\\\/#breadcrumb\"},\"inLanguage\":\"es\",\"potentialAction\":[{\"@type\":\"ReadAction\",\"target\":[\"https:\\\/\\\/isve.com\\\/es\\\/equipos-tratamiento-madera\\\/vaporizadores-electricos\\\/\"]}]},{\"@type\":\"ImageObject\",\"inLanguage\":\"es\",\"@id\":\"https:\\\/\\\/isve.com\\\/es\\\/equipos-tratamiento-madera\\\/vaporizadores-electricos\\\/#primaryimage\",\"url\":\"https:\\\/\\\/isve.com\\\/wp-content\\\/uploads\\\/Vapo\\\/iz\\\/Vaporizzatori-1.jpg\",\"contentUrl\":\"https:\\\/\\\/isve.com\\\/wp-content\\\/uploads\\\/Vapo\\\/iz\\\/Vaporizzatori-1.jpg\",\"width\":1174,\"height\":398},{\"@type\":\"BreadcrumbList\",\"@id\":\"https:\\\/\\\/isve.com\\\/es\\\/equipos-tratamiento-madera\\\/vaporizadores-electricos\\\/#breadcrumb\",\"itemListElement\":[{\"@type\":\"ListItem\",\"position\":1,\"name\":\"Home\",\"item\":\"https:\\\/\\\/isve.com\\\/es\\\/\"},{\"@type\":\"ListItem\",\"position\":2,\"name\":\"Tratamiento de la Madera\",\"item\":\"https:\\\/\\\/isve.com\\\/es\\\/equipos-tratamiento-madera\\\/\"},{\"@type\":\"ListItem\",\"position\":3,\"name\":\"Vaporizadores el\u00e9ctricos\"}]},{\"@type\":\"WebSite\",\"@id\":\"https:\\\/\\\/isve.com\\\/es\\\/#website\",\"url\":\"https:\\\/\\\/isve.com\\\/es\\\/\",\"name\":\"ISVE S.p.A.\",\"description\":\"Sistemi per trattamento del legno e triturazione macinazione granulazione\",\"publisher\":{\"@id\":\"https:\\\/\\\/isve.com\\\/es\\\/#organization\"},\"potentialAction\":[{\"@type\":\"SearchAction\",\"target\":{\"@type\":\"EntryPoint\",\"urlTemplate\":\"https:\\\/\\\/isve.com\\\/es\\\/?s={search_term_string}\"},\"query-input\":{\"@type\":\"PropertyValueSpecification\",\"valueRequired\":true,\"valueName\":\"search_term_string\"}}],\"inLanguage\":\"es\"},{\"@type\":\"Organization\",\"@id\":\"https:\\\/\\\/isve.com\\\/es\\\/#organization\",\"name\":\"ISVE S.p.A.\",\"url\":\"https:\\\/\\\/isve.com\\\/es\\\/\",\"logo\":{\"@type\":\"ImageObject\",\"inLanguage\":\"es\",\"@id\":\"https:\\\/\\\/isve.com\\\/es\\\/#\\\/schema\\\/logo\\\/image\\\/\",\"url\":\"https:\\\/\\\/isve.com\\\/wp-content\\\/uploads\\\/2026\\\/01\\\/logo-isve-spa.png\",\"contentUrl\":\"https:\\\/\\\/isve.com\\\/wp-content\\\/uploads\\\/2026\\\/01\\\/logo-isve-spa.png\",\"width\":600,\"height\":173,\"caption\":\"ISVE S.p.A.\"},\"image\":{\"@id\":\"https:\\\/\\\/isve.com\\\/es\\\/#\\\/schema\\\/logo\\\/image\\\/\"},\"sameAs\":[\"https:\\\/\\\/www.linkedin.com\\\/company\\\/69445471\",\"https:\\\/\\\/www.youtube.com\\\/@isves.p.a.8894\"]}]}<\/script>\n<!-- \/ Yoast SEO plugin. -->","yoast_head_json":{"title":"Vaporizadores el\u00e9ctricos - ISVE SpA - Trattamento legno - Riciclaggio - Macinatori Trituratori","robots":{"index":"index","follow":"follow","max-snippet":"max-snippet:-1","max-image-preview":"max-image-preview:large","max-video-preview":"max-video-preview:-1"},"canonical":"https:\/\/isve.com\/es\/equipos-tratamiento-madera\/vaporizadores-electricos\/","og_locale":"es_ES","og_type":"article","og_title":"Vaporizadores el\u00e9ctricos - ISVE SpA - Trattamento legno - Riciclaggio - Macinatori Trituratori","og_description":"Vaporizadores el\u00e9ctricos ISVE I.S.V.E. Srl fabrica&nbsp; vaporizadores con alimentaci\u00f3n el\u00e9ctrica para la \u201cplastificaci\u00f3n\u201d de la madera. Los vaporizadores est\u00e1n disponibles con autoclave individual o doble, de longitud variable seg\u00fan las exigencias del cliente. La instalaci\u00f3n completa est\u00e1 compuesta por dos autoclaves de acero AISI 304 con un di\u00e1metro de 400 mm, con fondos soldados, tapas&hellip;","og_url":"https:\/\/isve.com\/es\/equipos-tratamiento-madera\/vaporizadores-electricos\/","og_site_name":"ISVE SpA - Trattamento legno - Riciclaggio - Macinatori Trituratori","article_modified_time":"2025-04-15T10:29:10+00:00","og_image":[{"width":1174,"height":398,"url":"https:\/\/isve.com\/wp-content\/uploads\/Vapo\/iz\/Vaporizzatori-1.jpg","type":"image\/jpeg"}],"twitter_card":"summary_large_image","twitter_misc":{"Tiempo de lectura":"1 minuto"},"schema":{"@context":"https:\/\/schema.org","@graph":[{"@type":"WebPage","@id":"https:\/\/isve.com\/es\/equipos-tratamiento-madera\/vaporizadores-electricos\/","url":"https:\/\/isve.com\/es\/equipos-tratamiento-madera\/vaporizadores-electricos\/","name":"Vaporizadores el\u00e9ctricos - ISVE SpA - Trattamento legno - Riciclaggio - Macinatori Trituratori","isPartOf":{"@id":"https:\/\/isve.com\/es\/#website"},"primaryImageOfPage":{"@id":"https:\/\/isve.com\/es\/equipos-tratamiento-madera\/vaporizadores-electricos\/#primaryimage"},"image":{"@id":"https:\/\/isve.com\/es\/equipos-tratamiento-madera\/vaporizadores-electricos\/#primaryimage"},"thumbnailUrl":"https:\/\/isve.com\/wp-content\/uploads\/Vapo\/iz\/Vaporizzatori-1.jpg","datePublished":"2019-12-18T18:33:41+00:00","dateModified":"2025-04-15T10:29:10+00:00","breadcrumb":{"@id":"https:\/\/isve.com\/es\/equipos-tratamiento-madera\/vaporizadores-electricos\/#breadcrumb"},"inLanguage":"es","potentialAction":[{"@type":"ReadAction","target":["https:\/\/isve.com\/es\/equipos-tratamiento-madera\/vaporizadores-electricos\/"]}]},{"@type":"ImageObject","inLanguage":"es","@id":"https:\/\/isve.com\/es\/equipos-tratamiento-madera\/vaporizadores-electricos\/#primaryimage","url":"https:\/\/isve.com\/wp-content\/uploads\/Vapo\/iz\/Vaporizzatori-1.jpg","contentUrl":"https:\/\/isve.com\/wp-content\/uploads\/Vapo\/iz\/Vaporizzatori-1.jpg","width":1174,"height":398},{"@type":"BreadcrumbList","@id":"https:\/\/isve.com\/es\/equipos-tratamiento-madera\/vaporizadores-electricos\/#breadcrumb","itemListElement":[{"@type":"ListItem","position":1,"name":"Home","item":"https:\/\/isve.com\/es\/"},{"@type":"ListItem","position":2,"name":"Tratamiento de la Madera","item":"https:\/\/isve.com\/es\/equipos-tratamiento-madera\/"},{"@type":"ListItem","position":3,"name":"Vaporizadores el\u00e9ctricos"}]},{"@type":"WebSite","@id":"https:\/\/isve.com\/es\/#website","url":"https:\/\/isve.com\/es\/","name":"ISVE S.p.A.","description":"Sistemi per trattamento del legno e triturazione macinazione granulazione","publisher":{"@id":"https:\/\/isve.com\/es\/#organization"},"potentialAction":[{"@type":"SearchAction","target":{"@type":"EntryPoint","urlTemplate":"https:\/\/isve.com\/es\/?s={search_term_string}"},"query-input":{"@type":"PropertyValueSpecification","valueRequired":true,"valueName":"search_term_string"}}],"inLanguage":"es"},{"@type":"Organization","@id":"https:\/\/isve.com\/es\/#organization","name":"ISVE S.p.A.","url":"https:\/\/isve.com\/es\/","logo":{"@type":"ImageObject","inLanguage":"es","@id":"https:\/\/isve.com\/es\/#\/schema\/logo\/image\/","url":"https:\/\/isve.com\/wp-content\/uploads\/2026\/01\/logo-isve-spa.png","contentUrl":"https:\/\/isve.com\/wp-content\/uploads\/2026\/01\/logo-isve-spa.png","width":600,"height":173,"caption":"ISVE S.p.A."},"image":{"@id":"https:\/\/isve.com\/es\/#\/schema\/logo\/image\/"},"sameAs":["https:\/\/www.linkedin.com\/company\/69445471","https:\/\/www.youtube.com\/@isves.p.a.8894"]}]}},"_links":{"self":[{"href":"https:\/\/isve.com\/es\/wp-json\/wp\/v2\/pages\/14725","targetHints":{"allow":["GET"]}}],"collection":[{"href":"https:\/\/isve.com\/es\/wp-json\/wp\/v2\/pages"}],"about":[{"href":"https:\/\/isve.com\/es\/wp-json\/wp\/v2\/types\/page"}],"author":[{"embeddable":true,"href":"https:\/\/isve.com\/es\/wp-json\/wp\/v2\/users\/1"}],"replies":[{"embeddable":true,"href":"https:\/\/isve.com\/es\/wp-json\/wp\/v2\/comments?post=14725"}],"version-history":[{"count":0,"href":"https:\/\/isve.com\/es\/wp-json\/wp\/v2\/pages\/14725\/revisions"}],"up":[{"embeddable":true,"href":"https:\/\/isve.com\/es\/wp-json\/wp\/v2\/pages\/15968"}],"wp:featuredmedia":[{"embeddable":true,"href":"https:\/\/isve.com\/es\/wp-json\/wp\/v2\/media\/14618"}],"wp:attachment":[{"href":"https:\/\/isve.com\/es\/wp-json\/wp\/v2\/media?parent=14725"}],"wp:term":[{"taxonomy":"post_tag","embeddable":true,"href":"https:\/\/isve.com\/es\/wp-json\/wp\/v2\/tags?post=14725"},{"taxonomy":"impaginazione","embeddable":true,"href":"https:\/\/isve.com\/es\/wp-json\/wp\/v2\/impaginazione?post=14725"},{"taxonomy":"divisione","embeddable":true,"href":"https:\/\/isve.com\/es\/wp-json\/wp\/v2\/divisione?post=14725"},{"taxonomy":"categorie_modelli","embeddable":true,"href":"https:\/\/isve.com\/es\/wp-json\/wp\/v2\/categorie_modelli?post=14725"}],"curies":[{"name":"wp","href":"https:\/\/api.w.org\/{rel}","templated":true}]}}