{"id":14716,"date":"2019-12-14T15:59:52","date_gmt":"2019-12-14T14:59:52","guid":{"rendered":"https:\/\/isve.com\/secadores-madera-em\/desecadores-modelo-em2v-y-em5v\/"},"modified":"2025-04-15T13:00:55","modified_gmt":"2025-04-15T11:00:55","slug":"desecadores-modelo-em2v-y-em5v","status":"publish","type":"page","link":"https:\/\/isve.com\/es\/equipos-tratamiento-madera\/secadores-madera-em\/desecadores-modelo-em2v-y-em5v\/","title":{"rendered":"Desecadores modelo EM2V y EM5V"},"content":{"rendered":"<h2><strong>Para los laboratorios de carpinter\u00eda de peque\u00f1as y medianas dimensiones<\/strong><\/h2>\n<p>El desecador bajo vac\u00edo ISVE EM2V y EM5V ha sido proyectado y realizado expresamente <strong>para los laboratorios de carpinter\u00eda de peque\u00f1as y medianas dimensiones<\/strong>, con cantidades modestas de madera para secar, pero con exigencias de calidad elevadas y tiempos de secado restringidos.<\/p>\n<div>\n<p>La instalaci\u00f3n est\u00e1 dotada de un ordenador de conducci\u00f3n capaz de facilitar la programaci\u00f3n del proceso sin ninguna dificultad de aprendizaje de la tecnolog\u00eda.<\/p>\n<p>Este sistema (Vacutronic) permite proceder con tres modalidades diferentes:<\/p>\n<ul>\n<li>totalmente automatica;<\/li>\n<li>semiautomatica;<\/li>\n<li>manuale.<\/li>\n<\/ul>\n<p>La variaci\u00f3n de cada par\u00e1metro puede ser visualizada conectando el ordenador del desecador a un simple PC con sistema operativo Windows. Con este sistema adem\u00e1s del control a distancia del ciclo, se podr\u00e1n archivar todas las fases del proceso.<\/p>\n<p>Estas instalaciones encierran toda la tecnolog\u00eda y la experiencia desarrollada en veinte a\u00f1os de proyectos y de producci\u00f3n de instalaciones para el tratamiento de la madera.<br \/>\nLa instalaci\u00f3n, que funciona a <strong>bajas temperaturas<\/strong>, permite la evaporaci\u00f3n del agua contenida en la madera que hay que tratar sin someterla a saltos t\u00e9rmicos que podr\u00edan ocasionar <strong>fisuras<\/strong> y <strong>deformaciones<\/strong>.<\/p>\n<p>Gracias a un generador de vapor y al agua evaporada de la madera en secado, las superficies del material se mantienen <strong>h\u00famedas<\/strong>, evitando que se formen peque\u00f1as grietas que se producen con otros sistemas de secado. El gradiente de humedad necesario entre ambiente y material, es controlado <strong>constantemente<\/strong> por medio de un condensador que hace precipitar el vapor en suspensi\u00f3n.<\/p>\n<p>El acondicionamiento de la c\u00e1mara de secado se obtiene gracias a unos ventiladores de flujo alterno y a unos deflectores que, a trav\u00e9s de una bater\u00eda de tubos con aletas calentados con agua caliente, elevan la temperatura del aire que se hace circular en la pila.<\/p>\n<p>Este acondicionamiento ambiental, seguido del <strong>ciclo de vac\u00edo<\/strong>, pone en marcha el proceso de transmigraci\u00f3n del agua trav\u00e9s de las paredes celulares de la madera, de sus partes internas hacia las superficies, desde las cuales el agua se evapora continuamente hasta alcanzar las condiciones de secado deseadas.<\/p>\n<p>El <strong>agua de condensaci\u00f3n<\/strong> que se deposita en el fondo del autoclave es expulsado peri\u00f3dicamente para mantener constantes las condiciones ambientales.<\/p>\n<\/div>\n<p>&nbsp;<\/p>\n<h2><strong>Principales ventajas<\/strong><\/h2>\n<ul>\n<li><strong>RESULTADOS PERFECTOS POR<\/strong>:<br \/>\nausencia de deformaciones y fisuras sensibles;<br \/>\nausencia de alteraciones del color;<br \/>\nausencia de tensiones internas;<br \/>\nresistencia inalterada del material secado.<\/li>\n<li><strong>POSIBILIDAD DE SECAR<\/strong>:<br \/>\nmaterial de espesor elevado y con la m\u00e1xima humedad;<br \/>\ntablas de todo tipo y esencia.<\/li>\n<li><strong>BAJOS COSTES DE TRABAJO POR<\/strong>:<br \/>\np\u00e9rdidas t\u00e9rmicas m\u00ednimas;<br \/>\nutilizaci\u00f3n racional de la energ\u00eda t\u00e9rmica y el\u00e9ctrica;<br \/>\nninguna necesidad de intervenciones manuales.<\/li>\n<li><strong>BAJOS COSTES DE MANTENIMIENTO POR<\/strong>:<br \/>\nconstrucci\u00f3n sencilla y racional;<br \/>\ndispositivos sencillos de automaci\u00f3n;<br \/>\nmateriales anticorrosivos.<\/li>\n<\/ul>\n<p>&nbsp;<\/p>\n<h2><strong>Caracter\u00edsticas principales de los sistemas EM2V y EM5V<br \/>\n<\/strong><\/h2>\n<ul>\n<li>Autoclave:<br \/>\n&#8211; de acero pintado con productos epox\u00eddicos para el tratamiento de las esencias le\u00f1osas sin tanino;<br \/>\n&#8211; de acero inoxidable AISI 304 para el secado de maderas que contienen agentes corrosivos (roble, casta\u00f1o, etc.);<br \/>\n&#8211; revestimiento aislante de material aislante revestido de chapa pre-pintada.<\/li>\n<li>Cuadro el\u00e9ctrico de mando con microprocesador para la conducci\u00f3n en autom\u00e1tico del secado y de su parada.<\/li>\n<li>Sondas de control de la humedad de un elemento muestra.<\/li>\n<li>Carro de extracci\u00f3n manual con las caracter\u00edsticas siguientes:<br \/>\n&#8211; capacidad igual a una pila de 700 x 700 mm con una longitud de 6.000 mm.<br \/>\n&#8211; v\u00edas externas para el deslizamiento del carro.<\/li>\n<li>Calentamiento realizado por medio de 3 resistencias situadas en el fondo del autoclave.<\/li>\n<li>Bomba de vac\u00edo hidr\u00e1ulica equipada de sistema de condensaci\u00f3n.<\/li>\n<li>Sistema de humidificaci\u00f3n con generador de vapor.<\/li>\n<li>Ventilador de di\u00e1metro igual a 600 mm.<\/li>\n<li>Listones de aluminio, espesor 20 mm.<\/li>\n<\/ul>\n","protected":false},"excerpt":{"rendered":"<p>Para los laboratorios de carpinter\u00eda de peque\u00f1as y medianas dimensiones El desecador bajo vac\u00edo ISVE EM2V y EM5V ha sido proyectado y realizado expresamente para los laboratorios de carpinter\u00eda de peque\u00f1as y medianas dimensiones, con cantidades modestas de madera para secar, pero con exigencias de calidad elevadas y tiempos de secado restringidos. La instalaci\u00f3n est\u00e1&hellip;<\/p>\n","protected":false},"author":1,"featured_media":14456,"parent":14710,"menu_order":195,"comment_status":"closed","ping_status":"closed","template":"","meta":{"_acf_changed":false,"footnotes":""},"tags":[],"impaginazione":[3692],"divisione":[3690],"categorie_modelli":[3722],"class_list":["post-14716","page","type-page","status-publish","has-post-thumbnail","hentry","impaginazione-modello-prodotto","divisione-isve-wood","categorie_modelli-essiccatoi-legno-em","description-off"],"acf":[],"yoast_head":"<!-- This site is optimized with the Yoast SEO plugin v27.4 - https:\/\/yoast.com\/product\/yoast-seo-wordpress\/ -->\n<title>Desecadores modelo EM2V y EM5V - ISVE SpA - Tratamiento madera - Reciclaje - Molinos Trituradoras<\/title>\n<meta name=\"robots\" content=\"index, follow, max-snippet:-1, max-image-preview:large, max-video-preview:-1\" \/>\n<link rel=\"canonical\" href=\"https:\/\/isve.com\/es\/equipos-tratamiento-madera\/secadores-madera-em\/desecadores-modelo-em2v-y-em5v\/\" \/>\n<meta property=\"og:locale\" content=\"es_ES\" \/>\n<meta property=\"og:type\" content=\"article\" \/>\n<meta property=\"og:title\" content=\"Desecadores modelo EM2V y EM5V - ISVE SpA - Tratamiento madera - Reciclaje - Molinos Trituradoras\" \/>\n<meta property=\"og:description\" content=\"Para los laboratorios de carpinter\u00eda de peque\u00f1as y medianas dimensiones El desecador bajo vac\u00edo ISVE EM2V y EM5V ha sido proyectado y realizado expresamente para los laboratorios de carpinter\u00eda de peque\u00f1as y medianas dimensiones, con cantidades modestas de madera para secar, pero con exigencias de calidad elevadas y tiempos de secado restringidos. La instalaci\u00f3n est\u00e1&hellip;\" \/>\n<meta property=\"og:url\" content=\"https:\/\/isve.com\/es\/equipos-tratamiento-madera\/secadores-madera-em\/desecadores-modelo-em2v-y-em5v\/\" \/>\n<meta property=\"og:site_name\" content=\"ISVE SpA - Tratamiento madera - Reciclaje - Molinos Trituradoras\" \/>\n<meta property=\"article:modified_time\" content=\"2025-04-15T11:00:55+00:00\" \/>\n<meta property=\"og:image\" content=\"https:\/\/isve.com\/wp-content\/uploads\/essi\/ca\/essiccatoi_em2v-em5v.png\" \/>\n\t<meta property=\"og:image:width\" content=\"874\" \/>\n\t<meta property=\"og:image:height\" content=\"301\" \/>\n\t<meta property=\"og:image:type\" content=\"image\/png\" \/>\n<meta name=\"twitter:card\" content=\"summary_large_image\" \/>\n<meta name=\"twitter:label1\" content=\"Tiempo de lectura\" \/>\n\t<meta name=\"twitter:data1\" content=\"3 minutos\" \/>\n<script type=\"application\/ld+json\" class=\"yoast-schema-graph\">{\"@context\":\"https:\\\/\\\/schema.org\",\"@graph\":[{\"@type\":\"WebPage\",\"@id\":\"https:\\\/\\\/isve.com\\\/es\\\/equipos-tratamiento-madera\\\/secadores-madera-em\\\/desecadores-modelo-em2v-y-em5v\\\/\",\"url\":\"https:\\\/\\\/isve.com\\\/es\\\/equipos-tratamiento-madera\\\/secadores-madera-em\\\/desecadores-modelo-em2v-y-em5v\\\/\",\"name\":\"Desecadores modelo EM2V y EM5V - ISVE SpA - Tratamiento madera - Reciclaje - Molinos Trituradoras\",\"isPartOf\":{\"@id\":\"https:\\\/\\\/isve.com\\\/es\\\/#website\"},\"primaryImageOfPage\":{\"@id\":\"https:\\\/\\\/isve.com\\\/es\\\/equipos-tratamiento-madera\\\/secadores-madera-em\\\/desecadores-modelo-em2v-y-em5v\\\/#primaryimage\"},\"image\":{\"@id\":\"https:\\\/\\\/isve.com\\\/es\\\/equipos-tratamiento-madera\\\/secadores-madera-em\\\/desecadores-modelo-em2v-y-em5v\\\/#primaryimage\"},\"thumbnailUrl\":\"https:\\\/\\\/isve.com\\\/wp-content\\\/uploads\\\/essi\\\/ca\\\/essiccatoi_em2v-em5v.png\",\"datePublished\":\"2019-12-14T14:59:52+00:00\",\"dateModified\":\"2025-04-15T11:00:55+00:00\",\"breadcrumb\":{\"@id\":\"https:\\\/\\\/isve.com\\\/es\\\/equipos-tratamiento-madera\\\/secadores-madera-em\\\/desecadores-modelo-em2v-y-em5v\\\/#breadcrumb\"},\"inLanguage\":\"es\",\"potentialAction\":[{\"@type\":\"ReadAction\",\"target\":[\"https:\\\/\\\/isve.com\\\/es\\\/equipos-tratamiento-madera\\\/secadores-madera-em\\\/desecadores-modelo-em2v-y-em5v\\\/\"]}]},{\"@type\":\"ImageObject\",\"inLanguage\":\"es\",\"@id\":\"https:\\\/\\\/isve.com\\\/es\\\/equipos-tratamiento-madera\\\/secadores-madera-em\\\/desecadores-modelo-em2v-y-em5v\\\/#primaryimage\",\"url\":\"https:\\\/\\\/isve.com\\\/wp-content\\\/uploads\\\/essi\\\/ca\\\/essiccatoi_em2v-em5v.png\",\"contentUrl\":\"https:\\\/\\\/isve.com\\\/wp-content\\\/uploads\\\/essi\\\/ca\\\/essiccatoi_em2v-em5v.png\",\"width\":874,\"height\":301},{\"@type\":\"BreadcrumbList\",\"@id\":\"https:\\\/\\\/isve.com\\\/es\\\/equipos-tratamiento-madera\\\/secadores-madera-em\\\/desecadores-modelo-em2v-y-em5v\\\/#breadcrumb\",\"itemListElement\":[{\"@type\":\"ListItem\",\"position\":1,\"name\":\"Home\",\"item\":\"https:\\\/\\\/isve.com\\\/es\\\/\"},{\"@type\":\"ListItem\",\"position\":2,\"name\":\"Tratamiento de la Madera\",\"item\":\"https:\\\/\\\/isve.com\\\/es\\\/equipos-tratamiento-madera\\\/\"},{\"@type\":\"ListItem\",\"position\":3,\"name\":\"Modelos \u2013 Secadores de madera serie EM\",\"item\":\"https:\\\/\\\/isve.com\\\/es\\\/equipos-tratamiento-madera\\\/secadores-madera-em\\\/\"},{\"@type\":\"ListItem\",\"position\":4,\"name\":\"Desecadores modelo EM2V y EM5V\"}]},{\"@type\":\"WebSite\",\"@id\":\"https:\\\/\\\/isve.com\\\/es\\\/#website\",\"url\":\"https:\\\/\\\/isve.com\\\/es\\\/\",\"name\":\"ISVE S.p.A.\",\"description\":\"Sistemas para tratamiento de madera y para trituraci\u00f3n moler granulaci\u00f3n\",\"publisher\":{\"@id\":\"https:\\\/\\\/isve.com\\\/es\\\/#organization\"},\"potentialAction\":[{\"@type\":\"SearchAction\",\"target\":{\"@type\":\"EntryPoint\",\"urlTemplate\":\"https:\\\/\\\/isve.com\\\/es\\\/?s={search_term_string}\"},\"query-input\":{\"@type\":\"PropertyValueSpecification\",\"valueRequired\":true,\"valueName\":\"search_term_string\"}}],\"inLanguage\":\"es\"},{\"@type\":\"Organization\",\"@id\":\"https:\\\/\\\/isve.com\\\/es\\\/#organization\",\"name\":\"ISVE S.p.A.\",\"url\":\"https:\\\/\\\/isve.com\\\/es\\\/\",\"logo\":{\"@type\":\"ImageObject\",\"inLanguage\":\"es\",\"@id\":\"https:\\\/\\\/isve.com\\\/es\\\/#\\\/schema\\\/logo\\\/image\\\/\",\"url\":\"https:\\\/\\\/isve.com\\\/wp-content\\\/uploads\\\/2026\\\/01\\\/logo-isve-spa.png\",\"contentUrl\":\"https:\\\/\\\/isve.com\\\/wp-content\\\/uploads\\\/2026\\\/01\\\/logo-isve-spa.png\",\"width\":600,\"height\":173,\"caption\":\"ISVE S.p.A.\"},\"image\":{\"@id\":\"https:\\\/\\\/isve.com\\\/es\\\/#\\\/schema\\\/logo\\\/image\\\/\"},\"sameAs\":[\"https:\\\/\\\/www.linkedin.com\\\/company\\\/69445471\",\"https:\\\/\\\/www.youtube.com\\\/@isves.p.a.8894\"]}]}<\/script>\n<!-- \/ Yoast SEO plugin. -->","yoast_head_json":{"title":"Desecadores modelo EM2V y EM5V - ISVE SpA - Tratamiento madera - Reciclaje - Molinos Trituradoras","robots":{"index":"index","follow":"follow","max-snippet":"max-snippet:-1","max-image-preview":"max-image-preview:large","max-video-preview":"max-video-preview:-1"},"canonical":"https:\/\/isve.com\/es\/equipos-tratamiento-madera\/secadores-madera-em\/desecadores-modelo-em2v-y-em5v\/","og_locale":"es_ES","og_type":"article","og_title":"Desecadores modelo EM2V y EM5V - ISVE SpA - Tratamiento madera - Reciclaje - Molinos Trituradoras","og_description":"Para los laboratorios de carpinter\u00eda de peque\u00f1as y medianas dimensiones El desecador bajo vac\u00edo ISVE EM2V y EM5V ha sido proyectado y realizado expresamente para los laboratorios de carpinter\u00eda de peque\u00f1as y medianas dimensiones, con cantidades modestas de madera para secar, pero con exigencias de calidad elevadas y tiempos de secado restringidos. La instalaci\u00f3n est\u00e1&hellip;","og_url":"https:\/\/isve.com\/es\/equipos-tratamiento-madera\/secadores-madera-em\/desecadores-modelo-em2v-y-em5v\/","og_site_name":"ISVE SpA - Tratamiento madera - Reciclaje - Molinos Trituradoras","article_modified_time":"2025-04-15T11:00:55+00:00","og_image":[{"width":874,"height":301,"url":"https:\/\/isve.com\/wp-content\/uploads\/essi\/ca\/essiccatoi_em2v-em5v.png","type":"image\/png"}],"twitter_card":"summary_large_image","twitter_misc":{"Tiempo de lectura":"3 minutos"},"schema":{"@context":"https:\/\/schema.org","@graph":[{"@type":"WebPage","@id":"https:\/\/isve.com\/es\/equipos-tratamiento-madera\/secadores-madera-em\/desecadores-modelo-em2v-y-em5v\/","url":"https:\/\/isve.com\/es\/equipos-tratamiento-madera\/secadores-madera-em\/desecadores-modelo-em2v-y-em5v\/","name":"Desecadores modelo EM2V y EM5V - ISVE SpA - Tratamiento madera - Reciclaje - Molinos Trituradoras","isPartOf":{"@id":"https:\/\/isve.com\/es\/#website"},"primaryImageOfPage":{"@id":"https:\/\/isve.com\/es\/equipos-tratamiento-madera\/secadores-madera-em\/desecadores-modelo-em2v-y-em5v\/#primaryimage"},"image":{"@id":"https:\/\/isve.com\/es\/equipos-tratamiento-madera\/secadores-madera-em\/desecadores-modelo-em2v-y-em5v\/#primaryimage"},"thumbnailUrl":"https:\/\/isve.com\/wp-content\/uploads\/essi\/ca\/essiccatoi_em2v-em5v.png","datePublished":"2019-12-14T14:59:52+00:00","dateModified":"2025-04-15T11:00:55+00:00","breadcrumb":{"@id":"https:\/\/isve.com\/es\/equipos-tratamiento-madera\/secadores-madera-em\/desecadores-modelo-em2v-y-em5v\/#breadcrumb"},"inLanguage":"es","potentialAction":[{"@type":"ReadAction","target":["https:\/\/isve.com\/es\/equipos-tratamiento-madera\/secadores-madera-em\/desecadores-modelo-em2v-y-em5v\/"]}]},{"@type":"ImageObject","inLanguage":"es","@id":"https:\/\/isve.com\/es\/equipos-tratamiento-madera\/secadores-madera-em\/desecadores-modelo-em2v-y-em5v\/#primaryimage","url":"https:\/\/isve.com\/wp-content\/uploads\/essi\/ca\/essiccatoi_em2v-em5v.png","contentUrl":"https:\/\/isve.com\/wp-content\/uploads\/essi\/ca\/essiccatoi_em2v-em5v.png","width":874,"height":301},{"@type":"BreadcrumbList","@id":"https:\/\/isve.com\/es\/equipos-tratamiento-madera\/secadores-madera-em\/desecadores-modelo-em2v-y-em5v\/#breadcrumb","itemListElement":[{"@type":"ListItem","position":1,"name":"Home","item":"https:\/\/isve.com\/es\/"},{"@type":"ListItem","position":2,"name":"Tratamiento de la Madera","item":"https:\/\/isve.com\/es\/equipos-tratamiento-madera\/"},{"@type":"ListItem","position":3,"name":"Modelos \u2013 Secadores de madera serie EM","item":"https:\/\/isve.com\/es\/equipos-tratamiento-madera\/secadores-madera-em\/"},{"@type":"ListItem","position":4,"name":"Desecadores modelo EM2V y EM5V"}]},{"@type":"WebSite","@id":"https:\/\/isve.com\/es\/#website","url":"https:\/\/isve.com\/es\/","name":"ISVE S.p.A.","description":"Sistemas para tratamiento de madera y para trituraci\u00f3n moler granulaci\u00f3n","publisher":{"@id":"https:\/\/isve.com\/es\/#organization"},"potentialAction":[{"@type":"SearchAction","target":{"@type":"EntryPoint","urlTemplate":"https:\/\/isve.com\/es\/?s={search_term_string}"},"query-input":{"@type":"PropertyValueSpecification","valueRequired":true,"valueName":"search_term_string"}}],"inLanguage":"es"},{"@type":"Organization","@id":"https:\/\/isve.com\/es\/#organization","name":"ISVE S.p.A.","url":"https:\/\/isve.com\/es\/","logo":{"@type":"ImageObject","inLanguage":"es","@id":"https:\/\/isve.com\/es\/#\/schema\/logo\/image\/","url":"https:\/\/isve.com\/wp-content\/uploads\/2026\/01\/logo-isve-spa.png","contentUrl":"https:\/\/isve.com\/wp-content\/uploads\/2026\/01\/logo-isve-spa.png","width":600,"height":173,"caption":"ISVE S.p.A."},"image":{"@id":"https:\/\/isve.com\/es\/#\/schema\/logo\/image\/"},"sameAs":["https:\/\/www.linkedin.com\/company\/69445471","https:\/\/www.youtube.com\/@isves.p.a.8894"]}]}},"_links":{"self":[{"href":"https:\/\/isve.com\/es\/wp-json\/wp\/v2\/pages\/14716","targetHints":{"allow":["GET"]}}],"collection":[{"href":"https:\/\/isve.com\/es\/wp-json\/wp\/v2\/pages"}],"about":[{"href":"https:\/\/isve.com\/es\/wp-json\/wp\/v2\/types\/page"}],"author":[{"embeddable":true,"href":"https:\/\/isve.com\/es\/wp-json\/wp\/v2\/users\/1"}],"replies":[{"embeddable":true,"href":"https:\/\/isve.com\/es\/wp-json\/wp\/v2\/comments?post=14716"}],"version-history":[{"count":0,"href":"https:\/\/isve.com\/es\/wp-json\/wp\/v2\/pages\/14716\/revisions"}],"up":[{"embeddable":true,"href":"https:\/\/isve.com\/es\/wp-json\/wp\/v2\/pages\/14710"}],"wp:featuredmedia":[{"embeddable":true,"href":"https:\/\/isve.com\/es\/wp-json\/wp\/v2\/media\/14456"}],"wp:attachment":[{"href":"https:\/\/isve.com\/es\/wp-json\/wp\/v2\/media?parent=14716"}],"wp:term":[{"taxonomy":"post_tag","embeddable":true,"href":"https:\/\/isve.com\/es\/wp-json\/wp\/v2\/tags?post=14716"},{"taxonomy":"impaginazione","embeddable":true,"href":"https:\/\/isve.com\/es\/wp-json\/wp\/v2\/impaginazione?post=14716"},{"taxonomy":"divisione","embeddable":true,"href":"https:\/\/isve.com\/es\/wp-json\/wp\/v2\/divisione?post=14716"},{"taxonomy":"categorie_modelli","embeddable":true,"href":"https:\/\/isve.com\/es\/wp-json\/wp\/v2\/categorie_modelli?post=14716"}],"curies":[{"name":"wp","href":"https:\/\/api.w.org\/{rel}","templated":true}]}}