{"id":14713,"date":"2019-12-14T15:14:35","date_gmt":"2019-12-14T14:14:35","guid":{"rendered":"https:\/\/isve.com\/secadores-madera-em\/desecadores-modelo-em-de-elevada-capacidad\/"},"modified":"2025-04-15T12:59:08","modified_gmt":"2025-04-15T10:59:08","slug":"desecadores-modelo-em-de-elevada-capacidad","status":"publish","type":"page","link":"https:\/\/isve.com\/es\/equipos-tratamiento-madera\/secadores-madera-em\/desecadores-modelo-em-de-elevada-capacidad\/","title":{"rendered":"Desecadores modelo EM de elevada capacidad"},"content":{"rendered":"<h2><strong>Secaderos EM bajo vac\u00edo de elevada dimensi\u00f3n para grandes carpinter\u00edas<br \/>\n<\/strong><\/h2>\n<p>Los desecadores bajo vac\u00edo discontinuo serie EM con capacidad <strong>de 6 a 50 m3<\/strong> est\u00e1n <strong>indicados para grandes carpinter\u00edas<\/strong> o para <strong>comerciantes de madera<\/strong> que buscan la calidad del secado unida a una elevada productividad.<\/p>\n<p>La instalaci\u00f3n est\u00e1 dotada de un <strong>ordenador<\/strong> de control capaz de facilitar la <strong>programaci\u00f3n del proceso<\/strong> sin ninguna dificultad de aprendizaje de la tecnolog\u00eda.&nbsp;La variaci\u00f3n de cada par\u00e1metro puede ser visualizada conectando el ordenador del desecador a un simple PC con sistema operativo Windows. Con este sistema adem\u00e1s del control a distancia del ciclo, se podr\u00e1n <strong>archivar<\/strong> todas las fases del proceso.<\/p>\n<p>Estas instalaciones encierran toda la <strong>tecnolog\u00eda<\/strong> y la <strong>experiencia<\/strong> desarrollada en 40 a\u00f1os de proyectos y de producci\u00f3n de instalaciones para el tratamiento de la madera.<\/p>\n<p>La instalaci\u00f3n, que funciona a <strong>bajas temperaturas<\/strong>, permite la evaporaci\u00f3n del agua contenida en la madera que hay que tratar sin someterla a saltos t\u00e9rmicos que podr\u00edan ocasionar <strong>fisuras y deformaciones<\/strong>.<br \/>\nGracias a un generador de vapor y al agua evaporada de la madera en secado, las superficies del material se mantienen <strong>h\u00famedas<\/strong>, evitando que se formen peque\u00f1as grietas que se producen con otros sistemas de secado.<br \/>\nEl gradiente de <strong>humedad<\/strong> necesario entre ambiente y material, es controlado <strong>constantemente<\/strong> por medio de un condensador que hace precipitar el vapor en suspensi\u00f3n.<\/p>\n<p>El acondicionamiento de la c\u00e1mara de secado se obtiene gracias a unos ventiladores de flujo alterno y a unos deflectores que, a trav\u00e9s de una bater\u00eda de tubos con aletas calentados con agua caliente, elevan la temperatura del aire que se hace circular en la pila.<br \/>\nEste acondicionamiento ambiental, seguido del <strong>ciclo de vac\u00edo<\/strong>, pone en marcha el proceso de transmigraci\u00f3n del agua trav\u00e9s de las paredes celulares de la madera, de sus partes internas hacia las superficies, desde las cuales el agua se evapora continuamente hasta alcanzar las condiciones de secado deseadas.&nbsp;El <strong>agua de condensaci\u00f3n<\/strong> que se deposita en el fondo del autoclave es expulsado peri\u00f3dicamente para mantener constantes las condiciones ambientales.<\/p>\n<p>&nbsp;<\/p>\n<h2><strong>Las ventajas de los sistemas EM de gran capacidad<\/strong><\/h2>\n<ul>\n<li><strong>RESULTADOS PERFECTOS POR<\/strong>: ausencia de deformaciones y fisuras sensibles; ausencia de alteraciones del color; ausencia de tensiones internas; resistencia inalterada del material secado.<\/li>\n<li><strong>POSIBILIDAD DE SECAR<\/strong>: material de espesor elevado y con la m\u00e1xima humedad; tablas de todo tipo y esencia.<\/li>\n<li><strong>BAJOS COSTES DE TRABAJO POR<\/strong>: p\u00e9rdidas t\u00e9rmicas m\u00ednimas; utilizaci\u00f3n racional de la energ\u00eda t\u00e9rmica y el\u00e9ctrica; ninguna necesidad de intervenciones manuales.<\/li>\n<li><strong>BAJOS COSTES DE MANTENIMIENTO POR<\/strong>: construcci\u00f3n sencilla y racional; dispositivos sencillos de automaci\u00f3n; materiales anticorrosivos.<\/li>\n<\/ul>\n<p>&nbsp;<\/p>\n<h2>Secaderos EM de elevada dimensi\u00f3n: caracter\u00edsticas principales<\/h2>\n<ul>\n<li>Autoclave:<br \/>\n&#8211; de acero pintado con productos epox\u00eddicos para el tratamiento de las esencias le\u00f1osas sin tanino;<br \/>\n&#8211; de acero inoxidable AISI 304 para el secado de maderas que contienen agentes corrosivos (roble, casta\u00f1o, etc.);<br \/>\n&#8211; revestimiento aislante de material aislante revestido de chapa pre-pintada.<\/li>\n<li>Cuadro el\u00e9ctrico de mando con microprocesador para la conducci\u00f3n en autom\u00e1tico del secado y de su parada.<\/li>\n<li>Sondas de control de la humedad de la madera en secado.<\/li>\n<li>Sondas de control de la temperatura de la madera en secado.<\/li>\n<li>Carro de extracci\u00f3n motorizada.<\/li>\n<li>Gu\u00eda externa para la extracci\u00f3n del carro.<\/li>\n<li>Circuito de condensaci\u00f3n del agua evaporada de la madera, compuesto de tubos con aletas de acero inoxidable.<\/li>\n<li>Bater\u00eda de calentamiento realizada con tubos con aletas de acero inoxidable.<\/li>\n<li>Bomba de vac\u00edo hidr\u00e1ulica equipada de sistema de condensaci\u00f3n.<\/li>\n<li>Bomba de circulaci\u00f3n del agua caliente.<\/li>\n<li>Sistema de humidificaci\u00f3n.<\/li>\n<li>Ventiladores de flujo alterno para el acondicionamiento de la c\u00e1mara de secado.<\/li>\n<li>Agitadores mandados por un motorreductor para la generaci\u00f3n de turbulencias de aire en el interior del autoclave.<\/li>\n<\/ul>\n<p><strong>Para la puesta en funciones de la instalaci\u00f3n basta conectarla a:<\/strong><\/p>\n<ol>\n<li>Una toma de fuerza electromotriz;<\/li>\n<li>Una toma de agua fr\u00eda;<\/li>\n<li>Un pozo de descarga para evacuar el agua condensada de la madera.<\/li>\n<\/ol>\n","protected":false},"excerpt":{"rendered":"<p>Secaderos EM bajo vac\u00edo de elevada dimensi\u00f3n para grandes carpinter\u00edas Los desecadores bajo vac\u00edo discontinuo serie EM con capacidad de 6 a 50 m3 est\u00e1n indicados para grandes carpinter\u00edas o para comerciantes de madera que buscan la calidad del secado unida a una elevada productividad. La instalaci\u00f3n est\u00e1 dotada de un ordenador de control capaz&hellip;<\/p>\n","protected":false},"author":1,"featured_media":14465,"parent":14710,"menu_order":189,"comment_status":"closed","ping_status":"closed","template":"","meta":{"_acf_changed":false,"footnotes":""},"tags":[],"impaginazione":[3692],"divisione":[3690],"categorie_modelli":[3722],"class_list":["post-14713","page","type-page","status-publish","has-post-thumbnail","hentry","impaginazione-modello-prodotto","divisione-isve-wood","categorie_modelli-essiccatoi-legno-em","description-off"],"acf":[],"yoast_head":"<!-- This site is optimized with the Yoast SEO plugin v27.4 - https:\/\/yoast.com\/product\/yoast-seo-wordpress\/ -->\n<title>Desecadores modelo EM de elevada capacidad - ISVE SpA - Trattamento legno - Riciclaggio - Macinatori Trituratori<\/title>\n<meta name=\"robots\" content=\"index, follow, max-snippet:-1, max-image-preview:large, max-video-preview:-1\" \/>\n<link rel=\"canonical\" href=\"https:\/\/isve.com\/es\/equipos-tratamiento-madera\/secadores-madera-em\/desecadores-modelo-em-de-elevada-capacidad\/\" \/>\n<meta property=\"og:locale\" content=\"es_ES\" \/>\n<meta property=\"og:type\" content=\"article\" \/>\n<meta property=\"og:title\" content=\"Desecadores modelo EM de elevada capacidad - ISVE SpA - Trattamento legno - Riciclaggio - Macinatori Trituratori\" \/>\n<meta property=\"og:description\" content=\"Secaderos EM bajo vac\u00edo de elevada dimensi\u00f3n para grandes carpinter\u00edas Los desecadores bajo vac\u00edo discontinuo serie EM con capacidad de 6 a 50 m3 est\u00e1n indicados para grandes carpinter\u00edas o para comerciantes de madera que buscan la calidad del secado unida a una elevada productividad. La instalaci\u00f3n est\u00e1 dotada de un ordenador de control capaz&hellip;\" \/>\n<meta property=\"og:url\" content=\"https:\/\/isve.com\/es\/equipos-tratamiento-madera\/secadores-madera-em\/desecadores-modelo-em-de-elevada-capacidad\/\" \/>\n<meta property=\"og:site_name\" content=\"ISVE SpA - Trattamento legno - Riciclaggio - Macinatori Trituratori\" \/>\n<meta property=\"article:modified_time\" content=\"2025-04-15T10:59:08+00:00\" \/>\n<meta property=\"og:image\" content=\"https:\/\/isve.com\/wp-content\/uploads\/em_t\/be\/em_tabella-misure_1.jpg\" \/>\n\t<meta property=\"og:image:width\" content=\"1920\" \/>\n\t<meta property=\"og:image:height\" content=\"361\" \/>\n\t<meta property=\"og:image:type\" content=\"image\/jpeg\" \/>\n<meta name=\"twitter:card\" content=\"summary_large_image\" \/>\n<meta name=\"twitter:label1\" content=\"Tiempo de lectura\" \/>\n\t<meta name=\"twitter:data1\" content=\"3 minutos\" \/>\n<script type=\"application\/ld+json\" class=\"yoast-schema-graph\">{\"@context\":\"https:\\\/\\\/schema.org\",\"@graph\":[{\"@type\":\"WebPage\",\"@id\":\"https:\\\/\\\/isve.com\\\/es\\\/equipos-tratamiento-madera\\\/secadores-madera-em\\\/desecadores-modelo-em-de-elevada-capacidad\\\/\",\"url\":\"https:\\\/\\\/isve.com\\\/es\\\/equipos-tratamiento-madera\\\/secadores-madera-em\\\/desecadores-modelo-em-de-elevada-capacidad\\\/\",\"name\":\"Desecadores modelo EM de elevada capacidad - ISVE SpA - Trattamento legno - Riciclaggio - Macinatori Trituratori\",\"isPartOf\":{\"@id\":\"https:\\\/\\\/isve.com\\\/es\\\/#website\"},\"primaryImageOfPage\":{\"@id\":\"https:\\\/\\\/isve.com\\\/es\\\/equipos-tratamiento-madera\\\/secadores-madera-em\\\/desecadores-modelo-em-de-elevada-capacidad\\\/#primaryimage\"},\"image\":{\"@id\":\"https:\\\/\\\/isve.com\\\/es\\\/equipos-tratamiento-madera\\\/secadores-madera-em\\\/desecadores-modelo-em-de-elevada-capacidad\\\/#primaryimage\"},\"thumbnailUrl\":\"https:\\\/\\\/isve.com\\\/wp-content\\\/uploads\\\/em_t\\\/be\\\/em_tabella-misure_1.jpg\",\"datePublished\":\"2019-12-14T14:14:35+00:00\",\"dateModified\":\"2025-04-15T10:59:08+00:00\",\"breadcrumb\":{\"@id\":\"https:\\\/\\\/isve.com\\\/es\\\/equipos-tratamiento-madera\\\/secadores-madera-em\\\/desecadores-modelo-em-de-elevada-capacidad\\\/#breadcrumb\"},\"inLanguage\":\"es\",\"potentialAction\":[{\"@type\":\"ReadAction\",\"target\":[\"https:\\\/\\\/isve.com\\\/es\\\/equipos-tratamiento-madera\\\/secadores-madera-em\\\/desecadores-modelo-em-de-elevada-capacidad\\\/\"]}]},{\"@type\":\"ImageObject\",\"inLanguage\":\"es\",\"@id\":\"https:\\\/\\\/isve.com\\\/es\\\/equipos-tratamiento-madera\\\/secadores-madera-em\\\/desecadores-modelo-em-de-elevada-capacidad\\\/#primaryimage\",\"url\":\"https:\\\/\\\/isve.com\\\/wp-content\\\/uploads\\\/em_t\\\/be\\\/em_tabella-misure_1.jpg\",\"contentUrl\":\"https:\\\/\\\/isve.com\\\/wp-content\\\/uploads\\\/em_t\\\/be\\\/em_tabella-misure_1.jpg\",\"width\":1920,\"height\":361},{\"@type\":\"BreadcrumbList\",\"@id\":\"https:\\\/\\\/isve.com\\\/es\\\/equipos-tratamiento-madera\\\/secadores-madera-em\\\/desecadores-modelo-em-de-elevada-capacidad\\\/#breadcrumb\",\"itemListElement\":[{\"@type\":\"ListItem\",\"position\":1,\"name\":\"Home\",\"item\":\"https:\\\/\\\/isve.com\\\/es\\\/\"},{\"@type\":\"ListItem\",\"position\":2,\"name\":\"Tratamiento de la Madera\",\"item\":\"https:\\\/\\\/isve.com\\\/es\\\/equipos-tratamiento-madera\\\/\"},{\"@type\":\"ListItem\",\"position\":3,\"name\":\"Modelos \u2013 Secadores de madera serie EM\",\"item\":\"https:\\\/\\\/isve.com\\\/es\\\/equipos-tratamiento-madera\\\/secadores-madera-em\\\/\"},{\"@type\":\"ListItem\",\"position\":4,\"name\":\"Desecadores modelo EM de elevada capacidad\"}]},{\"@type\":\"WebSite\",\"@id\":\"https:\\\/\\\/isve.com\\\/es\\\/#website\",\"url\":\"https:\\\/\\\/isve.com\\\/es\\\/\",\"name\":\"ISVE S.p.A.\",\"description\":\"Sistemi per trattamento del legno e triturazione macinazione granulazione\",\"publisher\":{\"@id\":\"https:\\\/\\\/isve.com\\\/es\\\/#organization\"},\"potentialAction\":[{\"@type\":\"SearchAction\",\"target\":{\"@type\":\"EntryPoint\",\"urlTemplate\":\"https:\\\/\\\/isve.com\\\/es\\\/?s={search_term_string}\"},\"query-input\":{\"@type\":\"PropertyValueSpecification\",\"valueRequired\":true,\"valueName\":\"search_term_string\"}}],\"inLanguage\":\"es\"},{\"@type\":\"Organization\",\"@id\":\"https:\\\/\\\/isve.com\\\/es\\\/#organization\",\"name\":\"ISVE S.p.A.\",\"url\":\"https:\\\/\\\/isve.com\\\/es\\\/\",\"logo\":{\"@type\":\"ImageObject\",\"inLanguage\":\"es\",\"@id\":\"https:\\\/\\\/isve.com\\\/es\\\/#\\\/schema\\\/logo\\\/image\\\/\",\"url\":\"https:\\\/\\\/isve.com\\\/wp-content\\\/uploads\\\/2026\\\/01\\\/logo-isve-spa.png\",\"contentUrl\":\"https:\\\/\\\/isve.com\\\/wp-content\\\/uploads\\\/2026\\\/01\\\/logo-isve-spa.png\",\"width\":600,\"height\":173,\"caption\":\"ISVE S.p.A.\"},\"image\":{\"@id\":\"https:\\\/\\\/isve.com\\\/es\\\/#\\\/schema\\\/logo\\\/image\\\/\"},\"sameAs\":[\"https:\\\/\\\/www.linkedin.com\\\/company\\\/69445471\",\"https:\\\/\\\/www.youtube.com\\\/@isves.p.a.8894\"]}]}<\/script>\n<!-- \/ Yoast SEO plugin. -->","yoast_head_json":{"title":"Desecadores modelo EM de elevada capacidad - ISVE SpA - Trattamento legno - Riciclaggio - Macinatori Trituratori","robots":{"index":"index","follow":"follow","max-snippet":"max-snippet:-1","max-image-preview":"max-image-preview:large","max-video-preview":"max-video-preview:-1"},"canonical":"https:\/\/isve.com\/es\/equipos-tratamiento-madera\/secadores-madera-em\/desecadores-modelo-em-de-elevada-capacidad\/","og_locale":"es_ES","og_type":"article","og_title":"Desecadores modelo EM de elevada capacidad - ISVE SpA - Trattamento legno - Riciclaggio - Macinatori Trituratori","og_description":"Secaderos EM bajo vac\u00edo de elevada dimensi\u00f3n para grandes carpinter\u00edas Los desecadores bajo vac\u00edo discontinuo serie EM con capacidad de 6 a 50 m3 est\u00e1n indicados para grandes carpinter\u00edas o para comerciantes de madera que buscan la calidad del secado unida a una elevada productividad. La instalaci\u00f3n est\u00e1 dotada de un ordenador de control capaz&hellip;","og_url":"https:\/\/isve.com\/es\/equipos-tratamiento-madera\/secadores-madera-em\/desecadores-modelo-em-de-elevada-capacidad\/","og_site_name":"ISVE SpA - Trattamento legno - Riciclaggio - Macinatori Trituratori","article_modified_time":"2025-04-15T10:59:08+00:00","og_image":[{"width":1920,"height":361,"url":"https:\/\/isve.com\/wp-content\/uploads\/em_t\/be\/em_tabella-misure_1.jpg","type":"image\/jpeg"}],"twitter_card":"summary_large_image","twitter_misc":{"Tiempo de lectura":"3 minutos"},"schema":{"@context":"https:\/\/schema.org","@graph":[{"@type":"WebPage","@id":"https:\/\/isve.com\/es\/equipos-tratamiento-madera\/secadores-madera-em\/desecadores-modelo-em-de-elevada-capacidad\/","url":"https:\/\/isve.com\/es\/equipos-tratamiento-madera\/secadores-madera-em\/desecadores-modelo-em-de-elevada-capacidad\/","name":"Desecadores modelo EM de elevada capacidad - ISVE SpA - Trattamento legno - Riciclaggio - Macinatori Trituratori","isPartOf":{"@id":"https:\/\/isve.com\/es\/#website"},"primaryImageOfPage":{"@id":"https:\/\/isve.com\/es\/equipos-tratamiento-madera\/secadores-madera-em\/desecadores-modelo-em-de-elevada-capacidad\/#primaryimage"},"image":{"@id":"https:\/\/isve.com\/es\/equipos-tratamiento-madera\/secadores-madera-em\/desecadores-modelo-em-de-elevada-capacidad\/#primaryimage"},"thumbnailUrl":"https:\/\/isve.com\/wp-content\/uploads\/em_t\/be\/em_tabella-misure_1.jpg","datePublished":"2019-12-14T14:14:35+00:00","dateModified":"2025-04-15T10:59:08+00:00","breadcrumb":{"@id":"https:\/\/isve.com\/es\/equipos-tratamiento-madera\/secadores-madera-em\/desecadores-modelo-em-de-elevada-capacidad\/#breadcrumb"},"inLanguage":"es","potentialAction":[{"@type":"ReadAction","target":["https:\/\/isve.com\/es\/equipos-tratamiento-madera\/secadores-madera-em\/desecadores-modelo-em-de-elevada-capacidad\/"]}]},{"@type":"ImageObject","inLanguage":"es","@id":"https:\/\/isve.com\/es\/equipos-tratamiento-madera\/secadores-madera-em\/desecadores-modelo-em-de-elevada-capacidad\/#primaryimage","url":"https:\/\/isve.com\/wp-content\/uploads\/em_t\/be\/em_tabella-misure_1.jpg","contentUrl":"https:\/\/isve.com\/wp-content\/uploads\/em_t\/be\/em_tabella-misure_1.jpg","width":1920,"height":361},{"@type":"BreadcrumbList","@id":"https:\/\/isve.com\/es\/equipos-tratamiento-madera\/secadores-madera-em\/desecadores-modelo-em-de-elevada-capacidad\/#breadcrumb","itemListElement":[{"@type":"ListItem","position":1,"name":"Home","item":"https:\/\/isve.com\/es\/"},{"@type":"ListItem","position":2,"name":"Tratamiento de la Madera","item":"https:\/\/isve.com\/es\/equipos-tratamiento-madera\/"},{"@type":"ListItem","position":3,"name":"Modelos \u2013 Secadores de madera serie EM","item":"https:\/\/isve.com\/es\/equipos-tratamiento-madera\/secadores-madera-em\/"},{"@type":"ListItem","position":4,"name":"Desecadores modelo EM de elevada capacidad"}]},{"@type":"WebSite","@id":"https:\/\/isve.com\/es\/#website","url":"https:\/\/isve.com\/es\/","name":"ISVE S.p.A.","description":"Sistemi per trattamento del legno e triturazione macinazione granulazione","publisher":{"@id":"https:\/\/isve.com\/es\/#organization"},"potentialAction":[{"@type":"SearchAction","target":{"@type":"EntryPoint","urlTemplate":"https:\/\/isve.com\/es\/?s={search_term_string}"},"query-input":{"@type":"PropertyValueSpecification","valueRequired":true,"valueName":"search_term_string"}}],"inLanguage":"es"},{"@type":"Organization","@id":"https:\/\/isve.com\/es\/#organization","name":"ISVE S.p.A.","url":"https:\/\/isve.com\/es\/","logo":{"@type":"ImageObject","inLanguage":"es","@id":"https:\/\/isve.com\/es\/#\/schema\/logo\/image\/","url":"https:\/\/isve.com\/wp-content\/uploads\/2026\/01\/logo-isve-spa.png","contentUrl":"https:\/\/isve.com\/wp-content\/uploads\/2026\/01\/logo-isve-spa.png","width":600,"height":173,"caption":"ISVE S.p.A."},"image":{"@id":"https:\/\/isve.com\/es\/#\/schema\/logo\/image\/"},"sameAs":["https:\/\/www.linkedin.com\/company\/69445471","https:\/\/www.youtube.com\/@isves.p.a.8894"]}]}},"_links":{"self":[{"href":"https:\/\/isve.com\/es\/wp-json\/wp\/v2\/pages\/14713","targetHints":{"allow":["GET"]}}],"collection":[{"href":"https:\/\/isve.com\/es\/wp-json\/wp\/v2\/pages"}],"about":[{"href":"https:\/\/isve.com\/es\/wp-json\/wp\/v2\/types\/page"}],"author":[{"embeddable":true,"href":"https:\/\/isve.com\/es\/wp-json\/wp\/v2\/users\/1"}],"replies":[{"embeddable":true,"href":"https:\/\/isve.com\/es\/wp-json\/wp\/v2\/comments?post=14713"}],"version-history":[{"count":0,"href":"https:\/\/isve.com\/es\/wp-json\/wp\/v2\/pages\/14713\/revisions"}],"up":[{"embeddable":true,"href":"https:\/\/isve.com\/es\/wp-json\/wp\/v2\/pages\/14710"}],"wp:featuredmedia":[{"embeddable":true,"href":"https:\/\/isve.com\/es\/wp-json\/wp\/v2\/media\/14465"}],"wp:attachment":[{"href":"https:\/\/isve.com\/es\/wp-json\/wp\/v2\/media?parent=14713"}],"wp:term":[{"taxonomy":"post_tag","embeddable":true,"href":"https:\/\/isve.com\/es\/wp-json\/wp\/v2\/tags?post=14713"},{"taxonomy":"impaginazione","embeddable":true,"href":"https:\/\/isve.com\/es\/wp-json\/wp\/v2\/impaginazione?post=14713"},{"taxonomy":"divisione","embeddable":true,"href":"https:\/\/isve.com\/es\/wp-json\/wp\/v2\/divisione?post=14713"},{"taxonomy":"categorie_modelli","embeddable":true,"href":"https:\/\/isve.com\/es\/wp-json\/wp\/v2\/categorie_modelli?post=14713"}],"curies":[{"name":"wp","href":"https:\/\/api.w.org\/{rel}","templated":true}]}}