{"id":14710,"date":"2019-12-14T11:22:53","date_gmt":"2019-12-14T10:22:53","guid":{"rendered":"https:\/\/isve.com\/secadores-madera-em\/"},"modified":"2025-04-15T19:09:42","modified_gmt":"2025-04-15T17:09:42","slug":"secadores-madera-em","status":"publish","type":"page","link":"https:\/\/isve.com\/es\/equipos-tratamiento-madera\/secadores-madera-em\/","title":{"rendered":"Modelos \u2013 Secadores de madera serie EM"},"content":{"rendered":"\t\t<div data-elementor-type=\"wp-page\" data-elementor-id=\"14710\" class=\"elementor elementor-14710 elementor-14451\" data-elementor-post-type=\"page\">\n\t\t\t\t\t\t<section class=\"elementor-section elementor-top-section elementor-element elementor-element-22ba55d elementor-section-boxed elementor-section-height-default elementor-section-height-default\" data-id=\"22ba55d\" data-element_type=\"section\" data-e-type=\"section\">\n\t\t\t\t\t\t<div class=\"elementor-container elementor-column-gap-default\">\n\t\t\t\t\t<div class=\"elementor-column elementor-col-100 elementor-top-column elementor-element elementor-element-fa9a0dc\" data-id=\"fa9a0dc\" data-element_type=\"column\" data-e-type=\"column\">\n\t\t\t<div class=\"elementor-widget-wrap elementor-element-populated\">\n\t\t\t\t\t\t<div class=\"elementor-element elementor-element-40f92f7c elementor-widget elementor-widget-text-editor\" data-id=\"40f92f7c\" data-element_type=\"widget\" data-e-type=\"widget\" data-widget_type=\"text-editor.default\">\n\t\t\t\t<div class=\"elementor-widget-container\">\n\t\t\t\t\t\t\t\t\t<p><strong>SECADORES SERIE EM de vac\u00edo discontinuo<\/strong>, donde un sofisticado sistema de distribuci\u00f3n de aire caliente alternado con fases de vac\u00edo, permite secar tablas en listones en la mitad del tiempo de funcionamiento comparado con los sistemas tradicionales de aire.<\/p><p>Los <strong>desecadores para madera ISVE serie EM<\/strong> son particularmente indicados para la desecacion de tablas de madera de las mas disparatas esencias. Estas plantas de desecacion son denominadas \u201c<strong>al vacio continuo\/discontinuo<\/strong>\u201d puesto que la fase del vacio puede ser interrumpida por ciclos de aire caliente y humeso que permiten un rapido calentamiento y desecacion de la madera.<\/p><p>La simplicidad constructiva, los pocos organos en movimiento, el abundante emprelo de materiales inoxidables y la automaticidad del proceso hacen ademas posible el empleo de estos desecadores con <strong>bajos costes de funcionamiento<\/strong> y <strong>elevados estandares cualitativos.<\/strong><\/p>\t\t\t\t\t\t\t\t<\/div>\n\t\t\t\t<\/div>\n\t\t\t\t<div class=\"elementor-element elementor-element-1defd3d elementor-widget elementor-widget-spacer\" data-id=\"1defd3d\" data-element_type=\"widget\" data-e-type=\"widget\" data-widget_type=\"spacer.default\">\n\t\t\t\t<div class=\"elementor-widget-container\">\n\t\t\t\t\t\t\t<div class=\"elementor-spacer\">\n\t\t\t<div class=\"elementor-spacer-inner\"><\/div>\n\t\t<\/div>\n\t\t\t\t\t\t<\/div>\n\t\t\t\t<\/div>\n\t\t\t\t<div class=\"elementor-element elementor-element-2a6a943 elementor-widget elementor-widget-heading\" data-id=\"2a6a943\" data-element_type=\"widget\" data-e-type=\"widget\" data-widget_type=\"heading.default\">\n\t\t\t\t<div class=\"elementor-widget-container\">\n\t\t\t\t\t<h2 class=\"elementor-heading-title elementor-size-default\">Modelos EM de secadores de vac\u00edo discontinuo para productos semiacabados de madera<\/h2>\t\t\t\t<\/div>\n\t\t\t\t<\/div>\n\t\t\t\t<div class=\"elementor-element elementor-element-b86ad65 elementor-widget elementor-widget-spacer\" data-id=\"b86ad65\" data-element_type=\"widget\" data-e-type=\"widget\" data-widget_type=\"spacer.default\">\n\t\t\t\t<div class=\"elementor-widget-container\">\n\t\t\t\t\t\t\t<div class=\"elementor-spacer\">\n\t\t\t<div class=\"elementor-spacer-inner\"><\/div>\n\t\t<\/div>\n\t\t\t\t\t\t<\/div>\n\t\t\t\t<\/div>\n\t\t\t\t<div class=\"elementor-element elementor-element-65dc180 elementor-grid-1 elementor-grid-tablet-1 elementor-posts--thumbnail-left elementor-grid-mobile-1 elementor-widget elementor-widget-posts\" data-id=\"65dc180\" data-element_type=\"widget\" data-e-type=\"widget\" data-settings=\"{&quot;classic_columns&quot;:&quot;1&quot;,&quot;classic_columns_tablet&quot;:&quot;1&quot;,&quot;classic_columns_mobile&quot;:&quot;1&quot;,&quot;classic_row_gap&quot;:{&quot;unit&quot;:&quot;px&quot;,&quot;size&quot;:35,&quot;sizes&quot;:[]},&quot;classic_row_gap_tablet&quot;:{&quot;unit&quot;:&quot;px&quot;,&quot;size&quot;:&quot;&quot;,&quot;sizes&quot;:[]},&quot;classic_row_gap_mobile&quot;:{&quot;unit&quot;:&quot;px&quot;,&quot;size&quot;:&quot;&quot;,&quot;sizes&quot;:[]}}\" data-widget_type=\"posts.classic\">\n\t\t\t\t<div class=\"elementor-widget-container\">\n\t\t\t\t\t\t\t<div class=\"elementor-posts-container elementor-posts elementor-posts--skin-classic elementor-grid\" role=\"list\">\n\t\t\t\t<article class=\"elementor-post elementor-grid-item post-14713 page type-page status-publish has-post-thumbnail hentry impaginazione-modello-prodotto divisione-isve-wood categorie_modelli-essiccatoi-legno-em description-off\" role=\"listitem\">\n\t\t\t\t<a class=\"elementor-post__thumbnail__link\" href=\"https:\/\/isve.com\/es\/equipos-tratamiento-madera\/secadores-madera-em\/desecadores-modelo-em-de-elevada-capacidad\/\" tabindex=\"-1\" >\n\t\t\t<div class=\"elementor-post__thumbnail\"><img fetchpriority=\"high\" decoding=\"async\" width=\"1024\" height=\"193\" src=\"https:\/\/isve.com\/wp-content\/uploads\/em_t\/be\/em_tabella-misure_1-1024x193.jpg\" class=\"attachment-large size-large wp-image-14465\" alt=\"\" srcset=\"https:\/\/isve.com\/wp-content\/uploads\/em_t\/be\/em_tabella-misure_1-1024x193.jpg 1024w, https:\/\/isve.com\/wp-content\/uploads\/em_t\/be\/em_tabella-misure_1-600x113.jpg 600w, https:\/\/isve.com\/wp-content\/uploads\/em_t\/be\/em_tabella-misure_1-768x144.jpg 768w, https:\/\/isve.com\/wp-content\/uploads\/em_t\/be\/em_tabella-misure_1-1536x289.jpg 1536w, https:\/\/isve.com\/wp-content\/uploads\/em_t\/be\/em_tabella-misure_1-1000x188.jpg 1000w, https:\/\/isve.com\/wp-content\/uploads\/em_t\/be\/em_tabella-misure_1.jpg 1920w\" sizes=\"(max-width: 1024px) 100vw, 1024px\" \/><\/div>\n\t\t<\/a>\n\t\t\t\t<div class=\"elementor-post__text\">\n\t\t\t\t<h3 class=\"elementor-post__title\">\n\t\t\t<a href=\"https:\/\/isve.com\/es\/equipos-tratamiento-madera\/secadores-madera-em\/desecadores-modelo-em-de-elevada-capacidad\/\" >\n\t\t\t\tDesecadores modelo EM de elevada capacidad\t\t\t<\/a>\n\t\t<\/h3>\n\t\t\t\t<div class=\"elementor-post__excerpt\">\n\t\t\t<p>Secaderos EM bajo vac\u00edo de elevada dimensi\u00f3n para grandes carpinter\u00edas Los desecadores bajo vac\u00edo discontinuo serie EM con capacidad de 6 a 50 m3 est\u00e1n indicados para grandes carpinter\u00edas o para comerciantes de madera que buscan la calidad del secado unida a una elevada productividad. La instalaci\u00f3n est\u00e1 dotada de un ordenador de control capaz de facilitar la programaci\u00f3n del proceso sin ninguna dificultad de aprendizaje de la tecnolog\u00eda.&nbsp;La variaci\u00f3n de cada par\u00e1metro puede ser visualizada conectando el ordenador del desecador a un simple PC con sistema operativo Windows. Con este sistema adem\u00e1s del control a distancia del ciclo, se podr\u00e1n archivar todas las fases del proceso. Estas instalaciones encierran toda la tecnolog\u00eda y la experiencia desarrollada en 40 a\u00f1os<\/p>\n\t\t<\/div>\n\t\t\n\t\t<a class=\"elementor-post__read-more\" href=\"https:\/\/isve.com\/es\/equipos-tratamiento-madera\/secadores-madera-em\/desecadores-modelo-em-de-elevada-capacidad\/\" aria-label=\"Read more about Desecadores modelo EM de elevada capacidad\" tabindex=\"-1\" >\n\t\t\tM\u00e1s \u00bb\t\t<\/a>\n\n\t\t\t\t<\/div>\n\t\t\t\t<\/article>\n\t\t\t\t<article class=\"elementor-post elementor-grid-item post-14716 page type-page status-publish has-post-thumbnail hentry impaginazione-modello-prodotto divisione-isve-wood categorie_modelli-essiccatoi-legno-em description-off\" role=\"listitem\">\n\t\t\t\t<a class=\"elementor-post__thumbnail__link\" href=\"https:\/\/isve.com\/es\/equipos-tratamiento-madera\/secadores-madera-em\/desecadores-modelo-em2v-y-em5v\/\" tabindex=\"-1\" >\n\t\t\t<div class=\"elementor-post__thumbnail\"><img decoding=\"async\" width=\"874\" height=\"301\" src=\"https:\/\/isve.com\/wp-content\/uploads\/essi\/ca\/essiccatoi_em2v-em5v.png\" class=\"attachment-large size-large wp-image-14456\" alt=\"\" srcset=\"https:\/\/isve.com\/wp-content\/uploads\/essi\/ca\/essiccatoi_em2v-em5v.png 874w, https:\/\/isve.com\/wp-content\/uploads\/essi\/ca\/essiccatoi_em2v-em5v-600x207.png 600w, https:\/\/isve.com\/wp-content\/uploads\/essi\/ca\/essiccatoi_em2v-em5v-768x264.png 768w\" sizes=\"(max-width: 874px) 100vw, 874px\" \/><\/div>\n\t\t<\/a>\n\t\t\t\t<div class=\"elementor-post__text\">\n\t\t\t\t<h3 class=\"elementor-post__title\">\n\t\t\t<a href=\"https:\/\/isve.com\/es\/equipos-tratamiento-madera\/secadores-madera-em\/desecadores-modelo-em2v-y-em5v\/\" >\n\t\t\t\tDesecadores modelo EM2V y EM5V\t\t\t<\/a>\n\t\t<\/h3>\n\t\t\t\t<div class=\"elementor-post__excerpt\">\n\t\t\t<p>Para los laboratorios de carpinter\u00eda de peque\u00f1as y medianas dimensiones El desecador bajo vac\u00edo ISVE EM2V y EM5V ha sido proyectado y realizado expresamente para los laboratorios de carpinter\u00eda de peque\u00f1as y medianas dimensiones, con cantidades modestas de madera para secar, pero con exigencias de calidad elevadas y tiempos de secado restringidos. La instalaci\u00f3n est\u00e1 dotada de un ordenador de conducci\u00f3n capaz de facilitar la programaci\u00f3n del proceso sin ninguna dificultad de aprendizaje de la tecnolog\u00eda. Este sistema (Vacutronic) permite proceder con tres modalidades diferentes: totalmente automatica; semiautomatica; manuale. La variaci\u00f3n de cada par\u00e1metro puede ser visualizada conectando el ordenador del desecador a un simple PC con sistema operativo Windows. Con este sistema adem\u00e1s del control a distancia del ciclo,<\/p>\n\t\t<\/div>\n\t\t\n\t\t<a class=\"elementor-post__read-more\" href=\"https:\/\/isve.com\/es\/equipos-tratamiento-madera\/secadores-madera-em\/desecadores-modelo-em2v-y-em5v\/\" aria-label=\"Read more about Desecadores modelo EM2V y EM5V\" tabindex=\"-1\" >\n\t\t\tM\u00e1s \u00bb\t\t<\/a>\n\n\t\t\t\t<\/div>\n\t\t\t\t<\/article>\n\t\t\t\t<\/div>\n\t\t\n\t\t\t\t\t\t<\/div>\n\t\t\t\t<\/div>\n\t\t\t\t\t<\/div>\n\t\t<\/div>\n\t\t\t\t\t<\/div>\n\t\t<\/section>\n\t\t\t\t<\/div>\n\t\t","protected":false},"excerpt":{"rendered":"<p>SECADORES SERIE EM de vac\u00edo discontinuo, donde un sofisticado sistema de distribuci\u00f3n de aire caliente alternado con fases de vac\u00edo, permite secar tablas en listones en la mitad del tiempo de funcionamiento comparado con los sistemas tradicionales de aire. Los desecadores para madera ISVE serie EM son particularmente indicados para la desecacion de tablas de&hellip;<\/p>\n","protected":false},"author":1,"featured_media":14447,"parent":15968,"menu_order":266,"comment_status":"closed","ping_status":"closed","template":"","meta":{"_acf_changed":false,"footnotes":""},"tags":[],"impaginazione":[],"divisione":[3690],"categorie_modelli":[],"class_list":["post-14710","page","type-page","status-publish","has-post-thumbnail","hentry","divisione-isve-wood","description-off"],"acf":[],"yoast_head":"<!-- This site is optimized with the Yoast SEO plugin v27.4 - https:\/\/yoast.com\/product\/yoast-seo-wordpress\/ -->\n<title>Modelos \u2013 Secadores de madera serie EM - ISVE SpA - Trattamento legno - Riciclaggio - Macinatori Trituratori<\/title>\n<meta name=\"robots\" content=\"index, follow, max-snippet:-1, max-image-preview:large, max-video-preview:-1\" \/>\n<link rel=\"canonical\" href=\"https:\/\/isve.com\/es\/equipos-tratamiento-madera\/secadores-madera-em\/\" \/>\n<meta property=\"og:locale\" content=\"es_ES\" \/>\n<meta property=\"og:type\" content=\"article\" \/>\n<meta property=\"og:title\" content=\"Modelos \u2013 Secadores de madera serie EM - ISVE SpA - Trattamento legno - Riciclaggio - Macinatori Trituratori\" \/>\n<meta property=\"og:description\" content=\"SECADORES SERIE EM de vac\u00edo discontinuo, donde un sofisticado sistema de distribuci\u00f3n de aire caliente alternado con fases de vac\u00edo, permite secar tablas en listones en la mitad del tiempo de funcionamiento comparado con los sistemas tradicionales de aire. Los desecadores para madera ISVE serie EM son particularmente indicados para la desecacion de tablas de&hellip;\" \/>\n<meta property=\"og:url\" content=\"https:\/\/isve.com\/es\/equipos-tratamiento-madera\/secadores-madera-em\/\" \/>\n<meta property=\"og:site_name\" content=\"ISVE SpA - Trattamento legno - Riciclaggio - Macinatori Trituratori\" \/>\n<meta property=\"article:modified_time\" content=\"2025-04-15T17:09:42+00:00\" \/>\n<meta property=\"og:image\" content=\"https:\/\/isve.com\/wp-content\/uploads\/EM_8\/1.\/EM_8_1.jpg\" \/>\n\t<meta property=\"og:image:width\" content=\"1920\" \/>\n\t<meta property=\"og:image:height\" content=\"549\" \/>\n\t<meta property=\"og:image:type\" content=\"image\/jpeg\" \/>\n<meta name=\"twitter:card\" content=\"summary_large_image\" \/>\n<meta name=\"twitter:label1\" content=\"Tiempo de lectura\" \/>\n\t<meta name=\"twitter:data1\" content=\"1 minuto\" \/>\n<script type=\"application\/ld+json\" class=\"yoast-schema-graph\">{\"@context\":\"https:\\\/\\\/schema.org\",\"@graph\":[{\"@type\":\"WebPage\",\"@id\":\"https:\\\/\\\/isve.com\\\/es\\\/equipos-tratamiento-madera\\\/secadores-madera-em\\\/\",\"url\":\"https:\\\/\\\/isve.com\\\/es\\\/equipos-tratamiento-madera\\\/secadores-madera-em\\\/\",\"name\":\"Modelos \u2013 Secadores de madera serie EM - ISVE SpA - Trattamento legno - Riciclaggio - Macinatori Trituratori\",\"isPartOf\":{\"@id\":\"https:\\\/\\\/isve.com\\\/es\\\/#website\"},\"primaryImageOfPage\":{\"@id\":\"https:\\\/\\\/isve.com\\\/es\\\/equipos-tratamiento-madera\\\/secadores-madera-em\\\/#primaryimage\"},\"image\":{\"@id\":\"https:\\\/\\\/isve.com\\\/es\\\/equipos-tratamiento-madera\\\/secadores-madera-em\\\/#primaryimage\"},\"thumbnailUrl\":\"https:\\\/\\\/isve.com\\\/wp-content\\\/uploads\\\/EM_8\\\/1.\\\/EM_8_1.jpg\",\"datePublished\":\"2019-12-14T10:22:53+00:00\",\"dateModified\":\"2025-04-15T17:09:42+00:00\",\"breadcrumb\":{\"@id\":\"https:\\\/\\\/isve.com\\\/es\\\/equipos-tratamiento-madera\\\/secadores-madera-em\\\/#breadcrumb\"},\"inLanguage\":\"es\",\"potentialAction\":[{\"@type\":\"ReadAction\",\"target\":[\"https:\\\/\\\/isve.com\\\/es\\\/equipos-tratamiento-madera\\\/secadores-madera-em\\\/\"]}]},{\"@type\":\"ImageObject\",\"inLanguage\":\"es\",\"@id\":\"https:\\\/\\\/isve.com\\\/es\\\/equipos-tratamiento-madera\\\/secadores-madera-em\\\/#primaryimage\",\"url\":\"https:\\\/\\\/isve.com\\\/wp-content\\\/uploads\\\/EM_8\\\/1.\\\/EM_8_1.jpg\",\"contentUrl\":\"https:\\\/\\\/isve.com\\\/wp-content\\\/uploads\\\/EM_8\\\/1.\\\/EM_8_1.jpg\",\"width\":1920,\"height\":549},{\"@type\":\"BreadcrumbList\",\"@id\":\"https:\\\/\\\/isve.com\\\/es\\\/equipos-tratamiento-madera\\\/secadores-madera-em\\\/#breadcrumb\",\"itemListElement\":[{\"@type\":\"ListItem\",\"position\":1,\"name\":\"Home\",\"item\":\"https:\\\/\\\/isve.com\\\/es\\\/\"},{\"@type\":\"ListItem\",\"position\":2,\"name\":\"Tratamiento de la Madera\",\"item\":\"https:\\\/\\\/isve.com\\\/es\\\/equipos-tratamiento-madera\\\/\"},{\"@type\":\"ListItem\",\"position\":3,\"name\":\"Modelos \u2013 Secadores de madera serie EM\"}]},{\"@type\":\"WebSite\",\"@id\":\"https:\\\/\\\/isve.com\\\/es\\\/#website\",\"url\":\"https:\\\/\\\/isve.com\\\/es\\\/\",\"name\":\"ISVE S.p.A.\",\"description\":\"Sistemi per trattamento del legno e triturazione macinazione granulazione\",\"publisher\":{\"@id\":\"https:\\\/\\\/isve.com\\\/es\\\/#organization\"},\"potentialAction\":[{\"@type\":\"SearchAction\",\"target\":{\"@type\":\"EntryPoint\",\"urlTemplate\":\"https:\\\/\\\/isve.com\\\/es\\\/?s={search_term_string}\"},\"query-input\":{\"@type\":\"PropertyValueSpecification\",\"valueRequired\":true,\"valueName\":\"search_term_string\"}}],\"inLanguage\":\"es\"},{\"@type\":\"Organization\",\"@id\":\"https:\\\/\\\/isve.com\\\/es\\\/#organization\",\"name\":\"ISVE S.p.A.\",\"url\":\"https:\\\/\\\/isve.com\\\/es\\\/\",\"logo\":{\"@type\":\"ImageObject\",\"inLanguage\":\"es\",\"@id\":\"https:\\\/\\\/isve.com\\\/es\\\/#\\\/schema\\\/logo\\\/image\\\/\",\"url\":\"https:\\\/\\\/isve.com\\\/wp-content\\\/uploads\\\/2026\\\/01\\\/logo-isve-spa.png\",\"contentUrl\":\"https:\\\/\\\/isve.com\\\/wp-content\\\/uploads\\\/2026\\\/01\\\/logo-isve-spa.png\",\"width\":600,\"height\":173,\"caption\":\"ISVE S.p.A.\"},\"image\":{\"@id\":\"https:\\\/\\\/isve.com\\\/es\\\/#\\\/schema\\\/logo\\\/image\\\/\"},\"sameAs\":[\"https:\\\/\\\/www.linkedin.com\\\/company\\\/69445471\",\"https:\\\/\\\/www.youtube.com\\\/@isves.p.a.8894\"]}]}<\/script>\n<!-- \/ Yoast SEO plugin. -->","yoast_head_json":{"title":"Modelos \u2013 Secadores de madera serie EM - ISVE SpA - Trattamento legno - Riciclaggio - Macinatori Trituratori","robots":{"index":"index","follow":"follow","max-snippet":"max-snippet:-1","max-image-preview":"max-image-preview:large","max-video-preview":"max-video-preview:-1"},"canonical":"https:\/\/isve.com\/es\/equipos-tratamiento-madera\/secadores-madera-em\/","og_locale":"es_ES","og_type":"article","og_title":"Modelos \u2013 Secadores de madera serie EM - ISVE SpA - Trattamento legno - Riciclaggio - Macinatori Trituratori","og_description":"SECADORES SERIE EM de vac\u00edo discontinuo, donde un sofisticado sistema de distribuci\u00f3n de aire caliente alternado con fases de vac\u00edo, permite secar tablas en listones en la mitad del tiempo de funcionamiento comparado con los sistemas tradicionales de aire. Los desecadores para madera ISVE serie EM son particularmente indicados para la desecacion de tablas de&hellip;","og_url":"https:\/\/isve.com\/es\/equipos-tratamiento-madera\/secadores-madera-em\/","og_site_name":"ISVE SpA - Trattamento legno - Riciclaggio - Macinatori Trituratori","article_modified_time":"2025-04-15T17:09:42+00:00","og_image":[{"width":1920,"height":549,"url":"https:\/\/isve.com\/wp-content\/uploads\/EM_8\/1.\/EM_8_1.jpg","type":"image\/jpeg"}],"twitter_card":"summary_large_image","twitter_misc":{"Tiempo de lectura":"1 minuto"},"schema":{"@context":"https:\/\/schema.org","@graph":[{"@type":"WebPage","@id":"https:\/\/isve.com\/es\/equipos-tratamiento-madera\/secadores-madera-em\/","url":"https:\/\/isve.com\/es\/equipos-tratamiento-madera\/secadores-madera-em\/","name":"Modelos \u2013 Secadores de madera serie EM - ISVE SpA - Trattamento legno - Riciclaggio - Macinatori Trituratori","isPartOf":{"@id":"https:\/\/isve.com\/es\/#website"},"primaryImageOfPage":{"@id":"https:\/\/isve.com\/es\/equipos-tratamiento-madera\/secadores-madera-em\/#primaryimage"},"image":{"@id":"https:\/\/isve.com\/es\/equipos-tratamiento-madera\/secadores-madera-em\/#primaryimage"},"thumbnailUrl":"https:\/\/isve.com\/wp-content\/uploads\/EM_8\/1.\/EM_8_1.jpg","datePublished":"2019-12-14T10:22:53+00:00","dateModified":"2025-04-15T17:09:42+00:00","breadcrumb":{"@id":"https:\/\/isve.com\/es\/equipos-tratamiento-madera\/secadores-madera-em\/#breadcrumb"},"inLanguage":"es","potentialAction":[{"@type":"ReadAction","target":["https:\/\/isve.com\/es\/equipos-tratamiento-madera\/secadores-madera-em\/"]}]},{"@type":"ImageObject","inLanguage":"es","@id":"https:\/\/isve.com\/es\/equipos-tratamiento-madera\/secadores-madera-em\/#primaryimage","url":"https:\/\/isve.com\/wp-content\/uploads\/EM_8\/1.\/EM_8_1.jpg","contentUrl":"https:\/\/isve.com\/wp-content\/uploads\/EM_8\/1.\/EM_8_1.jpg","width":1920,"height":549},{"@type":"BreadcrumbList","@id":"https:\/\/isve.com\/es\/equipos-tratamiento-madera\/secadores-madera-em\/#breadcrumb","itemListElement":[{"@type":"ListItem","position":1,"name":"Home","item":"https:\/\/isve.com\/es\/"},{"@type":"ListItem","position":2,"name":"Tratamiento de la Madera","item":"https:\/\/isve.com\/es\/equipos-tratamiento-madera\/"},{"@type":"ListItem","position":3,"name":"Modelos \u2013 Secadores de madera serie EM"}]},{"@type":"WebSite","@id":"https:\/\/isve.com\/es\/#website","url":"https:\/\/isve.com\/es\/","name":"ISVE S.p.A.","description":"Sistemi per trattamento del legno e triturazione macinazione granulazione","publisher":{"@id":"https:\/\/isve.com\/es\/#organization"},"potentialAction":[{"@type":"SearchAction","target":{"@type":"EntryPoint","urlTemplate":"https:\/\/isve.com\/es\/?s={search_term_string}"},"query-input":{"@type":"PropertyValueSpecification","valueRequired":true,"valueName":"search_term_string"}}],"inLanguage":"es"},{"@type":"Organization","@id":"https:\/\/isve.com\/es\/#organization","name":"ISVE S.p.A.","url":"https:\/\/isve.com\/es\/","logo":{"@type":"ImageObject","inLanguage":"es","@id":"https:\/\/isve.com\/es\/#\/schema\/logo\/image\/","url":"https:\/\/isve.com\/wp-content\/uploads\/2026\/01\/logo-isve-spa.png","contentUrl":"https:\/\/isve.com\/wp-content\/uploads\/2026\/01\/logo-isve-spa.png","width":600,"height":173,"caption":"ISVE S.p.A."},"image":{"@id":"https:\/\/isve.com\/es\/#\/schema\/logo\/image\/"},"sameAs":["https:\/\/www.linkedin.com\/company\/69445471","https:\/\/www.youtube.com\/@isves.p.a.8894"]}]}},"_links":{"self":[{"href":"https:\/\/isve.com\/es\/wp-json\/wp\/v2\/pages\/14710","targetHints":{"allow":["GET"]}}],"collection":[{"href":"https:\/\/isve.com\/es\/wp-json\/wp\/v2\/pages"}],"about":[{"href":"https:\/\/isve.com\/es\/wp-json\/wp\/v2\/types\/page"}],"author":[{"embeddable":true,"href":"https:\/\/isve.com\/es\/wp-json\/wp\/v2\/users\/1"}],"replies":[{"embeddable":true,"href":"https:\/\/isve.com\/es\/wp-json\/wp\/v2\/comments?post=14710"}],"version-history":[{"count":0,"href":"https:\/\/isve.com\/es\/wp-json\/wp\/v2\/pages\/14710\/revisions"}],"up":[{"embeddable":true,"href":"https:\/\/isve.com\/es\/wp-json\/wp\/v2\/pages\/15968"}],"wp:featuredmedia":[{"embeddable":true,"href":"https:\/\/isve.com\/es\/wp-json\/wp\/v2\/media\/14447"}],"wp:attachment":[{"href":"https:\/\/isve.com\/es\/wp-json\/wp\/v2\/media?parent=14710"}],"wp:term":[{"taxonomy":"post_tag","embeddable":true,"href":"https:\/\/isve.com\/es\/wp-json\/wp\/v2\/tags?post=14710"},{"taxonomy":"impaginazione","embeddable":true,"href":"https:\/\/isve.com\/es\/wp-json\/wp\/v2\/impaginazione?post=14710"},{"taxonomy":"divisione","embeddable":true,"href":"https:\/\/isve.com\/es\/wp-json\/wp\/v2\/divisione?post=14710"},{"taxonomy":"categorie_modelli","embeddable":true,"href":"https:\/\/isve.com\/es\/wp-json\/wp\/v2\/categorie_modelli?post=14710"}],"curies":[{"name":"wp","href":"https:\/\/api.w.org\/{rel}","templated":true}]}}