{"id":14704,"date":"2019-12-14T10:54:38","date_gmt":"2019-12-14T09:54:38","guid":{"rendered":"https:\/\/isve.com\/secaderos-al-vacio-modelo-em-introduccion\/"},"modified":"2026-02-03T16:43:45","modified_gmt":"2026-02-03T15:43:45","slug":"secaderos-al-vacio-modelo-em-introduccion","status":"publish","type":"page","link":"https:\/\/isve.com\/es\/equipos-tratamiento-madera\/secaderos-al-vacio-modelo-em-introduccion\/","title":{"rendered":"Secaderos al vac\u00edo modelo EM: introducci\u00f3n"},"content":{"rendered":"<h2><strong>Secaderos serie EM: secar rapidamente sin defectos.<\/strong><\/h2>\n<p>Las modernas tecnolog\u00edas aplicadas en los laboratorios de trabajo de la madera han permitido optimizar la utilizaci\u00f3n y los tiempos de elaboraci\u00f3n de la materia prima.<br \/>\nSin embargo tratar de ganar 0,5 mm sobre el espesor de una tabla, o 1 m al segundo sobre la velocidad de una m\u00e1quina operadora sin prestar la misma atenci\u00f3n a la &#8220;<strong>no calidad<\/strong>&#8221; de la operaci\u00f3n de <strong>secado<\/strong>, puede ocasionar <strong>p\u00e9rdidas de rendimiento del 5-10%<\/strong> a dichas m\u00e1quinas.<\/p>\n<p>El <strong>desecador<\/strong> debe pues ser considerado como una <strong>m\u00e1quina de producci\u00f3n<\/strong>, con la garant\u00eda de un <strong>ahorro real<\/strong> sobre la<strong> materia prima<\/strong> y la <strong>calidad del producto acabado<\/strong>.<\/p>\n<p>&nbsp;<\/p>\n<h3><strong>Secadores bajo vac\u00edo continuo\/discontinuo para tablas:<br \/>\n<\/strong><strong>dimensiones contenida, elevada producci\u00f3n.<\/strong><\/h3>\n<p>Los desecadores ISVE serie EM est\u00e1n especialmente indicados <strong>para el secado de tablas de las m\u00e1s variadas esencias le\u00f1osas<\/strong>.<\/p>\n<p>Estas instalaciones son llamadas de &#8220;<strong>vac\u00edo continuo\/discontinuo<\/strong>&#8221; porque la fase de vac\u00edo puede ser interrumpida por ciclos de aire caliente y h\u00famedo que permite un calentamiento r\u00e1pido de la madera.<\/p>\n<p>En las instalaciones EM la pila est\u00e1 compuesta de <strong>tablas oportunamente fileteadas<\/strong> que se colocan sobre la batea del carro de carga del autoclave. Una vez cerrada la instalaci\u00f3n y programados los par\u00e1metros sobre el ordenador de control, el<strong> ciclo de secado<\/strong> puede comenzar.<\/p>\n<p>&nbsp;<\/p>\n<h3><strong>\u00bfPor qu\u00e9 elegir un secador EM?<\/strong><\/h3>\n<p>Las\u00a0<strong>dimensiones restringidas respecto a la productividad<\/strong>\u00a0de estas instalaciones permiten un notable ahorro en t\u00e9rminos de espacio y una f\u00e1cil colocaci\u00f3n del autoclave en el interior de la empresa, sin deber efectuar obras de alba\u00f1iler\u00eda o de conexiones especiales.<\/p>\n<p>Los <strong>materiales de calidad<\/strong> utilizados en la construcci\u00f3n del autoclave, como el acero inoxidable y el aluminio, garantizan la duraci\u00f3n contra la corrosi\u00f3n, mientras que la elecci\u00f3n de los componentes provenientes de importantes empresas italianas y extranjeras permite alcanzar una alta fiabilidad.<\/p>\n<p>Estas caracter\u00edsticas, comunes a todos los secadores ISVE, se reflejan sobre la elevada calidad del secado realizado en tiempos breves y con <strong>costes de trabajo extremadamente restringidos.<\/strong><\/p>\n<table border=\"1\">\n<tbody>\n<tr>\n<td><\/td>\n<td style=\"text-align: center;\">DE<\/td>\n<td style=\"text-align: center;\">\u00a0A<\/td>\n<\/tr>\n<tr>\n<td>Tama\u00f1o pilas m3<\/td>\n<td style=\"text-align: center;\">2<\/td>\n<td style=\"text-align: center;\">75<\/td>\n<\/tr>\n<tr>\n<td>Longitud interna m.<\/td>\n<td style=\"text-align: center;\">5<\/td>\n<td style=\"text-align: center;\">18<\/td>\n<\/tr>\n<tr>\n<td>Potencia kW<\/td>\n<td style=\"text-align: center;\">10<\/td>\n<td style=\"text-align: center;\">65<\/td>\n<\/tr>\n<tr>\n<td>Peso Kg<\/td>\n<td>1.100<\/td>\n<td>15.200<\/td>\n<\/tr>\n<\/tbody>\n<\/table>\n<p><a class=\"btn btn-lg btn-block pulsante-giallo\" href=\"https:\/\/isve.com\/es\/equipos-tratamiento-madera\/secadores-madera-em\/\">VER TODOS LOS MODELOS<\/a><\/p>\n<hr \/>\n<p><img fetchpriority=\"high\" decoding=\"async\" class=\"wp-image-6016 size-medium aligncenter\" src=\"https:\/\/isve.com\/wp-content\/uploads\/\/EM8V-funzionamento3D-600x355.jpg\" alt=\"\" width=\"600\" height=\"355\" \/><\/p>\n<p>&nbsp;<\/p>\n<p style=\"text-align: left;\"><strong>Sistema de difusi\u00f3n del calor en los secadores de la serie EM: dise\u00f1o del sistema<\/strong><\/p>\n<ol>\n<li>Panel el\u00e9ctrico<\/li>\n<li>Resistencias del calentamiento<\/li>\n<li>Espacio de carga para las pilas de madera<\/li>\n<li>Ventiladores de doble flujo<\/li>\n<li>Turbulencia<\/li>\n<li>Sondas de temperatura, humedad de la madera y humedad ambiental.<\/li>\n<li>Carro de carga motorizado<\/li>\n<li>Condensadores<\/li>\n<\/ol>\n<h3><strong>Sistemas EM: como funcionan<\/strong><\/h3>\n<p>En una primera fase en el <strong>autoclave<\/strong> se hace circular el <strong>aire caliente<\/strong> caracterizado por una <strong>tasa elevada de humedad<\/strong>. Al principio del ciclo es importante aumentar gradualmente la temperatura de la madera evitando que empiece el secado por la parte m\u00e1s superficial de las tablas. El <strong>elevado valor de humedad<\/strong>, controlado electr\u00f3nicamente por medio de sondas, impide que se generen <strong>tensiones peligrosas<\/strong> a lo largo de la secci\u00f3n de la madera.<\/p>\n<p>Una vez elevada la temperatura de la pila a los niveles deseados, la bomba de vac\u00edo <strong>evacua todo el aire del autoclave<\/strong>. Alcanzado el valor de vac\u00edo establecido, el calor asimilado por la madera hace <strong>evaporar el agua<\/strong> de las tablas provocando su secado.<\/p>\n<p>Estas fases, resumidas de manera muy sencilla, se <strong>repiten varias veces<\/strong> en el \u00e1mbito del proceso, uniendo de manera \u00f3ptima la utilizaci\u00f3n del aire caliente y h\u00famedo con el <strong>vac\u00edo<\/strong>, elemento indispensable para un <strong>secado r\u00e1pido y de calidad<\/strong>.<\/p>\n<p><img decoding=\"async\" class=\"wp-image-6009 size-medium aligncenter\" src=\"https:\/\/isve.com\/wp-content\/uploads\/\/EM8V-Scont_WEB-600x235.jpg\" alt=\"\" width=\"600\" height=\"235\" \/><\/p>\n<p style=\"text-align: center;\"><strong>Carro de carga con pila de tablas de rayas listas para cargar en el autoclave<\/strong><\/p>\n<p>&nbsp;<\/p>\n<hr \/>\n<h3><strong>Como elegir el modelo mas adecuado<\/strong><\/h3>\n<p>C\u00f3mo\u00a0<strong>elegir un desecador bajo vac\u00edo<\/strong>, pero sobre todo: \u00bfC\u00f3mo dimensionarlo sobre la base de las propias exigencias?<\/p>\n<p>Los par\u00e1metros principales que hay que tomar en consideraci\u00f3n son los siguientes:<\/p>\n<ul>\n<li>cantidad en m\u00b3 de madera para secar por unidad de tiempo;<\/li>\n<li>esencia le\u00f1osa (pino, abeto, roble, etc.);<\/li>\n<li>espesor expresado en mm de la tabla;<\/li>\n<li>humedad inicial.<\/li>\n<\/ul>\n<p>Del gr\u00e1fico se pueden obtener algunas indicaciones sobre los <strong>tiempos de secado sobre la base de la humedad inicial y del espesor de la madera<\/strong>.<\/p>\n\n\t\t<style>\n\t\t\t#gallery-1 {\n\t\t\t\tmargin: auto;\n\t\t\t}\n\t\t\t#gallery-1 .gallery-item {\n\t\t\t\tfloat: left;\n\t\t\t\tmargin-top: 10px;\n\t\t\t\ttext-align: center;\n\t\t\t\twidth: 100%;\n\t\t\t}\n\t\t\t#gallery-1 img {\n\t\t\t\tborder: 2px solid #cfcfcf;\n\t\t\t}\n\t\t\t#gallery-1 .gallery-caption {\n\t\t\t\tmargin-left: 0;\n\t\t\t}\n\t\t\t\/* see gallery_shortcode() in wp-includes\/media.php *\/\n\t\t<\/style>\n\t\t<div id='gallery-1' class='gallery galleryid-14704 gallery-columns-1 gallery-size-large'><dl class='gallery-item'>\n\t\t\t<dt class='gallery-icon landscape'>\n\t\t\t\t<a href='https:\/\/isve.com\/es\/tempi-di-essiccazione-em-2\/'><img decoding=\"async\" width=\"1024\" height=\"350\" src=\"https:\/\/isve.com\/wp-content\/uploads\/2025\/04\/tempi-di-essiccazione-em-1024x350.png\" class=\"attachment-large size-large\" alt=\"\" srcset=\"https:\/\/isve.com\/wp-content\/uploads\/2025\/04\/tempi-di-essiccazione-em-1024x350.png 1024w, https:\/\/isve.com\/wp-content\/uploads\/2025\/04\/tempi-di-essiccazione-em-600x205.png 600w, https:\/\/isve.com\/wp-content\/uploads\/2025\/04\/tempi-di-essiccazione-em-768x263.png 768w, https:\/\/isve.com\/wp-content\/uploads\/2025\/04\/tempi-di-essiccazione-em-1536x526.png 1536w, https:\/\/isve.com\/wp-content\/uploads\/2025\/04\/tempi-di-essiccazione-em-1000x342.png 1000w, https:\/\/isve.com\/wp-content\/uploads\/2025\/04\/tempi-di-essiccazione-em.png 1920w\" sizes=\"(max-width: 1024px) 100vw, 1024px\" \/><\/a>\n\t\t\t<\/dt><\/dl><br style=\"clear: both\" \/>\n\t\t<\/div>\n\n<p>Haciendo coincidir la humedad inicial de las tablas con la recta del espesor y bajando hasta cruzar las l\u00edneas gris-blanco de las diferentes esencias le\u00f1osas, se llegar\u00e1 a determinar la duraci\u00f3n expresada en d\u00edas del proceso de secado.<\/p>\n<p>De este resultado es f\u00e1cil intuir como la\u00a0<strong>reducci\u00f3n de los tiempos de secado<\/strong> permite trabajar con secadores de capacidad restringida respecto al volumen completo del producto secado.<\/p>\n<p>&nbsp;<\/p>\n<h3>Las ventajas son claramente m\u00faltiples:<\/h3>\n<p>van desde el ahorro de espacio, a la m\u00e1s f\u00e1cil introducci\u00f3n en la log\u00edstica de la empresa del proceso de secado. Por \u00faltimo, pero no meno importante, las caracter\u00edsticas monol\u00edticas de los secadores ISVE permiten una f\u00e1cil colocaci\u00f3n despu\u00e9s de una eventual reorganizaci\u00f3n de las l\u00edneas de trabajo de la empresa.<\/p>\n<p>La calidad del secado y la calidad del proyecto se reflejan pues en los secadores ISVE serie EMV en la sencillez de utilizaci\u00f3n y en la f\u00e1cil inserci\u00f3n en el ciclo de producci\u00f3n de la empresa.<\/p>\n<p><img loading=\"lazy\" decoding=\"async\" class=\"wp-image-4325 size-medium aligncenter\" src=\"https:\/\/isve.com\/wp-content\/uploads\/\/isve-EMV-Spagna-600x398.jpg\" alt=\"\" width=\"600\" height=\"398\" \/><\/p>\n<hr \/>\n<h2><strong>El vac\u00edo: el secreto de la calidad del secado ISVE<\/strong><\/h2>\n<h3>La t\u00e9cnica del vac\u00edo para secar la madera de obra<\/h3>\n<p>El secado de la madera obtenido a trav\u00e9s de la exposici\u00f3n al aire, o en desecadores tradicionales, tiene lugar siempre sobre la base de los siguientes procesos:<\/p>\n<ul>\n<li>eliminaci\u00f3n del agua desde la superficie de las tablas de madera a trav\u00e9s de corrientes de aire caliente (FASE 1);<\/li>\n<li>emigraci\u00f3n de la humedad desde el centro de las tablas m\u00e1s h\u00famedo hacia la superficie m\u00e1s seca (FASE 2).<\/li>\n<\/ul>\n<p>Si los dos procesos no tienen lugar en perfecta sinton\u00eda es f\u00e1cil que se generen tensiones an\u00f3malas (FASE 3) que provocan la deformaci\u00f3n y la fisura de la madera.<br \/>\nLa fiabilidad de un sistema de secado tradicional est\u00e1 pues ligada a la necesidad de proceder con tiempos bastante largos, para no crear f\u00e1ciles desequilibrios de humedad en el \u00e1mbito de la secci\u00f3n para secar.<br \/>\nEste procedimiento resulta sin embargo v\u00e1lido para bajar el elevado contenido de agua en la madera verde.<\/p>\n<p>&nbsp;<\/p>\n<p><img loading=\"lazy\" decoding=\"async\" class=\"wp-image-4241 size-full aligncenter\" src=\"https:\/\/isve.com\/wp-content\/uploads\/essicazione-sottovuoto_IT.gif\" alt=\"\" width=\"927\" height=\"354\" \/><\/p>\n<h3><\/h3>\n<h3>Secado con la utilizaci\u00f3n del vac\u00edo<\/h3>\n<p>El secado con la utilizaci\u00f3n del vac\u00edo permite aprovechar dos principios f\u00edsicos naturales:<\/p>\n<p>la reducci\u00f3n de presi\u00f3n (creaci\u00f3n del vac\u00edo) determina la transformaci\u00f3n del agua contenida en la madera en vapor a bajas temperaturas (45\u00b0C a \u2013700 mmHg);<br \/>\nel vapor de agua se mueve siempre desde las zonas calientes hasta las fr\u00edas.<br \/>\nEl primer principio garantiza una retirada r\u00e1pida del vapor acuoso a partir del centro de la masa le\u00f1osa y una dr\u00e1stica reducci\u00f3n de las necesidades de energ\u00eda t\u00e9rmica, ya que la operaci\u00f3n se realiza a bajas temperaturas.<br \/>\nEl segundo principio permite controlar y regular, instante por instante, la cantidad de humedad que se elimina de la madera operando sobre la temperatura de los condensadores.<br \/>\nLa sinerg\u00eda de los dos procesos permite la bajada de la humedad de la madera de manera uniforme y sin estr\u00e9s para la estructura.<\/p>\n<p>Considerando la alta tecnolog\u00eda aplicada a estas m\u00e1quinas y la posibilidad de regular con precisi\u00f3n cada fase del proceso, el secado bajo vac\u00edo se presta muy bien para estabilizar definitivamente el contenido porcentual de humedad de la madera.<br \/>\nEste resultado es de un incomparable valor sobre todo en las siguientes fases de acabado y de ensamblaje del producto semi-acabado.<\/p>\n<p>En el caso de maderas que presenten bolsas de resina, el secado bajo vac\u00edo garantiza por fin la completa evaporaci\u00f3n de disolventes vegetales, provocando por consiguiente una cristalizaci\u00f3n irreversible de la resina misma.<\/p>\n<p><img loading=\"lazy\" decoding=\"async\" class=\"wp-image-4305 size-medium aligncenter\" src=\"https:\/\/isve.com\/wp-content\/uploads\/\/isve-EM12V-Toscana-600x451.jpg\" alt=\"\" width=\"600\" height=\"451\" \/><\/p>\n<hr \/>\n<p><a class=\"btn btn-lg btn-block pulsante-giallo\" href=\"https:\/\/isve.com\/es\/equipos-tratamiento-madera\/secadores-madera-em\/\">VER TODOS LOS MODELOS<\/a><\/p>\n","protected":false},"excerpt":{"rendered":"<p>Secaderos serie EM: secar rapidamente sin defectos. Las modernas tecnolog\u00edas aplicadas en los laboratorios de trabajo de la madera han permitido optimizar la utilizaci\u00f3n y los tiempos de elaboraci\u00f3n de la materia prima. Sin embargo tratar de ganar 0,5 mm sobre el espesor de una tabla, o 1 m al segundo sobre la velocidad de&hellip;<\/p>\n","protected":false},"author":1,"featured_media":14450,"parent":15968,"menu_order":263,"comment_status":"closed","ping_status":"closed","template":"","meta":{"_acf_changed":false,"footnotes":""},"tags":[],"impaginazione":[],"divisione":[3690],"categorie_modelli":[],"class_list":["post-14704","page","type-page","status-publish","has-post-thumbnail","hentry","divisione-isve-wood","description-off"],"acf":[],"yoast_head":"<!-- This site is optimized with the Yoast SEO plugin v27.4 - https:\/\/yoast.com\/product\/yoast-seo-wordpress\/ -->\n<title>Secaderos al vac\u00edo modelo EM: introducci\u00f3n - ISVE SpA - Tratamiento madera - Reciclaje - Molinos Trituradoras<\/title>\n<meta name=\"robots\" content=\"index, follow, max-snippet:-1, max-image-preview:large, max-video-preview:-1\" \/>\n<link rel=\"canonical\" href=\"https:\/\/isve.com\/es\/equipos-tratamiento-madera\/secaderos-al-vacio-modelo-em-introduccion\/\" \/>\n<meta property=\"og:locale\" content=\"es_ES\" \/>\n<meta property=\"og:type\" content=\"article\" \/>\n<meta property=\"og:title\" content=\"Secaderos al vac\u00edo modelo EM: introducci\u00f3n - ISVE SpA - Tratamiento madera - Reciclaje - Molinos Trituradoras\" \/>\n<meta property=\"og:description\" content=\"Secaderos serie EM: secar rapidamente sin defectos. Las modernas tecnolog\u00edas aplicadas en los laboratorios de trabajo de la madera han permitido optimizar la utilizaci\u00f3n y los tiempos de elaboraci\u00f3n de la materia prima. Sin embargo tratar de ganar 0,5 mm sobre el espesor de una tabla, o 1 m al segundo sobre la velocidad de&hellip;\" \/>\n<meta property=\"og:url\" content=\"https:\/\/isve.com\/es\/equipos-tratamiento-madera\/secaderos-al-vacio-modelo-em-introduccion\/\" \/>\n<meta property=\"og:site_name\" content=\"ISVE SpA - Tratamiento madera - Reciclaje - Molinos Trituradoras\" \/>\n<meta property=\"article:modified_time\" content=\"2026-02-03T15:43:45+00:00\" \/>\n<meta property=\"og:image\" content=\"https:\/\/isve.com\/wp-content\/uploads\/EM_8\/1.\/EM_8_1.jpg\" \/>\n\t<meta property=\"og:image:width\" content=\"1920\" \/>\n\t<meta property=\"og:image:height\" content=\"549\" \/>\n\t<meta property=\"og:image:type\" content=\"image\/jpeg\" \/>\n<meta name=\"twitter:card\" content=\"summary_large_image\" \/>\n<meta name=\"twitter:label1\" content=\"Tiempo de lectura\" \/>\n\t<meta name=\"twitter:data1\" content=\"7 minutos\" \/>\n<script type=\"application\/ld+json\" class=\"yoast-schema-graph\">{\"@context\":\"https:\\\/\\\/schema.org\",\"@graph\":[{\"@type\":\"WebPage\",\"@id\":\"https:\\\/\\\/isve.com\\\/es\\\/equipos-tratamiento-madera\\\/secaderos-al-vacio-modelo-em-introduccion\\\/\",\"url\":\"https:\\\/\\\/isve.com\\\/es\\\/equipos-tratamiento-madera\\\/secaderos-al-vacio-modelo-em-introduccion\\\/\",\"name\":\"Secaderos al vac\u00edo modelo EM: introducci\u00f3n - ISVE SpA - Tratamiento madera - Reciclaje - Molinos Trituradoras\",\"isPartOf\":{\"@id\":\"https:\\\/\\\/isve.com\\\/es\\\/#website\"},\"primaryImageOfPage\":{\"@id\":\"https:\\\/\\\/isve.com\\\/es\\\/equipos-tratamiento-madera\\\/secaderos-al-vacio-modelo-em-introduccion\\\/#primaryimage\"},\"image\":{\"@id\":\"https:\\\/\\\/isve.com\\\/es\\\/equipos-tratamiento-madera\\\/secaderos-al-vacio-modelo-em-introduccion\\\/#primaryimage\"},\"thumbnailUrl\":\"https:\\\/\\\/isve.com\\\/wp-content\\\/uploads\\\/EM_8\\\/1.\\\/EM_8_1.jpg\",\"datePublished\":\"2019-12-14T09:54:38+00:00\",\"dateModified\":\"2026-02-03T15:43:45+00:00\",\"breadcrumb\":{\"@id\":\"https:\\\/\\\/isve.com\\\/es\\\/equipos-tratamiento-madera\\\/secaderos-al-vacio-modelo-em-introduccion\\\/#breadcrumb\"},\"inLanguage\":\"es\",\"potentialAction\":[{\"@type\":\"ReadAction\",\"target\":[\"https:\\\/\\\/isve.com\\\/es\\\/equipos-tratamiento-madera\\\/secaderos-al-vacio-modelo-em-introduccion\\\/\"]}]},{\"@type\":\"ImageObject\",\"inLanguage\":\"es\",\"@id\":\"https:\\\/\\\/isve.com\\\/es\\\/equipos-tratamiento-madera\\\/secaderos-al-vacio-modelo-em-introduccion\\\/#primaryimage\",\"url\":\"https:\\\/\\\/isve.com\\\/wp-content\\\/uploads\\\/EM_8\\\/1.\\\/EM_8_1.jpg\",\"contentUrl\":\"https:\\\/\\\/isve.com\\\/wp-content\\\/uploads\\\/EM_8\\\/1.\\\/EM_8_1.jpg\",\"width\":1920,\"height\":549},{\"@type\":\"BreadcrumbList\",\"@id\":\"https:\\\/\\\/isve.com\\\/es\\\/equipos-tratamiento-madera\\\/secaderos-al-vacio-modelo-em-introduccion\\\/#breadcrumb\",\"itemListElement\":[{\"@type\":\"ListItem\",\"position\":1,\"name\":\"Home\",\"item\":\"https:\\\/\\\/isve.com\\\/es\\\/\"},{\"@type\":\"ListItem\",\"position\":2,\"name\":\"Tratamiento de la Madera\",\"item\":\"https:\\\/\\\/isve.com\\\/es\\\/equipos-tratamiento-madera\\\/\"},{\"@type\":\"ListItem\",\"position\":3,\"name\":\"Secaderos al vac\u00edo modelo EM: introducci\u00f3n\"}]},{\"@type\":\"WebSite\",\"@id\":\"https:\\\/\\\/isve.com\\\/es\\\/#website\",\"url\":\"https:\\\/\\\/isve.com\\\/es\\\/\",\"name\":\"ISVE S.p.A.\",\"description\":\"Sistemas para tratamiento de madera y para trituraci\u00f3n moler granulaci\u00f3n\",\"publisher\":{\"@id\":\"https:\\\/\\\/isve.com\\\/es\\\/#organization\"},\"potentialAction\":[{\"@type\":\"SearchAction\",\"target\":{\"@type\":\"EntryPoint\",\"urlTemplate\":\"https:\\\/\\\/isve.com\\\/es\\\/?s={search_term_string}\"},\"query-input\":{\"@type\":\"PropertyValueSpecification\",\"valueRequired\":true,\"valueName\":\"search_term_string\"}}],\"inLanguage\":\"es\"},{\"@type\":\"Organization\",\"@id\":\"https:\\\/\\\/isve.com\\\/es\\\/#organization\",\"name\":\"ISVE S.p.A.\",\"url\":\"https:\\\/\\\/isve.com\\\/es\\\/\",\"logo\":{\"@type\":\"ImageObject\",\"inLanguage\":\"es\",\"@id\":\"https:\\\/\\\/isve.com\\\/es\\\/#\\\/schema\\\/logo\\\/image\\\/\",\"url\":\"https:\\\/\\\/isve.com\\\/wp-content\\\/uploads\\\/2026\\\/01\\\/logo-isve-spa.png\",\"contentUrl\":\"https:\\\/\\\/isve.com\\\/wp-content\\\/uploads\\\/2026\\\/01\\\/logo-isve-spa.png\",\"width\":600,\"height\":173,\"caption\":\"ISVE S.p.A.\"},\"image\":{\"@id\":\"https:\\\/\\\/isve.com\\\/es\\\/#\\\/schema\\\/logo\\\/image\\\/\"},\"sameAs\":[\"https:\\\/\\\/www.linkedin.com\\\/company\\\/69445471\",\"https:\\\/\\\/www.youtube.com\\\/@isves.p.a.8894\"]}]}<\/script>\n<!-- \/ Yoast SEO plugin. -->","yoast_head_json":{"title":"Secaderos al vac\u00edo modelo EM: introducci\u00f3n - ISVE SpA - Tratamiento madera - Reciclaje - Molinos Trituradoras","robots":{"index":"index","follow":"follow","max-snippet":"max-snippet:-1","max-image-preview":"max-image-preview:large","max-video-preview":"max-video-preview:-1"},"canonical":"https:\/\/isve.com\/es\/equipos-tratamiento-madera\/secaderos-al-vacio-modelo-em-introduccion\/","og_locale":"es_ES","og_type":"article","og_title":"Secaderos al vac\u00edo modelo EM: introducci\u00f3n - ISVE SpA - Tratamiento madera - Reciclaje - Molinos Trituradoras","og_description":"Secaderos serie EM: secar rapidamente sin defectos. Las modernas tecnolog\u00edas aplicadas en los laboratorios de trabajo de la madera han permitido optimizar la utilizaci\u00f3n y los tiempos de elaboraci\u00f3n de la materia prima. Sin embargo tratar de ganar 0,5 mm sobre el espesor de una tabla, o 1 m al segundo sobre la velocidad de&hellip;","og_url":"https:\/\/isve.com\/es\/equipos-tratamiento-madera\/secaderos-al-vacio-modelo-em-introduccion\/","og_site_name":"ISVE SpA - Tratamiento madera - Reciclaje - Molinos Trituradoras","article_modified_time":"2026-02-03T15:43:45+00:00","og_image":[{"width":1920,"height":549,"url":"https:\/\/isve.com\/wp-content\/uploads\/EM_8\/1.\/EM_8_1.jpg","type":"image\/jpeg"}],"twitter_card":"summary_large_image","twitter_misc":{"Tiempo de lectura":"7 minutos"},"schema":{"@context":"https:\/\/schema.org","@graph":[{"@type":"WebPage","@id":"https:\/\/isve.com\/es\/equipos-tratamiento-madera\/secaderos-al-vacio-modelo-em-introduccion\/","url":"https:\/\/isve.com\/es\/equipos-tratamiento-madera\/secaderos-al-vacio-modelo-em-introduccion\/","name":"Secaderos al vac\u00edo modelo EM: introducci\u00f3n - ISVE SpA - Tratamiento madera - Reciclaje - Molinos Trituradoras","isPartOf":{"@id":"https:\/\/isve.com\/es\/#website"},"primaryImageOfPage":{"@id":"https:\/\/isve.com\/es\/equipos-tratamiento-madera\/secaderos-al-vacio-modelo-em-introduccion\/#primaryimage"},"image":{"@id":"https:\/\/isve.com\/es\/equipos-tratamiento-madera\/secaderos-al-vacio-modelo-em-introduccion\/#primaryimage"},"thumbnailUrl":"https:\/\/isve.com\/wp-content\/uploads\/EM_8\/1.\/EM_8_1.jpg","datePublished":"2019-12-14T09:54:38+00:00","dateModified":"2026-02-03T15:43:45+00:00","breadcrumb":{"@id":"https:\/\/isve.com\/es\/equipos-tratamiento-madera\/secaderos-al-vacio-modelo-em-introduccion\/#breadcrumb"},"inLanguage":"es","potentialAction":[{"@type":"ReadAction","target":["https:\/\/isve.com\/es\/equipos-tratamiento-madera\/secaderos-al-vacio-modelo-em-introduccion\/"]}]},{"@type":"ImageObject","inLanguage":"es","@id":"https:\/\/isve.com\/es\/equipos-tratamiento-madera\/secaderos-al-vacio-modelo-em-introduccion\/#primaryimage","url":"https:\/\/isve.com\/wp-content\/uploads\/EM_8\/1.\/EM_8_1.jpg","contentUrl":"https:\/\/isve.com\/wp-content\/uploads\/EM_8\/1.\/EM_8_1.jpg","width":1920,"height":549},{"@type":"BreadcrumbList","@id":"https:\/\/isve.com\/es\/equipos-tratamiento-madera\/secaderos-al-vacio-modelo-em-introduccion\/#breadcrumb","itemListElement":[{"@type":"ListItem","position":1,"name":"Home","item":"https:\/\/isve.com\/es\/"},{"@type":"ListItem","position":2,"name":"Tratamiento de la Madera","item":"https:\/\/isve.com\/es\/equipos-tratamiento-madera\/"},{"@type":"ListItem","position":3,"name":"Secaderos al vac\u00edo modelo EM: introducci\u00f3n"}]},{"@type":"WebSite","@id":"https:\/\/isve.com\/es\/#website","url":"https:\/\/isve.com\/es\/","name":"ISVE S.p.A.","description":"Sistemas para tratamiento de madera y para trituraci\u00f3n moler granulaci\u00f3n","publisher":{"@id":"https:\/\/isve.com\/es\/#organization"},"potentialAction":[{"@type":"SearchAction","target":{"@type":"EntryPoint","urlTemplate":"https:\/\/isve.com\/es\/?s={search_term_string}"},"query-input":{"@type":"PropertyValueSpecification","valueRequired":true,"valueName":"search_term_string"}}],"inLanguage":"es"},{"@type":"Organization","@id":"https:\/\/isve.com\/es\/#organization","name":"ISVE S.p.A.","url":"https:\/\/isve.com\/es\/","logo":{"@type":"ImageObject","inLanguage":"es","@id":"https:\/\/isve.com\/es\/#\/schema\/logo\/image\/","url":"https:\/\/isve.com\/wp-content\/uploads\/2026\/01\/logo-isve-spa.png","contentUrl":"https:\/\/isve.com\/wp-content\/uploads\/2026\/01\/logo-isve-spa.png","width":600,"height":173,"caption":"ISVE S.p.A."},"image":{"@id":"https:\/\/isve.com\/es\/#\/schema\/logo\/image\/"},"sameAs":["https:\/\/www.linkedin.com\/company\/69445471","https:\/\/www.youtube.com\/@isves.p.a.8894"]}]}},"_links":{"self":[{"href":"https:\/\/isve.com\/es\/wp-json\/wp\/v2\/pages\/14704","targetHints":{"allow":["GET"]}}],"collection":[{"href":"https:\/\/isve.com\/es\/wp-json\/wp\/v2\/pages"}],"about":[{"href":"https:\/\/isve.com\/es\/wp-json\/wp\/v2\/types\/page"}],"author":[{"embeddable":true,"href":"https:\/\/isve.com\/es\/wp-json\/wp\/v2\/users\/1"}],"replies":[{"embeddable":true,"href":"https:\/\/isve.com\/es\/wp-json\/wp\/v2\/comments?post=14704"}],"version-history":[{"count":1,"href":"https:\/\/isve.com\/es\/wp-json\/wp\/v2\/pages\/14704\/revisions"}],"predecessor-version":[{"id":27812,"href":"https:\/\/isve.com\/es\/wp-json\/wp\/v2\/pages\/14704\/revisions\/27812"}],"up":[{"embeddable":true,"href":"https:\/\/isve.com\/es\/wp-json\/wp\/v2\/pages\/15968"}],"wp:featuredmedia":[{"embeddable":true,"href":"https:\/\/isve.com\/es\/wp-json\/wp\/v2\/media\/14450"}],"wp:attachment":[{"href":"https:\/\/isve.com\/es\/wp-json\/wp\/v2\/media?parent=14704"}],"wp:term":[{"taxonomy":"post_tag","embeddable":true,"href":"https:\/\/isve.com\/es\/wp-json\/wp\/v2\/tags?post=14704"},{"taxonomy":"impaginazione","embeddable":true,"href":"https:\/\/isve.com\/es\/wp-json\/wp\/v2\/impaginazione?post=14704"},{"taxonomy":"divisione","embeddable":true,"href":"https:\/\/isve.com\/es\/wp-json\/wp\/v2\/divisione?post=14704"},{"taxonomy":"categorie_modelli","embeddable":true,"href":"https:\/\/isve.com\/es\/wp-json\/wp\/v2\/categorie_modelli?post=14704"}],"curies":[{"name":"wp","href":"https:\/\/api.w.org\/{rel}","templated":true}]}}