{"id":14698,"date":"2019-12-19T12:29:27","date_gmt":"2019-12-19T11:29:27","guid":{"rendered":"https:\/\/isve.com\/moledores-y-refinadores-de-madera\/"},"modified":"2025-04-23T17:30:44","modified_gmt":"2025-04-23T15:30:44","slug":"moledores-y-refinadores-de-madera","status":"publish","type":"page","link":"https:\/\/isve.com\/es\/equipos-tratamiento-madera\/moledores-y-refinadores-de-madera\/","title":{"rendered":"Moledores y refinadores de madera"},"content":{"rendered":"<h2><strong>Sistemas para moler y reutilizar desechos.<\/strong><\/h2>\n<p>Desde 1997 ISVE se ha dedicado al desarrollo de la <strong>divisi\u00f3n Reciclaje<\/strong>, con una <strong>gama completa<\/strong> de sistemas para <strong>moler<\/strong> y <strong>reutilizar<\/strong> <strong>desechos industriales<\/strong>.<br \/>\nNuestras m\u00e1quinas moledoras son apreciadas en distintos sectores del mercado por su <strong>robustez<\/strong> y <strong>fiabilidad<\/strong>.<\/p>\n<p>Posibilidad de <strong>moler cualquier tipo de madera<\/strong>, incluso con presencia de <strong>materiales contaminantes<\/strong>, como clavos, pl\u00e1stico, cart\u00f3n, etc.<\/p>\n<p>La gama se articula en tres grupos:<\/p>\n<hr \/>\n<h3><strong>MOLEDORAS MONOEJE:<\/strong><\/h3>\n<p>de doble cuchilla fija con caj\u00f3n guiado en todos los lados, brazo amortiguador sobre reductor y automatizaci\u00f3n completa. Estas m\u00e1quinas son adecuadas tanto para el peque\u00f1o artesano como para el gran reciclador.<\/p>\n<hr \/>\n<h3><strong>TRITURADORES DE 4 EJES:<\/strong><\/h3>\n<p>m\u00e1quinas de eje lento con cuchillas circulares, adecuadas para elementos largos de madera. Estas m\u00e1quinas se caracterizan por un elevado par de corte y son poco ruidosas. Adem\u00e1s, el mantenimiento es m\u00ednimo.<\/p>\n<hr \/>\n<h3><strong>SISTEMAS DE REFINACI\u00d3N:<\/strong><\/h3>\n<p>molinos refinadores tanto con cuchillas como con martillos para reducir la madera en part\u00edculas muy finas.<\/p>\n<hr \/>\n<h3><strong>L\u00cdNEAS COMPLETAS: <\/strong><\/h3>\n<p>todas las m\u00e1quinas ISVE pueden unirse entre s\u00ed con cintas de carga, sistemas de desferrizaci\u00f3n y aspiraci\u00f3n para construir verdaderas l\u00edneas de transformaci\u00f3n.<\/p>\n<hr \/>\n<p>Control completo mediante PLC.<\/p>\n<hr \/>\n<p>&nbsp;<\/p>\n<p style=\"text-align: center;\"><a class=\"btn btn-lg btn-block pulsante-giallo\" href=\"https:\/\/isve.com\/es\/isve-recycling\/proyecto-y-fabricacion-de-maquinas-para-la-trituracion\/\" rel=\"noopener noreferrer\">DESCUBRE LOS PRODUCTOS ISVE RECYCLING<\/a><\/p>\n<p>&nbsp;<\/p>\n<p><img fetchpriority=\"high\" decoding=\"async\" class=\"size-full wp-image-63 aligncenter\" src=\"https:\/\/isve.com\/wp-content\/uploads\/logo_isve_recycling.png\" alt=\"\" width=\"582\" height=\"140\" \/><\/p>\n<p>&nbsp;<\/p>\n<hr \/>\n\n\t\t<style>\n\t\t\t#gallery-1 {\n\t\t\t\tmargin: auto;\n\t\t\t}\n\t\t\t#gallery-1 .gallery-item {\n\t\t\t\tfloat: left;\n\t\t\t\tmargin-top: 10px;\n\t\t\t\ttext-align: center;\n\t\t\t\twidth: 33%;\n\t\t\t}\n\t\t\t#gallery-1 img {\n\t\t\t\tborder: 2px solid #cfcfcf;\n\t\t\t}\n\t\t\t#gallery-1 .gallery-caption {\n\t\t\t\tmargin-left: 0;\n\t\t\t}\n\t\t\t\/* see gallery_shortcode() in wp-includes\/media.php *\/\n\t\t<\/style>\n\t\t<div id='gallery-1' class='gallery galleryid-14698 gallery-columns-3 gallery-size-thumbnail'><dl class='gallery-item'>\n\t\t\t<dt class='gallery-icon landscape'>\n\t\t\t\t<a href='https:\/\/isve.com\/es\/trituratori-bialbero-img1-2\/'><img decoding=\"async\" width=\"150\" height=\"150\" src=\"https:\/\/isve.com\/wp-content\/uploads\/2025\/04\/trituratori-bialbero-img1-150x150.jpg\" class=\"attachment-thumbnail size-thumbnail\" alt=\"\" srcset=\"https:\/\/isve.com\/wp-content\/uploads\/2025\/04\/trituratori-bialbero-img1-150x150.jpg 150w, https:\/\/isve.com\/wp-content\/uploads\/2025\/04\/trituratori-bialbero-img1-200x200.jpg 200w\" sizes=\"(max-width: 150px) 100vw, 150px\" \/><\/a>\n\t\t\t<\/dt><\/dl><dl class='gallery-item'>\n\t\t\t<dt class='gallery-icon portrait'>\n\t\t\t\t<a href='https:\/\/isve.com\/es\/trit4alb-8080s-img2-2\/'><img decoding=\"async\" width=\"150\" height=\"150\" src=\"https:\/\/isve.com\/wp-content\/uploads\/2025\/04\/trit4alb-8080s-img2-150x150.jpg\" class=\"attachment-thumbnail size-thumbnail\" alt=\"\" srcset=\"https:\/\/isve.com\/wp-content\/uploads\/2025\/04\/trit4alb-8080s-img2-150x150.jpg 150w, https:\/\/isve.com\/wp-content\/uploads\/2025\/04\/trit4alb-8080s-img2-200x200.jpg 200w\" sizes=\"(max-width: 150px) 100vw, 150px\" \/><\/a>\n\t\t\t<\/dt><\/dl><dl class='gallery-item'>\n\t\t\t<dt class='gallery-icon portrait'>\n\t\t\t\t<a href='https:\/\/isve.com\/es\/trit4alb-10080s-img2-2\/'><img loading=\"lazy\" decoding=\"async\" width=\"150\" height=\"150\" src=\"https:\/\/isve.com\/wp-content\/uploads\/2025\/04\/trit4alb-10080s-img2-150x150.jpg\" class=\"attachment-thumbnail size-thumbnail\" alt=\"\" srcset=\"https:\/\/isve.com\/wp-content\/uploads\/2025\/04\/trit4alb-10080s-img2-150x150.jpg 150w, https:\/\/isve.com\/wp-content\/uploads\/2025\/04\/trit4alb-10080s-img2-200x200.jpg 200w\" sizes=\"(max-width: 150px) 100vw, 150px\" \/><\/a>\n\t\t\t<\/dt><\/dl><br style=\"clear: both\" \/><dl class='gallery-item'>\n\t\t\t<dt class='gallery-icon landscape'>\n\t\t\t\t<a href='https:\/\/isve.com\/es\/trituratori-4-alberi-img15-2\/'><img loading=\"lazy\" decoding=\"async\" width=\"150\" height=\"150\" src=\"https:\/\/isve.com\/wp-content\/uploads\/2025\/04\/trituratori-4-alberi-img15-150x150.jpg\" class=\"attachment-thumbnail size-thumbnail\" alt=\"\" srcset=\"https:\/\/isve.com\/wp-content\/uploads\/2025\/04\/trituratori-4-alberi-img15-150x150.jpg 150w, https:\/\/isve.com\/wp-content\/uploads\/2025\/04\/trituratori-4-alberi-img15-200x200.jpg 200w\" sizes=\"(max-width: 150px) 100vw, 150px\" \/><\/a>\n\t\t\t<\/dt><\/dl><dl class='gallery-item'>\n\t\t\t<dt class='gallery-icon landscape'>\n\t\t\t\t<a href='https:\/\/isve.com\/es\/monoalb-mr4080-img3-2\/'><img loading=\"lazy\" decoding=\"async\" width=\"150\" height=\"150\" src=\"https:\/\/isve.com\/wp-content\/uploads\/2025\/04\/monoalb-mr4080-img3-150x150.jpg\" class=\"attachment-thumbnail size-thumbnail\" alt=\"\" srcset=\"https:\/\/isve.com\/wp-content\/uploads\/2025\/04\/monoalb-mr4080-img3-150x150.jpg 150w, https:\/\/isve.com\/wp-content\/uploads\/2025\/04\/monoalb-mr4080-img3-200x200.jpg 200w\" sizes=\"(max-width: 150px) 100vw, 150px\" \/><\/a>\n\t\t\t<\/dt><\/dl><dl class='gallery-item'>\n\t\t\t<dt class='gallery-icon portrait'>\n\t\t\t\t<a href='https:\/\/isve.com\/es\/macinatori-monoalbero-img16-2\/'><img loading=\"lazy\" decoding=\"async\" width=\"150\" height=\"150\" src=\"https:\/\/isve.com\/wp-content\/uploads\/2025\/04\/macinatori-monoalbero-img16-150x150.jpg\" class=\"attachment-thumbnail size-thumbnail\" alt=\"\" srcset=\"https:\/\/isve.com\/wp-content\/uploads\/2025\/04\/macinatori-monoalbero-img16-150x150.jpg 150w, https:\/\/isve.com\/wp-content\/uploads\/2025\/04\/macinatori-monoalbero-img16-200x200.jpg 200w\" sizes=\"(max-width: 150px) 100vw, 150px\" \/><\/a>\n\t\t\t<\/dt><\/dl><br style=\"clear: both\" \/><dl class='gallery-item'>\n\t\t\t<dt class='gallery-icon landscape'>\n\t\t\t\t<a href='https:\/\/isve.com\/es\/combi6080s-gr500-img2-2\/'><img loading=\"lazy\" decoding=\"async\" width=\"150\" height=\"150\" src=\"https:\/\/isve.com\/wp-content\/uploads\/2025\/04\/combi6080s-gr500-img2-150x150.jpg\" class=\"attachment-thumbnail size-thumbnail\" alt=\"\" srcset=\"https:\/\/isve.com\/wp-content\/uploads\/2025\/04\/combi6080s-gr500-img2-150x150.jpg 150w, https:\/\/isve.com\/wp-content\/uploads\/2025\/04\/combi6080s-gr500-img2-1000x1000.jpg 1000w, https:\/\/isve.com\/wp-content\/uploads\/2025\/04\/combi6080s-gr500-img2-200x200.jpg 200w\" sizes=\"(max-width: 150px) 100vw, 150px\" \/><\/a>\n\t\t\t<\/dt><\/dl><dl class='gallery-item'>\n\t\t\t<dt class='gallery-icon landscape'>\n\t\t\t\t<a href='https:\/\/isve.com\/es\/sistemi-triturazione-2-2\/'><img loading=\"lazy\" decoding=\"async\" width=\"150\" height=\"150\" src=\"https:\/\/isve.com\/wp-content\/uploads\/2025\/04\/sistemi-triturazione-150x150.jpg\" class=\"attachment-thumbnail size-thumbnail\" alt=\"\" srcset=\"https:\/\/isve.com\/wp-content\/uploads\/2025\/04\/sistemi-triturazione-150x150.jpg 150w, https:\/\/isve.com\/wp-content\/uploads\/2025\/04\/sistemi-triturazione-200x200.jpg 200w\" sizes=\"(max-width: 150px) 100vw, 150px\" \/><\/a>\n\t\t\t<\/dt><\/dl>\n\t\t\t<br style='clear: both' \/>\n\t\t<\/div>\n\n","protected":false},"excerpt":{"rendered":"<p>Sistemas para moler y reutilizar desechos. Desde 1997 ISVE se ha dedicado al desarrollo de la divisi\u00f3n Reciclaje, con una gama completa de sistemas para moler y reutilizar desechos industriales. Nuestras m\u00e1quinas moledoras son apreciadas en distintos sectores del mercado por su robustez y fiabilidad. Posibilidad de moler cualquier tipo de madera, incluso con presencia&hellip;<\/p>\n","protected":false},"author":1,"featured_media":14659,"parent":15968,"menu_order":339,"comment_status":"closed","ping_status":"closed","template":"","meta":{"_acf_changed":false,"footnotes":""},"tags":[],"impaginazione":[],"divisione":[3690],"categorie_modelli":[],"class_list":["post-14698","page","type-page","status-publish","has-post-thumbnail","hentry","divisione-isve-wood","description-off"],"acf":[],"yoast_head":"<!-- This site is optimized with the Yoast SEO plugin v27.4 - https:\/\/yoast.com\/product\/yoast-seo-wordpress\/ -->\n<title>Moledores y refinadores de madera - ISVE SpA - Tratamiento madera - Reciclaje - Molinos Trituradoras<\/title>\n<meta name=\"robots\" content=\"index, follow, max-snippet:-1, max-image-preview:large, max-video-preview:-1\" \/>\n<link rel=\"canonical\" href=\"https:\/\/isve.com\/es\/equipos-tratamiento-madera\/moledores-y-refinadores-de-madera\/\" \/>\n<meta property=\"og:locale\" content=\"es_ES\" \/>\n<meta property=\"og:type\" content=\"article\" \/>\n<meta property=\"og:title\" content=\"Moledores y refinadores de madera - ISVE SpA - Tratamiento madera - Reciclaje - Molinos Trituradoras\" \/>\n<meta property=\"og:description\" content=\"Sistemas para moler y reutilizar desechos. Desde 1997 ISVE se ha dedicado al desarrollo de la divisi\u00f3n Reciclaje, con una gama completa de sistemas para moler y reutilizar desechos industriales. Nuestras m\u00e1quinas moledoras son apreciadas en distintos sectores del mercado por su robustez y fiabilidad. Posibilidad de moler cualquier tipo de madera, incluso con presencia&hellip;\" \/>\n<meta property=\"og:url\" content=\"https:\/\/isve.com\/es\/equipos-tratamiento-madera\/moledores-y-refinadores-de-madera\/\" \/>\n<meta property=\"og:site_name\" content=\"ISVE SpA - Tratamiento madera - Reciclaje - Molinos Trituradoras\" \/>\n<meta property=\"article:modified_time\" content=\"2025-04-23T15:30:44+00:00\" \/>\n<meta property=\"og:image\" content=\"https:\/\/isve.com\/wp-content\/uploads\/maci\/at\/macinatori-raffinatori-legno.jpg\" \/>\n\t<meta property=\"og:image:width\" content=\"1400\" \/>\n\t<meta property=\"og:image:height\" content=\"972\" \/>\n\t<meta property=\"og:image:type\" content=\"image\/jpeg\" \/>\n<meta name=\"twitter:card\" content=\"summary_large_image\" \/>\n<meta name=\"twitter:label1\" content=\"Tiempo de lectura\" \/>\n\t<meta name=\"twitter:data1\" content=\"1 minuto\" \/>\n<script type=\"application\/ld+json\" class=\"yoast-schema-graph\">{\"@context\":\"https:\\\/\\\/schema.org\",\"@graph\":[{\"@type\":\"WebPage\",\"@id\":\"https:\\\/\\\/isve.com\\\/es\\\/equipos-tratamiento-madera\\\/moledores-y-refinadores-de-madera\\\/\",\"url\":\"https:\\\/\\\/isve.com\\\/es\\\/equipos-tratamiento-madera\\\/moledores-y-refinadores-de-madera\\\/\",\"name\":\"Moledores y refinadores de madera - ISVE SpA - Tratamiento madera - Reciclaje - Molinos Trituradoras\",\"isPartOf\":{\"@id\":\"https:\\\/\\\/isve.com\\\/es\\\/#website\"},\"primaryImageOfPage\":{\"@id\":\"https:\\\/\\\/isve.com\\\/es\\\/equipos-tratamiento-madera\\\/moledores-y-refinadores-de-madera\\\/#primaryimage\"},\"image\":{\"@id\":\"https:\\\/\\\/isve.com\\\/es\\\/equipos-tratamiento-madera\\\/moledores-y-refinadores-de-madera\\\/#primaryimage\"},\"thumbnailUrl\":\"https:\\\/\\\/isve.com\\\/wp-content\\\/uploads\\\/maci\\\/at\\\/macinatori-raffinatori-legno.jpg\",\"datePublished\":\"2019-12-19T11:29:27+00:00\",\"dateModified\":\"2025-04-23T15:30:44+00:00\",\"breadcrumb\":{\"@id\":\"https:\\\/\\\/isve.com\\\/es\\\/equipos-tratamiento-madera\\\/moledores-y-refinadores-de-madera\\\/#breadcrumb\"},\"inLanguage\":\"es\",\"potentialAction\":[{\"@type\":\"ReadAction\",\"target\":[\"https:\\\/\\\/isve.com\\\/es\\\/equipos-tratamiento-madera\\\/moledores-y-refinadores-de-madera\\\/\"]}]},{\"@type\":\"ImageObject\",\"inLanguage\":\"es\",\"@id\":\"https:\\\/\\\/isve.com\\\/es\\\/equipos-tratamiento-madera\\\/moledores-y-refinadores-de-madera\\\/#primaryimage\",\"url\":\"https:\\\/\\\/isve.com\\\/wp-content\\\/uploads\\\/maci\\\/at\\\/macinatori-raffinatori-legno.jpg\",\"contentUrl\":\"https:\\\/\\\/isve.com\\\/wp-content\\\/uploads\\\/maci\\\/at\\\/macinatori-raffinatori-legno.jpg\",\"width\":1400,\"height\":972},{\"@type\":\"BreadcrumbList\",\"@id\":\"https:\\\/\\\/isve.com\\\/es\\\/equipos-tratamiento-madera\\\/moledores-y-refinadores-de-madera\\\/#breadcrumb\",\"itemListElement\":[{\"@type\":\"ListItem\",\"position\":1,\"name\":\"Home\",\"item\":\"https:\\\/\\\/isve.com\\\/es\\\/\"},{\"@type\":\"ListItem\",\"position\":2,\"name\":\"Tratamiento de la Madera\",\"item\":\"https:\\\/\\\/isve.com\\\/es\\\/equipos-tratamiento-madera\\\/\"},{\"@type\":\"ListItem\",\"position\":3,\"name\":\"Moledores y refinadores de madera\"}]},{\"@type\":\"WebSite\",\"@id\":\"https:\\\/\\\/isve.com\\\/es\\\/#website\",\"url\":\"https:\\\/\\\/isve.com\\\/es\\\/\",\"name\":\"ISVE S.p.A.\",\"description\":\"Sistemas para tratamiento de madera y para trituraci\u00f3n moler granulaci\u00f3n\",\"publisher\":{\"@id\":\"https:\\\/\\\/isve.com\\\/es\\\/#organization\"},\"potentialAction\":[{\"@type\":\"SearchAction\",\"target\":{\"@type\":\"EntryPoint\",\"urlTemplate\":\"https:\\\/\\\/isve.com\\\/es\\\/?s={search_term_string}\"},\"query-input\":{\"@type\":\"PropertyValueSpecification\",\"valueRequired\":true,\"valueName\":\"search_term_string\"}}],\"inLanguage\":\"es\"},{\"@type\":\"Organization\",\"@id\":\"https:\\\/\\\/isve.com\\\/es\\\/#organization\",\"name\":\"ISVE S.p.A.\",\"url\":\"https:\\\/\\\/isve.com\\\/es\\\/\",\"logo\":{\"@type\":\"ImageObject\",\"inLanguage\":\"es\",\"@id\":\"https:\\\/\\\/isve.com\\\/es\\\/#\\\/schema\\\/logo\\\/image\\\/\",\"url\":\"https:\\\/\\\/isve.com\\\/wp-content\\\/uploads\\\/2026\\\/01\\\/logo-isve-spa.png\",\"contentUrl\":\"https:\\\/\\\/isve.com\\\/wp-content\\\/uploads\\\/2026\\\/01\\\/logo-isve-spa.png\",\"width\":600,\"height\":173,\"caption\":\"ISVE S.p.A.\"},\"image\":{\"@id\":\"https:\\\/\\\/isve.com\\\/es\\\/#\\\/schema\\\/logo\\\/image\\\/\"},\"sameAs\":[\"https:\\\/\\\/www.linkedin.com\\\/company\\\/69445471\",\"https:\\\/\\\/www.youtube.com\\\/@isves.p.a.8894\"]}]}<\/script>\n<!-- \/ Yoast SEO plugin. -->","yoast_head_json":{"title":"Moledores y refinadores de madera - ISVE SpA - Tratamiento madera - Reciclaje - Molinos Trituradoras","robots":{"index":"index","follow":"follow","max-snippet":"max-snippet:-1","max-image-preview":"max-image-preview:large","max-video-preview":"max-video-preview:-1"},"canonical":"https:\/\/isve.com\/es\/equipos-tratamiento-madera\/moledores-y-refinadores-de-madera\/","og_locale":"es_ES","og_type":"article","og_title":"Moledores y refinadores de madera - ISVE SpA - Tratamiento madera - Reciclaje - Molinos Trituradoras","og_description":"Sistemas para moler y reutilizar desechos. Desde 1997 ISVE se ha dedicado al desarrollo de la divisi\u00f3n Reciclaje, con una gama completa de sistemas para moler y reutilizar desechos industriales. Nuestras m\u00e1quinas moledoras son apreciadas en distintos sectores del mercado por su robustez y fiabilidad. Posibilidad de moler cualquier tipo de madera, incluso con presencia&hellip;","og_url":"https:\/\/isve.com\/es\/equipos-tratamiento-madera\/moledores-y-refinadores-de-madera\/","og_site_name":"ISVE SpA - Tratamiento madera - Reciclaje - Molinos Trituradoras","article_modified_time":"2025-04-23T15:30:44+00:00","og_image":[{"width":1400,"height":972,"url":"https:\/\/isve.com\/wp-content\/uploads\/maci\/at\/macinatori-raffinatori-legno.jpg","type":"image\/jpeg"}],"twitter_card":"summary_large_image","twitter_misc":{"Tiempo de lectura":"1 minuto"},"schema":{"@context":"https:\/\/schema.org","@graph":[{"@type":"WebPage","@id":"https:\/\/isve.com\/es\/equipos-tratamiento-madera\/moledores-y-refinadores-de-madera\/","url":"https:\/\/isve.com\/es\/equipos-tratamiento-madera\/moledores-y-refinadores-de-madera\/","name":"Moledores y refinadores de madera - ISVE SpA - Tratamiento madera - Reciclaje - Molinos Trituradoras","isPartOf":{"@id":"https:\/\/isve.com\/es\/#website"},"primaryImageOfPage":{"@id":"https:\/\/isve.com\/es\/equipos-tratamiento-madera\/moledores-y-refinadores-de-madera\/#primaryimage"},"image":{"@id":"https:\/\/isve.com\/es\/equipos-tratamiento-madera\/moledores-y-refinadores-de-madera\/#primaryimage"},"thumbnailUrl":"https:\/\/isve.com\/wp-content\/uploads\/maci\/at\/macinatori-raffinatori-legno.jpg","datePublished":"2019-12-19T11:29:27+00:00","dateModified":"2025-04-23T15:30:44+00:00","breadcrumb":{"@id":"https:\/\/isve.com\/es\/equipos-tratamiento-madera\/moledores-y-refinadores-de-madera\/#breadcrumb"},"inLanguage":"es","potentialAction":[{"@type":"ReadAction","target":["https:\/\/isve.com\/es\/equipos-tratamiento-madera\/moledores-y-refinadores-de-madera\/"]}]},{"@type":"ImageObject","inLanguage":"es","@id":"https:\/\/isve.com\/es\/equipos-tratamiento-madera\/moledores-y-refinadores-de-madera\/#primaryimage","url":"https:\/\/isve.com\/wp-content\/uploads\/maci\/at\/macinatori-raffinatori-legno.jpg","contentUrl":"https:\/\/isve.com\/wp-content\/uploads\/maci\/at\/macinatori-raffinatori-legno.jpg","width":1400,"height":972},{"@type":"BreadcrumbList","@id":"https:\/\/isve.com\/es\/equipos-tratamiento-madera\/moledores-y-refinadores-de-madera\/#breadcrumb","itemListElement":[{"@type":"ListItem","position":1,"name":"Home","item":"https:\/\/isve.com\/es\/"},{"@type":"ListItem","position":2,"name":"Tratamiento de la Madera","item":"https:\/\/isve.com\/es\/equipos-tratamiento-madera\/"},{"@type":"ListItem","position":3,"name":"Moledores y refinadores de madera"}]},{"@type":"WebSite","@id":"https:\/\/isve.com\/es\/#website","url":"https:\/\/isve.com\/es\/","name":"ISVE S.p.A.","description":"Sistemas para tratamiento de madera y para trituraci\u00f3n moler granulaci\u00f3n","publisher":{"@id":"https:\/\/isve.com\/es\/#organization"},"potentialAction":[{"@type":"SearchAction","target":{"@type":"EntryPoint","urlTemplate":"https:\/\/isve.com\/es\/?s={search_term_string}"},"query-input":{"@type":"PropertyValueSpecification","valueRequired":true,"valueName":"search_term_string"}}],"inLanguage":"es"},{"@type":"Organization","@id":"https:\/\/isve.com\/es\/#organization","name":"ISVE S.p.A.","url":"https:\/\/isve.com\/es\/","logo":{"@type":"ImageObject","inLanguage":"es","@id":"https:\/\/isve.com\/es\/#\/schema\/logo\/image\/","url":"https:\/\/isve.com\/wp-content\/uploads\/2026\/01\/logo-isve-spa.png","contentUrl":"https:\/\/isve.com\/wp-content\/uploads\/2026\/01\/logo-isve-spa.png","width":600,"height":173,"caption":"ISVE S.p.A."},"image":{"@id":"https:\/\/isve.com\/es\/#\/schema\/logo\/image\/"},"sameAs":["https:\/\/www.linkedin.com\/company\/69445471","https:\/\/www.youtube.com\/@isves.p.a.8894"]}]}},"_links":{"self":[{"href":"https:\/\/isve.com\/es\/wp-json\/wp\/v2\/pages\/14698","targetHints":{"allow":["GET"]}}],"collection":[{"href":"https:\/\/isve.com\/es\/wp-json\/wp\/v2\/pages"}],"about":[{"href":"https:\/\/isve.com\/es\/wp-json\/wp\/v2\/types\/page"}],"author":[{"embeddable":true,"href":"https:\/\/isve.com\/es\/wp-json\/wp\/v2\/users\/1"}],"replies":[{"embeddable":true,"href":"https:\/\/isve.com\/es\/wp-json\/wp\/v2\/comments?post=14698"}],"version-history":[{"count":0,"href":"https:\/\/isve.com\/es\/wp-json\/wp\/v2\/pages\/14698\/revisions"}],"up":[{"embeddable":true,"href":"https:\/\/isve.com\/es\/wp-json\/wp\/v2\/pages\/15968"}],"wp:featuredmedia":[{"embeddable":true,"href":"https:\/\/isve.com\/es\/wp-json\/wp\/v2\/media\/14659"}],"wp:attachment":[{"href":"https:\/\/isve.com\/es\/wp-json\/wp\/v2\/media?parent=14698"}],"wp:term":[{"taxonomy":"post_tag","embeddable":true,"href":"https:\/\/isve.com\/es\/wp-json\/wp\/v2\/tags?post=14698"},{"taxonomy":"impaginazione","embeddable":true,"href":"https:\/\/isve.com\/es\/wp-json\/wp\/v2\/impaginazione?post=14698"},{"taxonomy":"divisione","embeddable":true,"href":"https:\/\/isve.com\/es\/wp-json\/wp\/v2\/divisione?post=14698"},{"taxonomy":"categorie_modelli","embeddable":true,"href":"https:\/\/isve.com\/es\/wp-json\/wp\/v2\/categorie_modelli?post=14698"}],"curies":[{"name":"wp","href":"https:\/\/api.w.org\/{rel}","templated":true}]}}