{"id":14692,"date":"2019-12-19T10:02:20","date_gmt":"2019-12-19T09:02:20","guid":{"rendered":"https:\/\/isve.com\/desplazadores-de-movimiento-por-depresion-con-ventosas\/"},"modified":"2025-09-07T12:34:08","modified_gmt":"2025-09-07T10:34:08","slug":"desplazadores-de-movimiento-por-depresion-con-ventosas","status":"publish","type":"page","link":"https:\/\/isve.com\/es\/equipos-tratamiento-madera\/desplazadores-de-movimiento-por-depresion-con-ventosas\/","title":{"rendered":"Desplazadores de movimiento por depresi\u00f3n (con ventosas)"},"content":{"rendered":"<h2><strong>Sistemas de desplazamiento de tablas con ventosa de vac\u00edo.<\/strong><\/h2>\n<h3>Desplazadores (ventosas) tambi\u00e9n controladas por radio<\/h3>\n<p>Con los\u00a0<strong>movilizadores para madera<\/strong>\u00a0de ventosa ISVE es posible movilizar de modo r\u00e1pido y seguro <strong>tablas<\/strong> y otros elementos de madera.<\/p>\n<p>Estas plantas de movilizaci\u00f3n explotan la tecnolog\u00eda del <strong>vac\u00edo<\/strong> para garantizar una <strong>mejor adherencia<\/strong> del <strong>grupo ventosas<\/strong> a la superficie de la madera, aun la m\u00e1s irregular.<\/p>\n<p>Un ulterior punto de fuerza de las plantas de\u00a0<strong>movilizaci\u00f3n<\/strong> para madera es la posibilidad de que los brazos del sistema de levantamiento sean <strong>cable-guiados<\/strong> o <strong>telecontrolados<\/strong> para un control perfecto de todas las operaciones de <strong>movilizaci\u00f3n de la madera<\/strong>.<\/p>\n<p>&nbsp;<\/p>\n\n\t\t<style>\n\t\t\t#gallery-1 {\n\t\t\t\tmargin: auto;\n\t\t\t}\n\t\t\t#gallery-1 .gallery-item {\n\t\t\t\tfloat: left;\n\t\t\t\tmargin-top: 10px;\n\t\t\t\ttext-align: center;\n\t\t\t\twidth: 33%;\n\t\t\t}\n\t\t\t#gallery-1 img {\n\t\t\t\tborder: 2px solid #cfcfcf;\n\t\t\t}\n\t\t\t#gallery-1 .gallery-caption {\n\t\t\t\tmargin-left: 0;\n\t\t\t}\n\t\t\t\/* see gallery_shortcode() in wp-includes\/media.php *\/\n\t\t<\/style>\n\t\t<div id='gallery-1' class='gallery galleryid-14692 gallery-columns-3 gallery-size-thumbnail'><dl class='gallery-item'>\n\t\t\t<dt class='gallery-icon landscape'>\n\t\t\t\t<a href='https:\/\/isve.com\/es\/equipos-tratamiento-madera\/desplazadores-de-movimiento-por-depresion-con-ventosas\/attachment\/movimentatore-hs2-2\/'><img decoding=\"async\" width=\"150\" height=\"150\" src=\"https:\/\/isve.com\/wp-content\/uploads\/2025\/09\/movimentatore-hs2-150x150.jpg\" class=\"attachment-thumbnail size-thumbnail\" alt=\"\" \/><\/a>\n\t\t\t<\/dt><\/dl><dl class='gallery-item'>\n\t\t\t<dt class='gallery-icon landscape'>\n\t\t\t\t<a href='https:\/\/isve.com\/es\/equipos-tratamiento-madera\/desplazadores-de-movimiento-por-depresion-con-ventosas\/attachment\/movimentatore-hs1-2\/'><img decoding=\"async\" width=\"150\" height=\"150\" src=\"https:\/\/isve.com\/wp-content\/uploads\/2025\/09\/movimentatore-hs1-150x150.jpg\" class=\"attachment-thumbnail size-thumbnail\" alt=\"\" \/><\/a>\n\t\t\t<\/dt><\/dl><dl class='gallery-item'>\n\t\t\t<dt class='gallery-icon landscape'>\n\t\t\t\t<a href='https:\/\/isve.com\/es\/movimentatori-legno-img02-1-2\/'><img decoding=\"async\" width=\"150\" height=\"150\" src=\"https:\/\/isve.com\/wp-content\/uploads\/2025\/04\/movimentatori-legno-img02-1-150x150.jpg\" class=\"attachment-thumbnail size-thumbnail\" alt=\"\" srcset=\"https:\/\/isve.com\/wp-content\/uploads\/2025\/04\/movimentatori-legno-img02-1-150x150.jpg 150w, https:\/\/isve.com\/wp-content\/uploads\/2025\/04\/movimentatori-legno-img02-1-1000x1000.jpg 1000w, https:\/\/isve.com\/wp-content\/uploads\/2025\/04\/movimentatori-legno-img02-1-200x200.jpg 200w\" sizes=\"(max-width: 150px) 100vw, 150px\" \/><\/a>\n\t\t\t<\/dt><\/dl><br style=\"clear: both\" \/><dl class='gallery-item'>\n\t\t\t<dt class='gallery-icon landscape'>\n\t\t\t\t<a href='https:\/\/isve.com\/es\/equipos-tratamiento-madera\/desplazadores-de-movimiento-por-depresion-con-ventosas\/attachment\/movimentatore-hs3-2\/'><img loading=\"lazy\" decoding=\"async\" width=\"150\" height=\"150\" src=\"https:\/\/isve.com\/wp-content\/uploads\/2025\/09\/movimentatore-hs3-150x150.jpg\" class=\"attachment-thumbnail size-thumbnail\" alt=\"\" \/><\/a>\n\t\t\t<\/dt><\/dl>\n\t\t\t<br style='clear: both' \/>\n\t\t<\/div>\n\n<hr \/>\n<h2><strong>Desplazadores a depresi\u00f3n por ventosas<\/strong><\/h2>\n<h4>Modelos M250 &#8211; PBM 5\/200 &#8211; P 3\/200 &#8211; P 8\/200<\/h4>\n<p>Equipos aptos para <strong>componer y descomponer<\/strong> pilas de<strong> tablas de madera<\/strong> o de <strong>paneles de aglomerado<\/strong> por medio de <strong>un \u00fanico operario<\/strong> que las controla accionando una botonera m\u00f3vil o fijada en el armaz\u00f3n de las m\u00e1quinas a alimentar. Todos los desplazadores se realizan con soportes r\u00edgidos que permiten <strong>desplazamientos precisos y lineales<\/strong>.<\/p>\n<p>Los equipos est\u00e1n particularmente indicados para ser destinados a la alimentaci\u00f3n y descarga de m\u00e1quina operadoras como<strong> cortadoras, seccionadoras y escuadradoras<\/strong>.<\/p>\n<p>La <strong>amplia gama de modelos<\/strong> permite satisfacer cualquier necesidad operativa.<\/p>\n\n\t\t<style>\n\t\t\t#gallery-2 {\n\t\t\t\tmargin: auto;\n\t\t\t}\n\t\t\t#gallery-2 .gallery-item {\n\t\t\t\tfloat: left;\n\t\t\t\tmargin-top: 10px;\n\t\t\t\ttext-align: center;\n\t\t\t\twidth: 33%;\n\t\t\t}\n\t\t\t#gallery-2 img {\n\t\t\t\tborder: 2px solid #cfcfcf;\n\t\t\t}\n\t\t\t#gallery-2 .gallery-caption {\n\t\t\t\tmargin-left: 0;\n\t\t\t}\n\t\t\t\/* see gallery_shortcode() in wp-includes\/media.php *\/\n\t\t<\/style>\n\t\t<div id='gallery-2' class='gallery galleryid-14692 gallery-columns-3 gallery-size-thumbnail'><dl class='gallery-item'>\n\t\t\t<dt class='gallery-icon portrait'>\n\t\t\t\t<a href='https:\/\/isve.com\/es\/movimentatori-legno-img01-2\/'><img loading=\"lazy\" decoding=\"async\" width=\"150\" height=\"150\" src=\"https:\/\/isve.com\/wp-content\/uploads\/2025\/04\/movimentatori-legno-img01-150x150.jpg\" class=\"attachment-thumbnail size-thumbnail\" alt=\"\" srcset=\"https:\/\/isve.com\/wp-content\/uploads\/2025\/04\/movimentatori-legno-img01-150x150.jpg 150w, https:\/\/isve.com\/wp-content\/uploads\/2025\/04\/movimentatori-legno-img01-200x200.jpg 200w\" sizes=\"(max-width: 150px) 100vw, 150px\" \/><\/a>\n\t\t\t<\/dt><\/dl><dl class='gallery-item'>\n\t\t\t<dt class='gallery-icon landscape'>\n\t\t\t\t<a href='https:\/\/isve.com\/es\/movimentatore-a-ponte-2\/'><img loading=\"lazy\" decoding=\"async\" width=\"150\" height=\"150\" src=\"https:\/\/isve.com\/wp-content\/uploads\/2025\/04\/movimentatore-a-ponte-150x150.jpg\" class=\"attachment-thumbnail size-thumbnail\" alt=\"\" srcset=\"https:\/\/isve.com\/wp-content\/uploads\/2025\/04\/movimentatore-a-ponte-150x150.jpg 150w, https:\/\/isve.com\/wp-content\/uploads\/2025\/04\/movimentatore-a-ponte-200x200.jpg 200w\" sizes=\"(max-width: 150px) 100vw, 150px\" \/><\/a>\n\t\t\t<\/dt><\/dl><dl class='gallery-item'>\n\t\t\t<dt class='gallery-icon landscape'>\n\t\t\t\t<a href='https:\/\/isve.com\/es\/movimentatore-2\/'><img loading=\"lazy\" decoding=\"async\" width=\"150\" height=\"150\" src=\"https:\/\/isve.com\/wp-content\/uploads\/2025\/04\/movimentatore-150x150.jpg\" class=\"attachment-thumbnail size-thumbnail\" alt=\"\" \/><\/a>\n\t\t\t<\/dt><\/dl><br style=\"clear: both\" \/>\n\t\t<\/div>\n\n<hr \/>\n<h2><strong>Desplazadores automaticos con ventosas<\/strong><\/h2>\n<p><img loading=\"lazy\" decoding=\"async\" class=\"size-full wp-image-5244 alignright\" src=\"https:\/\/isve.com\/wp-content\/uploads\/movimentatori-automatici-2.jpg\" alt=\"\" width=\"150\" height=\"100\" \/>ISVE Srl ha ampliado recientemente su gama de <strong>desplazadores con ventosas<\/strong>, introduciendo un<strong> nuevo modelo autom\u00e1tico<\/strong>.<\/p>\n<p>La caracter\u00edstica principal de este producto es la de &#8220;reconocer&#8221; la tabla por medio de sensores, agarrarla y descargarla sin la gu\u00eda del operador.<br \/>\nEntre otras peculiaridades debe subrayarse la capacidad de transportar tablas no recortadas y fisuradas sin comprometer el agarre y la localizaci\u00f3n de cada elemento.<br \/>\nLa instalaci\u00f3n permite descomponer las pilas de tablas cargando con precisi\u00f3n las v\u00edas de rodillos de alimentaci\u00f3n de las m\u00e1quinas de corte.<\/p>\n<h3>Como trabajan<\/h3>\n<p>Para iniciar el ciclo autom\u00e1tico es necesario colocar la ventosa sobre la vertical del rodillo a alimentar, utilizando los mandos manuales. Una vez seleccionado el ciclo autom\u00e1tico, se da la puesta en marcha a la secuencia de agarre y de descarga. El desplazador realizar\u00e1 los movimientos siguientes:<\/p>\n<ul>\n<li>Bajada hasta llegar a contacto con la v\u00eda de rodillos;<\/li>\n<li>Desenganche de la tabla;<\/li>\n<li>Subida hasta la altura del plano de las tablas a desplazar;<\/li>\n<li>Traslaci\u00f3n horizontal hasta colocar la primera tabla de la pila;<\/li>\n<li>Bajada y agarre de la tabla por medio del accionamiento de las ventosas;<\/li>\n<li>Subida y traslaci\u00f3n a la posici\u00f3n de descarga sobre la vertical del rodillo;<\/li>\n<li>Espera de la autorizaci\u00f3n del operador para la descarga.<\/li>\n<\/ul>\n<p>La m\u00e1quina podr\u00e1 realizar <strong>desde 3 a 6 ciclos al minuto<\/strong> en funci\u00f3n del recorrido a efectuar. Est\u00e1 prevista la posibilidad de eliminar autom\u00e1ticamente la presencia de eventuales listones aplicando como accesorio opcional un cepillo de una longitud de 3,5 m fijado al travesa\u00f1o porta ventosas con funci\u00f3n de empujador.<\/p>\n\n\t\t<style>\n\t\t\t#gallery-3 {\n\t\t\t\tmargin: auto;\n\t\t\t}\n\t\t\t#gallery-3 .gallery-item {\n\t\t\t\tfloat: left;\n\t\t\t\tmargin-top: 10px;\n\t\t\t\ttext-align: center;\n\t\t\t\twidth: 33%;\n\t\t\t}\n\t\t\t#gallery-3 img {\n\t\t\t\tborder: 2px solid #cfcfcf;\n\t\t\t}\n\t\t\t#gallery-3 .gallery-caption {\n\t\t\t\tmargin-left: 0;\n\t\t\t}\n\t\t\t\/* see gallery_shortcode() in wp-includes\/media.php *\/\n\t\t<\/style>\n\t\t<div id='gallery-3' class='gallery galleryid-14692 gallery-columns-3 gallery-size-thumbnail'><dl class='gallery-item'>\n\t\t\t<dt class='gallery-icon portrait'>\n\t\t\t\t<a href='https:\/\/isve.com\/es\/movimentatori-automatici-1-2\/'><img loading=\"lazy\" decoding=\"async\" width=\"150\" height=\"150\" src=\"https:\/\/isve.com\/wp-content\/uploads\/2025\/04\/movimentatori-automatici-1-150x150.jpg\" class=\"attachment-thumbnail size-thumbnail\" alt=\"\" \/><\/a>\n\t\t\t<\/dt><\/dl><dl class='gallery-item'>\n\t\t\t<dt class='gallery-icon landscape'>\n\t\t\t\t<a href='https:\/\/isve.com\/es\/movimentatori-legno-img03-2\/'><img loading=\"lazy\" decoding=\"async\" width=\"150\" height=\"150\" src=\"https:\/\/isve.com\/wp-content\/uploads\/2025\/04\/movimentatori-legno-img03-150x150.jpg\" class=\"attachment-thumbnail size-thumbnail\" alt=\"\" srcset=\"https:\/\/isve.com\/wp-content\/uploads\/2025\/04\/movimentatori-legno-img03-150x150.jpg 150w, https:\/\/isve.com\/wp-content\/uploads\/2025\/04\/movimentatori-legno-img03-200x200.jpg 200w\" sizes=\"(max-width: 150px) 100vw, 150px\" \/><\/a>\n\t\t\t<\/dt><\/dl>\n\t\t\t<br style='clear: both' \/>\n\t\t<\/div>\n\n<p><iframe title=\"HANDLING SYSTEM by ISVE WOOD\" width=\"1200\" height=\"675\" src=\"https:\/\/www.youtube.com\/embed\/0zcRcuvygRw?feature=oembed\" frameborder=\"0\" allow=\"accelerometer; autoplay; clipboard-write; encrypted-media; gyroscope; picture-in-picture; web-share\" referrerpolicy=\"strict-origin-when-cross-origin\" allowfullscreen><\/iframe><\/p>\n","protected":false},"excerpt":{"rendered":"<p>Sistemas de desplazamiento de tablas con ventosa de vac\u00edo. Desplazadores (ventosas) tambi\u00e9n controladas por radio Con los\u00a0movilizadores para madera\u00a0de ventosa ISVE es posible movilizar de modo r\u00e1pido y seguro tablas y otros elementos de madera. Estas plantas de movilizaci\u00f3n explotan la tecnolog\u00eda del vac\u00edo para garantizar una mejor adherencia del grupo ventosas a la superficie&hellip;<\/p>\n","protected":false},"author":1,"featured_media":14643,"parent":15968,"menu_order":352,"comment_status":"closed","ping_status":"closed","template":"","meta":{"_acf_changed":false,"footnotes":""},"tags":[],"impaginazione":[],"divisione":[3690],"categorie_modelli":[],"class_list":["post-14692","page","type-page","status-publish","has-post-thumbnail","hentry","divisione-isve-wood","description-off"],"acf":[],"yoast_head":"<!-- This site is optimized with the Yoast SEO plugin v27.4 - https:\/\/yoast.com\/product\/yoast-seo-wordpress\/ -->\n<title>Desplazadores de movimiento por depresi\u00f3n (con ventosas) - ISVE SpA - Tratamiento madera - Reciclaje - Molinos Trituradoras<\/title>\n<meta name=\"robots\" content=\"index, follow, max-snippet:-1, max-image-preview:large, max-video-preview:-1\" \/>\n<link rel=\"canonical\" href=\"https:\/\/isve.com\/es\/equipos-tratamiento-madera\/desplazadores-de-movimiento-por-depresion-con-ventosas\/\" \/>\n<meta property=\"og:locale\" content=\"es_ES\" \/>\n<meta property=\"og:type\" content=\"article\" \/>\n<meta property=\"og:title\" content=\"Desplazadores de movimiento por depresi\u00f3n (con ventosas) - ISVE SpA - Tratamiento madera - Reciclaje - Molinos Trituradoras\" \/>\n<meta property=\"og:description\" content=\"Sistemas de desplazamiento de tablas con ventosa de vac\u00edo. Desplazadores (ventosas) tambi\u00e9n controladas por radio Con los\u00a0movilizadores para madera\u00a0de ventosa ISVE es posible movilizar de modo r\u00e1pido y seguro tablas y otros elementos de madera. Estas plantas de movilizaci\u00f3n explotan la tecnolog\u00eda del vac\u00edo para garantizar una mejor adherencia del grupo ventosas a la superficie&hellip;\" \/>\n<meta property=\"og:url\" content=\"https:\/\/isve.com\/es\/equipos-tratamiento-madera\/desplazadores-de-movimiento-por-depresion-con-ventosas\/\" \/>\n<meta property=\"og:site_name\" content=\"ISVE SpA - Tratamiento madera - Reciclaje - Molinos Trituradoras\" \/>\n<meta property=\"article:modified_time\" content=\"2025-09-07T10:34:08+00:00\" \/>\n<meta property=\"og:image\" content=\"https:\/\/isve.com\/wp-content\/uploads\/Movi\/en\/Movimentatore-3.jpg\" \/>\n\t<meta property=\"og:image:width\" content=\"1487\" \/>\n\t<meta property=\"og:image:height\" content=\"776\" \/>\n\t<meta property=\"og:image:type\" content=\"image\/jpeg\" \/>\n<meta name=\"twitter:card\" content=\"summary_large_image\" \/>\n<meta name=\"twitter:label1\" content=\"Tiempo de lectura\" \/>\n\t<meta name=\"twitter:data1\" content=\"3 minutos\" \/>\n<script type=\"application\/ld+json\" class=\"yoast-schema-graph\">{\"@context\":\"https:\\\/\\\/schema.org\",\"@graph\":[{\"@type\":\"WebPage\",\"@id\":\"https:\\\/\\\/isve.com\\\/es\\\/equipos-tratamiento-madera\\\/desplazadores-de-movimiento-por-depresion-con-ventosas\\\/\",\"url\":\"https:\\\/\\\/isve.com\\\/es\\\/equipos-tratamiento-madera\\\/desplazadores-de-movimiento-por-depresion-con-ventosas\\\/\",\"name\":\"Desplazadores de movimiento por depresi\u00f3n (con ventosas) - ISVE SpA - Tratamiento madera - Reciclaje - Molinos Trituradoras\",\"isPartOf\":{\"@id\":\"https:\\\/\\\/isve.com\\\/es\\\/#website\"},\"primaryImageOfPage\":{\"@id\":\"https:\\\/\\\/isve.com\\\/es\\\/equipos-tratamiento-madera\\\/desplazadores-de-movimiento-por-depresion-con-ventosas\\\/#primaryimage\"},\"image\":{\"@id\":\"https:\\\/\\\/isve.com\\\/es\\\/equipos-tratamiento-madera\\\/desplazadores-de-movimiento-por-depresion-con-ventosas\\\/#primaryimage\"},\"thumbnailUrl\":\"https:\\\/\\\/isve.com\\\/wp-content\\\/uploads\\\/Movi\\\/en\\\/Movimentatore-3.jpg\",\"datePublished\":\"2019-12-19T09:02:20+00:00\",\"dateModified\":\"2025-09-07T10:34:08+00:00\",\"breadcrumb\":{\"@id\":\"https:\\\/\\\/isve.com\\\/es\\\/equipos-tratamiento-madera\\\/desplazadores-de-movimiento-por-depresion-con-ventosas\\\/#breadcrumb\"},\"inLanguage\":\"es\",\"potentialAction\":[{\"@type\":\"ReadAction\",\"target\":[\"https:\\\/\\\/isve.com\\\/es\\\/equipos-tratamiento-madera\\\/desplazadores-de-movimiento-por-depresion-con-ventosas\\\/\"]}]},{\"@type\":\"ImageObject\",\"inLanguage\":\"es\",\"@id\":\"https:\\\/\\\/isve.com\\\/es\\\/equipos-tratamiento-madera\\\/desplazadores-de-movimiento-por-depresion-con-ventosas\\\/#primaryimage\",\"url\":\"https:\\\/\\\/isve.com\\\/wp-content\\\/uploads\\\/Movi\\\/en\\\/Movimentatore-3.jpg\",\"contentUrl\":\"https:\\\/\\\/isve.com\\\/wp-content\\\/uploads\\\/Movi\\\/en\\\/Movimentatore-3.jpg\",\"width\":1487,\"height\":776},{\"@type\":\"BreadcrumbList\",\"@id\":\"https:\\\/\\\/isve.com\\\/es\\\/equipos-tratamiento-madera\\\/desplazadores-de-movimiento-por-depresion-con-ventosas\\\/#breadcrumb\",\"itemListElement\":[{\"@type\":\"ListItem\",\"position\":1,\"name\":\"Home\",\"item\":\"https:\\\/\\\/isve.com\\\/es\\\/\"},{\"@type\":\"ListItem\",\"position\":2,\"name\":\"Tratamiento de la Madera\",\"item\":\"https:\\\/\\\/isve.com\\\/es\\\/equipos-tratamiento-madera\\\/\"},{\"@type\":\"ListItem\",\"position\":3,\"name\":\"Desplazadores de movimiento por depresi\u00f3n (con ventosas)\"}]},{\"@type\":\"WebSite\",\"@id\":\"https:\\\/\\\/isve.com\\\/es\\\/#website\",\"url\":\"https:\\\/\\\/isve.com\\\/es\\\/\",\"name\":\"ISVE S.p.A.\",\"description\":\"Sistemas para tratamiento de madera y para trituraci\u00f3n moler granulaci\u00f3n\",\"publisher\":{\"@id\":\"https:\\\/\\\/isve.com\\\/es\\\/#organization\"},\"potentialAction\":[{\"@type\":\"SearchAction\",\"target\":{\"@type\":\"EntryPoint\",\"urlTemplate\":\"https:\\\/\\\/isve.com\\\/es\\\/?s={search_term_string}\"},\"query-input\":{\"@type\":\"PropertyValueSpecification\",\"valueRequired\":true,\"valueName\":\"search_term_string\"}}],\"inLanguage\":\"es\"},{\"@type\":\"Organization\",\"@id\":\"https:\\\/\\\/isve.com\\\/es\\\/#organization\",\"name\":\"ISVE S.p.A.\",\"url\":\"https:\\\/\\\/isve.com\\\/es\\\/\",\"logo\":{\"@type\":\"ImageObject\",\"inLanguage\":\"es\",\"@id\":\"https:\\\/\\\/isve.com\\\/es\\\/#\\\/schema\\\/logo\\\/image\\\/\",\"url\":\"https:\\\/\\\/isve.com\\\/wp-content\\\/uploads\\\/2026\\\/01\\\/logo-isve-spa.png\",\"contentUrl\":\"https:\\\/\\\/isve.com\\\/wp-content\\\/uploads\\\/2026\\\/01\\\/logo-isve-spa.png\",\"width\":600,\"height\":173,\"caption\":\"ISVE S.p.A.\"},\"image\":{\"@id\":\"https:\\\/\\\/isve.com\\\/es\\\/#\\\/schema\\\/logo\\\/image\\\/\"},\"sameAs\":[\"https:\\\/\\\/www.linkedin.com\\\/company\\\/69445471\",\"https:\\\/\\\/www.youtube.com\\\/@isves.p.a.8894\"]}]}<\/script>\n<!-- \/ Yoast SEO plugin. -->","yoast_head_json":{"title":"Desplazadores de movimiento por depresi\u00f3n (con ventosas) - ISVE SpA - Tratamiento madera - Reciclaje - Molinos Trituradoras","robots":{"index":"index","follow":"follow","max-snippet":"max-snippet:-1","max-image-preview":"max-image-preview:large","max-video-preview":"max-video-preview:-1"},"canonical":"https:\/\/isve.com\/es\/equipos-tratamiento-madera\/desplazadores-de-movimiento-por-depresion-con-ventosas\/","og_locale":"es_ES","og_type":"article","og_title":"Desplazadores de movimiento por depresi\u00f3n (con ventosas) - ISVE SpA - Tratamiento madera - Reciclaje - Molinos Trituradoras","og_description":"Sistemas de desplazamiento de tablas con ventosa de vac\u00edo. Desplazadores (ventosas) tambi\u00e9n controladas por radio Con los\u00a0movilizadores para madera\u00a0de ventosa ISVE es posible movilizar de modo r\u00e1pido y seguro tablas y otros elementos de madera. Estas plantas de movilizaci\u00f3n explotan la tecnolog\u00eda del vac\u00edo para garantizar una mejor adherencia del grupo ventosas a la superficie&hellip;","og_url":"https:\/\/isve.com\/es\/equipos-tratamiento-madera\/desplazadores-de-movimiento-por-depresion-con-ventosas\/","og_site_name":"ISVE SpA - Tratamiento madera - Reciclaje - Molinos Trituradoras","article_modified_time":"2025-09-07T10:34:08+00:00","og_image":[{"width":1487,"height":776,"url":"https:\/\/isve.com\/wp-content\/uploads\/Movi\/en\/Movimentatore-3.jpg","type":"image\/jpeg"}],"twitter_card":"summary_large_image","twitter_misc":{"Tiempo de lectura":"3 minutos"},"schema":{"@context":"https:\/\/schema.org","@graph":[{"@type":"WebPage","@id":"https:\/\/isve.com\/es\/equipos-tratamiento-madera\/desplazadores-de-movimiento-por-depresion-con-ventosas\/","url":"https:\/\/isve.com\/es\/equipos-tratamiento-madera\/desplazadores-de-movimiento-por-depresion-con-ventosas\/","name":"Desplazadores de movimiento por depresi\u00f3n (con ventosas) - ISVE SpA - Tratamiento madera - Reciclaje - Molinos Trituradoras","isPartOf":{"@id":"https:\/\/isve.com\/es\/#website"},"primaryImageOfPage":{"@id":"https:\/\/isve.com\/es\/equipos-tratamiento-madera\/desplazadores-de-movimiento-por-depresion-con-ventosas\/#primaryimage"},"image":{"@id":"https:\/\/isve.com\/es\/equipos-tratamiento-madera\/desplazadores-de-movimiento-por-depresion-con-ventosas\/#primaryimage"},"thumbnailUrl":"https:\/\/isve.com\/wp-content\/uploads\/Movi\/en\/Movimentatore-3.jpg","datePublished":"2019-12-19T09:02:20+00:00","dateModified":"2025-09-07T10:34:08+00:00","breadcrumb":{"@id":"https:\/\/isve.com\/es\/equipos-tratamiento-madera\/desplazadores-de-movimiento-por-depresion-con-ventosas\/#breadcrumb"},"inLanguage":"es","potentialAction":[{"@type":"ReadAction","target":["https:\/\/isve.com\/es\/equipos-tratamiento-madera\/desplazadores-de-movimiento-por-depresion-con-ventosas\/"]}]},{"@type":"ImageObject","inLanguage":"es","@id":"https:\/\/isve.com\/es\/equipos-tratamiento-madera\/desplazadores-de-movimiento-por-depresion-con-ventosas\/#primaryimage","url":"https:\/\/isve.com\/wp-content\/uploads\/Movi\/en\/Movimentatore-3.jpg","contentUrl":"https:\/\/isve.com\/wp-content\/uploads\/Movi\/en\/Movimentatore-3.jpg","width":1487,"height":776},{"@type":"BreadcrumbList","@id":"https:\/\/isve.com\/es\/equipos-tratamiento-madera\/desplazadores-de-movimiento-por-depresion-con-ventosas\/#breadcrumb","itemListElement":[{"@type":"ListItem","position":1,"name":"Home","item":"https:\/\/isve.com\/es\/"},{"@type":"ListItem","position":2,"name":"Tratamiento de la Madera","item":"https:\/\/isve.com\/es\/equipos-tratamiento-madera\/"},{"@type":"ListItem","position":3,"name":"Desplazadores de movimiento por depresi\u00f3n (con ventosas)"}]},{"@type":"WebSite","@id":"https:\/\/isve.com\/es\/#website","url":"https:\/\/isve.com\/es\/","name":"ISVE S.p.A.","description":"Sistemas para tratamiento de madera y para trituraci\u00f3n moler granulaci\u00f3n","publisher":{"@id":"https:\/\/isve.com\/es\/#organization"},"potentialAction":[{"@type":"SearchAction","target":{"@type":"EntryPoint","urlTemplate":"https:\/\/isve.com\/es\/?s={search_term_string}"},"query-input":{"@type":"PropertyValueSpecification","valueRequired":true,"valueName":"search_term_string"}}],"inLanguage":"es"},{"@type":"Organization","@id":"https:\/\/isve.com\/es\/#organization","name":"ISVE S.p.A.","url":"https:\/\/isve.com\/es\/","logo":{"@type":"ImageObject","inLanguage":"es","@id":"https:\/\/isve.com\/es\/#\/schema\/logo\/image\/","url":"https:\/\/isve.com\/wp-content\/uploads\/2026\/01\/logo-isve-spa.png","contentUrl":"https:\/\/isve.com\/wp-content\/uploads\/2026\/01\/logo-isve-spa.png","width":600,"height":173,"caption":"ISVE S.p.A."},"image":{"@id":"https:\/\/isve.com\/es\/#\/schema\/logo\/image\/"},"sameAs":["https:\/\/www.linkedin.com\/company\/69445471","https:\/\/www.youtube.com\/@isves.p.a.8894"]}]}},"_links":{"self":[{"href":"https:\/\/isve.com\/es\/wp-json\/wp\/v2\/pages\/14692","targetHints":{"allow":["GET"]}}],"collection":[{"href":"https:\/\/isve.com\/es\/wp-json\/wp\/v2\/pages"}],"about":[{"href":"https:\/\/isve.com\/es\/wp-json\/wp\/v2\/types\/page"}],"author":[{"embeddable":true,"href":"https:\/\/isve.com\/es\/wp-json\/wp\/v2\/users\/1"}],"replies":[{"embeddable":true,"href":"https:\/\/isve.com\/es\/wp-json\/wp\/v2\/comments?post=14692"}],"version-history":[{"count":1,"href":"https:\/\/isve.com\/es\/wp-json\/wp\/v2\/pages\/14692\/revisions"}],"predecessor-version":[{"id":26464,"href":"https:\/\/isve.com\/es\/wp-json\/wp\/v2\/pages\/14692\/revisions\/26464"}],"up":[{"embeddable":true,"href":"https:\/\/isve.com\/es\/wp-json\/wp\/v2\/pages\/15968"}],"wp:featuredmedia":[{"embeddable":true,"href":"https:\/\/isve.com\/es\/wp-json\/wp\/v2\/media\/14643"}],"wp:attachment":[{"href":"https:\/\/isve.com\/es\/wp-json\/wp\/v2\/media?parent=14692"}],"wp:term":[{"taxonomy":"post_tag","embeddable":true,"href":"https:\/\/isve.com\/es\/wp-json\/wp\/v2\/tags?post=14692"},{"taxonomy":"impaginazione","embeddable":true,"href":"https:\/\/isve.com\/es\/wp-json\/wp\/v2\/impaginazione?post=14692"},{"taxonomy":"divisione","embeddable":true,"href":"https:\/\/isve.com\/es\/wp-json\/wp\/v2\/divisione?post=14692"},{"taxonomy":"categorie_modelli","embeddable":true,"href":"https:\/\/isve.com\/es\/wp-json\/wp\/v2\/categorie_modelli?post=14692"}],"curies":[{"name":"wp","href":"https:\/\/api.w.org\/{rel}","templated":true}]}}