{"id":14686,"date":"2019-12-19T11:01:49","date_gmt":"2019-12-19T10:01:49","guid":{"rendered":"https:\/\/isve.com\/desgasificadores-de-vacio-para-elementos-espumosos\/"},"modified":"2025-04-15T12:30:14","modified_gmt":"2025-04-15T10:30:14","slug":"desgasificadores-de-vacio-para-elementos-espumosos","status":"publish","type":"page","link":"https:\/\/isve.com\/es\/equipos-tratamiento-madera\/desgasificadores-de-vacio-para-elementos-espumosos\/","title":{"rendered":"Desgasificadores de vac\u00edo para elementos espumosos"},"content":{"rendered":"<h2><strong>Sistemas de desgasificaci\u00f3n de vac\u00edo para elementos espumosos.<\/strong><\/h2>\n<hr \/>\n\n\t\t<style>\n\t\t\t#gallery-1 {\n\t\t\t\tmargin: auto;\n\t\t\t}\n\t\t\t#gallery-1 .gallery-item {\n\t\t\t\tfloat: left;\n\t\t\t\tmargin-top: 10px;\n\t\t\t\ttext-align: center;\n\t\t\t\twidth: 33%;\n\t\t\t}\n\t\t\t#gallery-1 img {\n\t\t\t\tborder: 2px solid #cfcfcf;\n\t\t\t}\n\t\t\t#gallery-1 .gallery-caption {\n\t\t\t\tmargin-left: 0;\n\t\t\t}\n\t\t\t\/* see gallery_shortcode() in wp-includes\/media.php *\/\n\t\t<\/style>\n\t\t<div id='gallery-1' class='gallery galleryid-14686 gallery-columns-3 gallery-size-thumbnail'><dl class='gallery-item'>\n\t\t\t<dt class='gallery-icon landscape'>\n\t\t\t\t<a href='https:\/\/isve.com\/es\/degassificatori-sottovuoto-img01-2\/'><img decoding=\"async\" width=\"150\" height=\"150\" src=\"https:\/\/isve.com\/wp-content\/uploads\/2025\/04\/degassificatori-sottovuoto-img01-150x150.jpg\" class=\"attachment-thumbnail size-thumbnail\" alt=\"\" srcset=\"https:\/\/isve.com\/wp-content\/uploads\/2025\/04\/degassificatori-sottovuoto-img01-150x150.jpg 150w, https:\/\/isve.com\/wp-content\/uploads\/2025\/04\/degassificatori-sottovuoto-img01-1000x1000.jpg 1000w, https:\/\/isve.com\/wp-content\/uploads\/2025\/04\/degassificatori-sottovuoto-img01-200x200.jpg 200w\" sizes=\"(max-width: 150px) 100vw, 150px\" \/><\/a>\n\t\t\t<\/dt><\/dl><dl class='gallery-item'>\n\t\t\t<dt class='gallery-icon landscape'>\n\t\t\t\t<a href='https:\/\/isve.com\/es\/degassificatori-sottovuoto-img03-2\/'><img decoding=\"async\" width=\"150\" height=\"150\" src=\"https:\/\/isve.com\/wp-content\/uploads\/2025\/04\/degassificatori-sottovuoto-img03-150x150.jpg\" class=\"attachment-thumbnail size-thumbnail\" alt=\"\" srcset=\"https:\/\/isve.com\/wp-content\/uploads\/2025\/04\/degassificatori-sottovuoto-img03-150x150.jpg 150w, https:\/\/isve.com\/wp-content\/uploads\/2025\/04\/degassificatori-sottovuoto-img03-1000x1000.jpg 1000w, https:\/\/isve.com\/wp-content\/uploads\/2025\/04\/degassificatori-sottovuoto-img03-200x200.jpg 200w\" sizes=\"(max-width: 150px) 100vw, 150px\" \/><\/a>\n\t\t\t<\/dt><\/dl><dl class='gallery-item'>\n\t\t\t<dt class='gallery-icon landscape'>\n\t\t\t\t<a href='https:\/\/isve.com\/es\/degassificatori-sottovuoto-img02-2\/'><img decoding=\"async\" width=\"150\" height=\"150\" src=\"https:\/\/isve.com\/wp-content\/uploads\/2025\/04\/degassificatori-sottovuoto-img02-150x150.jpg\" class=\"attachment-thumbnail size-thumbnail\" alt=\"\" srcset=\"https:\/\/isve.com\/wp-content\/uploads\/2025\/04\/degassificatori-sottovuoto-img02-150x150.jpg 150w, https:\/\/isve.com\/wp-content\/uploads\/2025\/04\/degassificatori-sottovuoto-img02-1000x1000.jpg 1000w, https:\/\/isve.com\/wp-content\/uploads\/2025\/04\/degassificatori-sottovuoto-img02-200x200.jpg 200w\" sizes=\"(max-width: 150px) 100vw, 150px\" \/><\/a>\n\t\t\t<\/dt><\/dl><br style=\"clear: both\" \/><dl class='gallery-item'>\n\t\t\t<dt class='gallery-icon landscape'>\n\t\t\t\t<a href='https:\/\/isve.com\/es\/degassificatori-sottovuoto-img06-2\/'><img loading=\"lazy\" decoding=\"async\" width=\"150\" height=\"150\" src=\"https:\/\/isve.com\/wp-content\/uploads\/2025\/04\/degassificatori-sottovuoto-img06-150x150.jpg\" class=\"attachment-thumbnail size-thumbnail\" alt=\"\" srcset=\"https:\/\/isve.com\/wp-content\/uploads\/2025\/04\/degassificatori-sottovuoto-img06-150x150.jpg 150w, https:\/\/isve.com\/wp-content\/uploads\/2025\/04\/degassificatori-sottovuoto-img06-200x200.jpg 200w\" sizes=\"(max-width: 150px) 100vw, 150px\" \/><\/a>\n\t\t\t<\/dt><\/dl><dl class='gallery-item'>\n\t\t\t<dt class='gallery-icon landscape'>\n\t\t\t\t<a href='https:\/\/isve.com\/es\/degassificatori-sottovuoto-img05-2\/'><img loading=\"lazy\" decoding=\"async\" width=\"150\" height=\"150\" src=\"https:\/\/isve.com\/wp-content\/uploads\/2025\/04\/degassificatori-sottovuoto-img05-150x150.jpg\" class=\"attachment-thumbnail size-thumbnail\" alt=\"\" srcset=\"https:\/\/isve.com\/wp-content\/uploads\/2025\/04\/degassificatori-sottovuoto-img05-150x150.jpg 150w, https:\/\/isve.com\/wp-content\/uploads\/2025\/04\/degassificatori-sottovuoto-img05-200x200.jpg 200w\" sizes=\"(max-width: 150px) 100vw, 150px\" \/><\/a>\n\t\t\t<\/dt><\/dl><dl class='gallery-item'>\n\t\t\t<dt class='gallery-icon landscape'>\n\t\t\t\t<a href='https:\/\/isve.com\/es\/degassificatori-sottovuoto-img07-2\/'><img loading=\"lazy\" decoding=\"async\" width=\"150\" height=\"150\" src=\"https:\/\/isve.com\/wp-content\/uploads\/2025\/04\/degassificatori-sottovuoto-img07-150x150.jpg\" class=\"attachment-thumbnail size-thumbnail\" alt=\"\" srcset=\"https:\/\/isve.com\/wp-content\/uploads\/2025\/04\/degassificatori-sottovuoto-img07-150x150.jpg 150w, https:\/\/isve.com\/wp-content\/uploads\/2025\/04\/degassificatori-sottovuoto-img07-200x200.jpg 200w\" sizes=\"(max-width: 150px) 100vw, 150px\" \/><\/a>\n\t\t\t<\/dt><\/dl><br style=\"clear: both\" \/>\n\t\t<\/div>\n\n","protected":false},"excerpt":{"rendered":"<p>Sistemas de desgasificaci\u00f3n de vac\u00edo para elementos espumosos.<\/p>\n","protected":false},"author":1,"featured_media":14651,"parent":15968,"menu_order":241,"comment_status":"closed","ping_status":"closed","template":"","meta":{"_acf_changed":false,"footnotes":""},"tags":[],"impaginazione":[],"divisione":[3690],"categorie_modelli":[],"class_list":["post-14686","page","type-page","status-publish","has-post-thumbnail","hentry","divisione-isve-wood","description-off"],"acf":[],"yoast_head":"<!-- This site is optimized with the Yoast SEO plugin v27.4 - https:\/\/yoast.com\/product\/yoast-seo-wordpress\/ -->\n<title>Desgasificadores de vac\u00edo para elementos espumosos - ISVE SpA - Trattamento legno - Riciclaggio - Macinatori Trituratori<\/title>\n<meta name=\"robots\" content=\"index, follow, max-snippet:-1, max-image-preview:large, max-video-preview:-1\" \/>\n<link rel=\"canonical\" href=\"https:\/\/isve.com\/es\/equipos-tratamiento-madera\/desgasificadores-de-vacio-para-elementos-espumosos\/\" \/>\n<meta property=\"og:locale\" content=\"es_ES\" \/>\n<meta property=\"og:type\" content=\"article\" \/>\n<meta property=\"og:title\" content=\"Desgasificadores de vac\u00edo para elementos espumosos - ISVE SpA - Trattamento legno - Riciclaggio - Macinatori Trituratori\" \/>\n<meta property=\"og:description\" content=\"Sistemas de desgasificaci\u00f3n de vac\u00edo para elementos espumosos.\" \/>\n<meta property=\"og:url\" content=\"https:\/\/isve.com\/es\/equipos-tratamiento-madera\/desgasificadores-de-vacio-para-elementos-espumosos\/\" \/>\n<meta property=\"og:site_name\" content=\"ISVE SpA - Trattamento legno - Riciclaggio - Macinatori Trituratori\" \/>\n<meta property=\"article:modified_time\" content=\"2025-04-15T10:30:14+00:00\" \/>\n<meta property=\"og:image\" content=\"https:\/\/isve.com\/wp-content\/uploads\/dega\/si\/degassificatori.jpg\" \/>\n\t<meta property=\"og:image:width\" content=\"1400\" \/>\n\t<meta property=\"og:image:height\" content=\"972\" \/>\n\t<meta property=\"og:image:type\" content=\"image\/jpeg\" \/>\n<meta name=\"twitter:card\" content=\"summary_large_image\" \/>\n<script type=\"application\/ld+json\" class=\"yoast-schema-graph\">{\"@context\":\"https:\\\/\\\/schema.org\",\"@graph\":[{\"@type\":\"WebPage\",\"@id\":\"https:\\\/\\\/isve.com\\\/es\\\/equipos-tratamiento-madera\\\/desgasificadores-de-vacio-para-elementos-espumosos\\\/\",\"url\":\"https:\\\/\\\/isve.com\\\/es\\\/equipos-tratamiento-madera\\\/desgasificadores-de-vacio-para-elementos-espumosos\\\/\",\"name\":\"Desgasificadores de vac\u00edo para elementos espumosos - ISVE SpA - Trattamento legno - Riciclaggio - Macinatori Trituratori\",\"isPartOf\":{\"@id\":\"https:\\\/\\\/isve.com\\\/es\\\/#website\"},\"primaryImageOfPage\":{\"@id\":\"https:\\\/\\\/isve.com\\\/es\\\/equipos-tratamiento-madera\\\/desgasificadores-de-vacio-para-elementos-espumosos\\\/#primaryimage\"},\"image\":{\"@id\":\"https:\\\/\\\/isve.com\\\/es\\\/equipos-tratamiento-madera\\\/desgasificadores-de-vacio-para-elementos-espumosos\\\/#primaryimage\"},\"thumbnailUrl\":\"https:\\\/\\\/isve.com\\\/wp-content\\\/uploads\\\/dega\\\/si\\\/degassificatori.jpg\",\"datePublished\":\"2019-12-19T10:01:49+00:00\",\"dateModified\":\"2025-04-15T10:30:14+00:00\",\"breadcrumb\":{\"@id\":\"https:\\\/\\\/isve.com\\\/es\\\/equipos-tratamiento-madera\\\/desgasificadores-de-vacio-para-elementos-espumosos\\\/#breadcrumb\"},\"inLanguage\":\"es\",\"potentialAction\":[{\"@type\":\"ReadAction\",\"target\":[\"https:\\\/\\\/isve.com\\\/es\\\/equipos-tratamiento-madera\\\/desgasificadores-de-vacio-para-elementos-espumosos\\\/\"]}]},{\"@type\":\"ImageObject\",\"inLanguage\":\"es\",\"@id\":\"https:\\\/\\\/isve.com\\\/es\\\/equipos-tratamiento-madera\\\/desgasificadores-de-vacio-para-elementos-espumosos\\\/#primaryimage\",\"url\":\"https:\\\/\\\/isve.com\\\/wp-content\\\/uploads\\\/dega\\\/si\\\/degassificatori.jpg\",\"contentUrl\":\"https:\\\/\\\/isve.com\\\/wp-content\\\/uploads\\\/dega\\\/si\\\/degassificatori.jpg\",\"width\":1400,\"height\":972},{\"@type\":\"BreadcrumbList\",\"@id\":\"https:\\\/\\\/isve.com\\\/es\\\/equipos-tratamiento-madera\\\/desgasificadores-de-vacio-para-elementos-espumosos\\\/#breadcrumb\",\"itemListElement\":[{\"@type\":\"ListItem\",\"position\":1,\"name\":\"Home\",\"item\":\"https:\\\/\\\/isve.com\\\/es\\\/\"},{\"@type\":\"ListItem\",\"position\":2,\"name\":\"Tratamiento de la Madera\",\"item\":\"https:\\\/\\\/isve.com\\\/es\\\/equipos-tratamiento-madera\\\/\"},{\"@type\":\"ListItem\",\"position\":3,\"name\":\"Desgasificadores de vac\u00edo para elementos espumosos\"}]},{\"@type\":\"WebSite\",\"@id\":\"https:\\\/\\\/isve.com\\\/es\\\/#website\",\"url\":\"https:\\\/\\\/isve.com\\\/es\\\/\",\"name\":\"ISVE S.p.A.\",\"description\":\"Sistemi per trattamento del legno e triturazione macinazione granulazione\",\"publisher\":{\"@id\":\"https:\\\/\\\/isve.com\\\/es\\\/#organization\"},\"potentialAction\":[{\"@type\":\"SearchAction\",\"target\":{\"@type\":\"EntryPoint\",\"urlTemplate\":\"https:\\\/\\\/isve.com\\\/es\\\/?s={search_term_string}\"},\"query-input\":{\"@type\":\"PropertyValueSpecification\",\"valueRequired\":true,\"valueName\":\"search_term_string\"}}],\"inLanguage\":\"es\"},{\"@type\":\"Organization\",\"@id\":\"https:\\\/\\\/isve.com\\\/es\\\/#organization\",\"name\":\"ISVE S.p.A.\",\"url\":\"https:\\\/\\\/isve.com\\\/es\\\/\",\"logo\":{\"@type\":\"ImageObject\",\"inLanguage\":\"es\",\"@id\":\"https:\\\/\\\/isve.com\\\/es\\\/#\\\/schema\\\/logo\\\/image\\\/\",\"url\":\"https:\\\/\\\/isve.com\\\/wp-content\\\/uploads\\\/2026\\\/01\\\/logo-isve-spa.png\",\"contentUrl\":\"https:\\\/\\\/isve.com\\\/wp-content\\\/uploads\\\/2026\\\/01\\\/logo-isve-spa.png\",\"width\":600,\"height\":173,\"caption\":\"ISVE S.p.A.\"},\"image\":{\"@id\":\"https:\\\/\\\/isve.com\\\/es\\\/#\\\/schema\\\/logo\\\/image\\\/\"},\"sameAs\":[\"https:\\\/\\\/www.linkedin.com\\\/company\\\/69445471\",\"https:\\\/\\\/www.youtube.com\\\/@isves.p.a.8894\"]}]}<\/script>\n<!-- \/ Yoast SEO plugin. -->","yoast_head_json":{"title":"Desgasificadores de vac\u00edo para elementos espumosos - ISVE SpA - Trattamento legno - Riciclaggio - Macinatori Trituratori","robots":{"index":"index","follow":"follow","max-snippet":"max-snippet:-1","max-image-preview":"max-image-preview:large","max-video-preview":"max-video-preview:-1"},"canonical":"https:\/\/isve.com\/es\/equipos-tratamiento-madera\/desgasificadores-de-vacio-para-elementos-espumosos\/","og_locale":"es_ES","og_type":"article","og_title":"Desgasificadores de vac\u00edo para elementos espumosos - ISVE SpA - Trattamento legno - Riciclaggio - Macinatori Trituratori","og_description":"Sistemas de desgasificaci\u00f3n de vac\u00edo para elementos espumosos.","og_url":"https:\/\/isve.com\/es\/equipos-tratamiento-madera\/desgasificadores-de-vacio-para-elementos-espumosos\/","og_site_name":"ISVE SpA - Trattamento legno - Riciclaggio - Macinatori Trituratori","article_modified_time":"2025-04-15T10:30:14+00:00","og_image":[{"width":1400,"height":972,"url":"https:\/\/isve.com\/wp-content\/uploads\/dega\/si\/degassificatori.jpg","type":"image\/jpeg"}],"twitter_card":"summary_large_image","schema":{"@context":"https:\/\/schema.org","@graph":[{"@type":"WebPage","@id":"https:\/\/isve.com\/es\/equipos-tratamiento-madera\/desgasificadores-de-vacio-para-elementos-espumosos\/","url":"https:\/\/isve.com\/es\/equipos-tratamiento-madera\/desgasificadores-de-vacio-para-elementos-espumosos\/","name":"Desgasificadores de vac\u00edo para elementos espumosos - ISVE SpA - Trattamento legno - Riciclaggio - Macinatori Trituratori","isPartOf":{"@id":"https:\/\/isve.com\/es\/#website"},"primaryImageOfPage":{"@id":"https:\/\/isve.com\/es\/equipos-tratamiento-madera\/desgasificadores-de-vacio-para-elementos-espumosos\/#primaryimage"},"image":{"@id":"https:\/\/isve.com\/es\/equipos-tratamiento-madera\/desgasificadores-de-vacio-para-elementos-espumosos\/#primaryimage"},"thumbnailUrl":"https:\/\/isve.com\/wp-content\/uploads\/dega\/si\/degassificatori.jpg","datePublished":"2019-12-19T10:01:49+00:00","dateModified":"2025-04-15T10:30:14+00:00","breadcrumb":{"@id":"https:\/\/isve.com\/es\/equipos-tratamiento-madera\/desgasificadores-de-vacio-para-elementos-espumosos\/#breadcrumb"},"inLanguage":"es","potentialAction":[{"@type":"ReadAction","target":["https:\/\/isve.com\/es\/equipos-tratamiento-madera\/desgasificadores-de-vacio-para-elementos-espumosos\/"]}]},{"@type":"ImageObject","inLanguage":"es","@id":"https:\/\/isve.com\/es\/equipos-tratamiento-madera\/desgasificadores-de-vacio-para-elementos-espumosos\/#primaryimage","url":"https:\/\/isve.com\/wp-content\/uploads\/dega\/si\/degassificatori.jpg","contentUrl":"https:\/\/isve.com\/wp-content\/uploads\/dega\/si\/degassificatori.jpg","width":1400,"height":972},{"@type":"BreadcrumbList","@id":"https:\/\/isve.com\/es\/equipos-tratamiento-madera\/desgasificadores-de-vacio-para-elementos-espumosos\/#breadcrumb","itemListElement":[{"@type":"ListItem","position":1,"name":"Home","item":"https:\/\/isve.com\/es\/"},{"@type":"ListItem","position":2,"name":"Tratamiento de la Madera","item":"https:\/\/isve.com\/es\/equipos-tratamiento-madera\/"},{"@type":"ListItem","position":3,"name":"Desgasificadores de vac\u00edo para elementos espumosos"}]},{"@type":"WebSite","@id":"https:\/\/isve.com\/es\/#website","url":"https:\/\/isve.com\/es\/","name":"ISVE S.p.A.","description":"Sistemi per trattamento del legno e triturazione macinazione granulazione","publisher":{"@id":"https:\/\/isve.com\/es\/#organization"},"potentialAction":[{"@type":"SearchAction","target":{"@type":"EntryPoint","urlTemplate":"https:\/\/isve.com\/es\/?s={search_term_string}"},"query-input":{"@type":"PropertyValueSpecification","valueRequired":true,"valueName":"search_term_string"}}],"inLanguage":"es"},{"@type":"Organization","@id":"https:\/\/isve.com\/es\/#organization","name":"ISVE S.p.A.","url":"https:\/\/isve.com\/es\/","logo":{"@type":"ImageObject","inLanguage":"es","@id":"https:\/\/isve.com\/es\/#\/schema\/logo\/image\/","url":"https:\/\/isve.com\/wp-content\/uploads\/2026\/01\/logo-isve-spa.png","contentUrl":"https:\/\/isve.com\/wp-content\/uploads\/2026\/01\/logo-isve-spa.png","width":600,"height":173,"caption":"ISVE S.p.A."},"image":{"@id":"https:\/\/isve.com\/es\/#\/schema\/logo\/image\/"},"sameAs":["https:\/\/www.linkedin.com\/company\/69445471","https:\/\/www.youtube.com\/@isves.p.a.8894"]}]}},"_links":{"self":[{"href":"https:\/\/isve.com\/es\/wp-json\/wp\/v2\/pages\/14686","targetHints":{"allow":["GET"]}}],"collection":[{"href":"https:\/\/isve.com\/es\/wp-json\/wp\/v2\/pages"}],"about":[{"href":"https:\/\/isve.com\/es\/wp-json\/wp\/v2\/types\/page"}],"author":[{"embeddable":true,"href":"https:\/\/isve.com\/es\/wp-json\/wp\/v2\/users\/1"}],"replies":[{"embeddable":true,"href":"https:\/\/isve.com\/es\/wp-json\/wp\/v2\/comments?post=14686"}],"version-history":[{"count":0,"href":"https:\/\/isve.com\/es\/wp-json\/wp\/v2\/pages\/14686\/revisions"}],"up":[{"embeddable":true,"href":"https:\/\/isve.com\/es\/wp-json\/wp\/v2\/pages\/15968"}],"wp:featuredmedia":[{"embeddable":true,"href":"https:\/\/isve.com\/es\/wp-json\/wp\/v2\/media\/14651"}],"wp:attachment":[{"href":"https:\/\/isve.com\/es\/wp-json\/wp\/v2\/media?parent=14686"}],"wp:term":[{"taxonomy":"post_tag","embeddable":true,"href":"https:\/\/isve.com\/es\/wp-json\/wp\/v2\/tags?post=14686"},{"taxonomy":"impaginazione","embeddable":true,"href":"https:\/\/isve.com\/es\/wp-json\/wp\/v2\/impaginazione?post=14686"},{"taxonomy":"divisione","embeddable":true,"href":"https:\/\/isve.com\/es\/wp-json\/wp\/v2\/divisione?post=14686"},{"taxonomy":"categorie_modelli","embeddable":true,"href":"https:\/\/isve.com\/es\/wp-json\/wp\/v2\/categorie_modelli?post=14686"}],"curies":[{"name":"wp","href":"https:\/\/api.w.org\/{rel}","templated":true}]}}