{"id":14680,"date":"2019-12-13T17:25:07","date_gmt":"2019-12-13T16:25:07","guid":{"rendered":"https:\/\/isve.com\/secadores-madera-es-esc\/desecadores-modelo-es-de-grande-capacidad\/"},"modified":"2025-04-15T12:55:43","modified_gmt":"2025-04-15T10:55:43","slug":"desecadores-modelo-es-de-grande-capacidad","status":"publish","type":"page","link":"https:\/\/isve.com\/es\/equipos-tratamiento-madera\/secadores-madera-es-esc\/desecadores-modelo-es-de-grande-capacidad\/","title":{"rendered":"Desecadores modelo ES de grande capacidad"},"content":{"rendered":"<h2><strong>Secadores de vac\u00edo continuo ES<\/strong><\/h2>\n<p>Los desecadores de vac\u00edo cont\u00ednuo serie ES con capacidad de 3 a 25 m3 est\u00e1n&nbsp;<strong>indicados para grandes carpinterias<\/strong>&nbsp;o para comerciantes de madera que buscan la calidad del secado unida a una elevada productividad.<br \/>\nEstas instalaciones encierran toda la tecnolog\u00eda y la experiencia desarrollada en veinte a\u00f1os de proyectos y de producci\u00f3n de instalaciones para el tratamiento de la madera.<\/p>\n<p>\u00bfProblemas de espacio en la empresa? \u00bfNecesidades de producci\u00f3n limitadas?<br \/>\nPara estos profesionales, ISVE ha desarrollado los secadores de apertura vertical ES Junior y ESC.<\/p>\n<p>&nbsp;<\/p>\n<h2><strong>Caracter\u00edsticas principales<\/strong><\/h2>\n<ul>\n<li>Autoclave:- de acero pintado con productos epox\u00eddicos para el tratamiento de las esencias le\u00f1osas sin tanino;<br \/>\n&#8211; de acero inoxidable AISI 304 para el secado de maderas que contienen agentes corrosivos (roble, casta\u00f1o, etc.);<br \/>\n&#8211; revestimiento aislante de material aislante revestido de chapa pre-pintada.<\/li>\n<li>Revestimiento aislante en material aislante.<\/li>\n<li>Apertura para el carro porta placas y madera.<\/li>\n<li>Gu\u00edas externas del carro.<\/li>\n<li>Cuadro el\u00e9ctrico de mando con microprocesador para la conducci\u00f3n en autom\u00e1tico del secado y de su parada.<\/li>\n<li>Sondas de control de la humedad de la madera en secado.<\/li>\n<li>Sondas de control de la temperatura de la madera en secado.<\/li>\n<li>Circuito de condensaci\u00f3n de tubos de acero inoxidable con dos ventiladores de refrigeraci\u00f3n.<\/li>\n<li>Bomba circulaci\u00f3n del agua caliente.<\/li>\n<li>V\u00e1lvula de cuatro v\u00edas motorizada a utilizar para la conexi\u00f3n a una fuente de agua caliente.<\/li>\n<li>Descarga autom\u00e1tica del agua de condensaci\u00f3n.<\/li>\n<li>Placas el\u00e9ctricas de calentamiento de aluminio.<\/li>\n<li>Caballetelle porta placas.<\/li>\n<li>Bomba de vac\u00edo lubricada con aceite.<\/li>\n<\/ul>\n<p>&nbsp;<\/p>\n<h2><strong>Accesorios:<\/strong><\/h2>\n<ul>\n<li>Sistema Air-bag pressing.<\/li>\n<li>Sistema de desinfecci\u00f3n contra xil\u00f3fagos por medio de pastillas insecticida.<\/li>\n<\/ul>\n<p>Para la puesta en marcha de la m\u00e1quina son suficientes una toma el\u00e9ctrica y un pozo de descarga del agua de condensaci\u00f3n.<\/p>\n<p>&nbsp;<\/p>\n","protected":false},"excerpt":{"rendered":"<p>Secadores de vac\u00edo continuo ES Los desecadores de vac\u00edo cont\u00ednuo serie ES con capacidad de 3 a 25 m3 est\u00e1n&nbsp;indicados para grandes carpinterias&nbsp;o para comerciantes de madera que buscan la calidad del secado unida a una elevada productividad. Estas instalaciones encierran toda la tecnolog\u00eda y la experiencia desarrollada en veinte a\u00f1os de proyectos y de&hellip;<\/p>\n","protected":false},"author":1,"featured_media":14400,"parent":14671,"menu_order":207,"comment_status":"closed","ping_status":"closed","template":"","meta":{"_acf_changed":false,"footnotes":""},"tags":[],"impaginazione":[3692],"divisione":[3690],"categorie_modelli":[3721],"class_list":["post-14680","page","type-page","status-publish","has-post-thumbnail","hentry","impaginazione-modello-prodotto","divisione-isve-wood","categorie_modelli-essiccatoi-legno-es-esc","description-off"],"acf":[],"yoast_head":"<!-- This site is optimized with the Yoast SEO plugin v27.4 - https:\/\/yoast.com\/product\/yoast-seo-wordpress\/ -->\n<title>Desecadores modelo ES de grande capacidad - ISVE SpA - Tratamiento madera - Reciclaje - Molinos Trituradoras<\/title>\n<meta name=\"robots\" content=\"index, follow, max-snippet:-1, max-image-preview:large, max-video-preview:-1\" \/>\n<link rel=\"canonical\" href=\"https:\/\/isve.com\/es\/equipos-tratamiento-madera\/secadores-madera-es-esc\/desecadores-modelo-es-de-grande-capacidad\/\" \/>\n<meta property=\"og:locale\" content=\"es_ES\" \/>\n<meta property=\"og:type\" content=\"article\" \/>\n<meta property=\"og:title\" content=\"Desecadores modelo ES de grande capacidad - ISVE SpA - Tratamiento madera - Reciclaje - Molinos Trituradoras\" \/>\n<meta property=\"og:description\" content=\"Secadores de vac\u00edo continuo ES Los desecadores de vac\u00edo cont\u00ednuo serie ES con capacidad de 3 a 25 m3 est\u00e1n&nbsp;indicados para grandes carpinterias&nbsp;o para comerciantes de madera que buscan la calidad del secado unida a una elevada productividad. Estas instalaciones encierran toda la tecnolog\u00eda y la experiencia desarrollada en veinte a\u00f1os de proyectos y de&hellip;\" \/>\n<meta property=\"og:url\" content=\"https:\/\/isve.com\/es\/equipos-tratamiento-madera\/secadores-madera-es-esc\/desecadores-modelo-es-de-grande-capacidad\/\" \/>\n<meta property=\"og:site_name\" content=\"ISVE SpA - Tratamiento madera - Reciclaje - Molinos Trituradoras\" \/>\n<meta property=\"article:modified_time\" content=\"2025-04-15T10:55:43+00:00\" \/>\n<meta property=\"og:image\" content=\"https:\/\/isve.com\/wp-content\/uploads\/ES-D\/me\/ES-Dimensioni_web_1.jpg\" \/>\n\t<meta property=\"og:image:width\" content=\"1920\" \/>\n\t<meta property=\"og:image:height\" content=\"489\" \/>\n\t<meta property=\"og:image:type\" content=\"image\/jpeg\" \/>\n<meta name=\"twitter:card\" content=\"summary_large_image\" \/>\n<meta name=\"twitter:label1\" content=\"Tiempo de lectura\" \/>\n\t<meta name=\"twitter:data1\" content=\"2 minutos\" \/>\n<script type=\"application\/ld+json\" class=\"yoast-schema-graph\">{\"@context\":\"https:\\\/\\\/schema.org\",\"@graph\":[{\"@type\":\"WebPage\",\"@id\":\"https:\\\/\\\/isve.com\\\/es\\\/equipos-tratamiento-madera\\\/secadores-madera-es-esc\\\/desecadores-modelo-es-de-grande-capacidad\\\/\",\"url\":\"https:\\\/\\\/isve.com\\\/es\\\/equipos-tratamiento-madera\\\/secadores-madera-es-esc\\\/desecadores-modelo-es-de-grande-capacidad\\\/\",\"name\":\"Desecadores modelo ES de grande capacidad - ISVE SpA - Tratamiento madera - Reciclaje - Molinos Trituradoras\",\"isPartOf\":{\"@id\":\"https:\\\/\\\/isve.com\\\/es\\\/#website\"},\"primaryImageOfPage\":{\"@id\":\"https:\\\/\\\/isve.com\\\/es\\\/equipos-tratamiento-madera\\\/secadores-madera-es-esc\\\/desecadores-modelo-es-de-grande-capacidad\\\/#primaryimage\"},\"image\":{\"@id\":\"https:\\\/\\\/isve.com\\\/es\\\/equipos-tratamiento-madera\\\/secadores-madera-es-esc\\\/desecadores-modelo-es-de-grande-capacidad\\\/#primaryimage\"},\"thumbnailUrl\":\"https:\\\/\\\/isve.com\\\/wp-content\\\/uploads\\\/ES-D\\\/me\\\/ES-Dimensioni_web_1.jpg\",\"datePublished\":\"2019-12-13T16:25:07+00:00\",\"dateModified\":\"2025-04-15T10:55:43+00:00\",\"breadcrumb\":{\"@id\":\"https:\\\/\\\/isve.com\\\/es\\\/equipos-tratamiento-madera\\\/secadores-madera-es-esc\\\/desecadores-modelo-es-de-grande-capacidad\\\/#breadcrumb\"},\"inLanguage\":\"es\",\"potentialAction\":[{\"@type\":\"ReadAction\",\"target\":[\"https:\\\/\\\/isve.com\\\/es\\\/equipos-tratamiento-madera\\\/secadores-madera-es-esc\\\/desecadores-modelo-es-de-grande-capacidad\\\/\"]}]},{\"@type\":\"ImageObject\",\"inLanguage\":\"es\",\"@id\":\"https:\\\/\\\/isve.com\\\/es\\\/equipos-tratamiento-madera\\\/secadores-madera-es-esc\\\/desecadores-modelo-es-de-grande-capacidad\\\/#primaryimage\",\"url\":\"https:\\\/\\\/isve.com\\\/wp-content\\\/uploads\\\/ES-D\\\/me\\\/ES-Dimensioni_web_1.jpg\",\"contentUrl\":\"https:\\\/\\\/isve.com\\\/wp-content\\\/uploads\\\/ES-D\\\/me\\\/ES-Dimensioni_web_1.jpg\",\"width\":1920,\"height\":489},{\"@type\":\"BreadcrumbList\",\"@id\":\"https:\\\/\\\/isve.com\\\/es\\\/equipos-tratamiento-madera\\\/secadores-madera-es-esc\\\/desecadores-modelo-es-de-grande-capacidad\\\/#breadcrumb\",\"itemListElement\":[{\"@type\":\"ListItem\",\"position\":1,\"name\":\"Home\",\"item\":\"https:\\\/\\\/isve.com\\\/es\\\/\"},{\"@type\":\"ListItem\",\"position\":2,\"name\":\"Tratamiento de la Madera\",\"item\":\"https:\\\/\\\/isve.com\\\/es\\\/equipos-tratamiento-madera\\\/\"},{\"@type\":\"ListItem\",\"position\":3,\"name\":\"Modelos &#8211; Secadores de madera serie ES-ESC\",\"item\":\"https:\\\/\\\/isve.com\\\/es\\\/equipos-tratamiento-madera\\\/secadores-madera-es-esc\\\/\"},{\"@type\":\"ListItem\",\"position\":4,\"name\":\"Desecadores modelo ES de grande capacidad\"}]},{\"@type\":\"WebSite\",\"@id\":\"https:\\\/\\\/isve.com\\\/es\\\/#website\",\"url\":\"https:\\\/\\\/isve.com\\\/es\\\/\",\"name\":\"ISVE S.p.A.\",\"description\":\"Sistemas para tratamiento de madera y para trituraci\u00f3n moler granulaci\u00f3n\",\"publisher\":{\"@id\":\"https:\\\/\\\/isve.com\\\/es\\\/#organization\"},\"potentialAction\":[{\"@type\":\"SearchAction\",\"target\":{\"@type\":\"EntryPoint\",\"urlTemplate\":\"https:\\\/\\\/isve.com\\\/es\\\/?s={search_term_string}\"},\"query-input\":{\"@type\":\"PropertyValueSpecification\",\"valueRequired\":true,\"valueName\":\"search_term_string\"}}],\"inLanguage\":\"es\"},{\"@type\":\"Organization\",\"@id\":\"https:\\\/\\\/isve.com\\\/es\\\/#organization\",\"name\":\"ISVE S.p.A.\",\"url\":\"https:\\\/\\\/isve.com\\\/es\\\/\",\"logo\":{\"@type\":\"ImageObject\",\"inLanguage\":\"es\",\"@id\":\"https:\\\/\\\/isve.com\\\/es\\\/#\\\/schema\\\/logo\\\/image\\\/\",\"url\":\"https:\\\/\\\/isve.com\\\/wp-content\\\/uploads\\\/2026\\\/01\\\/logo-isve-spa.png\",\"contentUrl\":\"https:\\\/\\\/isve.com\\\/wp-content\\\/uploads\\\/2026\\\/01\\\/logo-isve-spa.png\",\"width\":600,\"height\":173,\"caption\":\"ISVE S.p.A.\"},\"image\":{\"@id\":\"https:\\\/\\\/isve.com\\\/es\\\/#\\\/schema\\\/logo\\\/image\\\/\"},\"sameAs\":[\"https:\\\/\\\/www.linkedin.com\\\/company\\\/69445471\",\"https:\\\/\\\/www.youtube.com\\\/@isves.p.a.8894\"]}]}<\/script>\n<!-- \/ Yoast SEO plugin. -->","yoast_head_json":{"title":"Desecadores modelo ES de grande capacidad - ISVE SpA - Tratamiento madera - Reciclaje - Molinos Trituradoras","robots":{"index":"index","follow":"follow","max-snippet":"max-snippet:-1","max-image-preview":"max-image-preview:large","max-video-preview":"max-video-preview:-1"},"canonical":"https:\/\/isve.com\/es\/equipos-tratamiento-madera\/secadores-madera-es-esc\/desecadores-modelo-es-de-grande-capacidad\/","og_locale":"es_ES","og_type":"article","og_title":"Desecadores modelo ES de grande capacidad - ISVE SpA - Tratamiento madera - Reciclaje - Molinos Trituradoras","og_description":"Secadores de vac\u00edo continuo ES Los desecadores de vac\u00edo cont\u00ednuo serie ES con capacidad de 3 a 25 m3 est\u00e1n&nbsp;indicados para grandes carpinterias&nbsp;o para comerciantes de madera que buscan la calidad del secado unida a una elevada productividad. Estas instalaciones encierran toda la tecnolog\u00eda y la experiencia desarrollada en veinte a\u00f1os de proyectos y de&hellip;","og_url":"https:\/\/isve.com\/es\/equipos-tratamiento-madera\/secadores-madera-es-esc\/desecadores-modelo-es-de-grande-capacidad\/","og_site_name":"ISVE SpA - Tratamiento madera - Reciclaje - Molinos Trituradoras","article_modified_time":"2025-04-15T10:55:43+00:00","og_image":[{"width":1920,"height":489,"url":"https:\/\/isve.com\/wp-content\/uploads\/ES-D\/me\/ES-Dimensioni_web_1.jpg","type":"image\/jpeg"}],"twitter_card":"summary_large_image","twitter_misc":{"Tiempo de lectura":"2 minutos"},"schema":{"@context":"https:\/\/schema.org","@graph":[{"@type":"WebPage","@id":"https:\/\/isve.com\/es\/equipos-tratamiento-madera\/secadores-madera-es-esc\/desecadores-modelo-es-de-grande-capacidad\/","url":"https:\/\/isve.com\/es\/equipos-tratamiento-madera\/secadores-madera-es-esc\/desecadores-modelo-es-de-grande-capacidad\/","name":"Desecadores modelo ES de grande capacidad - ISVE SpA - Tratamiento madera - Reciclaje - Molinos Trituradoras","isPartOf":{"@id":"https:\/\/isve.com\/es\/#website"},"primaryImageOfPage":{"@id":"https:\/\/isve.com\/es\/equipos-tratamiento-madera\/secadores-madera-es-esc\/desecadores-modelo-es-de-grande-capacidad\/#primaryimage"},"image":{"@id":"https:\/\/isve.com\/es\/equipos-tratamiento-madera\/secadores-madera-es-esc\/desecadores-modelo-es-de-grande-capacidad\/#primaryimage"},"thumbnailUrl":"https:\/\/isve.com\/wp-content\/uploads\/ES-D\/me\/ES-Dimensioni_web_1.jpg","datePublished":"2019-12-13T16:25:07+00:00","dateModified":"2025-04-15T10:55:43+00:00","breadcrumb":{"@id":"https:\/\/isve.com\/es\/equipos-tratamiento-madera\/secadores-madera-es-esc\/desecadores-modelo-es-de-grande-capacidad\/#breadcrumb"},"inLanguage":"es","potentialAction":[{"@type":"ReadAction","target":["https:\/\/isve.com\/es\/equipos-tratamiento-madera\/secadores-madera-es-esc\/desecadores-modelo-es-de-grande-capacidad\/"]}]},{"@type":"ImageObject","inLanguage":"es","@id":"https:\/\/isve.com\/es\/equipos-tratamiento-madera\/secadores-madera-es-esc\/desecadores-modelo-es-de-grande-capacidad\/#primaryimage","url":"https:\/\/isve.com\/wp-content\/uploads\/ES-D\/me\/ES-Dimensioni_web_1.jpg","contentUrl":"https:\/\/isve.com\/wp-content\/uploads\/ES-D\/me\/ES-Dimensioni_web_1.jpg","width":1920,"height":489},{"@type":"BreadcrumbList","@id":"https:\/\/isve.com\/es\/equipos-tratamiento-madera\/secadores-madera-es-esc\/desecadores-modelo-es-de-grande-capacidad\/#breadcrumb","itemListElement":[{"@type":"ListItem","position":1,"name":"Home","item":"https:\/\/isve.com\/es\/"},{"@type":"ListItem","position":2,"name":"Tratamiento de la Madera","item":"https:\/\/isve.com\/es\/equipos-tratamiento-madera\/"},{"@type":"ListItem","position":3,"name":"Modelos &#8211; Secadores de madera serie ES-ESC","item":"https:\/\/isve.com\/es\/equipos-tratamiento-madera\/secadores-madera-es-esc\/"},{"@type":"ListItem","position":4,"name":"Desecadores modelo ES de grande capacidad"}]},{"@type":"WebSite","@id":"https:\/\/isve.com\/es\/#website","url":"https:\/\/isve.com\/es\/","name":"ISVE S.p.A.","description":"Sistemas para tratamiento de madera y para trituraci\u00f3n moler granulaci\u00f3n","publisher":{"@id":"https:\/\/isve.com\/es\/#organization"},"potentialAction":[{"@type":"SearchAction","target":{"@type":"EntryPoint","urlTemplate":"https:\/\/isve.com\/es\/?s={search_term_string}"},"query-input":{"@type":"PropertyValueSpecification","valueRequired":true,"valueName":"search_term_string"}}],"inLanguage":"es"},{"@type":"Organization","@id":"https:\/\/isve.com\/es\/#organization","name":"ISVE S.p.A.","url":"https:\/\/isve.com\/es\/","logo":{"@type":"ImageObject","inLanguage":"es","@id":"https:\/\/isve.com\/es\/#\/schema\/logo\/image\/","url":"https:\/\/isve.com\/wp-content\/uploads\/2026\/01\/logo-isve-spa.png","contentUrl":"https:\/\/isve.com\/wp-content\/uploads\/2026\/01\/logo-isve-spa.png","width":600,"height":173,"caption":"ISVE S.p.A."},"image":{"@id":"https:\/\/isve.com\/es\/#\/schema\/logo\/image\/"},"sameAs":["https:\/\/www.linkedin.com\/company\/69445471","https:\/\/www.youtube.com\/@isves.p.a.8894"]}]}},"_links":{"self":[{"href":"https:\/\/isve.com\/es\/wp-json\/wp\/v2\/pages\/14680","targetHints":{"allow":["GET"]}}],"collection":[{"href":"https:\/\/isve.com\/es\/wp-json\/wp\/v2\/pages"}],"about":[{"href":"https:\/\/isve.com\/es\/wp-json\/wp\/v2\/types\/page"}],"author":[{"embeddable":true,"href":"https:\/\/isve.com\/es\/wp-json\/wp\/v2\/users\/1"}],"replies":[{"embeddable":true,"href":"https:\/\/isve.com\/es\/wp-json\/wp\/v2\/comments?post=14680"}],"version-history":[{"count":0,"href":"https:\/\/isve.com\/es\/wp-json\/wp\/v2\/pages\/14680\/revisions"}],"up":[{"embeddable":true,"href":"https:\/\/isve.com\/es\/wp-json\/wp\/v2\/pages\/14671"}],"wp:featuredmedia":[{"embeddable":true,"href":"https:\/\/isve.com\/es\/wp-json\/wp\/v2\/media\/14400"}],"wp:attachment":[{"href":"https:\/\/isve.com\/es\/wp-json\/wp\/v2\/media?parent=14680"}],"wp:term":[{"taxonomy":"post_tag","embeddable":true,"href":"https:\/\/isve.com\/es\/wp-json\/wp\/v2\/tags?post=14680"},{"taxonomy":"impaginazione","embeddable":true,"href":"https:\/\/isve.com\/es\/wp-json\/wp\/v2\/impaginazione?post=14680"},{"taxonomy":"divisione","embeddable":true,"href":"https:\/\/isve.com\/es\/wp-json\/wp\/v2\/divisione?post=14680"},{"taxonomy":"categorie_modelli","embeddable":true,"href":"https:\/\/isve.com\/es\/wp-json\/wp\/v2\/categorie_modelli?post=14680"}],"curies":[{"name":"wp","href":"https:\/\/api.w.org\/{rel}","templated":true}]}}