{"id":14677,"date":"2019-12-13T16:53:27","date_gmt":"2019-12-13T15:53:27","guid":{"rendered":"https:\/\/isve.com\/secadores-madera-es-esc\/desecadores-modelo-esc-de-apertura-vertical\/"},"modified":"2025-04-15T12:54:11","modified_gmt":"2025-04-15T10:54:11","slug":"desecadores-modelo-esc-de-apertura-vertical","status":"publish","type":"page","link":"https:\/\/isve.com\/es\/equipos-tratamiento-madera\/secadores-madera-es-esc\/desecadores-modelo-esc-de-apertura-vertical\/","title":{"rendered":"Desecadores modelo ESC de apertura vertical"},"content":{"rendered":"<h2><strong>Secadora al vac\u00edo con APERTURA VERTICAL<\/strong><\/h2>\n<p>Los <strong>secadores de vac\u00edo cont\u00ednuo con APERTURA VERTICAL serie ESC<\/strong>, est\u00e1n especialmente indicados para talleres de carpinter\u00eda con problemas de espacio. La apertura vertical permite aprovechar la longitud del autoclave sin deber sacar el carro, <strong>reduciendo<\/strong> notablemente <strong>las dimensiones m\u00e1ximas<\/strong>.<\/p>\n<p>Para el peque\u00f1o artesano, ISVE tambi\u00e9n ofrece la serie ESC Junior y el mini secador de la serie ES Junior.<\/p>\n<p>&nbsp;<\/p>\n<h2><strong>M\u00e9todo de funcionamiento de los secadores de apertura vertical.<\/strong><\/h2>\n<p>La instalaci\u00f3n, que funciona a <strong>bajas temperaturas<\/strong>, permite la evaporaci\u00f3n del agua contenida en la madera que hay que tratar sin someterla a saltos t\u00e9rmicos que puedan causar fisuras y deformaciones.<br \/>\nGracias al agua evaporada de la madera en secado, las superficies del material se mantienen h\u00famedas, <strong>evitando que se formen peque\u00f1as grietas<\/strong> que se producen con otros sistemas de secado.<br \/>\nEl gradiente de humedad necesario entre ambiente y material es controlado constantemente por medio de un condensador que hace precipitar el vapor en suspensi\u00f3n.<br \/>\nEl acondicionamiento de la <strong>c\u00e1mara de secado<\/strong> est\u00e1 mantenido de manera constante y est\u00e1 previamente programado por medio de sondas aplicadas sobre los circuitos de calentamiento, de condensaci\u00f3n y sobre la madera.<br \/>\nEste acondicionamiento ambiental, seguido del ciclo de vac\u00edo, pone en marcha el proceso de transmigraci\u00f3n del agua a trav\u00e9s de las paredes celulares de la madera, de sus partes internas hacia las superficies, desde las cuales el agua se evapora continuamente hasta alcanzar las condiciones de secado deseadas.<br \/>\nEl agua de condensaci\u00f3n que se deposita en el fondo del autoclave es expulsado peri\u00f3dicamente para mantener constantes las condiciones ambientales.<\/p>\n<p>Resultan las ventajas siguientes:<\/p>\n<ul>\n<li><strong>RAPIDEZ DE SECADO POR<\/strong>: procedimiento en ausencia de aire y a bajas temperaturas que permite obtener diminusiones horarias de humedad nunca alcanzadas con otra instalaci\u00f3n.<\/li>\n<li><strong>RESULTADOS PERFECTOS POR<\/strong>: ausencia de deformaciones y fisuras sensibles; ausencia de alteraciones del color; ausencia de tensiones internas; resistencia inalterada del material secado.<\/li>\n<li><strong>POSIBILIDAD DE SECAR<\/strong>: material de espesor elevado y con la m\u00e1xima humedad; tablas de todo tipo y esencia.<\/li>\n<li><strong>BAJOS COSTES DE TRABAJO POR<\/strong>: p\u00e9rdidas t\u00e9rmicas m\u00ednimas; utilizaci\u00f3n racional de la energ\u00eda t\u00e9rmica y el\u00e9ctrica; ninguna necesidad de intervenciones manuales.<\/li>\n<li><strong>BAJOS COSTES DE MANTENIMIENTO POR<\/strong>: construcci\u00f3n sencilla y racional; dispositivos sencillos de automaci\u00f3n; materiales anticorrosivos.<\/li>\n<\/ul>\n<h2><strong>Caracter\u00edsticas principales<\/strong><\/h2>\n<ul>\n<li>Autoclave:<br \/>\n&#8211; de acero pintado con productos epox\u00eddicos para el tratamiento de las esencias le\u00f1osas sin tanino;<br \/>\n&#8211; de acero inoxidable AISI 304 para el secado de maderas que contienen agentes corrosivos (roble, casta\u00f1o, etc.);<br \/>\n&#8211; revestimiento aislante de material aislante revestido de chapa pre-pintada.<\/li>\n<li>Revestimiento aislante en material aislante.<\/li>\n<li>Apertura para el carro.<\/li>\n<li>Cuadro el\u00e9ctrico de mando con microprocesador para la conducci\u00f3n en autom\u00e1tico del secado y de su parada.<\/li>\n<li>Sondas de control de la humedad de la madera en secado.<\/li>\n<li>Sondas de control de la temperatura de la madera en secado.<\/li>\n<li>Descarga autom\u00e1tica del agua de condensaci\u00f3n.<\/li>\n<li>Placas el\u00e9ctricas de calentamiento de aluminio.<\/li>\n<li>Caballetelle porta placas.<\/li>\n<li>Bomba de vac\u00edo lubricada con aceite.<\/li>\n<\/ul>\n<h2><strong>Accesorios bajo petici\u00f3n:<\/strong><\/h2>\n<ul>\n<li>Sistema Air-bag pressing.<\/li>\n<li>Sistema de desinfecci\u00f3n contra xil\u00f3fagos por medio de pastillas insecticida.<\/li>\n<\/ul>\n<p>&nbsp;<\/p>\n<p>Para la puesta en marcha de la m\u00e1quina son suficientes una <strong>toma el\u00e9ctrica<\/strong> y un <strong>pozo de descarga<\/strong> del agua de condensaci\u00f3n.<\/p>\n<p>&nbsp;<\/p>\n","protected":false},"excerpt":{"rendered":"<p>Secadora al vac\u00edo con APERTURA VERTICAL Los secadores de vac\u00edo cont\u00ednuo con APERTURA VERTICAL serie ESC, est\u00e1n especialmente indicados para talleres de carpinter\u00eda con problemas de espacio. La apertura vertical permite aprovechar la longitud del autoclave sin deber sacar el carro, reduciendo notablemente las dimensiones m\u00e1ximas. Para el peque\u00f1o artesano, ISVE tambi\u00e9n ofrece la serie&hellip;<\/p>\n","protected":false},"author":1,"featured_media":14367,"parent":14671,"menu_order":195,"comment_status":"closed","ping_status":"closed","template":"","meta":{"_acf_changed":false,"footnotes":""},"tags":[],"impaginazione":[3692],"divisione":[3690],"categorie_modelli":[3721],"class_list":["post-14677","page","type-page","status-publish","has-post-thumbnail","hentry","impaginazione-modello-prodotto","divisione-isve-wood","categorie_modelli-essiccatoi-legno-es-esc","description-off"],"acf":[],"yoast_head":"<!-- This site is optimized with the Yoast SEO plugin v27.4 - https:\/\/yoast.com\/product\/yoast-seo-wordpress\/ -->\n<title>Desecadores modelo ESC de apertura vertical - ISVE SpA - Trattamento legno - Riciclaggio - Macinatori Trituratori<\/title>\n<meta name=\"robots\" content=\"index, follow, max-snippet:-1, max-image-preview:large, max-video-preview:-1\" \/>\n<link rel=\"canonical\" href=\"https:\/\/isve.com\/es\/equipos-tratamiento-madera\/secadores-madera-es-esc\/desecadores-modelo-esc-de-apertura-vertical\/\" \/>\n<meta property=\"og:locale\" content=\"es_ES\" \/>\n<meta property=\"og:type\" content=\"article\" \/>\n<meta property=\"og:title\" content=\"Desecadores modelo ESC de apertura vertical - ISVE SpA - Trattamento legno - Riciclaggio - Macinatori Trituratori\" \/>\n<meta property=\"og:description\" content=\"Secadora al vac\u00edo con APERTURA VERTICAL Los secadores de vac\u00edo cont\u00ednuo con APERTURA VERTICAL serie ESC, est\u00e1n especialmente indicados para talleres de carpinter\u00eda con problemas de espacio. La apertura vertical permite aprovechar la longitud del autoclave sin deber sacar el carro, reduciendo notablemente las dimensiones m\u00e1ximas. Para el peque\u00f1o artesano, ISVE tambi\u00e9n ofrece la serie&hellip;\" \/>\n<meta property=\"og:url\" content=\"https:\/\/isve.com\/es\/equipos-tratamiento-madera\/secadores-madera-es-esc\/desecadores-modelo-esc-de-apertura-vertical\/\" \/>\n<meta property=\"og:site_name\" content=\"ISVE SpA - Trattamento legno - Riciclaggio - Macinatori Trituratori\" \/>\n<meta property=\"article:modified_time\" content=\"2025-04-15T10:54:11+00:00\" \/>\n<meta property=\"og:image\" content=\"https:\/\/isve.com\/wp-content\/uploads\/ESC-\/et\/ESC-lettere.jpg\" \/>\n\t<meta property=\"og:image:width\" content=\"1920\" \/>\n\t<meta property=\"og:image:height\" content=\"543\" \/>\n\t<meta property=\"og:image:type\" content=\"image\/jpeg\" \/>\n<meta name=\"twitter:card\" content=\"summary_large_image\" \/>\n<meta name=\"twitter:label1\" content=\"Tiempo de lectura\" \/>\n\t<meta name=\"twitter:data1\" content=\"3 minutos\" \/>\n<script type=\"application\/ld+json\" class=\"yoast-schema-graph\">{\"@context\":\"https:\\\/\\\/schema.org\",\"@graph\":[{\"@type\":\"WebPage\",\"@id\":\"https:\\\/\\\/isve.com\\\/es\\\/equipos-tratamiento-madera\\\/secadores-madera-es-esc\\\/desecadores-modelo-esc-de-apertura-vertical\\\/\",\"url\":\"https:\\\/\\\/isve.com\\\/es\\\/equipos-tratamiento-madera\\\/secadores-madera-es-esc\\\/desecadores-modelo-esc-de-apertura-vertical\\\/\",\"name\":\"Desecadores modelo ESC de apertura vertical - ISVE SpA - Trattamento legno - Riciclaggio - Macinatori Trituratori\",\"isPartOf\":{\"@id\":\"https:\\\/\\\/isve.com\\\/es\\\/#website\"},\"primaryImageOfPage\":{\"@id\":\"https:\\\/\\\/isve.com\\\/es\\\/equipos-tratamiento-madera\\\/secadores-madera-es-esc\\\/desecadores-modelo-esc-de-apertura-vertical\\\/#primaryimage\"},\"image\":{\"@id\":\"https:\\\/\\\/isve.com\\\/es\\\/equipos-tratamiento-madera\\\/secadores-madera-es-esc\\\/desecadores-modelo-esc-de-apertura-vertical\\\/#primaryimage\"},\"thumbnailUrl\":\"https:\\\/\\\/isve.com\\\/wp-content\\\/uploads\\\/ESC-\\\/et\\\/ESC-lettere.jpg\",\"datePublished\":\"2019-12-13T15:53:27+00:00\",\"dateModified\":\"2025-04-15T10:54:11+00:00\",\"breadcrumb\":{\"@id\":\"https:\\\/\\\/isve.com\\\/es\\\/equipos-tratamiento-madera\\\/secadores-madera-es-esc\\\/desecadores-modelo-esc-de-apertura-vertical\\\/#breadcrumb\"},\"inLanguage\":\"es\",\"potentialAction\":[{\"@type\":\"ReadAction\",\"target\":[\"https:\\\/\\\/isve.com\\\/es\\\/equipos-tratamiento-madera\\\/secadores-madera-es-esc\\\/desecadores-modelo-esc-de-apertura-vertical\\\/\"]}]},{\"@type\":\"ImageObject\",\"inLanguage\":\"es\",\"@id\":\"https:\\\/\\\/isve.com\\\/es\\\/equipos-tratamiento-madera\\\/secadores-madera-es-esc\\\/desecadores-modelo-esc-de-apertura-vertical\\\/#primaryimage\",\"url\":\"https:\\\/\\\/isve.com\\\/wp-content\\\/uploads\\\/ESC-\\\/et\\\/ESC-lettere.jpg\",\"contentUrl\":\"https:\\\/\\\/isve.com\\\/wp-content\\\/uploads\\\/ESC-\\\/et\\\/ESC-lettere.jpg\",\"width\":1920,\"height\":543},{\"@type\":\"BreadcrumbList\",\"@id\":\"https:\\\/\\\/isve.com\\\/es\\\/equipos-tratamiento-madera\\\/secadores-madera-es-esc\\\/desecadores-modelo-esc-de-apertura-vertical\\\/#breadcrumb\",\"itemListElement\":[{\"@type\":\"ListItem\",\"position\":1,\"name\":\"Home\",\"item\":\"https:\\\/\\\/isve.com\\\/es\\\/\"},{\"@type\":\"ListItem\",\"position\":2,\"name\":\"Tratamiento de la Madera\",\"item\":\"https:\\\/\\\/isve.com\\\/es\\\/equipos-tratamiento-madera\\\/\"},{\"@type\":\"ListItem\",\"position\":3,\"name\":\"Modelos &#8211; Secadores de madera serie ES-ESC\",\"item\":\"https:\\\/\\\/isve.com\\\/es\\\/equipos-tratamiento-madera\\\/secadores-madera-es-esc\\\/\"},{\"@type\":\"ListItem\",\"position\":4,\"name\":\"Desecadores modelo ESC de apertura vertical\"}]},{\"@type\":\"WebSite\",\"@id\":\"https:\\\/\\\/isve.com\\\/es\\\/#website\",\"url\":\"https:\\\/\\\/isve.com\\\/es\\\/\",\"name\":\"ISVE S.p.A.\",\"description\":\"Sistemi per trattamento del legno e triturazione macinazione granulazione\",\"publisher\":{\"@id\":\"https:\\\/\\\/isve.com\\\/es\\\/#organization\"},\"potentialAction\":[{\"@type\":\"SearchAction\",\"target\":{\"@type\":\"EntryPoint\",\"urlTemplate\":\"https:\\\/\\\/isve.com\\\/es\\\/?s={search_term_string}\"},\"query-input\":{\"@type\":\"PropertyValueSpecification\",\"valueRequired\":true,\"valueName\":\"search_term_string\"}}],\"inLanguage\":\"es\"},{\"@type\":\"Organization\",\"@id\":\"https:\\\/\\\/isve.com\\\/es\\\/#organization\",\"name\":\"ISVE S.p.A.\",\"url\":\"https:\\\/\\\/isve.com\\\/es\\\/\",\"logo\":{\"@type\":\"ImageObject\",\"inLanguage\":\"es\",\"@id\":\"https:\\\/\\\/isve.com\\\/es\\\/#\\\/schema\\\/logo\\\/image\\\/\",\"url\":\"https:\\\/\\\/isve.com\\\/wp-content\\\/uploads\\\/2026\\\/01\\\/logo-isve-spa.png\",\"contentUrl\":\"https:\\\/\\\/isve.com\\\/wp-content\\\/uploads\\\/2026\\\/01\\\/logo-isve-spa.png\",\"width\":600,\"height\":173,\"caption\":\"ISVE S.p.A.\"},\"image\":{\"@id\":\"https:\\\/\\\/isve.com\\\/es\\\/#\\\/schema\\\/logo\\\/image\\\/\"},\"sameAs\":[\"https:\\\/\\\/www.linkedin.com\\\/company\\\/69445471\",\"https:\\\/\\\/www.youtube.com\\\/@isves.p.a.8894\"]}]}<\/script>\n<!-- \/ Yoast SEO plugin. -->","yoast_head_json":{"title":"Desecadores modelo ESC de apertura vertical - ISVE SpA - Trattamento legno - Riciclaggio - Macinatori Trituratori","robots":{"index":"index","follow":"follow","max-snippet":"max-snippet:-1","max-image-preview":"max-image-preview:large","max-video-preview":"max-video-preview:-1"},"canonical":"https:\/\/isve.com\/es\/equipos-tratamiento-madera\/secadores-madera-es-esc\/desecadores-modelo-esc-de-apertura-vertical\/","og_locale":"es_ES","og_type":"article","og_title":"Desecadores modelo ESC de apertura vertical - ISVE SpA - Trattamento legno - Riciclaggio - Macinatori Trituratori","og_description":"Secadora al vac\u00edo con APERTURA VERTICAL Los secadores de vac\u00edo cont\u00ednuo con APERTURA VERTICAL serie ESC, est\u00e1n especialmente indicados para talleres de carpinter\u00eda con problemas de espacio. La apertura vertical permite aprovechar la longitud del autoclave sin deber sacar el carro, reduciendo notablemente las dimensiones m\u00e1ximas. Para el peque\u00f1o artesano, ISVE tambi\u00e9n ofrece la serie&hellip;","og_url":"https:\/\/isve.com\/es\/equipos-tratamiento-madera\/secadores-madera-es-esc\/desecadores-modelo-esc-de-apertura-vertical\/","og_site_name":"ISVE SpA - Trattamento legno - Riciclaggio - Macinatori Trituratori","article_modified_time":"2025-04-15T10:54:11+00:00","og_image":[{"width":1920,"height":543,"url":"https:\/\/isve.com\/wp-content\/uploads\/ESC-\/et\/ESC-lettere.jpg","type":"image\/jpeg"}],"twitter_card":"summary_large_image","twitter_misc":{"Tiempo de lectura":"3 minutos"},"schema":{"@context":"https:\/\/schema.org","@graph":[{"@type":"WebPage","@id":"https:\/\/isve.com\/es\/equipos-tratamiento-madera\/secadores-madera-es-esc\/desecadores-modelo-esc-de-apertura-vertical\/","url":"https:\/\/isve.com\/es\/equipos-tratamiento-madera\/secadores-madera-es-esc\/desecadores-modelo-esc-de-apertura-vertical\/","name":"Desecadores modelo ESC de apertura vertical - ISVE SpA - Trattamento legno - Riciclaggio - Macinatori Trituratori","isPartOf":{"@id":"https:\/\/isve.com\/es\/#website"},"primaryImageOfPage":{"@id":"https:\/\/isve.com\/es\/equipos-tratamiento-madera\/secadores-madera-es-esc\/desecadores-modelo-esc-de-apertura-vertical\/#primaryimage"},"image":{"@id":"https:\/\/isve.com\/es\/equipos-tratamiento-madera\/secadores-madera-es-esc\/desecadores-modelo-esc-de-apertura-vertical\/#primaryimage"},"thumbnailUrl":"https:\/\/isve.com\/wp-content\/uploads\/ESC-\/et\/ESC-lettere.jpg","datePublished":"2019-12-13T15:53:27+00:00","dateModified":"2025-04-15T10:54:11+00:00","breadcrumb":{"@id":"https:\/\/isve.com\/es\/equipos-tratamiento-madera\/secadores-madera-es-esc\/desecadores-modelo-esc-de-apertura-vertical\/#breadcrumb"},"inLanguage":"es","potentialAction":[{"@type":"ReadAction","target":["https:\/\/isve.com\/es\/equipos-tratamiento-madera\/secadores-madera-es-esc\/desecadores-modelo-esc-de-apertura-vertical\/"]}]},{"@type":"ImageObject","inLanguage":"es","@id":"https:\/\/isve.com\/es\/equipos-tratamiento-madera\/secadores-madera-es-esc\/desecadores-modelo-esc-de-apertura-vertical\/#primaryimage","url":"https:\/\/isve.com\/wp-content\/uploads\/ESC-\/et\/ESC-lettere.jpg","contentUrl":"https:\/\/isve.com\/wp-content\/uploads\/ESC-\/et\/ESC-lettere.jpg","width":1920,"height":543},{"@type":"BreadcrumbList","@id":"https:\/\/isve.com\/es\/equipos-tratamiento-madera\/secadores-madera-es-esc\/desecadores-modelo-esc-de-apertura-vertical\/#breadcrumb","itemListElement":[{"@type":"ListItem","position":1,"name":"Home","item":"https:\/\/isve.com\/es\/"},{"@type":"ListItem","position":2,"name":"Tratamiento de la Madera","item":"https:\/\/isve.com\/es\/equipos-tratamiento-madera\/"},{"@type":"ListItem","position":3,"name":"Modelos &#8211; Secadores de madera serie ES-ESC","item":"https:\/\/isve.com\/es\/equipos-tratamiento-madera\/secadores-madera-es-esc\/"},{"@type":"ListItem","position":4,"name":"Desecadores modelo ESC de apertura vertical"}]},{"@type":"WebSite","@id":"https:\/\/isve.com\/es\/#website","url":"https:\/\/isve.com\/es\/","name":"ISVE S.p.A.","description":"Sistemi per trattamento del legno e triturazione macinazione granulazione","publisher":{"@id":"https:\/\/isve.com\/es\/#organization"},"potentialAction":[{"@type":"SearchAction","target":{"@type":"EntryPoint","urlTemplate":"https:\/\/isve.com\/es\/?s={search_term_string}"},"query-input":{"@type":"PropertyValueSpecification","valueRequired":true,"valueName":"search_term_string"}}],"inLanguage":"es"},{"@type":"Organization","@id":"https:\/\/isve.com\/es\/#organization","name":"ISVE S.p.A.","url":"https:\/\/isve.com\/es\/","logo":{"@type":"ImageObject","inLanguage":"es","@id":"https:\/\/isve.com\/es\/#\/schema\/logo\/image\/","url":"https:\/\/isve.com\/wp-content\/uploads\/2026\/01\/logo-isve-spa.png","contentUrl":"https:\/\/isve.com\/wp-content\/uploads\/2026\/01\/logo-isve-spa.png","width":600,"height":173,"caption":"ISVE S.p.A."},"image":{"@id":"https:\/\/isve.com\/es\/#\/schema\/logo\/image\/"},"sameAs":["https:\/\/www.linkedin.com\/company\/69445471","https:\/\/www.youtube.com\/@isves.p.a.8894"]}]}},"_links":{"self":[{"href":"https:\/\/isve.com\/es\/wp-json\/wp\/v2\/pages\/14677","targetHints":{"allow":["GET"]}}],"collection":[{"href":"https:\/\/isve.com\/es\/wp-json\/wp\/v2\/pages"}],"about":[{"href":"https:\/\/isve.com\/es\/wp-json\/wp\/v2\/types\/page"}],"author":[{"embeddable":true,"href":"https:\/\/isve.com\/es\/wp-json\/wp\/v2\/users\/1"}],"replies":[{"embeddable":true,"href":"https:\/\/isve.com\/es\/wp-json\/wp\/v2\/comments?post=14677"}],"version-history":[{"count":0,"href":"https:\/\/isve.com\/es\/wp-json\/wp\/v2\/pages\/14677\/revisions"}],"up":[{"embeddable":true,"href":"https:\/\/isve.com\/es\/wp-json\/wp\/v2\/pages\/14671"}],"wp:featuredmedia":[{"embeddable":true,"href":"https:\/\/isve.com\/es\/wp-json\/wp\/v2\/media\/14367"}],"wp:attachment":[{"href":"https:\/\/isve.com\/es\/wp-json\/wp\/v2\/media?parent=14677"}],"wp:term":[{"taxonomy":"post_tag","embeddable":true,"href":"https:\/\/isve.com\/es\/wp-json\/wp\/v2\/tags?post=14677"},{"taxonomy":"impaginazione","embeddable":true,"href":"https:\/\/isve.com\/es\/wp-json\/wp\/v2\/impaginazione?post=14677"},{"taxonomy":"divisione","embeddable":true,"href":"https:\/\/isve.com\/es\/wp-json\/wp\/v2\/divisione?post=14677"},{"taxonomy":"categorie_modelli","embeddable":true,"href":"https:\/\/isve.com\/es\/wp-json\/wp\/v2\/categorie_modelli?post=14677"}],"curies":[{"name":"wp","href":"https:\/\/api.w.org\/{rel}","templated":true}]}}