{"id":14671,"date":"2019-12-12T10:55:12","date_gmt":"2019-12-12T09:55:12","guid":{"rendered":"https:\/\/isve.com\/secadores-madera-es-esc\/"},"modified":"2025-09-07T12:20:21","modified_gmt":"2025-09-07T10:20:21","slug":"secadores-madera-es-esc","status":"publish","type":"page","link":"https:\/\/isve.com\/es\/equipos-tratamiento-madera\/secadores-madera-es-esc\/","title":{"rendered":"Modelos &#8211; Secadores de madera serie ES-ESC"},"content":{"rendered":"\t\t<div data-elementor-type=\"wp-page\" data-elementor-id=\"14671\" class=\"elementor elementor-14671 elementor-14333\" data-elementor-post-type=\"page\">\n\t\t\t\t\t\t<section class=\"elementor-section elementor-top-section elementor-element elementor-element-a9c0583 elementor-section-boxed elementor-section-height-default elementor-section-height-default\" data-id=\"a9c0583\" data-element_type=\"section\" data-e-type=\"section\">\n\t\t\t\t\t\t<div class=\"elementor-container elementor-column-gap-default\">\n\t\t\t\t\t<div class=\"elementor-column elementor-col-100 elementor-top-column elementor-element elementor-element-ff70449\" data-id=\"ff70449\" data-element_type=\"column\" data-e-type=\"column\">\n\t\t\t<div class=\"elementor-widget-wrap elementor-element-populated\">\n\t\t\t\t\t\t<div class=\"elementor-element elementor-element-58569ebf elementor-widget elementor-widget-text-editor\" data-id=\"58569ebf\" data-element_type=\"widget\" data-e-type=\"widget\" data-widget_type=\"text-editor.default\">\n\t\t\t\t<div class=\"elementor-widget-container\">\n\t\t\t\t\t\t\t\t\t<p><strong>SECADORES SERIES ES Y ESC<\/strong> con calefacci\u00f3n por <strong>placas el\u00e9ctricas<\/strong> y <strong>agua caliente<\/strong>, adecuados para el tratamiento predominantemente de productos <strong>semiacabados de madera<\/strong>, donde se requiere la garant\u00eda de un perfecto resultado final con tiempos de secado r\u00e1pidos.<\/p><p>Con los desecadores al vacio modelo ESC-ES, que utilizan planchas calentadoras por PLC, es posible efectuar la desecacion de la madera garantizandole un <strong>elevado estandar de calidad<\/strong>. La serie incluye tanto <strong>mini-desecadores<\/strong> como <strong>desecadores con abertura vertical<\/strong> al igual que <strong>desecadores para grandes ebanisterias y comerciantes de madera<\/strong>.<\/p>\t\t\t\t\t\t\t\t<\/div>\n\t\t\t\t<\/div>\n\t\t\t\t<div class=\"elementor-element elementor-element-7a5d4c6 elementor-widget elementor-widget-spacer\" data-id=\"7a5d4c6\" data-element_type=\"widget\" data-e-type=\"widget\" data-widget_type=\"spacer.default\">\n\t\t\t\t<div class=\"elementor-widget-container\">\n\t\t\t\t\t\t\t<div class=\"elementor-spacer\">\n\t\t\t<div class=\"elementor-spacer-inner\"><\/div>\n\t\t<\/div>\n\t\t\t\t\t\t<\/div>\n\t\t\t\t<\/div>\n\t\t\t\t<div class=\"elementor-element elementor-element-e598b3c elementor-widget elementor-widget-heading\" data-id=\"e598b3c\" data-element_type=\"widget\" data-e-type=\"widget\" data-widget_type=\"heading.default\">\n\t\t\t\t<div class=\"elementor-widget-container\">\n\t\t\t\t\t<h2 class=\"elementor-heading-title elementor-size-default\">Modelos ES-ESC de secadores de vac\u00edo continuo para productos semiacabados de madera<\/h2>\t\t\t\t<\/div>\n\t\t\t\t<\/div>\n\t\t\t\t<div class=\"elementor-element elementor-element-9890e1b elementor-widget elementor-widget-spacer\" data-id=\"9890e1b\" data-element_type=\"widget\" data-e-type=\"widget\" data-widget_type=\"spacer.default\">\n\t\t\t\t<div class=\"elementor-widget-container\">\n\t\t\t\t\t\t\t<div class=\"elementor-spacer\">\n\t\t\t<div class=\"elementor-spacer-inner\"><\/div>\n\t\t<\/div>\n\t\t\t\t\t\t<\/div>\n\t\t\t\t<\/div>\n\t\t\t\t<div class=\"elementor-element elementor-element-114a841 elementor-grid-1 elementor-grid-tablet-1 elementor-posts--thumbnail-left elementor-grid-mobile-1 elementor-widget elementor-widget-posts\" data-id=\"114a841\" data-element_type=\"widget\" data-e-type=\"widget\" data-settings=\"{&quot;classic_columns&quot;:&quot;1&quot;,&quot;classic_columns_tablet&quot;:&quot;1&quot;,&quot;classic_columns_mobile&quot;:&quot;1&quot;,&quot;classic_row_gap&quot;:{&quot;unit&quot;:&quot;px&quot;,&quot;size&quot;:35,&quot;sizes&quot;:[]},&quot;classic_row_gap_tablet&quot;:{&quot;unit&quot;:&quot;px&quot;,&quot;size&quot;:&quot;&quot;,&quot;sizes&quot;:[]},&quot;classic_row_gap_mobile&quot;:{&quot;unit&quot;:&quot;px&quot;,&quot;size&quot;:&quot;&quot;,&quot;sizes&quot;:[]}}\" data-widget_type=\"posts.classic\">\n\t\t\t\t<div class=\"elementor-widget-container\">\n\t\t\t\t\t\t\t<div class=\"elementor-posts-container elementor-posts elementor-posts--skin-classic elementor-grid\" role=\"list\">\n\t\t\t\t<article class=\"elementor-post elementor-grid-item post-14674 page type-page status-publish has-post-thumbnail hentry impaginazione-modello-prodotto divisione-isve-wood categorie_modelli-essiccatoi-legno-es-esc description-off\" role=\"listitem\">\n\t\t\t\t<a class=\"elementor-post__thumbnail__link\" href=\"https:\/\/isve.com\/es\/equipos-tratamiento-madera\/secadores-madera-es-esc\/desecadores-modelo-es-junior-es2\/\" tabindex=\"-1\" >\n\t\t\t<div class=\"elementor-post__thumbnail\"><img fetchpriority=\"high\" decoding=\"async\" width=\"1024\" height=\"309\" src=\"https:\/\/isve.com\/wp-content\/uploads\/ES2L\/tt\/ES2Lettere-1024x309.jpg\" class=\"attachment-large size-large wp-image-14342\" alt=\"\" srcset=\"https:\/\/isve.com\/wp-content\/uploads\/ES2L\/tt\/ES2Lettere-1024x309.jpg 1024w, https:\/\/isve.com\/wp-content\/uploads\/ES2L\/tt\/ES2Lettere-600x181.jpg 600w, https:\/\/isve.com\/wp-content\/uploads\/ES2L\/tt\/ES2Lettere-768x232.jpg 768w, https:\/\/isve.com\/wp-content\/uploads\/ES2L\/tt\/ES2Lettere-1536x463.jpg 1536w, https:\/\/isve.com\/wp-content\/uploads\/ES2L\/tt\/ES2Lettere-1000x302.jpg 1000w, https:\/\/isve.com\/wp-content\/uploads\/ES2L\/tt\/ES2Lettere.jpg 1920w\" sizes=\"(max-width: 1024px) 100vw, 1024px\" \/><\/div>\n\t\t<\/a>\n\t\t\t\t<div class=\"elementor-post__text\">\n\t\t\t\t<h3 class=\"elementor-post__title\">\n\t\t\t<a href=\"https:\/\/isve.com\/es\/equipos-tratamiento-madera\/secadores-madera-es-esc\/desecadores-modelo-es-junior-es2\/\" >\n\t\t\t\tSecadores modelo ES Junior &#8211; ES2\t\t\t<\/a>\n\t\t<\/h3>\n\t\t\t\t<div class=\"elementor-post__excerpt\">\n\t\t\t<p>Mini secadores de vac\u00edo para el peque\u00f1o artesano Los secadores de vac\u00edo continuo serie ES Junior &#8211; ES2&nbsp; son mini desecadores ISVE tradicionalmente utilizados por el peque\u00f1o artesano.&nbsp; Estas instalaciones encierran toda la tecnolog\u00eda y la experiencia desarrollada en treintaa a\u00f1os de proyectos y de producci\u00f3n de instalaciones para el tratamiento de la madera. La instalaci\u00f3n, que funciona a bajas temperaturas, permite la evaporaci\u00f3n del agua contenida en la madera que hay que tratar sin someterla a saltos t\u00e9rmicos que podr\u00edan ocasionar fisuras y deformaciones. Gracias al agua evaporada de la madera en secado, las superficies del material se mantienen h\u00famedas, evitando que se formen peque\u00f1as grietas que se producen con otros sistemas de secado. El gradiente de humedad necesario<\/p>\n\t\t<\/div>\n\t\t\n\t\t<a class=\"elementor-post__read-more\" href=\"https:\/\/isve.com\/es\/equipos-tratamiento-madera\/secadores-madera-es-esc\/desecadores-modelo-es-junior-es2\/\" aria-label=\"Read more about Secadores modelo ES Junior &#8211; ES2\" tabindex=\"-1\" >\n\t\t\tM\u00e1s \u00bb\t\t<\/a>\n\n\t\t\t\t<\/div>\n\t\t\t\t<\/article>\n\t\t\t\t<article class=\"elementor-post elementor-grid-item post-14677 page type-page status-publish has-post-thumbnail hentry impaginazione-modello-prodotto divisione-isve-wood categorie_modelli-essiccatoi-legno-es-esc description-off\" role=\"listitem\">\n\t\t\t\t<a class=\"elementor-post__thumbnail__link\" href=\"https:\/\/isve.com\/es\/equipos-tratamiento-madera\/secadores-madera-es-esc\/desecadores-modelo-esc-de-apertura-vertical\/\" tabindex=\"-1\" >\n\t\t\t<div class=\"elementor-post__thumbnail\"><img decoding=\"async\" width=\"1024\" height=\"290\" src=\"https:\/\/isve.com\/wp-content\/uploads\/ESC-\/et\/ESC-lettere-1024x290.jpg\" class=\"attachment-large size-large wp-image-14367\" alt=\"\" srcset=\"https:\/\/isve.com\/wp-content\/uploads\/ESC-\/et\/ESC-lettere-1024x290.jpg 1024w, https:\/\/isve.com\/wp-content\/uploads\/ESC-\/et\/ESC-lettere-600x170.jpg 600w, https:\/\/isve.com\/wp-content\/uploads\/ESC-\/et\/ESC-lettere-768x217.jpg 768w, https:\/\/isve.com\/wp-content\/uploads\/ESC-\/et\/ESC-lettere-1536x434.jpg 1536w, https:\/\/isve.com\/wp-content\/uploads\/ESC-\/et\/ESC-lettere-1000x283.jpg 1000w, https:\/\/isve.com\/wp-content\/uploads\/ESC-\/et\/ESC-lettere.jpg 1920w\" sizes=\"(max-width: 1024px) 100vw, 1024px\" \/><\/div>\n\t\t<\/a>\n\t\t\t\t<div class=\"elementor-post__text\">\n\t\t\t\t<h3 class=\"elementor-post__title\">\n\t\t\t<a href=\"https:\/\/isve.com\/es\/equipos-tratamiento-madera\/secadores-madera-es-esc\/desecadores-modelo-esc-de-apertura-vertical\/\" >\n\t\t\t\tDesecadores modelo ESC de apertura vertical\t\t\t<\/a>\n\t\t<\/h3>\n\t\t\t\t<div class=\"elementor-post__excerpt\">\n\t\t\t<p>Secadora al vac\u00edo con APERTURA VERTICAL Los secadores de vac\u00edo cont\u00ednuo con APERTURA VERTICAL serie ESC, est\u00e1n especialmente indicados para talleres de carpinter\u00eda con problemas de espacio. La apertura vertical permite aprovechar la longitud del autoclave sin deber sacar el carro, reduciendo notablemente las dimensiones m\u00e1ximas. Para el peque\u00f1o artesano, ISVE tambi\u00e9n ofrece la serie ESC Junior y el mini secador de la serie ES Junior. &nbsp; M\u00e9todo de funcionamiento de los secadores de apertura vertical. La instalaci\u00f3n, que funciona a bajas temperaturas, permite la evaporaci\u00f3n del agua contenida en la madera que hay que tratar sin someterla a saltos t\u00e9rmicos que puedan causar fisuras y deformaciones. Gracias al agua evaporada de la madera en secado, las superficies del material<\/p>\n\t\t<\/div>\n\t\t\n\t\t<a class=\"elementor-post__read-more\" href=\"https:\/\/isve.com\/es\/equipos-tratamiento-madera\/secadores-madera-es-esc\/desecadores-modelo-esc-de-apertura-vertical\/\" aria-label=\"Read more about Desecadores modelo ESC de apertura vertical\" tabindex=\"-1\" >\n\t\t\tM\u00e1s \u00bb\t\t<\/a>\n\n\t\t\t\t<\/div>\n\t\t\t\t<\/article>\n\t\t\t\t<article class=\"elementor-post elementor-grid-item post-14680 page type-page status-publish has-post-thumbnail hentry impaginazione-modello-prodotto divisione-isve-wood categorie_modelli-essiccatoi-legno-es-esc description-off\" role=\"listitem\">\n\t\t\t\t<a class=\"elementor-post__thumbnail__link\" href=\"https:\/\/isve.com\/es\/equipos-tratamiento-madera\/secadores-madera-es-esc\/desecadores-modelo-es-de-grande-capacidad\/\" tabindex=\"-1\" >\n\t\t\t<div class=\"elementor-post__thumbnail\"><img decoding=\"async\" width=\"1024\" height=\"261\" src=\"https:\/\/isve.com\/wp-content\/uploads\/ES-D\/me\/ES-Dimensioni_web_1-1024x261.jpg\" class=\"attachment-large size-large wp-image-14400\" alt=\"\" srcset=\"https:\/\/isve.com\/wp-content\/uploads\/ES-D\/me\/ES-Dimensioni_web_1-1024x261.jpg 1024w, https:\/\/isve.com\/wp-content\/uploads\/ES-D\/me\/ES-Dimensioni_web_1-600x153.jpg 600w, https:\/\/isve.com\/wp-content\/uploads\/ES-D\/me\/ES-Dimensioni_web_1-768x196.jpg 768w, https:\/\/isve.com\/wp-content\/uploads\/ES-D\/me\/ES-Dimensioni_web_1-1536x391.jpg 1536w, https:\/\/isve.com\/wp-content\/uploads\/ES-D\/me\/ES-Dimensioni_web_1-1000x255.jpg 1000w, https:\/\/isve.com\/wp-content\/uploads\/ES-D\/me\/ES-Dimensioni_web_1.jpg 1920w\" sizes=\"(max-width: 1024px) 100vw, 1024px\" \/><\/div>\n\t\t<\/a>\n\t\t\t\t<div class=\"elementor-post__text\">\n\t\t\t\t<h3 class=\"elementor-post__title\">\n\t\t\t<a href=\"https:\/\/isve.com\/es\/equipos-tratamiento-madera\/secadores-madera-es-esc\/desecadores-modelo-es-de-grande-capacidad\/\" >\n\t\t\t\tDesecadores modelo ES de grande capacidad\t\t\t<\/a>\n\t\t<\/h3>\n\t\t\t\t<div class=\"elementor-post__excerpt\">\n\t\t\t<p>Secadores de vac\u00edo continuo ES Los desecadores de vac\u00edo cont\u00ednuo serie ES con capacidad de 3 a 25 m3 est\u00e1n&nbsp;indicados para grandes carpinterias&nbsp;o para comerciantes de madera que buscan la calidad del secado unida a una elevada productividad. Estas instalaciones encierran toda la tecnolog\u00eda y la experiencia desarrollada en veinte a\u00f1os de proyectos y de producci\u00f3n de instalaciones para el tratamiento de la madera. \u00bfProblemas de espacio en la empresa? \u00bfNecesidades de producci\u00f3n limitadas? Para estos profesionales, ISVE ha desarrollado los secadores de apertura vertical ES Junior y ESC. &nbsp; Caracter\u00edsticas principales Autoclave:- de acero pintado con productos epox\u00eddicos para el tratamiento de las esencias le\u00f1osas sin tanino; &#8211; de acero inoxidable AISI 304 para el secado de maderas que<\/p>\n\t\t<\/div>\n\t\t\n\t\t<a class=\"elementor-post__read-more\" href=\"https:\/\/isve.com\/es\/equipos-tratamiento-madera\/secadores-madera-es-esc\/desecadores-modelo-es-de-grande-capacidad\/\" aria-label=\"Read more about Desecadores modelo ES de grande capacidad\" tabindex=\"-1\" >\n\t\t\tM\u00e1s \u00bb\t\t<\/a>\n\n\t\t\t\t<\/div>\n\t\t\t\t<\/article>\n\t\t\t\t<\/div>\n\t\t\n\t\t\t\t\t\t<\/div>\n\t\t\t\t<\/div>\n\t\t\t\t<div class=\"elementor-element elementor-element-806352f elementor-widget elementor-widget-spacer\" data-id=\"806352f\" data-element_type=\"widget\" data-e-type=\"widget\" data-widget_type=\"spacer.default\">\n\t\t\t\t<div class=\"elementor-widget-container\">\n\t\t\t\t\t\t\t<div class=\"elementor-spacer\">\n\t\t\t<div class=\"elementor-spacer-inner\"><\/div>\n\t\t<\/div>\n\t\t\t\t\t\t<\/div>\n\t\t\t\t<\/div>\n\t\t\t\t<div class=\"elementor-element elementor-element-147f8d5 elementor-widget elementor-widget-image\" data-id=\"147f8d5\" data-element_type=\"widget\" data-e-type=\"widget\" data-widget_type=\"image.default\">\n\t\t\t\t<div class=\"elementor-widget-container\">\n\t\t\t\t\t\t\t\t\t\t\t\t\t\t\t<img loading=\"lazy\" decoding=\"async\" width=\"1920\" height=\"798\" src=\"https:\/\/isve.com\/wp-content\/uploads\/2025\/09\/essiccatore-es.jpg\" class=\"attachment-full size-full wp-image-26411\" alt=\"\" srcset=\"https:\/\/isve.com\/wp-content\/uploads\/2025\/09\/essiccatore-es.jpg 1920w, https:\/\/isve.com\/wp-content\/uploads\/2025\/09\/essiccatore-es-600x249.jpg 600w, https:\/\/isve.com\/wp-content\/uploads\/2025\/09\/essiccatore-es-1024x426.jpg 1024w, https:\/\/isve.com\/wp-content\/uploads\/2025\/09\/essiccatore-es-768x319.jpg 768w, https:\/\/isve.com\/wp-content\/uploads\/2025\/09\/essiccatore-es-1536x638.jpg 1536w\" sizes=\"(max-width: 1920px) 100vw, 1920px\" \/>\t\t\t\t\t\t\t\t\t\t\t\t\t\t\t<\/div>\n\t\t\t\t<\/div>\n\t\t\t\t\t<\/div>\n\t\t<\/div>\n\t\t\t\t\t<\/div>\n\t\t<\/section>\n\t\t\t\t<\/div>\n\t\t","protected":false},"excerpt":{"rendered":"<p>SECADORES SERIES ES Y ESC con calefacci\u00f3n por placas el\u00e9ctricas y agua caliente, adecuados para el tratamiento predominantemente de productos semiacabados de madera, donde se requiere la garant\u00eda de un perfecto resultado final con tiempos de secado r\u00e1pidos. Con los desecadores al vacio modelo ESC-ES, que utilizan planchas calentadoras por PLC, es posible efectuar la&hellip;<\/p>\n","protected":false},"author":1,"featured_media":14334,"parent":15968,"menu_order":219,"comment_status":"closed","ping_status":"closed","template":"","meta":{"_acf_changed":false,"footnotes":""},"tags":[],"impaginazione":[],"divisione":[3690],"categorie_modelli":[],"class_list":["post-14671","page","type-page","status-publish","has-post-thumbnail","hentry","divisione-isve-wood","description-off"],"acf":[],"yoast_head":"<!-- This site is optimized with the Yoast SEO plugin v27.4 - https:\/\/yoast.com\/product\/yoast-seo-wordpress\/ -->\n<title>Modelos - Secadores de madera serie ES-ESC - ISVE SpA - Tratamiento madera - Reciclaje - Molinos Trituradoras<\/title>\n<meta name=\"robots\" content=\"index, follow, max-snippet:-1, max-image-preview:large, max-video-preview:-1\" \/>\n<link rel=\"canonical\" href=\"https:\/\/isve.com\/es\/equipos-tratamiento-madera\/secadores-madera-es-esc\/\" \/>\n<meta property=\"og:locale\" content=\"es_ES\" \/>\n<meta property=\"og:type\" content=\"article\" \/>\n<meta property=\"og:title\" content=\"Modelos - Secadores de madera serie ES-ESC - ISVE SpA - Tratamiento madera - Reciclaje - Molinos Trituradoras\" \/>\n<meta property=\"og:description\" content=\"SECADORES SERIES ES Y ESC con calefacci\u00f3n por placas el\u00e9ctricas y agua caliente, adecuados para el tratamiento predominantemente de productos semiacabados de madera, donde se requiere la garant\u00eda de un perfecto resultado final con tiempos de secado r\u00e1pidos. Con los desecadores al vacio modelo ESC-ES, que utilizan planchas calentadoras por PLC, es posible efectuar la&hellip;\" \/>\n<meta property=\"og:url\" content=\"https:\/\/isve.com\/es\/equipos-tratamiento-madera\/secadores-madera-es-esc\/\" \/>\n<meta property=\"og:site_name\" content=\"ISVE SpA - Tratamiento madera - Reciclaje - Molinos Trituradoras\" \/>\n<meta property=\"article:modified_time\" content=\"2025-09-07T10:20:21+00:00\" \/>\n<meta property=\"og:image\" content=\"https:\/\/isve.com\/wp-content\/uploads\/essi\/ca\/essiccatoi_serie-es-esc_larga2.jpg\" \/>\n\t<meta property=\"og:image:width\" content=\"1600\" \/>\n\t<meta property=\"og:image:height\" content=\"592\" \/>\n\t<meta property=\"og:image:type\" content=\"image\/jpeg\" \/>\n<meta name=\"twitter:card\" content=\"summary_large_image\" \/>\n<meta name=\"twitter:label1\" content=\"Tiempo de lectura\" \/>\n\t<meta name=\"twitter:data1\" content=\"1 minuto\" \/>\n<script type=\"application\/ld+json\" class=\"yoast-schema-graph\">{\"@context\":\"https:\\\/\\\/schema.org\",\"@graph\":[{\"@type\":\"WebPage\",\"@id\":\"https:\\\/\\\/isve.com\\\/es\\\/equipos-tratamiento-madera\\\/secadores-madera-es-esc\\\/\",\"url\":\"https:\\\/\\\/isve.com\\\/es\\\/equipos-tratamiento-madera\\\/secadores-madera-es-esc\\\/\",\"name\":\"Modelos - Secadores de madera serie ES-ESC - ISVE SpA - Tratamiento madera - Reciclaje - Molinos Trituradoras\",\"isPartOf\":{\"@id\":\"https:\\\/\\\/isve.com\\\/es\\\/#website\"},\"primaryImageOfPage\":{\"@id\":\"https:\\\/\\\/isve.com\\\/es\\\/equipos-tratamiento-madera\\\/secadores-madera-es-esc\\\/#primaryimage\"},\"image\":{\"@id\":\"https:\\\/\\\/isve.com\\\/es\\\/equipos-tratamiento-madera\\\/secadores-madera-es-esc\\\/#primaryimage\"},\"thumbnailUrl\":\"https:\\\/\\\/isve.com\\\/wp-content\\\/uploads\\\/essi\\\/ca\\\/essiccatoi_serie-es-esc_larga2.jpg\",\"datePublished\":\"2019-12-12T09:55:12+00:00\",\"dateModified\":\"2025-09-07T10:20:21+00:00\",\"breadcrumb\":{\"@id\":\"https:\\\/\\\/isve.com\\\/es\\\/equipos-tratamiento-madera\\\/secadores-madera-es-esc\\\/#breadcrumb\"},\"inLanguage\":\"es\",\"potentialAction\":[{\"@type\":\"ReadAction\",\"target\":[\"https:\\\/\\\/isve.com\\\/es\\\/equipos-tratamiento-madera\\\/secadores-madera-es-esc\\\/\"]}]},{\"@type\":\"ImageObject\",\"inLanguage\":\"es\",\"@id\":\"https:\\\/\\\/isve.com\\\/es\\\/equipos-tratamiento-madera\\\/secadores-madera-es-esc\\\/#primaryimage\",\"url\":\"https:\\\/\\\/isve.com\\\/wp-content\\\/uploads\\\/essi\\\/ca\\\/essiccatoi_serie-es-esc_larga2.jpg\",\"contentUrl\":\"https:\\\/\\\/isve.com\\\/wp-content\\\/uploads\\\/essi\\\/ca\\\/essiccatoi_serie-es-esc_larga2.jpg\",\"width\":1600,\"height\":592},{\"@type\":\"BreadcrumbList\",\"@id\":\"https:\\\/\\\/isve.com\\\/es\\\/equipos-tratamiento-madera\\\/secadores-madera-es-esc\\\/#breadcrumb\",\"itemListElement\":[{\"@type\":\"ListItem\",\"position\":1,\"name\":\"Home\",\"item\":\"https:\\\/\\\/isve.com\\\/es\\\/\"},{\"@type\":\"ListItem\",\"position\":2,\"name\":\"Tratamiento de la Madera\",\"item\":\"https:\\\/\\\/isve.com\\\/es\\\/equipos-tratamiento-madera\\\/\"},{\"@type\":\"ListItem\",\"position\":3,\"name\":\"Modelos &#8211; Secadores de madera serie ES-ESC\"}]},{\"@type\":\"WebSite\",\"@id\":\"https:\\\/\\\/isve.com\\\/es\\\/#website\",\"url\":\"https:\\\/\\\/isve.com\\\/es\\\/\",\"name\":\"ISVE S.p.A.\",\"description\":\"Sistemas para tratamiento de madera y para trituraci\u00f3n moler granulaci\u00f3n\",\"publisher\":{\"@id\":\"https:\\\/\\\/isve.com\\\/es\\\/#organization\"},\"potentialAction\":[{\"@type\":\"SearchAction\",\"target\":{\"@type\":\"EntryPoint\",\"urlTemplate\":\"https:\\\/\\\/isve.com\\\/es\\\/?s={search_term_string}\"},\"query-input\":{\"@type\":\"PropertyValueSpecification\",\"valueRequired\":true,\"valueName\":\"search_term_string\"}}],\"inLanguage\":\"es\"},{\"@type\":\"Organization\",\"@id\":\"https:\\\/\\\/isve.com\\\/es\\\/#organization\",\"name\":\"ISVE S.p.A.\",\"url\":\"https:\\\/\\\/isve.com\\\/es\\\/\",\"logo\":{\"@type\":\"ImageObject\",\"inLanguage\":\"es\",\"@id\":\"https:\\\/\\\/isve.com\\\/es\\\/#\\\/schema\\\/logo\\\/image\\\/\",\"url\":\"https:\\\/\\\/isve.com\\\/wp-content\\\/uploads\\\/2026\\\/01\\\/logo-isve-spa.png\",\"contentUrl\":\"https:\\\/\\\/isve.com\\\/wp-content\\\/uploads\\\/2026\\\/01\\\/logo-isve-spa.png\",\"width\":600,\"height\":173,\"caption\":\"ISVE S.p.A.\"},\"image\":{\"@id\":\"https:\\\/\\\/isve.com\\\/es\\\/#\\\/schema\\\/logo\\\/image\\\/\"},\"sameAs\":[\"https:\\\/\\\/www.linkedin.com\\\/company\\\/69445471\",\"https:\\\/\\\/www.youtube.com\\\/@isves.p.a.8894\"]}]}<\/script>\n<!-- \/ Yoast SEO plugin. -->","yoast_head_json":{"title":"Modelos - Secadores de madera serie ES-ESC - ISVE SpA - Tratamiento madera - Reciclaje - Molinos Trituradoras","robots":{"index":"index","follow":"follow","max-snippet":"max-snippet:-1","max-image-preview":"max-image-preview:large","max-video-preview":"max-video-preview:-1"},"canonical":"https:\/\/isve.com\/es\/equipos-tratamiento-madera\/secadores-madera-es-esc\/","og_locale":"es_ES","og_type":"article","og_title":"Modelos - Secadores de madera serie ES-ESC - ISVE SpA - Tratamiento madera - Reciclaje - Molinos Trituradoras","og_description":"SECADORES SERIES ES Y ESC con calefacci\u00f3n por placas el\u00e9ctricas y agua caliente, adecuados para el tratamiento predominantemente de productos semiacabados de madera, donde se requiere la garant\u00eda de un perfecto resultado final con tiempos de secado r\u00e1pidos. Con los desecadores al vacio modelo ESC-ES, que utilizan planchas calentadoras por PLC, es posible efectuar la&hellip;","og_url":"https:\/\/isve.com\/es\/equipos-tratamiento-madera\/secadores-madera-es-esc\/","og_site_name":"ISVE SpA - Tratamiento madera - Reciclaje - Molinos Trituradoras","article_modified_time":"2025-09-07T10:20:21+00:00","og_image":[{"width":1600,"height":592,"url":"https:\/\/isve.com\/wp-content\/uploads\/essi\/ca\/essiccatoi_serie-es-esc_larga2.jpg","type":"image\/jpeg"}],"twitter_card":"summary_large_image","twitter_misc":{"Tiempo de lectura":"1 minuto"},"schema":{"@context":"https:\/\/schema.org","@graph":[{"@type":"WebPage","@id":"https:\/\/isve.com\/es\/equipos-tratamiento-madera\/secadores-madera-es-esc\/","url":"https:\/\/isve.com\/es\/equipos-tratamiento-madera\/secadores-madera-es-esc\/","name":"Modelos - Secadores de madera serie ES-ESC - ISVE SpA - Tratamiento madera - Reciclaje - Molinos Trituradoras","isPartOf":{"@id":"https:\/\/isve.com\/es\/#website"},"primaryImageOfPage":{"@id":"https:\/\/isve.com\/es\/equipos-tratamiento-madera\/secadores-madera-es-esc\/#primaryimage"},"image":{"@id":"https:\/\/isve.com\/es\/equipos-tratamiento-madera\/secadores-madera-es-esc\/#primaryimage"},"thumbnailUrl":"https:\/\/isve.com\/wp-content\/uploads\/essi\/ca\/essiccatoi_serie-es-esc_larga2.jpg","datePublished":"2019-12-12T09:55:12+00:00","dateModified":"2025-09-07T10:20:21+00:00","breadcrumb":{"@id":"https:\/\/isve.com\/es\/equipos-tratamiento-madera\/secadores-madera-es-esc\/#breadcrumb"},"inLanguage":"es","potentialAction":[{"@type":"ReadAction","target":["https:\/\/isve.com\/es\/equipos-tratamiento-madera\/secadores-madera-es-esc\/"]}]},{"@type":"ImageObject","inLanguage":"es","@id":"https:\/\/isve.com\/es\/equipos-tratamiento-madera\/secadores-madera-es-esc\/#primaryimage","url":"https:\/\/isve.com\/wp-content\/uploads\/essi\/ca\/essiccatoi_serie-es-esc_larga2.jpg","contentUrl":"https:\/\/isve.com\/wp-content\/uploads\/essi\/ca\/essiccatoi_serie-es-esc_larga2.jpg","width":1600,"height":592},{"@type":"BreadcrumbList","@id":"https:\/\/isve.com\/es\/equipos-tratamiento-madera\/secadores-madera-es-esc\/#breadcrumb","itemListElement":[{"@type":"ListItem","position":1,"name":"Home","item":"https:\/\/isve.com\/es\/"},{"@type":"ListItem","position":2,"name":"Tratamiento de la Madera","item":"https:\/\/isve.com\/es\/equipos-tratamiento-madera\/"},{"@type":"ListItem","position":3,"name":"Modelos &#8211; Secadores de madera serie ES-ESC"}]},{"@type":"WebSite","@id":"https:\/\/isve.com\/es\/#website","url":"https:\/\/isve.com\/es\/","name":"ISVE S.p.A.","description":"Sistemas para tratamiento de madera y para trituraci\u00f3n moler granulaci\u00f3n","publisher":{"@id":"https:\/\/isve.com\/es\/#organization"},"potentialAction":[{"@type":"SearchAction","target":{"@type":"EntryPoint","urlTemplate":"https:\/\/isve.com\/es\/?s={search_term_string}"},"query-input":{"@type":"PropertyValueSpecification","valueRequired":true,"valueName":"search_term_string"}}],"inLanguage":"es"},{"@type":"Organization","@id":"https:\/\/isve.com\/es\/#organization","name":"ISVE S.p.A.","url":"https:\/\/isve.com\/es\/","logo":{"@type":"ImageObject","inLanguage":"es","@id":"https:\/\/isve.com\/es\/#\/schema\/logo\/image\/","url":"https:\/\/isve.com\/wp-content\/uploads\/2026\/01\/logo-isve-spa.png","contentUrl":"https:\/\/isve.com\/wp-content\/uploads\/2026\/01\/logo-isve-spa.png","width":600,"height":173,"caption":"ISVE S.p.A."},"image":{"@id":"https:\/\/isve.com\/es\/#\/schema\/logo\/image\/"},"sameAs":["https:\/\/www.linkedin.com\/company\/69445471","https:\/\/www.youtube.com\/@isves.p.a.8894"]}]}},"_links":{"self":[{"href":"https:\/\/isve.com\/es\/wp-json\/wp\/v2\/pages\/14671","targetHints":{"allow":["GET"]}}],"collection":[{"href":"https:\/\/isve.com\/es\/wp-json\/wp\/v2\/pages"}],"about":[{"href":"https:\/\/isve.com\/es\/wp-json\/wp\/v2\/types\/page"}],"author":[{"embeddable":true,"href":"https:\/\/isve.com\/es\/wp-json\/wp\/v2\/users\/1"}],"replies":[{"embeddable":true,"href":"https:\/\/isve.com\/es\/wp-json\/wp\/v2\/comments?post=14671"}],"version-history":[{"count":3,"href":"https:\/\/isve.com\/es\/wp-json\/wp\/v2\/pages\/14671\/revisions"}],"predecessor-version":[{"id":26446,"href":"https:\/\/isve.com\/es\/wp-json\/wp\/v2\/pages\/14671\/revisions\/26446"}],"up":[{"embeddable":true,"href":"https:\/\/isve.com\/es\/wp-json\/wp\/v2\/pages\/15968"}],"wp:featuredmedia":[{"embeddable":true,"href":"https:\/\/isve.com\/es\/wp-json\/wp\/v2\/media\/14334"}],"wp:attachment":[{"href":"https:\/\/isve.com\/es\/wp-json\/wp\/v2\/media?parent=14671"}],"wp:term":[{"taxonomy":"post_tag","embeddable":true,"href":"https:\/\/isve.com\/es\/wp-json\/wp\/v2\/tags?post=14671"},{"taxonomy":"impaginazione","embeddable":true,"href":"https:\/\/isve.com\/es\/wp-json\/wp\/v2\/impaginazione?post=14671"},{"taxonomy":"divisione","embeddable":true,"href":"https:\/\/isve.com\/es\/wp-json\/wp\/v2\/divisione?post=14671"},{"taxonomy":"categorie_modelli","embeddable":true,"href":"https:\/\/isve.com\/es\/wp-json\/wp\/v2\/categorie_modelli?post=14671"}],"curies":[{"name":"wp","href":"https:\/\/api.w.org\/{rel}","templated":true}]}}